{"id":25108,"date":"2024-12-13T13:37:37","date_gmt":"2024-12-13T13:37:37","guid":{"rendered":"https:\/\/geekvapor.com\/?post_type=product&#038;p=25108"},"modified":"2025-01-11T11:03:52","modified_gmt":"2025-01-11T11:03:52","slug":"melt-x-packman-vape-kit-2ml-disposable-cart-2g-280mah","status":"publish","type":"product","link":"https:\/\/geekvapor.com\/sv\/product\/melt-x-packman-vape-kit-2ml-disposable-cart-2g-280mah\/","title":{"rendered":"Melt X Packman Vape Kit 2ML Eng\u00e5ngsvagn 2g 280mAh"},"content":{"rendered":"<h2 class=\"font-bold text-h3 leading-[40px] pt-[21px] pb-[2px] [&amp;_a]:underline-offset-[6px] [&amp;_.underline]:underline-offset-[6px]\" dir=\"ltr\" style=\"text-align: center;\"><span style=\"color: #83b828;\">Melt X Packman Vape Kit Disposable Cart (Empty<\/span><span style=\"color: #83b828;\">)<\/span><\/h2>\n<p>Melt X Packman Vape Kit Disposable Cart (Empty) combines convenience and quality for vaping enthusiasts. Features a 2mL capacity, 280mAh battery, food-grade mouthpiece, dual air vents for clog-free use, and inhale activation. Choose from 10 flavors, with Type-C charging and customization available!<\/p>\n<h3 class=\"font-bold text-h3 leading-[40px] pt-[21px] pb-[2px] [&amp;_a]:underline-offset-[6px] [&amp;_.underline]:underline-offset-[6px]\" dir=\"ltr\">Features<\/h3>\n<ul>\n<li><strong>Brand Name:<\/strong>Packman<\/li>\n<li><strong>Flavor:<\/strong>Choice of 10 flavors<\/li>\n<li><strong>Oil Capacity:<\/strong> 2.0mL\uff082g\uff09<\/li>\n<li><strong>Battery:<\/strong> 280mah<\/li>\n<li><strong>Intake Oil Hole\uff1a<\/strong>4*1.6mm<\/li>\n<li><strong>Resistance\uff1a<\/strong>1.4ohms<\/li>\n<li><strong>Charger\uff1a<\/strong>Type-C<\/li>\n<li><strong>Packaging\uff1a<\/strong>Vape Pen+Master Box+Count Box+Small Box+Stickers<\/li>\n<li><strong>Advantages\uff1a<\/strong>Clog free dual air vents,Inhale activated,Food grade mouthpiece,Medical-grade stainless steel center post,Available for customization<\/li>\n<\/ul>\n","protected":false},"excerpt":{"rendered":"<ul>\n<li>10 smaker<\/li>\n<li>2,0 ml (2 g)<\/li>\n<li>Batteri: 280mah<\/li>\n<li>F\u00f6rdelar<\/li>\n<\/ul>","protected":false},"featured_media":27985,"comment_status":"open","ping_status":"closed","template":"","meta":[],"product_brand":[],"product_cat":[267,283],"product_tag":[],"class_list":{"0":"post-25108","1":"product","2":"type-product","3":"status-publish","4":"has-post-thumbnail","6":"product_cat-vape-kits","7":"product_cat-2-0ml-oil-capacity","9":"first","10":"instock","11":"shipping-taxable","12":"purchasable","13":"product-type-variable"},"yoast_head":"<!-- This site is optimized with the Yoast SEO Premium plugin v24.0 (Yoast SEO v26.0) - https:\/\/yoast.com\/wordpress\/plugins\/seo\/ -->\n<title>Melt X Packman Vape Kit 2ML Disposable Cart 2g 280mAh | geekvapor<\/title>\n<meta name=\"description\" content=\"Discover the Melt X Packman kit Disposable Vape Cart. Enjoy 10 flavors, 2mL capacity, clog-free vents, and Type-C charging. Customizable and ready to vape!\" \/>\n<meta name=\"robots\" content=\"index, follow, max-snippet:-1, max-image-preview:large, max-video-preview:-1\" \/>\n<link rel=\"canonical\" href=\"https:\/\/geekvapor.com\/sv\/product\/melt-x-packman-vape-kit-2ml-disposable-cart-2g-280mah\/\" \/>\n<meta property=\"og:locale\" content=\"sv_SE\" \/>\n<meta property=\"og:type\" content=\"article\" \/>\n<meta property=\"og:title\" content=\"Melt X Packman Vape Kit 2ML Disposable Cart 2g 280mAh\" \/>\n<meta property=\"og:description\" content=\"Discover the Melt X Packman kit Disposable Vape Cart. Enjoy 10 flavors, 2mL capacity, clog-free vents, and Type-C charging. Customizable and ready to vape!\" \/>\n<meta property=\"og:url\" content=\"https:\/\/geekvapor.com\/sv\/product\/melt-x-packman-vape-kit-2ml-disposable-cart-2g-280mah\/\" \/>\n<meta property=\"og:site_name\" content=\"geekvapor\" \/>\n<meta property=\"article:modified_time\" content=\"2025-01-11T11:03:52+00:00\" \/>\n<meta property=\"og:image\" content=\"https:\/\/geekvapor.com\/wp-content\/uploads\/2024\/12\/Melt-X-Packman-Vape-Kit-2ML-Disposable-Cart-2g-280mAh-1.webp\" \/>\n\t<meta property=\"og:image:width\" content=\"800\" \/>\n\t<meta property=\"og:image:height\" content=\"800\" \/>\n\t<meta property=\"og:image:type\" content=\"image\/webp\" \/>\n<meta name=\"twitter:card\" content=\"summary_large_image\" \/>\n<meta name=\"twitter:label1\" content=\"Ber\u00e4knad l\u00e4stid\" \/>\n\t<meta name=\"twitter:data1\" content=\"1 minut\" \/>\n<script type=\"application\/ld+json\" class=\"yoast-schema-graph\">{\"@context\":\"https:\/\/schema.org\",\"@graph\":[{\"@type\":\"WebPage\",\"@id\":\"https:\/\/geekvapor.com\/product\/melt-x-packman-vape-kit-2ml-disposable-cart-2g-280mah\/\",\"url\":\"https:\/\/geekvapor.com\/product\/melt-x-packman-vape-kit-2ml-disposable-cart-2g-280mah\/\",\"name\":\"Melt X Packman Vape Kit 2ML Disposable Cart 2g 280mAh | geekvapor\",\"isPartOf\":{\"@id\":\"https:\/\/geekvapor.com\/#website\"},\"primaryImageOfPage\":{\"@id\":\"https:\/\/geekvapor.com\/product\/melt-x-packman-vape-kit-2ml-disposable-cart-2g-280mah\/#primaryimage\"},\"image\":{\"@id\":\"https:\/\/geekvapor.com\/product\/melt-x-packman-vape-kit-2ml-disposable-cart-2g-280mah\/#primaryimage\"},\"thumbnailUrl\":\"https:\/\/geekvapor.com\/wp-content\/uploads\/2024\/12\/Melt-X-Packman-Vape-Kit-2ML-Disposable-Cart-2g-280mAh-1.webp\",\"datePublished\":\"2024-12-13T13:37:37+00:00\",\"dateModified\":\"2025-01-11T11:03:52+00:00\",\"description\":\"Discover the Melt X Packman kit Disposable Vape Cart. Enjoy 10 flavors, 2mL capacity, clog-free vents, and Type-C charging. Customizable and ready to vape!\",\"breadcrumb\":{\"@id\":\"https:\/\/geekvapor.com\/product\/melt-x-packman-vape-kit-2ml-disposable-cart-2g-280mah\/#breadcrumb\"},\"inLanguage\":\"sv-SE\",\"potentialAction\":[{\"@type\":\"ReadAction\",\"target\":[\"https:\/\/geekvapor.com\/product\/melt-x-packman-vape-kit-2ml-disposable-cart-2g-280mah\/\"]}]},{\"@type\":\"ImageObject\",\"inLanguage\":\"sv-SE\",\"@id\":\"https:\/\/geekvapor.com\/product\/melt-x-packman-vape-kit-2ml-disposable-cart-2g-280mah\/#primaryimage\",\"url\":\"https:\/\/geekvapor.com\/wp-content\/uploads\/2024\/12\/Melt-X-Packman-Vape-Kit-2ML-Disposable-Cart-2g-280mAh-1.webp\",\"contentUrl\":\"https:\/\/geekvapor.com\/wp-content\/uploads\/2024\/12\/Melt-X-Packman-Vape-Kit-2ML-Disposable-Cart-2g-280mAh-1.webp\",\"width\":800,\"height\":800,\"caption\":\"Melt X Packman Vape Kit 2ML Disposable Cart 2g 280mAh #1\"},{\"@type\":\"BreadcrumbList\",\"@id\":\"https:\/\/geekvapor.com\/product\/melt-x-packman-vape-kit-2ml-disposable-cart-2g-280mah\/#breadcrumb\",\"itemListElement\":[{\"@type\":\"ListItem\",\"position\":1,\"name\":\"\u9996\u9875\",\"item\":\"https:\/\/geekvapor.com\/\"},{\"@type\":\"ListItem\",\"position\":2,\"name\":\"Shop\",\"item\":\"https:\/\/geekvapor.com\/shop\/\"},{\"@type\":\"ListItem\",\"position\":3,\"name\":\"Melt X Packman Vape Kit 2ML Disposable Cart 2g 280mAh\"}]},{\"@type\":\"WebSite\",\"@id\":\"https:\/\/geekvapor.com\/#website\",\"url\":\"https:\/\/geekvapor.com\/\",\"name\":\"geekvapor\",\"description\":\"\",\"potentialAction\":[{\"@type\":\"SearchAction\",\"target\":{\"@type\":\"EntryPoint\",\"urlTemplate\":\"https:\/\/geekvapor.com\/?s={search_term_string}\"},\"query-input\":{\"@type\":\"PropertyValueSpecification\",\"valueRequired\":true,\"valueName\":\"search_term_string\"}}],\"inLanguage\":\"sv-SE\"}]}<\/script>\n<!-- \/ Yoast SEO Premium plugin. -->","yoast_head_json":{"title":"Melt X Packman Vape Kit 2ML eng\u00e5ngsvagn 2g 280mAh | geekvapor","description":"Uppt\u00e4ck Melt X Packman kit Vape Cart f\u00f6r eng\u00e5ngsbruk. Njut av 10 smaker, 2 ml kapacitet, igens\u00e4ttningsfria ventiler och typ C-laddning. Anpassningsbar och redo att vape!","robots":{"index":"index","follow":"follow","max-snippet":"max-snippet:-1","max-image-preview":"max-image-preview:large","max-video-preview":"max-video-preview:-1"},"canonical":"https:\/\/geekvapor.com\/sv\/product\/melt-x-packman-vape-kit-2ml-disposable-cart-2g-280mah\/","og_locale":"sv_SE","og_type":"article","og_title":"Melt X Packman Vape Kit 2ML Disposable Cart 2g 280mAh","og_description":"Discover the Melt X Packman kit Disposable Vape Cart. Enjoy 10 flavors, 2mL capacity, clog-free vents, and Type-C charging. Customizable and ready to vape!","og_url":"https:\/\/geekvapor.com\/sv\/product\/melt-x-packman-vape-kit-2ml-disposable-cart-2g-280mah\/","og_site_name":"geekvapor","article_modified_time":"2025-01-11T11:03:52+00:00","og_image":[{"width":800,"height":800,"url":"https:\/\/geekvapor.com\/wp-content\/uploads\/2024\/12\/Melt-X-Packman-Vape-Kit-2ML-Disposable-Cart-2g-280mAh-1.webp","type":"image\/webp"}],"twitter_card":"summary_large_image","twitter_misc":{"Ber\u00e4knad l\u00e4stid":"1 minut"},"schema":{"@context":"https:\/\/schema.org","@graph":[{"@type":"WebPage","@id":"https:\/\/geekvapor.com\/product\/melt-x-packman-vape-kit-2ml-disposable-cart-2g-280mah\/","url":"https:\/\/geekvapor.com\/product\/melt-x-packman-vape-kit-2ml-disposable-cart-2g-280mah\/","name":"Melt X Packman Vape Kit 2ML eng\u00e5ngsvagn 2g 280mAh | geekvapor","isPartOf":{"@id":"https:\/\/geekvapor.com\/#website"},"primaryImageOfPage":{"@id":"https:\/\/geekvapor.com\/product\/melt-x-packman-vape-kit-2ml-disposable-cart-2g-280mah\/#primaryimage"},"image":{"@id":"https:\/\/geekvapor.com\/product\/melt-x-packman-vape-kit-2ml-disposable-cart-2g-280mah\/#primaryimage"},"thumbnailUrl":"https:\/\/geekvapor.com\/wp-content\/uploads\/2024\/12\/Melt-X-Packman-Vape-Kit-2ML-Disposable-Cart-2g-280mAh-1.webp","datePublished":"2024-12-13T13:37:37+00:00","dateModified":"2025-01-11T11:03:52+00:00","description":"Uppt\u00e4ck Melt X Packman kit Vape Cart f\u00f6r eng\u00e5ngsbruk. Njut av 10 smaker, 2 ml kapacitet, igens\u00e4ttningsfria ventiler och typ C-laddning. Anpassningsbar och redo att vape!","breadcrumb":{"@id":"https:\/\/geekvapor.com\/product\/melt-x-packman-vape-kit-2ml-disposable-cart-2g-280mah\/#breadcrumb"},"inLanguage":"sv-SE","potentialAction":[{"@type":"ReadAction","target":["https:\/\/geekvapor.com\/product\/melt-x-packman-vape-kit-2ml-disposable-cart-2g-280mah\/"]}]},{"@type":"ImageObject","inLanguage":"sv-SE","@id":"https:\/\/geekvapor.com\/product\/melt-x-packman-vape-kit-2ml-disposable-cart-2g-280mah\/#primaryimage","url":"https:\/\/geekvapor.com\/wp-content\/uploads\/2024\/12\/Melt-X-Packman-Vape-Kit-2ML-Disposable-Cart-2g-280mAh-1.webp","contentUrl":"https:\/\/geekvapor.com\/wp-content\/uploads\/2024\/12\/Melt-X-Packman-Vape-Kit-2ML-Disposable-Cart-2g-280mAh-1.webp","width":800,"height":800,"caption":"Melt X Packman Vape Kit 2ML Disposable Cart 2g 280mAh #1"},{"@type":"BreadcrumbList","@id":"https:\/\/geekvapor.com\/product\/melt-x-packman-vape-kit-2ml-disposable-cart-2g-280mah\/#breadcrumb","itemListElement":[{"@type":"ListItem","position":1,"name":"\u9996\u9875","item":"https:\/\/geekvapor.com\/"},{"@type":"ListItem","position":2,"name":"Shop","item":"https:\/\/geekvapor.com\/shop\/"},{"@type":"ListItem","position":3,"name":"Melt X Packman Vape Kit 2ML Disposable Cart 2g 280mAh"}]},{"@type":"WebSite","@id":"https:\/\/geekvapor.com\/#website","url":"https:\/\/geekvapor.com\/","name":"geekvapor","description":"","potentialAction":[{"@type":"SearchAction","target":{"@type":"EntryPoint","urlTemplate":"https:\/\/geekvapor.com\/?s={search_term_string}"},"query-input":{"@type":"PropertyValueSpecification","valueRequired":true,"valueName":"search_term_string"}}],"inLanguage":"sv-SE"}]}},"tiered_pricing_type":"fixed","tiered_pricing_fixed_rules":{"300":"3.4","500":"3.2","700":"3"},"tiered_pricing_percentage_rules":[],"tiered_pricing_minimum":100,"tiered_pricing_roles_data":[],"_links":{"self":[{"href":"https:\/\/geekvapor.com\/sv\/wp-json\/wp\/v2\/product\/25108","targetHints":{"allow":["GET"]}}],"collection":[{"href":"https:\/\/geekvapor.com\/sv\/wp-json\/wp\/v2\/product"}],"about":[{"href":"https:\/\/geekvapor.com\/sv\/wp-json\/wp\/v2\/types\/product"}],"replies":[{"embeddable":true,"href":"https:\/\/geekvapor.com\/sv\/wp-json\/wp\/v2\/comments?post=25108"}],"wp:featuredmedia":[{"embeddable":true,"href":"https:\/\/geekvapor.com\/sv\/wp-json\/wp\/v2\/media\/27985"}],"wp:attachment":[{"href":"https:\/\/geekvapor.com\/sv\/wp-json\/wp\/v2\/media?parent=25108"}],"wp:term":[{"taxonomy":"product_brand","embeddable":true,"href":"https:\/\/geekvapor.com\/sv\/wp-json\/wp\/v2\/product_brand?post=25108"},{"taxonomy":"product_cat","embeddable":true,"href":"https:\/\/geekvapor.com\/sv\/wp-json\/wp\/v2\/product_cat?post=25108"},{"taxonomy":"product_tag","embeddable":true,"href":"https:\/\/geekvapor.com\/sv\/wp-json\/wp\/v2\/product_tag?post=25108"}],"curies":[{"name":"wp","href":"https:\/\/api.w.org\/{rel}","templated":true}]}}