{"id":24301,"date":"2024-12-13T13:34:43","date_gmt":"2024-12-13T13:34:43","guid":{"rendered":"https:\/\/geekvapor.com\/?post_type=product&#038;p=24301"},"modified":"2025-01-14T07:13:31","modified_gmt":"2025-01-14T07:13:31","slug":"bang-box-s1-15000-disposable-vape-15k-puffs-15k-25ml","status":"publish","type":"product","link":"https:\/\/geekvapor.com\/sv\/product\/bang-box-s1-15000-disposable-vape-15k-puffs-15k-25ml\/","title":{"rendered":"Bang Box S1 15000 Eng\u00e5ngsvape 15K Puffs 15k 25ML"},"content":{"rendered":"<h2 class=\"font-bold text-h3 leading-[40px] pt-[21px] pb-[2px] [&amp;_a]:underline-offset-[6px] [&amp;_.underline]:underline-offset-[6px]\" dir=\"ltr\" style=\"text-align: center;\"><span style=\"color: #83b828;\">Bang Box S1 15k Disposable Vape<\/span><\/h2>\n<p><a href=\"https:\/\/geekvapor.com\/product-category\/vape-brands\/bang\/\">Bang<\/a> Box S1 15000 Disposable Vape delivers up to 15k puffs with 12 bold flavors and adjustable nicotine levels. Featuring a rechargeable 850mAh battery, 25ML pod, stylish crystal design, and a display screen for puff tracking. Sold in boxes of 10\u2014convenience and performance redefined!<\/p>\n<h3 class=\"font-bold text-h3 leading-[40px] pt-[21px] pb-[2px] [&amp;_a]:underline-offset-[6px] [&amp;_.underline]:underline-offset-[6px]\" dir=\"ltr\">Bang Box S1 15000 Disposable Vape <a href=\"https:\/\/geekvapor.com\/product-category\/puff-vape\/15000-puffs\/\">15K Puffs<\/a> Features<\/h3>\n<ul class=\"pt-[9px] pb-[2px] pl-[24px] list-disc [&amp;_ul]:pt-[5px] pt-[5px]\">\n<li class=\"text-body font-regular leading-[24px] my-[5px] [&amp;&gt;ol]:!pt-0 [&amp;&gt;ol]:!pb-0 [&amp;&gt;ul]:!pt-0 [&amp;&gt;ul]:!pb-0\" value=\"1\"><b><strong class=\"font-bold\">Up to 15,000 Puffs<\/strong><\/b>: Long-lasting performance to keep you vaping longer.<\/li>\n<li class=\"text-body font-regular leading-[24px] my-[5px] [&amp;&gt;ol]:!pt-0 [&amp;&gt;ol]:!pb-0 [&amp;&gt;ul]:!pt-0 [&amp;&gt;ul]:!pb-0\" value=\"2\"><b><strong class=\"font-bold\">12 Exciting Flavors<\/strong><\/b>: Explore a variety of delicious options to switch up your experience.<\/li>\n<li class=\"text-body font-regular leading-[24px] my-[5px] [&amp;&gt;ol]:!pt-0 [&amp;&gt;ol]:!pb-0 [&amp;&gt;ul]:!pt-0 [&amp;&gt;ul]:!pb-0\" value=\"3\"><b><strong class=\"font-bold\">Adjustable Nicotine Levels<\/strong><\/b>: Choose 0%, 2%, 3%, or 5%\u2014perfect for all users.<\/li>\n<li class=\"text-body font-regular leading-[24px] my-[5px] [&amp;&gt;ol]:!pt-0 [&amp;&gt;ol]:!pb-0 [&amp;&gt;ul]:!pt-0 [&amp;&gt;ul]:!pb-0\" value=\"4\"><b><strong class=\"font-bold\">25ML Liquid Capacity<\/strong><\/b>: Extra-large pod for fewer refills and more enjoyment.<\/li>\n<li class=\"text-body font-regular leading-[24px] my-[5px] [&amp;&gt;ol]:!pt-0 [&amp;&gt;ol]:!pb-0 [&amp;&gt;ul]:!pt-0 [&amp;&gt;ul]:!pb-0\" value=\"5\"><b><strong class=\"font-bold\">Rechargeable Design<\/strong><\/b>: Powered by an 850mAh battery\u2014reliable and efficient.<\/li>\n<li class=\"text-body font-regular leading-[24px] my-[5px] [&amp;&gt;ol]:!pt-0 [&amp;&gt;ol]:!pb-0 [&amp;&gt;ul]:!pt-0 [&amp;&gt;ul]:!pb-0\" value=\"6\"><b><strong class=\"font-bold\">Built-In Display Screen<\/strong><\/b>: Monitor your battery life and puff count with ease.<\/li>\n<li class=\"text-body font-regular leading-[24px] my-[5px] [&amp;&gt;ol]:!pt-0 [&amp;&gt;ol]:!pb-0 [&amp;&gt;ul]:!pt-0 [&amp;&gt;ul]:!pb-0\" value=\"7\"><b><strong class=\"font-bold\">Modern Crystal Design<\/strong><\/b>: Sleek, stylish, and built for both form and function.<\/li>\n<li class=\"text-body font-regular leading-[24px] my-[5px] [&amp;&gt;ol]:!pt-0 [&amp;&gt;ol]:!pb-0 [&amp;&gt;ul]:!pt-0 [&amp;&gt;ul]:!pb-0\" value=\"8\"><b><strong class=\"font-bold\">Powerful 0.8\u03a9 Coil<\/strong><\/b>: Enjoy smooth, consistent draws and bold flavors.<\/li>\n<li class=\"text-body font-regular leading-[24px] my-[5px] [&amp;&gt;ol]:!pt-0 [&amp;&gt;ol]:!pb-0 [&amp;&gt;ul]:!pt-0 [&amp;&gt;ul]:!pb-0\" value=\"9\"><b><strong class=\"font-bold\">Compact Package<\/strong><\/b>: Sold as a box of 10, ideal for personal use or sharing.<\/li>\n<li class=\"text-body font-regular leading-[24px] my-[5px] [&amp;&gt;ol]:!pt-0 [&amp;&gt;ol]:!pb-0 [&amp;&gt;ul]:!pt-0 [&amp;&gt;ul]:!pb-0\" value=\"10\"><b><strong class=\"font-bold\">Versatile Options<\/strong><\/b>: From crystal vapes to non-nicotine styles\u2014all in one device.<\/li>\n<\/ul>\n<p class=\"text-body font-regular leading-[24px] pt-[9px] pb-[2px]\" dir=\"ltr\">Upgrade your vape game with the Bang Box S1 today! \ud83d\ude80<\/p>\n<h3 class=\"drawer-header mb-200 text-style-body-lg-500 text-info\">What&#8217;s Included<\/h3>\n<p>1 * Bang Box S1 15000<\/p>\n<h3>Flavor List<\/h3>\n<p>Dive into a world of taste with our diverse flavor lineup:<br \/>\n1.Strawberry Kiwi<br \/>\n2.Peach Ice<br \/>\n3.Strawberry Watermelon<br \/>\n4.Raspberry Watermelon<br \/>\n5.Triple Berry Ice<br \/>\n6.Watermelon Ice<br \/>\n7.Strawberry Mango<br \/>\n8.Mango Peach Watermelon<br \/>\n9.Blue Razz Ice<br \/>\n10.Mr. Blue<br \/>\n11.Black Dragon Ice<br \/>\n12.Strawberry Grape<\/p>\n","protected":false},"excerpt":{"rendered":"<ul>\n<li>\u00a015000 puffar<\/li>\n<li>12 smaker<\/li>\n<li>850 mAh<\/li>\n<li>0%\/2%\/3%\/5%Nicotine Level<\/li>\n<li>25ML fylld v\u00e4tska<\/li>\n<li>1 l\u00e5da med 10 st<\/li>\n<\/ul>","protected":false},"featured_media":28582,"comment_status":"open","ping_status":"closed","template":"","meta":[],"product_brand":[],"product_cat":[203,287,211,201,213,196],"product_tag":[],"class_list":{"0":"post-24301","1":"product","2":"type-product","3":"status-publish","4":"has-post-thumbnail","6":"product_cat-vape-with-screen","7":"product_cat-non-nicotine-vape","8":"product_cat-crystal-vape","9":"product_cat-rechargeable-vapes","10":"product_cat-15000-puffs","11":"product_cat-bang","13":"first","14":"instock","15":"shipping-taxable","16":"purchasable","17":"product-type-variable"},"yoast_head":"<!-- This site is optimized with the Yoast SEO Premium plugin v24.0 (Yoast SEO v26.0) - https:\/\/yoast.com\/wordpress\/plugins\/seo\/ -->\n<title>Bang Box S1 15000 Disposable Vape 15K Puffs 15k 25ML | geekvapor<\/title>\n<meta name=\"description\" content=\"Discover the Bang Box S1 15000 vape\u201415k puffs, 12 bold flavors, adjustable nicotine, rechargeable battery, and puff tracking. Style meets performance!\" \/>\n<meta name=\"robots\" content=\"index, follow, max-snippet:-1, max-image-preview:large, max-video-preview:-1\" \/>\n<link rel=\"canonical\" href=\"https:\/\/geekvapor.com\/sv\/product\/bang-box-s1-15000-disposable-vape-15k-puffs-15k-25ml\/\" \/>\n<meta property=\"og:locale\" content=\"sv_SE\" \/>\n<meta property=\"og:type\" content=\"article\" \/>\n<meta property=\"og:title\" content=\"Bang Box S1 15000 Disposable Vape 15K Puffs 15k 25ML\" \/>\n<meta property=\"og:description\" content=\"Discover the Bang Box S1 15000 vape\u201415k puffs, 12 bold flavors, adjustable nicotine, rechargeable battery, and puff tracking. Style meets performance!\" \/>\n<meta property=\"og:url\" content=\"https:\/\/geekvapor.com\/sv\/product\/bang-box-s1-15000-disposable-vape-15k-puffs-15k-25ml\/\" \/>\n<meta property=\"og:site_name\" content=\"geekvapor\" \/>\n<meta property=\"article:modified_time\" content=\"2025-01-14T07:13:31+00:00\" \/>\n<meta property=\"og:image\" content=\"https:\/\/geekvapor.com\/wp-content\/uploads\/2024\/12\/Bang-Box-S1-15000-Disposable-Vape-15K-Puffs-15k-25ML.webp\" \/>\n\t<meta property=\"og:image:width\" content=\"1000\" \/>\n\t<meta property=\"og:image:height\" content=\"1000\" \/>\n\t<meta property=\"og:image:type\" content=\"image\/webp\" \/>\n<meta name=\"twitter:card\" content=\"summary_large_image\" \/>\n<meta name=\"twitter:label1\" content=\"Ber\u00e4knad l\u00e4stid\" \/>\n\t<meta name=\"twitter:data1\" content=\"2 minuter\" \/>\n<script type=\"application\/ld+json\" class=\"yoast-schema-graph\">{\"@context\":\"https:\/\/schema.org\",\"@graph\":[{\"@type\":\"WebPage\",\"@id\":\"https:\/\/geekvapor.com\/product\/bang-box-s1-15000-disposable-vape-15k-puffs-15k-25ml\/\",\"url\":\"https:\/\/geekvapor.com\/product\/bang-box-s1-15000-disposable-vape-15k-puffs-15k-25ml\/\",\"name\":\"Bang Box S1 15000 Disposable Vape 15K Puffs 15k 25ML | geekvapor\",\"isPartOf\":{\"@id\":\"https:\/\/geekvapor.com\/#website\"},\"primaryImageOfPage\":{\"@id\":\"https:\/\/geekvapor.com\/product\/bang-box-s1-15000-disposable-vape-15k-puffs-15k-25ml\/#primaryimage\"},\"image\":{\"@id\":\"https:\/\/geekvapor.com\/product\/bang-box-s1-15000-disposable-vape-15k-puffs-15k-25ml\/#primaryimage\"},\"thumbnailUrl\":\"https:\/\/geekvapor.com\/wp-content\/uploads\/2024\/12\/Bang-Box-S1-15000-Disposable-Vape-15K-Puffs-15k-25ML.webp\",\"datePublished\":\"2024-12-13T13:34:43+00:00\",\"dateModified\":\"2025-01-14T07:13:31+00:00\",\"description\":\"Discover the Bang Box S1 15000 vape\u201415k puffs, 12 bold flavors, adjustable nicotine, rechargeable battery, and puff tracking. Style meets performance!\",\"breadcrumb\":{\"@id\":\"https:\/\/geekvapor.com\/product\/bang-box-s1-15000-disposable-vape-15k-puffs-15k-25ml\/#breadcrumb\"},\"inLanguage\":\"sv-SE\",\"potentialAction\":[{\"@type\":\"ReadAction\",\"target\":[\"https:\/\/geekvapor.com\/product\/bang-box-s1-15000-disposable-vape-15k-puffs-15k-25ml\/\"]}]},{\"@type\":\"ImageObject\",\"inLanguage\":\"sv-SE\",\"@id\":\"https:\/\/geekvapor.com\/product\/bang-box-s1-15000-disposable-vape-15k-puffs-15k-25ml\/#primaryimage\",\"url\":\"https:\/\/geekvapor.com\/wp-content\/uploads\/2024\/12\/Bang-Box-S1-15000-Disposable-Vape-15K-Puffs-15k-25ML.webp\",\"contentUrl\":\"https:\/\/geekvapor.com\/wp-content\/uploads\/2024\/12\/Bang-Box-S1-15000-Disposable-Vape-15K-Puffs-15k-25ML.webp\",\"width\":1000,\"height\":1000,\"caption\":\"Bang Box S1 15000 Disposable Vape 15K Puffs 15k 25ML\"},{\"@type\":\"BreadcrumbList\",\"@id\":\"https:\/\/geekvapor.com\/product\/bang-box-s1-15000-disposable-vape-15k-puffs-15k-25ml\/#breadcrumb\",\"itemListElement\":[{\"@type\":\"ListItem\",\"position\":1,\"name\":\"\u9996\u9875\",\"item\":\"https:\/\/geekvapor.com\/\"},{\"@type\":\"ListItem\",\"position\":2,\"name\":\"Shop\",\"item\":\"https:\/\/geekvapor.com\/shop\/\"},{\"@type\":\"ListItem\",\"position\":3,\"name\":\"Bang Box S1 15000 Disposable Vape 15K Puffs 15k 25ML\"}]},{\"@type\":\"WebSite\",\"@id\":\"https:\/\/geekvapor.com\/#website\",\"url\":\"https:\/\/geekvapor.com\/\",\"name\":\"geekvapor\",\"description\":\"\",\"potentialAction\":[{\"@type\":\"SearchAction\",\"target\":{\"@type\":\"EntryPoint\",\"urlTemplate\":\"https:\/\/geekvapor.com\/?s={search_term_string}\"},\"query-input\":{\"@type\":\"PropertyValueSpecification\",\"valueRequired\":true,\"valueName\":\"search_term_string\"}}],\"inLanguage\":\"sv-SE\"}]}<\/script>\n<!-- \/ Yoast SEO Premium plugin. -->","yoast_head_json":{"title":"Bang Box S1 15000 Eng\u00e5ngs Vape 15K Puffs 15k 25ML | geekvapor","description":"Uppt\u00e4ck Bang Box S1 15000 vape-15k puffar, 12 dj\u00e4rva smaker, justerbart nikotin, uppladdningsbart batteri och puffsp\u00e5rning. Stil m\u00f6ter prestanda!","robots":{"index":"index","follow":"follow","max-snippet":"max-snippet:-1","max-image-preview":"max-image-preview:large","max-video-preview":"max-video-preview:-1"},"canonical":"https:\/\/geekvapor.com\/sv\/product\/bang-box-s1-15000-disposable-vape-15k-puffs-15k-25ml\/","og_locale":"sv_SE","og_type":"article","og_title":"Bang Box S1 15000 Disposable Vape 15K Puffs 15k 25ML","og_description":"Discover the Bang Box S1 15000 vape\u201415k puffs, 12 bold flavors, adjustable nicotine, rechargeable battery, and puff tracking. Style meets performance!","og_url":"https:\/\/geekvapor.com\/sv\/product\/bang-box-s1-15000-disposable-vape-15k-puffs-15k-25ml\/","og_site_name":"geekvapor","article_modified_time":"2025-01-14T07:13:31+00:00","og_image":[{"width":1000,"height":1000,"url":"https:\/\/geekvapor.com\/wp-content\/uploads\/2024\/12\/Bang-Box-S1-15000-Disposable-Vape-15K-Puffs-15k-25ML.webp","type":"image\/webp"}],"twitter_card":"summary_large_image","twitter_misc":{"Ber\u00e4knad l\u00e4stid":"2 minuter"},"schema":{"@context":"https:\/\/schema.org","@graph":[{"@type":"WebPage","@id":"https:\/\/geekvapor.com\/product\/bang-box-s1-15000-disposable-vape-15k-puffs-15k-25ml\/","url":"https:\/\/geekvapor.com\/product\/bang-box-s1-15000-disposable-vape-15k-puffs-15k-25ml\/","name":"Bang Box S1 15000 Eng\u00e5ngs Vape 15K Puffs 15k 25ML | geekvapor","isPartOf":{"@id":"https:\/\/geekvapor.com\/#website"},"primaryImageOfPage":{"@id":"https:\/\/geekvapor.com\/product\/bang-box-s1-15000-disposable-vape-15k-puffs-15k-25ml\/#primaryimage"},"image":{"@id":"https:\/\/geekvapor.com\/product\/bang-box-s1-15000-disposable-vape-15k-puffs-15k-25ml\/#primaryimage"},"thumbnailUrl":"https:\/\/geekvapor.com\/wp-content\/uploads\/2024\/12\/Bang-Box-S1-15000-Disposable-Vape-15K-Puffs-15k-25ML.webp","datePublished":"2024-12-13T13:34:43+00:00","dateModified":"2025-01-14T07:13:31+00:00","description":"Uppt\u00e4ck Bang Box S1 15000 vape-15k puffar, 12 dj\u00e4rva smaker, justerbart nikotin, uppladdningsbart batteri och puffsp\u00e5rning. Stil m\u00f6ter prestanda!","breadcrumb":{"@id":"https:\/\/geekvapor.com\/product\/bang-box-s1-15000-disposable-vape-15k-puffs-15k-25ml\/#breadcrumb"},"inLanguage":"sv-SE","potentialAction":[{"@type":"ReadAction","target":["https:\/\/geekvapor.com\/product\/bang-box-s1-15000-disposable-vape-15k-puffs-15k-25ml\/"]}]},{"@type":"ImageObject","inLanguage":"sv-SE","@id":"https:\/\/geekvapor.com\/product\/bang-box-s1-15000-disposable-vape-15k-puffs-15k-25ml\/#primaryimage","url":"https:\/\/geekvapor.com\/wp-content\/uploads\/2024\/12\/Bang-Box-S1-15000-Disposable-Vape-15K-Puffs-15k-25ML.webp","contentUrl":"https:\/\/geekvapor.com\/wp-content\/uploads\/2024\/12\/Bang-Box-S1-15000-Disposable-Vape-15K-Puffs-15k-25ML.webp","width":1000,"height":1000,"caption":"Bang Box S1 15000 Disposable Vape 15K Puffs 15k 25ML"},{"@type":"BreadcrumbList","@id":"https:\/\/geekvapor.com\/product\/bang-box-s1-15000-disposable-vape-15k-puffs-15k-25ml\/#breadcrumb","itemListElement":[{"@type":"ListItem","position":1,"name":"\u9996\u9875","item":"https:\/\/geekvapor.com\/"},{"@type":"ListItem","position":2,"name":"Shop","item":"https:\/\/geekvapor.com\/shop\/"},{"@type":"ListItem","position":3,"name":"Bang Box S1 15000 Disposable Vape 15K Puffs 15k 25ML"}]},{"@type":"WebSite","@id":"https:\/\/geekvapor.com\/#website","url":"https:\/\/geekvapor.com\/","name":"geekvapor","description":"","potentialAction":[{"@type":"SearchAction","target":{"@type":"EntryPoint","urlTemplate":"https:\/\/geekvapor.com\/?s={search_term_string}"},"query-input":{"@type":"PropertyValueSpecification","valueRequired":true,"valueName":"search_term_string"}}],"inLanguage":"sv-SE"}]}},"tiered_pricing_type":"fixed","tiered_pricing_fixed_rules":{"30":"8.9","50":"7.5","100":"6.9","200":"6.5","400":"6"},"tiered_pricing_percentage_rules":[],"tiered_pricing_minimum":10,"tiered_pricing_roles_data":[],"_links":{"self":[{"href":"https:\/\/geekvapor.com\/sv\/wp-json\/wp\/v2\/product\/24301","targetHints":{"allow":["GET"]}}],"collection":[{"href":"https:\/\/geekvapor.com\/sv\/wp-json\/wp\/v2\/product"}],"about":[{"href":"https:\/\/geekvapor.com\/sv\/wp-json\/wp\/v2\/types\/product"}],"replies":[{"embeddable":true,"href":"https:\/\/geekvapor.com\/sv\/wp-json\/wp\/v2\/comments?post=24301"}],"wp:featuredmedia":[{"embeddable":true,"href":"https:\/\/geekvapor.com\/sv\/wp-json\/wp\/v2\/media\/28582"}],"wp:attachment":[{"href":"https:\/\/geekvapor.com\/sv\/wp-json\/wp\/v2\/media?parent=24301"}],"wp:term":[{"taxonomy":"product_brand","embeddable":true,"href":"https:\/\/geekvapor.com\/sv\/wp-json\/wp\/v2\/product_brand?post=24301"},{"taxonomy":"product_cat","embeddable":true,"href":"https:\/\/geekvapor.com\/sv\/wp-json\/wp\/v2\/product_cat?post=24301"},{"taxonomy":"product_tag","embeddable":true,"href":"https:\/\/geekvapor.com\/sv\/wp-json\/wp\/v2\/product_tag?post=24301"}],"curies":[{"name":"wp","href":"https:\/\/api.w.org\/{rel}","templated":true}]}}