{"id":23346,"date":"2024-12-13T13:31:47","date_gmt":"2024-12-13T13:31:47","guid":{"rendered":"https:\/\/geekvapor.com\/?post_type=product&#038;p=23346"},"modified":"2025-01-14T07:36:03","modified_gmt":"2025-01-14T07:36:03","slug":"wga-crystal-pro-max-10000-disposable-vape-10k-puffs-24ml","status":"publish","type":"product","link":"https:\/\/geekvapor.com\/sv\/product\/wga-crystal-pro-max-10000-disposable-vape-10k-puffs-24ml\/","title":{"rendered":"WGA Crystal Pro Max 10000 Eng\u00e5ngs Vape 10K Puffs 24ML"},"content":{"rendered":"<h2 class=\"font-bold text-h3 leading-[40px] pt-[21px] pb-[2px] [&amp;_a]:underline-offset-[6px] [&amp;_.underline]:underline-offset-[6px]\" dir=\"ltr\" style=\"text-align: center;\"><span style=\"color: #83b828;\">WGA Crystal Pro Max 10000 Disposable Vape<\/span><\/h2>\n<p>Experience the WGA Crystal Pro Max 10000 Disposable Vape\u201410k puffs of unbeatable flavor in a sleek crystal design. With 25 premium options, mesh coils for ultimate smoothness, rechargeable power, and up to 5% nicotine, it&#8217;s built for lasting satisfaction. Perfect for MTL vaping\u2014grab yours now!<\/p>\n<h3 class=\"font-bold text-h3 leading-[40px] pt-[21px] pb-[2px] [&amp;_a]:underline-offset-[6px] [&amp;_.underline]:underline-offset-[6px]\" dir=\"ltr\"><a href=\"https:\/\/geekvapor.com\/product-category\/vape-brands\/wga\/\">WGA<\/a> Crystal Pro Max 10000 Disposable Vape <a href=\"https:\/\/geekvapor.com\/product-category\/puff-vape\/10000-puffs\/\">10K Puffs<\/a> Features<\/h3>\n<ul class=\"pt-[9px] pb-[2px] pl-[24px] list-disc [&amp;_ul]:pt-[5px] pt-[5px]\">\n<li class=\"text-body font-regular leading-[24px] my-[5px] [&amp;&gt;ol]:!pt-0 [&amp;&gt;ol]:!pb-0 [&amp;&gt;ul]:!pt-0 [&amp;&gt;ul]:!pb-0\" value=\"1\"><b><strong class=\"font-bold\">10,000 Puffs Per Device<\/strong><\/b>: Say goodbye to constant replacements\u2014this device is built to last.<\/li>\n<li class=\"text-body font-regular leading-[24px] my-[5px] [&amp;&gt;ol]:!pt-0 [&amp;&gt;ol]:!pb-0 [&amp;&gt;ul]:!pt-0 [&amp;&gt;ul]:!pb-0\" value=\"2\"><b><strong class=\"font-bold\">25 Premium Flavors<\/strong><\/b>: Fruity blends, refreshing classics\u2014find your vibe with every puff.<\/li>\n<li class=\"text-body font-regular leading-[24px] my-[5px] [&amp;&gt;ol]:!pt-0 [&amp;&gt;ol]:!pb-0 [&amp;&gt;ul]:!pt-0 [&amp;&gt;ul]:!pb-0\" value=\"3\"><b><strong class=\"font-bold\">Rechargeable Power<\/strong><\/b>: An 850mAh battery keeps you going until the very last draw.<\/li>\n<li class=\"text-body font-regular leading-[24px] my-[5px] [&amp;&gt;ol]:!pt-0 [&amp;&gt;ol]:!pb-0 [&amp;&gt;ul]:!pt-0 [&amp;&gt;ul]:!pb-0\" value=\"4\"><b><strong class=\"font-bold\">Nicotine Options for All<\/strong><\/b>: Choose your perfect match\u20140%, 2%, 3%, or 5% nicotine levels.<\/li>\n<li class=\"text-body font-regular leading-[24px] my-[5px] [&amp;&gt;ol]:!pt-0 [&amp;&gt;ol]:!pb-0 [&amp;&gt;ul]:!pt-0 [&amp;&gt;ul]:!pb-0\" value=\"5\"><b><strong class=\"font-bold\">18ML Liquid Capacity<\/strong><\/b>: Pre-filled and ready for longer sessions\u2014fewer refills, more enjoyment.<\/li>\n<li class=\"text-body font-regular leading-[24px] my-[5px] [&amp;&gt;ol]:!pt-0 [&amp;&gt;ol]:!pb-0 [&amp;&gt;ul]:!pt-0 [&amp;&gt;ul]:!pb-0\" value=\"6\"><b><strong class=\"font-bold\">Sleek Crystal Design<\/strong><\/b>: Stylish, durable, and built for a premium look and feel.<\/li>\n<li class=\"text-body font-regular leading-[24px] my-[5px] [&amp;&gt;ol]:!pt-0 [&amp;&gt;ol]:!pb-0 [&amp;&gt;ul]:!pt-0 [&amp;&gt;ul]:!pb-0\" value=\"7\"><b><strong class=\"font-bold\">Smooth Mesh Coils<\/strong><\/b>: Pure flavor and cloud-rich draws every single time.<\/li>\n<li class=\"text-body font-regular leading-[24px] my-[5px] [&amp;&gt;ol]:!pt-0 [&amp;&gt;ol]:!pb-0 [&amp;&gt;ul]:!pt-0 [&amp;&gt;ul]:!pb-0\" value=\"8\"><b><strong class=\"font-bold\">Ideal for MTL Vaping<\/strong><\/b>: Perfect for that cigarette-like inhale you\u2019ve been missing.<\/li>\n<li class=\"text-body font-regular leading-[24px] my-[5px] [&amp;&gt;ol]:!pt-0 [&amp;&gt;ol]:!pb-0 [&amp;&gt;ul]:!pt-0 [&amp;&gt;ul]:!pb-0\" value=\"9\"><b><strong class=\"font-bold\">Portable &amp; Compact<\/strong><\/b>: Lightweight, pocket-friendly, and hassle-free for on-the-go vaping.<\/li>\n<li class=\"text-body font-regular leading-[24px] my-[5px] [&amp;&gt;ol]:!pt-0 [&amp;&gt;ol]:!pb-0 [&amp;&gt;ul]:!pt-0 [&amp;&gt;ul]:!pb-0\" value=\"10\"><b><strong class=\"font-bold\">Bulk Up with Ease<\/strong><\/b>: Grab them by the box\u201410-piece convenience that\u2019s perfect for sharing or stocking up.<\/li>\n<\/ul>\n<h3 class=\"drawer-header mb-200 text-style-body-lg-500 text-info\">What&#8217;s Included<\/h3>\n<p>1 * WGA Crystal Pro Max 10000<\/p>\n<h3><span style=\"color: #000000;\">Flavor List<\/span><\/h3>\n<ol>\n<li><span style=\"color: #000000;\"><strong>Mr Blue<\/strong><\/span><\/li>\n<li><span style=\"color: #000000;\"><strong>Blueberry Sour Raspberry<\/strong><\/span><\/li>\n<li><span style=\"color: #000000;\"><strong>Triple Mango<\/strong><\/span><\/li>\n<li><span style=\"color: #000000;\"><strong>Blue Razz Lemonade<\/strong><\/span><\/li>\n<li><span style=\"color: #000000;\"><strong>Double Apple<\/strong><\/span><\/li>\n<li><span style=\"color: #000000;\"><strong>Pineapple Ice<\/strong><\/span><\/li>\n<li><span style=\"color: #000000;\"><strong>Pink Lemonade<\/strong><\/span><\/li>\n<li><span style=\"color: #000000;\"><strong>Blue Razz Ice<\/strong><\/span><\/li>\n<li><span style=\"color: #000000;\"><strong>Strawberry Ice<\/strong><\/span><\/li>\n<li><span style=\"color: #000000;\"><strong>Banana Ice<\/strong><\/span><\/li>\n<li><span style=\"color: #000000;\"><strong>Juicy Peach<\/strong><\/span><\/li>\n<li><span style=\"color: #000000;\"><strong>Summer Dream<\/strong><\/span><\/li>\n<li><span style=\"color: #000000;\"><strong>Fresh Mint<\/strong><\/span><\/li>\n<li><span style=\"color: #000000;\"><strong>Blue Fusion<\/strong><\/span><\/li>\n<li><span style=\"color: #000000;\"><strong>Purple Rain<\/strong><\/span><\/li>\n<li><span style=\"color: #000000;\"><strong>Black Dragon Ice<\/strong><\/span><\/li>\n<li><span style=\"color: #000000;\"><strong>Hogu Mogu Lychee<\/strong><\/span><\/li>\n<li><span style=\"color: #000000;\"><strong>Strawberry Ice Pop<\/strong><\/span><\/li>\n<li><span style=\"color: #000000;\"><strong>Blueberry Lemonade<\/strong><\/span><\/li>\n<li><span style=\"color: #000000;\"><strong>Prime Strawberry Watermelon<\/strong><\/span><\/li>\n<li><span style=\"color: #000000;\"><strong>Blueberry Kiwi Ice<\/strong><\/span><\/li>\n<li><span style=\"color: #000000;\"><strong>Grape Guy Candy<\/strong><\/span><\/li>\n<li><span style=\"color: #000000;\"><strong>Lemon Mist Ice<\/strong><\/span><\/li>\n<li><span style=\"color: #000000;\"><strong>Mr Fanta<\/strong><\/span><\/li>\n<li><span style=\"color: #000000;\"><strong>Watermelon Berry Boom<\/strong><\/span><\/li>\n<\/ol>\n","protected":false},"excerpt":{"rendered":"<div class=\"woocommerce-product-details__short-description\">\n<ul>\n<li>10000 puffar<\/li>\n<li>25 smak\u00e4mnen<\/li>\n<li>850 mAh<\/li>\n<li>0%2%3%5% Nikotinniv\u00e5<\/li>\n<li>18ML fylld v\u00e4tska<\/li>\n<li>1 l\u00e5da med 10 st<\/li>\n<\/ul>\n<\/div>","protected":false},"featured_media":29493,"comment_status":"open","ping_status":"closed","template":"","meta":[],"product_brand":[],"product_cat":[211,220,254],"product_tag":[],"class_list":{"0":"post-23346","1":"product","2":"type-product","3":"status-publish","4":"has-post-thumbnail","6":"product_cat-crystal-vape","7":"product_cat-10000-puffs","8":"product_cat-wga","10":"first","11":"instock","12":"shipping-taxable","13":"purchasable","14":"product-type-variable"},"yoast_head":"<!-- This site is optimized with the Yoast SEO Premium plugin v24.0 (Yoast SEO v26.0) - https:\/\/yoast.com\/wordpress\/plugins\/seo\/ -->\n<title>WGA Crystal Pro Max 10000 Disposable Vape 10K Puffs 24ML | geekvapor<\/title>\n<meta name=\"description\" content=\"Get up to 10K puffs with the WGA Crystal Pro Max 10000 Disposable Vape! Enjoy 25 flavors, mesh coils, rechargeable power &amp; sleek design. Shop now.\" \/>\n<meta name=\"robots\" content=\"index, follow, max-snippet:-1, max-image-preview:large, max-video-preview:-1\" \/>\n<link rel=\"canonical\" href=\"https:\/\/geekvapor.com\/sv\/product\/wga-crystal-pro-max-10000-disposable-vape-10k-puffs-24ml\/\" \/>\n<meta property=\"og:locale\" content=\"sv_SE\" \/>\n<meta property=\"og:type\" content=\"article\" \/>\n<meta property=\"og:title\" content=\"WGA Crystal Pro Max 10000 Disposable Vape 10K Puffs 24ML\" \/>\n<meta property=\"og:description\" content=\"Get up to 10K puffs with the WGA Crystal Pro Max 10000 Disposable Vape! Enjoy 25 flavors, mesh coils, rechargeable power &amp; sleek design. Shop now.\" \/>\n<meta property=\"og:url\" content=\"https:\/\/geekvapor.com\/sv\/product\/wga-crystal-pro-max-10000-disposable-vape-10k-puffs-24ml\/\" \/>\n<meta property=\"og:site_name\" content=\"geekvapor\" \/>\n<meta property=\"article:modified_time\" content=\"2025-01-14T07:36:03+00:00\" \/>\n<meta property=\"og:image\" content=\"https:\/\/geekvapor.com\/wp-content\/uploads\/2024\/12\/WGA-Crystal-Pro-Max-10000-Disposable-Vape-10K-Puffs-24ML-.webp\" \/>\n\t<meta property=\"og:image:width\" content=\"1000\" \/>\n\t<meta property=\"og:image:height\" content=\"1000\" \/>\n\t<meta property=\"og:image:type\" content=\"image\/webp\" \/>\n<meta name=\"twitter:card\" content=\"summary_large_image\" \/>\n<meta name=\"twitter:label1\" content=\"Ber\u00e4knad l\u00e4stid\" \/>\n\t<meta name=\"twitter:data1\" content=\"2 minuter\" \/>\n<script type=\"application\/ld+json\" class=\"yoast-schema-graph\">{\"@context\":\"https:\/\/schema.org\",\"@graph\":[{\"@type\":\"WebPage\",\"@id\":\"https:\/\/geekvapor.com\/product\/wga-crystal-pro-max-10000-disposable-vape-10k-puffs-24ml\/\",\"url\":\"https:\/\/geekvapor.com\/product\/wga-crystal-pro-max-10000-disposable-vape-10k-puffs-24ml\/\",\"name\":\"WGA Crystal Pro Max 10000 Disposable Vape 10K Puffs 24ML | geekvapor\",\"isPartOf\":{\"@id\":\"https:\/\/geekvapor.com\/#website\"},\"primaryImageOfPage\":{\"@id\":\"https:\/\/geekvapor.com\/product\/wga-crystal-pro-max-10000-disposable-vape-10k-puffs-24ml\/#primaryimage\"},\"image\":{\"@id\":\"https:\/\/geekvapor.com\/product\/wga-crystal-pro-max-10000-disposable-vape-10k-puffs-24ml\/#primaryimage\"},\"thumbnailUrl\":\"https:\/\/geekvapor.com\/wp-content\/uploads\/2024\/12\/WGA-Crystal-Pro-Max-10000-Disposable-Vape-10K-Puffs-24ML-.webp\",\"datePublished\":\"2024-12-13T13:31:47+00:00\",\"dateModified\":\"2025-01-14T07:36:03+00:00\",\"description\":\"Get up to 10K puffs with the WGA Crystal Pro Max 10000 Disposable Vape! Enjoy 25 flavors, mesh coils, rechargeable power & sleek design. Shop now.\",\"breadcrumb\":{\"@id\":\"https:\/\/geekvapor.com\/product\/wga-crystal-pro-max-10000-disposable-vape-10k-puffs-24ml\/#breadcrumb\"},\"inLanguage\":\"sv-SE\",\"potentialAction\":[{\"@type\":\"ReadAction\",\"target\":[\"https:\/\/geekvapor.com\/product\/wga-crystal-pro-max-10000-disposable-vape-10k-puffs-24ml\/\"]}]},{\"@type\":\"ImageObject\",\"inLanguage\":\"sv-SE\",\"@id\":\"https:\/\/geekvapor.com\/product\/wga-crystal-pro-max-10000-disposable-vape-10k-puffs-24ml\/#primaryimage\",\"url\":\"https:\/\/geekvapor.com\/wp-content\/uploads\/2024\/12\/WGA-Crystal-Pro-Max-10000-Disposable-Vape-10K-Puffs-24ML-.webp\",\"contentUrl\":\"https:\/\/geekvapor.com\/wp-content\/uploads\/2024\/12\/WGA-Crystal-Pro-Max-10000-Disposable-Vape-10K-Puffs-24ML-.webp\",\"width\":1000,\"height\":1000,\"caption\":\"WGA Crystal Pro Max 10000 Disposable Vape 10K Puffs 24ML\"},{\"@type\":\"BreadcrumbList\",\"@id\":\"https:\/\/geekvapor.com\/product\/wga-crystal-pro-max-10000-disposable-vape-10k-puffs-24ml\/#breadcrumb\",\"itemListElement\":[{\"@type\":\"ListItem\",\"position\":1,\"name\":\"\u9996\u9875\",\"item\":\"https:\/\/geekvapor.com\/\"},{\"@type\":\"ListItem\",\"position\":2,\"name\":\"Shop\",\"item\":\"https:\/\/geekvapor.com\/shop\/\"},{\"@type\":\"ListItem\",\"position\":3,\"name\":\"WGA Crystal Pro Max 10000 Disposable Vape 10K Puffs 24ML\"}]},{\"@type\":\"WebSite\",\"@id\":\"https:\/\/geekvapor.com\/#website\",\"url\":\"https:\/\/geekvapor.com\/\",\"name\":\"geekvapor\",\"description\":\"\",\"potentialAction\":[{\"@type\":\"SearchAction\",\"target\":{\"@type\":\"EntryPoint\",\"urlTemplate\":\"https:\/\/geekvapor.com\/?s={search_term_string}\"},\"query-input\":{\"@type\":\"PropertyValueSpecification\",\"valueRequired\":true,\"valueName\":\"search_term_string\"}}],\"inLanguage\":\"sv-SE\"}]}<\/script>\n<!-- \/ Yoast SEO Premium plugin. -->","yoast_head_json":{"title":"WGA Crystal Pro Max 10000 Eng\u00e5ngs Vape 10K Puffs 24ML | geekvapor","description":"F\u00e5 upp till 10K puffs med WGA Crystal Pro Max 10000 eng\u00e5ngsvape! Njut av 25 smaker, mesh-spolar, uppladdningsbar kraft och snygg design. Handla nu.","robots":{"index":"index","follow":"follow","max-snippet":"max-snippet:-1","max-image-preview":"max-image-preview:large","max-video-preview":"max-video-preview:-1"},"canonical":"https:\/\/geekvapor.com\/sv\/product\/wga-crystal-pro-max-10000-disposable-vape-10k-puffs-24ml\/","og_locale":"sv_SE","og_type":"article","og_title":"WGA Crystal Pro Max 10000 Disposable Vape 10K Puffs 24ML","og_description":"Get up to 10K puffs with the WGA Crystal Pro Max 10000 Disposable Vape! Enjoy 25 flavors, mesh coils, rechargeable power & sleek design. Shop now.","og_url":"https:\/\/geekvapor.com\/sv\/product\/wga-crystal-pro-max-10000-disposable-vape-10k-puffs-24ml\/","og_site_name":"geekvapor","article_modified_time":"2025-01-14T07:36:03+00:00","og_image":[{"width":1000,"height":1000,"url":"https:\/\/geekvapor.com\/wp-content\/uploads\/2024\/12\/WGA-Crystal-Pro-Max-10000-Disposable-Vape-10K-Puffs-24ML-.webp","type":"image\/webp"}],"twitter_card":"summary_large_image","twitter_misc":{"Ber\u00e4knad l\u00e4stid":"2 minuter"},"schema":{"@context":"https:\/\/schema.org","@graph":[{"@type":"WebPage","@id":"https:\/\/geekvapor.com\/product\/wga-crystal-pro-max-10000-disposable-vape-10k-puffs-24ml\/","url":"https:\/\/geekvapor.com\/product\/wga-crystal-pro-max-10000-disposable-vape-10k-puffs-24ml\/","name":"WGA Crystal Pro Max 10000 Eng\u00e5ngs Vape 10K Puffs 24ML | geekvapor","isPartOf":{"@id":"https:\/\/geekvapor.com\/#website"},"primaryImageOfPage":{"@id":"https:\/\/geekvapor.com\/product\/wga-crystal-pro-max-10000-disposable-vape-10k-puffs-24ml\/#primaryimage"},"image":{"@id":"https:\/\/geekvapor.com\/product\/wga-crystal-pro-max-10000-disposable-vape-10k-puffs-24ml\/#primaryimage"},"thumbnailUrl":"https:\/\/geekvapor.com\/wp-content\/uploads\/2024\/12\/WGA-Crystal-Pro-Max-10000-Disposable-Vape-10K-Puffs-24ML-.webp","datePublished":"2024-12-13T13:31:47+00:00","dateModified":"2025-01-14T07:36:03+00:00","description":"F\u00e5 upp till 10K puffs med WGA Crystal Pro Max 10000 eng\u00e5ngsvape! Njut av 25 smaker, mesh-spolar, uppladdningsbar kraft och snygg design. Handla nu.","breadcrumb":{"@id":"https:\/\/geekvapor.com\/product\/wga-crystal-pro-max-10000-disposable-vape-10k-puffs-24ml\/#breadcrumb"},"inLanguage":"sv-SE","potentialAction":[{"@type":"ReadAction","target":["https:\/\/geekvapor.com\/product\/wga-crystal-pro-max-10000-disposable-vape-10k-puffs-24ml\/"]}]},{"@type":"ImageObject","inLanguage":"sv-SE","@id":"https:\/\/geekvapor.com\/product\/wga-crystal-pro-max-10000-disposable-vape-10k-puffs-24ml\/#primaryimage","url":"https:\/\/geekvapor.com\/wp-content\/uploads\/2024\/12\/WGA-Crystal-Pro-Max-10000-Disposable-Vape-10K-Puffs-24ML-.webp","contentUrl":"https:\/\/geekvapor.com\/wp-content\/uploads\/2024\/12\/WGA-Crystal-Pro-Max-10000-Disposable-Vape-10K-Puffs-24ML-.webp","width":1000,"height":1000,"caption":"WGA Crystal Pro Max 10000 Disposable Vape 10K Puffs 24ML"},{"@type":"BreadcrumbList","@id":"https:\/\/geekvapor.com\/product\/wga-crystal-pro-max-10000-disposable-vape-10k-puffs-24ml\/#breadcrumb","itemListElement":[{"@type":"ListItem","position":1,"name":"\u9996\u9875","item":"https:\/\/geekvapor.com\/"},{"@type":"ListItem","position":2,"name":"Shop","item":"https:\/\/geekvapor.com\/shop\/"},{"@type":"ListItem","position":3,"name":"WGA Crystal Pro Max 10000 Disposable Vape 10K Puffs 24ML"}]},{"@type":"WebSite","@id":"https:\/\/geekvapor.com\/#website","url":"https:\/\/geekvapor.com\/","name":"geekvapor","description":"","potentialAction":[{"@type":"SearchAction","target":{"@type":"EntryPoint","urlTemplate":"https:\/\/geekvapor.com\/?s={search_term_string}"},"query-input":{"@type":"PropertyValueSpecification","valueRequired":true,"valueName":"search_term_string"}}],"inLanguage":"sv-SE"}]}},"tiered_pricing_type":"fixed","tiered_pricing_fixed_rules":{"30":"8.9","50":"7.8","100":"7.5","200":"7.3","400":"7"},"tiered_pricing_percentage_rules":[],"tiered_pricing_minimum":10,"tiered_pricing_roles_data":[],"_links":{"self":[{"href":"https:\/\/geekvapor.com\/sv\/wp-json\/wp\/v2\/product\/23346","targetHints":{"allow":["GET"]}}],"collection":[{"href":"https:\/\/geekvapor.com\/sv\/wp-json\/wp\/v2\/product"}],"about":[{"href":"https:\/\/geekvapor.com\/sv\/wp-json\/wp\/v2\/types\/product"}],"replies":[{"embeddable":true,"href":"https:\/\/geekvapor.com\/sv\/wp-json\/wp\/v2\/comments?post=23346"}],"wp:featuredmedia":[{"embeddable":true,"href":"https:\/\/geekvapor.com\/sv\/wp-json\/wp\/v2\/media\/29493"}],"wp:attachment":[{"href":"https:\/\/geekvapor.com\/sv\/wp-json\/wp\/v2\/media?parent=23346"}],"wp:term":[{"taxonomy":"product_brand","embeddable":true,"href":"https:\/\/geekvapor.com\/sv\/wp-json\/wp\/v2\/product_brand?post=23346"},{"taxonomy":"product_cat","embeddable":true,"href":"https:\/\/geekvapor.com\/sv\/wp-json\/wp\/v2\/product_cat?post=23346"},{"taxonomy":"product_tag","embeddable":true,"href":"https:\/\/geekvapor.com\/sv\/wp-json\/wp\/v2\/product_tag?post=23346"}],"curies":[{"name":"wp","href":"https:\/\/api.w.org\/{rel}","templated":true}]}}