{"id":22207,"date":"2024-12-13T13:28:51","date_gmt":"2024-12-13T13:28:51","guid":{"rendered":"https:\/\/geekvapor.com\/?post_type=product&#038;p=22207"},"modified":"2025-01-14T07:30:05","modified_gmt":"2025-01-14T07:30:05","slug":"uzy-bang-king-12000-disposable-vape-12k-puffs-23ml","status":"publish","type":"product","link":"https:\/\/geekvapor.com\/sv\/product\/uzy-bang-king-12000-disposable-vape-12k-puffs-23ml\/","title":{"rendered":"UZY Bang King 12000 eng\u00e5ngsvape 12K Puffs 23ML"},"content":{"rendered":"<h2 class=\"font-bold text-h3 leading-[40px] pt-[21px] pb-[2px] [&amp;_a]:underline-offset-[6px] [&amp;_.underline]:underline-offset-[6px]\" dir=\"ltr\" style=\"text-align: center;\"><span style=\"color: #83b828;\">UZY Bang King 12k Disposable Vape<\/span><\/h2>\n<p>Enjoy 12k puffs of pure satisfaction with the <a href=\"https:\/\/geekvapor.com\/product-category\/vape-brands\/uzy\/\">UZY<\/a> Bang King 12000 Disposable Vape! Featuring 23ML pre-filled vape oil, adjustable nicotine levels (0mg-50mg), 14 bold flavors, fast Type-C charging, and RGB lighting\u2014all powered by a 650mAh battery with dual mesh coil tech for smooth, flavorful hits.<\/p>\n<h3 class=\"font-bold text-h3 leading-[40px] pt-[21px] pb-[2px] [&amp;_a]:underline-offset-[6px] [&amp;_.underline]:underline-offset-[6px]\" dir=\"ltr\">UZY Bang King 12000 Disposable Vape <a href=\"https:\/\/geekvapor.com\/product-category\/puff-vape\/12000-puffs\/\">12K Puffs<\/a> Features<\/h3>\n<ul>\n<li class=\"text-body font-regular leading-[24px] pt-[9px] pb-[2px]\" dir=\"ltr\">\ud83d\ude80 <b><strong class=\"font-bold\">12,000 Puffs of Pure Joy: <\/strong><\/b>Dive into endless vaping sessions with the UZY Bang King 12000\u2014offering up to 12,000 puffs per device! \ud83d\udca8<\/li>\n<li class=\"text-body font-regular leading-[24px] pt-[9px] pb-[2px]\" dir=\"ltr\">\ud83d\udd25 <b><strong class=\"font-bold\">Pre-Filled &amp; Hassle-Free: <\/strong><\/b>Packed with 23ML of premium vape oil, ready to use straight out of the box.<\/li>\n<li class=\"text-body font-regular leading-[24px] pt-[9px] pb-[2px]\" dir=\"ltr\">\ud83d\ude0b <b><strong class=\"font-bold\">14 Flavors, Infinite Vibes: <\/strong><\/b>Pick your favorite from 14 bold and exciting flavors that\u2019ll keep your taste buds ecstatic. \ud83c\udf53\ud83c\udf66\ud83c\udf4d<\/li>\n<li class=\"text-body font-regular leading-[24px] pt-[9px] pb-[2px]\" dir=\"ltr\">\ud83d\udca1 <b><strong class=\"font-bold\">Nicotine, Your Way: <\/strong><\/b>Choose from 0mg, 20mg, 30mg, or 50mg nicotine options to match your vibe.<\/li>\n<li class=\"text-body font-regular leading-[24px] pt-[9px] pb-[2px]\" dir=\"ltr\">\u2728 <b><strong class=\"font-bold\">Smooth Clouds, Every Time: <\/strong><\/b>Thanks to advanced dual mesh coil tech, experience improved airflow and richer, flavorful hits.<\/li>\n<li class=\"text-body font-regular leading-[24px] pt-[9px] pb-[2px]\" dir=\"ltr\">\ud83c\udf08 <b><strong class=\"font-bold\">Style with RGB Lighting: <\/strong><\/b>Turn heads while you vape with sleek, built-in RGB lights that shine bright.<\/li>\n<li class=\"text-body font-regular leading-[24px] pt-[9px] pb-[2px]\" dir=\"ltr\">\u26a1 <b><strong class=\"font-bold\">Fast Type-C Charging: <\/strong><\/b>Got low battery? Not for long. Recharge quickly with Type-C and keep the vibe going.<\/li>\n<li class=\"text-body font-regular leading-[24px] pt-[9px] pb-[2px]\" dir=\"ltr\">\ud83d\udd0b <b><strong class=\"font-bold\">Built to Last: <\/strong><\/b>A 650mAh high-capacity battery powers all your sessions, with ultra-smooth draws from a 1ohm mesh coil.<\/li>\n<li class=\"text-body font-regular leading-[24px] pt-[9px] pb-[2px]\" dir=\"ltr\">\ud83d\udce6 <b><strong class=\"font-bold\">Packed to Perfection: <\/strong><\/b>Grab a full box of 10\u2014perfect for stocking up or sharing with friends.<\/li>\n<\/ul>\n<p class=\"text-body font-regular leading-[24px] pt-[9px] pb-[2px]\" dir=\"ltr\">\ud83d\udca8 <b><strong class=\"font-bold\">Level Up Your Vape Game. Order Yours Now!<\/strong><\/b><\/p>\n<h3 class=\"drawer-header mb-200 text-style-body-lg-500 text-info\">What&#8217;s Included<\/h3>\n<p>1 * UZY Bang King 12000<\/p>\n<h3><span style=\"color: #000000;\">Flavor List<\/span><\/h3>\n<ol>\n<li><span style=\"color: #000000;\"><strong>Blueberry Raspberry<\/strong><\/span><\/li>\n<li><span style=\"color: #000000;\"><strong>MR Blue<\/strong><\/span><\/li>\n<li><span style=\"color: #000000;\"><strong>Kiwi Passion Fruit<\/strong><\/span><\/li>\n<li><span style=\"color: #000000;\"><strong>Peach Ice<\/strong><\/span><\/li>\n<li><span style=\"color: #000000;\"><strong>Cherry Ice<\/strong><\/span><\/li>\n<li><span style=\"color: #000000;\"><strong>Grape Ice<\/strong><\/span><\/li>\n<li><span style=\"color: #000000;\"><strong>Peach Mango Pineapple<\/strong><\/span><\/li>\n<li><span style=\"color: #000000;\"><strong>Strawberry Ice<\/strong><\/span><\/li>\n<li><span style=\"color: #000000;\"><strong>Red Energy<\/strong><\/span><\/li>\n<li><span style=\"color: #000000;\"><strong>Mixed Berries<\/strong><\/span><\/li>\n<li><span style=\"color: #000000;\"><strong>Double Apple<\/strong><\/span><\/li>\n<li><span style=\"color: #000000;\"><strong>Gummy Bear<\/strong><\/span><\/li>\n<li><span style=\"color: #000000;\"><strong>Pink Lemonade<\/strong><\/span><\/li>\n<li><span style=\"color: #000000;\"><strong>Peach Berry<\/strong><\/span><\/li>\n<\/ol>\n","protected":false},"excerpt":{"rendered":"<div class=\"woocommerce-product-details__short-description\">\n<ul>\n<li>12000 puffar<\/li>\n<li>14 smaker<\/li>\n<li>650 mAh<\/li>\n<li>0mg(0%)\/20mg(2%)\/30mg(3%)\/50mg(5%)<\/li>\n<li>23ML f\u00f6rfylld vapeolja<\/li>\n<li>RGB-ljus<\/li>\n<li>1 l\u00e5da med 10 stycken<\/li>\n<\/ul>\n<\/div>","protected":false},"featured_media":29188,"comment_status":"open","ping_status":"closed","template":"","meta":[],"product_brand":[],"product_cat":[200,201,218,249],"product_tag":[],"class_list":{"0":"post-22207","1":"product","2":"type-product","3":"status-publish","4":"has-post-thumbnail","6":"product_cat-low-nicotine-vape","7":"product_cat-rechargeable-vapes","8":"product_cat-12000-puffs","9":"product_cat-uzy","11":"first","12":"instock","13":"shipping-taxable","14":"purchasable","15":"product-type-variable"},"yoast_head":"<!-- This site is optimized with the Yoast SEO Premium plugin v24.0 (Yoast SEO v26.0) - https:\/\/yoast.com\/wordpress\/plugins\/seo\/ -->\n<title>UZY Bang King 12000 Disposable Vape 12K Puffs 23ML | geekvapor<\/title>\n<meta name=\"description\" content=\"Discover the UZY Bang King 12000 disposable vape with 12k puffs, 14 bold flavors, adjustable nicotine options, fast Type-C charging.\" \/>\n<meta name=\"robots\" content=\"index, follow, max-snippet:-1, max-image-preview:large, max-video-preview:-1\" \/>\n<link rel=\"canonical\" href=\"https:\/\/geekvapor.com\/sv\/product\/uzy-bang-king-12000-disposable-vape-12k-puffs-23ml\/\" \/>\n<meta property=\"og:locale\" content=\"sv_SE\" \/>\n<meta property=\"og:type\" content=\"article\" \/>\n<meta property=\"og:title\" content=\"UZY Bang King 12000 Disposable Vape 12K Puffs 23ML\" \/>\n<meta property=\"og:description\" content=\"Discover the UZY Bang King 12000 disposable vape with 12k puffs, 14 bold flavors, adjustable nicotine options, fast Type-C charging.\" \/>\n<meta property=\"og:url\" content=\"https:\/\/geekvapor.com\/sv\/product\/uzy-bang-king-12000-disposable-vape-12k-puffs-23ml\/\" \/>\n<meta property=\"og:site_name\" content=\"geekvapor\" \/>\n<meta property=\"article:modified_time\" content=\"2025-01-14T07:30:05+00:00\" \/>\n<meta property=\"og:image\" content=\"https:\/\/geekvapor.com\/wp-content\/uploads\/2024\/12\/UZY-Bang-King-12000-Disposable-Vape-12K-Puffs-23ML.webp\" \/>\n\t<meta property=\"og:image:width\" content=\"1000\" \/>\n\t<meta property=\"og:image:height\" content=\"1000\" \/>\n\t<meta property=\"og:image:type\" content=\"image\/webp\" \/>\n<meta name=\"twitter:card\" content=\"summary_large_image\" \/>\n<meta name=\"twitter:label1\" content=\"Ber\u00e4knad l\u00e4stid\" \/>\n\t<meta name=\"twitter:data1\" content=\"2 minuter\" \/>\n<script type=\"application\/ld+json\" class=\"yoast-schema-graph\">{\"@context\":\"https:\/\/schema.org\",\"@graph\":[{\"@type\":\"WebPage\",\"@id\":\"https:\/\/geekvapor.com\/product\/uzy-bang-king-12000-disposable-vape-12k-puffs-23ml\/\",\"url\":\"https:\/\/geekvapor.com\/product\/uzy-bang-king-12000-disposable-vape-12k-puffs-23ml\/\",\"name\":\"UZY Bang King 12000 Disposable Vape 12K Puffs 23ML | geekvapor\",\"isPartOf\":{\"@id\":\"https:\/\/geekvapor.com\/#website\"},\"primaryImageOfPage\":{\"@id\":\"https:\/\/geekvapor.com\/product\/uzy-bang-king-12000-disposable-vape-12k-puffs-23ml\/#primaryimage\"},\"image\":{\"@id\":\"https:\/\/geekvapor.com\/product\/uzy-bang-king-12000-disposable-vape-12k-puffs-23ml\/#primaryimage\"},\"thumbnailUrl\":\"https:\/\/geekvapor.com\/wp-content\/uploads\/2024\/12\/UZY-Bang-King-12000-Disposable-Vape-12K-Puffs-23ML.webp\",\"datePublished\":\"2024-12-13T13:28:51+00:00\",\"dateModified\":\"2025-01-14T07:30:05+00:00\",\"description\":\"Discover the UZY Bang King 12000 disposable vape with 12k puffs, 14 bold flavors, adjustable nicotine options, fast Type-C charging.\",\"breadcrumb\":{\"@id\":\"https:\/\/geekvapor.com\/product\/uzy-bang-king-12000-disposable-vape-12k-puffs-23ml\/#breadcrumb\"},\"inLanguage\":\"sv-SE\",\"potentialAction\":[{\"@type\":\"ReadAction\",\"target\":[\"https:\/\/geekvapor.com\/product\/uzy-bang-king-12000-disposable-vape-12k-puffs-23ml\/\"]}]},{\"@type\":\"ImageObject\",\"inLanguage\":\"sv-SE\",\"@id\":\"https:\/\/geekvapor.com\/product\/uzy-bang-king-12000-disposable-vape-12k-puffs-23ml\/#primaryimage\",\"url\":\"https:\/\/geekvapor.com\/wp-content\/uploads\/2024\/12\/UZY-Bang-King-12000-Disposable-Vape-12K-Puffs-23ML.webp\",\"contentUrl\":\"https:\/\/geekvapor.com\/wp-content\/uploads\/2024\/12\/UZY-Bang-King-12000-Disposable-Vape-12K-Puffs-23ML.webp\",\"width\":1000,\"height\":1000,\"caption\":\"UZY Bang King 12000 Disposable Vape 12K Puffs 23ML\"},{\"@type\":\"BreadcrumbList\",\"@id\":\"https:\/\/geekvapor.com\/product\/uzy-bang-king-12000-disposable-vape-12k-puffs-23ml\/#breadcrumb\",\"itemListElement\":[{\"@type\":\"ListItem\",\"position\":1,\"name\":\"\u9996\u9875\",\"item\":\"https:\/\/geekvapor.com\/\"},{\"@type\":\"ListItem\",\"position\":2,\"name\":\"Shop\",\"item\":\"https:\/\/geekvapor.com\/shop\/\"},{\"@type\":\"ListItem\",\"position\":3,\"name\":\"UZY Bang King 12000 Disposable Vape 12K Puffs 23ML\"}]},{\"@type\":\"WebSite\",\"@id\":\"https:\/\/geekvapor.com\/#website\",\"url\":\"https:\/\/geekvapor.com\/\",\"name\":\"geekvapor\",\"description\":\"\",\"potentialAction\":[{\"@type\":\"SearchAction\",\"target\":{\"@type\":\"EntryPoint\",\"urlTemplate\":\"https:\/\/geekvapor.com\/?s={search_term_string}\"},\"query-input\":{\"@type\":\"PropertyValueSpecification\",\"valueRequired\":true,\"valueName\":\"search_term_string\"}}],\"inLanguage\":\"sv-SE\"}]}<\/script>\n<!-- \/ Yoast SEO Premium plugin. -->","yoast_head_json":{"title":"UZY Bang King 12000 eng\u00e5ngsvape 12K Puffs 23ML | geekvapor","description":"Uppt\u00e4ck UZY Bang King 12000 eng\u00e5ngsvape med 12k puffar, 14 dj\u00e4rva smaker, justerbara nikotinalternativ, snabb Type-C laddning.","robots":{"index":"index","follow":"follow","max-snippet":"max-snippet:-1","max-image-preview":"max-image-preview:large","max-video-preview":"max-video-preview:-1"},"canonical":"https:\/\/geekvapor.com\/sv\/product\/uzy-bang-king-12000-disposable-vape-12k-puffs-23ml\/","og_locale":"sv_SE","og_type":"article","og_title":"UZY Bang King 12000 Disposable Vape 12K Puffs 23ML","og_description":"Discover the UZY Bang King 12000 disposable vape with 12k puffs, 14 bold flavors, adjustable nicotine options, fast Type-C charging.","og_url":"https:\/\/geekvapor.com\/sv\/product\/uzy-bang-king-12000-disposable-vape-12k-puffs-23ml\/","og_site_name":"geekvapor","article_modified_time":"2025-01-14T07:30:05+00:00","og_image":[{"width":1000,"height":1000,"url":"https:\/\/geekvapor.com\/wp-content\/uploads\/2024\/12\/UZY-Bang-King-12000-Disposable-Vape-12K-Puffs-23ML.webp","type":"image\/webp"}],"twitter_card":"summary_large_image","twitter_misc":{"Ber\u00e4knad l\u00e4stid":"2 minuter"},"schema":{"@context":"https:\/\/schema.org","@graph":[{"@type":"WebPage","@id":"https:\/\/geekvapor.com\/product\/uzy-bang-king-12000-disposable-vape-12k-puffs-23ml\/","url":"https:\/\/geekvapor.com\/product\/uzy-bang-king-12000-disposable-vape-12k-puffs-23ml\/","name":"UZY Bang King 12000 eng\u00e5ngsvape 12K Puffs 23ML | geekvapor","isPartOf":{"@id":"https:\/\/geekvapor.com\/#website"},"primaryImageOfPage":{"@id":"https:\/\/geekvapor.com\/product\/uzy-bang-king-12000-disposable-vape-12k-puffs-23ml\/#primaryimage"},"image":{"@id":"https:\/\/geekvapor.com\/product\/uzy-bang-king-12000-disposable-vape-12k-puffs-23ml\/#primaryimage"},"thumbnailUrl":"https:\/\/geekvapor.com\/wp-content\/uploads\/2024\/12\/UZY-Bang-King-12000-Disposable-Vape-12K-Puffs-23ML.webp","datePublished":"2024-12-13T13:28:51+00:00","dateModified":"2025-01-14T07:30:05+00:00","description":"Uppt\u00e4ck UZY Bang King 12000 eng\u00e5ngsvape med 12k puffar, 14 dj\u00e4rva smaker, justerbara nikotinalternativ, snabb Type-C laddning.","breadcrumb":{"@id":"https:\/\/geekvapor.com\/product\/uzy-bang-king-12000-disposable-vape-12k-puffs-23ml\/#breadcrumb"},"inLanguage":"sv-SE","potentialAction":[{"@type":"ReadAction","target":["https:\/\/geekvapor.com\/product\/uzy-bang-king-12000-disposable-vape-12k-puffs-23ml\/"]}]},{"@type":"ImageObject","inLanguage":"sv-SE","@id":"https:\/\/geekvapor.com\/product\/uzy-bang-king-12000-disposable-vape-12k-puffs-23ml\/#primaryimage","url":"https:\/\/geekvapor.com\/wp-content\/uploads\/2024\/12\/UZY-Bang-King-12000-Disposable-Vape-12K-Puffs-23ML.webp","contentUrl":"https:\/\/geekvapor.com\/wp-content\/uploads\/2024\/12\/UZY-Bang-King-12000-Disposable-Vape-12K-Puffs-23ML.webp","width":1000,"height":1000,"caption":"UZY Bang King 12000 Disposable Vape 12K Puffs 23ML"},{"@type":"BreadcrumbList","@id":"https:\/\/geekvapor.com\/product\/uzy-bang-king-12000-disposable-vape-12k-puffs-23ml\/#breadcrumb","itemListElement":[{"@type":"ListItem","position":1,"name":"\u9996\u9875","item":"https:\/\/geekvapor.com\/"},{"@type":"ListItem","position":2,"name":"Shop","item":"https:\/\/geekvapor.com\/shop\/"},{"@type":"ListItem","position":3,"name":"UZY Bang King 12000 Disposable Vape 12K Puffs 23ML"}]},{"@type":"WebSite","@id":"https:\/\/geekvapor.com\/#website","url":"https:\/\/geekvapor.com\/","name":"geekvapor","description":"","potentialAction":[{"@type":"SearchAction","target":{"@type":"EntryPoint","urlTemplate":"https:\/\/geekvapor.com\/?s={search_term_string}"},"query-input":{"@type":"PropertyValueSpecification","valueRequired":true,"valueName":"search_term_string"}}],"inLanguage":"sv-SE"}]}},"tiered_pricing_type":"fixed","tiered_pricing_fixed_rules":{"30":"8.4","50":"7.5","100":"6.9","200":"6.7","400":"6.5"},"tiered_pricing_percentage_rules":[],"tiered_pricing_minimum":10,"tiered_pricing_roles_data":[],"_links":{"self":[{"href":"https:\/\/geekvapor.com\/sv\/wp-json\/wp\/v2\/product\/22207","targetHints":{"allow":["GET"]}}],"collection":[{"href":"https:\/\/geekvapor.com\/sv\/wp-json\/wp\/v2\/product"}],"about":[{"href":"https:\/\/geekvapor.com\/sv\/wp-json\/wp\/v2\/types\/product"}],"replies":[{"embeddable":true,"href":"https:\/\/geekvapor.com\/sv\/wp-json\/wp\/v2\/comments?post=22207"}],"wp:featuredmedia":[{"embeddable":true,"href":"https:\/\/geekvapor.com\/sv\/wp-json\/wp\/v2\/media\/29188"}],"wp:attachment":[{"href":"https:\/\/geekvapor.com\/sv\/wp-json\/wp\/v2\/media?parent=22207"}],"wp:term":[{"taxonomy":"product_brand","embeddable":true,"href":"https:\/\/geekvapor.com\/sv\/wp-json\/wp\/v2\/product_brand?post=22207"},{"taxonomy":"product_cat","embeddable":true,"href":"https:\/\/geekvapor.com\/sv\/wp-json\/wp\/v2\/product_cat?post=22207"},{"taxonomy":"product_tag","embeddable":true,"href":"https:\/\/geekvapor.com\/sv\/wp-json\/wp\/v2\/product_tag?post=22207"}],"curies":[{"name":"wp","href":"https:\/\/api.w.org\/{rel}","templated":true}]}}