{"id":21607,"date":"2024-12-13T13:27:23","date_gmt":"2024-12-13T13:27:23","guid":{"rendered":"https:\/\/geekvapor.com\/?post_type=product&#038;p=21607"},"modified":"2025-01-14T07:18:30","modified_gmt":"2025-01-14T07:18:30","slug":"elf-box-ls15000-disposable-vape-15k-puffs-18ml-hookah","status":"publish","type":"product","link":"https:\/\/geekvapor.com\/sv\/product\/elf-box-ls15000-disposable-vape-15k-puffs-18ml-hookah\/","title":{"rendered":"ELF BOX LS15000 Eng\u00e5ngsvape 15K Puffs 18ML Vattenpipa"},"content":{"rendered":"<h2 class=\"font-bold text-h3 leading-[40px] pt-[21px] pb-[2px] [&amp;_a]:underline-offset-[6px] [&amp;_.underline]:underline-offset-[6px]\" dir=\"ltr\" style=\"text-align: center;\"><span style=\"color: #83b828;\">ELF BOX LS15000 Disposable Vape<\/span><\/h2>\n<p>The <a href=\"https:\/\/geekvapor.com\/product-category\/vape-brands\/elf-box\/\">ELF BOX<\/a> LS15000 disposable vape is the ultimate power-packed device, delivering a massive <b><strong class=\"font-bold\">15k puffs<\/strong><\/b> with a 26mL e-liquid capacity in 12 epic flavors. Enjoy customizable nicotine levels (0%, 2%, 5%) and smooth DTL hits with a <b><strong class=\"font-bold\">0.65\u03a9 mesh coil<\/strong><\/b>. Recharge quickly via Type-C and vape without limits! Grab yours today!<\/p>\n<h3 class=\"font-bold text-h3 leading-[40px] pt-[21px] pb-[2px] [&amp;_a]:underline-offset-[6px] [&amp;_.underline]:underline-offset-[6px]\" dir=\"ltr\">ELF BOX LS15000 Disposable Vape <a href=\"https:\/\/geekvapor.com\/product-category\/puff-vape\/15000-puffs\/\">15K Puffs<\/a> Features<\/h3>\n<ul class=\"pt-[9px] pb-[2px] pl-[24px] list-disc [&amp;_ul]:pt-[5px] pt-[5px]\">\n<li class=\"text-body font-regular leading-[24px] my-[5px] [&amp;&gt;ol]:!pt-0 [&amp;&gt;ol]:!pb-0 [&amp;&gt;ul]:!pt-0 [&amp;&gt;ul]:!pb-0\" value=\"1\"><b><strong class=\"font-bold\">15,000 Puffs Per Device<\/strong><\/b>: Forget constant replacements\u2014this powerhouse is built to keep you satisfied, puff after puff, with an insane 15,000 puff capacity!<\/li>\n<li class=\"text-body font-regular leading-[24px] my-[5px] [&amp;&gt;ol]:!pt-0 [&amp;&gt;ol]:!pb-0 [&amp;&gt;ul]:!pt-0 [&amp;&gt;ul]:!pb-0\" value=\"2\"><b><strong class=\"font-bold\">26mL of E-Liquid<\/strong><\/b>: Goodbye, refills. Hello, uninterrupted vaping! With a massive 26mL pod, it\u2019s a breeze to vape all day (and beyond).<\/li>\n<li class=\"text-body font-regular leading-[24px] my-[5px] [&amp;&gt;ol]:!pt-0 [&amp;&gt;ol]:!pb-0 [&amp;&gt;ul]:!pt-0 [&amp;&gt;ul]:!pb-0\" value=\"3\"><b><strong class=\"font-bold\">Choose Your Nicotine<\/strong><\/b>: 0%, 2%, or 5%\u2014pick your vibe and customize your hit just the way you like it.<\/li>\n<li class=\"text-body font-regular leading-[24px] my-[5px] [&amp;&gt;ol]:!pt-0 [&amp;&gt;ol]:!pb-0 [&amp;&gt;ul]:!pt-0 [&amp;&gt;ul]:!pb-0\" value=\"4\"><b><strong class=\"font-bold\">Long-Lasting 600mAh Battery<\/strong><\/b>: Fully rechargeable via Type-C charging, so you\u2019re never left hanging. Power on, hit after hit.<\/li>\n<li class=\"text-body font-regular leading-[24px] my-[5px] [&amp;&gt;ol]:!pt-0 [&amp;&gt;ol]:!pb-0 [&amp;&gt;ul]:!pt-0 [&amp;&gt;ul]:!pb-0\" value=\"5\"><b><strong class=\"font-bold\">Type-C Fast Charging<\/strong><\/b>: Quick and easy\u2014because waiting to recharge is so last year.<\/li>\n<li class=\"text-body font-regular leading-[24px] my-[5px] [&amp;&gt;ol]:!pt-0 [&amp;&gt;ol]:!pb-0 [&amp;&gt;ul]:!pt-0 [&amp;&gt;ul]:!pb-0\" value=\"6\"><b><strong class=\"font-bold\">Direct-to-Lung Goodness<\/strong><\/b>: Craving smooth vapor and big flavor? The DTL design checks all the boxes for the ultimate cloud-chasing experience.<\/li>\n<li class=\"text-body font-regular leading-[24px] my-[5px] [&amp;&gt;ol]:!pt-0 [&amp;&gt;ol]:!pb-0 [&amp;&gt;ul]:!pt-0 [&amp;&gt;ul]:!pb-0\" value=\"7\"><b><strong class=\"font-bold\">0.65\u03a9 Mesh Coil<\/strong><\/b>: Superior flavor clarity and thick clouds are just a puff away with advanced mesh coil tech.<\/li>\n<li class=\"text-body font-regular leading-[24px] my-[5px] [&amp;&gt;ol]:!pt-0 [&amp;&gt;ol]:!pb-0 [&amp;&gt;ul]:!pt-0 [&amp;&gt;ul]:!pb-0\" value=\"8\"><b><strong class=\"font-bold\">12 Flavors, Endless Vibes<\/strong><\/b>: From fruity to icy, explore 12 epic flavors that\u2019ll keep your taste buds guessing.<\/li>\n<li class=\"text-body font-regular leading-[24px] my-[5px] [&amp;&gt;ol]:!pt-0 [&amp;&gt;ol]:!pb-0 [&amp;&gt;ul]:!pt-0 [&amp;&gt;ul]:!pb-0\" value=\"9\"><b><strong class=\"font-bold\">Sleek &amp; Portable<\/strong><\/b>: Pocket-friendly and stylish\u2014your next adventure just found its perfect vape companion.<\/li>\n<li class=\"text-body font-regular leading-[24px] my-[5px] [&amp;&gt;ol]:!pt-0 [&amp;&gt;ol]:!pb-0 [&amp;&gt;ul]:!pt-0 [&amp;&gt;ul]:!pb-0\" value=\"10\"><b><strong class=\"font-bold\">Bulk Made Easy<\/strong><\/b>: Need more? Grab a box of 10 and stock up for yourself or for resale.<\/li>\n<\/ul>\n<p class=\"text-body font-regular leading-[24px] pt-[9px] pb-[2px]\" dir=\"ltr\">The ELF BOX LS15000 is here to level up your vape game. Are you ready to experience it? \ud83d\ude80<\/p>\n<h3 class=\"drawer-header mb-200 text-style-body-lg-500 text-info\">What&#8217;s Included<\/h3>\n<p>1 * ELF BOX LS15000<\/p>\n<h3><span style=\"color: #000000;\">Flavor List&amp; Nicotine Options<\/span><\/h3>\n<p><span style=\"color: #000000;\">There\u2019s a flavour to match every mood and taste. The ELF Box LS15000 comes in the following varieties:<\/span><\/p>\n<ol>\n<li><strong><span style=\"color: #000000;\">Blackberry Ice<\/span><\/strong><\/li>\n<li><strong><span style=\"color: #000000;\">Blueberry on Ice<\/span><\/strong><\/li>\n<li><strong><span style=\"color: #000000;\">Kiwi Passion Fruit<\/span><\/strong><\/li>\n<li><strong><span style=\"color: #000000;\">Strawberry Kiwi<\/span><\/strong><\/li>\n<li><strong><span style=\"color: #000000;\">Blue Razz Lemonade<\/span><\/strong><\/li>\n<li><strong><span style=\"color: #000000;\">Watermelon Ice<\/span><\/strong><\/li>\n<li><strong><span style=\"color: #000000;\">Strawberry Watermelon<\/span><\/strong><\/li>\n<li><strong><span style=\"color: #000000;\">Strawberry Ice<\/span><\/strong><\/li>\n<li><strong><span style=\"color: #000000;\">Peach Mango Pineapple<\/span><\/strong><\/li>\n<li><strong><span style=\"color: #000000;\">Grape Ice<\/span><\/strong><\/li>\n<li><strong><span style=\"color: #000000;\">Mango Banana<\/span><\/strong><\/li>\n<li><strong><span style=\"color: #000000;\">Mixed Berries<\/span><\/strong><\/li>\n<\/ol>\n<p><span style=\"color: #000000;\">Customize your experience further with <strong>nicotine<\/strong> strengths available in <strong>0%, 2%, and 5%.<\/strong><\/span><\/p>\n","protected":false},"excerpt":{"rendered":"<div class=\"woocommerce-product-details__short-description\">\n<div class=\"flex max-w-full flex-col flex-grow\">\n<div class=\"min-h-8 text-message flex w-full flex-col items-end gap-2 whitespace-normal break-words [.text-message+&amp;]:mt-5\" dir=\"auto\" data-message-author-role=\"assistant\" data-message-id=\"344a5b5b-2fb2-40b0-9409-5cd01d5b428c\">\n<div class=\"flex w-full flex-col gap-1 empty:hidden first:pt-[3px]\">\n<div class=\"markdown prose w-full break-words dark:prose-invert light\">\n<ul>\n<li>15000 puffs<\/li>\n<li>12 flavors<\/li>\n<li>600mAh<\/li>\n<li>0%Nicotine\/2%Nicotine\/5%Nicotine<\/li>\n<li>26mL<\/li>\n<li>1 box of 10 pieces<\/li>\n<\/ul>\n<\/div>\n<\/div>\n<\/div>\n<\/div>\n<\/div>\n","protected":false},"featured_media":28781,"comment_status":"open","ping_status":"closed","template":"","meta":[],"product_brand":[],"product_cat":[200,205,201,213,234],"product_tag":[],"class_list":{"0":"post-21607","1":"product","2":"type-product","3":"status-publish","4":"has-post-thumbnail","6":"product_cat-low-nicotine-vape","7":"product_cat-hookah-vape","8":"product_cat-rechargeable-vapes","9":"product_cat-15000-puffs","10":"product_cat-elf-box","12":"first","13":"instock","14":"shipping-taxable","15":"purchasable","16":"product-type-variable"},"yoast_head":"<!-- This site is optimized with the Yoast SEO Premium plugin v24.0 (Yoast SEO v26.0) - https:\/\/yoast.com\/wordpress\/plugins\/seo\/ -->\n<title>ELF BOX LS15000 Disposable Vape 15K Puffs 18ML Hookah | geekvapor<\/title>\n<meta name=\"description\" content=\"Discover the ELF BOX LS15000 disposable vape with 15K puffs, 12 flavors, fast Type-C charging, and customizable nicotine. Elevate your vape game today!\" \/>\n<meta name=\"robots\" content=\"index, follow, max-snippet:-1, max-image-preview:large, max-video-preview:-1\" \/>\n<link rel=\"canonical\" href=\"https:\/\/geekvapor.com\/sv\/product\/elf-box-ls15000-disposable-vape-15k-puffs-18ml-hookah\/\" \/>\n<meta property=\"og:locale\" content=\"sv_SE\" \/>\n<meta property=\"og:type\" content=\"article\" \/>\n<meta property=\"og:title\" content=\"ELF BOX LS15000 Disposable Vape 15K Puffs 18ML Hookah\" \/>\n<meta property=\"og:description\" content=\"Discover the ELF BOX LS15000 disposable vape with 15K puffs, 12 flavors, fast Type-C charging, and customizable nicotine. Elevate your vape game today!\" \/>\n<meta property=\"og:url\" content=\"https:\/\/geekvapor.com\/sv\/product\/elf-box-ls15000-disposable-vape-15k-puffs-18ml-hookah\/\" \/>\n<meta property=\"og:site_name\" content=\"geekvapor\" \/>\n<meta property=\"article:modified_time\" content=\"2025-01-14T07:18:30+00:00\" \/>\n<meta property=\"og:image\" content=\"https:\/\/geekvapor.com\/wp-content\/uploads\/2024\/12\/ELF-BOX-LS15000-Disposable-Vape-15K-Puffs-18ML-Hookah.webp\" \/>\n\t<meta property=\"og:image:width\" content=\"1000\" \/>\n\t<meta property=\"og:image:height\" content=\"1000\" \/>\n\t<meta property=\"og:image:type\" content=\"image\/webp\" \/>\n<meta name=\"twitter:card\" content=\"summary_large_image\" \/>\n<meta name=\"twitter:label1\" content=\"Ber\u00e4knad l\u00e4stid\" \/>\n\t<meta name=\"twitter:data1\" content=\"2 minuter\" \/>\n<script type=\"application\/ld+json\" class=\"yoast-schema-graph\">{\"@context\":\"https:\/\/schema.org\",\"@graph\":[{\"@type\":\"WebPage\",\"@id\":\"https:\/\/geekvapor.com\/product\/elf-box-ls15000-disposable-vape-15k-puffs-18ml-hookah\/\",\"url\":\"https:\/\/geekvapor.com\/product\/elf-box-ls15000-disposable-vape-15k-puffs-18ml-hookah\/\",\"name\":\"ELF BOX LS15000 Disposable Vape 15K Puffs 18ML Hookah | geekvapor\",\"isPartOf\":{\"@id\":\"https:\/\/geekvapor.com\/#website\"},\"primaryImageOfPage\":{\"@id\":\"https:\/\/geekvapor.com\/product\/elf-box-ls15000-disposable-vape-15k-puffs-18ml-hookah\/#primaryimage\"},\"image\":{\"@id\":\"https:\/\/geekvapor.com\/product\/elf-box-ls15000-disposable-vape-15k-puffs-18ml-hookah\/#primaryimage\"},\"thumbnailUrl\":\"https:\/\/geekvapor.com\/wp-content\/uploads\/2024\/12\/ELF-BOX-LS15000-Disposable-Vape-15K-Puffs-18ML-Hookah.webp\",\"datePublished\":\"2024-12-13T13:27:23+00:00\",\"dateModified\":\"2025-01-14T07:18:30+00:00\",\"description\":\"Discover the ELF BOX LS15000 disposable vape with 15K puffs, 12 flavors, fast Type-C charging, and customizable nicotine. Elevate your vape game today!\",\"breadcrumb\":{\"@id\":\"https:\/\/geekvapor.com\/product\/elf-box-ls15000-disposable-vape-15k-puffs-18ml-hookah\/#breadcrumb\"},\"inLanguage\":\"sv-SE\",\"potentialAction\":[{\"@type\":\"ReadAction\",\"target\":[\"https:\/\/geekvapor.com\/product\/elf-box-ls15000-disposable-vape-15k-puffs-18ml-hookah\/\"]}]},{\"@type\":\"ImageObject\",\"inLanguage\":\"sv-SE\",\"@id\":\"https:\/\/geekvapor.com\/product\/elf-box-ls15000-disposable-vape-15k-puffs-18ml-hookah\/#primaryimage\",\"url\":\"https:\/\/geekvapor.com\/wp-content\/uploads\/2024\/12\/ELF-BOX-LS15000-Disposable-Vape-15K-Puffs-18ML-Hookah.webp\",\"contentUrl\":\"https:\/\/geekvapor.com\/wp-content\/uploads\/2024\/12\/ELF-BOX-LS15000-Disposable-Vape-15K-Puffs-18ML-Hookah.webp\",\"width\":1000,\"height\":1000,\"caption\":\"ELF BOX LS15000 Disposable Vape 15K Puffs 18ML Hookah\"},{\"@type\":\"BreadcrumbList\",\"@id\":\"https:\/\/geekvapor.com\/product\/elf-box-ls15000-disposable-vape-15k-puffs-18ml-hookah\/#breadcrumb\",\"itemListElement\":[{\"@type\":\"ListItem\",\"position\":1,\"name\":\"\u9996\u9875\",\"item\":\"https:\/\/geekvapor.com\/\"},{\"@type\":\"ListItem\",\"position\":2,\"name\":\"Shop\",\"item\":\"https:\/\/geekvapor.com\/shop\/\"},{\"@type\":\"ListItem\",\"position\":3,\"name\":\"ELF BOX LS15000 Disposable Vape 15K Puffs 18ML Hookah\"}]},{\"@type\":\"WebSite\",\"@id\":\"https:\/\/geekvapor.com\/#website\",\"url\":\"https:\/\/geekvapor.com\/\",\"name\":\"geekvapor\",\"description\":\"\",\"potentialAction\":[{\"@type\":\"SearchAction\",\"target\":{\"@type\":\"EntryPoint\",\"urlTemplate\":\"https:\/\/geekvapor.com\/?s={search_term_string}\"},\"query-input\":{\"@type\":\"PropertyValueSpecification\",\"valueRequired\":true,\"valueName\":\"search_term_string\"}}],\"inLanguage\":\"sv-SE\"}]}<\/script>\n<!-- \/ Yoast SEO Premium plugin. -->","yoast_head_json":{"title":"ELF BOX LS15000 Eng\u00e5ngsvape 15K Puffs 18ML Vattenpipa | geekvapor","description":"Uppt\u00e4ck ELF BOX LS15000 eng\u00e5ngsvape med 15 000 puffar, 12 smaker, snabb typ C-laddning och anpassningsbart nikotin. F\u00f6rb\u00e4ttra ditt vape-spel idag!","robots":{"index":"index","follow":"follow","max-snippet":"max-snippet:-1","max-image-preview":"max-image-preview:large","max-video-preview":"max-video-preview:-1"},"canonical":"https:\/\/geekvapor.com\/sv\/product\/elf-box-ls15000-disposable-vape-15k-puffs-18ml-hookah\/","og_locale":"sv_SE","og_type":"article","og_title":"ELF BOX LS15000 Disposable Vape 15K Puffs 18ML Hookah","og_description":"Discover the ELF BOX LS15000 disposable vape with 15K puffs, 12 flavors, fast Type-C charging, and customizable nicotine. Elevate your vape game today!","og_url":"https:\/\/geekvapor.com\/sv\/product\/elf-box-ls15000-disposable-vape-15k-puffs-18ml-hookah\/","og_site_name":"geekvapor","article_modified_time":"2025-01-14T07:18:30+00:00","og_image":[{"width":1000,"height":1000,"url":"https:\/\/geekvapor.com\/wp-content\/uploads\/2024\/12\/ELF-BOX-LS15000-Disposable-Vape-15K-Puffs-18ML-Hookah.webp","type":"image\/webp"}],"twitter_card":"summary_large_image","twitter_misc":{"Ber\u00e4knad l\u00e4stid":"2 minuter"},"schema":{"@context":"https:\/\/schema.org","@graph":[{"@type":"WebPage","@id":"https:\/\/geekvapor.com\/product\/elf-box-ls15000-disposable-vape-15k-puffs-18ml-hookah\/","url":"https:\/\/geekvapor.com\/product\/elf-box-ls15000-disposable-vape-15k-puffs-18ml-hookah\/","name":"ELF BOX LS15000 Eng\u00e5ngsvape 15K Puffs 18ML Vattenpipa | geekvapor","isPartOf":{"@id":"https:\/\/geekvapor.com\/#website"},"primaryImageOfPage":{"@id":"https:\/\/geekvapor.com\/product\/elf-box-ls15000-disposable-vape-15k-puffs-18ml-hookah\/#primaryimage"},"image":{"@id":"https:\/\/geekvapor.com\/product\/elf-box-ls15000-disposable-vape-15k-puffs-18ml-hookah\/#primaryimage"},"thumbnailUrl":"https:\/\/geekvapor.com\/wp-content\/uploads\/2024\/12\/ELF-BOX-LS15000-Disposable-Vape-15K-Puffs-18ML-Hookah.webp","datePublished":"2024-12-13T13:27:23+00:00","dateModified":"2025-01-14T07:18:30+00:00","description":"Uppt\u00e4ck ELF BOX LS15000 eng\u00e5ngsvape med 15 000 puffar, 12 smaker, snabb typ C-laddning och anpassningsbart nikotin. F\u00f6rb\u00e4ttra ditt vape-spel idag!","breadcrumb":{"@id":"https:\/\/geekvapor.com\/product\/elf-box-ls15000-disposable-vape-15k-puffs-18ml-hookah\/#breadcrumb"},"inLanguage":"sv-SE","potentialAction":[{"@type":"ReadAction","target":["https:\/\/geekvapor.com\/product\/elf-box-ls15000-disposable-vape-15k-puffs-18ml-hookah\/"]}]},{"@type":"ImageObject","inLanguage":"sv-SE","@id":"https:\/\/geekvapor.com\/product\/elf-box-ls15000-disposable-vape-15k-puffs-18ml-hookah\/#primaryimage","url":"https:\/\/geekvapor.com\/wp-content\/uploads\/2024\/12\/ELF-BOX-LS15000-Disposable-Vape-15K-Puffs-18ML-Hookah.webp","contentUrl":"https:\/\/geekvapor.com\/wp-content\/uploads\/2024\/12\/ELF-BOX-LS15000-Disposable-Vape-15K-Puffs-18ML-Hookah.webp","width":1000,"height":1000,"caption":"ELF BOX LS15000 Disposable Vape 15K Puffs 18ML Hookah"},{"@type":"BreadcrumbList","@id":"https:\/\/geekvapor.com\/product\/elf-box-ls15000-disposable-vape-15k-puffs-18ml-hookah\/#breadcrumb","itemListElement":[{"@type":"ListItem","position":1,"name":"\u9996\u9875","item":"https:\/\/geekvapor.com\/"},{"@type":"ListItem","position":2,"name":"Shop","item":"https:\/\/geekvapor.com\/shop\/"},{"@type":"ListItem","position":3,"name":"ELF BOX LS15000 Disposable Vape 15K Puffs 18ML Hookah"}]},{"@type":"WebSite","@id":"https:\/\/geekvapor.com\/#website","url":"https:\/\/geekvapor.com\/","name":"geekvapor","description":"","potentialAction":[{"@type":"SearchAction","target":{"@type":"EntryPoint","urlTemplate":"https:\/\/geekvapor.com\/?s={search_term_string}"},"query-input":{"@type":"PropertyValueSpecification","valueRequired":true,"valueName":"search_term_string"}}],"inLanguage":"sv-SE"}]}},"tiered_pricing_type":"fixed","tiered_pricing_fixed_rules":{"30":"9.2","50":"7.8","100":"7.2","200":"6.8","400":"6.5"},"tiered_pricing_percentage_rules":[],"tiered_pricing_minimum":10,"tiered_pricing_roles_data":[],"_links":{"self":[{"href":"https:\/\/geekvapor.com\/sv\/wp-json\/wp\/v2\/product\/21607","targetHints":{"allow":["GET"]}}],"collection":[{"href":"https:\/\/geekvapor.com\/sv\/wp-json\/wp\/v2\/product"}],"about":[{"href":"https:\/\/geekvapor.com\/sv\/wp-json\/wp\/v2\/types\/product"}],"replies":[{"embeddable":true,"href":"https:\/\/geekvapor.com\/sv\/wp-json\/wp\/v2\/comments?post=21607"}],"wp:featuredmedia":[{"embeddable":true,"href":"https:\/\/geekvapor.com\/sv\/wp-json\/wp\/v2\/media\/28781"}],"wp:attachment":[{"href":"https:\/\/geekvapor.com\/sv\/wp-json\/wp\/v2\/media?parent=21607"}],"wp:term":[{"taxonomy":"product_brand","embeddable":true,"href":"https:\/\/geekvapor.com\/sv\/wp-json\/wp\/v2\/product_brand?post=21607"},{"taxonomy":"product_cat","embeddable":true,"href":"https:\/\/geekvapor.com\/sv\/wp-json\/wp\/v2\/product_cat?post=21607"},{"taxonomy":"product_tag","embeddable":true,"href":"https:\/\/geekvapor.com\/sv\/wp-json\/wp\/v2\/product_tag?post=21607"}],"curies":[{"name":"wp","href":"https:\/\/api.w.org\/{rel}","templated":true}]}}