{"id":3,"date":"2024-12-13T08:23:57","date_gmt":"2024-12-13T08:23:57","guid":{"rendered":"https:\/\/geekvapor.com\/?page_id=3"},"modified":"2024-12-20T10:19:47","modified_gmt":"2024-12-20T10:19:47","slug":"privacy-policy","status":"publish","type":"page","link":"https:\/\/geekvapor.com\/sv\/privacy-policy\/","title":{"rendered":"Integritetspolicy"},"content":{"rendered":"<div data-elementor-type=\"wp-page\" data-elementor-id=\"3\" class=\"elementor elementor-3\">\n\t\t\t\t<div class=\"elementor-element elementor-element-023e491 e-flex e-con-boxed e-con e-parent\" data-id=\"023e491\" data-element_type=\"container\">\n\t\t\t\t\t<div class=\"e-con-inner\">\n\t\t\t\t<div class=\"elementor-element elementor-element-5fa6f53 elementor-widget elementor-widget-heading\" data-id=\"5fa6f53\" data-element_type=\"widget\" data-widget_type=\"heading.default\">\n\t\t\t\t<div class=\"elementor-widget-container\">\n\t\t\t\t\t<h2 class=\"elementor-heading-title elementor-size-default\">www.geekvapor.com Integritetspolicy\n\n<\/h2>\t\t\t\t<\/div>\n\t\t\t\t<\/div>\n\t\t\t\t\t<\/div>\n\t\t\t\t<\/div>\n\t\t<div class=\"elementor-element elementor-element-12a07c4 e-flex e-con-boxed e-con e-parent\" data-id=\"12a07c4\" data-element_type=\"container\">\n\t\t\t\t\t<div class=\"e-con-inner\">\n\t\t\t\t<div class=\"elementor-element elementor-element-601131d elementor-widget elementor-widget-text-editor\" data-id=\"601131d\" data-element_type=\"widget\" data-widget_type=\"text-editor.default\">\n\t\t\t\t<div class=\"elementor-widget-container\">\n\t\t\t\t\t\t\t\t\t<p>Typ av webbplats: E-handel<br \/>Ikrafttr\u00e4dande: 20 december 2023<\/p><p>www.geekvapor.com (\u201cWebbplatsen\u201d) \u00e4gs och drivs av geekvapor. geekvapor \u00e4r personuppgiftsansvarig och kan kontaktas p\u00e5<\/p><p>info@GeekVapor.com<\/p><h3>Syfte<\/h3><p>Syftet med denna integritetspolicy (denna \u201cIntegritetspolicy\u201d) \u00e4r att informera anv\u00e4ndare av v\u00e5r webbplats om f\u00f6ljande:<\/p><ol start=\"1\"><li value=\"1\">De personuppgifter vi kommer att samla in;<\/li><li value=\"2\">Anv\u00e4ndning av insamlade uppgifter;<\/li><li value=\"3\">Vem som har tillg\u00e5ng till de insamlade uppgifterna;<\/li><li value=\"4\">Webbplatsanv\u00e4ndarnas r\u00e4ttigheter; och<\/li><li value=\"5\">Webbplatsens cookiepolicy.<\/li><\/ol><p>Denna integritetspolicy g\u00e4ller ut\u00f6ver villkoren f\u00f6r v\u00e5r webbplats.<\/p><div><h3>GDPR<\/h3><p>F\u00f6r anv\u00e4ndare i Europeiska unionen f\u00f6ljer vi Europaparlamentets och r\u00e5dets f\u00f6rordning (EU) 2016\/679 av den 27 april 2016, k\u00e4nd som den allm\u00e4nna dataskyddsf\u00f6rordningen (\u201cGDPR\u201d). F\u00f6r anv\u00e4ndare i Storbritannien f\u00f6ljer vi GDPR i enlighet med Data Protection Act 2018.<\/p><\/div><div><h3>Samtycke<\/h3><p>Genom att anv\u00e4nda v\u00e5r webbplats godk\u00e4nner anv\u00e4ndarna att de samtycker till:<\/p><ol start=\"1\"><li value=\"1\">De villkor som anges i denna Integritetspolicy.<\/li><\/ol><p>N\u00e4r den r\u00e4ttsliga grunden f\u00f6r v\u00e5r behandling av dina personuppgifter \u00e4r att du har l\u00e4mnat ditt samtycke till behandlingen, kan du n\u00e4r som helst \u00e5terkalla ditt samtycke. Om du \u00e5terkallar ditt samtycke kommer det inte att g\u00f6ra den behandling som vi genomf\u00f6rde innan du \u00e5terkallade ditt samtycke olaglig.<\/p><p>Du kan \u00e5terkalla ditt samtycke genom att: Kontakta dataskyddsombudet.<\/p><\/div><div><h3>R\u00e4ttslig grund f\u00f6r behandling<\/h3><p>Vi samlar in och behandlar personuppgifter om anv\u00e4ndare i EU endast n\u00e4r vi har en r\u00e4ttslig grund f\u00f6r att g\u00f6ra det enligt artikel 6 i dataskyddsf\u00f6rordningen.<\/p><p>Vi f\u00f6rlitar oss p\u00e5 f\u00f6ljande r\u00e4ttsliga grunder f\u00f6r att samla in och behandla personuppgifter om anv\u00e4ndare i EU:<\/p><ol start=\"1\"><li value=\"1\">Anv\u00e4ndarna har l\u00e4mnat sitt samtycke till att deras uppgifter behandlas f\u00f6r ett eller flera specifika \u00e4ndam\u00e5l; och<\/li><li value=\"2\">Behandlingen av anv\u00e4ndarens personuppgifter \u00e4r n\u00f6dv\u00e4ndig f\u00f6r att utf\u00f6ra en uppgift av allm\u00e4nt intresse eller som ett led i v\u00e5r myndighetsut\u00f6vning.<\/li><\/ol><\/div><h3>Personuppgifter som vi samlar in<\/h3><p>Vi samlar endast in uppgifter som hj\u00e4lper oss att uppn\u00e5 det syfte som anges i denna integritetspolicy. Vi kommer inte att samla in n\u00e5gra ytterligare uppgifter ut\u00f6ver de uppgifter som anges nedan utan att f\u00f6rst meddela dig.<\/p><p><u>Data som samlas in automatiskt<\/u><br \/>N\u00e4r du bes\u00f6ker och anv\u00e4nder v\u00e5r webbplats kan vi automatiskt samla in och lagra f\u00f6ljande information:<\/p><ol start=\"1\"><li value=\"1\">IP-adress;<\/li><li value=\"2\">Plats;<\/li><li value=\"3\">klickade l\u00e4nkar; och<\/li><li value=\"4\">Inneh\u00e5llet visas.<\/li><\/ol><p><u>Data som samlas in p\u00e5 ett icke-automatiskt s\u00e4tt<\/u><br \/>Vi kan ocks\u00e5 samla in f\u00f6ljande uppgifter n\u00e4r du utf\u00f6r vissa funktioner p\u00e5 v\u00e5r webbplats:<\/p><ol start=\"1\"><li value=\"1\">F\u00f6r- och efternamn;<\/li><li value=\"2\">Telefon nummer;<\/li><li value=\"3\">adress, och<\/li><li value=\"4\">Betalningsinformation.<\/li><\/ol><p>Dessa uppgifter kan samlas in med hj\u00e4lp av f\u00f6ljande metoder:<\/p><ol start=\"1\"><li value=\"1\">Skapa ett konto.<\/li><\/ol><h3>Hur vi anv\u00e4nder personuppgifter<\/h3><p>Uppgifter som samlas in p\u00e5 v\u00e5r webbplats kommer endast att anv\u00e4ndas f\u00f6r de \u00e4ndam\u00e5l som anges i denna integritetspolicy eller som anges p\u00e5 relevanta sidor p\u00e5 v\u00e5r webbplats. Vi kommer inte att anv\u00e4nda dina uppgifter ut\u00f6ver vad vi anger i denna integritetspolicy.<\/p><p>De uppgifter som vi samlar in automatiskt anv\u00e4nds f\u00f6r f\u00f6ljande \u00e4ndam\u00e5l:<\/p><ol start=\"1\"><li value=\"1\">Statistik.<\/li><\/ol><p>De uppgifter som vi samlar in n\u00e4r anv\u00e4ndaren utf\u00f6r vissa funktioner kan anv\u00e4ndas f\u00f6r f\u00f6ljande \u00e4ndam\u00e5l:<\/p><ol start=\"1\"><li value=\"1\">Kommunikation.<\/li><\/ol><h3>Vem vi delar personuppgifter med<\/h3><p><u>Anst\u00e4llda<\/u><br \/>Vi kan l\u00e4mna ut anv\u00e4ndardata till alla medlemmar i v\u00e5r organisation som rimligen beh\u00f6ver tillg\u00e5ng till anv\u00e4ndardata f\u00f6r att uppn\u00e5 de syften som anges i denna integritetspolicy.<\/p><div><p><u>\u00d6vriga upplysningar<\/u><br \/>Vi kommer inte att s\u00e4lja eller dela dina uppgifter med andra tredje parter, f\u00f6rutom i f\u00f6ljande fall:<\/p><ol start=\"1\"><li value=\"1\">Om lagen kr\u00e4ver det;<\/li><li value=\"2\">Om det kr\u00e4vs f\u00f6r n\u00e5got r\u00e4ttsligt f\u00f6rfarande;<\/li><li value=\"3\">F\u00f6r att bevisa eller skydda v\u00e5ra lagliga r\u00e4ttigheter; och<\/li><li value=\"4\">Till k\u00f6pare eller potentiella k\u00f6pare av detta f\u00f6retag i h\u00e4ndelse av att vi f\u00f6rs\u00f6ker s\u00e4lja f\u00f6retaget.<\/li><\/ol><p>Om du f\u00f6ljer hyperl\u00e4nkar fr\u00e5n v\u00e5r webbplats till en annan webbplats, observera att vi inte ansvarar f\u00f6r och inte har n\u00e5gon kontroll \u00f6ver deras integritetspolicy och praxis.<\/p><\/div><h3>Hur l\u00e4nge vi lagrar personuppgifter<\/h3><p>Anv\u00e4ndaruppgifterna lagras tills det syfte som uppgifterna samlades in f\u00f6r har uppn\u00e5tts.<\/p><p>Du kommer att meddelas om dina uppgifter sparas under l\u00e4ngre tid \u00e4n denna period.<\/p><h3>Hur vi skyddar dina personuppgifter<\/h3><p>F\u00f6r att skydda din s\u00e4kerhet anv\u00e4nder vi den starkaste tillg\u00e4ngliga webbl\u00e4sarkrypteringen och lagrar alla v\u00e5ra data p\u00e5 servrar i s\u00e4kra anl\u00e4ggningar. Alla uppgifter \u00e4r endast tillg\u00e4ngliga f\u00f6r v\u00e5ra anst\u00e4llda. V\u00e5ra anst\u00e4llda \u00e4r bundna av strikta sekretessavtal och ett brott mot detta avtal skulle leda till att den anst\u00e4llde s\u00e4gs upp.<\/p><p>\u00c4ven om vi vidtar alla rimliga f\u00f6rsiktighets\u00e5tg\u00e4rder f\u00f6r att s\u00e4kerst\u00e4lla att anv\u00e4ndardata \u00e4r s\u00e4kra och att anv\u00e4ndare skyddas, finns det alltid en risk f\u00f6r skada. Internet som helhet kan ibland vara os\u00e4kert och d\u00e4rf\u00f6r kan vi inte garantera s\u00e4kerheten f\u00f6r anv\u00e4ndardata ut\u00f6ver vad som \u00e4r rimligt praktiskt.<\/p><h3>Dina r\u00e4ttigheter som anv\u00e4ndare<\/h3><p>Enligt dataskyddsf\u00f6rordningen har du f\u00f6ljande r\u00e4ttigheter:<\/p><ol start=\"1\"><li value=\"1\">R\u00e4tt att bli informerad;<\/li><li value=\"2\">R\u00e4tt till tillg\u00e5ng;<\/li><li value=\"3\">R\u00e4tt till r\u00e4ttelse;<\/li><li value=\"4\">R\u00e4tt till radering;<\/li><li value=\"5\">R\u00e4tt till begr\u00e4nsning av behandling;<\/li><li value=\"6\">R\u00e4tt till dataportabilitet; och<\/li><li value=\"7\">R\u00e4tt att g\u00f6ra inv\u00e4ndningar.<\/li><\/ol><div><h3>Barn och ungdomar<\/h3><p>Minimi\u00e5ldern f\u00f6r att anv\u00e4nda v\u00e5r webbplats \u00e4r 21 \u00e5r. Vi samlar inte medvetet in eller anv\u00e4nder personuppgifter fr\u00e5n barn under 16 \u00e5r. Om vi f\u00e5r reda p\u00e5 att vi har samlat in personuppgifter fr\u00e5n ett barn under 16 \u00e5r kommer personuppgifterna att raderas s\u00e5 snart som m\u00f6jligt. Om ett barn under 16 \u00e5r har l\u00e4mnat personuppgifter till oss kan barnets f\u00f6r\u00e4lder eller v\u00e5rdnadshavare kontakta v\u00e5rt dataskyddsombud.<\/p><\/div><div><h3>Hur man v\u00e4ljer bort insamling, anv\u00e4ndning eller utl\u00e4mnande av data<\/h3><p>Ut\u00f6ver den eller de metoder som beskrivs i <em>Hur du f\u00e5r tillg\u00e5ng till, \u00e4ndrar, raderar eller ifr\u00e5gas\u00e4tter de insamlade uppgifterna<\/em>\u00a0tillhandah\u00e5ller vi f\u00f6ljande specifika metoder f\u00f6r att v\u00e4lja bort de former av insamling, anv\u00e4ndning eller utl\u00e4mnande av dina personuppgifter som anges nedan:<\/p><ol start=\"1\"><li value=\"1\">Du kan v\u00e4lja bort anv\u00e4ndningen av dina personuppgifter f\u00f6r marknadsf\u00f6ringsmeddelanden. Du kan v\u00e4lja bort detta genom att klicka p\u00e5 \u201cavsluta prenumeration\u201d l\u00e4ngst ner i varje marknadsf\u00f6ringsmeddelande eller uppdatera dina e-postpreferenser under \u201cDitt konto\u201d<\/li><\/ol><\/div><div><h3>Policy f\u00f6r cookies<\/h3><p>En cookie \u00e4r en liten fil som lagras p\u00e5 en anv\u00e4ndares h\u00e5rddisk av en webbplats. Dess syfte \u00e4r att samla in uppgifter om anv\u00e4ndarens surfvanor. Du kan v\u00e4lja att f\u00e5 ett meddelande varje g\u00e5ng en cookie \u00f6verf\u00f6rs. Du kan ocks\u00e5 v\u00e4lja att inaktivera cookies helt och h\u00e5llet i din webbl\u00e4sare, men detta kan f\u00f6rs\u00e4mra kvaliteten p\u00e5 din anv\u00e4ndarupplevelse.<\/p><p>Vi anv\u00e4nder f\u00f6ljande typer av cookies p\u00e5 v\u00e5r webbplats:<\/p><ol start=\"1\"><li value=\"1\"><u>Funktionella cookies<\/u><br \/>Funktionella cookies anv\u00e4nds f\u00f6r att komma ih\u00e5g de val du g\u00f6r p\u00e5 v\u00e5r webbplats s\u00e5 att dina val sparas till dina n\u00e4sta bes\u00f6k; och<\/li><li value=\"2\"><u>Analytiska cookies<\/u><br \/>Analytiska cookies g\u00f6r det m\u00f6jligt f\u00f6r oss att f\u00f6rb\u00e4ttra utformningen och funktionaliteten p\u00e5 v\u00e5r webbplats genom att samla in uppgifter om hur du anv\u00e4nder v\u00e5r webbplats, t.ex. uppgifter om vilket inneh\u00e5ll du anv\u00e4nder, hur l\u00e4nge du stannar p\u00e5 v\u00e5r webbplats osv.<\/li><\/ol><\/div><h3>Modifieringar<\/h3><p>Denna integritetspolicy kan \u00e4ndras fr\u00e5n tid till annan f\u00f6r att uppr\u00e4tth\u00e5lla efterlevnad av lagen och f\u00f6r att \u00e5terspegla eventuella \u00e4ndringar i v\u00e5r datainsamlingsprocess. N\u00e4r vi \u00e4ndrar denna sekretesspolicy uppdaterar vi \u201cIkrafttr\u00e4dandedatum\u201d h\u00f6gst upp i sekretesspolicyn. Vi rekommenderar att v\u00e5ra anv\u00e4ndare regelbundet granskar v\u00e5r integritetspolicy f\u00f6r att s\u00e4kerst\u00e4lla att de f\u00e5r information om eventuella uppdateringar. Om det beh\u00f6vs kan vi meddela anv\u00e4ndare via e-post om \u00e4ndringar i denna integritetspolicy.<\/p><h3>Klagom\u00e5l<\/h3><p>Om du har n\u00e5gra klagom\u00e5l p\u00e5 hur vi behandlar dina personuppgifter, v\u00e4nligen kontakta oss via de kontaktmetoder som anges i <em>Kontaktuppgifter<\/em> s\u00e5 att vi om m\u00f6jligt kan l\u00f6sa problemet. Om du anser att vi inte har hanterat ditt \u00e4rende p\u00e5 ett tillfredsst\u00e4llande s\u00e4tt kan du kontakta en tillsynsmyndighet. Du har ocks\u00e5 r\u00e4tt att l\u00e4mna in ett klagom\u00e5l direkt till en tillsynsmyndighet.\u00a0<\/p>\t\t\t\t\t\t\t\t<\/div>\n\t\t\t\t<\/div>\n\t\t\t\t\t<\/div>\n\t\t\t\t<\/div>\n\t\t\t\t<\/div>","protected":false},"excerpt":{"rendered":"<p>www.geekvapor.com Privacy Policy Type of website: EcommerceEffective date: 20th day of December, 2023 www.geekvapor.com (the &#8220;Site&#8221;) is owned and operated by geekvapor. geekvapor is the data controller and can be contacted at: info@GeekVapor.com Purpose The purpose of this privacy policy (this &#8220;Privacy Policy&#8221;) is to inform users of our Site of the following: The personal [&hellip;]<\/p>\n","protected":false},"author":1,"featured_media":0,"parent":0,"menu_order":0,"comment_status":"closed","ping_status":"open","template":"","meta":{"footnotes":""},"class_list":["post-3","page","type-page","status-publish","hentry"],"yoast_head":"<!-- This site is optimized with the Yoast SEO Premium plugin v24.0 (Yoast SEO v26.0) - https:\/\/yoast.com\/wordpress\/plugins\/seo\/ -->\n<title>Privacy Policy | geekvapor<\/title>\n<meta name=\"robots\" content=\"index, follow, max-snippet:-1, max-image-preview:large, max-video-preview:-1\" \/>\n<link rel=\"canonical\" href=\"https:\/\/geekvapor.com\/sv\/privacy-policy\/\" \/>\n<meta property=\"og:locale\" content=\"sv_SE\" \/>\n<meta property=\"og:type\" content=\"article\" \/>\n<meta property=\"og:title\" content=\"Privacy Policy\" \/>\n<meta property=\"og:description\" content=\"www.geekvapor.com Privacy Policy Type of website: EcommerceEffective date: 20th day of December, 2023 www.geekvapor.com (the &#8220;Site&#8221;) is owned and operated by geekvapor. geekvapor is the data controller and can be contacted at: info@GeekVapor.com Purpose The purpose of this privacy policy (this &#8220;Privacy Policy&#8221;) is to inform users of our Site of the following: The personal [&hellip;]\" \/>\n<meta property=\"og:url\" content=\"https:\/\/geekvapor.com\/sv\/privacy-policy\/\" \/>\n<meta property=\"og:site_name\" content=\"geekvapor\" \/>\n<meta property=\"article:modified_time\" content=\"2024-12-20T10:19:47+00:00\" \/>\n<meta name=\"twitter:card\" content=\"summary_large_image\" \/>\n<meta name=\"twitter:label1\" content=\"Ber\u00e4knad l\u00e4stid\" \/>\n\t<meta name=\"twitter:data1\" content=\"6 minuter\" \/>\n<script type=\"application\/ld+json\" class=\"yoast-schema-graph\">{\"@context\":\"https:\/\/schema.org\",\"@graph\":[{\"@type\":\"WebPage\",\"@id\":\"https:\/\/geekvapor.com\/privacy-policy\/\",\"url\":\"https:\/\/geekvapor.com\/privacy-policy\/\",\"name\":\"Privacy Policy | geekvapor\",\"isPartOf\":{\"@id\":\"https:\/\/geekvapor.com\/#website\"},\"datePublished\":\"2024-12-13T08:23:57+00:00\",\"dateModified\":\"2024-12-20T10:19:47+00:00\",\"breadcrumb\":{\"@id\":\"https:\/\/geekvapor.com\/privacy-policy\/#breadcrumb\"},\"inLanguage\":\"sv-SE\",\"potentialAction\":[{\"@type\":\"ReadAction\",\"target\":[\"https:\/\/geekvapor.com\/privacy-policy\/\"]}]},{\"@type\":\"BreadcrumbList\",\"@id\":\"https:\/\/geekvapor.com\/privacy-policy\/#breadcrumb\",\"itemListElement\":[{\"@type\":\"ListItem\",\"position\":1,\"name\":\"\u9996\u9875\",\"item\":\"https:\/\/geekvapor.com\/\"},{\"@type\":\"ListItem\",\"position\":2,\"name\":\"Privacy Policy\"}]},{\"@type\":\"WebSite\",\"@id\":\"https:\/\/geekvapor.com\/#website\",\"url\":\"https:\/\/geekvapor.com\/\",\"name\":\"geekvapor\",\"description\":\"\",\"potentialAction\":[{\"@type\":\"SearchAction\",\"target\":{\"@type\":\"EntryPoint\",\"urlTemplate\":\"https:\/\/geekvapor.com\/?s={search_term_string}\"},\"query-input\":{\"@type\":\"PropertyValueSpecification\",\"valueRequired\":true,\"valueName\":\"search_term_string\"}}],\"inLanguage\":\"sv-SE\"}]}<\/script>\n<!-- \/ Yoast SEO Premium plugin. -->","yoast_head_json":{"title":"Integritetspolicy | geekvapor","robots":{"index":"index","follow":"follow","max-snippet":"max-snippet:-1","max-image-preview":"max-image-preview:large","max-video-preview":"max-video-preview:-1"},"canonical":"https:\/\/geekvapor.com\/sv\/privacy-policy\/","og_locale":"sv_SE","og_type":"article","og_title":"Privacy Policy","og_description":"www.geekvapor.com Privacy Policy Type of website: EcommerceEffective date: 20th day of December, 2023 www.geekvapor.com (the &#8220;Site&#8221;) is owned and operated by geekvapor. geekvapor is the data controller and can be contacted at: info@GeekVapor.com Purpose The purpose of this privacy policy (this &#8220;Privacy Policy&#8221;) is to inform users of our Site of the following: The personal [&hellip;]","og_url":"https:\/\/geekvapor.com\/sv\/privacy-policy\/","og_site_name":"geekvapor","article_modified_time":"2024-12-20T10:19:47+00:00","twitter_card":"summary_large_image","twitter_misc":{"Ber\u00e4knad l\u00e4stid":"6 minuter"},"schema":{"@context":"https:\/\/schema.org","@graph":[{"@type":"WebPage","@id":"https:\/\/geekvapor.com\/privacy-policy\/","url":"https:\/\/geekvapor.com\/privacy-policy\/","name":"Integritetspolicy | geekvapor","isPartOf":{"@id":"https:\/\/geekvapor.com\/#website"},"datePublished":"2024-12-13T08:23:57+00:00","dateModified":"2024-12-20T10:19:47+00:00","breadcrumb":{"@id":"https:\/\/geekvapor.com\/privacy-policy\/#breadcrumb"},"inLanguage":"sv-SE","potentialAction":[{"@type":"ReadAction","target":["https:\/\/geekvapor.com\/privacy-policy\/"]}]},{"@type":"BreadcrumbList","@id":"https:\/\/geekvapor.com\/privacy-policy\/#breadcrumb","itemListElement":[{"@type":"ListItem","position":1,"name":"\u9996\u9875","item":"https:\/\/geekvapor.com\/"},{"@type":"ListItem","position":2,"name":"Privacy Policy"}]},{"@type":"WebSite","@id":"https:\/\/geekvapor.com\/#website","url":"https:\/\/geekvapor.com\/","name":"geekvapor","description":"","potentialAction":[{"@type":"SearchAction","target":{"@type":"EntryPoint","urlTemplate":"https:\/\/geekvapor.com\/?s={search_term_string}"},"query-input":{"@type":"PropertyValueSpecification","valueRequired":true,"valueName":"search_term_string"}}],"inLanguage":"sv-SE"}]}},"_links":{"self":[{"href":"https:\/\/geekvapor.com\/sv\/wp-json\/wp\/v2\/pages\/3","targetHints":{"allow":["GET"]}}],"collection":[{"href":"https:\/\/geekvapor.com\/sv\/wp-json\/wp\/v2\/pages"}],"about":[{"href":"https:\/\/geekvapor.com\/sv\/wp-json\/wp\/v2\/types\/page"}],"author":[{"embeddable":true,"href":"https:\/\/geekvapor.com\/sv\/wp-json\/wp\/v2\/users\/1"}],"replies":[{"embeddable":true,"href":"https:\/\/geekvapor.com\/sv\/wp-json\/wp\/v2\/comments?post=3"}],"version-history":[{"count":0,"href":"https:\/\/geekvapor.com\/sv\/wp-json\/wp\/v2\/pages\/3\/revisions"}],"wp:attachment":[{"href":"https:\/\/geekvapor.com\/sv\/wp-json\/wp\/v2\/media?parent=3"}],"curies":[{"name":"wp","href":"https:\/\/api.w.org\/{rel}","templated":true}]}}