{"id":2965,"date":"2019-08-02T09:34:08","date_gmt":"2019-08-02T09:34:08","guid":{"rendered":"https:\/\/elessi.nasatheme.com\/?page_id=2965"},"modified":"2025-10-10T10:32:37","modified_gmt":"2025-10-10T10:32:37","slug":"order-tracking","status":"publish","type":"page","link":"https:\/\/geekvapor.com\/sv\/order-tracking\/","title":{"rendered":"Sp\u00e5rning av order"},"content":{"rendered":"<p><!--Tracking number input box.--> <input type=\"text\" placeholder=\"Ange ditt sp\u00e5rningsnummer\" id=\"YQNum\" maxlength=\"50\" style=\"width: 100%; height: 57px;\"> <!--The button is used to call script method.--> <input style=\"background: #000; border-radius: 0; width: 100%; height: 50px; margin-left: 0px; color: #fff;\" type=\"button\" value=\"SP\u00c5R\" onclick=\"doTrack()\"> <!--Container to display the tracking result.--><br \/>\n<!--Script code can be put in the bottom of the page, wait until the page is loaded then execute.-->  \t\t\t\t<\/p>\n<details id=\"e-n-accordion-item-2470\" open>\n<summary data-accordion-index=\"1\" tabindex=\"0\" aria-expanded=\"true\" aria-controls=\"e-n-accordion-item-2470\" >\n\t\t\t\t\t Varf\u00f6r kan jag inte se min logistikinformation?<br \/>\n\t\t\t<svg aria-hidden=\"true\" viewbox=\"0 0 448 512\" xmlns=\"https:\/\/www.w3.org\/2000\/svg\"><path d=\"M416 208H32c-17.67 0-32 14.33-32 32v32c0 17.67 14.33 32 32 32h384c17.67 0 32-14.33 32-32v-32c0-17.67-14.33-32-32-32z\"><\/path><\/svg><br \/>\n\t\t\t<svg aria-hidden=\"true\" viewbox=\"0 0 448 512\" xmlns=\"https:\/\/www.w3.org\/2000\/svg\"><path d=\"M416 208H272V64c0-17.67-14.33-32-32-32h-32c-17.67 0-32 14.33-32 32v144H32c-17.67 0-32 14.33-32 32v32c0 17.67 14.33 32 32 32h144v144c0 17.67 14.33 32 32 32h32c17.67 0 32-14.33 32-32V304h144c17.67 0 32-14.33 32-32v-32c0-17.67-14.33-32-32-32z\"><\/path><\/svg><br \/>\n\t\t\t\t\t\t<\/summary>\n<p>Detta kan h\u00e4nda om sp\u00e5rningsnumret \u00e4r felaktigt eller om ditt paket nyligen skickades och kuriren inte har uppdaterat sitt system \u00e4nnu.<\/p>\n<\/details>\n<details id=\"e-n-accordion-item-2471\" >\n<summary data-accordion-index=\"2\" tabindex=\"-1\" aria-expanded=\"false\" aria-controls=\"e-n-accordion-item-2471\" >\n\t\t\t\t\t Hur l\u00e5ng tid tar leveransen?<br \/>\n\t\t\t<svg aria-hidden=\"true\" viewbox=\"0 0 448 512\" xmlns=\"https:\/\/www.w3.org\/2000\/svg\"><path d=\"M416 208H32c-17.67 0-32 14.33-32 32v32c0 17.67 14.33 32 32 32h384c17.67 0 32-14.33 32-32v-32c0-17.67-14.33-32-32-32z\"><\/path><\/svg><br \/>\n\t\t\t<svg aria-hidden=\"true\" viewbox=\"0 0 448 512\" xmlns=\"https:\/\/www.w3.org\/2000\/svg\"><path d=\"M416 208H272V64c0-17.67-14.33-32-32-32h-32c-17.67 0-32 14.33-32 32v144H32c-17.67 0-32 14.33-32 32v32c0 17.67 14.33 32 32 32h144v144c0 17.67 14.33 32 32 32h32c17.67 0 32-14.33 32-32V304h144c17.67 0 32-14.33 32-32v-32c0-17.67-14.33-32-32-32z\"><\/path><\/svg><br \/>\n\t\t\t\t\t\t<\/summary>\n<p>Frakt tar vanligtvis 7-15 arbetsdagar \uff08Leverans fr\u00e5n europeiska lager tar bara 3-5 dagar\uff09. Under helgdagar eller d\u00e5ligt v\u00e4der kan det ta upp till 20 dagar. Vi h\u00e5ller dig uppdaterad varje steg p\u00e5 v\u00e4gen!<\/p>\n<\/details>\n<details id=\"e-n-accordion-item-2472\" >\n<summary data-accordion-index=\"3\" tabindex=\"-1\" aria-expanded=\"false\" aria-controls=\"e-n-accordion-item-2472\" >\n\t\t\t\t\t Varf\u00f6r har inte din sp\u00e5rningsstatus uppdaterats?<br \/>\n\t\t\t<svg aria-hidden=\"true\" viewbox=\"0 0 448 512\" xmlns=\"https:\/\/www.w3.org\/2000\/svg\"><path d=\"M416 208H32c-17.67 0-32 14.33-32 32v32c0 17.67 14.33 32 32 32h384c17.67 0 32-14.33 32-32v-32c0-17.67-14.33-32-32-32z\"><\/path><\/svg><br \/>\n\t\t\t<svg aria-hidden=\"true\" viewbox=\"0 0 448 512\" xmlns=\"https:\/\/www.w3.org\/2000\/svg\"><path d=\"M416 208H272V64c0-17.67-14.33-32-32-32h-32c-17.67 0-32 14.33-32 32v144H32c-17.67 0-32 14.33-32 32v32c0 17.67 14.33 32 32 32h144v144c0 17.67 14.33 32 32 32h32c17.67 0 32-14.33 32-32V304h144c17.67 0 32-14.33 32-32v-32c0-17.67-14.33-32-32-32z\"><\/path><\/svg><br \/>\n\t\t\t\t\t\t<\/summary>\n<p>Oroa dig inte - detta kan h\u00e4nda p\u00e5 grund av helgdagar, begr\u00e4nsade flygningar, h\u00f6g fraktbehov eller tullkontroller. Tack f\u00f6r ditt t\u00e5lamod!<\/p>\n<\/details>\n<details id=\"e-n-accordion-item-2473\" >\n<summary data-accordion-index=\"4\" tabindex=\"-1\" aria-expanded=\"false\" aria-controls=\"e-n-accordion-item-2473\" >\n\t\t\t\t\t Din sp\u00e5rning visar \u201cLevererat\u201d, men du har inte f\u00e5tt ditt paket?<br \/>\n\t\t\t<svg aria-hidden=\"true\" viewbox=\"0 0 448 512\" xmlns=\"https:\/\/www.w3.org\/2000\/svg\"><path d=\"M416 208H32c-17.67 0-32 14.33-32 32v32c0 17.67 14.33 32 32 32h384c17.67 0 32-14.33 32-32v-32c0-17.67-14.33-32-32-32z\"><\/path><\/svg><br \/>\n\t\t\t<svg aria-hidden=\"true\" viewbox=\"0 0 448 512\" xmlns=\"https:\/\/www.w3.org\/2000\/svg\"><path d=\"M416 208H272V64c0-17.67-14.33-32-32-32h-32c-17.67 0-32 14.33-32 32v144H32c-17.67 0-32 14.33-32 32v32c0 17.67 14.33 32 32 32h144v144c0 17.67 14.33 32 32 32h32c17.67 0 32-14.33 32-32V304h144c17.67 0 32-14.33 32-32v-32c0-17.67-14.33-32-32-32z\"><\/path><\/svg><br \/>\n\t\t\t\t\t\t<\/summary>\n<article id=\"post-25522\">\n<p>Kontakta v\u00e5r kundtj\u00e4nst - vi finns h\u00e4r f\u00f6r att hj\u00e4lpa till!<\/p>\n<\/article>\n<\/details>\n<p>Detta kan h\u00e4nda om sp\u00e5rningsnumret \u00e4r felaktigt eller om ditt paket nyligen skickades och kuriren inte har uppdaterat sitt system \u00e4nnu.<\/p>\n<p>Frakt tar vanligtvis 7-15 arbetsdagar \uff08Leverans fr\u00e5n europeiska lager tar bara 3-5 dagar\uff09. Under helgdagar eller d\u00e5ligt v\u00e4der kan det ta upp till 20 dagar. Vi h\u00e5ller dig uppdaterad varje steg p\u00e5 v\u00e4gen!<\/p>\n<p>Oroa dig inte - detta kan h\u00e4nda p\u00e5 grund av helgdagar, begr\u00e4nsade flygningar, h\u00f6g fraktbehov eller tullkontroller. Tack f\u00f6r ditt t\u00e5lamod!<\/p>\n<article id=\"post-25522\">\n<p>Kontakta v\u00e5r kundtj\u00e4nst - vi finns h\u00e4r f\u00f6r att hj\u00e4lpa till!<\/p>\n<\/article>","protected":false},"excerpt":{"rendered":"<p>Why can&#8217;t I see my logistics info? This might happen if the tracking number is incorrect, or if your package was recently shipped and the courier hasn\u2019t updated their system yet. How long does shipping take? Shipping usually takes 7\u201315 business days\uff08Delivery from European warehouses takes only 3-5 days.\uff09. During holidays or bad weather, it [&hellip;]<\/p>\n","protected":false},"author":1,"featured_media":0,"parent":0,"menu_order":0,"comment_status":"closed","ping_status":"closed","template":"page-visual-composer.php","meta":{"footnotes":""},"class_list":["post-2965","page","type-page","status-publish","hentry"],"yoast_head":"<!-- This site is optimized with the Yoast SEO Premium plugin v24.0 (Yoast SEO v26.0) - https:\/\/yoast.com\/wordpress\/plugins\/seo\/ -->\n<title>Order Tracking | geekvapor<\/title>\n<meta name=\"robots\" content=\"index, follow, max-snippet:-1, max-image-preview:large, max-video-preview:-1\" \/>\n<link rel=\"canonical\" href=\"https:\/\/geekvapor.com\/sv\/order-tracking\/\" \/>\n<meta property=\"og:locale\" content=\"sv_SE\" \/>\n<meta property=\"og:type\" content=\"article\" \/>\n<meta property=\"og:title\" content=\"Order Tracking\" \/>\n<meta property=\"og:description\" content=\"Why can&#8217;t I see my logistics info? This might happen if the tracking number is incorrect, or if your package was recently shipped and the courier hasn\u2019t updated their system yet. How long does shipping take? Shipping usually takes 7\u201315 business days\uff08Delivery from European warehouses takes only 3-5 days.\uff09. During holidays or bad weather, it [&hellip;]\" \/>\n<meta property=\"og:url\" content=\"https:\/\/geekvapor.com\/sv\/order-tracking\/\" \/>\n<meta property=\"og:site_name\" content=\"geekvapor\" \/>\n<meta property=\"article:modified_time\" content=\"2025-10-10T10:32:37+00:00\" \/>\n<meta name=\"twitter:card\" content=\"summary_large_image\" \/>\n<meta name=\"twitter:label1\" content=\"Ber\u00e4knad l\u00e4stid\" \/>\n\t<meta name=\"twitter:data1\" content=\"1 minut\" \/>\n<script type=\"application\/ld+json\" class=\"yoast-schema-graph\">{\"@context\":\"https:\/\/schema.org\",\"@graph\":[{\"@type\":\"WebPage\",\"@id\":\"https:\/\/geekvapor.com\/order-tracking\/\",\"url\":\"https:\/\/geekvapor.com\/order-tracking\/\",\"name\":\"Order Tracking | geekvapor\",\"isPartOf\":{\"@id\":\"https:\/\/geekvapor.com\/#website\"},\"datePublished\":\"2019-08-02T09:34:08+00:00\",\"dateModified\":\"2025-10-10T10:32:37+00:00\",\"breadcrumb\":{\"@id\":\"https:\/\/geekvapor.com\/order-tracking\/#breadcrumb\"},\"inLanguage\":\"sv-SE\",\"potentialAction\":[{\"@type\":\"ReadAction\",\"target\":[\"https:\/\/geekvapor.com\/order-tracking\/\"]}]},{\"@type\":\"BreadcrumbList\",\"@id\":\"https:\/\/geekvapor.com\/order-tracking\/#breadcrumb\",\"itemListElement\":[{\"@type\":\"ListItem\",\"position\":1,\"name\":\"\u9996\u9875\",\"item\":\"https:\/\/geekvapor.com\/\"},{\"@type\":\"ListItem\",\"position\":2,\"name\":\"Order Tracking\"}]},{\"@type\":\"WebSite\",\"@id\":\"https:\/\/geekvapor.com\/#website\",\"url\":\"https:\/\/geekvapor.com\/\",\"name\":\"geekvapor\",\"description\":\"\",\"potentialAction\":[{\"@type\":\"SearchAction\",\"target\":{\"@type\":\"EntryPoint\",\"urlTemplate\":\"https:\/\/geekvapor.com\/?s={search_term_string}\"},\"query-input\":{\"@type\":\"PropertyValueSpecification\",\"valueRequired\":true,\"valueName\":\"search_term_string\"}}],\"inLanguage\":\"sv-SE\"}]}<\/script>\n<!-- \/ Yoast SEO Premium plugin. -->","yoast_head_json":{"title":"Ordersp\u00e5rning | geekvapor","robots":{"index":"index","follow":"follow","max-snippet":"max-snippet:-1","max-image-preview":"max-image-preview:large","max-video-preview":"max-video-preview:-1"},"canonical":"https:\/\/geekvapor.com\/sv\/order-tracking\/","og_locale":"sv_SE","og_type":"article","og_title":"Order Tracking","og_description":"Why can&#8217;t I see my logistics info? This might happen if the tracking number is incorrect, or if your package was recently shipped and the courier hasn\u2019t updated their system yet. How long does shipping take? Shipping usually takes 7\u201315 business days\uff08Delivery from European warehouses takes only 3-5 days.\uff09. During holidays or bad weather, it [&hellip;]","og_url":"https:\/\/geekvapor.com\/sv\/order-tracking\/","og_site_name":"geekvapor","article_modified_time":"2025-10-10T10:32:37+00:00","twitter_card":"summary_large_image","twitter_misc":{"Ber\u00e4knad l\u00e4stid":"1 minut"},"schema":{"@context":"https:\/\/schema.org","@graph":[{"@type":"WebPage","@id":"https:\/\/geekvapor.com\/order-tracking\/","url":"https:\/\/geekvapor.com\/order-tracking\/","name":"Ordersp\u00e5rning | geekvapor","isPartOf":{"@id":"https:\/\/geekvapor.com\/#website"},"datePublished":"2019-08-02T09:34:08+00:00","dateModified":"2025-10-10T10:32:37+00:00","breadcrumb":{"@id":"https:\/\/geekvapor.com\/order-tracking\/#breadcrumb"},"inLanguage":"sv-SE","potentialAction":[{"@type":"ReadAction","target":["https:\/\/geekvapor.com\/order-tracking\/"]}]},{"@type":"BreadcrumbList","@id":"https:\/\/geekvapor.com\/order-tracking\/#breadcrumb","itemListElement":[{"@type":"ListItem","position":1,"name":"\u9996\u9875","item":"https:\/\/geekvapor.com\/"},{"@type":"ListItem","position":2,"name":"Order Tracking"}]},{"@type":"WebSite","@id":"https:\/\/geekvapor.com\/#website","url":"https:\/\/geekvapor.com\/","name":"geekvapor","description":"","potentialAction":[{"@type":"SearchAction","target":{"@type":"EntryPoint","urlTemplate":"https:\/\/geekvapor.com\/?s={search_term_string}"},"query-input":{"@type":"PropertyValueSpecification","valueRequired":true,"valueName":"search_term_string"}}],"inLanguage":"sv-SE"}]}},"_links":{"self":[{"href":"https:\/\/geekvapor.com\/sv\/wp-json\/wp\/v2\/pages\/2965","targetHints":{"allow":["GET"]}}],"collection":[{"href":"https:\/\/geekvapor.com\/sv\/wp-json\/wp\/v2\/pages"}],"about":[{"href":"https:\/\/geekvapor.com\/sv\/wp-json\/wp\/v2\/types\/page"}],"author":[{"embeddable":true,"href":"https:\/\/geekvapor.com\/sv\/wp-json\/wp\/v2\/users\/1"}],"replies":[{"embeddable":true,"href":"https:\/\/geekvapor.com\/sv\/wp-json\/wp\/v2\/comments?post=2965"}],"version-history":[{"count":2,"href":"https:\/\/geekvapor.com\/sv\/wp-json\/wp\/v2\/pages\/2965\/revisions"}],"predecessor-version":[{"id":29797,"href":"https:\/\/geekvapor.com\/sv\/wp-json\/wp\/v2\/pages\/2965\/revisions\/29797"}],"wp:attachment":[{"href":"https:\/\/geekvapor.com\/sv\/wp-json\/wp\/v2\/media?parent=2965"}],"curies":[{"name":"wp","href":"https:\/\/api.w.org\/{rel}","templated":true}]}}