{"id":28212,"date":"2024-12-20T07:20:52","date_gmt":"2024-12-20T07:20:52","guid":{"rendered":"https:\/\/geekvapor.com\/?page_id=28212"},"modified":"2024-12-20T10:19:23","modified_gmt":"2024-12-20T10:19:23","slug":"terms-and-conditions","status":"publish","type":"page","link":"https:\/\/geekvapor.com\/sv\/terms-and-conditions\/","title":{"rendered":"Villkor och best\u00e4mmelser"},"content":{"rendered":"<div data-elementor-type=\"wp-page\" data-elementor-id=\"28212\" class=\"elementor elementor-28212\">\n\t\t\t\t<div class=\"elementor-element elementor-element-4c5732a e-flex e-con-boxed e-con e-parent\" data-id=\"4c5732a\" data-element_type=\"container\">\n\t\t\t\t\t<div class=\"e-con-inner\">\n\t\t\t\t<div class=\"elementor-element elementor-element-cab5651 elementor-widget elementor-widget-heading\" data-id=\"cab5651\" data-element_type=\"widget\" data-widget_type=\"heading.default\">\n\t\t\t\t<div class=\"elementor-widget-container\">\n\t\t\t\t\t<h2 class=\"elementor-heading-title elementor-size-default\">VILLKOR OCH BEST\u00c4MMELSER<\/h2>\t\t\t\t<\/div>\n\t\t\t\t<\/div>\n\t\t\t\t\t<\/div>\n\t\t\t\t<\/div>\n\t\t<div class=\"elementor-element elementor-element-2faa7f6 e-flex e-con-boxed e-con e-parent\" data-id=\"2faa7f6\" data-element_type=\"container\">\n\t\t\t\t\t<div class=\"e-con-inner\">\n\t\t\t\t<div class=\"elementor-element elementor-element-a2b39db elementor-widget elementor-widget-text-editor\" data-id=\"a2b39db\" data-element_type=\"widget\" data-widget_type=\"text-editor.default\">\n\t\t\t\t<div class=\"elementor-widget-container\">\n\t\t\t\t\t\t\t\t\t<p>Dessa villkor (\u201cVillkoren\u201d) reglerar anv\u00e4ndningen av geekvapor.com (\u201cWebbplatsen\u201d). Denna webbplats \u00e4gs och drivs av geekvapor. Denna webbplats \u00e4r en e-handelswebbplats.<\/p><p>Genom att anv\u00e4nda denna webbplats anger du att du har l\u00e4st och f\u00f6rst\u00e5tt dessa villkor och samtycker till att f\u00f6lja dem vid alla tidpunkter.<\/p><div><h3>Immateriella r\u00e4ttigheter<\/h3><p>Allt inneh\u00e5ll som publiceras och g\u00f6rs tillg\u00e4ngligt p\u00e5 v\u00e5r webbplats tillh\u00f6r geekvapor och webbplatsens skapare. Detta inkluderar, men \u00e4r inte begr\u00e4nsat till, bilder, text, logotyper, dokument, nedladdningsbara filer och allt som bidrar till sammans\u00e4ttningen av v\u00e5r webbplats.<\/p><\/div><div><h3>\u00c5ldersbegr\u00e4nsningar<\/h3><p>Minimi\u00e5ldern f\u00f6r att anv\u00e4nda v\u00e5r webbplats \u00e4r 21 \u00e5r. Genom att anv\u00e4nda denna webbplats samtycker anv\u00e4ndarna till att de \u00e4r \u00f6ver 21 \u00e5r gamla. Vi tar inte p\u00e5 oss n\u00e5got juridiskt ansvar f\u00f6r falska uppgifter om \u00e5lder.<\/p><\/div><div><h3>Godtagbar anv\u00e4ndning<\/h3><p>Som anv\u00e4ndare av v\u00e5r webbplats samtycker du till att anv\u00e4nda v\u00e5r webbplats p\u00e5 ett lagligt s\u00e4tt, att inte anv\u00e4nda v\u00e5r webbplats f\u00f6r olagliga \u00e4ndam\u00e5l och att inte:<\/p><ul><li value=\"1\">Trakassera eller misshandla andra anv\u00e4ndare av v\u00e5r Webbplats;<\/li><li value=\"2\">Kr\u00e4nka r\u00e4ttigheterna f\u00f6r andra anv\u00e4ndare av v\u00e5r webbplats;<\/li><li value=\"3\">Kr\u00e4nka immateriella r\u00e4ttigheter som tillh\u00f6r webbplatsens \u00e4gare eller n\u00e5gon tredje part p\u00e5 webbplatsen;<\/li><li value=\"4\">Hacka in p\u00e5 kontot f\u00f6r en annan anv\u00e4ndare av webbplatsen;<\/li><li value=\"5\">agera p\u00e5 n\u00e5got s\u00e4tt som kan betraktas som bedr\u00e4gligt; eller<\/li><li value=\"6\">L\u00e4gga upp material som kan anses ol\u00e4mpligt eller st\u00f6tande.<\/li><\/ul><p>Om vi anser att du anv\u00e4nder v\u00e5r webbplats olagligt eller p\u00e5 ett s\u00e4tt som bryter mot dessa villkor f\u00f6rbeh\u00e5ller vi oss r\u00e4tten att begr\u00e4nsa, tillf\u00e4lligt dra in eller avsluta din \u00e5tkomst till v\u00e5r webbplats. Vi f\u00f6rbeh\u00e5ller oss ocks\u00e5 r\u00e4tten att vidta alla r\u00e4ttsliga \u00e5tg\u00e4rder som kr\u00e4vs f\u00f6r att f\u00f6rhindra att du f\u00e5r tillg\u00e5ng till v\u00e5r webbplats.<\/p><\/div><div><h3>Bidrag fr\u00e5n anv\u00e4ndare<\/h3><p>Anv\u00e4ndare kan l\u00e4gga upp f\u00f6ljande information p\u00e5 v\u00e5r webbplats:<\/p><ul><li value=\"1\">Foton; och<\/li><li value=\"2\">Kommentarer fr\u00e5n allm\u00e4nheten.<\/li><\/ul><p>Genom att publicera inl\u00e4gg offentligt p\u00e5 v\u00e5r webbplats samtycker du till att inte agera olagligt eller bryta mot dessa villkor.<\/p><\/div><div><h3>Konton<\/h3><p>N\u00e4r du skapar ett konto p\u00e5 v\u00e5r webbplats samtycker du till f\u00f6ljande:<\/p><ol start=\"1\"><li value=\"1\">Du \u00e4r ensam ansvarig f\u00f6r ditt konto och s\u00e4kerheten och integriteten f\u00f6r ditt konto, inklusive l\u00f6senord eller k\u00e4nslig information som \u00e4r kopplad till det kontot; och<\/li><li value=\"2\">All personlig information som du l\u00e4mnar till oss via ditt konto \u00e4r uppdaterad, korrekt och sanningsenlig och att du kommer att uppdatera din personliga information om den \u00e4ndras.<\/li><\/ol><p>Vi f\u00f6rbeh\u00e5ller oss r\u00e4tten att st\u00e4nga av eller avsluta ditt konto om du anv\u00e4nder v\u00e5r webbplats p\u00e5 ett olagligt s\u00e4tt eller om du bryter mot dessa villkor.<\/p><\/div><div><h3>F\u00f6rs\u00e4ljning av varor<\/h3><p>Dessa allm\u00e4nna villkor reglerar f\u00f6rs\u00e4ljningen av varor som finns tillg\u00e4ngliga p\u00e5 v\u00e5r webbplats.<\/p><p>F\u00f6ljande varor finns tillg\u00e4ngliga p\u00e5 v\u00e5r webbplats:<\/p><ul><li value=\"1\">Vape f\u00f6r eng\u00e5ngsbruk; och<\/li><li value=\"2\">Vape Kit.<\/li><\/ul><p>Dessa villkor g\u00e4ller f\u00f6r alla varor som visas p\u00e5 v\u00e5r webbplats vid den tidpunkt d\u00e5 du g\u00e5r in p\u00e5 den. Detta inkluderar alla produkter som anges vara slut i lager. All information, beskrivningar eller bilder som vi tillhandah\u00e5ller om v\u00e5ra varor \u00e4r s\u00e5 korrekta som m\u00f6jligt. Vi \u00e4r dock inte juridiskt bundna av s\u00e5dan information, beskrivningar eller bilder eftersom vi inte kan garantera att alla varor vi tillhandah\u00e5ller \u00e4r korrekta. Du samtycker till att k\u00f6pa varor fr\u00e5n v\u00e5r webbplats p\u00e5 egen risk.<\/p><p>Vi f\u00f6rbeh\u00e5ller oss r\u00e4tten att \u00e4ndra, avvisa eller annullera din best\u00e4llning n\u00e4r det blir n\u00f6dv\u00e4ndigt. Om vi annullerar din best\u00e4llning och redan har behandlat din betalning, kommer vi att ge dig en \u00e5terbetalning som motsvarar det belopp du betalat. Du samtycker till att det \u00e4r ditt ansvar att \u00f6vervaka ditt betalningsinstrument f\u00f6r att verifiera mottagandet av eventuell \u00e5terbetalning.<\/p><\/div><div><p>Varor och tj\u00e4nster fr\u00e5n tredje part<br \/>V\u00e5r webbplats kan erbjuda varor och tj\u00e4nster fr\u00e5n tredje part. Vi kan inte garantera kvaliteten eller riktigheten hos varor och tj\u00e4nster som g\u00f6rs tillg\u00e4ngliga av tredje part p\u00e5 v\u00e5r webbplats.<\/p><\/div><div><h3>Betalningar<\/h3><p>Vi accepterar f\u00f6ljande betalningsmetoder p\u00e5 v\u00e5r webbplats:<\/p><ul><li value=\"1\">Kreditkort;<\/li><li value=\"2\">PayPal; och<\/li><li value=\"3\">Debitering.<\/li><\/ul><p>N\u00e4r du ger oss din betalningsinformation godk\u00e4nner du v\u00e5r anv\u00e4ndning av och tillg\u00e5ng till det betalningsinstrument som du har valt att anv\u00e4nda. Genom att f\u00f6rse oss med din betalningsinformation godk\u00e4nner du att vi debiterar det belopp som ska betalas till detta betalningsinstrument.<\/p><p>Om vi anser att din betalning har brutit mot n\u00e5gon lag eller dessa villkor f\u00f6rbeh\u00e5ller vi oss r\u00e4tten att avbryta eller \u00e5terf\u00f6ra din transaktion.<\/p><\/div><div><h3>Frakt och leverans<\/h3><p>N\u00e4r du k\u00f6per varor fr\u00e5n v\u00e5r webbplats kommer varorna att levereras genom n\u00e5gon av f\u00f6ljande metoder:<\/p><ul><li value=\"2\">DHL, och<\/li><li value=\"3\">UPS.<\/li><\/ul><p>Leverans sker s\u00e5 snart det \u00e4r rimligt m\u00f6jligt, beroende p\u00e5 vilken leveransmetod som valts. Leveranstiderna kan variera p\u00e5 grund av of\u00f6rutsedda omst\u00e4ndigheter. Observera att leveranstiderna inte inkluderar helger och lagstadgade helgdagar.<\/p><p>Du kommer inte att debiteras f\u00f6r leverans av de varor du k\u00f6per p\u00e5 v\u00e5r webbplats.<\/p><p>Du \u00e4r skyldig att f\u00f6rse oss med en fullst\u00e4ndig och korrekt leveransadress, inklusive mottagarens namn. Vi ansvarar inte f\u00f6r leverans av dina varor till fel adress eller fel person till f\u00f6ljd av att du har l\u00e4mnat felaktig eller ofullst\u00e4ndig information till oss.<\/p><\/div><div><div><h3>\u00c5terbetalning<\/h3><p>\u00c5terbetalning f\u00f6r varor<br \/>Beg\u00e4ran om \u00e5terbetalning m\u00e5ste g\u00f6ras inom 30 dagar efter mottagandet av dina varor.<\/p><p>Vi accepterar \u00e5terbetalningsbeg\u00e4ran f\u00f6r varor som s\u00e4ljs p\u00e5 v\u00e5r webbplats av n\u00e5got av f\u00f6ljande sk\u00e4l:<\/p><ul><li value=\"1\">Bra \u00e4r trasigt.<\/li><\/ul><\/div><\/div><div><h3>Avkastning<\/h3><p>Returer kan g\u00f6ras per post. F\u00f6r att returnera en vara per post, f\u00f6lj f\u00f6ljande procedur:<br \/>Packa dina varor och f\u00e4st returetiketten som f\u00f6ljde med i ditt paket. G\u00e5 till n\u00e4rmaste postkontor och betala det porto som kr\u00e4vs.<\/p><\/div><div><h3>Konsumentskyddslagstiftning<\/h3><p>Om n\u00e5gon konsumentskyddslagstiftning i din jurisdiktion \u00e4r till\u00e4mplig och inte kan uteslutas, ska dessa villkor inte begr\u00e4nsa dina lagliga r\u00e4ttigheter och r\u00e4ttsmedel enligt den lagstiftningen. Dessa villkor ska l\u00e4sas med f\u00f6rbeh\u00e5ll f\u00f6r de tvingande best\u00e4mmelserna i den lagstiftningen. Om det finns en konflikt mellan dessa villkor och den lagstiftningen ska de tvingande best\u00e4mmelserna i lagstiftningen till\u00e4mpas.<\/p><\/div><div><h3>Begr\u00e4nsning av ansvar<\/h3><p>geekvapor och v\u00e5ra styrelseledam\u00f6ter, tj\u00e4nstem\u00e4n, agenter, anst\u00e4llda, dotterbolag och dotterbolag kommer inte att h\u00e5llas ansvariga f\u00f6r n\u00e5gra \u00e5tg\u00e4rder, anspr\u00e5k, f\u00f6rluster, skador, skulder och utgifter inklusive juridiska avgifter fr\u00e5n din anv\u00e4ndning av webbplatsen.<\/p><\/div><div><h3>Skadest\u00e5nd<\/h3><p>Med undantag f\u00f6r vad som \u00e4r f\u00f6rbjudet enligt lag, genom att anv\u00e4nda denna webbplats, ers\u00e4tter du och h\u00e5ller geekvapor och v\u00e5ra styrelseledam\u00f6ter, tj\u00e4nstem\u00e4n, agenter, anst\u00e4llda, dotterbolag och dotterbolag skadesl\u00f6sa fr\u00e5n alla \u00e5tg\u00e4rder, anspr\u00e5k, f\u00f6rluster, skador, skulder och utgifter inklusive juridiska avgifter som uppst\u00e5r till f\u00f6ljd av din anv\u00e4ndning av v\u00e5r webbplats eller din \u00f6vertr\u00e4delse av dessa villkor.<\/p><\/div><div><h3>Avskiljbarhet<\/h3><p>Om n\u00e5gon av best\u00e4mmelserna i dessa villkor vid n\u00e5gon tidpunkt befinns vara inkonsekventa eller ogiltiga enligt till\u00e4mpliga lagar, ska dessa best\u00e4mmelser anses vara ogiltiga och tas bort fr\u00e5n dessa villkor. Alla andra best\u00e4mmelser p\u00e5verkas inte av borttagandet och resten av dessa Villkor och best\u00e4mmelser anses fortfarande vara giltiga.<\/p><\/div><div><h3>F\u00f6r\u00e4ndringar<\/h3><p>Dessa villkor kan \u00e4ndras fr\u00e5n tid till annan f\u00f6r att uppr\u00e4tth\u00e5lla \u00f6verensst\u00e4mmelse med lagen och f\u00f6r att \u00e5terspegla eventuella \u00e4ndringar i hur vi driver v\u00e5r webbplats och hur vi f\u00f6rv\u00e4ntar oss att anv\u00e4ndarna ska bete sig p\u00e5 v\u00e5r webbplats. Vi kommer att meddela anv\u00e4ndare via e-post om \u00e4ndringar av dessa villkor eller publicera ett meddelande p\u00e5 v\u00e5r webbplats.<\/p><\/div><div><h3>Kontaktuppgifter<\/h3><p>Kontakta oss g\u00e4rna om du har n\u00e5gra fr\u00e5gor eller funderingar. V\u00e5ra kontaktuppgifter \u00e4r som f\u00f6ljer:<br \/>______________________________________<br \/>info@GeekVapor.com<br \/>______________________________________<\/p><p>Du kan ocks\u00e5 kontakta oss via det feedbackformul\u00e4r som finns p\u00e5 v\u00e5r webbplats.<\/p><\/div><p>Ikrafttr\u00e4dande: 20 december 2023<\/p>\t\t\t\t\t\t\t\t<\/div>\n\t\t\t\t<\/div>\n\t\t\t\t\t<\/div>\n\t\t\t\t<\/div>\n\t\t\t\t<\/div>","protected":false},"excerpt":{"rendered":"<p>TERMS AND CONDITIONS These terms and conditions (the &#8220;Terms and Conditions&#8221;) govern the use of\u00a0geekvapor.com\u00a0(the &#8220;Site&#8221;). This Site is owned and operated by geekvapor. This Site is an ecommerce website. By using this Site, you indicate that you have read and understand these Terms and Conditions and agree to abide by them at all times. [&hellip;]<\/p>\n","protected":false},"author":1,"featured_media":0,"parent":0,"menu_order":0,"comment_status":"closed","ping_status":"closed","template":"","meta":{"footnotes":""},"class_list":["post-28212","page","type-page","status-publish","hentry"],"yoast_head":"<!-- This site is optimized with the Yoast SEO Premium plugin v24.0 (Yoast SEO v26.0) - https:\/\/yoast.com\/wordpress\/plugins\/seo\/ -->\n<title>Terms And Conditions | geekvapor<\/title>\n<meta name=\"robots\" content=\"index, follow, max-snippet:-1, max-image-preview:large, max-video-preview:-1\" \/>\n<link rel=\"canonical\" href=\"https:\/\/geekvapor.com\/sv\/terms-and-conditions\/\" \/>\n<meta property=\"og:locale\" content=\"sv_SE\" \/>\n<meta property=\"og:type\" content=\"article\" \/>\n<meta property=\"og:title\" content=\"Terms And Conditions\" \/>\n<meta property=\"og:description\" content=\"TERMS AND CONDITIONS These terms and conditions (the &#8220;Terms and Conditions&#8221;) govern the use of\u00a0geekvapor.com\u00a0(the &#8220;Site&#8221;). This Site is owned and operated by geekvapor. This Site is an ecommerce website. By using this Site, you indicate that you have read and understand these Terms and Conditions and agree to abide by them at all times. [&hellip;]\" \/>\n<meta property=\"og:url\" content=\"https:\/\/geekvapor.com\/sv\/terms-and-conditions\/\" \/>\n<meta property=\"og:site_name\" content=\"geekvapor\" \/>\n<meta property=\"article:modified_time\" content=\"2024-12-20T10:19:23+00:00\" \/>\n<meta name=\"twitter:card\" content=\"summary_large_image\" \/>\n<meta name=\"twitter:label1\" content=\"Ber\u00e4knad l\u00e4stid\" \/>\n\t<meta name=\"twitter:data1\" content=\"6 minuter\" \/>\n<script type=\"application\/ld+json\" class=\"yoast-schema-graph\">{\"@context\":\"https:\/\/schema.org\",\"@graph\":[{\"@type\":\"WebPage\",\"@id\":\"https:\/\/geekvapor.com\/terms-and-conditions\/\",\"url\":\"https:\/\/geekvapor.com\/terms-and-conditions\/\",\"name\":\"Terms And Conditions | geekvapor\",\"isPartOf\":{\"@id\":\"https:\/\/geekvapor.com\/#website\"},\"datePublished\":\"2024-12-20T07:20:52+00:00\",\"dateModified\":\"2024-12-20T10:19:23+00:00\",\"breadcrumb\":{\"@id\":\"https:\/\/geekvapor.com\/terms-and-conditions\/#breadcrumb\"},\"inLanguage\":\"sv-SE\",\"potentialAction\":[{\"@type\":\"ReadAction\",\"target\":[\"https:\/\/geekvapor.com\/terms-and-conditions\/\"]}]},{\"@type\":\"BreadcrumbList\",\"@id\":\"https:\/\/geekvapor.com\/terms-and-conditions\/#breadcrumb\",\"itemListElement\":[{\"@type\":\"ListItem\",\"position\":1,\"name\":\"\u9996\u9875\",\"item\":\"https:\/\/geekvapor.com\/\"},{\"@type\":\"ListItem\",\"position\":2,\"name\":\"Terms And Conditions\"}]},{\"@type\":\"WebSite\",\"@id\":\"https:\/\/geekvapor.com\/#website\",\"url\":\"https:\/\/geekvapor.com\/\",\"name\":\"geekvapor\",\"description\":\"\",\"potentialAction\":[{\"@type\":\"SearchAction\",\"target\":{\"@type\":\"EntryPoint\",\"urlTemplate\":\"https:\/\/geekvapor.com\/?s={search_term_string}\"},\"query-input\":{\"@type\":\"PropertyValueSpecification\",\"valueRequired\":true,\"valueName\":\"search_term_string\"}}],\"inLanguage\":\"sv-SE\"}]}<\/script>\n<!-- \/ Yoast SEO Premium plugin. -->","yoast_head_json":{"title":"Villkor och best\u00e4mmelser | geekvapor","robots":{"index":"index","follow":"follow","max-snippet":"max-snippet:-1","max-image-preview":"max-image-preview:large","max-video-preview":"max-video-preview:-1"},"canonical":"https:\/\/geekvapor.com\/sv\/terms-and-conditions\/","og_locale":"sv_SE","og_type":"article","og_title":"Terms And Conditions","og_description":"TERMS AND CONDITIONS These terms and conditions (the &#8220;Terms and Conditions&#8221;) govern the use of\u00a0geekvapor.com\u00a0(the &#8220;Site&#8221;). This Site is owned and operated by geekvapor. This Site is an ecommerce website. By using this Site, you indicate that you have read and understand these Terms and Conditions and agree to abide by them at all times. [&hellip;]","og_url":"https:\/\/geekvapor.com\/sv\/terms-and-conditions\/","og_site_name":"geekvapor","article_modified_time":"2024-12-20T10:19:23+00:00","twitter_card":"summary_large_image","twitter_misc":{"Ber\u00e4knad l\u00e4stid":"6 minuter"},"schema":{"@context":"https:\/\/schema.org","@graph":[{"@type":"WebPage","@id":"https:\/\/geekvapor.com\/terms-and-conditions\/","url":"https:\/\/geekvapor.com\/terms-and-conditions\/","name":"Villkor och best\u00e4mmelser | geekvapor","isPartOf":{"@id":"https:\/\/geekvapor.com\/#website"},"datePublished":"2024-12-20T07:20:52+00:00","dateModified":"2024-12-20T10:19:23+00:00","breadcrumb":{"@id":"https:\/\/geekvapor.com\/terms-and-conditions\/#breadcrumb"},"inLanguage":"sv-SE","potentialAction":[{"@type":"ReadAction","target":["https:\/\/geekvapor.com\/terms-and-conditions\/"]}]},{"@type":"BreadcrumbList","@id":"https:\/\/geekvapor.com\/terms-and-conditions\/#breadcrumb","itemListElement":[{"@type":"ListItem","position":1,"name":"\u9996\u9875","item":"https:\/\/geekvapor.com\/"},{"@type":"ListItem","position":2,"name":"Terms And Conditions"}]},{"@type":"WebSite","@id":"https:\/\/geekvapor.com\/#website","url":"https:\/\/geekvapor.com\/","name":"geekvapor","description":"","potentialAction":[{"@type":"SearchAction","target":{"@type":"EntryPoint","urlTemplate":"https:\/\/geekvapor.com\/?s={search_term_string}"},"query-input":{"@type":"PropertyValueSpecification","valueRequired":true,"valueName":"search_term_string"}}],"inLanguage":"sv-SE"}]}},"_links":{"self":[{"href":"https:\/\/geekvapor.com\/sv\/wp-json\/wp\/v2\/pages\/28212","targetHints":{"allow":["GET"]}}],"collection":[{"href":"https:\/\/geekvapor.com\/sv\/wp-json\/wp\/v2\/pages"}],"about":[{"href":"https:\/\/geekvapor.com\/sv\/wp-json\/wp\/v2\/types\/page"}],"author":[{"embeddable":true,"href":"https:\/\/geekvapor.com\/sv\/wp-json\/wp\/v2\/users\/1"}],"replies":[{"embeddable":true,"href":"https:\/\/geekvapor.com\/sv\/wp-json\/wp\/v2\/comments?post=28212"}],"version-history":[{"count":0,"href":"https:\/\/geekvapor.com\/sv\/wp-json\/wp\/v2\/pages\/28212\/revisions"}],"wp:attachment":[{"href":"https:\/\/geekvapor.com\/sv\/wp-json\/wp\/v2\/media?parent=28212"}],"curies":[{"name":"wp","href":"https:\/\/api.w.org\/{rel}","templated":true}]}}