{"id":2965,"date":"2019-08-02T09:34:08","date_gmt":"2019-08-02T09:34:08","guid":{"rendered":"https:\/\/elessi.nasatheme.com\/?page_id=2965"},"modified":"2025-10-10T10:32:37","modified_gmt":"2025-10-10T10:32:37","slug":"order-tracking","status":"publish","type":"page","link":"https:\/\/geekvapor.com\/it\/order-tracking\/","title":{"rendered":"Tracciabilit\u00e0 dell'ordine"},"content":{"rendered":"<p><!--Tracking number input box.--> <input type=\"text\" placeholder=\"Inserire il numero di tracciamento\" id=\"YQNum\" maxlength=\"50\" style=\"width: 100%; height: 57px;\"> <!--The button is used to call script method.--> <input style=\"background: #000; border-radius: 0; width: 100%; height: 50px; margin-left: 0px; color: #fff;\" type=\"button\" value=\"TRACCIA\" onclick=\"doTrack()\"> <!--Container to display the tracking result.--><br \/>\n<!--Script code can be put in the bottom of the page, wait until the page is loaded then execute.-->  \t\t\t\t<\/p>\n<details id=\"e-n-accordion-item-2470\" open>\n<summary data-accordion-index=\"1\" tabindex=\"0\" aria-expanded=\"true\" aria-controls=\"e-n-accordion-item-2470\" >\n\t\t\t\t\t Perch\u00e9 non riesco a vedere le mie informazioni logistiche?<br \/>\n\t\t\t<svg aria-hidden=\"true\" viewbox=\"0 0 448 512\" xmlns=\"https:\/\/www.w3.org\/2000\/svg\"><path d=\"M416 208H32c-17.67 0-32 14.33-32 32v32c0 17.67 14.33 32 32 32h384c17.67 0 32-14.33 32-32v-32c0-17.67-14.33-32-32-32z\"><\/path><\/svg><br \/>\n\t\t\t<svg aria-hidden=\"true\" viewbox=\"0 0 448 512\" xmlns=\"https:\/\/www.w3.org\/2000\/svg\"><path d=\"M416 208H272V64c0-17.67-14.33-32-32-32h-32c-17.67 0-32 14.33-32 32v144H32c-17.67 0-32 14.33-32 32v32c0 17.67 14.33 32 32 32h144v144c0 17.67 14.33 32 32 32h32c17.67 0 32-14.33 32-32V304h144c17.67 0 32-14.33 32-32v-32c0-17.67-14.33-32-32-32z\"><\/path><\/svg><br \/>\n\t\t\t\t\t\t<\/summary>\n<p>Questo pu\u00f2 accadere se il numero di tracking non \u00e8 corretto o se il pacco \u00e8 stato spedito di recente e il corriere non ha ancora aggiornato il sistema.<\/p>\n<\/details>\n<details id=\"e-n-accordion-item-2471\" >\n<summary data-accordion-index=\"2\" tabindex=\"-1\" aria-expanded=\"false\" aria-controls=\"e-n-accordion-item-2471\" >\n\t\t\t\t\t Quanto tempo ci vuole per la spedizione?<br \/>\n\t\t\t<svg aria-hidden=\"true\" viewbox=\"0 0 448 512\" xmlns=\"https:\/\/www.w3.org\/2000\/svg\"><path d=\"M416 208H32c-17.67 0-32 14.33-32 32v32c0 17.67 14.33 32 32 32h384c17.67 0 32-14.33 32-32v-32c0-17.67-14.33-32-32-32z\"><\/path><\/svg><br \/>\n\t\t\t<svg aria-hidden=\"true\" viewbox=\"0 0 448 512\" xmlns=\"https:\/\/www.w3.org\/2000\/svg\"><path d=\"M416 208H272V64c0-17.67-14.33-32-32-32h-32c-17.67 0-32 14.33-32 32v144H32c-17.67 0-32 14.33-32 32v32c0 17.67 14.33 32 32 32h144v144c0 17.67 14.33 32 32 32h32c17.67 0 32-14.33 32-32V304h144c17.67 0 32-14.33 32-32v-32c0-17.67-14.33-32-32-32z\"><\/path><\/svg><br \/>\n\t\t\t\t\t\t<\/summary>\n<p>La spedizione richiede solitamente 7-15 giorni lavorativi (la consegna dai magazzini europei richiede solo 3-5 giorni). In caso di festivit\u00e0 o maltempo, potrebbero essere necessari fino a 20 giorni. Vi terremo aggiornati su ogni fase della spedizione!<\/p>\n<\/details>\n<details id=\"e-n-accordion-item-2472\" >\n<summary data-accordion-index=\"3\" tabindex=\"-1\" aria-expanded=\"false\" aria-controls=\"e-n-accordion-item-2472\" >\n\t\t\t\t\t Perch\u00e9 lo stato di tracciamento non \u00e8 stato aggiornato?<br \/>\n\t\t\t<svg aria-hidden=\"true\" viewbox=\"0 0 448 512\" xmlns=\"https:\/\/www.w3.org\/2000\/svg\"><path d=\"M416 208H32c-17.67 0-32 14.33-32 32v32c0 17.67 14.33 32 32 32h384c17.67 0 32-14.33 32-32v-32c0-17.67-14.33-32-32-32z\"><\/path><\/svg><br \/>\n\t\t\t<svg aria-hidden=\"true\" viewbox=\"0 0 448 512\" xmlns=\"https:\/\/www.w3.org\/2000\/svg\"><path d=\"M416 208H272V64c0-17.67-14.33-32-32-32h-32c-17.67 0-32 14.33-32 32v144H32c-17.67 0-32 14.33-32 32v32c0 17.67 14.33 32 32 32h144v144c0 17.67 14.33 32 32 32h32c17.67 0 32-14.33 32-32V304h144c17.67 0 32-14.33 32-32v-32c0-17.67-14.33-32-32-32z\"><\/path><\/svg><br \/>\n\t\t\t\t\t\t<\/summary>\n<p>Non preoccupatevi: questo pu\u00f2 accadere a causa di festivit\u00e0, voli limitati, elevata richiesta di spedizione o controlli doganali. Grazie per la vostra pazienza!<\/p>\n<\/details>\n<details id=\"e-n-accordion-item-2473\" >\n<summary data-accordion-index=\"4\" tabindex=\"-1\" aria-expanded=\"false\" aria-controls=\"e-n-accordion-item-2473\" >\n\t\t\t\t\t Il vostro tracking indica \u201cConsegnato\u201d, ma non avete il vostro pacco?<br \/>\n\t\t\t<svg aria-hidden=\"true\" viewbox=\"0 0 448 512\" xmlns=\"https:\/\/www.w3.org\/2000\/svg\"><path d=\"M416 208H32c-17.67 0-32 14.33-32 32v32c0 17.67 14.33 32 32 32h384c17.67 0 32-14.33 32-32v-32c0-17.67-14.33-32-32-32z\"><\/path><\/svg><br \/>\n\t\t\t<svg aria-hidden=\"true\" viewbox=\"0 0 448 512\" xmlns=\"https:\/\/www.w3.org\/2000\/svg\"><path d=\"M416 208H272V64c0-17.67-14.33-32-32-32h-32c-17.67 0-32 14.33-32 32v144H32c-17.67 0-32 14.33-32 32v32c0 17.67 14.33 32 32 32h144v144c0 17.67 14.33 32 32 32h32c17.67 0 32-14.33 32-32V304h144c17.67 0 32-14.33 32-32v-32c0-17.67-14.33-32-32-32z\"><\/path><\/svg><br \/>\n\t\t\t\t\t\t<\/summary>\n<article id=\"post-25522\">\n<p>Contattate il nostro servizio clienti: siamo qui per aiutarvi!<\/p>\n<\/article>\n<\/details>\n<p>Questo pu\u00f2 accadere se il numero di tracking non \u00e8 corretto o se il pacco \u00e8 stato spedito di recente e il corriere non ha ancora aggiornato il sistema.<\/p>\n<p>La spedizione richiede solitamente 7-15 giorni lavorativi (la consegna dai magazzini europei richiede solo 3-5 giorni). In caso di festivit\u00e0 o maltempo, potrebbero essere necessari fino a 20 giorni. Vi terremo aggiornati su ogni fase della spedizione!<\/p>\n<p>Non preoccupatevi: questo pu\u00f2 accadere a causa di festivit\u00e0, voli limitati, elevata richiesta di spedizione o controlli doganali. Grazie per la vostra pazienza!<\/p>\n<article id=\"post-25522\">\n<p>Contattate il nostro servizio clienti: siamo qui per aiutarvi!<\/p>\n<\/article>","protected":false},"excerpt":{"rendered":"<p>Why can&#8217;t I see my logistics info? This might happen if the tracking number is incorrect, or if your package was recently shipped and the courier hasn\u2019t updated their system yet. How long does shipping take? Shipping usually takes 7\u201315 business days\uff08Delivery from European warehouses takes only 3-5 days.\uff09. During holidays or bad weather, it [&hellip;]<\/p>\n","protected":false},"author":1,"featured_media":0,"parent":0,"menu_order":0,"comment_status":"closed","ping_status":"closed","template":"page-visual-composer.php","meta":{"footnotes":""},"class_list":["post-2965","page","type-page","status-publish","hentry"],"yoast_head":"<!-- This site is optimized with the Yoast SEO Premium plugin v24.0 (Yoast SEO v26.0) - https:\/\/yoast.com\/wordpress\/plugins\/seo\/ -->\n<title>Order Tracking | geekvapor<\/title>\n<meta name=\"robots\" content=\"index, follow, max-snippet:-1, max-image-preview:large, max-video-preview:-1\" \/>\n<link rel=\"canonical\" href=\"https:\/\/geekvapor.com\/it\/order-tracking\/\" \/>\n<meta property=\"og:locale\" content=\"it_IT\" \/>\n<meta property=\"og:type\" content=\"article\" \/>\n<meta property=\"og:title\" content=\"Order Tracking\" \/>\n<meta property=\"og:description\" content=\"Why can&#8217;t I see my logistics info? This might happen if the tracking number is incorrect, or if your package was recently shipped and the courier hasn\u2019t updated their system yet. How long does shipping take? Shipping usually takes 7\u201315 business days\uff08Delivery from European warehouses takes only 3-5 days.\uff09. During holidays or bad weather, it [&hellip;]\" \/>\n<meta property=\"og:url\" content=\"https:\/\/geekvapor.com\/it\/order-tracking\/\" \/>\n<meta property=\"og:site_name\" content=\"geekvapor\" \/>\n<meta property=\"article:modified_time\" content=\"2025-10-10T10:32:37+00:00\" \/>\n<meta name=\"twitter:card\" content=\"summary_large_image\" \/>\n<meta name=\"twitter:label1\" content=\"Tempo di lettura stimato\" \/>\n\t<meta name=\"twitter:data1\" content=\"1 minuto\" \/>\n<script type=\"application\/ld+json\" class=\"yoast-schema-graph\">{\"@context\":\"https:\/\/schema.org\",\"@graph\":[{\"@type\":\"WebPage\",\"@id\":\"https:\/\/geekvapor.com\/order-tracking\/\",\"url\":\"https:\/\/geekvapor.com\/order-tracking\/\",\"name\":\"Order Tracking | geekvapor\",\"isPartOf\":{\"@id\":\"https:\/\/geekvapor.com\/#website\"},\"datePublished\":\"2019-08-02T09:34:08+00:00\",\"dateModified\":\"2025-10-10T10:32:37+00:00\",\"breadcrumb\":{\"@id\":\"https:\/\/geekvapor.com\/order-tracking\/#breadcrumb\"},\"inLanguage\":\"it-IT\",\"potentialAction\":[{\"@type\":\"ReadAction\",\"target\":[\"https:\/\/geekvapor.com\/order-tracking\/\"]}]},{\"@type\":\"BreadcrumbList\",\"@id\":\"https:\/\/geekvapor.com\/order-tracking\/#breadcrumb\",\"itemListElement\":[{\"@type\":\"ListItem\",\"position\":1,\"name\":\"\u9996\u9875\",\"item\":\"https:\/\/geekvapor.com\/\"},{\"@type\":\"ListItem\",\"position\":2,\"name\":\"Order Tracking\"}]},{\"@type\":\"WebSite\",\"@id\":\"https:\/\/geekvapor.com\/#website\",\"url\":\"https:\/\/geekvapor.com\/\",\"name\":\"geekvapor\",\"description\":\"\",\"potentialAction\":[{\"@type\":\"SearchAction\",\"target\":{\"@type\":\"EntryPoint\",\"urlTemplate\":\"https:\/\/geekvapor.com\/?s={search_term_string}\"},\"query-input\":{\"@type\":\"PropertyValueSpecification\",\"valueRequired\":true,\"valueName\":\"search_term_string\"}}],\"inLanguage\":\"it-IT\"}]}<\/script>\n<!-- \/ Yoast SEO Premium plugin. -->","yoast_head_json":{"title":"Tracciamento dell'ordine | geekvapor","robots":{"index":"index","follow":"follow","max-snippet":"max-snippet:-1","max-image-preview":"max-image-preview:large","max-video-preview":"max-video-preview:-1"},"canonical":"https:\/\/geekvapor.com\/it\/order-tracking\/","og_locale":"it_IT","og_type":"article","og_title":"Order Tracking","og_description":"Why can&#8217;t I see my logistics info? This might happen if the tracking number is incorrect, or if your package was recently shipped and the courier hasn\u2019t updated their system yet. How long does shipping take? Shipping usually takes 7\u201315 business days\uff08Delivery from European warehouses takes only 3-5 days.\uff09. During holidays or bad weather, it [&hellip;]","og_url":"https:\/\/geekvapor.com\/it\/order-tracking\/","og_site_name":"geekvapor","article_modified_time":"2025-10-10T10:32:37+00:00","twitter_card":"summary_large_image","twitter_misc":{"Tempo di lettura stimato":"1 minuto"},"schema":{"@context":"https:\/\/schema.org","@graph":[{"@type":"WebPage","@id":"https:\/\/geekvapor.com\/order-tracking\/","url":"https:\/\/geekvapor.com\/order-tracking\/","name":"Tracciamento dell'ordine | geekvapor","isPartOf":{"@id":"https:\/\/geekvapor.com\/#website"},"datePublished":"2019-08-02T09:34:08+00:00","dateModified":"2025-10-10T10:32:37+00:00","breadcrumb":{"@id":"https:\/\/geekvapor.com\/order-tracking\/#breadcrumb"},"inLanguage":"it-IT","potentialAction":[{"@type":"ReadAction","target":["https:\/\/geekvapor.com\/order-tracking\/"]}]},{"@type":"BreadcrumbList","@id":"https:\/\/geekvapor.com\/order-tracking\/#breadcrumb","itemListElement":[{"@type":"ListItem","position":1,"name":"\u9996\u9875","item":"https:\/\/geekvapor.com\/"},{"@type":"ListItem","position":2,"name":"Order Tracking"}]},{"@type":"WebSite","@id":"https:\/\/geekvapor.com\/#website","url":"https:\/\/geekvapor.com\/","name":"geekvapor","description":"","potentialAction":[{"@type":"SearchAction","target":{"@type":"EntryPoint","urlTemplate":"https:\/\/geekvapor.com\/?s={search_term_string}"},"query-input":{"@type":"PropertyValueSpecification","valueRequired":true,"valueName":"search_term_string"}}],"inLanguage":"it-IT"}]}},"_links":{"self":[{"href":"https:\/\/geekvapor.com\/it\/wp-json\/wp\/v2\/pages\/2965","targetHints":{"allow":["GET"]}}],"collection":[{"href":"https:\/\/geekvapor.com\/it\/wp-json\/wp\/v2\/pages"}],"about":[{"href":"https:\/\/geekvapor.com\/it\/wp-json\/wp\/v2\/types\/page"}],"author":[{"embeddable":true,"href":"https:\/\/geekvapor.com\/it\/wp-json\/wp\/v2\/users\/1"}],"replies":[{"embeddable":true,"href":"https:\/\/geekvapor.com\/it\/wp-json\/wp\/v2\/comments?post=2965"}],"version-history":[{"count":2,"href":"https:\/\/geekvapor.com\/it\/wp-json\/wp\/v2\/pages\/2965\/revisions"}],"predecessor-version":[{"id":29797,"href":"https:\/\/geekvapor.com\/it\/wp-json\/wp\/v2\/pages\/2965\/revisions\/29797"}],"wp:attachment":[{"href":"https:\/\/geekvapor.com\/it\/wp-json\/wp\/v2\/media?parent=2965"}],"curies":[{"name":"wp","href":"https:\/\/api.w.org\/{rel}","templated":true}]}}