{"id":28212,"date":"2024-12-20T07:20:52","date_gmt":"2024-12-20T07:20:52","guid":{"rendered":"https:\/\/geekvapor.com\/?page_id=28212"},"modified":"2024-12-20T10:19:23","modified_gmt":"2024-12-20T10:19:23","slug":"terms-and-conditions","status":"publish","type":"page","link":"https:\/\/geekvapor.com\/it\/terms-and-conditions\/","title":{"rendered":"Termini e condizioni"},"content":{"rendered":"<div data-elementor-type=\"wp-page\" data-elementor-id=\"28212\" class=\"elementor elementor-28212\">\n\t\t\t\t<div class=\"elementor-element elementor-element-4c5732a e-flex e-con-boxed e-con e-parent\" data-id=\"4c5732a\" data-element_type=\"container\">\n\t\t\t\t\t<div class=\"e-con-inner\">\n\t\t\t\t<div class=\"elementor-element elementor-element-cab5651 elementor-widget elementor-widget-heading\" data-id=\"cab5651\" data-element_type=\"widget\" data-widget_type=\"heading.default\">\n\t\t\t\t<div class=\"elementor-widget-container\">\n\t\t\t\t\t<h2 class=\"elementor-heading-title elementor-size-default\">TERMINI E CONDIZIONI<\/h2>\t\t\t\t<\/div>\n\t\t\t\t<\/div>\n\t\t\t\t\t<\/div>\n\t\t\t\t<\/div>\n\t\t<div class=\"elementor-element elementor-element-2faa7f6 e-flex e-con-boxed e-con e-parent\" data-id=\"2faa7f6\" data-element_type=\"container\">\n\t\t\t\t\t<div class=\"e-con-inner\">\n\t\t\t\t<div class=\"elementor-element elementor-element-a2b39db elementor-widget elementor-widget-text-editor\" data-id=\"a2b39db\" data-element_type=\"widget\" data-widget_type=\"text-editor.default\">\n\t\t\t\t<div class=\"elementor-widget-container\">\n\t\t\t\t\t\t\t\t\t<p>I presenti termini e condizioni (i \"Termini e Condizioni\") regolano l'utilizzo di geekvapor.com (il \"Sito\"). Questo Sito \u00e8 di propriet\u00e0 e gestito da geekvapor. Il Sito \u00e8 un sito di commercio elettronico.<\/p><p>Utilizzando il Sito, l'utente dichiara di aver letto e compreso i presenti Termini e condizioni e accetta di rispettarli in ogni momento.<\/p><div><h3>Propriet\u00e0 intellettuale<\/h3><p>Tutti i contenuti pubblicati e resi disponibili sul nostro Sito sono di propriet\u00e0 di geekvapor e dei creatori del Sito. Ci\u00f2 include, ma non si limita a, immagini, testi, loghi, documenti, file scaricabili e tutto ci\u00f2 che contribuisce alla composizione del nostro Sito.<\/p><\/div><div><h3>Limiti di et\u00e0<\/h3><p>L'et\u00e0 minima per utilizzare il nostro Sito \u00e8 di 21 anni. Utilizzando il Sito, gli utenti dichiarano di avere pi\u00f9 di 21 anni. Non ci assumiamo alcuna responsabilit\u00e0 legale per false dichiarazioni sull'et\u00e0.<\/p><\/div><div><h3>Uso accettabile<\/h3><p>In qualit\u00e0 di utente del nostro Sito, l'utente accetta di utilizzare il nostro Sito in modo legale, di non utilizzare il nostro Sito per scopi illegali e di non:<\/p><ul><li value=\"1\">Molestare o maltrattare altri utenti del nostro Sito;<\/li><li value=\"2\">Violare i diritti di altri utenti del nostro Sito;<\/li><li value=\"3\">Violare i diritti di propriet\u00e0 intellettuale dei proprietari del Sito o di qualsiasi terza parte del Sito;<\/li><li value=\"4\">Entrare nell'account di un altro utente del Sito;<\/li><li value=\"5\">agire in qualsiasi modo che possa essere considerato fraudolento; oppure<\/li><li value=\"6\">Pubblicare materiale che possa essere considerato inappropriato o offensivo.<\/li><\/ul><p>Se riteniamo che l'utente utilizzi il nostro Sito in modo illegale o in violazione dei presenti Termini e condizioni, ci riserviamo il diritto di limitare, sospendere o interrompere il suo accesso al nostro Sito. Ci riserviamo inoltre il diritto di intraprendere qualsiasi azione legale necessaria per impedirvi di accedere al nostro Sito.<\/p><\/div><div><h3>Contributi degli utenti<\/h3><p>Gli utenti possono pubblicare le seguenti informazioni sul nostro Sito:<\/p><ul><li value=\"1\">Foto; e<\/li><li value=\"2\">Commenti del pubblico.<\/li><\/ul><p>Pubblicando pubblicamente sul nostro Sito, l'utente si impegna a non agire illegalmente o a non violare i presenti Termini e condizioni.<\/p><\/div><div><h3>Conti<\/h3><p>Quando si crea un account sul nostro Sito, si accetta quanto segue:<\/p><ol start=\"1\"><li value=\"1\">L'utente \u00e8 l'unico responsabile del proprio account, della sicurezza e della privacy del proprio account, comprese le password o le informazioni sensibili collegate a tale account; e<\/li><li value=\"2\">Tutte le informazioni personali fornite dall'utente attraverso il proprio account sono aggiornate, accurate e veritiere e l'utente aggiorner\u00e0 le proprie informazioni personali in caso di modifiche.<\/li><\/ol><p>Ci riserviamo il diritto di sospendere o chiudere l'account dell'utente in caso di utilizzo illegale del Sito o di violazione dei presenti Termini e condizioni.<\/p><\/div><div><h3>Vendita di beni<\/h3><p>I presenti Termini e condizioni regolano la vendita dei prodotti disponibili sul nostro Sito.<\/p><p>Sul nostro Sito sono disponibili i seguenti prodotti:<\/p><ul><li value=\"1\">Vape monouso; e<\/li><li value=\"2\">Kit di svapo.<\/li><\/ul><p>I presenti Termini e condizioni si applicano a tutti i prodotti visualizzati sul nostro Sito al momento dell'accesso. Ci\u00f2 include tutti i prodotti elencati come non disponibili. Tutte le informazioni, le descrizioni o le immagini che forniamo sui nostri prodotti sono il pi\u00f9 possibile accurate. Tuttavia, non siamo legalmente vincolati da tali informazioni, descrizioni o immagini in quanto non possiamo garantire l'accuratezza di tutti i prodotti che forniamo. L'utente accetta di acquistare prodotti dal nostro Sito a proprio rischio e pericolo.<\/p><p>Ci riserviamo il diritto di modificare, rifiutare o cancellare il vostro ordine ogni qualvolta si renda necessario. Se l'ordine viene annullato e il pagamento \u00e8 gi\u00e0 stato elaborato, il cliente ricever\u00e0 un rimborso pari all'importo pagato. L'utente accetta che \u00e8 sua responsabilit\u00e0 controllare il proprio strumento di pagamento per verificare la ricezione di qualsiasi rimborso.<\/p><\/div><div><p>Beni e servizi di terzi<br \/>Il nostro Sito pu\u00f2 offrire beni e servizi di terzi. Non possiamo garantire la qualit\u00e0 o l'accuratezza dei beni e servizi resi disponibili da terzi sul nostro Sito.<\/p><\/div><div><h3>Pagamenti<\/h3><p>Sul nostro Sito accettiamo i seguenti metodi di pagamento:<\/p><ul><li value=\"1\">Carta di credito;<\/li><li value=\"2\">PayPal; e<\/li><li value=\"3\">Debito.<\/li><\/ul><p>Quando ci fornite i vostri dati di pagamento, autorizzate il nostro utilizzo e l'accesso allo strumento di pagamento che avete scelto di utilizzare. Fornendoci i vostri dati di pagamento, ci autorizzate ad addebitare l'importo dovuto su tale strumento di pagamento.<\/p><p>Se riteniamo che il vostro pagamento abbia violato una legge o i presenti Termini e condizioni, ci riserviamo il diritto di annullare o stornare la vostra transazione.<\/p><\/div><div><h3>Spedizione e consegna<\/h3><p>Quando acquistate prodotti dal nostro Sito, i prodotti saranno consegnati attraverso uno dei seguenti metodi:<\/p><ul><li value=\"2\">DHL; e<\/li><li value=\"3\">UPS.<\/li><\/ul><p>La consegna avverr\u00e0 non appena ragionevolmente possibile, a seconda del metodo di consegna selezionato. I tempi di consegna possono variare a causa di circostanze impreviste. I tempi di consegna non comprendono i fine settimana e i giorni festivi.<\/p><p>Non vi sar\u00e0 addebitato alcun costo per la consegna dei prodotti acquistati sul nostro Sito.<\/p><p>Il cliente \u00e8 tenuto a fornirci un indirizzo di consegna completo e accurato, compreso il nome del destinatario. Non siamo responsabili per la consegna della merce all'indirizzo sbagliato o alla persona sbagliata a causa di informazioni inesatte o incomplete fornite dal cliente.<\/p><\/div><div><div><h3>Rimborsi<\/h3><p>Rimborsi per merci<br \/>Le richieste di rimborso devono essere effettuate entro 30 giorni dal ricevimento della merce.<\/p><p>Accettiamo richieste di rimborso per i prodotti venduti sul nostro Sito per uno dei seguenti motivi:<\/p><ul><li value=\"1\">Il bene \u00e8 rotto.<\/li><\/ul><\/div><\/div><div><h3>Restituzioni<\/h3><p>I resi possono essere effettuati per posta. Per restituire un prodotto per posta, seguire la seguente procedura:<br \/>Imballate la merce e attaccate l'etichetta di restituzione inclusa nel pacco. Recatevi all'ufficio postale pi\u00f9 vicino e pagate le spese di spedizione necessarie.<\/p><\/div><div><h3>Legge sulla protezione dei consumatori<\/h3><p>Qualora nella giurisdizione dell'utente si applichi una legislazione sulla protezione dei consumatori che non pu\u00f2 essere esclusa, i presenti Termini e condizioni non limiteranno i diritti e i rimedi legali dell'utente ai sensi di tale legislazione. I presenti Termini e condizioni saranno soggetti alle disposizioni obbligatorie di tale legislazione. In caso di conflitto tra i presenti Termini e condizioni e tale legislazione, si applicheranno le disposizioni obbligatorie della legislazione.<\/p><\/div><div><h3>Limitazione di responsabilit\u00e0<\/h3><p>geekvapor e i nostri direttori, funzionari, agenti, dipendenti, filiali e affiliati non saranno responsabili per qualsiasi azione, reclamo, perdita, danno, responsabilit\u00e0 e spese, comprese le spese legali, derivanti dall'uso del Sito.<\/p><\/div><div><h3>Indennit\u00e0<\/h3><p>Salvo ove proibito dalla legge, utilizzando questo Sito l'utente manleva e tiene indenne geekvapor e i suoi direttori, funzionari, agenti, dipendenti, filiali e affiliati da qualsiasi azione, reclamo, perdita, danno, responsabilit\u00e0 e spesa, comprese le spese legali, derivanti dall'uso del nostro Sito o dalla violazione di questi Termini e Condizioni.<\/p><\/div><div><h3>Severit\u00e0<\/h3><p>Se, in qualsiasi momento, una qualsiasi delle disposizioni contenute nei presenti Termini e condizioni dovesse risultare incoerente o non valida ai sensi delle leggi applicabili, tali disposizioni saranno considerate nulle e saranno eliminate dai presenti Termini e condizioni. Tutte le altre disposizioni non saranno influenzate dalla rimozione e il resto dei presenti Termini e condizioni sar\u00e0 ancora considerato valido.<\/p><\/div><div><h3>Cambiamenti<\/h3><p>I presenti Termini e condizioni possono essere modificati di volta in volta per mantenere la conformit\u00e0 alla legge e per riflettere eventuali cambiamenti nel modo in cui gestiamo il nostro Sito e nel modo in cui ci aspettiamo che gli utenti si comportino sul nostro Sito. Comunicheremo agli utenti via e-mail le modifiche ai presenti Termini e condizioni o pubblicheremo un avviso sul nostro Sito.<\/p><\/div><div><h3>Dettagli di contatto<\/h3><p>Per qualsiasi domanda o dubbio, contattateci. I nostri recapiti sono i seguenti:<br \/>______________________________________<br \/>info@GeekVapor.com<br \/>______________________________________<\/p><p>Potete anche contattarci attraverso il modulo di feedback disponibile sul nostro Sito.<\/p><\/div><p>Data di entrata in vigore: 20 dicembre 2023<\/p>\t\t\t\t\t\t\t\t<\/div>\n\t\t\t\t<\/div>\n\t\t\t\t\t<\/div>\n\t\t\t\t<\/div>\n\t\t\t\t<\/div>","protected":false},"excerpt":{"rendered":"<p>TERMS AND CONDITIONS These terms and conditions (the &#8220;Terms and Conditions&#8221;) govern the use of\u00a0geekvapor.com\u00a0(the &#8220;Site&#8221;). This Site is owned and operated by geekvapor. This Site is an ecommerce website. By using this Site, you indicate that you have read and understand these Terms and Conditions and agree to abide by them at all times. [&hellip;]<\/p>\n","protected":false},"author":1,"featured_media":0,"parent":0,"menu_order":0,"comment_status":"closed","ping_status":"closed","template":"","meta":{"footnotes":""},"class_list":["post-28212","page","type-page","status-publish","hentry"],"yoast_head":"<!-- This site is optimized with the Yoast SEO Premium plugin v24.0 (Yoast SEO v26.0) - https:\/\/yoast.com\/wordpress\/plugins\/seo\/ -->\n<title>Terms And Conditions | geekvapor<\/title>\n<meta name=\"robots\" content=\"index, follow, max-snippet:-1, max-image-preview:large, max-video-preview:-1\" \/>\n<link rel=\"canonical\" href=\"https:\/\/geekvapor.com\/it\/terms-and-conditions\/\" \/>\n<meta property=\"og:locale\" content=\"it_IT\" \/>\n<meta property=\"og:type\" content=\"article\" \/>\n<meta property=\"og:title\" content=\"Terms And Conditions\" \/>\n<meta property=\"og:description\" content=\"TERMS AND CONDITIONS These terms and conditions (the &#8220;Terms and Conditions&#8221;) govern the use of\u00a0geekvapor.com\u00a0(the &#8220;Site&#8221;). This Site is owned and operated by geekvapor. This Site is an ecommerce website. By using this Site, you indicate that you have read and understand these Terms and Conditions and agree to abide by them at all times. [&hellip;]\" \/>\n<meta property=\"og:url\" content=\"https:\/\/geekvapor.com\/it\/terms-and-conditions\/\" \/>\n<meta property=\"og:site_name\" content=\"geekvapor\" \/>\n<meta property=\"article:modified_time\" content=\"2024-12-20T10:19:23+00:00\" \/>\n<meta name=\"twitter:card\" content=\"summary_large_image\" \/>\n<meta name=\"twitter:label1\" content=\"Tempo di lettura stimato\" \/>\n\t<meta name=\"twitter:data1\" content=\"6 minuti\" \/>\n<script type=\"application\/ld+json\" class=\"yoast-schema-graph\">{\"@context\":\"https:\/\/schema.org\",\"@graph\":[{\"@type\":\"WebPage\",\"@id\":\"https:\/\/geekvapor.com\/terms-and-conditions\/\",\"url\":\"https:\/\/geekvapor.com\/terms-and-conditions\/\",\"name\":\"Terms And Conditions | geekvapor\",\"isPartOf\":{\"@id\":\"https:\/\/geekvapor.com\/#website\"},\"datePublished\":\"2024-12-20T07:20:52+00:00\",\"dateModified\":\"2024-12-20T10:19:23+00:00\",\"breadcrumb\":{\"@id\":\"https:\/\/geekvapor.com\/terms-and-conditions\/#breadcrumb\"},\"inLanguage\":\"it-IT\",\"potentialAction\":[{\"@type\":\"ReadAction\",\"target\":[\"https:\/\/geekvapor.com\/terms-and-conditions\/\"]}]},{\"@type\":\"BreadcrumbList\",\"@id\":\"https:\/\/geekvapor.com\/terms-and-conditions\/#breadcrumb\",\"itemListElement\":[{\"@type\":\"ListItem\",\"position\":1,\"name\":\"\u9996\u9875\",\"item\":\"https:\/\/geekvapor.com\/\"},{\"@type\":\"ListItem\",\"position\":2,\"name\":\"Terms And Conditions\"}]},{\"@type\":\"WebSite\",\"@id\":\"https:\/\/geekvapor.com\/#website\",\"url\":\"https:\/\/geekvapor.com\/\",\"name\":\"geekvapor\",\"description\":\"\",\"potentialAction\":[{\"@type\":\"SearchAction\",\"target\":{\"@type\":\"EntryPoint\",\"urlTemplate\":\"https:\/\/geekvapor.com\/?s={search_term_string}\"},\"query-input\":{\"@type\":\"PropertyValueSpecification\",\"valueRequired\":true,\"valueName\":\"search_term_string\"}}],\"inLanguage\":\"it-IT\"}]}<\/script>\n<!-- \/ Yoast SEO Premium plugin. -->","yoast_head_json":{"title":"Termini e Condizioni | geekvapor","robots":{"index":"index","follow":"follow","max-snippet":"max-snippet:-1","max-image-preview":"max-image-preview:large","max-video-preview":"max-video-preview:-1"},"canonical":"https:\/\/geekvapor.com\/it\/terms-and-conditions\/","og_locale":"it_IT","og_type":"article","og_title":"Terms And Conditions","og_description":"TERMS AND CONDITIONS These terms and conditions (the &#8220;Terms and Conditions&#8221;) govern the use of\u00a0geekvapor.com\u00a0(the &#8220;Site&#8221;). This Site is owned and operated by geekvapor. This Site is an ecommerce website. By using this Site, you indicate that you have read and understand these Terms and Conditions and agree to abide by them at all times. [&hellip;]","og_url":"https:\/\/geekvapor.com\/it\/terms-and-conditions\/","og_site_name":"geekvapor","article_modified_time":"2024-12-20T10:19:23+00:00","twitter_card":"summary_large_image","twitter_misc":{"Tempo di lettura stimato":"6 minuti"},"schema":{"@context":"https:\/\/schema.org","@graph":[{"@type":"WebPage","@id":"https:\/\/geekvapor.com\/terms-and-conditions\/","url":"https:\/\/geekvapor.com\/terms-and-conditions\/","name":"Termini e Condizioni | geekvapor","isPartOf":{"@id":"https:\/\/geekvapor.com\/#website"},"datePublished":"2024-12-20T07:20:52+00:00","dateModified":"2024-12-20T10:19:23+00:00","breadcrumb":{"@id":"https:\/\/geekvapor.com\/terms-and-conditions\/#breadcrumb"},"inLanguage":"it-IT","potentialAction":[{"@type":"ReadAction","target":["https:\/\/geekvapor.com\/terms-and-conditions\/"]}]},{"@type":"BreadcrumbList","@id":"https:\/\/geekvapor.com\/terms-and-conditions\/#breadcrumb","itemListElement":[{"@type":"ListItem","position":1,"name":"\u9996\u9875","item":"https:\/\/geekvapor.com\/"},{"@type":"ListItem","position":2,"name":"Terms And Conditions"}]},{"@type":"WebSite","@id":"https:\/\/geekvapor.com\/#website","url":"https:\/\/geekvapor.com\/","name":"geekvapor","description":"","potentialAction":[{"@type":"SearchAction","target":{"@type":"EntryPoint","urlTemplate":"https:\/\/geekvapor.com\/?s={search_term_string}"},"query-input":{"@type":"PropertyValueSpecification","valueRequired":true,"valueName":"search_term_string"}}],"inLanguage":"it-IT"}]}},"_links":{"self":[{"href":"https:\/\/geekvapor.com\/it\/wp-json\/wp\/v2\/pages\/28212","targetHints":{"allow":["GET"]}}],"collection":[{"href":"https:\/\/geekvapor.com\/it\/wp-json\/wp\/v2\/pages"}],"about":[{"href":"https:\/\/geekvapor.com\/it\/wp-json\/wp\/v2\/types\/page"}],"author":[{"embeddable":true,"href":"https:\/\/geekvapor.com\/it\/wp-json\/wp\/v2\/users\/1"}],"replies":[{"embeddable":true,"href":"https:\/\/geekvapor.com\/it\/wp-json\/wp\/v2\/comments?post=28212"}],"version-history":[{"count":0,"href":"https:\/\/geekvapor.com\/it\/wp-json\/wp\/v2\/pages\/28212\/revisions"}],"wp:attachment":[{"href":"https:\/\/geekvapor.com\/it\/wp-json\/wp\/v2\/media?parent=28212"}],"curies":[{"name":"wp","href":"https:\/\/api.w.org\/{rel}","templated":true}]}}