{"id":30574,"date":"2025-11-21T10:21:00","date_gmt":"2025-11-21T10:21:00","guid":{"rendered":"https:\/\/geekvapor.com\/?post_type=product&#038;p=30574"},"modified":"2025-11-21T10:21:04","modified_gmt":"2025-11-21T10:21:04","slug":"puff-30k-bang-king-30000-puffs-disposable-vape-2-in-1-flavor-eu-warehouse","status":"publish","type":"product","link":"https:\/\/geekvapor.com\/fr\/product\/puff-30k-bang-king-30000-puffs-disposable-vape-2-in-1-flavor-eu-warehouse\/","title":{"rendered":"Puff 30k Bang King 30000 Puffs Vape jetable 2 en 1 saveurs EU Warehouse"},"content":{"rendered":"<h1 class=\"font-bold text-h3 leading-[40px] pt-[21px] pb-[2px] [&amp;_a]:underline-offset-[6px] [&amp;_.underline]:underline-offset-[6px]\" dir=\"ltr\" style=\"text-align: center;\"><span style=\"color: #83b828;\">Puff 30k Bang King 30000 Disposable Vape<\/span><\/h1>\n<p data-start=\"301\" data-end=\"829\">The Bang King 30k is a powerful disposable vape designed for extended sessions with dual flavor tanks for a rich, layered experience. Equipped with a <strong data-start=\"451\" data-end=\"464\">Mesh Coil<\/strong>, <strong data-start=\"466\" data-end=\"499\">18mL+18mL dual e-liquid tanks<\/strong>, and a <strong data-start=\"507\" data-end=\"517\">550mAh<\/strong> rechargeable battery via Type-C, this device delivers up to <strong data-start=\"578\" data-end=\"590\">Puff 30k<\/strong> for long-lasting satisfaction. Perfect for flavor enthusiasts and heavy users, the <strong data-start=\"674\" data-end=\"693\">Bang King 30000<\/strong> ensures consistent vapor production, easy use, and EU-warehouse fast dispatch, making it one of the top <strong data-start=\"798\" data-end=\"810\">30k vape<\/strong> options available.<\/p>\n<hr data-start=\"831\" data-end=\"834\" \/>\n<h2 data-start=\"836\" data-end=\"871\"><strong data-start=\"839\" data-end=\"871\">Bang King 30k Specifications<\/strong><\/h2>\n<div class=\"_tableContainer_1rjym_1\">\n<div class=\"group _tableWrapper_1rjym_13 flex w-fit flex-col-reverse\" tabindex=\"-1\">\n<table class=\"w-fit min-w-(--thread-content-width)\" data-start=\"872\" data-end=\"1680\">\n<thead data-start=\"872\" data-end=\"903\">\n<tr data-start=\"872\" data-end=\"903\">\n<th data-start=\"872\" data-end=\"888\" data-col-size=\"sm\"><strong data-start=\"874\" data-end=\"887\">Parameter<\/strong><\/th>\n<th data-start=\"888\" data-end=\"903\" data-col-size=\"md\"><strong data-start=\"890\" data-end=\"901\">Details<\/strong><\/th>\n<\/tr>\n<\/thead>\n<tbody data-start=\"936\" data-end=\"1680\">\n<tr data-start=\"936\" data-end=\"961\">\n<td data-start=\"936\" data-end=\"948\" data-col-size=\"sm\"><strong data-start=\"938\" data-end=\"947\">Brand<\/strong><\/td>\n<td data-start=\"948\" data-end=\"961\" data-col-size=\"md\"><a href=\"https:\/\/geekvapor.com\/product-category\/vape-brands\/bang\/\">Bang King<\/a><\/td>\n<\/tr>\n<tr data-start=\"962\" data-end=\"991\">\n<td data-start=\"962\" data-end=\"974\" data-col-size=\"sm\"><strong data-start=\"964\" data-end=\"973\">Model<\/strong><\/td>\n<td data-start=\"974\" data-end=\"991\" data-col-size=\"md\">Bang King 30k<\/td>\n<\/tr>\n<tr data-start=\"992\" data-end=\"1075\">\n<td data-start=\"992\" data-end=\"1004\" data-col-size=\"sm\"><strong data-start=\"994\" data-end=\"1003\">Puffs<\/strong><\/td>\n<td data-col-size=\"md\" data-start=\"1004\" data-end=\"1075\">Up to <a href=\"https:\/\/geekvapor.com\/product-category\/puff-vape\/30000-puffs\/\"><strong data-start=\"1012\" data-end=\"1027\">30000 Puffs<\/strong><\/a> (Puff 30k \/ Vape 30000 Puffs \/ 30k puff vape)<\/td>\n<\/tr>\n<tr data-start=\"1076\" data-end=\"1100\">\n<td data-start=\"1076\" data-end=\"1090\" data-col-size=\"sm\"><strong data-start=\"1078\" data-end=\"1089\">Battery<\/strong><\/td>\n<td data-start=\"1090\" data-end=\"1100\" data-col-size=\"md\">550mAh<\/td>\n<\/tr>\n<tr data-start=\"1101\" data-end=\"1130\">\n<td data-start=\"1101\" data-end=\"1120\" data-col-size=\"sm\"><strong data-start=\"1103\" data-end=\"1119\">Rechargeable<\/strong><\/td>\n<td data-start=\"1120\" data-end=\"1130\" data-col-size=\"md\">Type-C<\/td>\n<\/tr>\n<tr data-start=\"1131\" data-end=\"1181\">\n<td data-start=\"1131\" data-end=\"1155\" data-col-size=\"sm\"><strong data-start=\"1133\" data-end=\"1154\">E-liquid Capacity<\/strong><\/td>\n<td data-col-size=\"md\" data-start=\"1155\" data-end=\"1181\">18mL + 18mL dual tanks<\/td>\n<\/tr>\n<tr data-start=\"1182\" data-end=\"1223\">\n<td data-start=\"1182\" data-end=\"1205\" data-col-size=\"sm\"><strong data-start=\"1184\" data-end=\"1204\">Nicotine Options<\/strong><\/td>\n<td data-start=\"1205\" data-end=\"1223\" data-col-size=\"md\">0%, 2%, 3%, 5%<\/td>\n<\/tr>\n<tr data-start=\"1224\" data-end=\"1264\">\n<td data-start=\"1224\" data-end=\"1248\" data-col-size=\"sm\"><strong data-start=\"1226\" data-end=\"1247\">Dispatch Location<\/strong><\/td>\n<td data-start=\"1248\" data-end=\"1264\" data-col-size=\"md\">EU Warehouse<\/td>\n<\/tr>\n<tr data-start=\"1265\" data-end=\"1289\">\n<td data-start=\"1265\" data-end=\"1282\" data-col-size=\"sm\"><strong data-start=\"1267\" data-end=\"1281\">Disposable<\/strong><\/td>\n<td data-start=\"1282\" data-end=\"1289\" data-col-size=\"md\">Yes<\/td>\n<\/tr>\n<tr data-start=\"1290\" data-end=\"1327\">\n<td data-start=\"1290\" data-end=\"1310\" data-col-size=\"sm\"><strong data-start=\"1292\" data-end=\"1309\">Flavor Series<\/strong><\/td>\n<td data-start=\"1310\" data-end=\"1327\" data-col-size=\"md\">Fruits Series<\/td>\n<\/tr>\n<tr data-start=\"1328\" data-end=\"1352\">\n<td data-start=\"1328\" data-end=\"1339\" data-col-size=\"sm\"><strong data-start=\"1330\" data-end=\"1338\">Core<\/strong><\/td>\n<td data-start=\"1339\" data-end=\"1352\" data-col-size=\"md\">Mesh Coil<\/td>\n<\/tr>\n<tr data-start=\"1353\" data-end=\"1382\">\n<td data-start=\"1353\" data-end=\"1373\" data-col-size=\"sm\"><strong data-start=\"1355\" data-end=\"1372\">Charging Type<\/strong><\/td>\n<td data-col-size=\"md\" data-start=\"1373\" data-end=\"1382\">Cable<\/td>\n<\/tr>\n<tr data-start=\"1383\" data-end=\"1412\">\n<td data-start=\"1383\" data-end=\"1399\" data-col-size=\"sm\"><strong data-start=\"1385\" data-end=\"1398\">Packaging<\/strong><\/td>\n<td data-start=\"1399\" data-end=\"1412\" data-col-size=\"md\">10PCS\/Box<\/td>\n<\/tr>\n<tr data-start=\"1413\" data-end=\"1434\">\n<td data-start=\"1413\" data-end=\"1426\" data-col-size=\"sm\"><strong data-start=\"1415\" data-end=\"1425\">Weight<\/strong><\/td>\n<td data-start=\"1426\" data-end=\"1434\" data-col-size=\"md\">118g<\/td>\n<\/tr>\n<tr data-start=\"1435\" data-end=\"1474\">\n<td data-start=\"1435\" data-end=\"1460\" data-col-size=\"sm\"><strong data-start=\"1437\" data-end=\"1459\">Fully Charged Time<\/strong><\/td>\n<td data-col-size=\"md\" data-start=\"1460\" data-end=\"1474\">30 minutes<\/td>\n<\/tr>\n<tr data-start=\"1475\" data-end=\"1522\">\n<td data-start=\"1475\" data-end=\"1506\" data-col-size=\"sm\"><strong data-start=\"1477\" data-end=\"1505\">Variable Voltage\/Wattage<\/strong><\/td>\n<td data-col-size=\"md\" data-start=\"1506\" data-end=\"1522\">Non-variable<\/td>\n<\/tr>\n<tr data-start=\"1523\" data-end=\"1562\">\n<td data-start=\"1523\" data-end=\"1544\" data-col-size=\"sm\"><strong data-start=\"1525\" data-end=\"1543\">Mechanical Mod<\/strong><\/td>\n<td data-col-size=\"md\" data-start=\"1544\" data-end=\"1562\">Non-mechanical<\/td>\n<\/tr>\n<tr data-start=\"1563\" data-end=\"1592\">\n<td data-start=\"1563\" data-end=\"1582\" data-col-size=\"sm\"><strong data-start=\"1565\" data-end=\"1581\">Suitable For<\/strong><\/td>\n<td data-col-size=\"md\" data-start=\"1582\" data-end=\"1592\">ALL\uff1e18<\/td>\n<\/tr>\n<tr data-start=\"1593\" data-end=\"1680\">\n<td data-start=\"1593\" data-end=\"1608\" data-col-size=\"sm\"><\/td>\n<td data-start=\"1608\" data-end=\"1680\" data-col-size=\"md\"><\/td>\n<\/tr>\n<\/tbody>\n<\/table>\n<\/div>\n<\/div>\n<hr data-start=\"1682\" data-end=\"1685\" \/>\n<h2 data-start=\"1687\" data-end=\"1719\"><strong data-start=\"1690\" data-end=\"1719\">Puff 30k Bang King 30k Flavor List<\/strong><\/h2>\n<ol>\n<li data-start=\"1723\" data-end=\"1756\">Watermelon Ice &amp; Blueberry Mint<\/li>\n<li data-start=\"1760\" data-end=\"1795\">Watermelon Ice &amp; Strawberry Mango<\/li>\n<li data-start=\"1799\" data-end=\"1849\">Strawberry Watermelon &amp; Kiwi Passion Fruit Guava<\/li>\n<li data-start=\"1853\" data-end=\"1888\">Strawberry Watermelon &amp; Grape Ice<\/li>\n<li data-start=\"1892\" data-end=\"1926\">Blueberry Ice &amp; Black Dragon Ice<\/li>\n<li data-start=\"1930\" data-end=\"1965\">Blueberry Ice &amp; Strawberry Banana<\/li>\n<li data-start=\"1969\" data-end=\"2002\">Red Bull &amp; Blueberry Watermelon<\/li>\n<li data-start=\"2006\" data-end=\"2042\">Red Bull &amp; Watermelon Bubble Candy<\/li>\n<li data-start=\"2046\" data-end=\"2092\">Blueberry Raspberry &amp; Peach Mango Watermelon<\/li>\n<li data-start=\"2097\" data-end=\"2139\">Blueberry Raspberry &amp; Mixed Mouldy Fruit<\/li>\n<li data-start=\"2144\" data-end=\"2173\">Strawberry Kiwi &amp; Peach Ice<\/li>\n<li data-start=\"2178\" data-end=\"2253\">Strawberry Kiwi &amp; Sour Apple Raspberry<br data-start=\"2216\" data-end=\"2219\" \/><strong data-start=\"2219\" data-end=\"2253\">Random Flavors (Fast Delivery)<\/strong><\/li>\n<\/ol>\n","protected":false},"excerpt":{"rendered":"<ul>\n<li>30000 puffs<\/li>\n<li>12 saveurs<\/li>\n<li>550mAh<\/li>\n<li>Saveur 2 en 1<\/li>\n<li>0%\/2%\/3%\/5% Niveau de nicotine<\/li>\n<li>18ML liquide rempli + 18ML liquide rempli<\/li>\n<li>Entrep\u00f4t de l'UE<\/li>\n<\/ul>","protected":false},"featured_media":30577,"comment_status":"open","ping_status":"closed","template":"","meta":[],"product_brand":[],"product_cat":[282,232,208,203,200,287,201,204,196],"product_tag":[],"class_list":{"0":"post-30574","1":"product","2":"type-product","3":"status-publish","4":"has-post-thumbnail","6":"product_cat-all-vape","7":"product_cat-european-warehouse-stock","8":"product_cat-double-tank-vape","9":"product_cat-vape-with-screen","10":"product_cat-low-nicotine-vape","11":"product_cat-non-nicotine-vape","12":"product_cat-rechargeable-vapes","13":"product_cat-30000-puffs","14":"product_cat-bang","16":"first","17":"instock","18":"shipping-taxable","19":"purchasable","20":"product-type-variable"},"yoast_head":"<!-- This site is optimized with the Yoast SEO Premium plugin v24.0 (Yoast SEO v26.0) - https:\/\/yoast.com\/wordpress\/plugins\/seo\/ -->\n<title>Bang King 30000 Disposable | Puff 30k Vape | 30k Puff Vape | geekvapor<\/title>\n<meta name=\"description\" content=\"Shop Bang King 30000 with dual 18mL e-liquid tanks, Mesh Coil, and Type-C rechargeable battery. Enjoy up to Puff 30k with rich layered flavors. Perfect long-lasting 30k vape delivered from EU Warehouse.\" \/>\n<meta name=\"robots\" content=\"index, follow, max-snippet:-1, max-image-preview:large, max-video-preview:-1\" \/>\n<link rel=\"canonical\" href=\"https:\/\/geekvapor.com\/fr\/product\/puff-30k-bang-king-30000-puffs-disposable-vape-2-in-1-flavor-eu-warehouse\/\" \/>\n<meta property=\"og:locale\" content=\"fr_FR\" \/>\n<meta property=\"og:type\" content=\"article\" \/>\n<meta property=\"og:title\" content=\"Puff 30k Bang King 30000 Puffs Disposable Vape 2 in 1 flavor EU Warehouse\" \/>\n<meta property=\"og:description\" content=\"Shop Bang King 30000 with dual 18mL e-liquid tanks, Mesh Coil, and Type-C rechargeable battery. Enjoy up to Puff 30k with rich layered flavors. Perfect long-lasting 30k vape delivered from EU Warehouse.\" \/>\n<meta property=\"og:url\" content=\"https:\/\/geekvapor.com\/fr\/product\/puff-30k-bang-king-30000-puffs-disposable-vape-2-in-1-flavor-eu-warehouse\/\" \/>\n<meta property=\"og:site_name\" content=\"geekvapor\" \/>\n<meta property=\"article:modified_time\" content=\"2025-11-21T10:21:04+00:00\" \/>\n<meta property=\"og:image\" content=\"https:\/\/geekvapor.com\/wp-content\/uploads\/2025\/11\/Puff-30k-Bang-King-30000-Puffs-Disposable-Vape-2-in-1-flavor-EU-Warehouse-1.webp\" \/>\n\t<meta property=\"og:image:width\" content=\"800\" \/>\n\t<meta property=\"og:image:height\" content=\"800\" \/>\n\t<meta property=\"og:image:type\" content=\"image\/webp\" \/>\n<meta name=\"twitter:card\" content=\"summary_large_image\" \/>\n<meta name=\"twitter:label1\" content=\"Dur\u00e9e de lecture estim\u00e9e\" \/>\n\t<meta name=\"twitter:data1\" content=\"2 minutes\" \/>\n<script type=\"application\/ld+json\" class=\"yoast-schema-graph\">{\"@context\":\"https:\/\/schema.org\",\"@graph\":[{\"@type\":\"WebPage\",\"@id\":\"https:\/\/geekvapor.com\/product\/puff-30k-bang-king-30000-puffs-disposable-vape-2-in-1-flavor-eu-warehouse\/\",\"url\":\"https:\/\/geekvapor.com\/product\/puff-30k-bang-king-30000-puffs-disposable-vape-2-in-1-flavor-eu-warehouse\/\",\"name\":\"Bang King 30000 Disposable | Puff 30k Vape | 30k Puff Vape | geekvapor\",\"isPartOf\":{\"@id\":\"https:\/\/geekvapor.com\/#website\"},\"primaryImageOfPage\":{\"@id\":\"https:\/\/geekvapor.com\/product\/puff-30k-bang-king-30000-puffs-disposable-vape-2-in-1-flavor-eu-warehouse\/#primaryimage\"},\"image\":{\"@id\":\"https:\/\/geekvapor.com\/product\/puff-30k-bang-king-30000-puffs-disposable-vape-2-in-1-flavor-eu-warehouse\/#primaryimage\"},\"thumbnailUrl\":\"https:\/\/geekvapor.com\/wp-content\/uploads\/2025\/11\/Puff-30k-Bang-King-30000-Puffs-Disposable-Vape-2-in-1-flavor-EU-Warehouse-1.webp\",\"datePublished\":\"2025-11-21T10:21:00+00:00\",\"dateModified\":\"2025-11-21T10:21:04+00:00\",\"description\":\"Shop Bang King 30000 with dual 18mL e-liquid tanks, Mesh Coil, and Type-C rechargeable battery. Enjoy up to Puff 30k with rich layered flavors. Perfect long-lasting 30k vape delivered from EU Warehouse.\",\"breadcrumb\":{\"@id\":\"https:\/\/geekvapor.com\/product\/puff-30k-bang-king-30000-puffs-disposable-vape-2-in-1-flavor-eu-warehouse\/#breadcrumb\"},\"inLanguage\":\"fr-FR\",\"potentialAction\":[{\"@type\":\"ReadAction\",\"target\":[\"https:\/\/geekvapor.com\/product\/puff-30k-bang-king-30000-puffs-disposable-vape-2-in-1-flavor-eu-warehouse\/\"]}]},{\"@type\":\"ImageObject\",\"inLanguage\":\"fr-FR\",\"@id\":\"https:\/\/geekvapor.com\/product\/puff-30k-bang-king-30000-puffs-disposable-vape-2-in-1-flavor-eu-warehouse\/#primaryimage\",\"url\":\"https:\/\/geekvapor.com\/wp-content\/uploads\/2025\/11\/Puff-30k-Bang-King-30000-Puffs-Disposable-Vape-2-in-1-flavor-EU-Warehouse-1.webp\",\"contentUrl\":\"https:\/\/geekvapor.com\/wp-content\/uploads\/2025\/11\/Puff-30k-Bang-King-30000-Puffs-Disposable-Vape-2-in-1-flavor-EU-Warehouse-1.webp\",\"width\":800,\"height\":800,\"caption\":\"Puff 30k Bang King 30000 Puffs Disposable Vape 2 in 1 flavor EU Warehouse #1\"},{\"@type\":\"BreadcrumbList\",\"@id\":\"https:\/\/geekvapor.com\/product\/puff-30k-bang-king-30000-puffs-disposable-vape-2-in-1-flavor-eu-warehouse\/#breadcrumb\",\"itemListElement\":[{\"@type\":\"ListItem\",\"position\":1,\"name\":\"\u9996\u9875\",\"item\":\"https:\/\/geekvapor.com\/\"},{\"@type\":\"ListItem\",\"position\":2,\"name\":\"Shop\",\"item\":\"https:\/\/geekvapor.com\/shop\/\"},{\"@type\":\"ListItem\",\"position\":3,\"name\":\"Puff 30k Bang King 30000 Puffs Disposable Vape 2 in 1 flavor EU Warehouse\"}]},{\"@type\":\"WebSite\",\"@id\":\"https:\/\/geekvapor.com\/#website\",\"url\":\"https:\/\/geekvapor.com\/\",\"name\":\"geekvapor\",\"description\":\"\",\"potentialAction\":[{\"@type\":\"SearchAction\",\"target\":{\"@type\":\"EntryPoint\",\"urlTemplate\":\"https:\/\/geekvapor.com\/?s={search_term_string}\"},\"query-input\":{\"@type\":\"PropertyValueSpecification\",\"valueRequired\":true,\"valueName\":\"search_term_string\"}}],\"inLanguage\":\"fr-FR\"}]}<\/script>\n<!-- \/ Yoast SEO Premium plugin. -->","yoast_head_json":{"title":"Bang King 30000 Jetable | Puff 30k Vape | 30k Puff Vape | geekvapor","description":"Le Bang King 30000 est \u00e9quip\u00e9 de deux r\u00e9servoirs d'e-liquide de 18 ml, d'une bobine Mesh Coil et d'une batterie rechargeable de type C. Appr\u00e9ciez jusqu'\u00e0 Puff 30k avec des saveurs riches et vari\u00e9es. Une vape parfaite et durable de 30k livr\u00e9e par EU Warehouse.","robots":{"index":"index","follow":"follow","max-snippet":"max-snippet:-1","max-image-preview":"max-image-preview:large","max-video-preview":"max-video-preview:-1"},"canonical":"https:\/\/geekvapor.com\/fr\/product\/puff-30k-bang-king-30000-puffs-disposable-vape-2-in-1-flavor-eu-warehouse\/","og_locale":"fr_FR","og_type":"article","og_title":"Puff 30k Bang King 30000 Puffs Disposable Vape 2 in 1 flavor EU Warehouse","og_description":"Shop Bang King 30000 with dual 18mL e-liquid tanks, Mesh Coil, and Type-C rechargeable battery. Enjoy up to Puff 30k with rich layered flavors. Perfect long-lasting 30k vape delivered from EU Warehouse.","og_url":"https:\/\/geekvapor.com\/fr\/product\/puff-30k-bang-king-30000-puffs-disposable-vape-2-in-1-flavor-eu-warehouse\/","og_site_name":"geekvapor","article_modified_time":"2025-11-21T10:21:04+00:00","og_image":[{"width":800,"height":800,"url":"https:\/\/geekvapor.com\/wp-content\/uploads\/2025\/11\/Puff-30k-Bang-King-30000-Puffs-Disposable-Vape-2-in-1-flavor-EU-Warehouse-1.webp","type":"image\/webp"}],"twitter_card":"summary_large_image","twitter_misc":{"Dur\u00e9e de lecture estim\u00e9e":"2 minutes"},"schema":{"@context":"https:\/\/schema.org","@graph":[{"@type":"WebPage","@id":"https:\/\/geekvapor.com\/product\/puff-30k-bang-king-30000-puffs-disposable-vape-2-in-1-flavor-eu-warehouse\/","url":"https:\/\/geekvapor.com\/product\/puff-30k-bang-king-30000-puffs-disposable-vape-2-in-1-flavor-eu-warehouse\/","name":"Bang King 30000 Jetable | Puff 30k Vape | 30k Puff Vape | geekvapor","isPartOf":{"@id":"https:\/\/geekvapor.com\/#website"},"primaryImageOfPage":{"@id":"https:\/\/geekvapor.com\/product\/puff-30k-bang-king-30000-puffs-disposable-vape-2-in-1-flavor-eu-warehouse\/#primaryimage"},"image":{"@id":"https:\/\/geekvapor.com\/product\/puff-30k-bang-king-30000-puffs-disposable-vape-2-in-1-flavor-eu-warehouse\/#primaryimage"},"thumbnailUrl":"https:\/\/geekvapor.com\/wp-content\/uploads\/2025\/11\/Puff-30k-Bang-King-30000-Puffs-Disposable-Vape-2-in-1-flavor-EU-Warehouse-1.webp","datePublished":"2025-11-21T10:21:00+00:00","dateModified":"2025-11-21T10:21:04+00:00","description":"Le Bang King 30000 est \u00e9quip\u00e9 de deux r\u00e9servoirs d'e-liquide de 18 ml, d'une bobine Mesh Coil et d'une batterie rechargeable de type C. Appr\u00e9ciez jusqu'\u00e0 Puff 30k avec des saveurs riches et vari\u00e9es. Une vape parfaite et durable de 30k livr\u00e9e par EU Warehouse.","breadcrumb":{"@id":"https:\/\/geekvapor.com\/product\/puff-30k-bang-king-30000-puffs-disposable-vape-2-in-1-flavor-eu-warehouse\/#breadcrumb"},"inLanguage":"fr-FR","potentialAction":[{"@type":"ReadAction","target":["https:\/\/geekvapor.com\/product\/puff-30k-bang-king-30000-puffs-disposable-vape-2-in-1-flavor-eu-warehouse\/"]}]},{"@type":"ImageObject","inLanguage":"fr-FR","@id":"https:\/\/geekvapor.com\/product\/puff-30k-bang-king-30000-puffs-disposable-vape-2-in-1-flavor-eu-warehouse\/#primaryimage","url":"https:\/\/geekvapor.com\/wp-content\/uploads\/2025\/11\/Puff-30k-Bang-King-30000-Puffs-Disposable-Vape-2-in-1-flavor-EU-Warehouse-1.webp","contentUrl":"https:\/\/geekvapor.com\/wp-content\/uploads\/2025\/11\/Puff-30k-Bang-King-30000-Puffs-Disposable-Vape-2-in-1-flavor-EU-Warehouse-1.webp","width":800,"height":800,"caption":"Puff 30k Bang King 30000 Puffs Disposable Vape 2 in 1 flavor EU Warehouse #1"},{"@type":"BreadcrumbList","@id":"https:\/\/geekvapor.com\/product\/puff-30k-bang-king-30000-puffs-disposable-vape-2-in-1-flavor-eu-warehouse\/#breadcrumb","itemListElement":[{"@type":"ListItem","position":1,"name":"\u9996\u9875","item":"https:\/\/geekvapor.com\/"},{"@type":"ListItem","position":2,"name":"Shop","item":"https:\/\/geekvapor.com\/shop\/"},{"@type":"ListItem","position":3,"name":"Puff 30k Bang King 30000 Puffs Disposable Vape 2 in 1 flavor EU Warehouse"}]},{"@type":"WebSite","@id":"https:\/\/geekvapor.com\/#website","url":"https:\/\/geekvapor.com\/","name":"geekvapor","description":"","potentialAction":[{"@type":"SearchAction","target":{"@type":"EntryPoint","urlTemplate":"https:\/\/geekvapor.com\/?s={search_term_string}"},"query-input":{"@type":"PropertyValueSpecification","valueRequired":true,"valueName":"search_term_string"}}],"inLanguage":"fr-FR"}]}},"tiered_pricing_type":"fixed","tiered_pricing_fixed_rules":{"30":"11","50":"10","100":"9.5","200":"8"},"tiered_pricing_percentage_rules":[],"tiered_pricing_minimum":10,"tiered_pricing_roles_data":[],"_links":{"self":[{"href":"https:\/\/geekvapor.com\/fr\/wp-json\/wp\/v2\/product\/30574","targetHints":{"allow":["GET"]}}],"collection":[{"href":"https:\/\/geekvapor.com\/fr\/wp-json\/wp\/v2\/product"}],"about":[{"href":"https:\/\/geekvapor.com\/fr\/wp-json\/wp\/v2\/types\/product"}],"replies":[{"embeddable":true,"href":"https:\/\/geekvapor.com\/fr\/wp-json\/wp\/v2\/comments?post=30574"}],"wp:featuredmedia":[{"embeddable":true,"href":"https:\/\/geekvapor.com\/fr\/wp-json\/wp\/v2\/media\/30577"}],"wp:attachment":[{"href":"https:\/\/geekvapor.com\/fr\/wp-json\/wp\/v2\/media?parent=30574"}],"wp:term":[{"taxonomy":"product_brand","embeddable":true,"href":"https:\/\/geekvapor.com\/fr\/wp-json\/wp\/v2\/product_brand?post=30574"},{"taxonomy":"product_cat","embeddable":true,"href":"https:\/\/geekvapor.com\/fr\/wp-json\/wp\/v2\/product_cat?post=30574"},{"taxonomy":"product_tag","embeddable":true,"href":"https:\/\/geekvapor.com\/fr\/wp-json\/wp\/v2\/product_tag?post=30574"}],"curies":[{"name":"wp","href":"https:\/\/api.w.org\/{rel}","templated":true}]}}