{"id":30365,"date":"2025-11-20T10:49:33","date_gmt":"2025-11-20T10:49:33","guid":{"rendered":"https:\/\/geekvapor.com\/?post_type=product&#038;p=30365"},"modified":"2025-11-20T10:49:36","modified_gmt":"2025-11-20T10:49:36","slug":"jnr-tank-pro-33000-33k-puffs-disposable-vape-digital-display","status":"publish","type":"product","link":"https:\/\/geekvapor.com\/fr\/product\/jnr-tank-pro-33000-33k-puffs-disposable-vape-digital-display\/","title":{"rendered":"JNR TANK PRO 33000 33K Puffs Vape jetable Digital Display"},"content":{"rendered":"<h1 class=\"font-bold text-h3 leading-[40px] pt-[21px] pb-[2px] [&amp;_a]:underline-offset-[6px] [&amp;_.underline]:underline-offset-[6px]\" dir=\"ltr\" style=\"text-align: center;\"><span style=\"color: #83b828;\">JNR TANK PRO 33000 Disposable Vape<\/span><\/h1>\n<p>The <strong data-start=\"88\" data-end=\"110\">JNR Tank Pro 33000<\/strong> is a high-performance disposable vape delivering up to <strong data-start=\"166\" data-end=\"182\">33,000 puffs<\/strong> of rich, consistent flavor. Featuring a <strong data-start=\"223\" data-end=\"250\">28mL prefilled e-liquid<\/strong>, <strong data-start=\"252\" data-end=\"290\">850mAh Type-C rechargeable battery<\/strong>, and advanced <strong data-start=\"305\" data-end=\"335\">triple and dual mesh coils<\/strong> with a digital display, it ensures precise control and a premium vaping experience. Ideal for fruit flavor enthusiasts, the <strong data-start=\"460\" data-end=\"471\">33k JNR<\/strong>, <strong data-start=\"473\" data-end=\"501\">JNR Tank Pro 33000 puffs<\/strong>, <strong data-start=\"503\" data-end=\"519\">puff 33k JNR<\/strong>, and <strong data-start=\"525\" data-end=\"544\">jnr 33000 puffs<\/strong> series combines long-lasting power, versatility, and convenience.<\/p>\n<h2 data-start=\"619\" data-end=\"656\"><strong data-start=\"621\" data-end=\"654\">Product Specifications<\/strong><\/h2>\n<ul>\n<li data-start=\"659\" data-end=\"675\"><a href=\"https:\/\/geekvapor.com\/product-category\/vape-brands\/jnr\/\"><strong data-start=\"659\" data-end=\"669\">Brand:<\/strong> JNR<\/a><\/li>\n<li data-start=\"678\" data-end=\"709\"><strong data-start=\"678\" data-end=\"688\">Model:<\/strong> JNR Tank Pro 33000<\/li>\n<li data-start=\"712\" data-end=\"743\"><strong data-start=\"712\" data-end=\"722\">Puffs:<\/strong> Up to 33,000 puffs<\/li>\n<li data-start=\"746\" data-end=\"788\"><strong data-start=\"746\" data-end=\"759\">Nicotine:<\/strong> 2% (20mg\/mL), 5% (50mg\/mL)<\/li>\n<li data-start=\"791\" data-end=\"812\"><strong data-start=\"791\" data-end=\"803\">Battery:<\/strong> 850mAh<\/li>\n<li data-start=\"815\" data-end=\"841\"><strong data-start=\"815\" data-end=\"832\">Rechargeable:<\/strong> Type-C<\/li>\n<li data-start=\"844\" data-end=\"874\"><strong data-start=\"844\" data-end=\"867\">Prefilled E-liquid:<\/strong> 28mL<\/li>\n<li data-start=\"877\" data-end=\"917\"><strong data-start=\"877\" data-end=\"891\">Coil Type:<\/strong> Triple &amp; Dual Mesh Coil<\/li>\n<li data-start=\"920\" data-end=\"941\"><strong data-start=\"920\" data-end=\"933\">Charging:<\/strong> Cable<\/li>\n<li data-start=\"944\" data-end=\"980\"><strong data-start=\"944\" data-end=\"967\">Fully Charged Time:<\/strong> 50 minutes<\/li>\n<li data-start=\"983\" data-end=\"1001\"><strong data-start=\"983\" data-end=\"994\">Weight:<\/strong> 114g<\/li>\n<li data-start=\"1004\" data-end=\"1038\"><strong data-start=\"1004\" data-end=\"1019\">Dimensions:<\/strong> 62 \u00d7 31 \u00d7 116 mm<\/li>\n<li data-start=\"1041\" data-end=\"1106\"><strong data-start=\"1041\" data-end=\"1054\">Features:<\/strong> Triple Mesh Coil, Dual Mesh Coil, Digital Display<\/li>\n<li data-start=\"1109\" data-end=\"1130\"><strong data-start=\"1109\" data-end=\"1124\">Disposable:<\/strong> Yes<\/li>\n<li data-start=\"1133\" data-end=\"1167\"><strong data-start=\"1133\" data-end=\"1151\">Flavor Series:<\/strong> Fruits Series<\/li>\n<li data-start=\"1170\" data-end=\"1196\"><strong data-start=\"1170\" data-end=\"1184\">Packaging:<\/strong> 10PCS\/Box<\/li>\n<li data-start=\"1199\" data-end=\"1236\"><strong data-start=\"1199\" data-end=\"1221\">Dispatch Location:<\/strong> EU Warehouse<\/li>\n<li data-start=\"1239\" data-end=\"1262\"><strong data-start=\"1239\" data-end=\"1256\">Suitable for:<\/strong> 18+<\/li>\n<\/ul>\n<h2 data-start=\"1269\" data-end=\"1291\"><strong data-start=\"1271\" data-end=\"1289\">Flavors<\/strong><\/h2>\n<ol>\n<li data-start=\"1295\" data-end=\"1310\">Blueberry Ice<\/li>\n<li data-start=\"1314\" data-end=\"1323\">Mr Blue<\/li>\n<li data-start=\"1327\" data-end=\"1343\">Strawberry Ice<\/li>\n<li data-start=\"1347\" data-end=\"1364\">Strawberry Kiwi<\/li>\n<li data-start=\"1368\" data-end=\"1382\">Cherry Berry<\/li>\n<li data-start=\"1386\" data-end=\"1399\">Cherry Cola<\/li>\n<li data-start=\"1403\" data-end=\"1417\">Double Apple<\/li>\n<li data-start=\"1421\" data-end=\"1429\">Hawaii<\/li>\n<li data-start=\"1433\" data-end=\"1461\">Blueberry Raspberry Cherry<\/li>\n<li data-start=\"1466\" data-end=\"1492\">Blueberry Sour Raspberry<\/li>\n<li data-start=\"1497\" data-end=\"1520\">Peach Mango Pineapple<\/li>\n<li data-start=\"1525\" data-end=\"1544\">Strawberry Banana<\/li>\n<li data-start=\"1549\" data-end=\"1567\">Summer Peach Ice<\/li>\n<li data-start=\"1572\" data-end=\"1588\">Watermelon Ice<\/li>\n<li data-start=\"1593\" data-end=\"1648\">Blue Razz Cherry<br data-start=\"1609\" data-end=\"1612\" \/><strong data-start=\"1612\" data-end=\"1646\">Random Flavors (Fast Delivery)<\/strong><\/li>\n<\/ol>\n","protected":false},"excerpt":{"rendered":"<ul>\n<li>33000 puffs<\/li>\n<li>15 saveurs<\/li>\n<li>850mAh<\/li>\n<li>Affichage num\u00e9rique<\/li>\n<li>2%\/5% Niveau de nicotine<\/li>\n<li>28ML de liquide rempli<\/li>\n<\/ul>","protected":false},"featured_media":30413,"comment_status":"open","ping_status":"closed","template":"","meta":[],"product_brand":[],"product_cat":[300,282,198,203,201,266],"product_tag":[],"class_list":{"0":"post-30365","1":"product","2":"type-product","3":"status-publish","4":"has-post-thumbnail","6":"product_cat-33000-puffs","7":"product_cat-all-vape","8":"product_cat-big-vape","9":"product_cat-vape-with-screen","10":"product_cat-rechargeable-vapes","11":"product_cat-jnr","13":"first","14":"instock","15":"shipping-taxable","16":"purchasable","17":"product-type-variable"},"yoast_head":"<!-- This site is optimized with the Yoast SEO Premium plugin v24.0 (Yoast SEO v26.0) - https:\/\/yoast.com\/wordpress\/plugins\/seo\/ -->\n<title>JNR Tank Pro 33000 \u2013 33K JNR Disposable Vape | Puff 33K JNR | geekvapor<\/title>\n<meta name=\"description\" content=\"Discover the JNR Tank Pro 33000, a high-capacity disposable vape with 28mL e-liquid, 850mAh Type-C rechargeable battery, and triple &amp; dual mesh coils. Enjoy up to 33,000 puffs of rich fruit flavors. Shop 33k JNR, JNR Tank Pro 33000 puffs, and puff 33k JNR today.\" \/>\n<meta name=\"robots\" content=\"index, follow, max-snippet:-1, max-image-preview:large, max-video-preview:-1\" \/>\n<link rel=\"canonical\" href=\"https:\/\/geekvapor.com\/fr\/product\/jnr-tank-pro-33000-33k-puffs-disposable-vape-digital-display\/\" \/>\n<meta property=\"og:locale\" content=\"fr_FR\" \/>\n<meta property=\"og:type\" content=\"article\" \/>\n<meta property=\"og:title\" content=\"JNR TANK PRO 33000 33K Puffs Disposable Vape Digital Display\" \/>\n<meta property=\"og:description\" content=\"Discover the JNR Tank Pro 33000, a high-capacity disposable vape with 28mL e-liquid, 850mAh Type-C rechargeable battery, and triple &amp; dual mesh coils. Enjoy up to 33,000 puffs of rich fruit flavors. Shop 33k JNR, JNR Tank Pro 33000 puffs, and puff 33k JNR today.\" \/>\n<meta property=\"og:url\" content=\"https:\/\/geekvapor.com\/fr\/product\/jnr-tank-pro-33000-33k-puffs-disposable-vape-digital-display\/\" \/>\n<meta property=\"og:site_name\" content=\"geekvapor\" \/>\n<meta property=\"article:modified_time\" content=\"2025-11-20T10:49:36+00:00\" \/>\n<meta property=\"og:image\" content=\"https:\/\/geekvapor.com\/wp-content\/uploads\/2025\/11\/JNR-TANK-PRO-33000-33K-Puffs-Disposable-Vape-Digital-Display-1.webp\" \/>\n\t<meta property=\"og:image:width\" content=\"1080\" \/>\n\t<meta property=\"og:image:height\" content=\"1080\" \/>\n\t<meta property=\"og:image:type\" content=\"image\/webp\" \/>\n<meta name=\"twitter:card\" content=\"summary_large_image\" \/>\n<meta name=\"twitter:label1\" content=\"Dur\u00e9e de lecture estim\u00e9e\" \/>\n\t<meta name=\"twitter:data1\" content=\"2 minutes\" \/>\n<script type=\"application\/ld+json\" class=\"yoast-schema-graph\">{\"@context\":\"https:\/\/schema.org\",\"@graph\":[{\"@type\":\"WebPage\",\"@id\":\"https:\/\/geekvapor.com\/product\/jnr-tank-pro-33000-33k-puffs-disposable-vape-digital-display\/\",\"url\":\"https:\/\/geekvapor.com\/product\/jnr-tank-pro-33000-33k-puffs-disposable-vape-digital-display\/\",\"name\":\"JNR Tank Pro 33000 \u2013 33K JNR Disposable Vape | Puff 33K JNR | geekvapor\",\"isPartOf\":{\"@id\":\"https:\/\/geekvapor.com\/#website\"},\"primaryImageOfPage\":{\"@id\":\"https:\/\/geekvapor.com\/product\/jnr-tank-pro-33000-33k-puffs-disposable-vape-digital-display\/#primaryimage\"},\"image\":{\"@id\":\"https:\/\/geekvapor.com\/product\/jnr-tank-pro-33000-33k-puffs-disposable-vape-digital-display\/#primaryimage\"},\"thumbnailUrl\":\"https:\/\/geekvapor.com\/wp-content\/uploads\/2025\/11\/JNR-TANK-PRO-33000-33K-Puffs-Disposable-Vape-Digital-Display-1.webp\",\"datePublished\":\"2025-11-20T10:49:33+00:00\",\"dateModified\":\"2025-11-20T10:49:36+00:00\",\"description\":\"Discover the JNR Tank Pro 33000, a high-capacity disposable vape with 28mL e-liquid, 850mAh Type-C rechargeable battery, and triple & dual mesh coils. Enjoy up to 33,000 puffs of rich fruit flavors. Shop 33k JNR, JNR Tank Pro 33000 puffs, and puff 33k JNR today.\",\"breadcrumb\":{\"@id\":\"https:\/\/geekvapor.com\/product\/jnr-tank-pro-33000-33k-puffs-disposable-vape-digital-display\/#breadcrumb\"},\"inLanguage\":\"fr-FR\",\"potentialAction\":[{\"@type\":\"ReadAction\",\"target\":[\"https:\/\/geekvapor.com\/product\/jnr-tank-pro-33000-33k-puffs-disposable-vape-digital-display\/\"]}]},{\"@type\":\"ImageObject\",\"inLanguage\":\"fr-FR\",\"@id\":\"https:\/\/geekvapor.com\/product\/jnr-tank-pro-33000-33k-puffs-disposable-vape-digital-display\/#primaryimage\",\"url\":\"https:\/\/geekvapor.com\/wp-content\/uploads\/2025\/11\/JNR-TANK-PRO-33000-33K-Puffs-Disposable-Vape-Digital-Display-1.webp\",\"contentUrl\":\"https:\/\/geekvapor.com\/wp-content\/uploads\/2025\/11\/JNR-TANK-PRO-33000-33K-Puffs-Disposable-Vape-Digital-Display-1.webp\",\"width\":1080,\"height\":1080,\"caption\":\"JNR TANK PRO 33000 33K Puffs Disposable Vape Digital Display #1\"},{\"@type\":\"BreadcrumbList\",\"@id\":\"https:\/\/geekvapor.com\/product\/jnr-tank-pro-33000-33k-puffs-disposable-vape-digital-display\/#breadcrumb\",\"itemListElement\":[{\"@type\":\"ListItem\",\"position\":1,\"name\":\"\u9996\u9875\",\"item\":\"https:\/\/geekvapor.com\/\"},{\"@type\":\"ListItem\",\"position\":2,\"name\":\"Shop\",\"item\":\"https:\/\/geekvapor.com\/shop\/\"},{\"@type\":\"ListItem\",\"position\":3,\"name\":\"JNR TANK PRO 33000 33K Puffs Disposable Vape Digital Display\"}]},{\"@type\":\"WebSite\",\"@id\":\"https:\/\/geekvapor.com\/#website\",\"url\":\"https:\/\/geekvapor.com\/\",\"name\":\"geekvapor\",\"description\":\"\",\"potentialAction\":[{\"@type\":\"SearchAction\",\"target\":{\"@type\":\"EntryPoint\",\"urlTemplate\":\"https:\/\/geekvapor.com\/?s={search_term_string}\"},\"query-input\":{\"@type\":\"PropertyValueSpecification\",\"valueRequired\":true,\"valueName\":\"search_term_string\"}}],\"inLanguage\":\"fr-FR\"}]}<\/script>\n<!-- \/ Yoast SEO Premium plugin. -->","yoast_head_json":{"title":"JNR Tank Pro 33000 - 33K JNR Vape jetable | Puff 33K JNR | geekvapor","description":"D\u00e9couvrez la JNR Tank Pro 33000, une vape jetable de grande capacit\u00e9 avec 28mL d'e-liquide, une batterie rechargeable Type-C de 850mAh, et des coils triple et double mesh. Appr\u00e9ciez jusqu'\u00e0 33,000 puffs de riches saveurs fruit\u00e9es. Achetez 33k JNR, JNR Tank Pro 33000 bouff\u00e9es, et tirez 33k JNR aujourd'hui.","robots":{"index":"index","follow":"follow","max-snippet":"max-snippet:-1","max-image-preview":"max-image-preview:large","max-video-preview":"max-video-preview:-1"},"canonical":"https:\/\/geekvapor.com\/fr\/product\/jnr-tank-pro-33000-33k-puffs-disposable-vape-digital-display\/","og_locale":"fr_FR","og_type":"article","og_title":"JNR TANK PRO 33000 33K Puffs Disposable Vape Digital Display","og_description":"Discover the JNR Tank Pro 33000, a high-capacity disposable vape with 28mL e-liquid, 850mAh Type-C rechargeable battery, and triple & dual mesh coils. Enjoy up to 33,000 puffs of rich fruit flavors. Shop 33k JNR, JNR Tank Pro 33000 puffs, and puff 33k JNR today.","og_url":"https:\/\/geekvapor.com\/fr\/product\/jnr-tank-pro-33000-33k-puffs-disposable-vape-digital-display\/","og_site_name":"geekvapor","article_modified_time":"2025-11-20T10:49:36+00:00","og_image":[{"width":1080,"height":1080,"url":"https:\/\/geekvapor.com\/wp-content\/uploads\/2025\/11\/JNR-TANK-PRO-33000-33K-Puffs-Disposable-Vape-Digital-Display-1.webp","type":"image\/webp"}],"twitter_card":"summary_large_image","twitter_misc":{"Dur\u00e9e de lecture estim\u00e9e":"2 minutes"},"schema":{"@context":"https:\/\/schema.org","@graph":[{"@type":"WebPage","@id":"https:\/\/geekvapor.com\/product\/jnr-tank-pro-33000-33k-puffs-disposable-vape-digital-display\/","url":"https:\/\/geekvapor.com\/product\/jnr-tank-pro-33000-33k-puffs-disposable-vape-digital-display\/","name":"JNR Tank Pro 33000 - 33K JNR Vape jetable | Puff 33K JNR | geekvapor","isPartOf":{"@id":"https:\/\/geekvapor.com\/#website"},"primaryImageOfPage":{"@id":"https:\/\/geekvapor.com\/product\/jnr-tank-pro-33000-33k-puffs-disposable-vape-digital-display\/#primaryimage"},"image":{"@id":"https:\/\/geekvapor.com\/product\/jnr-tank-pro-33000-33k-puffs-disposable-vape-digital-display\/#primaryimage"},"thumbnailUrl":"https:\/\/geekvapor.com\/wp-content\/uploads\/2025\/11\/JNR-TANK-PRO-33000-33K-Puffs-Disposable-Vape-Digital-Display-1.webp","datePublished":"2025-11-20T10:49:33+00:00","dateModified":"2025-11-20T10:49:36+00:00","description":"D\u00e9couvrez la JNR Tank Pro 33000, une vape jetable de grande capacit\u00e9 avec 28mL d'e-liquide, une batterie rechargeable Type-C de 850mAh, et des coils triple et double mesh. Appr\u00e9ciez jusqu'\u00e0 33,000 puffs de riches saveurs fruit\u00e9es. Achetez 33k JNR, JNR Tank Pro 33000 bouff\u00e9es, et tirez 33k JNR aujourd'hui.","breadcrumb":{"@id":"https:\/\/geekvapor.com\/product\/jnr-tank-pro-33000-33k-puffs-disposable-vape-digital-display\/#breadcrumb"},"inLanguage":"fr-FR","potentialAction":[{"@type":"ReadAction","target":["https:\/\/geekvapor.com\/product\/jnr-tank-pro-33000-33k-puffs-disposable-vape-digital-display\/"]}]},{"@type":"ImageObject","inLanguage":"fr-FR","@id":"https:\/\/geekvapor.com\/product\/jnr-tank-pro-33000-33k-puffs-disposable-vape-digital-display\/#primaryimage","url":"https:\/\/geekvapor.com\/wp-content\/uploads\/2025\/11\/JNR-TANK-PRO-33000-33K-Puffs-Disposable-Vape-Digital-Display-1.webp","contentUrl":"https:\/\/geekvapor.com\/wp-content\/uploads\/2025\/11\/JNR-TANK-PRO-33000-33K-Puffs-Disposable-Vape-Digital-Display-1.webp","width":1080,"height":1080,"caption":"JNR TANK PRO 33000 33K Puffs Disposable Vape Digital Display #1"},{"@type":"BreadcrumbList","@id":"https:\/\/geekvapor.com\/product\/jnr-tank-pro-33000-33k-puffs-disposable-vape-digital-display\/#breadcrumb","itemListElement":[{"@type":"ListItem","position":1,"name":"\u9996\u9875","item":"https:\/\/geekvapor.com\/"},{"@type":"ListItem","position":2,"name":"Shop","item":"https:\/\/geekvapor.com\/shop\/"},{"@type":"ListItem","position":3,"name":"JNR TANK PRO 33000 33K Puffs Disposable Vape Digital Display"}]},{"@type":"WebSite","@id":"https:\/\/geekvapor.com\/#website","url":"https:\/\/geekvapor.com\/","name":"geekvapor","description":"","potentialAction":[{"@type":"SearchAction","target":{"@type":"EntryPoint","urlTemplate":"https:\/\/geekvapor.com\/?s={search_term_string}"},"query-input":{"@type":"PropertyValueSpecification","valueRequired":true,"valueName":"search_term_string"}}],"inLanguage":"fr-FR"}]}},"tiered_pricing_type":"fixed","tiered_pricing_fixed_rules":{"30":"11","50":"10.5","100":"10","200":"9.5"},"tiered_pricing_percentage_rules":[],"tiered_pricing_minimum":10,"tiered_pricing_roles_data":[],"_links":{"self":[{"href":"https:\/\/geekvapor.com\/fr\/wp-json\/wp\/v2\/product\/30365","targetHints":{"allow":["GET"]}}],"collection":[{"href":"https:\/\/geekvapor.com\/fr\/wp-json\/wp\/v2\/product"}],"about":[{"href":"https:\/\/geekvapor.com\/fr\/wp-json\/wp\/v2\/types\/product"}],"replies":[{"embeddable":true,"href":"https:\/\/geekvapor.com\/fr\/wp-json\/wp\/v2\/comments?post=30365"}],"wp:featuredmedia":[{"embeddable":true,"href":"https:\/\/geekvapor.com\/fr\/wp-json\/wp\/v2\/media\/30413"}],"wp:attachment":[{"href":"https:\/\/geekvapor.com\/fr\/wp-json\/wp\/v2\/media?parent=30365"}],"wp:term":[{"taxonomy":"product_brand","embeddable":true,"href":"https:\/\/geekvapor.com\/fr\/wp-json\/wp\/v2\/product_brand?post=30365"},{"taxonomy":"product_cat","embeddable":true,"href":"https:\/\/geekvapor.com\/fr\/wp-json\/wp\/v2\/product_cat?post=30365"},{"taxonomy":"product_tag","embeddable":true,"href":"https:\/\/geekvapor.com\/fr\/wp-json\/wp\/v2\/product_tag?post=30365"}],"curies":[{"name":"wp","href":"https:\/\/api.w.org\/{rel}","templated":true}]}}