{"id":30363,"date":"2025-11-20T10:47:55","date_gmt":"2025-11-20T10:47:55","guid":{"rendered":"https:\/\/geekvapor.com\/?post_type=product&#038;p=30363"},"modified":"2025-11-20T10:47:58","modified_gmt":"2025-11-20T10:47:58","slug":"jnr-rage-grilla-55000-55k-puffs-disposable-vape-smart-screen","status":"publish","type":"product","link":"https:\/\/geekvapor.com\/fr\/product\/jnr-rage-grilla-55000-55k-puffs-disposable-vape-smart-screen\/","title":{"rendered":"JNR Rage Grilla 55000 55K Puffs Vape Smart Screen jetable"},"content":{"rendered":"<h1 class=\"font-bold text-h3 leading-[40px] pt-[21px] pb-[2px] [&amp;_a]:underline-offset-[6px] [&amp;_.underline]:underline-offset-[6px]\" dir=\"ltr\" style=\"text-align: center;\"><span style=\"color: #83b828;\">JNR Rage Grilla 55000 Disposable Vape<\/span><\/h1>\n<p>The <strong data-start=\"101\" data-end=\"126\">JNR Rage Grilla 55000<\/strong> delivers extreme endurance with up to <strong data-start=\"165\" data-end=\"181\">55,000 puffs<\/strong>, making it one of the longest-lasting disposables in the JNR lineup. Equipped with a <strong data-start=\"267\" data-end=\"283\">smart screen<\/strong>, <strong data-start=\"285\" data-end=\"298\">mesh coil<\/strong>, and a massive <strong data-start=\"314\" data-end=\"331\">42mL e-liquid<\/strong> reservoir, this device ensures stable flavor and rich vapor from start to finish. Powered by a <strong data-start=\"427\" data-end=\"465\">950mAh Type-C rechargeable battery<\/strong> and dispatched quickly from the <strong data-start=\"498\" data-end=\"514\">EU warehouse<\/strong>, the <strong data-start=\"520\" data-end=\"531\">jnr 55k<\/strong>, <strong data-start=\"533\" data-end=\"549\">puff 55k jnr <\/strong>and <strong data-start=\"551\" data-end=\"570\">jnr 55000 puffs<\/strong>\u00a0series is built for users who demand performance, convenience, and exceptional taste variety.<\/p>\n<h2 data-start=\"708\" data-end=\"743\"><strong data-start=\"710\" data-end=\"743\">JNR Rage Grilla 55000 Product Specifications<\/strong><\/h2>\n<ul>\n<li data-start=\"746\" data-end=\"762\"><a href=\"https:\/\/geekvapor.com\/product-category\/vape-brands\/jnr\/\"><strong data-start=\"746\" data-end=\"756\">Brand:<\/strong> JNR<\/a><\/li>\n<li data-start=\"765\" data-end=\"799\"><strong data-start=\"765\" data-end=\"775\">Model:<\/strong> JNR Rage Grilla 55000<\/li>\n<li data-start=\"802\" data-end=\"837\"><strong data-start=\"802\" data-end=\"812\">Puffs:<\/strong> Up to <strong data-start=\"819\" data-end=\"835\">55,000 puffs<\/strong><\/li>\n<li data-start=\"840\" data-end=\"882\"><strong data-start=\"840\" data-end=\"853\">Nicotine:<\/strong> 2% (20mg\/mL), 5% (50mg\/mL)<\/li>\n<li data-start=\"885\" data-end=\"906\"><strong data-start=\"885\" data-end=\"897\">Battery:<\/strong> 950mAh<\/li>\n<li data-start=\"909\" data-end=\"935\"><strong data-start=\"909\" data-end=\"926\">Rechargeable:<\/strong> Type-C<\/li>\n<li data-start=\"938\" data-end=\"968\"><strong data-start=\"938\" data-end=\"961\">Prefilled E-liquid:<\/strong> 42mL<\/li>\n<li data-start=\"971\" data-end=\"997\"><strong data-start=\"971\" data-end=\"985\">Coil Type:<\/strong> Mesh Coil<\/li>\n<li data-start=\"1000\" data-end=\"1021\"><strong data-start=\"1000\" data-end=\"1013\">Charging:<\/strong> Cable<\/li>\n<li data-start=\"1024\" data-end=\"1060\"><strong data-start=\"1024\" data-end=\"1047\">Fully Charged Time:<\/strong> 40 minutes<\/li>\n<li data-start=\"1063\" data-end=\"1084\"><strong data-start=\"1063\" data-end=\"1074\">Weight:<\/strong> 149.72g<\/li>\n<li data-start=\"1087\" data-end=\"1121\"><strong data-start=\"1087\" data-end=\"1102\">Dimensions:<\/strong> 55 \u00d7 34 \u00d7 119 mm<\/li>\n<li data-start=\"1124\" data-end=\"1152\"><strong data-start=\"1124\" data-end=\"1137\">Features:<\/strong> Smart Screen<\/li>\n<li data-start=\"1155\" data-end=\"1176\"><strong data-start=\"1155\" data-end=\"1170\">Disposable:<\/strong> Yes<\/li>\n<li data-start=\"1179\" data-end=\"1213\"><strong data-start=\"1179\" data-end=\"1197\">Flavor Series:<\/strong> Fruits Series<\/li>\n<li data-start=\"1216\" data-end=\"1242\"><strong data-start=\"1216\" data-end=\"1230\">Packaging:<\/strong> 10PCS\/Box<\/li>\n<li data-start=\"1245\" data-end=\"1282\"><strong data-start=\"1245\" data-end=\"1267\">Dispatch Location:<\/strong> EU Warehouse<\/li>\n<li data-start=\"1285\" data-end=\"1306\"><strong data-start=\"1285\" data-end=\"1302\">Suitable for:<\/strong> 18+<\/li>\n<\/ul>\n<h2 data-start=\"1313\" data-end=\"1333\"><strong data-start=\"1315\" data-end=\"1333\">Flavors<\/strong><\/h2>\n<ol>\n<li data-start=\"1337\" data-end=\"1353\">Strawberry Ice<\/li>\n<li data-start=\"1357\" data-end=\"1370\">Cherry Cola<\/li>\n<li data-start=\"1374\" data-end=\"1390\">Watermelon Ice<\/li>\n<li data-start=\"1394\" data-end=\"1412\">Blue Razz Cherry<\/li>\n<li data-start=\"1416\" data-end=\"1433\">Strawberry Kiwi<\/li>\n<li data-start=\"1437\" data-end=\"1452\">Juicy Peaches<\/li>\n<li data-start=\"1456\" data-end=\"1471\">Blueberry Ice<\/li>\n<li data-start=\"1475\" data-end=\"1490\">Mixed Berries<\/li>\n<li data-start=\"1494\" data-end=\"1508\">Double Apple<\/li>\n<li data-start=\"1513\" data-end=\"1527\">Cherry Berry<\/li>\n<li data-start=\"1532\" data-end=\"1560\">Blueberry Raspberry Cherry<\/li>\n<li data-start=\"1565\" data-end=\"1592\">Strawberry Watermelon Ice<\/li>\n<li data-start=\"1597\" data-end=\"1618\">Kiwi Watermelon Ice<\/li>\n<li data-start=\"1623\" data-end=\"1649\">Blueberry Sour Raspberry<\/li>\n<li data-start=\"1654\" data-end=\"1672\">White Peach Razz<\/li>\n<li data-start=\"1677\" data-end=\"1698\">Mango Passion Fruit<\/li>\n<li data-start=\"1703\" data-end=\"1727\">Peach Mango Watermelon<\/li>\n<li data-start=\"1732\" data-end=\"1754\">Watermelon Bubblegum<\/li>\n<li data-start=\"1759\" data-end=\"1778\">Strawberry Banana<\/li>\n<li data-start=\"1783\" data-end=\"1838\">Kiwi Passion Guava<br data-start=\"1801\" data-end=\"1804\" \/><strong data-start=\"1804\" data-end=\"1838\">Random Flavors (Fast Delivery)<\/strong><\/li>\n<\/ol>\n","protected":false},"excerpt":{"rendered":"<ul>\n<li>55000 puffs<\/li>\n<li>20 saveurs<\/li>\n<li>850mAh<\/li>\n<li>\u00c9cran intelligent<\/li>\n<li>Port de charge de type C<\/li>\n<li>2%\/5% Niveau de nicotine<\/li>\n<li>42ML de liquide rempli<\/li>\n<\/ul>","protected":false},"featured_media":30393,"comment_status":"open","ping_status":"closed","template":"","meta":[],"product_brand":[],"product_cat":[299,282,197,198,203,211,201,266],"product_tag":[],"class_list":{"0":"post-30363","1":"product","2":"type-product","3":"status-publish","4":"has-post-thumbnail","6":"product_cat-55000-puffs","7":"product_cat-all-vape","8":"product_cat-best-disposable-vape","9":"product_cat-big-vape","10":"product_cat-vape-with-screen","11":"product_cat-crystal-vape","12":"product_cat-rechargeable-vapes","13":"product_cat-jnr","15":"first","16":"instock","17":"shipping-taxable","18":"purchasable","19":"product-type-variable"},"yoast_head":"<!-- This site is optimized with the Yoast SEO Premium plugin v24.0 (Yoast SEO v26.0) - https:\/\/yoast.com\/wordpress\/plugins\/seo\/ -->\n<title>JNR Rage Grilla 55000 \u2013 JNR 55K Disposable Vape | Puff 55K JNR | geekvapor<\/title>\n<meta name=\"description\" content=\"Discover the JNR Rage Grilla 55000, a high-capacity jnr 55k disposable featuring 42mL e-liquid, a 950mAh Type-C rechargeable battery, smart screen, and mesh coil. Enjoy up to 55,000 puffs with rich fruit flavors and fast EU warehouse delivery. Shop JNR Rage Grilla 55000 puffs today.\" \/>\n<meta name=\"robots\" content=\"index, follow, max-snippet:-1, max-image-preview:large, max-video-preview:-1\" \/>\n<link rel=\"canonical\" href=\"https:\/\/geekvapor.com\/fr\/product\/jnr-rage-grilla-55000-55k-puffs-disposable-vape-smart-screen\/\" \/>\n<meta property=\"og:locale\" content=\"fr_FR\" \/>\n<meta property=\"og:type\" content=\"article\" \/>\n<meta property=\"og:title\" content=\"JNR Rage Grilla 55000 55K Puffs Disposable Vape Smart Screen\" \/>\n<meta property=\"og:description\" content=\"Discover the JNR Rage Grilla 55000, a high-capacity jnr 55k disposable featuring 42mL e-liquid, a 950mAh Type-C rechargeable battery, smart screen, and mesh coil. Enjoy up to 55,000 puffs with rich fruit flavors and fast EU warehouse delivery. Shop JNR Rage Grilla 55000 puffs today.\" \/>\n<meta property=\"og:url\" content=\"https:\/\/geekvapor.com\/fr\/product\/jnr-rage-grilla-55000-55k-puffs-disposable-vape-smart-screen\/\" \/>\n<meta property=\"og:site_name\" content=\"geekvapor\" \/>\n<meta property=\"article:modified_time\" content=\"2025-11-20T10:47:58+00:00\" \/>\n<meta property=\"og:image\" content=\"https:\/\/geekvapor.com\/wp-content\/uploads\/2025\/11\/20-Cherry-Berry-JNR-Rage-Grilla-55000-55K-Puffs-Disposable-Vape-Smart-Screen.webp\" \/>\n\t<meta property=\"og:image:width\" content=\"800\" \/>\n\t<meta property=\"og:image:height\" content=\"800\" \/>\n\t<meta property=\"og:image:type\" content=\"image\/webp\" \/>\n<meta name=\"twitter:card\" content=\"summary_large_image\" \/>\n<meta name=\"twitter:label1\" content=\"Dur\u00e9e de lecture estim\u00e9e\" \/>\n\t<meta name=\"twitter:data1\" content=\"2 minutes\" \/>\n<script type=\"application\/ld+json\" class=\"yoast-schema-graph\">{\"@context\":\"https:\/\/schema.org\",\"@graph\":[{\"@type\":\"WebPage\",\"@id\":\"https:\/\/geekvapor.com\/product\/jnr-rage-grilla-55000-55k-puffs-disposable-vape-smart-screen\/\",\"url\":\"https:\/\/geekvapor.com\/product\/jnr-rage-grilla-55000-55k-puffs-disposable-vape-smart-screen\/\",\"name\":\"JNR Rage Grilla 55000 \u2013 JNR 55K Disposable Vape | Puff 55K JNR | geekvapor\",\"isPartOf\":{\"@id\":\"https:\/\/geekvapor.com\/#website\"},\"primaryImageOfPage\":{\"@id\":\"https:\/\/geekvapor.com\/product\/jnr-rage-grilla-55000-55k-puffs-disposable-vape-smart-screen\/#primaryimage\"},\"image\":{\"@id\":\"https:\/\/geekvapor.com\/product\/jnr-rage-grilla-55000-55k-puffs-disposable-vape-smart-screen\/#primaryimage\"},\"thumbnailUrl\":\"https:\/\/geekvapor.com\/wp-content\/uploads\/2025\/11\/20-Cherry-Berry-JNR-Rage-Grilla-55000-55K-Puffs-Disposable-Vape-Smart-Screen.webp\",\"datePublished\":\"2025-11-20T10:47:55+00:00\",\"dateModified\":\"2025-11-20T10:47:58+00:00\",\"description\":\"Discover the JNR Rage Grilla 55000, a high-capacity jnr 55k disposable featuring 42mL e-liquid, a 950mAh Type-C rechargeable battery, smart screen, and mesh coil. Enjoy up to 55,000 puffs with rich fruit flavors and fast EU warehouse delivery. Shop JNR Rage Grilla 55000 puffs today.\",\"breadcrumb\":{\"@id\":\"https:\/\/geekvapor.com\/product\/jnr-rage-grilla-55000-55k-puffs-disposable-vape-smart-screen\/#breadcrumb\"},\"inLanguage\":\"fr-FR\",\"potentialAction\":[{\"@type\":\"ReadAction\",\"target\":[\"https:\/\/geekvapor.com\/product\/jnr-rage-grilla-55000-55k-puffs-disposable-vape-smart-screen\/\"]}]},{\"@type\":\"ImageObject\",\"inLanguage\":\"fr-FR\",\"@id\":\"https:\/\/geekvapor.com\/product\/jnr-rage-grilla-55000-55k-puffs-disposable-vape-smart-screen\/#primaryimage\",\"url\":\"https:\/\/geekvapor.com\/wp-content\/uploads\/2025\/11\/20-Cherry-Berry-JNR-Rage-Grilla-55000-55K-Puffs-Disposable-Vape-Smart-Screen.webp\",\"contentUrl\":\"https:\/\/geekvapor.com\/wp-content\/uploads\/2025\/11\/20-Cherry-Berry-JNR-Rage-Grilla-55000-55K-Puffs-Disposable-Vape-Smart-Screen.webp\",\"width\":800,\"height\":800,\"caption\":\"20-Cherry Berry JNR Rage Grilla 55000 55K Puffs Disposable Vape Smart Screen\"},{\"@type\":\"BreadcrumbList\",\"@id\":\"https:\/\/geekvapor.com\/product\/jnr-rage-grilla-55000-55k-puffs-disposable-vape-smart-screen\/#breadcrumb\",\"itemListElement\":[{\"@type\":\"ListItem\",\"position\":1,\"name\":\"\u9996\u9875\",\"item\":\"https:\/\/geekvapor.com\/\"},{\"@type\":\"ListItem\",\"position\":2,\"name\":\"Shop\",\"item\":\"https:\/\/geekvapor.com\/shop\/\"},{\"@type\":\"ListItem\",\"position\":3,\"name\":\"JNR Rage Grilla 55000 55K Puffs Disposable Vape Smart Screen\"}]},{\"@type\":\"WebSite\",\"@id\":\"https:\/\/geekvapor.com\/#website\",\"url\":\"https:\/\/geekvapor.com\/\",\"name\":\"geekvapor\",\"description\":\"\",\"potentialAction\":[{\"@type\":\"SearchAction\",\"target\":{\"@type\":\"EntryPoint\",\"urlTemplate\":\"https:\/\/geekvapor.com\/?s={search_term_string}\"},\"query-input\":{\"@type\":\"PropertyValueSpecification\",\"valueRequired\":true,\"valueName\":\"search_term_string\"}}],\"inLanguage\":\"fr-FR\"}]}<\/script>\n<!-- \/ Yoast SEO Premium plugin. -->","yoast_head_json":{"title":"JNR Rage Grilla 55000 - JNR 55K Vape jetable | Puff 55K JNR | geekvapor","description":"D\u00e9couvrez le JNR Rage Grilla 55000, un e-liquide jetable jnr 55k de grande capacit\u00e9 avec 42mL d'e-liquide, une batterie rechargeable Type-C de 950mAh, un \u00e9cran intelligent et un coil en maille. Appr\u00e9ciez jusqu'\u00e0 55 000 bouff\u00e9es avec de riches saveurs fruit\u00e9es et une livraison rapide dans l'entrep\u00f4t de l'UE. Achetez JNR Rage Grilla 55000 bouff\u00e9es aujourd'hui.","robots":{"index":"index","follow":"follow","max-snippet":"max-snippet:-1","max-image-preview":"max-image-preview:large","max-video-preview":"max-video-preview:-1"},"canonical":"https:\/\/geekvapor.com\/fr\/product\/jnr-rage-grilla-55000-55k-puffs-disposable-vape-smart-screen\/","og_locale":"fr_FR","og_type":"article","og_title":"JNR Rage Grilla 55000 55K Puffs Disposable Vape Smart Screen","og_description":"Discover the JNR Rage Grilla 55000, a high-capacity jnr 55k disposable featuring 42mL e-liquid, a 950mAh Type-C rechargeable battery, smart screen, and mesh coil. Enjoy up to 55,000 puffs with rich fruit flavors and fast EU warehouse delivery. Shop JNR Rage Grilla 55000 puffs today.","og_url":"https:\/\/geekvapor.com\/fr\/product\/jnr-rage-grilla-55000-55k-puffs-disposable-vape-smart-screen\/","og_site_name":"geekvapor","article_modified_time":"2025-11-20T10:47:58+00:00","og_image":[{"width":800,"height":800,"url":"https:\/\/geekvapor.com\/wp-content\/uploads\/2025\/11\/20-Cherry-Berry-JNR-Rage-Grilla-55000-55K-Puffs-Disposable-Vape-Smart-Screen.webp","type":"image\/webp"}],"twitter_card":"summary_large_image","twitter_misc":{"Dur\u00e9e de lecture estim\u00e9e":"2 minutes"},"schema":{"@context":"https:\/\/schema.org","@graph":[{"@type":"WebPage","@id":"https:\/\/geekvapor.com\/product\/jnr-rage-grilla-55000-55k-puffs-disposable-vape-smart-screen\/","url":"https:\/\/geekvapor.com\/product\/jnr-rage-grilla-55000-55k-puffs-disposable-vape-smart-screen\/","name":"JNR Rage Grilla 55000 - JNR 55K Vape jetable | Puff 55K JNR | geekvapor","isPartOf":{"@id":"https:\/\/geekvapor.com\/#website"},"primaryImageOfPage":{"@id":"https:\/\/geekvapor.com\/product\/jnr-rage-grilla-55000-55k-puffs-disposable-vape-smart-screen\/#primaryimage"},"image":{"@id":"https:\/\/geekvapor.com\/product\/jnr-rage-grilla-55000-55k-puffs-disposable-vape-smart-screen\/#primaryimage"},"thumbnailUrl":"https:\/\/geekvapor.com\/wp-content\/uploads\/2025\/11\/20-Cherry-Berry-JNR-Rage-Grilla-55000-55K-Puffs-Disposable-Vape-Smart-Screen.webp","datePublished":"2025-11-20T10:47:55+00:00","dateModified":"2025-11-20T10:47:58+00:00","description":"D\u00e9couvrez le JNR Rage Grilla 55000, un e-liquide jetable jnr 55k de grande capacit\u00e9 avec 42mL d'e-liquide, une batterie rechargeable Type-C de 950mAh, un \u00e9cran intelligent et un coil en maille. Appr\u00e9ciez jusqu'\u00e0 55 000 bouff\u00e9es avec de riches saveurs fruit\u00e9es et une livraison rapide dans l'entrep\u00f4t de l'UE. Achetez JNR Rage Grilla 55000 bouff\u00e9es aujourd'hui.","breadcrumb":{"@id":"https:\/\/geekvapor.com\/product\/jnr-rage-grilla-55000-55k-puffs-disposable-vape-smart-screen\/#breadcrumb"},"inLanguage":"fr-FR","potentialAction":[{"@type":"ReadAction","target":["https:\/\/geekvapor.com\/product\/jnr-rage-grilla-55000-55k-puffs-disposable-vape-smart-screen\/"]}]},{"@type":"ImageObject","inLanguage":"fr-FR","@id":"https:\/\/geekvapor.com\/product\/jnr-rage-grilla-55000-55k-puffs-disposable-vape-smart-screen\/#primaryimage","url":"https:\/\/geekvapor.com\/wp-content\/uploads\/2025\/11\/20-Cherry-Berry-JNR-Rage-Grilla-55000-55K-Puffs-Disposable-Vape-Smart-Screen.webp","contentUrl":"https:\/\/geekvapor.com\/wp-content\/uploads\/2025\/11\/20-Cherry-Berry-JNR-Rage-Grilla-55000-55K-Puffs-Disposable-Vape-Smart-Screen.webp","width":800,"height":800,"caption":"20-Cherry Berry JNR Rage Grilla 55000 55K Puffs Disposable Vape Smart Screen"},{"@type":"BreadcrumbList","@id":"https:\/\/geekvapor.com\/product\/jnr-rage-grilla-55000-55k-puffs-disposable-vape-smart-screen\/#breadcrumb","itemListElement":[{"@type":"ListItem","position":1,"name":"\u9996\u9875","item":"https:\/\/geekvapor.com\/"},{"@type":"ListItem","position":2,"name":"Shop","item":"https:\/\/geekvapor.com\/shop\/"},{"@type":"ListItem","position":3,"name":"JNR Rage Grilla 55000 55K Puffs Disposable Vape Smart Screen"}]},{"@type":"WebSite","@id":"https:\/\/geekvapor.com\/#website","url":"https:\/\/geekvapor.com\/","name":"geekvapor","description":"","potentialAction":[{"@type":"SearchAction","target":{"@type":"EntryPoint","urlTemplate":"https:\/\/geekvapor.com\/?s={search_term_string}"},"query-input":{"@type":"PropertyValueSpecification","valueRequired":true,"valueName":"search_term_string"}}],"inLanguage":"fr-FR"}]}},"tiered_pricing_type":"fixed","tiered_pricing_fixed_rules":{"30":"11.89","50":"11","100":"9.8","200":"9.5"},"tiered_pricing_percentage_rules":[],"tiered_pricing_minimum":10,"tiered_pricing_roles_data":[],"_links":{"self":[{"href":"https:\/\/geekvapor.com\/fr\/wp-json\/wp\/v2\/product\/30363","targetHints":{"allow":["GET"]}}],"collection":[{"href":"https:\/\/geekvapor.com\/fr\/wp-json\/wp\/v2\/product"}],"about":[{"href":"https:\/\/geekvapor.com\/fr\/wp-json\/wp\/v2\/types\/product"}],"replies":[{"embeddable":true,"href":"https:\/\/geekvapor.com\/fr\/wp-json\/wp\/v2\/comments?post=30363"}],"wp:featuredmedia":[{"embeddable":true,"href":"https:\/\/geekvapor.com\/fr\/wp-json\/wp\/v2\/media\/30393"}],"wp:attachment":[{"href":"https:\/\/geekvapor.com\/fr\/wp-json\/wp\/v2\/media?parent=30363"}],"wp:term":[{"taxonomy":"product_brand","embeddable":true,"href":"https:\/\/geekvapor.com\/fr\/wp-json\/wp\/v2\/product_brand?post=30363"},{"taxonomy":"product_cat","embeddable":true,"href":"https:\/\/geekvapor.com\/fr\/wp-json\/wp\/v2\/product_cat?post=30363"},{"taxonomy":"product_tag","embeddable":true,"href":"https:\/\/geekvapor.com\/fr\/wp-json\/wp\/v2\/product_tag?post=30363"}],"curies":[{"name":"wp","href":"https:\/\/api.w.org\/{rel}","templated":true}]}}