{"id":29826,"date":"2025-11-17T07:03:31","date_gmt":"2025-11-17T07:03:31","guid":{"rendered":"https:\/\/geekvapor.com\/?post_type=product&#038;p=29826"},"modified":"2025-11-17T09:19:01","modified_gmt":"2025-11-17T09:19:01","slug":"jnr-alien-10000-10k-puffs-disposable-vape-adjustable-airflow-20ml-43flavors-eu-warehouse","status":"publish","type":"product","link":"https:\/\/geekvapor.com\/fr\/product\/jnr-alien-10000-10k-puffs-disposable-vape-adjustable-airflow-20ml-43flavors-eu-warehouse\/","title":{"rendered":"JNR Alien 10000 10K Puffs Vape jetable Adjustable Airflow 20mL 43Flavors EU Warehouse"},"content":{"rendered":"<h1 class=\"font-bold text-h3 leading-[40px] pt-[21px] pb-[2px] [&amp;_a]:underline-offset-[6px] [&amp;_.underline]:underline-offset-[6px]\" dir=\"ltr\" style=\"text-align: center;\"><span style=\"color: #83b828;\">JNR Alien 10000 Disposable Vape<\/span><\/h1>\n<article class=\"text-token-text-primary w-full focus:outline-none [--shadow-height:45px] has-data-writing-block:pointer-events-none has-data-writing-block:-mt-(--shadow-height) has-data-writing-block:pt-(--shadow-height) [&amp;:has([data-writing-block])&gt;*]:pointer-events-auto [content-visibility:auto] supports-[content-visibility:auto]:[contain-intrinsic-size:auto_100lvh] scroll-mt-[calc(var(--header-height)+min(200px,max(70px,20svh)))]\" dir=\"auto\" tabindex=\"-1\" data-turn-id=\"21a9bd32-5129-4aaa-8089-f38090a0ce21\" data-testid=\"conversation-turn-184\" data-scroll-anchor=\"true\" data-turn=\"assistant\">\n<div class=\"text-base my-auto mx-auto pb-10 [--thread-content-margin:--spacing(4)] thread-sm:[--thread-content-margin:--spacing(6)] thread-lg:[--thread-content-margin:--spacing(16)] px-(--thread-content-margin)\">\n<div class=\"[--thread-content-max-width:40rem] thread-lg:[--thread-content-max-width:48rem] mx-auto max-w-(--thread-content-max-width) flex-1 group\/turn-messages focus-visible:outline-hidden relative flex w-full min-w-0 flex-col agent-turn\" tabindex=\"-1\">\n<div class=\"flex max-w-full flex-col grow\">\n<div class=\"min-h-8 text-message relative flex w-full flex-col items-end gap-2 text-start break-words whitespace-normal [.text-message+&amp;]:mt-1\" dir=\"auto\" data-message-author-role=\"assistant\" data-message-id=\"13d14e88-38d5-4296-b132-03f30c325e58\" data-message-model-slug=\"gpt-5-1\">\n<div class=\"flex w-full flex-col gap-1 empty:hidden first:pt-[1px]\">\n<div class=\"markdown prose dark:prose-invert w-full break-words light markdown-new-styling\">\n<p data-start=\"0\" data-end=\"746\" data-is-last-node=\"\" data-is-only-node=\"\">Introducing the <strong data-start=\"16\" data-end=\"35\">JNR Alien 10000<\/strong>, a high-performance disposable designed for vapers who want power, flavor, and reliability in one device. With up to <strong data-start=\"153\" data-end=\"172\">jnr 10000 puffs<\/strong>, this <strong data-start=\"179\" data-end=\"204\">jnr Alien 10000 puffs<\/strong> device features a <strong data-start=\"223\" data-end=\"249\">20mL e-liquid capacity<\/strong>, <strong data-start=\"251\" data-end=\"289\">850mAh Type-C rechargeable battery<\/strong>, and a <strong data-start=\"297\" data-end=\"315\">1.2\u03a9 mesh coil<\/strong> for smooth, consistent vapor. Its vibrant <strong data-start=\"358\" data-end=\"376\">RGB LED lights<\/strong> add a premium visual touch, while the wide <strong data-start=\"420\" data-end=\"443\">43-flavor selection<\/strong>\u2014from fruity blends to icy classics\u2014ensures a satisfying experience for every user. Shipped directly from our <strong data-start=\"553\" data-end=\"569\">EU warehouse<\/strong> for fast delivery, the <strong data-start=\"593\" data-end=\"609\">puff 10k jnr<\/strong> is the perfect combination of performance, convenience, and style, making the <strong data-start=\"688\" data-end=\"699\">jnr 10k<\/strong> a top choice for both retailers and end users.<\/p>\n<\/div>\n<\/div>\n<\/div>\n<\/div>\n<div class=\"z-0 flex min-h-[46px] justify-start\">\n<h2 data-start=\"56\" data-end=\"100\"><strong data-start=\"60\" data-end=\"100\">\u00a0Product Attributes<\/strong><\/h2>\n<ul>\n<li data-start=\"104\" data-end=\"146\"><strong data-start=\"104\" data-end=\"122\">Brand \/ Model:<\/strong> <a href=\"https:\/\/geekvapor.com\/product-category\/vape-brands\/jnr\/\">JNR<\/a> \u2013 JNR Alien 10000<\/li>\n<li data-start=\"149\" data-end=\"184\"><strong data-start=\"149\" data-end=\"159\">Puffs:<\/strong> <a href=\"https:\/\/geekvapor.com\/product-category\/puff-vape\/10000-puffs\/\">Up to <strong data-start=\"166\" data-end=\"182\">10,000 puffs<\/strong><\/a><\/li>\n<li data-start=\"187\" data-end=\"218\"><strong data-start=\"187\" data-end=\"208\">Nicotine Options:<\/strong> 2% \/ 5%<\/li>\n<li data-start=\"221\" data-end=\"260\"><strong data-start=\"221\" data-end=\"243\">E-liquid Capacity:<\/strong> 20mL prefilled<\/li>\n<li data-start=\"263\" data-end=\"333\"><strong data-start=\"263\" data-end=\"275\">Battery:<\/strong> 850mAh, <strong data-start=\"284\" data-end=\"307\">Type-C rechargeable<\/strong> (full charge in 1 hour)<\/li>\n<li data-start=\"336\" data-end=\"366\"><strong data-start=\"336\" data-end=\"345\">Coil:<\/strong> 1.2\u03a9 <strong data-start=\"351\" data-end=\"364\">Mesh Coil<\/strong><\/li>\n<li data-start=\"369\" data-end=\"400\"><strong data-start=\"369\" data-end=\"382\">Lighting:<\/strong> RGB LED effects<\/li>\n<li data-start=\"403\" data-end=\"446\"><strong data-start=\"403\" data-end=\"421\">Flavor Series:<\/strong> 43 Fruit-based flavors<\/li>\n<li data-start=\"449\" data-end=\"478\"><strong data-start=\"449\" data-end=\"465\">Device Type:<\/strong> Disposable<\/li>\n<li data-start=\"481\" data-end=\"498\"><strong data-start=\"481\" data-end=\"492\">Weight:<\/strong> 89g<\/li>\n<li data-start=\"501\" data-end=\"535\"><strong data-start=\"501\" data-end=\"516\">Dimensions:<\/strong> 36 \u00d7 36 \u00d7 130 mm<\/li>\n<li data-start=\"538\" data-end=\"582\"><strong data-start=\"538\" data-end=\"552\">Packaging:<\/strong> 10 pcs\/box (Gift Box style)<\/li>\n<li data-start=\"585\" data-end=\"636\"><strong data-start=\"585\" data-end=\"598\">Dispatch:<\/strong> Fast shipping from <strong data-start=\"618\" data-end=\"634\">EU Warehouse<\/strong><\/li>\n<li data-start=\"639\" data-end=\"665\"><strong data-start=\"639\" data-end=\"657\">Charging Type:<\/strong> Cable<\/li>\n<li data-start=\"668\" data-end=\"703\"><strong data-start=\"668\" data-end=\"688\">Voltage\/Wattage:<\/strong> Non-variable<\/li>\n<li data-start=\"706\" data-end=\"739\"><strong data-start=\"706\" data-end=\"723\">Suitable For:<\/strong> Users <strong data-start=\"730\" data-end=\"737\">18++<\/strong><\/li>\n<\/ul>\n<h2 data-start=\"76\" data-end=\"121\"><strong data-start=\"80\" data-end=\"119\">JNR Alien 10000 Flavors (Full List)<\/strong><\/h2>\n<ol>\n<li data-start=\"125\" data-end=\"143\">Black Dragon Ice<\/li>\n<li data-start=\"147\" data-end=\"165\">Blue Razz Cherry<\/li>\n<li data-start=\"169\" data-end=\"191\">Blueberry Bubble Gum<\/li>\n<li data-start=\"195\" data-end=\"223\">Blueberry Cherry Cranberry<\/li>\n<li data-start=\"227\" data-end=\"245\">Blueberry On Ice<\/li>\n<li data-start=\"249\" data-end=\"275\">Blueberry Sour Raspberry<\/li>\n<li data-start=\"279\" data-end=\"298\">Fizzy Cherry Cola<\/li>\n<li data-start=\"302\" data-end=\"313\">Grape Ice<\/li>\n<li data-start=\"317\" data-end=\"328\">Guava Ice<\/li>\n<li data-start=\"333\" data-end=\"359\">Kiwi Passion Fruit Guava<\/li>\n<li data-start=\"364\" data-end=\"381\">Strawberry Kiwi<\/li>\n<li data-start=\"386\" data-end=\"399\">Mixed Berry<\/li>\n<li data-start=\"404\" data-end=\"414\">Mr. Blue<\/li>\n<li data-start=\"419\" data-end=\"434\">Passion Fruit<\/li>\n<li data-start=\"439\" data-end=\"452\">Peach Berry<\/li>\n<li data-start=\"457\" data-end=\"480\">Peach Blueberry Candy<\/li>\n<li data-start=\"485\" data-end=\"496\">Peach Ice<\/li>\n<li data-start=\"501\" data-end=\"524\">Peach Mango Pineapple<\/li>\n<li data-start=\"529\" data-end=\"541\">Sour Apple<\/li>\n<li data-start=\"546\" data-end=\"565\">Strawberry Banana<\/li>\n<li data-start=\"570\" data-end=\"586\">Strawberry Ice<\/li>\n<li data-start=\"591\" data-end=\"624\">Strawberry Raspberry Cherry Ice<\/li>\n<li data-start=\"629\" data-end=\"656\">Strawberry Watermelon Ice<\/li>\n<li data-start=\"661\" data-end=\"693\">Strawberry Watermelon Lemonade<\/li>\n<li data-start=\"698\" data-end=\"721\">Watermelon Bubble Gum<\/li>\n<li data-start=\"726\" data-end=\"742\">Watermelon Ice<\/li>\n<li data-start=\"747\" data-end=\"759\">Banana Ice<\/li>\n<li data-start=\"764\" data-end=\"780\">Blueberry Kiwi<\/li>\n<li data-start=\"785\" data-end=\"799\">Cherry Berry<\/li>\n<li data-start=\"804\" data-end=\"814\">Cola Ice<\/li>\n<li data-start=\"819\" data-end=\"830\">Cool Mint<\/li>\n<li data-start=\"835\" data-end=\"849\">Double Apple<\/li>\n<li data-start=\"854\" data-end=\"866\">Gummy Bear<\/li>\n<li data-start=\"871\" data-end=\"881\">Lush Ice<\/li>\n<li data-start=\"886\" data-end=\"908\">Raspberry Watermelon<\/li>\n<li data-start=\"913\" data-end=\"935\">Strawberry Candy Ice<\/li>\n<li data-start=\"940\" data-end=\"963\">Strawberry Pinacolada<\/li>\n<li data-start=\"968\" data-end=\"992\">Strawberry Pomegranate<\/li>\n<li data-start=\"997\" data-end=\"1023\">Strawberry Raspberry Ice<\/li>\n<li data-start=\"1028\" data-end=\"1044\">Tropical Punch<\/li>\n<li data-start=\"1049\" data-end=\"1071\">Watermelon Brazz Ice<\/li>\n<li data-start=\"1076\" data-end=\"1095\">Watermelon Lychee<\/li>\n<li data-start=\"1100\" data-end=\"1130\">Random Flavors (Fast Delivery)<\/li>\n<\/ol>\n<h2 class=\"drawer-header mb-200 text-style-body-lg-500 text-info\">What&#8217;s Included<\/h2>\n<p>1 * JNR Alien 10000\uff0810pcs=1box\uff09<\/p>\n<\/div>\n<\/div>\n<\/div>\n<\/article>\n","protected":false},"excerpt":{"rendered":"<ul>\n<li style=\"list-style-type: none;\">\n<ul>\n<li>10000 puffs<\/li>\n<li>34 saveurs<\/li>\n<li>800mAh<\/li>\n<li>Flux d'air r\u00e9glable<\/li>\n<li>Charge rapide de type C<\/li>\n<li>LED\uff08RGB\uff09lights<\/li>\n<li>Flux d'air r\u00e9glable<\/li>\n<li>2%\/5% Niveau de nicotine<\/li>\n<li>20ML de liquide rempli<\/li>\n<li>Entrep\u00f4t de l'UE<\/li>\n<\/ul>\n<\/li>\n<\/ul>","protected":false},"featured_media":29837,"comment_status":"open","ping_status":"closed","template":"","meta":[],"product_brand":[],"product_cat":[232,197,201,216,221,220,266],"product_tag":[],"class_list":{"0":"post-29826","1":"product","2":"type-product","3":"status-publish","4":"has-post-thumbnail","6":"product_cat-european-warehouse-stock","7":"product_cat-best-disposable-vape","8":"product_cat-rechargeable-vapes","9":"product_cat-tornado-vape","10":"product_cat-mini-vape","11":"product_cat-10000-puffs","12":"product_cat-jnr","14":"first","15":"instock","16":"shipping-taxable","17":"purchasable","18":"product-type-variable"},"yoast_head":"<!-- This site is optimized with the Yoast SEO Premium plugin v24.0 (Yoast SEO v26.0) - https:\/\/yoast.com\/wordpress\/plugins\/seo\/ -->\n<title>JNR Alien 10000 Disposable Vape \u2013 puff 10k jnr | 20ml, Type-C | geekvapor<\/title>\n<meta name=\"description\" content=\"Discover the JNR Alien 10000 disposable vape featuring up to jnr 10000 puffs, a 20ml prefilled tank, 850mAh battery, RGB lights, and a 1.2\u03a9 mesh coil. Shop puff 10k jnr devices from EU warehouse for faster delivery and enjoy 40+ premium fruit flavors.\" \/>\n<meta name=\"robots\" content=\"index, follow, max-snippet:-1, max-image-preview:large, max-video-preview:-1\" \/>\n<link rel=\"canonical\" href=\"https:\/\/geekvapor.com\/fr\/product\/jnr-alien-10000-10k-puffs-disposable-vape-adjustable-airflow-20ml-43flavors-eu-warehouse\/\" \/>\n<meta property=\"og:locale\" content=\"fr_FR\" \/>\n<meta property=\"og:type\" content=\"article\" \/>\n<meta property=\"og:title\" content=\"JNR Alien 10000 10K Puffs Disposable Vape Adjustable Airflow 20mL 43Flavors EU Warehouse\" \/>\n<meta property=\"og:description\" content=\"Discover the JNR Alien 10000 disposable vape featuring up to jnr 10000 puffs, a 20ml prefilled tank, 850mAh battery, RGB lights, and a 1.2\u03a9 mesh coil. Shop puff 10k jnr devices from EU warehouse for faster delivery and enjoy 40+ premium fruit flavors.\" \/>\n<meta property=\"og:url\" content=\"https:\/\/geekvapor.com\/fr\/product\/jnr-alien-10000-10k-puffs-disposable-vape-adjustable-airflow-20ml-43flavors-eu-warehouse\/\" \/>\n<meta property=\"og:site_name\" content=\"geekvapor\" \/>\n<meta property=\"article:modified_time\" content=\"2025-11-17T09:19:01+00:00\" \/>\n<meta property=\"og:image\" content=\"https:\/\/geekvapor.com\/wp-content\/uploads\/2025\/11\/jnr-Alien-10000-10K-Puffs-Disposable-Vape-40K-Puffs-20mL-E-Liquid.webp\" \/>\n\t<meta property=\"og:image:width\" content=\"1080\" \/>\n\t<meta property=\"og:image:height\" content=\"1080\" \/>\n\t<meta property=\"og:image:type\" content=\"image\/webp\" \/>\n<meta name=\"twitter:card\" content=\"summary_large_image\" \/>\n<meta name=\"twitter:label1\" content=\"Dur\u00e9e de lecture estim\u00e9e\" \/>\n\t<meta name=\"twitter:data1\" content=\"2 minutes\" \/>\n<script type=\"application\/ld+json\" class=\"yoast-schema-graph\">{\"@context\":\"https:\/\/schema.org\",\"@graph\":[{\"@type\":\"WebPage\",\"@id\":\"https:\/\/geekvapor.com\/product\/jnr-alien-10000-10k-puffs-disposable-vape-adjustable-airflow-20ml-43flavors-eu-warehouse\/\",\"url\":\"https:\/\/geekvapor.com\/product\/jnr-alien-10000-10k-puffs-disposable-vape-adjustable-airflow-20ml-43flavors-eu-warehouse\/\",\"name\":\"JNR Alien 10000 Disposable Vape \u2013 puff 10k jnr | 20ml, Type-C | geekvapor\",\"isPartOf\":{\"@id\":\"https:\/\/geekvapor.com\/#website\"},\"primaryImageOfPage\":{\"@id\":\"https:\/\/geekvapor.com\/product\/jnr-alien-10000-10k-puffs-disposable-vape-adjustable-airflow-20ml-43flavors-eu-warehouse\/#primaryimage\"},\"image\":{\"@id\":\"https:\/\/geekvapor.com\/product\/jnr-alien-10000-10k-puffs-disposable-vape-adjustable-airflow-20ml-43flavors-eu-warehouse\/#primaryimage\"},\"thumbnailUrl\":\"https:\/\/geekvapor.com\/wp-content\/uploads\/2025\/11\/jnr-Alien-10000-10K-Puffs-Disposable-Vape-40K-Puffs-20mL-E-Liquid.webp\",\"datePublished\":\"2025-11-17T07:03:31+00:00\",\"dateModified\":\"2025-11-17T09:19:01+00:00\",\"description\":\"Discover the JNR Alien 10000 disposable vape featuring up to jnr 10000 puffs, a 20ml prefilled tank, 850mAh battery, RGB lights, and a 1.2\u03a9 mesh coil. Shop puff 10k jnr devices from EU warehouse for faster delivery and enjoy 40+ premium fruit flavors.\",\"breadcrumb\":{\"@id\":\"https:\/\/geekvapor.com\/product\/jnr-alien-10000-10k-puffs-disposable-vape-adjustable-airflow-20ml-43flavors-eu-warehouse\/#breadcrumb\"},\"inLanguage\":\"fr-FR\",\"potentialAction\":[{\"@type\":\"ReadAction\",\"target\":[\"https:\/\/geekvapor.com\/product\/jnr-alien-10000-10k-puffs-disposable-vape-adjustable-airflow-20ml-43flavors-eu-warehouse\/\"]}]},{\"@type\":\"ImageObject\",\"inLanguage\":\"fr-FR\",\"@id\":\"https:\/\/geekvapor.com\/product\/jnr-alien-10000-10k-puffs-disposable-vape-adjustable-airflow-20ml-43flavors-eu-warehouse\/#primaryimage\",\"url\":\"https:\/\/geekvapor.com\/wp-content\/uploads\/2025\/11\/jnr-Alien-10000-10K-Puffs-Disposable-Vape-40K-Puffs-20mL-E-Liquid.webp\",\"contentUrl\":\"https:\/\/geekvapor.com\/wp-content\/uploads\/2025\/11\/jnr-Alien-10000-10K-Puffs-Disposable-Vape-40K-Puffs-20mL-E-Liquid.webp\",\"width\":1080,\"height\":1080,\"caption\":\"jnr Alien 10000 10K Puffs Disposable Vape 40K Puffs 20mL E-Liquid\"},{\"@type\":\"BreadcrumbList\",\"@id\":\"https:\/\/geekvapor.com\/product\/jnr-alien-10000-10k-puffs-disposable-vape-adjustable-airflow-20ml-43flavors-eu-warehouse\/#breadcrumb\",\"itemListElement\":[{\"@type\":\"ListItem\",\"position\":1,\"name\":\"\u9996\u9875\",\"item\":\"https:\/\/geekvapor.com\/\"},{\"@type\":\"ListItem\",\"position\":2,\"name\":\"Shop\",\"item\":\"https:\/\/geekvapor.com\/shop\/\"},{\"@type\":\"ListItem\",\"position\":3,\"name\":\"JNR Alien 10000 10K Puffs Disposable Vape Adjustable Airflow 20mL 43Flavors EU Warehouse\"}]},{\"@type\":\"WebSite\",\"@id\":\"https:\/\/geekvapor.com\/#website\",\"url\":\"https:\/\/geekvapor.com\/\",\"name\":\"geekvapor\",\"description\":\"\",\"potentialAction\":[{\"@type\":\"SearchAction\",\"target\":{\"@type\":\"EntryPoint\",\"urlTemplate\":\"https:\/\/geekvapor.com\/?s={search_term_string}\"},\"query-input\":{\"@type\":\"PropertyValueSpecification\",\"valueRequired\":true,\"valueName\":\"search_term_string\"}}],\"inLanguage\":\"fr-FR\"}]}<\/script>\n<!-- \/ Yoast SEO Premium plugin. -->","yoast_head_json":{"title":"JNR Alien 10000 Vape jetable - puff 10k jnr | 20ml, Type-C | geekvapor","description":"D\u00e9couvrez la vape jetable JNR Alien 10000 comprenant jusqu'\u00e0 jnr 10000 puffs, un r\u00e9servoir pr\u00e9-rempli de 20ml, une batterie de 850mAh, des lumi\u00e8res RGB, et une bobine mesh de 1,2\u03a9. Achetez des dispositifs puff 10k jnr \u00e0 partir de l'entrep\u00f4t de l'UE pour une livraison plus rapide et profitez de 40+ saveurs de fruits de qualit\u00e9 sup\u00e9rieure.","robots":{"index":"index","follow":"follow","max-snippet":"max-snippet:-1","max-image-preview":"max-image-preview:large","max-video-preview":"max-video-preview:-1"},"canonical":"https:\/\/geekvapor.com\/fr\/product\/jnr-alien-10000-10k-puffs-disposable-vape-adjustable-airflow-20ml-43flavors-eu-warehouse\/","og_locale":"fr_FR","og_type":"article","og_title":"JNR Alien 10000 10K Puffs Disposable Vape Adjustable Airflow 20mL 43Flavors EU Warehouse","og_description":"Discover the JNR Alien 10000 disposable vape featuring up to jnr 10000 puffs, a 20ml prefilled tank, 850mAh battery, RGB lights, and a 1.2\u03a9 mesh coil. Shop puff 10k jnr devices from EU warehouse for faster delivery and enjoy 40+ premium fruit flavors.","og_url":"https:\/\/geekvapor.com\/fr\/product\/jnr-alien-10000-10k-puffs-disposable-vape-adjustable-airflow-20ml-43flavors-eu-warehouse\/","og_site_name":"geekvapor","article_modified_time":"2025-11-17T09:19:01+00:00","og_image":[{"width":1080,"height":1080,"url":"https:\/\/geekvapor.com\/wp-content\/uploads\/2025\/11\/jnr-Alien-10000-10K-Puffs-Disposable-Vape-40K-Puffs-20mL-E-Liquid.webp","type":"image\/webp"}],"twitter_card":"summary_large_image","twitter_misc":{"Dur\u00e9e de lecture estim\u00e9e":"2 minutes"},"schema":{"@context":"https:\/\/schema.org","@graph":[{"@type":"WebPage","@id":"https:\/\/geekvapor.com\/product\/jnr-alien-10000-10k-puffs-disposable-vape-adjustable-airflow-20ml-43flavors-eu-warehouse\/","url":"https:\/\/geekvapor.com\/product\/jnr-alien-10000-10k-puffs-disposable-vape-adjustable-airflow-20ml-43flavors-eu-warehouse\/","name":"JNR Alien 10000 Vape jetable - puff 10k jnr | 20ml, Type-C | geekvapor","isPartOf":{"@id":"https:\/\/geekvapor.com\/#website"},"primaryImageOfPage":{"@id":"https:\/\/geekvapor.com\/product\/jnr-alien-10000-10k-puffs-disposable-vape-adjustable-airflow-20ml-43flavors-eu-warehouse\/#primaryimage"},"image":{"@id":"https:\/\/geekvapor.com\/product\/jnr-alien-10000-10k-puffs-disposable-vape-adjustable-airflow-20ml-43flavors-eu-warehouse\/#primaryimage"},"thumbnailUrl":"https:\/\/geekvapor.com\/wp-content\/uploads\/2025\/11\/jnr-Alien-10000-10K-Puffs-Disposable-Vape-40K-Puffs-20mL-E-Liquid.webp","datePublished":"2025-11-17T07:03:31+00:00","dateModified":"2025-11-17T09:19:01+00:00","description":"D\u00e9couvrez la vape jetable JNR Alien 10000 comprenant jusqu'\u00e0 jnr 10000 puffs, un r\u00e9servoir pr\u00e9-rempli de 20ml, une batterie de 850mAh, des lumi\u00e8res RGB, et une bobine mesh de 1,2\u03a9. Achetez des dispositifs puff 10k jnr \u00e0 partir de l'entrep\u00f4t de l'UE pour une livraison plus rapide et profitez de 40+ saveurs de fruits de qualit\u00e9 sup\u00e9rieure.","breadcrumb":{"@id":"https:\/\/geekvapor.com\/product\/jnr-alien-10000-10k-puffs-disposable-vape-adjustable-airflow-20ml-43flavors-eu-warehouse\/#breadcrumb"},"inLanguage":"fr-FR","potentialAction":[{"@type":"ReadAction","target":["https:\/\/geekvapor.com\/product\/jnr-alien-10000-10k-puffs-disposable-vape-adjustable-airflow-20ml-43flavors-eu-warehouse\/"]}]},{"@type":"ImageObject","inLanguage":"fr-FR","@id":"https:\/\/geekvapor.com\/product\/jnr-alien-10000-10k-puffs-disposable-vape-adjustable-airflow-20ml-43flavors-eu-warehouse\/#primaryimage","url":"https:\/\/geekvapor.com\/wp-content\/uploads\/2025\/11\/jnr-Alien-10000-10K-Puffs-Disposable-Vape-40K-Puffs-20mL-E-Liquid.webp","contentUrl":"https:\/\/geekvapor.com\/wp-content\/uploads\/2025\/11\/jnr-Alien-10000-10K-Puffs-Disposable-Vape-40K-Puffs-20mL-E-Liquid.webp","width":1080,"height":1080,"caption":"jnr Alien 10000 10K Puffs Disposable Vape 40K Puffs 20mL E-Liquid"},{"@type":"BreadcrumbList","@id":"https:\/\/geekvapor.com\/product\/jnr-alien-10000-10k-puffs-disposable-vape-adjustable-airflow-20ml-43flavors-eu-warehouse\/#breadcrumb","itemListElement":[{"@type":"ListItem","position":1,"name":"\u9996\u9875","item":"https:\/\/geekvapor.com\/"},{"@type":"ListItem","position":2,"name":"Shop","item":"https:\/\/geekvapor.com\/shop\/"},{"@type":"ListItem","position":3,"name":"JNR Alien 10000 10K Puffs Disposable Vape Adjustable Airflow 20mL 43Flavors EU Warehouse"}]},{"@type":"WebSite","@id":"https:\/\/geekvapor.com\/#website","url":"https:\/\/geekvapor.com\/","name":"geekvapor","description":"","potentialAction":[{"@type":"SearchAction","target":{"@type":"EntryPoint","urlTemplate":"https:\/\/geekvapor.com\/?s={search_term_string}"},"query-input":{"@type":"PropertyValueSpecification","valueRequired":true,"valueName":"search_term_string"}}],"inLanguage":"fr-FR"}]}},"tiered_pricing_type":"fixed","tiered_pricing_fixed_rules":{"30":"11","50":"10","100":"9.5","200":"9"},"tiered_pricing_percentage_rules":[],"tiered_pricing_minimum":10,"tiered_pricing_roles_data":[],"_links":{"self":[{"href":"https:\/\/geekvapor.com\/fr\/wp-json\/wp\/v2\/product\/29826","targetHints":{"allow":["GET"]}}],"collection":[{"href":"https:\/\/geekvapor.com\/fr\/wp-json\/wp\/v2\/product"}],"about":[{"href":"https:\/\/geekvapor.com\/fr\/wp-json\/wp\/v2\/types\/product"}],"replies":[{"embeddable":true,"href":"https:\/\/geekvapor.com\/fr\/wp-json\/wp\/v2\/comments?post=29826"}],"wp:featuredmedia":[{"embeddable":true,"href":"https:\/\/geekvapor.com\/fr\/wp-json\/wp\/v2\/media\/29837"}],"wp:attachment":[{"href":"https:\/\/geekvapor.com\/fr\/wp-json\/wp\/v2\/media?parent=29826"}],"wp:term":[{"taxonomy":"product_brand","embeddable":true,"href":"https:\/\/geekvapor.com\/fr\/wp-json\/wp\/v2\/product_brand?post=29826"},{"taxonomy":"product_cat","embeddable":true,"href":"https:\/\/geekvapor.com\/fr\/wp-json\/wp\/v2\/product_cat?post=29826"},{"taxonomy":"product_tag","embeddable":true,"href":"https:\/\/geekvapor.com\/fr\/wp-json\/wp\/v2\/product_tag?post=29826"}],"curies":[{"name":"wp","href":"https:\/\/api.w.org\/{rel}","templated":true}]}}