{"id":25305,"date":"2024-12-13T13:38:20","date_gmt":"2024-12-13T13:38:20","guid":{"rendered":"https:\/\/geekvapor.com\/?post_type=product&#038;p=25305"},"modified":"2025-01-14T07:13:22","modified_gmt":"2025-01-14T07:13:22","slug":"bang-36000-disposable-vape-36k-puffs-40ml-hookah","status":"publish","type":"product","link":"https:\/\/geekvapor.com\/fr\/product\/bang-36000-disposable-vape-36k-puffs-40ml-hookah\/","title":{"rendered":"Bang 36000 Vape jetable 36K Puffs 40ML Hookah"},"content":{"rendered":"<h2 class=\"font-bold text-h3 leading-[40px] pt-[21px] pb-[2px] [&amp;_a]:underline-offset-[6px] [&amp;_.underline]:underline-offset-[6px]\" dir=\"ltr\" style=\"text-align: center;\"><span style=\"color: #83b828;\">Bang 36000 Disposable Vape<\/span><\/h2>\n<p><a href=\"https:\/\/geekvapor.com\/product-category\/vape-brands\/bang\/\">Bang<\/a> 36000 Disposable Vape delivers a whopping 36k puffs of heavy smoke! With a massive 40mL pod, 12 premium flavors, custom nicotine levels (0%-5%), and a rechargeable battery, it\u2019s perfect for bold, direct-to-lung hits. Compact, reliable, and travel-friendly for ultimate convenience!<\/p>\n<h3 class=\"font-bold text-h3 leading-[40px] pt-[21px] pb-[2px] [&amp;_a]:underline-offset-[6px] [&amp;_.underline]:underline-offset-[6px]\" dir=\"ltr\">Bang 36000 Disposable Vape <a href=\"https:\/\/geekvapor.com\/product-category\/puff-vape\/35000-puffs\/\">36K Puffs<\/a> Features<\/h3>\n<ul class=\"pt-[9px] pb-[2px] pl-[24px] list-disc [&amp;_ul]:pt-[5px] pt-[5px]\">\n<li class=\"text-body font-regular leading-[24px] my-[5px] [&amp;&gt;ol]:!pt-0 [&amp;&gt;ol]:!pb-0 [&amp;&gt;ul]:!pt-0 [&amp;&gt;ul]:!pb-0\" value=\"1\"><b><strong class=\"font-bold\">36,000 Big Puffs<\/strong><\/b>: Long-lasting satisfaction in every device.<\/li>\n<li class=\"text-body font-regular leading-[24px] my-[5px] [&amp;&gt;ol]:!pt-0 [&amp;&gt;ol]:!pb-0 [&amp;&gt;ul]:!pt-0 [&amp;&gt;ul]:!pb-0\" value=\"2\"><b><strong class=\"font-bold\">Massive 40mL Pod<\/strong><\/b>: Enjoy extended use without constant refills.<\/li>\n<li class=\"text-body font-regular leading-[24px] my-[5px] [&amp;&gt;ol]:!pt-0 [&amp;&gt;ol]:!pb-0 [&amp;&gt;ul]:!pt-0 [&amp;&gt;ul]:!pb-0\" value=\"3\"><b><strong class=\"font-bold\">12 Premium Flavors<\/strong><\/b>: Hookah-like clouds in a variety of expertly crafted options.<\/li>\n<li class=\"text-body font-regular leading-[24px] my-[5px] [&amp;&gt;ol]:!pt-0 [&amp;&gt;ol]:!pb-0 [&amp;&gt;ul]:!pt-0 [&amp;&gt;ul]:!pb-0\" value=\"4\"><b><strong class=\"font-bold\">Custom Nicotine Levels<\/strong><\/b> (0%-5%): Perfect for all types of vapers.<\/li>\n<li class=\"text-body font-regular leading-[24px] my-[5px] [&amp;&gt;ol]:!pt-0 [&amp;&gt;ol]:!pb-0 [&amp;&gt;ul]:!pt-0 [&amp;&gt;ul]:!pb-0\" value=\"5\"><b><strong class=\"font-bold\">Rechargeable with Type-C Port<\/strong><\/b>: Consistent performance up to the last puff.<\/li>\n<li class=\"text-body font-regular leading-[24px] my-[5px] [&amp;&gt;ol]:!pt-0 [&amp;&gt;ol]:!pb-0 [&amp;&gt;ul]:!pt-0 [&amp;&gt;ul]:!pb-0\" value=\"6\"><b><strong class=\"font-bold\">Advanced Mesh Coil (0.6\u03a9)<\/strong><\/b>: Smoother, more flavorful clouds every time.<\/li>\n<li class=\"text-body font-regular leading-[24px] my-[5px] [&amp;&gt;ol]:!pt-0 [&amp;&gt;ol]:!pb-0 [&amp;&gt;ul]:!pt-0 [&amp;&gt;ul]:!pb-0\" value=\"7\"><b><strong class=\"font-bold\">DTL Vaping Style<\/strong><\/b>: Bold, satisfying clouds for direct-to-lung enthusiasts.<\/li>\n<li class=\"text-body font-regular leading-[24px] my-[5px] [&amp;&gt;ol]:!pt-0 [&amp;&gt;ol]:!pb-0 [&amp;&gt;ul]:!pt-0 [&amp;&gt;ul]:!pb-0\" value=\"8\"><b><strong class=\"font-bold\">Compact &amp; Travel-Friendly<\/strong><\/b>: High capacity, easy to carry.<\/li>\n<li class=\"text-body font-regular leading-[24px] my-[5px] [&amp;&gt;ol]:!pt-0 [&amp;&gt;ol]:!pb-0 [&amp;&gt;ul]:!pt-0 [&amp;&gt;ul]:!pb-0\" value=\"9\"><b><strong class=\"font-bold\">Reliable 650mAh Battery<\/strong><\/b> with fast Type-C charging.<\/li>\n<li class=\"text-body font-regular leading-[24px] my-[5px] [&amp;&gt;ol]:!pt-0 [&amp;&gt;ol]:!pb-0 [&amp;&gt;ul]:!pt-0 [&amp;&gt;ul]:!pb-0\" value=\"10\"><b><strong class=\"font-bold\">8-Device Box Pack<\/strong><\/b>: Premium vapes, hassle-free, ready to enjoy.<\/li>\n<\/ul>\n<h3 class=\"drawer-header mb-200 text-style-body-lg-500 text-info\">What&#8217;s Included<\/h3>\n<p>1 * Bang 36000<\/p>\n<h3>Flavor List<\/h3>\n<ol class=\"pt-[9px] pb-[2px] pl-[24px] [&amp;_ol]:pt-[5px] list-decimal\">\n<li class=\"text-body font-regular leading-[24px] my-[5px] [&amp;&gt;ol]:!pt-0 [&amp;&gt;ol]:!pb-0 [&amp;&gt;ul]:!pt-0 [&amp;&gt;ul]:!pb-0\" value=\"1\">Strawberry Kiwi<\/li>\n<li class=\"text-body font-regular leading-[24px] my-[5px] [&amp;&gt;ol]:!pt-0 [&amp;&gt;ol]:!pb-0 [&amp;&gt;ul]:!pt-0 [&amp;&gt;ul]:!pb-0\" value=\"2\">Peach Mango Watermelon<\/li>\n<li class=\"text-body font-regular leading-[24px] my-[5px] [&amp;&gt;ol]:!pt-0 [&amp;&gt;ol]:!pb-0 [&amp;&gt;ul]:!pt-0 [&amp;&gt;ul]:!pb-0\" value=\"3\">Mixed Fruits<b><strong class=\"font-bold\">\u00a0<\/strong><\/b><\/li>\n<li class=\"text-body font-regular leading-[24px] my-[5px] [&amp;&gt;ol]:!pt-0 [&amp;&gt;ol]:!pb-0 [&amp;&gt;ul]:!pt-0 [&amp;&gt;ul]:!pb-0\" value=\"4\">Mint Ice<\/li>\n<li class=\"text-body font-regular leading-[24px] my-[5px] [&amp;&gt;ol]:!pt-0 [&amp;&gt;ol]:!pb-0 [&amp;&gt;ul]:!pt-0 [&amp;&gt;ul]:!pb-0\" value=\"5\">Peach Mango<\/li>\n<li class=\"text-body font-regular leading-[24px] my-[5px] [&amp;&gt;ol]:!pt-0 [&amp;&gt;ol]:!pb-0 [&amp;&gt;ul]:!pt-0 [&amp;&gt;ul]:!pb-0\" value=\"6\">Grape Ice<\/li>\n<li class=\"text-body font-regular leading-[24px] my-[5px] [&amp;&gt;ol]:!pt-0 [&amp;&gt;ol]:!pb-0 [&amp;&gt;ul]:!pt-0 [&amp;&gt;ul]:!pb-0\" value=\"7\">Double Apples<\/li>\n<li class=\"text-body font-regular leading-[24px] my-[5px] [&amp;&gt;ol]:!pt-0 [&amp;&gt;ol]:!pb-0 [&amp;&gt;ul]:!pt-0 [&amp;&gt;ul]:!pb-0\" value=\"8\">Blueberry Raspberry<\/li>\n<li class=\"text-body font-regular leading-[24px] my-[5px] [&amp;&gt;ol]:!pt-0 [&amp;&gt;ol]:!pb-0 [&amp;&gt;ul]:!pt-0 [&amp;&gt;ul]:!pb-0\" value=\"9\">Blueberry Ice<\/li>\n<li class=\"text-body font-regular leading-[24px] my-[5px] [&amp;&gt;ol]:!pt-0 [&amp;&gt;ol]:!pb-0 [&amp;&gt;ul]:!pt-0 [&amp;&gt;ul]:!pb-0\" value=\"10\">Strawberry Watermelon<\/li>\n<li class=\"text-body font-regular leading-[24px] my-[5px] [&amp;&gt;ol]:!pt-0 [&amp;&gt;ol]:!pb-0 [&amp;&gt;ul]:!pt-0 [&amp;&gt;ul]:!pb-0\" value=\"11\">Watermelon Ice<\/li>\n<li class=\"text-body font-regular leading-[24px] my-[5px] [&amp;&gt;ol]:!pt-0 [&amp;&gt;ol]:!pb-0 [&amp;&gt;ul]:!pt-0 [&amp;&gt;ul]:!pb-0\" value=\"12\">Strawberry Mango<\/li>\n<\/ol>\n","protected":false},"excerpt":{"rendered":"<ul>\n<li>36000 puffs<\/li>\n<li>12 saveurs<\/li>\n<li>650mAh<\/li>\n<li>0%\/2%\/3%\/5%Nicotine<\/li>\n<li>40mL<\/li>\n<li>1 bo\u00eete de 8 pi\u00e8ces<\/li>\n<\/ul>","protected":false},"featured_media":28537,"comment_status":"open","ping_status":"closed","template":"","meta":[],"product_brand":[],"product_cat":[198,200,205,201,273,196],"product_tag":[],"class_list":{"0":"post-25305","1":"product","2":"type-product","3":"status-publish","4":"has-post-thumbnail","6":"product_cat-big-vape","7":"product_cat-low-nicotine-vape","8":"product_cat-hookah-vape","9":"product_cat-rechargeable-vapes","10":"product_cat-35000-puffs","11":"product_cat-bang","13":"first","14":"instock","15":"shipping-taxable","16":"purchasable","17":"product-type-variable"},"yoast_head":"<!-- This site is optimized with the Yoast SEO Premium plugin v24.0 (Yoast SEO v26.0) - https:\/\/yoast.com\/wordpress\/plugins\/seo\/ -->\n<title>Bang 36000 Disposable Vape 36K Puffs 40ML Hookah | geekvapor<\/title>\n<meta name=\"description\" content=\"Get up to 36K puffs with Bang 36000 Disposable Vape! Enjoy 12 premium flavors, a 40mL pod, custom nicotine levels, and a rechargeable battery.\" \/>\n<meta name=\"robots\" content=\"index, follow, max-snippet:-1, max-image-preview:large, max-video-preview:-1\" \/>\n<link rel=\"canonical\" href=\"https:\/\/geekvapor.com\/fr\/product\/bang-36000-disposable-vape-36k-puffs-40ml-hookah\/\" \/>\n<meta property=\"og:locale\" content=\"fr_FR\" \/>\n<meta property=\"og:type\" content=\"article\" \/>\n<meta property=\"og:title\" content=\"Bang 36000 Disposable Vape 36K Puffs 40ML Hookah\" \/>\n<meta property=\"og:description\" content=\"Get up to 36K puffs with Bang 36000 Disposable Vape! Enjoy 12 premium flavors, a 40mL pod, custom nicotine levels, and a rechargeable battery.\" \/>\n<meta property=\"og:url\" content=\"https:\/\/geekvapor.com\/fr\/product\/bang-36000-disposable-vape-36k-puffs-40ml-hookah\/\" \/>\n<meta property=\"og:site_name\" content=\"geekvapor\" \/>\n<meta property=\"article:modified_time\" content=\"2025-01-14T07:13:22+00:00\" \/>\n<meta property=\"og:image\" content=\"https:\/\/geekvapor.com\/wp-content\/uploads\/2024\/12\/Bang-36000-Disposable-Vape-36K-Puffs-40ML-Hookah.webp\" \/>\n\t<meta property=\"og:image:width\" content=\"1000\" \/>\n\t<meta property=\"og:image:height\" content=\"1000\" \/>\n\t<meta property=\"og:image:type\" content=\"image\/webp\" \/>\n<meta name=\"twitter:card\" content=\"summary_large_image\" \/>\n<meta name=\"twitter:label1\" content=\"Dur\u00e9e de lecture estim\u00e9e\" \/>\n\t<meta name=\"twitter:data1\" content=\"2 minutes\" \/>\n<script type=\"application\/ld+json\" class=\"yoast-schema-graph\">{\"@context\":\"https:\/\/schema.org\",\"@graph\":[{\"@type\":\"WebPage\",\"@id\":\"https:\/\/geekvapor.com\/product\/bang-36000-disposable-vape-36k-puffs-40ml-hookah\/\",\"url\":\"https:\/\/geekvapor.com\/product\/bang-36000-disposable-vape-36k-puffs-40ml-hookah\/\",\"name\":\"Bang 36000 Disposable Vape 36K Puffs 40ML Hookah | geekvapor\",\"isPartOf\":{\"@id\":\"https:\/\/geekvapor.com\/#website\"},\"primaryImageOfPage\":{\"@id\":\"https:\/\/geekvapor.com\/product\/bang-36000-disposable-vape-36k-puffs-40ml-hookah\/#primaryimage\"},\"image\":{\"@id\":\"https:\/\/geekvapor.com\/product\/bang-36000-disposable-vape-36k-puffs-40ml-hookah\/#primaryimage\"},\"thumbnailUrl\":\"https:\/\/geekvapor.com\/wp-content\/uploads\/2024\/12\/Bang-36000-Disposable-Vape-36K-Puffs-40ML-Hookah.webp\",\"datePublished\":\"2024-12-13T13:38:20+00:00\",\"dateModified\":\"2025-01-14T07:13:22+00:00\",\"description\":\"Get up to 36K puffs with Bang 36000 Disposable Vape! Enjoy 12 premium flavors, a 40mL pod, custom nicotine levels, and a rechargeable battery.\",\"breadcrumb\":{\"@id\":\"https:\/\/geekvapor.com\/product\/bang-36000-disposable-vape-36k-puffs-40ml-hookah\/#breadcrumb\"},\"inLanguage\":\"fr-FR\",\"potentialAction\":[{\"@type\":\"ReadAction\",\"target\":[\"https:\/\/geekvapor.com\/product\/bang-36000-disposable-vape-36k-puffs-40ml-hookah\/\"]}]},{\"@type\":\"ImageObject\",\"inLanguage\":\"fr-FR\",\"@id\":\"https:\/\/geekvapor.com\/product\/bang-36000-disposable-vape-36k-puffs-40ml-hookah\/#primaryimage\",\"url\":\"https:\/\/geekvapor.com\/wp-content\/uploads\/2024\/12\/Bang-36000-Disposable-Vape-36K-Puffs-40ML-Hookah.webp\",\"contentUrl\":\"https:\/\/geekvapor.com\/wp-content\/uploads\/2024\/12\/Bang-36000-Disposable-Vape-36K-Puffs-40ML-Hookah.webp\",\"width\":1000,\"height\":1000,\"caption\":\"Bang 36000 Disposable Vape 36K Puffs 40ML Hookah\"},{\"@type\":\"BreadcrumbList\",\"@id\":\"https:\/\/geekvapor.com\/product\/bang-36000-disposable-vape-36k-puffs-40ml-hookah\/#breadcrumb\",\"itemListElement\":[{\"@type\":\"ListItem\",\"position\":1,\"name\":\"\u9996\u9875\",\"item\":\"https:\/\/geekvapor.com\/\"},{\"@type\":\"ListItem\",\"position\":2,\"name\":\"Shop\",\"item\":\"https:\/\/geekvapor.com\/shop\/\"},{\"@type\":\"ListItem\",\"position\":3,\"name\":\"Bang 36000 Disposable Vape 36K Puffs 40ML Hookah\"}]},{\"@type\":\"WebSite\",\"@id\":\"https:\/\/geekvapor.com\/#website\",\"url\":\"https:\/\/geekvapor.com\/\",\"name\":\"geekvapor\",\"description\":\"\",\"potentialAction\":[{\"@type\":\"SearchAction\",\"target\":{\"@type\":\"EntryPoint\",\"urlTemplate\":\"https:\/\/geekvapor.com\/?s={search_term_string}\"},\"query-input\":{\"@type\":\"PropertyValueSpecification\",\"valueRequired\":true,\"valueName\":\"search_term_string\"}}],\"inLanguage\":\"fr-FR\"}]}<\/script>\n<!-- \/ Yoast SEO Premium plugin. -->","yoast_head_json":{"title":"Bang 36000 Vape jetable 36K Puffs 40ML Hookah | geekvapor","description":"Obtenez jusqu'\u00e0 36k puffs avec la Bang 36000 Vape jetable ! Profitez de 12 ar\u00f4mes de qualit\u00e9 sup\u00e9rieure, d'une dosette de 40 ml, de niveaux de nicotine personnalis\u00e9s et d'une batterie rechargeable.","robots":{"index":"index","follow":"follow","max-snippet":"max-snippet:-1","max-image-preview":"max-image-preview:large","max-video-preview":"max-video-preview:-1"},"canonical":"https:\/\/geekvapor.com\/fr\/product\/bang-36000-disposable-vape-36k-puffs-40ml-hookah\/","og_locale":"fr_FR","og_type":"article","og_title":"Bang 36000 Disposable Vape 36K Puffs 40ML Hookah","og_description":"Get up to 36K puffs with Bang 36000 Disposable Vape! Enjoy 12 premium flavors, a 40mL pod, custom nicotine levels, and a rechargeable battery.","og_url":"https:\/\/geekvapor.com\/fr\/product\/bang-36000-disposable-vape-36k-puffs-40ml-hookah\/","og_site_name":"geekvapor","article_modified_time":"2025-01-14T07:13:22+00:00","og_image":[{"width":1000,"height":1000,"url":"https:\/\/geekvapor.com\/wp-content\/uploads\/2024\/12\/Bang-36000-Disposable-Vape-36K-Puffs-40ML-Hookah.webp","type":"image\/webp"}],"twitter_card":"summary_large_image","twitter_misc":{"Dur\u00e9e de lecture estim\u00e9e":"2 minutes"},"schema":{"@context":"https:\/\/schema.org","@graph":[{"@type":"WebPage","@id":"https:\/\/geekvapor.com\/product\/bang-36000-disposable-vape-36k-puffs-40ml-hookah\/","url":"https:\/\/geekvapor.com\/product\/bang-36000-disposable-vape-36k-puffs-40ml-hookah\/","name":"Bang 36000 Vape jetable 36K Puffs 40ML Hookah | geekvapor","isPartOf":{"@id":"https:\/\/geekvapor.com\/#website"},"primaryImageOfPage":{"@id":"https:\/\/geekvapor.com\/product\/bang-36000-disposable-vape-36k-puffs-40ml-hookah\/#primaryimage"},"image":{"@id":"https:\/\/geekvapor.com\/product\/bang-36000-disposable-vape-36k-puffs-40ml-hookah\/#primaryimage"},"thumbnailUrl":"https:\/\/geekvapor.com\/wp-content\/uploads\/2024\/12\/Bang-36000-Disposable-Vape-36K-Puffs-40ML-Hookah.webp","datePublished":"2024-12-13T13:38:20+00:00","dateModified":"2025-01-14T07:13:22+00:00","description":"Obtenez jusqu'\u00e0 36k puffs avec la Bang 36000 Vape jetable ! Profitez de 12 ar\u00f4mes de qualit\u00e9 sup\u00e9rieure, d'une dosette de 40 ml, de niveaux de nicotine personnalis\u00e9s et d'une batterie rechargeable.","breadcrumb":{"@id":"https:\/\/geekvapor.com\/product\/bang-36000-disposable-vape-36k-puffs-40ml-hookah\/#breadcrumb"},"inLanguage":"fr-FR","potentialAction":[{"@type":"ReadAction","target":["https:\/\/geekvapor.com\/product\/bang-36000-disposable-vape-36k-puffs-40ml-hookah\/"]}]},{"@type":"ImageObject","inLanguage":"fr-FR","@id":"https:\/\/geekvapor.com\/product\/bang-36000-disposable-vape-36k-puffs-40ml-hookah\/#primaryimage","url":"https:\/\/geekvapor.com\/wp-content\/uploads\/2024\/12\/Bang-36000-Disposable-Vape-36K-Puffs-40ML-Hookah.webp","contentUrl":"https:\/\/geekvapor.com\/wp-content\/uploads\/2024\/12\/Bang-36000-Disposable-Vape-36K-Puffs-40ML-Hookah.webp","width":1000,"height":1000,"caption":"Bang 36000 Disposable Vape 36K Puffs 40ML Hookah"},{"@type":"BreadcrumbList","@id":"https:\/\/geekvapor.com\/product\/bang-36000-disposable-vape-36k-puffs-40ml-hookah\/#breadcrumb","itemListElement":[{"@type":"ListItem","position":1,"name":"\u9996\u9875","item":"https:\/\/geekvapor.com\/"},{"@type":"ListItem","position":2,"name":"Shop","item":"https:\/\/geekvapor.com\/shop\/"},{"@type":"ListItem","position":3,"name":"Bang 36000 Disposable Vape 36K Puffs 40ML Hookah"}]},{"@type":"WebSite","@id":"https:\/\/geekvapor.com\/#website","url":"https:\/\/geekvapor.com\/","name":"geekvapor","description":"","potentialAction":[{"@type":"SearchAction","target":{"@type":"EntryPoint","urlTemplate":"https:\/\/geekvapor.com\/?s={search_term_string}"},"query-input":{"@type":"PropertyValueSpecification","valueRequired":true,"valueName":"search_term_string"}}],"inLanguage":"fr-FR"}]}},"tiered_pricing_type":"fixed","tiered_pricing_fixed_rules":{"30":"10.5","50":"8.9","100":"8.5","200":"8.2","400":"7.9"},"tiered_pricing_percentage_rules":[],"tiered_pricing_minimum":10,"tiered_pricing_roles_data":[],"_links":{"self":[{"href":"https:\/\/geekvapor.com\/fr\/wp-json\/wp\/v2\/product\/25305","targetHints":{"allow":["GET"]}}],"collection":[{"href":"https:\/\/geekvapor.com\/fr\/wp-json\/wp\/v2\/product"}],"about":[{"href":"https:\/\/geekvapor.com\/fr\/wp-json\/wp\/v2\/types\/product"}],"replies":[{"embeddable":true,"href":"https:\/\/geekvapor.com\/fr\/wp-json\/wp\/v2\/comments?post=25305"}],"wp:featuredmedia":[{"embeddable":true,"href":"https:\/\/geekvapor.com\/fr\/wp-json\/wp\/v2\/media\/28537"}],"wp:attachment":[{"href":"https:\/\/geekvapor.com\/fr\/wp-json\/wp\/v2\/media?parent=25305"}],"wp:term":[{"taxonomy":"product_brand","embeddable":true,"href":"https:\/\/geekvapor.com\/fr\/wp-json\/wp\/v2\/product_brand?post=25305"},{"taxonomy":"product_cat","embeddable":true,"href":"https:\/\/geekvapor.com\/fr\/wp-json\/wp\/v2\/product_cat?post=25305"},{"taxonomy":"product_tag","embeddable":true,"href":"https:\/\/geekvapor.com\/fr\/wp-json\/wp\/v2\/product_tag?post=25305"}],"curies":[{"name":"wp","href":"https:\/\/api.w.org\/{rel}","templated":true}]}}