{"id":25126,"date":"2024-12-13T13:37:43","date_gmt":"2024-12-13T13:37:43","guid":{"rendered":"https:\/\/geekvapor.com\/?post_type=product&#038;p=25126"},"modified":"2025-01-11T11:02:30","modified_gmt":"2025-01-11T11:02:30","slug":"muha-meds-vape-kit-2ml-disposable-cart-2g-320mah","status":"publish","type":"product","link":"https:\/\/geekvapor.com\/fr\/product\/muha-meds-vape-kit-2ml-disposable-cart-2g-320mah\/","title":{"rendered":"Muha Meds Vape Kit 2ML Cart jetable 2g 320mAh"},"content":{"rendered":"<h2 class=\"font-bold text-h3 leading-[40px] pt-[21px] pb-[2px] [&amp;_a]:underline-offset-[6px] [&amp;_.underline]:underline-offset-[6px]\" dir=\"ltr\" style=\"text-align: center;\"><span style=\"color: #83b828;\">Muha Meds Vape Kit Disposable Cart (Empty<\/span><span style=\"color: #83b828;\">)<\/span><\/h2>\n<p>The <b><strong class=\"font-bold\">Muha Meds Vape Kit Disposable Cart<\/strong><\/b>\u00a0delivers a premium vaping experience with quality and convenience. Featuring a <b><strong class=\"font-bold\">2g (2mL) oil capacity<\/strong><\/b>, an <b><strong class=\"font-bold\">upgraded ceramic coil<\/strong><\/b> for smooth hits, and a powerful <b><strong class=\"font-bold\">320mAh battery<\/strong><\/b>, it\u2019s designed to last. Choose from <b><strong class=\"font-bold\">10 bold flavors<\/strong><\/b> and enjoy fast top filling for easy use. With <b><strong class=\"font-bold\">1.2ohm resistance<\/strong><\/b>, it provides consistent performance you can trust every time.<\/p>\n<h3 class=\"font-bold text-h3 leading-[40px] pt-[21px] pb-[2px] [&amp;_a]:underline-offset-[6px] [&amp;_.underline]:underline-offset-[6px]\" dir=\"ltr\">Features<\/h3>\n<p>Flavor:Choice of 10 flavors<br \/>\nOil Capacity: 2g \uff082mL\uff09<br \/>\nBattery: 320mah<br \/>\nCoil:Upgraded ceramic coil<br \/>\nResistance:1.2ohm<br \/>\nFilling:Top filling<br \/>\nCoil\uff1aCeramic Coil<\/p>\n","protected":false},"excerpt":{"rendered":"<ul>\n<li>10 saveurs<\/li>\n<li>2g \uff082mL\uff09<\/li>\n<li>320mah<\/li>\n<li>Bobine en c\u00e9ramique am\u00e9lior\u00e9e<\/li>\n<li>R\u00e9sistance : 1,2ohm<\/li>\n<\/ul>","protected":false},"featured_media":28048,"comment_status":"open","ping_status":"closed","template":"","meta":[],"product_brand":[],"product_cat":[267,283],"product_tag":[],"class_list":{"0":"post-25126","1":"product","2":"type-product","3":"status-publish","4":"has-post-thumbnail","6":"product_cat-vape-kits","7":"product_cat-2-0ml-oil-capacity","9":"first","10":"instock","11":"shipping-taxable","12":"purchasable","13":"product-type-variable"},"yoast_head":"<!-- This site is optimized with the Yoast SEO Premium plugin v24.0 (Yoast SEO v26.0) - https:\/\/yoast.com\/wordpress\/plugins\/seo\/ -->\n<title>Muha Meds Vape Kit 2ML Disposable Cart 2g 320mAh | geekvapor<\/title>\n<meta name=\"description\" content=\"Discover Muha Meds Vape Kit Disposable Cart with 2g oil capacity, ceramic coil, and 10 bold flavors. Enjoy smooth hits and fast top filling. Buy now!\" \/>\n<meta name=\"robots\" content=\"index, follow, max-snippet:-1, max-image-preview:large, max-video-preview:-1\" \/>\n<link rel=\"canonical\" href=\"https:\/\/geekvapor.com\/fr\/product\/muha-meds-vape-kit-2ml-disposable-cart-2g-320mah\/\" \/>\n<meta property=\"og:locale\" content=\"fr_FR\" \/>\n<meta property=\"og:type\" content=\"article\" \/>\n<meta property=\"og:title\" content=\"Muha Meds Vape Kit 2ML Disposable Cart 2g 320mAh\" \/>\n<meta property=\"og:description\" content=\"Discover Muha Meds Vape Kit Disposable Cart with 2g oil capacity, ceramic coil, and 10 bold flavors. Enjoy smooth hits and fast top filling. Buy now!\" \/>\n<meta property=\"og:url\" content=\"https:\/\/geekvapor.com\/fr\/product\/muha-meds-vape-kit-2ml-disposable-cart-2g-320mah\/\" \/>\n<meta property=\"og:site_name\" content=\"geekvapor\" \/>\n<meta property=\"article:modified_time\" content=\"2025-01-11T11:02:30+00:00\" \/>\n<meta property=\"og:image\" content=\"https:\/\/geekvapor.com\/wp-content\/uploads\/2024\/12\/Muha-Meds-Vape-Kit-2ML-Disposable-Cart-2g-320mAh-1.webp\" \/>\n\t<meta property=\"og:image:width\" content=\"800\" \/>\n\t<meta property=\"og:image:height\" content=\"800\" \/>\n\t<meta property=\"og:image:type\" content=\"image\/webp\" \/>\n<meta name=\"twitter:card\" content=\"summary_large_image\" \/>\n<meta name=\"twitter:label1\" content=\"Dur\u00e9e de lecture estim\u00e9e\" \/>\n\t<meta name=\"twitter:data1\" content=\"1 minute\" \/>\n<script type=\"application\/ld+json\" class=\"yoast-schema-graph\">{\"@context\":\"https:\/\/schema.org\",\"@graph\":[{\"@type\":\"WebPage\",\"@id\":\"https:\/\/geekvapor.com\/product\/muha-meds-vape-kit-2ml-disposable-cart-2g-320mah\/\",\"url\":\"https:\/\/geekvapor.com\/product\/muha-meds-vape-kit-2ml-disposable-cart-2g-320mah\/\",\"name\":\"Muha Meds Vape Kit 2ML Disposable Cart 2g 320mAh | geekvapor\",\"isPartOf\":{\"@id\":\"https:\/\/geekvapor.com\/#website\"},\"primaryImageOfPage\":{\"@id\":\"https:\/\/geekvapor.com\/product\/muha-meds-vape-kit-2ml-disposable-cart-2g-320mah\/#primaryimage\"},\"image\":{\"@id\":\"https:\/\/geekvapor.com\/product\/muha-meds-vape-kit-2ml-disposable-cart-2g-320mah\/#primaryimage\"},\"thumbnailUrl\":\"https:\/\/geekvapor.com\/wp-content\/uploads\/2024\/12\/Muha-Meds-Vape-Kit-2ML-Disposable-Cart-2g-320mAh-1.webp\",\"datePublished\":\"2024-12-13T13:37:43+00:00\",\"dateModified\":\"2025-01-11T11:02:30+00:00\",\"description\":\"Discover Muha Meds Vape Kit Disposable Cart with 2g oil capacity, ceramic coil, and 10 bold flavors. Enjoy smooth hits and fast top filling. Buy now!\",\"breadcrumb\":{\"@id\":\"https:\/\/geekvapor.com\/product\/muha-meds-vape-kit-2ml-disposable-cart-2g-320mah\/#breadcrumb\"},\"inLanguage\":\"fr-FR\",\"potentialAction\":[{\"@type\":\"ReadAction\",\"target\":[\"https:\/\/geekvapor.com\/product\/muha-meds-vape-kit-2ml-disposable-cart-2g-320mah\/\"]}]},{\"@type\":\"ImageObject\",\"inLanguage\":\"fr-FR\",\"@id\":\"https:\/\/geekvapor.com\/product\/muha-meds-vape-kit-2ml-disposable-cart-2g-320mah\/#primaryimage\",\"url\":\"https:\/\/geekvapor.com\/wp-content\/uploads\/2024\/12\/Muha-Meds-Vape-Kit-2ML-Disposable-Cart-2g-320mAh-1.webp\",\"contentUrl\":\"https:\/\/geekvapor.com\/wp-content\/uploads\/2024\/12\/Muha-Meds-Vape-Kit-2ML-Disposable-Cart-2g-320mAh-1.webp\",\"width\":800,\"height\":800,\"caption\":\"Muha Meds Vape Kit 2ML Disposable Cart 2g 320mAh #1\"},{\"@type\":\"BreadcrumbList\",\"@id\":\"https:\/\/geekvapor.com\/product\/muha-meds-vape-kit-2ml-disposable-cart-2g-320mah\/#breadcrumb\",\"itemListElement\":[{\"@type\":\"ListItem\",\"position\":1,\"name\":\"\u9996\u9875\",\"item\":\"https:\/\/geekvapor.com\/\"},{\"@type\":\"ListItem\",\"position\":2,\"name\":\"Shop\",\"item\":\"https:\/\/geekvapor.com\/shop\/\"},{\"@type\":\"ListItem\",\"position\":3,\"name\":\"Muha Meds Vape Kit 2ML Disposable Cart 2g 320mAh\"}]},{\"@type\":\"WebSite\",\"@id\":\"https:\/\/geekvapor.com\/#website\",\"url\":\"https:\/\/geekvapor.com\/\",\"name\":\"geekvapor\",\"description\":\"\",\"potentialAction\":[{\"@type\":\"SearchAction\",\"target\":{\"@type\":\"EntryPoint\",\"urlTemplate\":\"https:\/\/geekvapor.com\/?s={search_term_string}\"},\"query-input\":{\"@type\":\"PropertyValueSpecification\",\"valueRequired\":true,\"valueName\":\"search_term_string\"}}],\"inLanguage\":\"fr-FR\"}]}<\/script>\n<!-- \/ Yoast SEO Premium plugin. -->","yoast_head_json":{"title":"Muha Meds Vape Kit 2ML Cart jetable 2g 320mAh | geekvapor","description":"D\u00e9couvrez le Muha Meds Vape Kit Disposable Cart avec une capacit\u00e9 de 2g d'huile, un coil en c\u00e9ramique, et 10 saveurs audacieuses. Appr\u00e9ciez les hits doux et le remplissage rapide. Achetez-le maintenant !","robots":{"index":"index","follow":"follow","max-snippet":"max-snippet:-1","max-image-preview":"max-image-preview:large","max-video-preview":"max-video-preview:-1"},"canonical":"https:\/\/geekvapor.com\/fr\/product\/muha-meds-vape-kit-2ml-disposable-cart-2g-320mah\/","og_locale":"fr_FR","og_type":"article","og_title":"Muha Meds Vape Kit 2ML Disposable Cart 2g 320mAh","og_description":"Discover Muha Meds Vape Kit Disposable Cart with 2g oil capacity, ceramic coil, and 10 bold flavors. Enjoy smooth hits and fast top filling. Buy now!","og_url":"https:\/\/geekvapor.com\/fr\/product\/muha-meds-vape-kit-2ml-disposable-cart-2g-320mah\/","og_site_name":"geekvapor","article_modified_time":"2025-01-11T11:02:30+00:00","og_image":[{"width":800,"height":800,"url":"https:\/\/geekvapor.com\/wp-content\/uploads\/2024\/12\/Muha-Meds-Vape-Kit-2ML-Disposable-Cart-2g-320mAh-1.webp","type":"image\/webp"}],"twitter_card":"summary_large_image","twitter_misc":{"Dur\u00e9e de lecture estim\u00e9e":"1 minute"},"schema":{"@context":"https:\/\/schema.org","@graph":[{"@type":"WebPage","@id":"https:\/\/geekvapor.com\/product\/muha-meds-vape-kit-2ml-disposable-cart-2g-320mah\/","url":"https:\/\/geekvapor.com\/product\/muha-meds-vape-kit-2ml-disposable-cart-2g-320mah\/","name":"Muha Meds Vape Kit 2ML Cart jetable 2g 320mAh | geekvapor","isPartOf":{"@id":"https:\/\/geekvapor.com\/#website"},"primaryImageOfPage":{"@id":"https:\/\/geekvapor.com\/product\/muha-meds-vape-kit-2ml-disposable-cart-2g-320mah\/#primaryimage"},"image":{"@id":"https:\/\/geekvapor.com\/product\/muha-meds-vape-kit-2ml-disposable-cart-2g-320mah\/#primaryimage"},"thumbnailUrl":"https:\/\/geekvapor.com\/wp-content\/uploads\/2024\/12\/Muha-Meds-Vape-Kit-2ML-Disposable-Cart-2g-320mAh-1.webp","datePublished":"2024-12-13T13:37:43+00:00","dateModified":"2025-01-11T11:02:30+00:00","description":"D\u00e9couvrez le Muha Meds Vape Kit Disposable Cart avec une capacit\u00e9 de 2g d'huile, un coil en c\u00e9ramique, et 10 saveurs audacieuses. Appr\u00e9ciez les hits doux et le remplissage rapide. Achetez-le maintenant !","breadcrumb":{"@id":"https:\/\/geekvapor.com\/product\/muha-meds-vape-kit-2ml-disposable-cart-2g-320mah\/#breadcrumb"},"inLanguage":"fr-FR","potentialAction":[{"@type":"ReadAction","target":["https:\/\/geekvapor.com\/product\/muha-meds-vape-kit-2ml-disposable-cart-2g-320mah\/"]}]},{"@type":"ImageObject","inLanguage":"fr-FR","@id":"https:\/\/geekvapor.com\/product\/muha-meds-vape-kit-2ml-disposable-cart-2g-320mah\/#primaryimage","url":"https:\/\/geekvapor.com\/wp-content\/uploads\/2024\/12\/Muha-Meds-Vape-Kit-2ML-Disposable-Cart-2g-320mAh-1.webp","contentUrl":"https:\/\/geekvapor.com\/wp-content\/uploads\/2024\/12\/Muha-Meds-Vape-Kit-2ML-Disposable-Cart-2g-320mAh-1.webp","width":800,"height":800,"caption":"Muha Meds Vape Kit 2ML Disposable Cart 2g 320mAh #1"},{"@type":"BreadcrumbList","@id":"https:\/\/geekvapor.com\/product\/muha-meds-vape-kit-2ml-disposable-cart-2g-320mah\/#breadcrumb","itemListElement":[{"@type":"ListItem","position":1,"name":"\u9996\u9875","item":"https:\/\/geekvapor.com\/"},{"@type":"ListItem","position":2,"name":"Shop","item":"https:\/\/geekvapor.com\/shop\/"},{"@type":"ListItem","position":3,"name":"Muha Meds Vape Kit 2ML Disposable Cart 2g 320mAh"}]},{"@type":"WebSite","@id":"https:\/\/geekvapor.com\/#website","url":"https:\/\/geekvapor.com\/","name":"geekvapor","description":"","potentialAction":[{"@type":"SearchAction","target":{"@type":"EntryPoint","urlTemplate":"https:\/\/geekvapor.com\/?s={search_term_string}"},"query-input":{"@type":"PropertyValueSpecification","valueRequired":true,"valueName":"search_term_string"}}],"inLanguage":"fr-FR"}]}},"tiered_pricing_type":"fixed","tiered_pricing_fixed_rules":{"300":"3.2","500":"3","700":"2.9"},"tiered_pricing_percentage_rules":[],"tiered_pricing_minimum":100,"tiered_pricing_roles_data":[],"_links":{"self":[{"href":"https:\/\/geekvapor.com\/fr\/wp-json\/wp\/v2\/product\/25126","targetHints":{"allow":["GET"]}}],"collection":[{"href":"https:\/\/geekvapor.com\/fr\/wp-json\/wp\/v2\/product"}],"about":[{"href":"https:\/\/geekvapor.com\/fr\/wp-json\/wp\/v2\/types\/product"}],"replies":[{"embeddable":true,"href":"https:\/\/geekvapor.com\/fr\/wp-json\/wp\/v2\/comments?post=25126"}],"wp:featuredmedia":[{"embeddable":true,"href":"https:\/\/geekvapor.com\/fr\/wp-json\/wp\/v2\/media\/28048"}],"wp:attachment":[{"href":"https:\/\/geekvapor.com\/fr\/wp-json\/wp\/v2\/media?parent=25126"}],"wp:term":[{"taxonomy":"product_brand","embeddable":true,"href":"https:\/\/geekvapor.com\/fr\/wp-json\/wp\/v2\/product_brand?post=25126"},{"taxonomy":"product_cat","embeddable":true,"href":"https:\/\/geekvapor.com\/fr\/wp-json\/wp\/v2\/product_cat?post=25126"},{"taxonomy":"product_tag","embeddable":true,"href":"https:\/\/geekvapor.com\/fr\/wp-json\/wp\/v2\/product_tag?post=25126"}],"curies":[{"name":"wp","href":"https:\/\/api.w.org\/{rel}","templated":true}]}}