{"id":25111,"date":"2024-12-13T13:37:37","date_gmt":"2024-12-13T13:37:37","guid":{"rendered":"https:\/\/geekvapor.com\/?post_type=product&#038;p=25111"},"modified":"2025-01-11T11:11:38","modified_gmt":"2025-01-11T11:11:38","slug":"packman-gen-3-vape-kit-2ml-disposable-cart-2g-320mah","status":"publish","type":"product","link":"https:\/\/geekvapor.com\/fr\/product\/packman-gen-3-vape-kit-2ml-disposable-cart-2g-320mah\/","title":{"rendered":"Packman Gen 3 Vape Kit 2ML Cart jetable 2g 320mAh"},"content":{"rendered":"<h2 class=\"font-bold text-h3 leading-[40px] pt-[21px] pb-[2px] [&amp;_a]:underline-offset-[6px] [&amp;_.underline]:underline-offset-[6px]\" dir=\"ltr\" style=\"text-align: center;\"><span style=\"color: #83b828;\">Packman Gen 3 Vape Kit Disposable Cart (Empty<\/span><span style=\"color: #83b828;\">)<\/span><\/h2>\n<p>Packman Gen 3 Vape Kit Disposable Cart combines innovation with style. Features 8 flavor options, a 320mAh rechargeable battery (type-C), 2ml oil capacity, and LED light display. Made with food-grade mouthpiece and medical-grade stainless steel, this kit offers performance and customizability.<\/p>\n<h3 class=\"font-bold text-h3 leading-[40px] pt-[21px] pb-[2px] [&amp;_a]:underline-offset-[6px] [&amp;_.underline]:underline-offset-[6px]\" dir=\"ltr\">Features<\/h3>\n<ul>\n<li><strong>Brand Name<\/strong>:Packman<\/li>\n<li><strong>Flavor:<\/strong>Choice of 8 flavors<\/li>\n<li><strong>battery\uff1a<\/strong>320mah<\/li>\n<li><strong>oil hole\uff1a<\/strong>4*1.5mm<\/li>\n<li><strong>Oil volume\uff1a<\/strong>2ml<\/li>\n<li><strong>Resistance\uff1a<\/strong>1.3 ohm<\/li>\n<li><strong>Recharge:<\/strong> bottom type-c usb port<\/li>\n<li><strong>Advantages:<\/strong> LED light display\uff0c Inhale activated \uff0cFood grade mouthpiece \uff0cMedical-grade stainless steel center post\uff0c Available for customization<\/li>\n<\/ul>\n<h3>\u00a0Flavor List<\/h3>\n<p>1.Mango Glue Disposable (HYBRID)<br \/>\n2.Pink Lemon Sourbeltz Disposable (HYBRID)<br \/>\n3.Kiwi Kushberry Disposable (INDICA)<br \/>\n4.Blue Razzle Runtz Disposable (HYBRID)<br \/>\n5. Monster Melonz Disposable (SATIVA)<br \/>\n6. Gobstopper Gumdrop Disposable (INDICA)<br \/>\n7.Cherry Gushers Disposable (SATIVA)<br \/>\n8.Fruity Zushi Pebblez Disposable (SATIVA)<\/p>\n","protected":false},"excerpt":{"rendered":"<ul>\n<li>8 saveurs<\/li>\n<li>320mah<\/li>\n<li>4*1,5mm<\/li>\n<li>2mL(2000mg)<\/li>\n<li>R\u00e9sistance\uff1a1.3 ohm<\/li>\n<\/ul>","protected":false},"featured_media":28010,"comment_status":"open","ping_status":"closed","template":"","meta":[],"product_brand":[],"product_cat":[267,283],"product_tag":[],"class_list":{"0":"post-25111","1":"product","2":"type-product","3":"status-publish","4":"has-post-thumbnail","6":"product_cat-vape-kits","7":"product_cat-2-0ml-oil-capacity","9":"first","10":"instock","11":"shipping-taxable","12":"purchasable","13":"product-type-variable"},"yoast_head":"<!-- This site is optimized with the Yoast SEO Premium plugin v24.0 (Yoast SEO v26.0) - https:\/\/yoast.com\/wordpress\/plugins\/seo\/ -->\n<title>Packman Gen 3 Vape Kit 2ML Disposable Cart 2g 320mAh | geekvapor<\/title>\n<meta name=\"description\" content=\"Explore the Packman Gen 3 Vape Kit Disposable Cart with 8 flavors, a 320mAh rechargeable battery, 2ml capacity, LED display, and food-grade materials.\" \/>\n<meta name=\"robots\" content=\"index, follow, max-snippet:-1, max-image-preview:large, max-video-preview:-1\" \/>\n<link rel=\"canonical\" href=\"https:\/\/geekvapor.com\/fr\/product\/packman-gen-3-vape-kit-2ml-disposable-cart-2g-320mah\/\" \/>\n<meta property=\"og:locale\" content=\"fr_FR\" \/>\n<meta property=\"og:type\" content=\"article\" \/>\n<meta property=\"og:title\" content=\"Packman Gen 3 Vape Kit 2ML Disposable Cart 2g 320mAh\" \/>\n<meta property=\"og:description\" content=\"Explore the Packman Gen 3 Vape Kit Disposable Cart with 8 flavors, a 320mAh rechargeable battery, 2ml capacity, LED display, and food-grade materials.\" \/>\n<meta property=\"og:url\" content=\"https:\/\/geekvapor.com\/fr\/product\/packman-gen-3-vape-kit-2ml-disposable-cart-2g-320mah\/\" \/>\n<meta property=\"og:site_name\" content=\"geekvapor\" \/>\n<meta property=\"article:modified_time\" content=\"2025-01-11T11:11:38+00:00\" \/>\n<meta property=\"og:image\" content=\"https:\/\/geekvapor.com\/wp-content\/uploads\/2024\/12\/Packman-Gen-3-Vape-Kit-2ML-Disposable-Cart-2g-320mAh-1.webp\" \/>\n\t<meta property=\"og:image:width\" content=\"1920\" \/>\n\t<meta property=\"og:image:height\" content=\"1920\" \/>\n\t<meta property=\"og:image:type\" content=\"image\/webp\" \/>\n<meta name=\"twitter:card\" content=\"summary_large_image\" \/>\n<meta name=\"twitter:label1\" content=\"Dur\u00e9e de lecture estim\u00e9e\" \/>\n\t<meta name=\"twitter:data1\" content=\"1 minute\" \/>\n<script type=\"application\/ld+json\" class=\"yoast-schema-graph\">{\"@context\":\"https:\/\/schema.org\",\"@graph\":[{\"@type\":\"WebPage\",\"@id\":\"https:\/\/geekvapor.com\/product\/packman-gen-3-vape-kit-2ml-disposable-cart-2g-320mah\/\",\"url\":\"https:\/\/geekvapor.com\/product\/packman-gen-3-vape-kit-2ml-disposable-cart-2g-320mah\/\",\"name\":\"Packman Gen 3 Vape Kit 2ML Disposable Cart 2g 320mAh | geekvapor\",\"isPartOf\":{\"@id\":\"https:\/\/geekvapor.com\/#website\"},\"primaryImageOfPage\":{\"@id\":\"https:\/\/geekvapor.com\/product\/packman-gen-3-vape-kit-2ml-disposable-cart-2g-320mah\/#primaryimage\"},\"image\":{\"@id\":\"https:\/\/geekvapor.com\/product\/packman-gen-3-vape-kit-2ml-disposable-cart-2g-320mah\/#primaryimage\"},\"thumbnailUrl\":\"https:\/\/geekvapor.com\/wp-content\/uploads\/2024\/12\/Packman-Gen-3-Vape-Kit-2ML-Disposable-Cart-2g-320mAh-1.webp\",\"datePublished\":\"2024-12-13T13:37:37+00:00\",\"dateModified\":\"2025-01-11T11:11:38+00:00\",\"description\":\"Explore the Packman Gen 3 Vape Kit Disposable Cart with 8 flavors, a 320mAh rechargeable battery, 2ml capacity, LED display, and food-grade materials.\",\"breadcrumb\":{\"@id\":\"https:\/\/geekvapor.com\/product\/packman-gen-3-vape-kit-2ml-disposable-cart-2g-320mah\/#breadcrumb\"},\"inLanguage\":\"fr-FR\",\"potentialAction\":[{\"@type\":\"ReadAction\",\"target\":[\"https:\/\/geekvapor.com\/product\/packman-gen-3-vape-kit-2ml-disposable-cart-2g-320mah\/\"]}]},{\"@type\":\"ImageObject\",\"inLanguage\":\"fr-FR\",\"@id\":\"https:\/\/geekvapor.com\/product\/packman-gen-3-vape-kit-2ml-disposable-cart-2g-320mah\/#primaryimage\",\"url\":\"https:\/\/geekvapor.com\/wp-content\/uploads\/2024\/12\/Packman-Gen-3-Vape-Kit-2ML-Disposable-Cart-2g-320mAh-1.webp\",\"contentUrl\":\"https:\/\/geekvapor.com\/wp-content\/uploads\/2024\/12\/Packman-Gen-3-Vape-Kit-2ML-Disposable-Cart-2g-320mAh-1.webp\",\"width\":1920,\"height\":1920,\"caption\":\"Packman Gen 3 Vape Kit 2ML Disposable Cart 2g 320mAh #1\"},{\"@type\":\"BreadcrumbList\",\"@id\":\"https:\/\/geekvapor.com\/product\/packman-gen-3-vape-kit-2ml-disposable-cart-2g-320mah\/#breadcrumb\",\"itemListElement\":[{\"@type\":\"ListItem\",\"position\":1,\"name\":\"\u9996\u9875\",\"item\":\"https:\/\/geekvapor.com\/\"},{\"@type\":\"ListItem\",\"position\":2,\"name\":\"Shop\",\"item\":\"https:\/\/geekvapor.com\/shop\/\"},{\"@type\":\"ListItem\",\"position\":3,\"name\":\"Packman Gen 3 Vape Kit 2ML Disposable Cart 2g 320mAh\"}]},{\"@type\":\"WebSite\",\"@id\":\"https:\/\/geekvapor.com\/#website\",\"url\":\"https:\/\/geekvapor.com\/\",\"name\":\"geekvapor\",\"description\":\"\",\"potentialAction\":[{\"@type\":\"SearchAction\",\"target\":{\"@type\":\"EntryPoint\",\"urlTemplate\":\"https:\/\/geekvapor.com\/?s={search_term_string}\"},\"query-input\":{\"@type\":\"PropertyValueSpecification\",\"valueRequired\":true,\"valueName\":\"search_term_string\"}}],\"inLanguage\":\"fr-FR\"}]}<\/script>\n<!-- \/ Yoast SEO Premium plugin. -->","yoast_head_json":{"title":"Packman Gen 3 Vape Kit 2ML Cart jetable 2g 320mAh | geekvapor","description":"D\u00e9couvrez le Packman Gen 3 Vape Kit Disposable Cart avec 8 saveurs, une batterie rechargeable de 320mAh, une capacit\u00e9 de 2ml, un \u00e9cran LED et des mat\u00e9riaux de qualit\u00e9 alimentaire.","robots":{"index":"index","follow":"follow","max-snippet":"max-snippet:-1","max-image-preview":"max-image-preview:large","max-video-preview":"max-video-preview:-1"},"canonical":"https:\/\/geekvapor.com\/fr\/product\/packman-gen-3-vape-kit-2ml-disposable-cart-2g-320mah\/","og_locale":"fr_FR","og_type":"article","og_title":"Packman Gen 3 Vape Kit 2ML Disposable Cart 2g 320mAh","og_description":"Explore the Packman Gen 3 Vape Kit Disposable Cart with 8 flavors, a 320mAh rechargeable battery, 2ml capacity, LED display, and food-grade materials.","og_url":"https:\/\/geekvapor.com\/fr\/product\/packman-gen-3-vape-kit-2ml-disposable-cart-2g-320mah\/","og_site_name":"geekvapor","article_modified_time":"2025-01-11T11:11:38+00:00","og_image":[{"width":1920,"height":1920,"url":"https:\/\/geekvapor.com\/wp-content\/uploads\/2024\/12\/Packman-Gen-3-Vape-Kit-2ML-Disposable-Cart-2g-320mAh-1.webp","type":"image\/webp"}],"twitter_card":"summary_large_image","twitter_misc":{"Dur\u00e9e de lecture estim\u00e9e":"1 minute"},"schema":{"@context":"https:\/\/schema.org","@graph":[{"@type":"WebPage","@id":"https:\/\/geekvapor.com\/product\/packman-gen-3-vape-kit-2ml-disposable-cart-2g-320mah\/","url":"https:\/\/geekvapor.com\/product\/packman-gen-3-vape-kit-2ml-disposable-cart-2g-320mah\/","name":"Packman Gen 3 Vape Kit 2ML Cart jetable 2g 320mAh | geekvapor","isPartOf":{"@id":"https:\/\/geekvapor.com\/#website"},"primaryImageOfPage":{"@id":"https:\/\/geekvapor.com\/product\/packman-gen-3-vape-kit-2ml-disposable-cart-2g-320mah\/#primaryimage"},"image":{"@id":"https:\/\/geekvapor.com\/product\/packman-gen-3-vape-kit-2ml-disposable-cart-2g-320mah\/#primaryimage"},"thumbnailUrl":"https:\/\/geekvapor.com\/wp-content\/uploads\/2024\/12\/Packman-Gen-3-Vape-Kit-2ML-Disposable-Cart-2g-320mAh-1.webp","datePublished":"2024-12-13T13:37:37+00:00","dateModified":"2025-01-11T11:11:38+00:00","description":"D\u00e9couvrez le Packman Gen 3 Vape Kit Disposable Cart avec 8 saveurs, une batterie rechargeable de 320mAh, une capacit\u00e9 de 2ml, un \u00e9cran LED et des mat\u00e9riaux de qualit\u00e9 alimentaire.","breadcrumb":{"@id":"https:\/\/geekvapor.com\/product\/packman-gen-3-vape-kit-2ml-disposable-cart-2g-320mah\/#breadcrumb"},"inLanguage":"fr-FR","potentialAction":[{"@type":"ReadAction","target":["https:\/\/geekvapor.com\/product\/packman-gen-3-vape-kit-2ml-disposable-cart-2g-320mah\/"]}]},{"@type":"ImageObject","inLanguage":"fr-FR","@id":"https:\/\/geekvapor.com\/product\/packman-gen-3-vape-kit-2ml-disposable-cart-2g-320mah\/#primaryimage","url":"https:\/\/geekvapor.com\/wp-content\/uploads\/2024\/12\/Packman-Gen-3-Vape-Kit-2ML-Disposable-Cart-2g-320mAh-1.webp","contentUrl":"https:\/\/geekvapor.com\/wp-content\/uploads\/2024\/12\/Packman-Gen-3-Vape-Kit-2ML-Disposable-Cart-2g-320mAh-1.webp","width":1920,"height":1920,"caption":"Packman Gen 3 Vape Kit 2ML Disposable Cart 2g 320mAh #1"},{"@type":"BreadcrumbList","@id":"https:\/\/geekvapor.com\/product\/packman-gen-3-vape-kit-2ml-disposable-cart-2g-320mah\/#breadcrumb","itemListElement":[{"@type":"ListItem","position":1,"name":"\u9996\u9875","item":"https:\/\/geekvapor.com\/"},{"@type":"ListItem","position":2,"name":"Shop","item":"https:\/\/geekvapor.com\/shop\/"},{"@type":"ListItem","position":3,"name":"Packman Gen 3 Vape Kit 2ML Disposable Cart 2g 320mAh"}]},{"@type":"WebSite","@id":"https:\/\/geekvapor.com\/#website","url":"https:\/\/geekvapor.com\/","name":"geekvapor","description":"","potentialAction":[{"@type":"SearchAction","target":{"@type":"EntryPoint","urlTemplate":"https:\/\/geekvapor.com\/?s={search_term_string}"},"query-input":{"@type":"PropertyValueSpecification","valueRequired":true,"valueName":"search_term_string"}}],"inLanguage":"fr-FR"}]}},"tiered_pricing_type":"fixed","tiered_pricing_fixed_rules":{"300":"2.9","500":"2.7","700":"2.6"},"tiered_pricing_percentage_rules":[],"tiered_pricing_minimum":100,"tiered_pricing_roles_data":[],"_links":{"self":[{"href":"https:\/\/geekvapor.com\/fr\/wp-json\/wp\/v2\/product\/25111","targetHints":{"allow":["GET"]}}],"collection":[{"href":"https:\/\/geekvapor.com\/fr\/wp-json\/wp\/v2\/product"}],"about":[{"href":"https:\/\/geekvapor.com\/fr\/wp-json\/wp\/v2\/types\/product"}],"replies":[{"embeddable":true,"href":"https:\/\/geekvapor.com\/fr\/wp-json\/wp\/v2\/comments?post=25111"}],"wp:featuredmedia":[{"embeddable":true,"href":"https:\/\/geekvapor.com\/fr\/wp-json\/wp\/v2\/media\/28010"}],"wp:attachment":[{"href":"https:\/\/geekvapor.com\/fr\/wp-json\/wp\/v2\/media?parent=25111"}],"wp:term":[{"taxonomy":"product_brand","embeddable":true,"href":"https:\/\/geekvapor.com\/fr\/wp-json\/wp\/v2\/product_brand?post=25111"},{"taxonomy":"product_cat","embeddable":true,"href":"https:\/\/geekvapor.com\/fr\/wp-json\/wp\/v2\/product_cat?post=25111"},{"taxonomy":"product_tag","embeddable":true,"href":"https:\/\/geekvapor.com\/fr\/wp-json\/wp\/v2\/product_tag?post=25111"}],"curies":[{"name":"wp","href":"https:\/\/api.w.org\/{rel}","templated":true}]}}