{"id":25055,"date":"2024-12-13T13:37:15","date_gmt":"2024-12-13T13:37:15","guid":{"rendered":"https:\/\/geekvapor.com\/?post_type=product&#038;p=25055"},"modified":"2026-04-02T23:02:42","modified_gmt":"2026-04-02T23:02:42","slug":"new-jungle-boys-vape-kit-2ml-disposable-cart-2g-350mah","status":"publish","type":"product","link":"https:\/\/geekvapor.com\/fr\/product\/new-jungle-boys-vape-kit-2ml-disposable-cart-2g-350mah\/","title":{"rendered":"Nouveau Kit de Vape Jungle Boys 2ML Cart jetable 2g 350mAh"},"content":{"rendered":"<h2 class=\"font-bold text-h3 leading-[40px] pt-[21px] pb-[2px] [&amp;_a]:underline-offset-[6px] [&amp;_.underline]:underline-offset-[6px]\" dir=\"ltr\" style=\"text-align: center;\"><span style=\"color: #83b828;\">New Jungle Boys Vape Kit Disposable Cart (Empty<\/span><span style=\"color: #83b828;\">)<\/span><\/h2>\n<p>New Jungle Boys Vape Kit Disposable Cart (Empty) offers ultimate convenience and performance. With 1mL\/2mL capacity, 10 flavors, a sleek design, a high-end ceramic coil for pure taste, and a rechargeable 350 mAh battery, it\u2019s portable, leak-free, and easy to use. Enjoy smooth, flavorful vaping on the go!<\/p>\n<h3 class=\"font-bold text-h3 leading-[40px] pt-[21px] pb-[2px] [&amp;_a]:underline-offset-[6px] [&amp;_.underline]:underline-offset-[6px]\" dir=\"ltr\">Features<\/h3>\n<p>Flavor:Choice of 10 flavors<br \/>\nMouthpiece:Plastic Tip<br \/>\nTank Capacity:1ml\/2ml(1g\/2g)<br \/>\nColor:White\/black<br \/>\nIntake Holes:4*1.5MM<br \/>\nResistance :1.3 ohms<br \/>\nCoil:High end Ceramic Coil, provide full, smooth and pure taste<br \/>\nBattery:350 mAh, Bottom with micro USB port<br \/>\nPackaging gift Package Box<br \/>\nAdvantage\uff1aPortable, Easy Use.No Leaking, No Burning Taste.Large intake hole, large vape.Rechargeable bottom<\/p>\n","protected":false},"excerpt":{"rendered":"<ul>\n<li>10 saveurs<\/li>\n<li>1ml\/2ml(1g\/2g)<\/li>\n<li>Blanc\/noir<\/li>\n<li>1,3 ohms<\/li>\n<li>350 mAh<\/li>\n<\/ul>","protected":false},"featured_media":27909,"comment_status":"open","ping_status":"closed","template":"","meta":[],"product_brand":[],"product_cat":[267,283],"product_tag":[],"class_list":{"0":"post-25055","1":"product","2":"type-product","3":"status-publish","4":"has-post-thumbnail","6":"product_cat-vape-kits","7":"product_cat-2-0ml-oil-capacity","9":"first","10":"instock","11":"featured","12":"shipping-taxable","13":"purchasable","14":"product-type-variable"},"yoast_head":"<!-- This site is optimized with the Yoast SEO Premium plugin v24.0 (Yoast SEO v26.0) - https:\/\/yoast.com\/wordpress\/plugins\/seo\/ -->\n<title>New Jungle Boys Vape Kit 2ML Disposable Cart 2g 350mAh | geekvapor<\/title>\n<meta name=\"description\" content=\"Discover the New Jungle Boys Vape Kit Disposable Cart. Choose from 10 flavors, enjoy pure taste with a ceramic coil, 1\/2mL capacity.\" \/>\n<meta name=\"robots\" content=\"index, follow, max-snippet:-1, max-image-preview:large, max-video-preview:-1\" \/>\n<link rel=\"canonical\" href=\"https:\/\/geekvapor.com\/fr\/product\/new-jungle-boys-vape-kit-2ml-disposable-cart-2g-350mah\/\" \/>\n<meta property=\"og:locale\" content=\"fr_FR\" \/>\n<meta property=\"og:type\" content=\"article\" \/>\n<meta property=\"og:title\" content=\"New Jungle Boys Vape Kit 2ML Disposable Cart 2g 350mAh\" \/>\n<meta property=\"og:description\" content=\"Discover the New Jungle Boys Vape Kit Disposable Cart. Choose from 10 flavors, enjoy pure taste with a ceramic coil, 1\/2mL capacity.\" \/>\n<meta property=\"og:url\" content=\"https:\/\/geekvapor.com\/fr\/product\/new-jungle-boys-vape-kit-2ml-disposable-cart-2g-350mah\/\" \/>\n<meta property=\"og:site_name\" content=\"geekvapor\" \/>\n<meta property=\"article:modified_time\" content=\"2026-04-02T23:02:42+00:00\" \/>\n<meta property=\"og:image\" content=\"https:\/\/geekvapor.com\/wp-content\/uploads\/2024\/12\/New-Jungle-Boys-Vape-Kit-2ML-Disposable-Cart-2g-350mAh-1.webp\" \/>\n\t<meta property=\"og:image:width\" content=\"1500\" \/>\n\t<meta property=\"og:image:height\" content=\"1500\" \/>\n\t<meta property=\"og:image:type\" content=\"image\/webp\" \/>\n<meta name=\"twitter:card\" content=\"summary_large_image\" \/>\n<meta name=\"twitter:label1\" content=\"Dur\u00e9e de lecture estim\u00e9e\" \/>\n\t<meta name=\"twitter:data1\" content=\"1 minute\" \/>\n<script type=\"application\/ld+json\" class=\"yoast-schema-graph\">{\"@context\":\"https:\/\/schema.org\",\"@graph\":[{\"@type\":\"WebPage\",\"@id\":\"https:\/\/geekvapor.com\/product\/new-jungle-boys-vape-kit-2ml-disposable-cart-2g-350mah\/\",\"url\":\"https:\/\/geekvapor.com\/product\/new-jungle-boys-vape-kit-2ml-disposable-cart-2g-350mah\/\",\"name\":\"New Jungle Boys Vape Kit 2ML Disposable Cart 2g 350mAh | geekvapor\",\"isPartOf\":{\"@id\":\"https:\/\/geekvapor.com\/#website\"},\"primaryImageOfPage\":{\"@id\":\"https:\/\/geekvapor.com\/product\/new-jungle-boys-vape-kit-2ml-disposable-cart-2g-350mah\/#primaryimage\"},\"image\":{\"@id\":\"https:\/\/geekvapor.com\/product\/new-jungle-boys-vape-kit-2ml-disposable-cart-2g-350mah\/#primaryimage\"},\"thumbnailUrl\":\"https:\/\/geekvapor.com\/wp-content\/uploads\/2024\/12\/New-Jungle-Boys-Vape-Kit-2ML-Disposable-Cart-2g-350mAh-1.webp\",\"datePublished\":\"2024-12-13T13:37:15+00:00\",\"dateModified\":\"2026-04-02T23:02:42+00:00\",\"description\":\"Discover the New Jungle Boys Vape Kit Disposable Cart. Choose from 10 flavors, enjoy pure taste with a ceramic coil, 1\/2mL capacity.\",\"breadcrumb\":{\"@id\":\"https:\/\/geekvapor.com\/product\/new-jungle-boys-vape-kit-2ml-disposable-cart-2g-350mah\/#breadcrumb\"},\"inLanguage\":\"fr-FR\",\"potentialAction\":[{\"@type\":\"ReadAction\",\"target\":[\"https:\/\/geekvapor.com\/product\/new-jungle-boys-vape-kit-2ml-disposable-cart-2g-350mah\/\"]}]},{\"@type\":\"ImageObject\",\"inLanguage\":\"fr-FR\",\"@id\":\"https:\/\/geekvapor.com\/product\/new-jungle-boys-vape-kit-2ml-disposable-cart-2g-350mah\/#primaryimage\",\"url\":\"https:\/\/geekvapor.com\/wp-content\/uploads\/2024\/12\/New-Jungle-Boys-Vape-Kit-2ML-Disposable-Cart-2g-350mAh-1.webp\",\"contentUrl\":\"https:\/\/geekvapor.com\/wp-content\/uploads\/2024\/12\/New-Jungle-Boys-Vape-Kit-2ML-Disposable-Cart-2g-350mAh-1.webp\",\"width\":1500,\"height\":1500,\"caption\":\"New Jungle Boys Vape Kit 2ML Disposable Cart 2g 350mAh #1\"},{\"@type\":\"BreadcrumbList\",\"@id\":\"https:\/\/geekvapor.com\/product\/new-jungle-boys-vape-kit-2ml-disposable-cart-2g-350mah\/#breadcrumb\",\"itemListElement\":[{\"@type\":\"ListItem\",\"position\":1,\"name\":\"\u9996\u9875\",\"item\":\"https:\/\/geekvapor.com\/\"},{\"@type\":\"ListItem\",\"position\":2,\"name\":\"Shop\",\"item\":\"https:\/\/geekvapor.com\/shop\/\"},{\"@type\":\"ListItem\",\"position\":3,\"name\":\"New Jungle Boys Vape Kit 2ML Disposable Cart 2g 350mAh\"}]},{\"@type\":\"WebSite\",\"@id\":\"https:\/\/geekvapor.com\/#website\",\"url\":\"https:\/\/geekvapor.com\/\",\"name\":\"geekvapor\",\"description\":\"\",\"potentialAction\":[{\"@type\":\"SearchAction\",\"target\":{\"@type\":\"EntryPoint\",\"urlTemplate\":\"https:\/\/geekvapor.com\/?s={search_term_string}\"},\"query-input\":{\"@type\":\"PropertyValueSpecification\",\"valueRequired\":true,\"valueName\":\"search_term_string\"}}],\"inLanguage\":\"fr-FR\"}]}<\/script>\n<!-- \/ Yoast SEO Premium plugin. -->","yoast_head_json":{"title":"Nouveau Kit de Vape Jungle Boys 2ML Cart jetable 2g 350mAh | geekvapor","description":"D\u00e9couvrez le nouveau Jungle Boys Vape Kit jetable. Choisissez parmi 10 saveurs, profitez d'un go\u00fbt pur avec une bobine en c\u00e9ramique, capacit\u00e9 de 1\/2mL.","robots":{"index":"index","follow":"follow","max-snippet":"max-snippet:-1","max-image-preview":"max-image-preview:large","max-video-preview":"max-video-preview:-1"},"canonical":"https:\/\/geekvapor.com\/fr\/product\/new-jungle-boys-vape-kit-2ml-disposable-cart-2g-350mah\/","og_locale":"fr_FR","og_type":"article","og_title":"New Jungle Boys Vape Kit 2ML Disposable Cart 2g 350mAh","og_description":"Discover the New Jungle Boys Vape Kit Disposable Cart. Choose from 10 flavors, enjoy pure taste with a ceramic coil, 1\/2mL capacity.","og_url":"https:\/\/geekvapor.com\/fr\/product\/new-jungle-boys-vape-kit-2ml-disposable-cart-2g-350mah\/","og_site_name":"geekvapor","article_modified_time":"2026-04-02T23:02:42+00:00","og_image":[{"width":1500,"height":1500,"url":"https:\/\/geekvapor.com\/wp-content\/uploads\/2024\/12\/New-Jungle-Boys-Vape-Kit-2ML-Disposable-Cart-2g-350mAh-1.webp","type":"image\/webp"}],"twitter_card":"summary_large_image","twitter_misc":{"Dur\u00e9e de lecture estim\u00e9e":"1 minute"},"schema":{"@context":"https:\/\/schema.org","@graph":[{"@type":"WebPage","@id":"https:\/\/geekvapor.com\/product\/new-jungle-boys-vape-kit-2ml-disposable-cart-2g-350mah\/","url":"https:\/\/geekvapor.com\/product\/new-jungle-boys-vape-kit-2ml-disposable-cart-2g-350mah\/","name":"Nouveau Kit de Vape Jungle Boys 2ML Cart jetable 2g 350mAh | geekvapor","isPartOf":{"@id":"https:\/\/geekvapor.com\/#website"},"primaryImageOfPage":{"@id":"https:\/\/geekvapor.com\/product\/new-jungle-boys-vape-kit-2ml-disposable-cart-2g-350mah\/#primaryimage"},"image":{"@id":"https:\/\/geekvapor.com\/product\/new-jungle-boys-vape-kit-2ml-disposable-cart-2g-350mah\/#primaryimage"},"thumbnailUrl":"https:\/\/geekvapor.com\/wp-content\/uploads\/2024\/12\/New-Jungle-Boys-Vape-Kit-2ML-Disposable-Cart-2g-350mAh-1.webp","datePublished":"2024-12-13T13:37:15+00:00","dateModified":"2026-04-02T23:02:42+00:00","description":"D\u00e9couvrez le nouveau Jungle Boys Vape Kit jetable. Choisissez parmi 10 saveurs, profitez d'un go\u00fbt pur avec une bobine en c\u00e9ramique, capacit\u00e9 de 1\/2mL.","breadcrumb":{"@id":"https:\/\/geekvapor.com\/product\/new-jungle-boys-vape-kit-2ml-disposable-cart-2g-350mah\/#breadcrumb"},"inLanguage":"fr-FR","potentialAction":[{"@type":"ReadAction","target":["https:\/\/geekvapor.com\/product\/new-jungle-boys-vape-kit-2ml-disposable-cart-2g-350mah\/"]}]},{"@type":"ImageObject","inLanguage":"fr-FR","@id":"https:\/\/geekvapor.com\/product\/new-jungle-boys-vape-kit-2ml-disposable-cart-2g-350mah\/#primaryimage","url":"https:\/\/geekvapor.com\/wp-content\/uploads\/2024\/12\/New-Jungle-Boys-Vape-Kit-2ML-Disposable-Cart-2g-350mAh-1.webp","contentUrl":"https:\/\/geekvapor.com\/wp-content\/uploads\/2024\/12\/New-Jungle-Boys-Vape-Kit-2ML-Disposable-Cart-2g-350mAh-1.webp","width":1500,"height":1500,"caption":"New Jungle Boys Vape Kit 2ML Disposable Cart 2g 350mAh #1"},{"@type":"BreadcrumbList","@id":"https:\/\/geekvapor.com\/product\/new-jungle-boys-vape-kit-2ml-disposable-cart-2g-350mah\/#breadcrumb","itemListElement":[{"@type":"ListItem","position":1,"name":"\u9996\u9875","item":"https:\/\/geekvapor.com\/"},{"@type":"ListItem","position":2,"name":"Shop","item":"https:\/\/geekvapor.com\/shop\/"},{"@type":"ListItem","position":3,"name":"New Jungle Boys Vape Kit 2ML Disposable Cart 2g 350mAh"}]},{"@type":"WebSite","@id":"https:\/\/geekvapor.com\/#website","url":"https:\/\/geekvapor.com\/","name":"geekvapor","description":"","potentialAction":[{"@type":"SearchAction","target":{"@type":"EntryPoint","urlTemplate":"https:\/\/geekvapor.com\/?s={search_term_string}"},"query-input":{"@type":"PropertyValueSpecification","valueRequired":true,"valueName":"search_term_string"}}],"inLanguage":"fr-FR"}]}},"tiered_pricing_type":"fixed","tiered_pricing_fixed_rules":{"300":"3","500":"2.8","700":"2.6"},"tiered_pricing_percentage_rules":[],"tiered_pricing_minimum":100,"tiered_pricing_roles_data":[],"_links":{"self":[{"href":"https:\/\/geekvapor.com\/fr\/wp-json\/wp\/v2\/product\/25055","targetHints":{"allow":["GET"]}}],"collection":[{"href":"https:\/\/geekvapor.com\/fr\/wp-json\/wp\/v2\/product"}],"about":[{"href":"https:\/\/geekvapor.com\/fr\/wp-json\/wp\/v2\/types\/product"}],"replies":[{"embeddable":true,"href":"https:\/\/geekvapor.com\/fr\/wp-json\/wp\/v2\/comments?post=25055"}],"wp:featuredmedia":[{"embeddable":true,"href":"https:\/\/geekvapor.com\/fr\/wp-json\/wp\/v2\/media\/27909"}],"wp:attachment":[{"href":"https:\/\/geekvapor.com\/fr\/wp-json\/wp\/v2\/media?parent=25055"}],"wp:term":[{"taxonomy":"product_brand","embeddable":true,"href":"https:\/\/geekvapor.com\/fr\/wp-json\/wp\/v2\/product_brand?post=25055"},{"taxonomy":"product_cat","embeddable":true,"href":"https:\/\/geekvapor.com\/fr\/wp-json\/wp\/v2\/product_cat?post=25055"},{"taxonomy":"product_tag","embeddable":true,"href":"https:\/\/geekvapor.com\/fr\/wp-json\/wp\/v2\/product_tag?post=25055"}],"curies":[{"name":"wp","href":"https:\/\/api.w.org\/{rel}","templated":true}]}}