{"id":25054,"date":"2024-12-13T13:37:15","date_gmt":"2024-12-13T13:37:15","guid":{"rendered":"https:\/\/geekvapor.com\/?post_type=product&#038;p=25054"},"modified":"2025-01-11T11:28:39","modified_gmt":"2025-01-11T11:28:39","slug":"cookies-vape-kit-1ml-disposable-cart-1g-280mah","status":"publish","type":"product","link":"https:\/\/geekvapor.com\/fr\/product\/cookies-vape-kit-1ml-disposable-cart-1g-280mah\/","title":{"rendered":"Cookies Vape Kit 1ML Cart jetable 1g 280mAh"},"content":{"rendered":"<h2 class=\"font-bold text-h3 leading-[40px] pt-[21px] pb-[2px] [&amp;_a]:underline-offset-[6px] [&amp;_.underline]:underline-offset-[6px]\" dir=\"ltr\" style=\"text-align: center;\"><span style=\"color: #83b828;\">Cookies Vape Kit Disposable Cart (Empty<\/span><span style=\"color: #83b828;\">)<\/span><\/h2>\n<p>The Cookies Vape Kit Disposable Cart (Empty) offers superior performance and convenience. With a 1.0mL oil capacity, 280mAh rechargeable battery, and upgraded ceramic coil, it ensures a smooth experience. Choose from 10 flavors, enjoy top-filling ease, and trust its 1.2ohm resistance for consistent quality.<\/p>\n<h3 class=\"font-bold text-h3 leading-[40px] pt-[21px] pb-[2px] [&amp;_a]:underline-offset-[6px] [&amp;_.underline]:underline-offset-[6px]\" dir=\"ltr\">Features<\/h3>\n<p>Brand Name:Cookies<br \/>\nModel Number:Cookies 1mL<br \/>\nFlavor:Choice of 10 flavors<br \/>\nSize:97*19.8*12.3 (L*W*H)<br \/>\nOil Capacity: 1.0ml(1g)<br \/>\nBattery: 280mah<br \/>\nCoil:Upgraded ceramic coil<br \/>\nResistance:1.2ohm<br \/>\nFilling:Top filling<br \/>\nCharging method:Rechargeable bottom<\/p>\n<h3>Flavor List<\/h3>\n<p>1.Berry Pie<br \/>\n2.Cereol Milk<br \/>\n3.gelato<br \/>\n4.Honey Bun<br \/>\n5.London Pound Cake<br \/>\n6.Pancakes<br \/>\n7.Sweet Tea<br \/>\n8.garry payton<br \/>\n9.Gorilla pie<br \/>\n10.Granadine<\/p>\n","protected":false},"excerpt":{"rendered":"<ul>\n<li>10 saveurs<\/li>\n<li>1.0ml(1g)<\/li>\n<li>280mah<\/li>\n<li>Bobine en c\u00e9ramique am\u00e9lior\u00e9e<\/li>\n<li>R\u00e9sistance : 1,2ohm<\/li>\n<\/ul>","protected":false},"featured_media":27889,"comment_status":"open","ping_status":"closed","template":"","meta":[],"product_brand":[],"product_cat":[267,284],"product_tag":[],"class_list":{"0":"post-25054","1":"product","2":"type-product","3":"status-publish","4":"has-post-thumbnail","6":"product_cat-vape-kits","7":"product_cat-1-0ml-oil-capacity","9":"first","10":"instock","11":"shipping-taxable","12":"purchasable","13":"product-type-variable"},"yoast_head":"<!-- This site is optimized with the Yoast SEO Premium plugin v24.0 (Yoast SEO v26.0) - https:\/\/yoast.com\/wordpress\/plugins\/seo\/ -->\n<title>Cookies Vape Kit 1ML Disposable Cart 1g 280mAh | geekvapor<\/title>\n<meta name=\"description\" content=\"Explore the Cookies Vape Kit cart with 1.0mL capacity, 280mAh battery &amp; ceramic coil. Available in 10 flavors &amp; top-filling design.\" \/>\n<meta name=\"robots\" content=\"index, follow, max-snippet:-1, max-image-preview:large, max-video-preview:-1\" \/>\n<link rel=\"canonical\" href=\"https:\/\/geekvapor.com\/fr\/product\/cookies-vape-kit-1ml-disposable-cart-1g-280mah\/\" \/>\n<meta property=\"og:locale\" content=\"fr_FR\" \/>\n<meta property=\"og:type\" content=\"article\" \/>\n<meta property=\"og:title\" content=\"Cookies Vape Kit 1ML Disposable Cart 1g 280mAh\" \/>\n<meta property=\"og:description\" content=\"Explore the Cookies Vape Kit cart with 1.0mL capacity, 280mAh battery &amp; ceramic coil. Available in 10 flavors &amp; top-filling design.\" \/>\n<meta property=\"og:url\" content=\"https:\/\/geekvapor.com\/fr\/product\/cookies-vape-kit-1ml-disposable-cart-1g-280mah\/\" \/>\n<meta property=\"og:site_name\" content=\"geekvapor\" \/>\n<meta property=\"article:modified_time\" content=\"2025-01-11T11:28:39+00:00\" \/>\n<meta property=\"og:image\" content=\"https:\/\/geekvapor.com\/wp-content\/uploads\/2024\/12\/Cookies-Vape-Kit-1ML-Disposable-Cart-1g-280mAh-1.webp\" \/>\n\t<meta property=\"og:image:width\" content=\"1000\" \/>\n\t<meta property=\"og:image:height\" content=\"1000\" \/>\n\t<meta property=\"og:image:type\" content=\"image\/webp\" \/>\n<meta name=\"twitter:card\" content=\"summary_large_image\" \/>\n<meta name=\"twitter:label1\" content=\"Dur\u00e9e de lecture estim\u00e9e\" \/>\n\t<meta name=\"twitter:data1\" content=\"1 minute\" \/>\n<script type=\"application\/ld+json\" class=\"yoast-schema-graph\">{\"@context\":\"https:\/\/schema.org\",\"@graph\":[{\"@type\":\"WebPage\",\"@id\":\"https:\/\/geekvapor.com\/product\/cookies-vape-kit-1ml-disposable-cart-1g-280mah\/\",\"url\":\"https:\/\/geekvapor.com\/product\/cookies-vape-kit-1ml-disposable-cart-1g-280mah\/\",\"name\":\"Cookies Vape Kit 1ML Disposable Cart 1g 280mAh | geekvapor\",\"isPartOf\":{\"@id\":\"https:\/\/geekvapor.com\/#website\"},\"primaryImageOfPage\":{\"@id\":\"https:\/\/geekvapor.com\/product\/cookies-vape-kit-1ml-disposable-cart-1g-280mah\/#primaryimage\"},\"image\":{\"@id\":\"https:\/\/geekvapor.com\/product\/cookies-vape-kit-1ml-disposable-cart-1g-280mah\/#primaryimage\"},\"thumbnailUrl\":\"https:\/\/geekvapor.com\/wp-content\/uploads\/2024\/12\/Cookies-Vape-Kit-1ML-Disposable-Cart-1g-280mAh-1.webp\",\"datePublished\":\"2024-12-13T13:37:15+00:00\",\"dateModified\":\"2025-01-11T11:28:39+00:00\",\"description\":\"Explore the Cookies Vape Kit cart with 1.0mL capacity, 280mAh battery & ceramic coil. Available in 10 flavors & top-filling design.\",\"breadcrumb\":{\"@id\":\"https:\/\/geekvapor.com\/product\/cookies-vape-kit-1ml-disposable-cart-1g-280mah\/#breadcrumb\"},\"inLanguage\":\"fr-FR\",\"potentialAction\":[{\"@type\":\"ReadAction\",\"target\":[\"https:\/\/geekvapor.com\/product\/cookies-vape-kit-1ml-disposable-cart-1g-280mah\/\"]}]},{\"@type\":\"ImageObject\",\"inLanguage\":\"fr-FR\",\"@id\":\"https:\/\/geekvapor.com\/product\/cookies-vape-kit-1ml-disposable-cart-1g-280mah\/#primaryimage\",\"url\":\"https:\/\/geekvapor.com\/wp-content\/uploads\/2024\/12\/Cookies-Vape-Kit-1ML-Disposable-Cart-1g-280mAh-1.webp\",\"contentUrl\":\"https:\/\/geekvapor.com\/wp-content\/uploads\/2024\/12\/Cookies-Vape-Kit-1ML-Disposable-Cart-1g-280mAh-1.webp\",\"width\":1000,\"height\":1000,\"caption\":\"Cookies Vape Kit 1ML Disposable Cart 1g 280mAh #1\"},{\"@type\":\"BreadcrumbList\",\"@id\":\"https:\/\/geekvapor.com\/product\/cookies-vape-kit-1ml-disposable-cart-1g-280mah\/#breadcrumb\",\"itemListElement\":[{\"@type\":\"ListItem\",\"position\":1,\"name\":\"\u9996\u9875\",\"item\":\"https:\/\/geekvapor.com\/\"},{\"@type\":\"ListItem\",\"position\":2,\"name\":\"Shop\",\"item\":\"https:\/\/geekvapor.com\/shop\/\"},{\"@type\":\"ListItem\",\"position\":3,\"name\":\"Cookies Vape Kit 1ML Disposable Cart 1g 280mAh\"}]},{\"@type\":\"WebSite\",\"@id\":\"https:\/\/geekvapor.com\/#website\",\"url\":\"https:\/\/geekvapor.com\/\",\"name\":\"geekvapor\",\"description\":\"\",\"potentialAction\":[{\"@type\":\"SearchAction\",\"target\":{\"@type\":\"EntryPoint\",\"urlTemplate\":\"https:\/\/geekvapor.com\/?s={search_term_string}\"},\"query-input\":{\"@type\":\"PropertyValueSpecification\",\"valueRequired\":true,\"valueName\":\"search_term_string\"}}],\"inLanguage\":\"fr-FR\"}]}<\/script>\n<!-- \/ Yoast SEO Premium plugin. -->","yoast_head_json":{"title":"Cookies Vape Kit 1ML Cart jetable 1g 280mAh | geekvapor","description":"D\u00e9couvrez la cartouche Cookies Vape Kit avec une capacit\u00e9 de 1,0 ml, une batterie de 280 mAh et une bobine en c\u00e9ramique. Disponible en 10 saveurs et avec un syst\u00e8me de remplissage par le haut.","robots":{"index":"index","follow":"follow","max-snippet":"max-snippet:-1","max-image-preview":"max-image-preview:large","max-video-preview":"max-video-preview:-1"},"canonical":"https:\/\/geekvapor.com\/fr\/product\/cookies-vape-kit-1ml-disposable-cart-1g-280mah\/","og_locale":"fr_FR","og_type":"article","og_title":"Cookies Vape Kit 1ML Disposable Cart 1g 280mAh","og_description":"Explore the Cookies Vape Kit cart with 1.0mL capacity, 280mAh battery & ceramic coil. Available in 10 flavors & top-filling design.","og_url":"https:\/\/geekvapor.com\/fr\/product\/cookies-vape-kit-1ml-disposable-cart-1g-280mah\/","og_site_name":"geekvapor","article_modified_time":"2025-01-11T11:28:39+00:00","og_image":[{"width":1000,"height":1000,"url":"https:\/\/geekvapor.com\/wp-content\/uploads\/2024\/12\/Cookies-Vape-Kit-1ML-Disposable-Cart-1g-280mAh-1.webp","type":"image\/webp"}],"twitter_card":"summary_large_image","twitter_misc":{"Dur\u00e9e de lecture estim\u00e9e":"1 minute"},"schema":{"@context":"https:\/\/schema.org","@graph":[{"@type":"WebPage","@id":"https:\/\/geekvapor.com\/product\/cookies-vape-kit-1ml-disposable-cart-1g-280mah\/","url":"https:\/\/geekvapor.com\/product\/cookies-vape-kit-1ml-disposable-cart-1g-280mah\/","name":"Cookies Vape Kit 1ML Cart jetable 1g 280mAh | geekvapor","isPartOf":{"@id":"https:\/\/geekvapor.com\/#website"},"primaryImageOfPage":{"@id":"https:\/\/geekvapor.com\/product\/cookies-vape-kit-1ml-disposable-cart-1g-280mah\/#primaryimage"},"image":{"@id":"https:\/\/geekvapor.com\/product\/cookies-vape-kit-1ml-disposable-cart-1g-280mah\/#primaryimage"},"thumbnailUrl":"https:\/\/geekvapor.com\/wp-content\/uploads\/2024\/12\/Cookies-Vape-Kit-1ML-Disposable-Cart-1g-280mAh-1.webp","datePublished":"2024-12-13T13:37:15+00:00","dateModified":"2025-01-11T11:28:39+00:00","description":"D\u00e9couvrez la cartouche Cookies Vape Kit avec une capacit\u00e9 de 1,0 ml, une batterie de 280 mAh et une bobine en c\u00e9ramique. Disponible en 10 saveurs et avec un syst\u00e8me de remplissage par le haut.","breadcrumb":{"@id":"https:\/\/geekvapor.com\/product\/cookies-vape-kit-1ml-disposable-cart-1g-280mah\/#breadcrumb"},"inLanguage":"fr-FR","potentialAction":[{"@type":"ReadAction","target":["https:\/\/geekvapor.com\/product\/cookies-vape-kit-1ml-disposable-cart-1g-280mah\/"]}]},{"@type":"ImageObject","inLanguage":"fr-FR","@id":"https:\/\/geekvapor.com\/product\/cookies-vape-kit-1ml-disposable-cart-1g-280mah\/#primaryimage","url":"https:\/\/geekvapor.com\/wp-content\/uploads\/2024\/12\/Cookies-Vape-Kit-1ML-Disposable-Cart-1g-280mAh-1.webp","contentUrl":"https:\/\/geekvapor.com\/wp-content\/uploads\/2024\/12\/Cookies-Vape-Kit-1ML-Disposable-Cart-1g-280mAh-1.webp","width":1000,"height":1000,"caption":"Cookies Vape Kit 1ML Disposable Cart 1g 280mAh #1"},{"@type":"BreadcrumbList","@id":"https:\/\/geekvapor.com\/product\/cookies-vape-kit-1ml-disposable-cart-1g-280mah\/#breadcrumb","itemListElement":[{"@type":"ListItem","position":1,"name":"\u9996\u9875","item":"https:\/\/geekvapor.com\/"},{"@type":"ListItem","position":2,"name":"Shop","item":"https:\/\/geekvapor.com\/shop\/"},{"@type":"ListItem","position":3,"name":"Cookies Vape Kit 1ML Disposable Cart 1g 280mAh"}]},{"@type":"WebSite","@id":"https:\/\/geekvapor.com\/#website","url":"https:\/\/geekvapor.com\/","name":"geekvapor","description":"","potentialAction":[{"@type":"SearchAction","target":{"@type":"EntryPoint","urlTemplate":"https:\/\/geekvapor.com\/?s={search_term_string}"},"query-input":{"@type":"PropertyValueSpecification","valueRequired":true,"valueName":"search_term_string"}}],"inLanguage":"fr-FR"}]}},"tiered_pricing_type":"fixed","tiered_pricing_fixed_rules":{"300":"2.8","500":"2.6","700":"2.5"},"tiered_pricing_percentage_rules":[],"tiered_pricing_minimum":100,"tiered_pricing_roles_data":[],"_links":{"self":[{"href":"https:\/\/geekvapor.com\/fr\/wp-json\/wp\/v2\/product\/25054","targetHints":{"allow":["GET"]}}],"collection":[{"href":"https:\/\/geekvapor.com\/fr\/wp-json\/wp\/v2\/product"}],"about":[{"href":"https:\/\/geekvapor.com\/fr\/wp-json\/wp\/v2\/types\/product"}],"replies":[{"embeddable":true,"href":"https:\/\/geekvapor.com\/fr\/wp-json\/wp\/v2\/comments?post=25054"}],"wp:featuredmedia":[{"embeddable":true,"href":"https:\/\/geekvapor.com\/fr\/wp-json\/wp\/v2\/media\/27889"}],"wp:attachment":[{"href":"https:\/\/geekvapor.com\/fr\/wp-json\/wp\/v2\/media?parent=25054"}],"wp:term":[{"taxonomy":"product_brand","embeddable":true,"href":"https:\/\/geekvapor.com\/fr\/wp-json\/wp\/v2\/product_brand?post=25054"},{"taxonomy":"product_cat","embeddable":true,"href":"https:\/\/geekvapor.com\/fr\/wp-json\/wp\/v2\/product_cat?post=25054"},{"taxonomy":"product_tag","embeddable":true,"href":"https:\/\/geekvapor.com\/fr\/wp-json\/wp\/v2\/product_tag?post=25054"}],"curies":[{"name":"wp","href":"https:\/\/api.w.org\/{rel}","templated":true}]}}