{"id":21429,"date":"2024-12-13T13:26:57","date_gmt":"2024-12-13T13:26:57","guid":{"rendered":"https:\/\/geekvapor.com\/?post_type=product&#038;p=21429"},"modified":"2025-01-14T07:16:36","modified_gmt":"2025-01-14T07:16:36","slug":"cloud-bar-miracle-9000-disposable-vape-9k-puffs-18ml","status":"publish","type":"product","link":"https:\/\/geekvapor.com\/fr\/product\/cloud-bar-miracle-9000-disposable-vape-9k-puffs-18ml\/","title":{"rendered":"Cloud Bar Miracle 9000 Vape jetable 9K Puffs 18ML"},"content":{"rendered":"<h2 class=\"font-bold text-h3 leading-[40px] pt-[21px] pb-[2px] [&amp;_a]:underline-offset-[6px] [&amp;_.underline]:underline-offset-[6px]\" dir=\"ltr\" style=\"text-align: center;\"><span style=\"color: #83b828;\">Cloud Bar Miracle 9k Disposable Vape<\/span><\/h2>\n<p><a href=\"https:\/\/geekvapor.com\/product-category\/vape-brands\/cloud-bar\/\">Cloud Bar<\/a> Miracle 9000 Disposable Vape delivers up to 9k puffs, an 18mL pod, adjustable nicotine (2%, 3%, 5%), and 12 bold flavors. Powered by a 650mAh rechargeable battery, mesh coil technology, and RGB lights, this sleek design ensures bold hits and endless vibes. Box of 10 included!<\/p>\n<h3 class=\"font-bold text-h3 leading-[40px] pt-[21px] pb-[2px] [&amp;_a]:underline-offset-[6px] [&amp;_.underline]:underline-offset-[6px]\" dir=\"ltr\">Cloud Bar Miracle 9000 Disposable Vape 9K Puffs Features<\/h3>\n<ul class=\"pt-[9px] pb-[2px] pl-[24px] list-disc [&amp;_ul]:pt-[5px] pt-[5px]\">\n<li class=\"text-body font-regular leading-[24px] my-[5px] [&amp;&gt;ol]:!pt-0 [&amp;&gt;ol]:!pb-0 [&amp;&gt;ul]:!pt-0 [&amp;&gt;ul]:!pb-0\" value=\"1\"><b><strong class=\"font-bold\">Unbeatable Puff Power<\/strong><\/b>: Up to <i><em class=\"italic\">9000 puffs<\/em><\/i>! Yep, this device is built for the long haul.<\/li>\n<li class=\"text-body font-regular leading-[24px] my-[5px] [&amp;&gt;ol]:!pt-0 [&amp;&gt;ol]:!pb-0 [&amp;&gt;ul]:!pt-0 [&amp;&gt;ul]:!pb-0\" value=\"2\"><b><strong class=\"font-bold\">Biggest Juice Capacity<\/strong><\/b>: With an <i><em class=\"italic\">18mL pod<\/em><\/i>, you\u2019ll vape for days without running dry.<\/li>\n<li class=\"text-body font-regular leading-[24px] my-[5px] [&amp;&gt;ol]:!pt-0 [&amp;&gt;ol]:!pb-0 [&amp;&gt;ul]:!pt-0 [&amp;&gt;ul]:!pb-0\" value=\"3\"><b><strong class=\"font-bold\">Choose Your Nicotine<\/strong><\/b>: Go for 2%, 3%, or 5%\u2014tailor it to your vibe.<\/li>\n<li class=\"text-body font-regular leading-[24px] my-[5px] [&amp;&gt;ol]:!pt-0 [&amp;&gt;ol]:!pb-0 [&amp;&gt;ul]:!pt-0 [&amp;&gt;ul]:!pb-0\" value=\"4\"><b><strong class=\"font-bold\">Flavor Galore<\/strong><\/b>: 12 thrilling flavors to match your every mood. What\u2019s on your flavor playlist today?<\/li>\n<li class=\"text-body font-regular leading-[24px] my-[5px] [&amp;&gt;ol]:!pt-0 [&amp;&gt;ol]:!pb-0 [&amp;&gt;ul]:!pt-0 [&amp;&gt;ul]:!pb-0\" value=\"5\"><b><strong class=\"font-bold\">Recharge and Go<\/strong><\/b>: Never cut a session short! With a <i><em class=\"italic\">650mAh rechargeable battery<\/em><\/i> and USB charging, you\u2019re covered.<\/li>\n<li class=\"text-body font-regular leading-[24px] my-[5px] [&amp;&gt;ol]:!pt-0 [&amp;&gt;ol]:!pb-0 [&amp;&gt;ul]:!pt-0 [&amp;&gt;ul]:!pb-0\" value=\"6\"><b><strong class=\"font-bold\">Mesh Coil Magic<\/strong><\/b>: Ultra-smooth hits + bolder flavors = perfection in every puff.<\/li>\n<li class=\"text-body font-regular leading-[24px] my-[5px] [&amp;&gt;ol]:!pt-0 [&amp;&gt;ol]:!pb-0 [&amp;&gt;ul]:!pt-0 [&amp;&gt;ul]:!pb-0\" value=\"7\"><b><strong class=\"font-bold\">RGB Lights<\/strong><\/b>: Add some excitement\u2014watch it light up while you puff!<\/li>\n<li class=\"text-body font-regular leading-[24px] my-[5px] [&amp;&gt;ol]:!pt-0 [&amp;&gt;ol]:!pb-0 [&amp;&gt;ul]:!pt-0 [&amp;&gt;ul]:!pb-0\" value=\"8\"><b><strong class=\"font-bold\">Tornado Design<\/strong><\/b>: Sleek, powerful, unforgettable. Tornado vibes all the way.<\/li>\n<li class=\"text-body font-regular leading-[24px] my-[5px] [&amp;&gt;ol]:!pt-0 [&amp;&gt;ol]:!pb-0 [&amp;&gt;ul]:!pt-0 [&amp;&gt;ul]:!pb-0\" value=\"9\"><b><strong class=\"font-bold\">Built to Last<\/strong><\/b>: Durable, reliable, and all about premium performance.<\/li>\n<li class=\"text-body font-regular leading-[24px] my-[5px] [&amp;&gt;ol]:!pt-0 [&amp;&gt;ol]:!pb-0 [&amp;&gt;ul]:!pt-0 [&amp;&gt;ul]:!pb-0\" value=\"10\"><b><strong class=\"font-bold\">Bulk Up!<\/strong><\/b> Each box comes with 10 pieces\u2014perfect for stocking up or sharing.<\/li>\n<\/ul>\n<h3 class=\"drawer-header mb-200 text-style-body-lg-500 text-info\">What&#8217;s Included<\/h3>\n<p>1 * Cloud Bar Miracle 9000<\/p>\n<h3><span style=\"color: #000000;\">Flavor List<\/span><\/h3>\n<p><strong><span style=\"color: #000000;\">1.Blueberry Raspberry<\/span><\/strong><br \/>\n<strong><span style=\"color: #000000;\">2.Mr Blue<\/span><\/strong><br \/>\n<strong><span style=\"color: #000000;\">3.Strawberry Watermelon<\/span><\/strong><br \/>\n<strong><span style=\"color: #000000;\">4.Peachy Mango Pineapple<\/span><\/strong><br \/>\n<strong><span style=\"color: #000000;\">5.Lush Ice<\/span><\/strong><br \/>\n<strong><span style=\"color: #000000;\">6.Mixed Berries<\/span><\/strong><br \/>\n<strong><span style=\"color: #000000;\">7.Strawberry Ice<\/span><\/strong><br \/>\n<strong><span style=\"color: #000000;\">8.Blue Razz Ice<\/span><\/strong><br \/>\n<strong><span style=\"color: #000000;\">9.Black Dragon Ice<\/span><\/strong><br \/>\n<strong><span style=\"color: #000000;\">10.Peach Ice<\/span><\/strong><br \/>\n<strong><span style=\"color: #000000;\">11.Cherry<\/span><\/strong><br \/>\n<strong><span style=\"color: #000000;\">12.Strawberry Raspberry Cherry Ice<\/span><\/strong><\/p>\n","protected":false},"excerpt":{"rendered":"<ul>\n<li>9000 puffs<\/li>\n<li>12 saveurs<\/li>\n<li>650mAh<\/li>\n<li>\u00a02%\/3%\/5% Nicotine<\/li>\n<li>18mL de liquide rempli<\/li>\n<li>Lumi\u00e8res RVB<\/li>\n<li>1 bo\u00eete de 10 pi\u00e8ces<\/li>\n<\/ul>","protected":false},"featured_media":28735,"comment_status":"open","ping_status":"closed","template":"","meta":[],"product_brand":[],"product_cat":[201,216,236],"product_tag":[],"class_list":{"0":"post-21429","1":"product","2":"type-product","3":"status-publish","4":"has-post-thumbnail","6":"product_cat-rechargeable-vapes","7":"product_cat-tornado-vape","8":"product_cat-cloud-bar","10":"first","11":"instock","12":"shipping-taxable","13":"purchasable","14":"product-type-variable"},"yoast_head":"<!-- This site is optimized with the Yoast SEO Premium plugin v24.0 (Yoast SEO v26.0) - https:\/\/yoast.com\/wordpress\/plugins\/seo\/ -->\n<title>Cloud Bar Miracle 9000 Disposable Vape 9K Puffs 18ML | geekvapor<\/title>\n<meta name=\"description\" content=\"Get 9k puffs with the Cloud Bar Miracle 9000 Disposable Vape. Features 18mL pods, adjustable nicotine, mesh coil hits, RGB lights &amp; 12 bold flavors.\" \/>\n<meta name=\"robots\" content=\"index, follow, max-snippet:-1, max-image-preview:large, max-video-preview:-1\" \/>\n<link rel=\"canonical\" href=\"https:\/\/geekvapor.com\/fr\/product\/cloud-bar-miracle-9000-disposable-vape-9k-puffs-18ml\/\" \/>\n<meta property=\"og:locale\" content=\"fr_FR\" \/>\n<meta property=\"og:type\" content=\"article\" \/>\n<meta property=\"og:title\" content=\"Cloud Bar Miracle 9000 Disposable Vape 9K Puffs 18ML\" \/>\n<meta property=\"og:description\" content=\"Get 9k puffs with the Cloud Bar Miracle 9000 Disposable Vape. Features 18mL pods, adjustable nicotine, mesh coil hits, RGB lights &amp; 12 bold flavors.\" \/>\n<meta property=\"og:url\" content=\"https:\/\/geekvapor.com\/fr\/product\/cloud-bar-miracle-9000-disposable-vape-9k-puffs-18ml\/\" \/>\n<meta property=\"og:site_name\" content=\"geekvapor\" \/>\n<meta property=\"article:modified_time\" content=\"2025-01-14T07:16:36+00:00\" \/>\n<meta property=\"og:image\" content=\"https:\/\/geekvapor.com\/wp-content\/uploads\/2024\/12\/Cloud-Bar-Miracle-9000-Disposable-Vape-9K-Puffs-18ML.webp\" \/>\n\t<meta property=\"og:image:width\" content=\"1000\" \/>\n\t<meta property=\"og:image:height\" content=\"1000\" \/>\n\t<meta property=\"og:image:type\" content=\"image\/webp\" \/>\n<meta name=\"twitter:card\" content=\"summary_large_image\" \/>\n<meta name=\"twitter:label1\" content=\"Dur\u00e9e de lecture estim\u00e9e\" \/>\n\t<meta name=\"twitter:data1\" content=\"2 minutes\" \/>\n<script type=\"application\/ld+json\" class=\"yoast-schema-graph\">{\"@context\":\"https:\/\/schema.org\",\"@graph\":[{\"@type\":\"WebPage\",\"@id\":\"https:\/\/geekvapor.com\/product\/cloud-bar-miracle-9000-disposable-vape-9k-puffs-18ml\/\",\"url\":\"https:\/\/geekvapor.com\/product\/cloud-bar-miracle-9000-disposable-vape-9k-puffs-18ml\/\",\"name\":\"Cloud Bar Miracle 9000 Disposable Vape 9K Puffs 18ML | geekvapor\",\"isPartOf\":{\"@id\":\"https:\/\/geekvapor.com\/#website\"},\"primaryImageOfPage\":{\"@id\":\"https:\/\/geekvapor.com\/product\/cloud-bar-miracle-9000-disposable-vape-9k-puffs-18ml\/#primaryimage\"},\"image\":{\"@id\":\"https:\/\/geekvapor.com\/product\/cloud-bar-miracle-9000-disposable-vape-9k-puffs-18ml\/#primaryimage\"},\"thumbnailUrl\":\"https:\/\/geekvapor.com\/wp-content\/uploads\/2024\/12\/Cloud-Bar-Miracle-9000-Disposable-Vape-9K-Puffs-18ML.webp\",\"datePublished\":\"2024-12-13T13:26:57+00:00\",\"dateModified\":\"2025-01-14T07:16:36+00:00\",\"description\":\"Get 9k puffs with the Cloud Bar Miracle 9000 Disposable Vape. Features 18mL pods, adjustable nicotine, mesh coil hits, RGB lights & 12 bold flavors.\",\"breadcrumb\":{\"@id\":\"https:\/\/geekvapor.com\/product\/cloud-bar-miracle-9000-disposable-vape-9k-puffs-18ml\/#breadcrumb\"},\"inLanguage\":\"fr-FR\",\"potentialAction\":[{\"@type\":\"ReadAction\",\"target\":[\"https:\/\/geekvapor.com\/product\/cloud-bar-miracle-9000-disposable-vape-9k-puffs-18ml\/\"]}]},{\"@type\":\"ImageObject\",\"inLanguage\":\"fr-FR\",\"@id\":\"https:\/\/geekvapor.com\/product\/cloud-bar-miracle-9000-disposable-vape-9k-puffs-18ml\/#primaryimage\",\"url\":\"https:\/\/geekvapor.com\/wp-content\/uploads\/2024\/12\/Cloud-Bar-Miracle-9000-Disposable-Vape-9K-Puffs-18ML.webp\",\"contentUrl\":\"https:\/\/geekvapor.com\/wp-content\/uploads\/2024\/12\/Cloud-Bar-Miracle-9000-Disposable-Vape-9K-Puffs-18ML.webp\",\"width\":1000,\"height\":1000,\"caption\":\"Cloud Bar Miracle 9000 Disposable Vape 9K Puffs 18ML\"},{\"@type\":\"BreadcrumbList\",\"@id\":\"https:\/\/geekvapor.com\/product\/cloud-bar-miracle-9000-disposable-vape-9k-puffs-18ml\/#breadcrumb\",\"itemListElement\":[{\"@type\":\"ListItem\",\"position\":1,\"name\":\"\u9996\u9875\",\"item\":\"https:\/\/geekvapor.com\/\"},{\"@type\":\"ListItem\",\"position\":2,\"name\":\"Shop\",\"item\":\"https:\/\/geekvapor.com\/shop\/\"},{\"@type\":\"ListItem\",\"position\":3,\"name\":\"Cloud Bar Miracle 9000 Disposable Vape 9K Puffs 18ML\"}]},{\"@type\":\"WebSite\",\"@id\":\"https:\/\/geekvapor.com\/#website\",\"url\":\"https:\/\/geekvapor.com\/\",\"name\":\"geekvapor\",\"description\":\"\",\"potentialAction\":[{\"@type\":\"SearchAction\",\"target\":{\"@type\":\"EntryPoint\",\"urlTemplate\":\"https:\/\/geekvapor.com\/?s={search_term_string}\"},\"query-input\":{\"@type\":\"PropertyValueSpecification\",\"valueRequired\":true,\"valueName\":\"search_term_string\"}}],\"inLanguage\":\"fr-FR\"}]}<\/script>\n<!-- \/ Yoast SEO Premium plugin. -->","yoast_head_json":{"title":"Cloud Bar Miracle 9000 Vape 9K Puffs 18ML | geekvapor","description":"Obtenez 9k puffs avec le Cloud Bar Miracle 9000 Vape jetable. Comprend des dosettes de 18 ml, un r\u00e9glage de la nicotine, des bobines \u00e0 mailles, des lumi\u00e8res RVB et 12 saveurs audacieuses.","robots":{"index":"index","follow":"follow","max-snippet":"max-snippet:-1","max-image-preview":"max-image-preview:large","max-video-preview":"max-video-preview:-1"},"canonical":"https:\/\/geekvapor.com\/fr\/product\/cloud-bar-miracle-9000-disposable-vape-9k-puffs-18ml\/","og_locale":"fr_FR","og_type":"article","og_title":"Cloud Bar Miracle 9000 Disposable Vape 9K Puffs 18ML","og_description":"Get 9k puffs with the Cloud Bar Miracle 9000 Disposable Vape. Features 18mL pods, adjustable nicotine, mesh coil hits, RGB lights & 12 bold flavors.","og_url":"https:\/\/geekvapor.com\/fr\/product\/cloud-bar-miracle-9000-disposable-vape-9k-puffs-18ml\/","og_site_name":"geekvapor","article_modified_time":"2025-01-14T07:16:36+00:00","og_image":[{"width":1000,"height":1000,"url":"https:\/\/geekvapor.com\/wp-content\/uploads\/2024\/12\/Cloud-Bar-Miracle-9000-Disposable-Vape-9K-Puffs-18ML.webp","type":"image\/webp"}],"twitter_card":"summary_large_image","twitter_misc":{"Dur\u00e9e de lecture estim\u00e9e":"2 minutes"},"schema":{"@context":"https:\/\/schema.org","@graph":[{"@type":"WebPage","@id":"https:\/\/geekvapor.com\/product\/cloud-bar-miracle-9000-disposable-vape-9k-puffs-18ml\/","url":"https:\/\/geekvapor.com\/product\/cloud-bar-miracle-9000-disposable-vape-9k-puffs-18ml\/","name":"Cloud Bar Miracle 9000 Vape 9K Puffs 18ML | geekvapor","isPartOf":{"@id":"https:\/\/geekvapor.com\/#website"},"primaryImageOfPage":{"@id":"https:\/\/geekvapor.com\/product\/cloud-bar-miracle-9000-disposable-vape-9k-puffs-18ml\/#primaryimage"},"image":{"@id":"https:\/\/geekvapor.com\/product\/cloud-bar-miracle-9000-disposable-vape-9k-puffs-18ml\/#primaryimage"},"thumbnailUrl":"https:\/\/geekvapor.com\/wp-content\/uploads\/2024\/12\/Cloud-Bar-Miracle-9000-Disposable-Vape-9K-Puffs-18ML.webp","datePublished":"2024-12-13T13:26:57+00:00","dateModified":"2025-01-14T07:16:36+00:00","description":"Obtenez 9k puffs avec le Cloud Bar Miracle 9000 Vape jetable. Comprend des dosettes de 18 ml, un r\u00e9glage de la nicotine, des bobines \u00e0 mailles, des lumi\u00e8res RVB et 12 saveurs audacieuses.","breadcrumb":{"@id":"https:\/\/geekvapor.com\/product\/cloud-bar-miracle-9000-disposable-vape-9k-puffs-18ml\/#breadcrumb"},"inLanguage":"fr-FR","potentialAction":[{"@type":"ReadAction","target":["https:\/\/geekvapor.com\/product\/cloud-bar-miracle-9000-disposable-vape-9k-puffs-18ml\/"]}]},{"@type":"ImageObject","inLanguage":"fr-FR","@id":"https:\/\/geekvapor.com\/product\/cloud-bar-miracle-9000-disposable-vape-9k-puffs-18ml\/#primaryimage","url":"https:\/\/geekvapor.com\/wp-content\/uploads\/2024\/12\/Cloud-Bar-Miracle-9000-Disposable-Vape-9K-Puffs-18ML.webp","contentUrl":"https:\/\/geekvapor.com\/wp-content\/uploads\/2024\/12\/Cloud-Bar-Miracle-9000-Disposable-Vape-9K-Puffs-18ML.webp","width":1000,"height":1000,"caption":"Cloud Bar Miracle 9000 Disposable Vape 9K Puffs 18ML"},{"@type":"BreadcrumbList","@id":"https:\/\/geekvapor.com\/product\/cloud-bar-miracle-9000-disposable-vape-9k-puffs-18ml\/#breadcrumb","itemListElement":[{"@type":"ListItem","position":1,"name":"\u9996\u9875","item":"https:\/\/geekvapor.com\/"},{"@type":"ListItem","position":2,"name":"Shop","item":"https:\/\/geekvapor.com\/shop\/"},{"@type":"ListItem","position":3,"name":"Cloud Bar Miracle 9000 Disposable Vape 9K Puffs 18ML"}]},{"@type":"WebSite","@id":"https:\/\/geekvapor.com\/#website","url":"https:\/\/geekvapor.com\/","name":"geekvapor","description":"","potentialAction":[{"@type":"SearchAction","target":{"@type":"EntryPoint","urlTemplate":"https:\/\/geekvapor.com\/?s={search_term_string}"},"query-input":{"@type":"PropertyValueSpecification","valueRequired":true,"valueName":"search_term_string"}}],"inLanguage":"fr-FR"}]}},"tiered_pricing_type":"fixed","tiered_pricing_fixed_rules":{"30":"9.5","50":"7.9","100":"7.2","200":"6.8","400":"6.5"},"tiered_pricing_percentage_rules":[],"tiered_pricing_minimum":10,"tiered_pricing_roles_data":[],"_links":{"self":[{"href":"https:\/\/geekvapor.com\/fr\/wp-json\/wp\/v2\/product\/21429","targetHints":{"allow":["GET"]}}],"collection":[{"href":"https:\/\/geekvapor.com\/fr\/wp-json\/wp\/v2\/product"}],"about":[{"href":"https:\/\/geekvapor.com\/fr\/wp-json\/wp\/v2\/types\/product"}],"replies":[{"embeddable":true,"href":"https:\/\/geekvapor.com\/fr\/wp-json\/wp\/v2\/comments?post=21429"}],"wp:featuredmedia":[{"embeddable":true,"href":"https:\/\/geekvapor.com\/fr\/wp-json\/wp\/v2\/media\/28735"}],"wp:attachment":[{"href":"https:\/\/geekvapor.com\/fr\/wp-json\/wp\/v2\/media?parent=21429"}],"wp:term":[{"taxonomy":"product_brand","embeddable":true,"href":"https:\/\/geekvapor.com\/fr\/wp-json\/wp\/v2\/product_brand?post=21429"},{"taxonomy":"product_cat","embeddable":true,"href":"https:\/\/geekvapor.com\/fr\/wp-json\/wp\/v2\/product_cat?post=21429"},{"taxonomy":"product_tag","embeddable":true,"href":"https:\/\/geekvapor.com\/fr\/wp-json\/wp\/v2\/product_tag?post=21429"}],"curies":[{"name":"wp","href":"https:\/\/api.w.org\/{rel}","templated":true}]}}