{"id":20681,"date":"2024-12-13T13:25:11","date_gmt":"2024-12-13T13:25:11","guid":{"rendered":"https:\/\/geekvapor.com\/?post_type=product&#038;p=20681"},"modified":"2025-01-14T07:13:41","modified_gmt":"2025-01-14T07:13:41","slug":"bang-box-9000-disposable-vape-9k-puffs-16ml","status":"publish","type":"product","link":"https:\/\/geekvapor.com\/fr\/product\/bang-box-9000-disposable-vape-9k-puffs-16ml\/","title":{"rendered":"Bang Box 9000 Vape jetable 9K Puffs 16ML"},"content":{"rendered":"<h2 class=\"font-bold text-h3 leading-[40px] pt-[21px] pb-[2px] [&amp;_a]:underline-offset-[6px] [&amp;_.underline]:underline-offset-[6px]\" dir=\"ltr\" style=\"text-align: center;\"><span style=\"color: #83b828;\">Bang Box 9000 Disposable Vape<\/span><\/h2>\n<p><a href=\"https:\/\/geekvapor.com\/product-category\/vape-brands\/bang\/\">Bang<\/a> Box 9000 Disposable Vape delivers 9k puffs of pure satisfaction. With a 14mL pod, 12 bold flavors, adjustable nicotine options, and a rechargeable 650mAh battery, it\u2019s designed for convenience and style. Sleek, compact, and effortless\u2014vape smarter, not harder.<\/p>\n<h3 class=\"font-bold text-h3 leading-[40px] pt-[21px] pb-[2px] [&amp;_a]:underline-offset-[6px] [&amp;_.underline]:underline-offset-[6px]\" dir=\"ltr\">Bang Box 9000 Disposable Vape <a href=\"https:\/\/geekvapor.com\/product-category\/puff-vape\/9000-puffs\/\">9K Puffs<\/a> Features<\/h3>\n<ul class=\"pt-[9px] pb-[2px] pl-[24px] list-disc [&amp;_ul]:pt-[5px] pt-[5px]\">\n<li class=\"text-body font-regular leading-[24px] my-[5px] [&amp;&gt;ol]:!pt-0 [&amp;&gt;ol]:!pb-0 [&amp;&gt;ul]:!pt-0 [&amp;&gt;ul]:!pb-0\" value=\"1\"><b><strong class=\"font-bold\">Puff Power:<\/strong><\/b> With up to 9,000 puffs per device, you&#8217;re in it for the long haul.<\/li>\n<li class=\"text-body font-regular leading-[24px] my-[5px] [&amp;&gt;ol]:!pt-0 [&amp;&gt;ol]:!pb-0 [&amp;&gt;ul]:!pt-0 [&amp;&gt;ul]:!pb-0\" value=\"2\"><b><strong class=\"font-bold\">Mega Capacity:<\/strong><\/b> A massive 14mL pod means fewer refills, more smooth sessions.<\/li>\n<li class=\"text-body font-regular leading-[24px] my-[5px] [&amp;&gt;ol]:!pt-0 [&amp;&gt;ol]:!pb-0 [&amp;&gt;ul]:!pt-0 [&amp;&gt;ul]:!pb-0\" value=\"3\"><b><strong class=\"font-bold\">Flavor Heaven:<\/strong><\/b> Choose from 12 killer flavors to satisfy any craving.<\/li>\n<li class=\"text-body font-regular leading-[24px] my-[5px] [&amp;&gt;ol]:!pt-0 [&amp;&gt;ol]:!pb-0 [&amp;&gt;ul]:!pt-0 [&amp;&gt;ul]:!pb-0\" value=\"4\"><b><strong class=\"font-bold\">Nicotine, Your Way:<\/strong><\/b> Available in 0%, 2%, 3%, and 5%\u2014you\u2019re the boss.<\/li>\n<li class=\"text-body font-regular leading-[24px] my-[5px] [&amp;&gt;ol]:!pt-0 [&amp;&gt;ol]:!pb-0 [&amp;&gt;ul]:!pt-0 [&amp;&gt;ul]:!pb-0\" value=\"5\"><b><strong class=\"font-bold\">Next-Level Mesh Coil:<\/strong><\/b> Smooth hits, bold flavor\u2014every puff is perfection.<\/li>\n<li class=\"text-body font-regular leading-[24px] my-[5px] [&amp;&gt;ol]:!pt-0 [&amp;&gt;ol]:!pb-0 [&amp;&gt;ul]:!pt-0 [&amp;&gt;ul]:!pb-0\" value=\"6\"><b><strong class=\"font-bold\">Recharge On-the-Go:<\/strong><\/b> Powered by a 650mAh rechargeable battery with Type-C fast charging\u2014less waiting, more vaping.<\/li>\n<li class=\"text-body font-regular leading-[24px] my-[5px] [&amp;&gt;ol]:!pt-0 [&amp;&gt;ol]:!pb-0 [&amp;&gt;ul]:!pt-0 [&amp;&gt;ul]:!pb-0\" value=\"7\"><b><strong class=\"font-bold\">Pocket-Perfect Design:<\/strong><\/b> Lightweight and compact, ready to tag along wherever you go.<\/li>\n<li class=\"text-body font-regular leading-[24px] my-[5px] [&amp;&gt;ol]:!pt-0 [&amp;&gt;ol]:!pb-0 [&amp;&gt;ul]:!pt-0 [&amp;&gt;ul]:!pb-0\" value=\"8\"><b><strong class=\"font-bold\">Style Points:<\/strong><\/b> Sleek crystal design\u2014you\u2019ll look as good as your vape tastes.<\/li>\n<li class=\"text-body font-regular leading-[24px] my-[5px] [&amp;&gt;ol]:!pt-0 [&amp;&gt;ol]:!pb-0 [&amp;&gt;ul]:!pt-0 [&amp;&gt;ul]:!pb-0\" value=\"9\"><b><strong class=\"font-bold\">No Fuss, All Fun:<\/strong><\/b> No setup fuss\u2014just open, vape, recharge, repeat.<\/li>\n<li class=\"text-body font-regular leading-[24px] my-[5px] [&amp;&gt;ol]:!pt-0 [&amp;&gt;ol]:!pb-0 [&amp;&gt;ul]:!pt-0 [&amp;&gt;ul]:!pb-0\" value=\"10\"><b><strong class=\"font-bold\">Bulk Up &amp; Share:<\/strong><\/b> Each box comes with 10 units, perfect for personal stockpiling or sharing the love.<\/li>\n<\/ul>\n<p class=\"text-body font-regular leading-[24px] pt-[9px] pb-[2px]\" dir=\"ltr\">Don\u2019t wait\u2014grab yours today and take your vape game to a whole new level! \ud83d\ude80<\/p>\n<h3 class=\"drawer-header mb-200 text-style-body-lg-500 text-info\">What&#8217;s Included<\/h3>\n<p>1 * Bang Box 9000<\/p>\n<h3><span style=\"color: #000000;\"><strong><b>Flavor List<\/b><\/strong><\/span><\/h3>\n<p><span style=\"color: #000000;\"><strong>1.Gummy Bear<\/strong><\/span><br \/>\n<span style=\"color: #000000;\"><strong>2.Strawberry Ice Cream<\/strong><\/span><br \/>\n<span style=\"color: #000000;\"><strong>3.Peach Mango<\/strong><\/span><br \/>\n<span style=\"color: #000000;\"><strong>4.Triple Berry Ice<\/strong><\/span><br \/>\n<span style=\"color: #000000;\"><strong>5.Strawberry Banana<\/strong><\/span><br \/>\n<span style=\"color: #000000;\"><strong>6.Lush Ice<\/strong><\/span><br \/>\n<span style=\"color: #000000;\"><strong>7.Blue Razz Ice<\/strong><\/span><br \/>\n<span style=\"color: #000000;\"><strong>8.Tropical Fruit<\/strong><\/span><br \/>\n<span style=\"color: #000000;\"><strong>9.Aloe Grape<\/strong><\/span><br \/>\n<span style=\"color: #000000;\"><strong>10.Peach Ice<\/strong><\/span><br \/>\n<span style=\"color: #000000;\"><strong>11.Strawberry Lychee<\/strong><\/span><br \/>\n<span style=\"color: #000000;\"><strong>12.Cool MInt<\/strong><\/span><\/p>\n","protected":false},"excerpt":{"rendered":"<div class=\"woocommerce-product-details__short-description\">\n<ul>\n<li>9000 puffs<\/li>\n<li>12 saveurs<\/li>\n<li>650mAh<\/li>\n<li>0%\/2%\/3%\/5%Nicotine<\/li>\n<li>14mL<\/li>\n<li>1 bo\u00eete de 10 pi\u00e8ces<\/li>\n<\/ul>\n<\/div>","protected":false},"featured_media":28612,"comment_status":"open","ping_status":"closed","template":"","meta":[],"product_brand":[],"product_cat":[211,201,223,196],"product_tag":[],"class_list":{"0":"post-20681","1":"product","2":"type-product","3":"status-publish","4":"has-post-thumbnail","6":"product_cat-crystal-vape","7":"product_cat-rechargeable-vapes","8":"product_cat-9000-puffs","9":"product_cat-bang","11":"first","12":"instock","13":"shipping-taxable","14":"purchasable","15":"product-type-variable"},"yoast_head":"<!-- This site is optimized with the Yoast SEO Premium plugin v24.0 (Yoast SEO v26.0) - https:\/\/yoast.com\/wordpress\/plugins\/seo\/ -->\n<title>Bang Box 9000 Disposable Vape 9K Puffs 16ML | geekvapor<\/title>\n<meta name=\"description\" content=\"Discover the Bang Box 9000 Disposable Vape\u20149k puffs, 12 bold flavors, adjustable nicotine, &amp; rechargeable battery. Vape smarter. Order yours today!\" \/>\n<meta name=\"robots\" content=\"index, follow, max-snippet:-1, max-image-preview:large, max-video-preview:-1\" \/>\n<link rel=\"canonical\" href=\"https:\/\/geekvapor.com\/fr\/product\/bang-box-9000-disposable-vape-9k-puffs-16ml\/\" \/>\n<meta property=\"og:locale\" content=\"fr_FR\" \/>\n<meta property=\"og:type\" content=\"article\" \/>\n<meta property=\"og:title\" content=\"Bang Box 9000 Disposable Vape 9K Puffs 16ML\" \/>\n<meta property=\"og:description\" content=\"Discover the Bang Box 9000 Disposable Vape\u20149k puffs, 12 bold flavors, adjustable nicotine, &amp; rechargeable battery. Vape smarter. Order yours today!\" \/>\n<meta property=\"og:url\" content=\"https:\/\/geekvapor.com\/fr\/product\/bang-box-9000-disposable-vape-9k-puffs-16ml\/\" \/>\n<meta property=\"og:site_name\" content=\"geekvapor\" \/>\n<meta property=\"article:modified_time\" content=\"2025-01-14T07:13:41+00:00\" \/>\n<meta property=\"og:image\" content=\"https:\/\/geekvapor.com\/wp-content\/uploads\/2024\/12\/Bang-Box-9000-Disposable-Vape-9K-Puffs-16ML.webp\" \/>\n\t<meta property=\"og:image:width\" content=\"1000\" \/>\n\t<meta property=\"og:image:height\" content=\"1000\" \/>\n\t<meta property=\"og:image:type\" content=\"image\/webp\" \/>\n<meta name=\"twitter:card\" content=\"summary_large_image\" \/>\n<meta name=\"twitter:label1\" content=\"Dur\u00e9e de lecture estim\u00e9e\" \/>\n\t<meta name=\"twitter:data1\" content=\"2 minutes\" \/>\n<script type=\"application\/ld+json\" class=\"yoast-schema-graph\">{\"@context\":\"https:\/\/schema.org\",\"@graph\":[{\"@type\":\"WebPage\",\"@id\":\"https:\/\/geekvapor.com\/product\/bang-box-9000-disposable-vape-9k-puffs-16ml\/\",\"url\":\"https:\/\/geekvapor.com\/product\/bang-box-9000-disposable-vape-9k-puffs-16ml\/\",\"name\":\"Bang Box 9000 Disposable Vape 9K Puffs 16ML | geekvapor\",\"isPartOf\":{\"@id\":\"https:\/\/geekvapor.com\/#website\"},\"primaryImageOfPage\":{\"@id\":\"https:\/\/geekvapor.com\/product\/bang-box-9000-disposable-vape-9k-puffs-16ml\/#primaryimage\"},\"image\":{\"@id\":\"https:\/\/geekvapor.com\/product\/bang-box-9000-disposable-vape-9k-puffs-16ml\/#primaryimage\"},\"thumbnailUrl\":\"https:\/\/geekvapor.com\/wp-content\/uploads\/2024\/12\/Bang-Box-9000-Disposable-Vape-9K-Puffs-16ML.webp\",\"datePublished\":\"2024-12-13T13:25:11+00:00\",\"dateModified\":\"2025-01-14T07:13:41+00:00\",\"description\":\"Discover the Bang Box 9000 Disposable Vape\u20149k puffs, 12 bold flavors, adjustable nicotine, & rechargeable battery. Vape smarter. Order yours today!\",\"breadcrumb\":{\"@id\":\"https:\/\/geekvapor.com\/product\/bang-box-9000-disposable-vape-9k-puffs-16ml\/#breadcrumb\"},\"inLanguage\":\"fr-FR\",\"potentialAction\":[{\"@type\":\"ReadAction\",\"target\":[\"https:\/\/geekvapor.com\/product\/bang-box-9000-disposable-vape-9k-puffs-16ml\/\"]}]},{\"@type\":\"ImageObject\",\"inLanguage\":\"fr-FR\",\"@id\":\"https:\/\/geekvapor.com\/product\/bang-box-9000-disposable-vape-9k-puffs-16ml\/#primaryimage\",\"url\":\"https:\/\/geekvapor.com\/wp-content\/uploads\/2024\/12\/Bang-Box-9000-Disposable-Vape-9K-Puffs-16ML.webp\",\"contentUrl\":\"https:\/\/geekvapor.com\/wp-content\/uploads\/2024\/12\/Bang-Box-9000-Disposable-Vape-9K-Puffs-16ML.webp\",\"width\":1000,\"height\":1000,\"caption\":\"Bang Box 9000 Disposable Vape 9K Puffs 16ML\"},{\"@type\":\"BreadcrumbList\",\"@id\":\"https:\/\/geekvapor.com\/product\/bang-box-9000-disposable-vape-9k-puffs-16ml\/#breadcrumb\",\"itemListElement\":[{\"@type\":\"ListItem\",\"position\":1,\"name\":\"\u9996\u9875\",\"item\":\"https:\/\/geekvapor.com\/\"},{\"@type\":\"ListItem\",\"position\":2,\"name\":\"Shop\",\"item\":\"https:\/\/geekvapor.com\/shop\/\"},{\"@type\":\"ListItem\",\"position\":3,\"name\":\"Bang Box 9000 Disposable Vape 9K Puffs 16ML\"}]},{\"@type\":\"WebSite\",\"@id\":\"https:\/\/geekvapor.com\/#website\",\"url\":\"https:\/\/geekvapor.com\/\",\"name\":\"geekvapor\",\"description\":\"\",\"potentialAction\":[{\"@type\":\"SearchAction\",\"target\":{\"@type\":\"EntryPoint\",\"urlTemplate\":\"https:\/\/geekvapor.com\/?s={search_term_string}\"},\"query-input\":{\"@type\":\"PropertyValueSpecification\",\"valueRequired\":true,\"valueName\":\"search_term_string\"}}],\"inLanguage\":\"fr-FR\"}]}<\/script>\n<!-- \/ Yoast SEO Premium plugin. -->","yoast_head_json":{"title":"Bang Box 9000 Vape 9K Puffs 16ML | geekvapor","description":"D\u00e9couvrez la Bang Box 9000 Vape jetable - 9k puffs, 12 saveurs audacieuses, nicotine r\u00e9glable et batterie rechargeable. Vapez plus intelligemment. Commandez la v\u00f4tre d\u00e8s aujourd'hui !","robots":{"index":"index","follow":"follow","max-snippet":"max-snippet:-1","max-image-preview":"max-image-preview:large","max-video-preview":"max-video-preview:-1"},"canonical":"https:\/\/geekvapor.com\/fr\/product\/bang-box-9000-disposable-vape-9k-puffs-16ml\/","og_locale":"fr_FR","og_type":"article","og_title":"Bang Box 9000 Disposable Vape 9K Puffs 16ML","og_description":"Discover the Bang Box 9000 Disposable Vape\u20149k puffs, 12 bold flavors, adjustable nicotine, & rechargeable battery. Vape smarter. Order yours today!","og_url":"https:\/\/geekvapor.com\/fr\/product\/bang-box-9000-disposable-vape-9k-puffs-16ml\/","og_site_name":"geekvapor","article_modified_time":"2025-01-14T07:13:41+00:00","og_image":[{"width":1000,"height":1000,"url":"https:\/\/geekvapor.com\/wp-content\/uploads\/2024\/12\/Bang-Box-9000-Disposable-Vape-9K-Puffs-16ML.webp","type":"image\/webp"}],"twitter_card":"summary_large_image","twitter_misc":{"Dur\u00e9e de lecture estim\u00e9e":"2 minutes"},"schema":{"@context":"https:\/\/schema.org","@graph":[{"@type":"WebPage","@id":"https:\/\/geekvapor.com\/product\/bang-box-9000-disposable-vape-9k-puffs-16ml\/","url":"https:\/\/geekvapor.com\/product\/bang-box-9000-disposable-vape-9k-puffs-16ml\/","name":"Bang Box 9000 Vape 9K Puffs 16ML | geekvapor","isPartOf":{"@id":"https:\/\/geekvapor.com\/#website"},"primaryImageOfPage":{"@id":"https:\/\/geekvapor.com\/product\/bang-box-9000-disposable-vape-9k-puffs-16ml\/#primaryimage"},"image":{"@id":"https:\/\/geekvapor.com\/product\/bang-box-9000-disposable-vape-9k-puffs-16ml\/#primaryimage"},"thumbnailUrl":"https:\/\/geekvapor.com\/wp-content\/uploads\/2024\/12\/Bang-Box-9000-Disposable-Vape-9K-Puffs-16ML.webp","datePublished":"2024-12-13T13:25:11+00:00","dateModified":"2025-01-14T07:13:41+00:00","description":"D\u00e9couvrez la Bang Box 9000 Vape jetable - 9k puffs, 12 saveurs audacieuses, nicotine r\u00e9glable et batterie rechargeable. Vapez plus intelligemment. Commandez la v\u00f4tre d\u00e8s aujourd'hui !","breadcrumb":{"@id":"https:\/\/geekvapor.com\/product\/bang-box-9000-disposable-vape-9k-puffs-16ml\/#breadcrumb"},"inLanguage":"fr-FR","potentialAction":[{"@type":"ReadAction","target":["https:\/\/geekvapor.com\/product\/bang-box-9000-disposable-vape-9k-puffs-16ml\/"]}]},{"@type":"ImageObject","inLanguage":"fr-FR","@id":"https:\/\/geekvapor.com\/product\/bang-box-9000-disposable-vape-9k-puffs-16ml\/#primaryimage","url":"https:\/\/geekvapor.com\/wp-content\/uploads\/2024\/12\/Bang-Box-9000-Disposable-Vape-9K-Puffs-16ML.webp","contentUrl":"https:\/\/geekvapor.com\/wp-content\/uploads\/2024\/12\/Bang-Box-9000-Disposable-Vape-9K-Puffs-16ML.webp","width":1000,"height":1000,"caption":"Bang Box 9000 Disposable Vape 9K Puffs 16ML"},{"@type":"BreadcrumbList","@id":"https:\/\/geekvapor.com\/product\/bang-box-9000-disposable-vape-9k-puffs-16ml\/#breadcrumb","itemListElement":[{"@type":"ListItem","position":1,"name":"\u9996\u9875","item":"https:\/\/geekvapor.com\/"},{"@type":"ListItem","position":2,"name":"Shop","item":"https:\/\/geekvapor.com\/shop\/"},{"@type":"ListItem","position":3,"name":"Bang Box 9000 Disposable Vape 9K Puffs 16ML"}]},{"@type":"WebSite","@id":"https:\/\/geekvapor.com\/#website","url":"https:\/\/geekvapor.com\/","name":"geekvapor","description":"","potentialAction":[{"@type":"SearchAction","target":{"@type":"EntryPoint","urlTemplate":"https:\/\/geekvapor.com\/?s={search_term_string}"},"query-input":{"@type":"PropertyValueSpecification","valueRequired":true,"valueName":"search_term_string"}}],"inLanguage":"fr-FR"}]}},"tiered_pricing_type":"fixed","tiered_pricing_fixed_rules":{"30":"7.9","50":"6.5","100":"6","200":"5.5","400":"5"},"tiered_pricing_percentage_rules":[],"tiered_pricing_minimum":10,"tiered_pricing_roles_data":[],"_links":{"self":[{"href":"https:\/\/geekvapor.com\/fr\/wp-json\/wp\/v2\/product\/20681","targetHints":{"allow":["GET"]}}],"collection":[{"href":"https:\/\/geekvapor.com\/fr\/wp-json\/wp\/v2\/product"}],"about":[{"href":"https:\/\/geekvapor.com\/fr\/wp-json\/wp\/v2\/types\/product"}],"replies":[{"embeddable":true,"href":"https:\/\/geekvapor.com\/fr\/wp-json\/wp\/v2\/comments?post=20681"}],"wp:featuredmedia":[{"embeddable":true,"href":"https:\/\/geekvapor.com\/fr\/wp-json\/wp\/v2\/media\/28612"}],"wp:attachment":[{"href":"https:\/\/geekvapor.com\/fr\/wp-json\/wp\/v2\/media?parent=20681"}],"wp:term":[{"taxonomy":"product_brand","embeddable":true,"href":"https:\/\/geekvapor.com\/fr\/wp-json\/wp\/v2\/product_brand?post=20681"},{"taxonomy":"product_cat","embeddable":true,"href":"https:\/\/geekvapor.com\/fr\/wp-json\/wp\/v2\/product_cat?post=20681"},{"taxonomy":"product_tag","embeddable":true,"href":"https:\/\/geekvapor.com\/fr\/wp-json\/wp\/v2\/product_tag?post=20681"}],"curies":[{"name":"wp","href":"https:\/\/api.w.org\/{rel}","templated":true}]}}