{"id":20345,"date":"2024-12-13T13:24:19","date_gmt":"2024-12-13T13:24:19","guid":{"rendered":"https:\/\/geekvapor.com\/?post_type=product&#038;p=20345"},"modified":"2025-01-14T07:15:44","modified_gmt":"2025-01-14T07:15:44","slug":"bang-king-15000-disposable-vape-15k-puffs-25ml","status":"publish","type":"product","link":"https:\/\/geekvapor.com\/fr\/product\/bang-king-15000-disposable-vape-15k-puffs-25ml\/","title":{"rendered":"Bang King 15000 Vape jetable 15K Puffs 25ML"},"content":{"rendered":"<h2 class=\"font-bold text-h3 leading-[40px] pt-[21px] pb-[2px] [&amp;_a]:underline-offset-[6px] [&amp;_.underline]:underline-offset-[6px]\" dir=\"ltr\" style=\"text-align: center;\"><span style=\"color: #83b828;\">Bang King 15000 Disposable Vape<\/span><\/h2>\n<div id=\"mappedOutput\" class=\"transition bg-transparent !border-none p-0 mb-[3rem] h-full min-h-[30rem] !w-full text-black !ring-transparent focus:outline-none\"><span class=\"hover:bg-blue-100 dark:hover:bg-blue-400\/30 hover:cursor-pointer text-black dark:text-gray-200\" aria-expanded=\"false\"><a href=\"https:\/\/geekvapor.com\/product-category\/vape-brands\/bang\/\">Bang<\/a> King 15000 Disposable Vape packs incredible value with 15k puffs, 25mL e-juice, and 20 sensational flavors.\u00a0<\/span><span class=\"hover:bg-blue-100 dark:hover:bg-blue-400\/30 hover:cursor-pointer text-black dark:text-gray-200\" aria-expanded=\"false\">Select your nicotine strength (0-5%) and enjoy smooth hits with mesh coil technology.\u00a0<\/span><span class=\"hover:bg-blue-100 dark:hover:bg-blue-400\/30 hover:cursor-pointer text-black dark:text-gray-200\" aria-expanded=\"false\">Minimalist, fashionable, and equipped with a 650mAh removable battery, it promises reliability and usability.<\/span><\/div>\n<h3 class=\"font-bold text-h3 leading-[40px] pt-[21px] pb-[2px] [&amp;_a]:underline-offset-[6px] [&amp;_.underline]:underline-offset-[6px]\" dir=\"ltr\">Bang King 15000 Disposable Vape <a href=\"https:\/\/geekvapor.com\/product-category\/puff-vape\/15000-puffs\/\">15K Puffs<\/a> Features<\/h3>\n<ul>\n<li class=\"text-body font-regular leading-[24px] pt-[9px] pb-[2px]\" dir=\"ltr\"><b><strong class=\"font-bold\">15,000 Puffs That Keep Going and Going: <\/strong><\/b>Forget constant replacements\u2014get the Bang King 15000 disposable vape for an insane 15,000 puffs per device. Vaping just got a serious upgrade.<\/li>\n<li class=\"text-body font-regular leading-[24px] pt-[9px] pb-[2px]\" dir=\"ltr\"><b><strong class=\"font-bold\">25mL Pods, Zero Hassle: <\/strong><\/b>Each device is packed with 25mL of e-liquid, meaning fewer refills and more uninterrupted sessions.<\/li>\n<li class=\"text-body font-regular leading-[24px] pt-[9px] pb-[2px]\" dir=\"ltr\"><b><strong class=\"font-bold\">Flavors for Days: <\/strong><\/b>With 20 totally unique flavors, your cravings never get boring. Find your favorite or switch it up every time.<\/li>\n<li class=\"text-body font-regular leading-[24px] pt-[9px] pb-[2px]\" dir=\"ltr\"><b><strong class=\"font-bold\">Nicotine, Your Way: <\/strong><\/b>Zero to five percent\u2014choose 0%, 2%, 3%, or 5% nicotine. Whether you&#8217;re cutting back or keeping it classic, it&#8217;s got you covered.<\/li>\n<li class=\"text-body font-regular leading-[24px] pt-[9px] pb-[2px]\" dir=\"ltr\"><b><strong class=\"font-bold\">Power That Lasts: <\/strong><\/b>Thanks to the 650mAh battery, your Bang King is ready to go when you are\u2014no mid-day breakdowns.<\/li>\n<li class=\"text-body font-regular leading-[24px] pt-[9px] pb-[2px]\" dir=\"ltr\"><b><strong class=\"font-bold\">Style That Pops: <\/strong><\/b>This vape doesn\u2019t just perform\u2014its premium crystal design looks next-level good.<\/li>\n<li class=\"text-body font-regular leading-[24px] pt-[9px] pb-[2px]\" dir=\"ltr\"><b><strong class=\"font-bold\">Smooth, Bold Flavors with Mesh Coil Tech: <\/strong><\/b>The 1\u03a9 mesh coil delivers smooth, consistent hits while maximizing every bit of flavor.<\/li>\n<li class=\"text-body font-regular leading-[24px] pt-[9px] pb-[2px]\" dir=\"ltr\"><b><strong class=\"font-bold\">Fast, Convenient Charging: <\/strong><\/b>With Type-C fast charging, you\u2019ll be powered up and ready in no time.<\/li>\n<li class=\"text-body font-regular leading-[24px] pt-[9px] pb-[2px]\" dir=\"ltr\"><b><strong class=\"font-bold\">Perfectly Portable: <\/strong><\/b>Lightweight and compact enough to slip into your pocket; the Bang King 15000 is the ultimate travel companion.<\/li>\n<li class=\"text-body font-regular leading-[24px] pt-[9px] pb-[2px]\" dir=\"ltr\"><b><strong class=\"font-bold\">Get More, Worry Less: <\/strong><\/b>Why settle for one? Each box includes 10 disposable vapes\u2014a simplified, bulk solution that saves you time and hassle.<\/li>\n<\/ul>\n<p class=\"text-body font-regular leading-[24px] pt-[9px] pb-[2px]\" dir=\"ltr\">Grab a Bang King 15k and level up your vaping game today!<\/p>\n<h3 class=\"drawer-header mb-200 text-style-body-lg-500 text-info\">Included<\/h3>\n<p>1 * Bang King 15000<\/p>\n<h3><span style=\"color: #000000;\">Flavor <span style=\"letter-spacing: 0px;\">List<\/span><\/span><\/h3>\n<p><span style=\"color: #000000;\">Try one of the 20 delicious flavours, each specially designed to deliver rounded and full, extended vaping tastes.<\/span><\/p>\n<p><span style=\"color: #000000;\"><strong>1.Strawberry Watermelon<\/strong><strong><br \/>\n<\/strong><strong>2.Triple Berry Ice<\/strong><strong><br \/>\n<\/strong><strong>3.Lush Ice<\/strong><strong><br \/>\n<\/strong><strong>4.Peach Ice<\/strong><strong><br \/>\n<\/strong><strong>5.Strawberry Kiwi<\/strong><strong><br \/>\n<\/strong><strong>6.Blue Razz Ice<\/strong><strong><br \/>\n<\/strong><strong>7.Aloe Grape<\/strong><strong><br \/>\n<\/strong><strong>8.Peach Mango<\/strong><strong><br \/>\n<\/strong><strong>9.Double Apple<\/strong><strong><br \/>\n<\/strong><strong>10.Tropical Fruit<\/strong><strong><br \/>\n<\/strong><strong>11.Strawberry banana<\/strong><strong><br \/>\n<\/strong><strong>12.Kiwi Passion Fruit Guava<\/strong><strong><br \/>\n<\/strong><strong>13.Sour Apple Razberry<\/strong><strong><br \/>\n<\/strong><strong>14.Watermelon Bubblegun<\/strong><strong><br \/>\n<\/strong><strong>15.Strawberry Yogurt<\/strong><strong><br \/>\n<\/strong><strong>16.Black Dragon Ice<\/strong><strong><br \/>\n<\/strong><strong>17.Pink Lemonade<\/strong><strong><br \/>\n<\/strong><strong>18.Cherry Pop<\/strong><strong><br \/>\n<\/strong><strong>19.Cool Mint<\/strong><strong><br \/>\n<\/strong><strong>20.Cotton Candy<\/strong><\/span><\/p>\n<p><span style=\"color: #000000;\">Eat them with your morning coffee for breakfast, or with a minty variety around a mid-afternoon break for a lift.<\/span><\/p>\n","protected":false},"excerpt":{"rendered":"<ul>\n<li>15000 puffs<\/li>\n<li>20 saveurs<\/li>\n<li>650mAh<\/li>\n<li>0%2%3%5% Nicotine<\/li>\n<li>25mL de liquide rempli<\/li>\n<li>1 bo\u00eete de 10 pi\u00e8ces<\/li>\n<\/ul>","protected":false},"featured_media":28623,"comment_status":"open","ping_status":"closed","template":"","meta":[],"product_brand":[],"product_cat":[200,211,201,213,196],"product_tag":[],"class_list":{"0":"post-20345","1":"product","2":"type-product","3":"status-publish","4":"has-post-thumbnail","6":"product_cat-low-nicotine-vape","7":"product_cat-crystal-vape","8":"product_cat-rechargeable-vapes","9":"product_cat-15000-puffs","10":"product_cat-bang","12":"first","13":"instock","14":"shipping-taxable","15":"purchasable","16":"product-type-variable"},"yoast_head":"<!-- This site is optimized with the Yoast SEO Premium plugin v24.0 (Yoast SEO v26.0) - https:\/\/yoast.com\/wordpress\/plugins\/seo\/ -->\n<title>Bang King 15000 Puffs Disposable Vape 15K E Cigarette | geekvapor<\/title>\n<meta name=\"description\" content=\"Experience 15k puffs with the Bang king 15000 Disposable Vape. Choose from 20 bold flavors, adjustable nicotine (0-5%), and enjoy smooth hits.\" \/>\n<meta name=\"robots\" content=\"index, follow, max-snippet:-1, max-image-preview:large, max-video-preview:-1\" \/>\n<link rel=\"canonical\" href=\"https:\/\/geekvapor.com\/fr\/product\/bang-king-15000-disposable-vape-15k-puffs-25ml\/\" \/>\n<meta property=\"og:locale\" content=\"fr_FR\" \/>\n<meta property=\"og:type\" content=\"article\" \/>\n<meta property=\"og:title\" content=\"Bang King 15000 Disposable Vape 15K Puffs 25ML\" \/>\n<meta property=\"og:description\" content=\"Experience 15k puffs with the Bang king 15000 Disposable Vape. Choose from 20 bold flavors, adjustable nicotine (0-5%), and enjoy smooth hits.\" \/>\n<meta property=\"og:url\" content=\"https:\/\/geekvapor.com\/fr\/product\/bang-king-15000-disposable-vape-15k-puffs-25ml\/\" \/>\n<meta property=\"og:site_name\" content=\"geekvapor\" \/>\n<meta property=\"article:modified_time\" content=\"2025-01-14T07:15:44+00:00\" \/>\n<meta property=\"og:image\" content=\"https:\/\/geekvapor.com\/wp-content\/uploads\/2024\/12\/Bang-King-15000-Disposable-Vape-15K-Puffs-25ML.webp\" \/>\n\t<meta property=\"og:image:width\" content=\"1000\" \/>\n\t<meta property=\"og:image:height\" content=\"1000\" \/>\n\t<meta property=\"og:image:type\" content=\"image\/webp\" \/>\n<meta name=\"twitter:card\" content=\"summary_large_image\" \/>\n<meta name=\"twitter:label1\" content=\"Dur\u00e9e de lecture estim\u00e9e\" \/>\n\t<meta name=\"twitter:data1\" content=\"2 minutes\" \/>\n<script type=\"application\/ld+json\" class=\"yoast-schema-graph\">{\"@context\":\"https:\/\/schema.org\",\"@graph\":[{\"@type\":\"WebPage\",\"@id\":\"https:\/\/geekvapor.com\/product\/bang-king-15000-disposable-vape-15k-puffs-25ml\/\",\"url\":\"https:\/\/geekvapor.com\/product\/bang-king-15000-disposable-vape-15k-puffs-25ml\/\",\"name\":\"Bang King 15000 Puffs Disposable Vape 15K E Cigarette | geekvapor\",\"isPartOf\":{\"@id\":\"https:\/\/geekvapor.com\/#website\"},\"primaryImageOfPage\":{\"@id\":\"https:\/\/geekvapor.com\/product\/bang-king-15000-disposable-vape-15k-puffs-25ml\/#primaryimage\"},\"image\":{\"@id\":\"https:\/\/geekvapor.com\/product\/bang-king-15000-disposable-vape-15k-puffs-25ml\/#primaryimage\"},\"thumbnailUrl\":\"https:\/\/geekvapor.com\/wp-content\/uploads\/2024\/12\/Bang-King-15000-Disposable-Vape-15K-Puffs-25ML.webp\",\"datePublished\":\"2024-12-13T13:24:19+00:00\",\"dateModified\":\"2025-01-14T07:15:44+00:00\",\"description\":\"Experience 15k puffs with the Bang king 15000 Disposable Vape. Choose from 20 bold flavors, adjustable nicotine (0-5%), and enjoy smooth hits.\",\"breadcrumb\":{\"@id\":\"https:\/\/geekvapor.com\/product\/bang-king-15000-disposable-vape-15k-puffs-25ml\/#breadcrumb\"},\"inLanguage\":\"fr-FR\",\"potentialAction\":[{\"@type\":\"ReadAction\",\"target\":[\"https:\/\/geekvapor.com\/product\/bang-king-15000-disposable-vape-15k-puffs-25ml\/\"]}]},{\"@type\":\"ImageObject\",\"inLanguage\":\"fr-FR\",\"@id\":\"https:\/\/geekvapor.com\/product\/bang-king-15000-disposable-vape-15k-puffs-25ml\/#primaryimage\",\"url\":\"https:\/\/geekvapor.com\/wp-content\/uploads\/2024\/12\/Bang-King-15000-Disposable-Vape-15K-Puffs-25ML.webp\",\"contentUrl\":\"https:\/\/geekvapor.com\/wp-content\/uploads\/2024\/12\/Bang-King-15000-Disposable-Vape-15K-Puffs-25ML.webp\",\"width\":1000,\"height\":1000,\"caption\":\"Bang King 15000 Disposable Vape 15K Puffs 25ML\"},{\"@type\":\"BreadcrumbList\",\"@id\":\"https:\/\/geekvapor.com\/product\/bang-king-15000-disposable-vape-15k-puffs-25ml\/#breadcrumb\",\"itemListElement\":[{\"@type\":\"ListItem\",\"position\":1,\"name\":\"\u9996\u9875\",\"item\":\"https:\/\/geekvapor.com\/\"},{\"@type\":\"ListItem\",\"position\":2,\"name\":\"Shop\",\"item\":\"https:\/\/geekvapor.com\/shop\/\"},{\"@type\":\"ListItem\",\"position\":3,\"name\":\"Bang King 15000 Disposable Vape 15K Puffs 25ML\"}]},{\"@type\":\"WebSite\",\"@id\":\"https:\/\/geekvapor.com\/#website\",\"url\":\"https:\/\/geekvapor.com\/\",\"name\":\"geekvapor\",\"description\":\"\",\"potentialAction\":[{\"@type\":\"SearchAction\",\"target\":{\"@type\":\"EntryPoint\",\"urlTemplate\":\"https:\/\/geekvapor.com\/?s={search_term_string}\"},\"query-input\":{\"@type\":\"PropertyValueSpecification\",\"valueRequired\":true,\"valueName\":\"search_term_string\"}}],\"inLanguage\":\"fr-FR\"}]}<\/script>\n<!-- \/ Yoast SEO Premium plugin. -->","yoast_head_json":{"title":"Bang King 15000 Puffs Vape jetable 15K E Cigarette | geekvapor","description":"Faites l'exp\u00e9rience de 15k puffs avec la Bang King 15000 Vape jetable. Choisissez parmi 20 saveurs audacieuses, r\u00e9glez la nicotine (0-5%) et profitez de bouff\u00e9es douces.","robots":{"index":"index","follow":"follow","max-snippet":"max-snippet:-1","max-image-preview":"max-image-preview:large","max-video-preview":"max-video-preview:-1"},"canonical":"https:\/\/geekvapor.com\/fr\/product\/bang-king-15000-disposable-vape-15k-puffs-25ml\/","og_locale":"fr_FR","og_type":"article","og_title":"Bang King 15000 Disposable Vape 15K Puffs 25ML","og_description":"Experience 15k puffs with the Bang king 15000 Disposable Vape. Choose from 20 bold flavors, adjustable nicotine (0-5%), and enjoy smooth hits.","og_url":"https:\/\/geekvapor.com\/fr\/product\/bang-king-15000-disposable-vape-15k-puffs-25ml\/","og_site_name":"geekvapor","article_modified_time":"2025-01-14T07:15:44+00:00","og_image":[{"width":1000,"height":1000,"url":"https:\/\/geekvapor.com\/wp-content\/uploads\/2024\/12\/Bang-King-15000-Disposable-Vape-15K-Puffs-25ML.webp","type":"image\/webp"}],"twitter_card":"summary_large_image","twitter_misc":{"Dur\u00e9e de lecture estim\u00e9e":"2 minutes"},"schema":{"@context":"https:\/\/schema.org","@graph":[{"@type":"WebPage","@id":"https:\/\/geekvapor.com\/product\/bang-king-15000-disposable-vape-15k-puffs-25ml\/","url":"https:\/\/geekvapor.com\/product\/bang-king-15000-disposable-vape-15k-puffs-25ml\/","name":"Bang King 15000 Puffs Vape jetable 15K E Cigarette | geekvapor","isPartOf":{"@id":"https:\/\/geekvapor.com\/#website"},"primaryImageOfPage":{"@id":"https:\/\/geekvapor.com\/product\/bang-king-15000-disposable-vape-15k-puffs-25ml\/#primaryimage"},"image":{"@id":"https:\/\/geekvapor.com\/product\/bang-king-15000-disposable-vape-15k-puffs-25ml\/#primaryimage"},"thumbnailUrl":"https:\/\/geekvapor.com\/wp-content\/uploads\/2024\/12\/Bang-King-15000-Disposable-Vape-15K-Puffs-25ML.webp","datePublished":"2024-12-13T13:24:19+00:00","dateModified":"2025-01-14T07:15:44+00:00","description":"Faites l'exp\u00e9rience de 15k puffs avec la Bang King 15000 Vape jetable. Choisissez parmi 20 saveurs audacieuses, r\u00e9glez la nicotine (0-5%) et profitez de bouff\u00e9es douces.","breadcrumb":{"@id":"https:\/\/geekvapor.com\/product\/bang-king-15000-disposable-vape-15k-puffs-25ml\/#breadcrumb"},"inLanguage":"fr-FR","potentialAction":[{"@type":"ReadAction","target":["https:\/\/geekvapor.com\/product\/bang-king-15000-disposable-vape-15k-puffs-25ml\/"]}]},{"@type":"ImageObject","inLanguage":"fr-FR","@id":"https:\/\/geekvapor.com\/product\/bang-king-15000-disposable-vape-15k-puffs-25ml\/#primaryimage","url":"https:\/\/geekvapor.com\/wp-content\/uploads\/2024\/12\/Bang-King-15000-Disposable-Vape-15K-Puffs-25ML.webp","contentUrl":"https:\/\/geekvapor.com\/wp-content\/uploads\/2024\/12\/Bang-King-15000-Disposable-Vape-15K-Puffs-25ML.webp","width":1000,"height":1000,"caption":"Bang King 15000 Disposable Vape 15K Puffs 25ML"},{"@type":"BreadcrumbList","@id":"https:\/\/geekvapor.com\/product\/bang-king-15000-disposable-vape-15k-puffs-25ml\/#breadcrumb","itemListElement":[{"@type":"ListItem","position":1,"name":"\u9996\u9875","item":"https:\/\/geekvapor.com\/"},{"@type":"ListItem","position":2,"name":"Shop","item":"https:\/\/geekvapor.com\/shop\/"},{"@type":"ListItem","position":3,"name":"Bang King 15000 Disposable Vape 15K Puffs 25ML"}]},{"@type":"WebSite","@id":"https:\/\/geekvapor.com\/#website","url":"https:\/\/geekvapor.com\/","name":"geekvapor","description":"","potentialAction":[{"@type":"SearchAction","target":{"@type":"EntryPoint","urlTemplate":"https:\/\/geekvapor.com\/?s={search_term_string}"},"query-input":{"@type":"PropertyValueSpecification","valueRequired":true,"valueName":"search_term_string"}}],"inLanguage":"fr-FR"}]}},"tiered_pricing_type":"fixed","tiered_pricing_fixed_rules":{"30":"8.5","50":"7","100":"6.5","200":"6","400":"5.5"},"tiered_pricing_percentage_rules":[],"tiered_pricing_minimum":10,"tiered_pricing_roles_data":[],"_links":{"self":[{"href":"https:\/\/geekvapor.com\/fr\/wp-json\/wp\/v2\/product\/20345","targetHints":{"allow":["GET"]}}],"collection":[{"href":"https:\/\/geekvapor.com\/fr\/wp-json\/wp\/v2\/product"}],"about":[{"href":"https:\/\/geekvapor.com\/fr\/wp-json\/wp\/v2\/types\/product"}],"replies":[{"embeddable":true,"href":"https:\/\/geekvapor.com\/fr\/wp-json\/wp\/v2\/comments?post=20345"}],"wp:featuredmedia":[{"embeddable":true,"href":"https:\/\/geekvapor.com\/fr\/wp-json\/wp\/v2\/media\/28623"}],"wp:attachment":[{"href":"https:\/\/geekvapor.com\/fr\/wp-json\/wp\/v2\/media?parent=20345"}],"wp:term":[{"taxonomy":"product_brand","embeddable":true,"href":"https:\/\/geekvapor.com\/fr\/wp-json\/wp\/v2\/product_brand?post=20345"},{"taxonomy":"product_cat","embeddable":true,"href":"https:\/\/geekvapor.com\/fr\/wp-json\/wp\/v2\/product_cat?post=20345"},{"taxonomy":"product_tag","embeddable":true,"href":"https:\/\/geekvapor.com\/fr\/wp-json\/wp\/v2\/product_tag?post=20345"}],"curies":[{"name":"wp","href":"https:\/\/api.w.org\/{rel}","templated":true}]}}