{"id":3,"date":"2024-12-13T08:23:57","date_gmt":"2024-12-13T08:23:57","guid":{"rendered":"https:\/\/geekvapor.com\/?page_id=3"},"modified":"2024-12-20T10:19:47","modified_gmt":"2024-12-20T10:19:47","slug":"privacy-policy","status":"publish","type":"page","link":"https:\/\/geekvapor.com\/fr\/privacy-policy\/","title":{"rendered":"Politique de confidentialit\u00e9"},"content":{"rendered":"<div data-elementor-type=\"wp-page\" data-elementor-id=\"3\" class=\"elementor elementor-3\">\n\t\t\t\t<div class=\"elementor-element elementor-element-023e491 e-flex e-con-boxed e-con e-parent\" data-id=\"023e491\" data-element_type=\"container\">\n\t\t\t\t\t<div class=\"e-con-inner\">\n\t\t\t\t<div class=\"elementor-element elementor-element-5fa6f53 elementor-widget elementor-widget-heading\" data-id=\"5fa6f53\" data-element_type=\"widget\" data-widget_type=\"heading.default\">\n\t\t\t\t<div class=\"elementor-widget-container\">\n\t\t\t\t\t<h2 class=\"elementor-heading-title elementor-size-default\">www.geekvapor.com Politique de confidentialit\u00e9\n\n<\/h2>\t\t\t\t<\/div>\n\t\t\t\t<\/div>\n\t\t\t\t\t<\/div>\n\t\t\t\t<\/div>\n\t\t<div class=\"elementor-element elementor-element-12a07c4 e-flex e-con-boxed e-con e-parent\" data-id=\"12a07c4\" data-element_type=\"container\">\n\t\t\t\t\t<div class=\"e-con-inner\">\n\t\t\t\t<div class=\"elementor-element elementor-element-601131d elementor-widget elementor-widget-text-editor\" data-id=\"601131d\" data-element_type=\"widget\" data-widget_type=\"text-editor.default\">\n\t\t\t\t<div class=\"elementor-widget-container\">\n\t\t\t\t\t\t\t\t\t<p>Type de site web : Ecommerce<br \/>Date d'entr\u00e9e en vigueur : 20e jour de d\u00e9cembre 2023<\/p><p>www.geekvapor.com (le \"Site\") est d\u00e9tenu et g\u00e9r\u00e9 par geekvapor. geekvapor est le contr\u00f4leur des donn\u00e9es et peut \u00eatre contact\u00e9 \u00e0 l'adresse suivante :<\/p><p>info@GeekVapor.com<\/p><h3>Objectif<\/h3><p>La pr\u00e9sente politique de protection de la vie priv\u00e9e (ci-apr\u00e8s d\u00e9nomm\u00e9e \"politique de protection de la vie priv\u00e9e\") a pour objet d'informer les utilisateurs de notre site des \u00e9l\u00e9ments suivants :<\/p><ol start=\"1\"><li value=\"1\">Les donn\u00e9es personnelles que nous collecterons ;<\/li><li value=\"2\">Utilisation des donn\u00e9es collect\u00e9es ;<\/li><li value=\"3\">Qui a acc\u00e8s aux donn\u00e9es collect\u00e9es ;<\/li><li value=\"4\">les droits des utilisateurs du site ; et<\/li><li value=\"5\">La politique du site en mati\u00e8re de cookies.<\/li><\/ol><p>La pr\u00e9sente politique de confidentialit\u00e9 s'applique en compl\u00e9ment des conditions g\u00e9n\u00e9rales de notre site.<\/p><div><h3>GDPR<\/h3><p>Pour les utilisateurs de l'Union europ\u00e9enne, nous adh\u00e9rons au R\u00e8glement (UE) 2016\/679 du Parlement europ\u00e9en et du Conseil du 27 avril 2016, connu sous le nom de R\u00e8glement g\u00e9n\u00e9ral sur la protection des donn\u00e9es (le \" RGPD \"). Pour les utilisateurs du Royaume-Uni, nous adh\u00e9rons au GDPR tel qu'il est inscrit dans la loi sur la protection des donn\u00e9es de 2018.<\/p><\/div><div><h3>Consentement<\/h3><p>En utilisant notre site, les utilisateurs acceptent de :<\/p><ol start=\"1\"><li value=\"1\">Les conditions \u00e9nonc\u00e9es dans la pr\u00e9sente politique de confidentialit\u00e9.<\/li><\/ol><p>Lorsque la base juridique du traitement de vos donn\u00e9es \u00e0 caract\u00e8re personnel est que vous avez donn\u00e9 votre consentement \u00e0 ce traitement, vous pouvez le retirer \u00e0 tout moment. Si vous retirez votre consentement, cela ne rendra pas ill\u00e9gal le traitement que nous avons effectu\u00e9 avant que vous ne retiriez votre consentement.<\/p><p>Vous pouvez retirer votre consentement en en contactant le d\u00e9l\u00e9gu\u00e9 \u00e0 la protection des donn\u00e9es.<\/p><\/div><div><h3>Base juridique du traitement<\/h3><p>Nous collectons et traitons les donn\u00e9es personnelles des utilisateurs de l'UE uniquement lorsque nous disposons d'une base l\u00e9gale pour le faire en vertu de l'article 6 du GDPR.<\/p><p>Nous nous appuyons sur les bases juridiques suivantes pour collecter et traiter les donn\u00e9es personnelles des utilisateurs de l'UE :<\/p><ol start=\"1\"><li value=\"1\">Les utilisateurs ont donn\u00e9 leur consentement au traitement de leurs donn\u00e9es pour une ou plusieurs finalit\u00e9s sp\u00e9cifiques ; et<\/li><li value=\"2\">Le traitement des donn\u00e9es personnelles de l'utilisateur est n\u00e9cessaire \u00e0 une t\u00e2che effectu\u00e9e dans l'int\u00e9r\u00eat public ou dans l'exercice de notre autorit\u00e9 officielle.<\/li><\/ol><\/div><h3>Donn\u00e9es personnelles que nous collectons<\/h3><p>Nous ne recueillons que les donn\u00e9es qui nous aident \u00e0 atteindre l'objectif d\u00e9fini dans la pr\u00e9sente politique de protection de la vie priv\u00e9e. Nous ne collecterons pas d'autres donn\u00e9es que celles \u00e9num\u00e9r\u00e9es ci-dessous sans vous en informer au pr\u00e9alable.<\/p><p><u>Donn\u00e9es collect\u00e9es automatiquement<\/u><br \/>Lorsque vous visitez et utilisez notre site, nous pouvons collecter et stocker automatiquement les informations suivantes :<\/p><ol start=\"1\"><li value=\"1\">Adresse IP ;<\/li><li value=\"2\">Localisation ;<\/li><li value=\"3\">les liens cliqu\u00e9s ; et<\/li><li value=\"4\">Contenu consult\u00e9.<\/li><\/ol><p><u>Donn\u00e9es collect\u00e9es de mani\u00e8re non automatique<\/u><br \/>Nous pouvons \u00e9galement collecter les donn\u00e9es suivantes lorsque vous effectuez certaines fonctions sur notre site :<\/p><ol start=\"1\"><li value=\"1\">Nom et pr\u00e9nom ;<\/li><li value=\"2\">Num\u00e9ro de t\u00e9l\u00e9phone ;<\/li><li value=\"3\">Adresse ; et<\/li><li value=\"4\">Informations sur le paiement.<\/li><\/ol><p>Ces donn\u00e9es peuvent \u00eatre collect\u00e9es \u00e0 l'aide des m\u00e9thodes suivantes :<\/p><ol start=\"1\"><li value=\"1\">Cr\u00e9ation d'un compte.<\/li><\/ol><h3>Comment nous utilisons les donn\u00e9es personnelles<\/h3><p>Les donn\u00e9es collect\u00e9es sur notre site ne seront utilis\u00e9es qu'aux fins sp\u00e9cifi\u00e9es dans la pr\u00e9sente politique de confidentialit\u00e9 ou indiqu\u00e9es sur les pages correspondantes de notre site. Nous n'utiliserons pas vos donn\u00e9es au-del\u00e0 de ce que nous indiquons dans la pr\u00e9sente politique de confidentialit\u00e9.<\/p><p>Les donn\u00e9es que nous collectons automatiquement sont utilis\u00e9es aux fins suivantes :<\/p><ol start=\"1\"><li value=\"1\">Statistiques.<\/li><\/ol><p>Les donn\u00e9es que nous collectons lorsque l'utilisateur ex\u00e9cute certaines fonctions peuvent \u00eatre utilis\u00e9es aux fins suivantes :<\/p><ol start=\"1\"><li value=\"1\">Communication.<\/li><\/ol><h3>Avec qui partageons-nous les donn\u00e9es personnelles ?<\/h3><p><u>Salari\u00e9s<\/u><br \/>Nous pouvons divulguer les donn\u00e9es de l'utilisateur \u00e0 tout membre de notre organisation qui a raisonnablement besoin d'acc\u00e9der aux donn\u00e9es de l'utilisateur pour atteindre les objectifs d\u00e9finis dans la pr\u00e9sente politique de protection de la vie priv\u00e9e.<\/p><div><p><u>Autres informations<\/u><br \/>Nous ne vendrons ni ne partagerons vos donn\u00e9es avec des tiers, sauf dans les cas suivants :<\/p><ol start=\"1\"><li value=\"1\">Si la loi l'exige ;<\/li><li value=\"2\">Si elle est n\u00e9cessaire pour une proc\u00e9dure judiciaire ;<\/li><li value=\"3\">prouver ou prot\u00e9ger nos droits l\u00e9gaux ; et<\/li><li value=\"4\">Aux acheteurs ou aux acheteurs potentiels de cette entreprise dans le cas o\u00f9 nous chercherions \u00e0 vendre l'entreprise.<\/li><\/ol><p>Si vous suivez des hyperliens de notre site vers un autre site, veuillez noter que nous ne sommes pas responsables de leurs politiques et pratiques en mati\u00e8re de protection de la vie priv\u00e9e et que nous n'avons aucun contr\u00f4le sur celles-ci.<\/p><\/div><h3>Dur\u00e9e de conservation des donn\u00e9es personnelles<\/h3><p>Les donn\u00e9es des utilisateurs seront conserv\u00e9es jusqu'\u00e0 ce que l'objectif pour lequel elles ont \u00e9t\u00e9 collect\u00e9es ait \u00e9t\u00e9 atteint.<\/p><p>Vous serez inform\u00e9 si vos donn\u00e9es sont conserv\u00e9es au-del\u00e0 de cette p\u00e9riode.<\/p><h3>Comment nous prot\u00e9geons vos donn\u00e9es personnelles<\/h3><p>Afin de prot\u00e9ger votre s\u00e9curit\u00e9, nous utilisons le cryptage de navigateur le plus puissant qui soit et nous stockons toutes nos donn\u00e9es sur des serveurs situ\u00e9s dans des installations s\u00e9curis\u00e9es. Toutes les donn\u00e9es ne sont accessibles qu'\u00e0 nos employ\u00e9s. Nos employ\u00e9s sont li\u00e9s par des accords de confidentialit\u00e9 stricts et toute violation de cet accord entra\u00eenerait le licenciement de l'employ\u00e9.<\/p><p>Bien que nous prenions toutes les pr\u00e9cautions raisonnables pour garantir la s\u00e9curit\u00e9 des donn\u00e9es des utilisateurs et leur protection, il subsiste toujours un risque de pr\u00e9judice. L'Internet dans son ensemble est parfois peu s\u00fbr et nous ne pouvons donc pas garantir la s\u00e9curit\u00e9 des donn\u00e9es des utilisateurs au-del\u00e0 de ce qui est raisonnablement possible.<\/p><h3>Vos droits en tant qu'utilisateur<\/h3><p>En vertu du GDPR, vous disposez des droits suivants :<\/p><ol start=\"1\"><li value=\"1\">Droit d'\u00eatre inform\u00e9 ;<\/li><li value=\"2\">Droit d'acc\u00e8s ;<\/li><li value=\"3\">Droit de rectification ;<\/li><li value=\"4\">Droit \u00e0 l'effacement ;<\/li><li value=\"5\">Droit de restreindre le traitement ;<\/li><li value=\"6\">Droit \u00e0 la portabilit\u00e9 des donn\u00e9es ; et<\/li><li value=\"7\">Droit d'opposition.<\/li><\/ol><div><h3>Les enfants<\/h3><p>L'\u00e2ge minimum pour utiliser notre site web est de 21 ans. Nous ne collectons ni n'utilisons sciemment les donn\u00e9es personnelles d'enfants de moins de 16 ans. Si nous apprenons que nous avons collect\u00e9 des donn\u00e9es personnelles aupr\u00e8s d'un enfant de moins de 16 ans, ces donn\u00e9es seront supprim\u00e9es d\u00e8s que possible. Si un enfant de moins de 16 ans nous a fourni des donn\u00e9es personnelles, ses parents ou son tuteur peuvent contacter notre d\u00e9l\u00e9gu\u00e9 \u00e0 la protection des donn\u00e9es.<\/p><\/div><div><h3>Comment refuser la collecte, l'utilisation ou la divulgation des donn\u00e9es ?<\/h3><p>En plus de la ou des m\u00e9thodes d\u00e9crites dans le <em>Comment acc\u00e9der aux donn\u00e9es collect\u00e9es, les modifier, les supprimer ou les contester ?<\/em>\u00a0nous proposons les m\u00e9thodes d'exclusion sp\u00e9cifiques suivantes pour les formes de collecte, d'utilisation ou de divulgation de vos donn\u00e9es \u00e0 caract\u00e8re personnel sp\u00e9cifi\u00e9es ci-dessous :<\/p><ol start=\"1\"><li value=\"1\">Vous pouvez refuser que vos donn\u00e9es personnelles soient utilis\u00e9es pour des courriels de marketing. Vous pouvez le faire en cliquant sur \"unsubscribe\" au bas de tout courriel de marketing ou en mettant \u00e0 jour vos pr\u00e9f\u00e9rences en mati\u00e8re de courriel dans la rubrique \"Votre compte\"<\/li><\/ol><\/div><div><h3>Politique en mati\u00e8re de cookies<\/h3><p>Un cookie est un petit fichier stock\u00e9 sur le disque dur de l'utilisateur par un site web. Il a pour but de collecter des donn\u00e9es relatives aux habitudes de navigation de l'utilisateur. Vous pouvez choisir d'\u00eatre averti \u00e0 chaque fois qu'un cookie est transmis. Vous pouvez \u00e9galement choisir de d\u00e9sactiver compl\u00e8tement les cookies dans votre navigateur internet, mais cela peut diminuer la qualit\u00e9 de votre exp\u00e9rience utilisateur.<\/p><p>Nous utilisons les types de cookies suivants sur notre site :<\/p><ol start=\"1\"><li value=\"1\"><u>Cookies fonctionnels<\/u><br \/>Les cookies fonctionnels sont utilis\u00e9s pour m\u00e9moriser les s\u00e9lections que vous faites sur notre site afin que vos s\u00e9lections soient sauvegard\u00e9es lors de vos prochaines visites ; et<\/li><li value=\"2\"><u>Cookies analytiques<\/u><br \/>Les cookies analytiques nous permettent d'am\u00e9liorer la conception et la fonctionnalit\u00e9 de notre site en collectant des donn\u00e9es sur la mani\u00e8re dont vous acc\u00e9dez \u00e0 notre site, par exemple des donn\u00e9es sur le contenu auquel vous acc\u00e9dez, la dur\u00e9e de votre visite sur notre site, etc.<\/li><\/ol><\/div><h3>Modifications<\/h3><p>La pr\u00e9sente politique de protection de la vie priv\u00e9e peut \u00eatre modifi\u00e9e de temps \u00e0 autre afin de rester conforme \u00e0 la loi et de refl\u00e9ter toute modification apport\u00e9e \u00e0 notre processus de collecte de donn\u00e9es. Lorsque nous modifions la pr\u00e9sente politique de confidentialit\u00e9, nous mettons \u00e0 jour la \"date d'entr\u00e9e en vigueur\" en haut de la pr\u00e9sente politique de confidentialit\u00e9. Nous recommandons \u00e0 nos utilisateurs de consulter r\u00e9guli\u00e8rement notre politique de protection de la vie priv\u00e9e afin de s'assurer qu'ils sont inform\u00e9s de toute mise \u00e0 jour. Le cas \u00e9ch\u00e9ant, nous pouvons informer les utilisateurs par courrier \u00e9lectronique des modifications apport\u00e9es \u00e0 la pr\u00e9sente politique de confidentialit\u00e9.<\/p><h3>Plaintes<\/h3><p>Si vous avez des r\u00e9clamations concernant la mani\u00e8re dont nous traitons vos donn\u00e9es \u00e0 caract\u00e8re personnel, veuillez nous contacter par l'interm\u00e9diaire des m\u00e9thodes de contact \u00e9num\u00e9r\u00e9es dans le site web de l'UE. <em>Informations sur le contact<\/em> afin que nous puissions, dans la mesure du possible, r\u00e9soudre le probl\u00e8me. Si vous estimez que nous n'avons pas r\u00e9pondu \u00e0 votre pr\u00e9occupation de mani\u00e8re satisfaisante, vous pouvez contacter une autorit\u00e9 de contr\u00f4le. Vous avez \u00e9galement le droit de d\u00e9poser directement une plainte aupr\u00e8s d'une autorit\u00e9 de contr\u00f4le.\u00a0<\/p>\t\t\t\t\t\t\t\t<\/div>\n\t\t\t\t<\/div>\n\t\t\t\t\t<\/div>\n\t\t\t\t<\/div>\n\t\t\t\t<\/div>","protected":false},"excerpt":{"rendered":"<p>www.geekvapor.com Privacy Policy Type of website: EcommerceEffective date: 20th day of December, 2023 www.geekvapor.com (the &#8220;Site&#8221;) is owned and operated by geekvapor. geekvapor is the data controller and can be contacted at: info@GeekVapor.com Purpose The purpose of this privacy policy (this &#8220;Privacy Policy&#8221;) is to inform users of our Site of the following: The personal [&hellip;]<\/p>\n","protected":false},"author":1,"featured_media":0,"parent":0,"menu_order":0,"comment_status":"closed","ping_status":"open","template":"","meta":{"footnotes":""},"class_list":["post-3","page","type-page","status-publish","hentry"],"yoast_head":"<!-- This site is optimized with the Yoast SEO Premium plugin v24.0 (Yoast SEO v26.0) - https:\/\/yoast.com\/wordpress\/plugins\/seo\/ -->\n<title>Privacy Policy | geekvapor<\/title>\n<meta name=\"robots\" content=\"index, follow, max-snippet:-1, max-image-preview:large, max-video-preview:-1\" \/>\n<link rel=\"canonical\" href=\"https:\/\/geekvapor.com\/fr\/privacy-policy\/\" \/>\n<meta property=\"og:locale\" content=\"fr_FR\" \/>\n<meta property=\"og:type\" content=\"article\" \/>\n<meta property=\"og:title\" content=\"Privacy Policy\" \/>\n<meta property=\"og:description\" content=\"www.geekvapor.com Privacy Policy Type of website: EcommerceEffective date: 20th day of December, 2023 www.geekvapor.com (the &#8220;Site&#8221;) is owned and operated by geekvapor. geekvapor is the data controller and can be contacted at: info@GeekVapor.com Purpose The purpose of this privacy policy (this &#8220;Privacy Policy&#8221;) is to inform users of our Site of the following: The personal [&hellip;]\" \/>\n<meta property=\"og:url\" content=\"https:\/\/geekvapor.com\/fr\/privacy-policy\/\" \/>\n<meta property=\"og:site_name\" content=\"geekvapor\" \/>\n<meta property=\"article:modified_time\" content=\"2024-12-20T10:19:47+00:00\" \/>\n<meta name=\"twitter:card\" content=\"summary_large_image\" \/>\n<meta name=\"twitter:label1\" content=\"Dur\u00e9e de lecture estim\u00e9e\" \/>\n\t<meta name=\"twitter:data1\" content=\"6 minutes\" \/>\n<script type=\"application\/ld+json\" class=\"yoast-schema-graph\">{\"@context\":\"https:\/\/schema.org\",\"@graph\":[{\"@type\":\"WebPage\",\"@id\":\"https:\/\/geekvapor.com\/privacy-policy\/\",\"url\":\"https:\/\/geekvapor.com\/privacy-policy\/\",\"name\":\"Privacy Policy | geekvapor\",\"isPartOf\":{\"@id\":\"https:\/\/geekvapor.com\/#website\"},\"datePublished\":\"2024-12-13T08:23:57+00:00\",\"dateModified\":\"2024-12-20T10:19:47+00:00\",\"breadcrumb\":{\"@id\":\"https:\/\/geekvapor.com\/privacy-policy\/#breadcrumb\"},\"inLanguage\":\"fr-FR\",\"potentialAction\":[{\"@type\":\"ReadAction\",\"target\":[\"https:\/\/geekvapor.com\/privacy-policy\/\"]}]},{\"@type\":\"BreadcrumbList\",\"@id\":\"https:\/\/geekvapor.com\/privacy-policy\/#breadcrumb\",\"itemListElement\":[{\"@type\":\"ListItem\",\"position\":1,\"name\":\"\u9996\u9875\",\"item\":\"https:\/\/geekvapor.com\/\"},{\"@type\":\"ListItem\",\"position\":2,\"name\":\"Privacy Policy\"}]},{\"@type\":\"WebSite\",\"@id\":\"https:\/\/geekvapor.com\/#website\",\"url\":\"https:\/\/geekvapor.com\/\",\"name\":\"geekvapor\",\"description\":\"\",\"potentialAction\":[{\"@type\":\"SearchAction\",\"target\":{\"@type\":\"EntryPoint\",\"urlTemplate\":\"https:\/\/geekvapor.com\/?s={search_term_string}\"},\"query-input\":{\"@type\":\"PropertyValueSpecification\",\"valueRequired\":true,\"valueName\":\"search_term_string\"}}],\"inLanguage\":\"fr-FR\"}]}<\/script>\n<!-- \/ Yoast SEO Premium plugin. -->","yoast_head_json":{"title":"Politique de confidentialit\u00e9 | geekvapor","robots":{"index":"index","follow":"follow","max-snippet":"max-snippet:-1","max-image-preview":"max-image-preview:large","max-video-preview":"max-video-preview:-1"},"canonical":"https:\/\/geekvapor.com\/fr\/privacy-policy\/","og_locale":"fr_FR","og_type":"article","og_title":"Privacy Policy","og_description":"www.geekvapor.com Privacy Policy Type of website: EcommerceEffective date: 20th day of December, 2023 www.geekvapor.com (the &#8220;Site&#8221;) is owned and operated by geekvapor. geekvapor is the data controller and can be contacted at: info@GeekVapor.com Purpose The purpose of this privacy policy (this &#8220;Privacy Policy&#8221;) is to inform users of our Site of the following: The personal [&hellip;]","og_url":"https:\/\/geekvapor.com\/fr\/privacy-policy\/","og_site_name":"geekvapor","article_modified_time":"2024-12-20T10:19:47+00:00","twitter_card":"summary_large_image","twitter_misc":{"Dur\u00e9e de lecture estim\u00e9e":"6 minutes"},"schema":{"@context":"https:\/\/schema.org","@graph":[{"@type":"WebPage","@id":"https:\/\/geekvapor.com\/privacy-policy\/","url":"https:\/\/geekvapor.com\/privacy-policy\/","name":"Politique de confidentialit\u00e9 | geekvapor","isPartOf":{"@id":"https:\/\/geekvapor.com\/#website"},"datePublished":"2024-12-13T08:23:57+00:00","dateModified":"2024-12-20T10:19:47+00:00","breadcrumb":{"@id":"https:\/\/geekvapor.com\/privacy-policy\/#breadcrumb"},"inLanguage":"fr-FR","potentialAction":[{"@type":"ReadAction","target":["https:\/\/geekvapor.com\/privacy-policy\/"]}]},{"@type":"BreadcrumbList","@id":"https:\/\/geekvapor.com\/privacy-policy\/#breadcrumb","itemListElement":[{"@type":"ListItem","position":1,"name":"\u9996\u9875","item":"https:\/\/geekvapor.com\/"},{"@type":"ListItem","position":2,"name":"Privacy Policy"}]},{"@type":"WebSite","@id":"https:\/\/geekvapor.com\/#website","url":"https:\/\/geekvapor.com\/","name":"geekvapor","description":"","potentialAction":[{"@type":"SearchAction","target":{"@type":"EntryPoint","urlTemplate":"https:\/\/geekvapor.com\/?s={search_term_string}"},"query-input":{"@type":"PropertyValueSpecification","valueRequired":true,"valueName":"search_term_string"}}],"inLanguage":"fr-FR"}]}},"_links":{"self":[{"href":"https:\/\/geekvapor.com\/fr\/wp-json\/wp\/v2\/pages\/3","targetHints":{"allow":["GET"]}}],"collection":[{"href":"https:\/\/geekvapor.com\/fr\/wp-json\/wp\/v2\/pages"}],"about":[{"href":"https:\/\/geekvapor.com\/fr\/wp-json\/wp\/v2\/types\/page"}],"author":[{"embeddable":true,"href":"https:\/\/geekvapor.com\/fr\/wp-json\/wp\/v2\/users\/1"}],"replies":[{"embeddable":true,"href":"https:\/\/geekvapor.com\/fr\/wp-json\/wp\/v2\/comments?post=3"}],"version-history":[{"count":0,"href":"https:\/\/geekvapor.com\/fr\/wp-json\/wp\/v2\/pages\/3\/revisions"}],"wp:attachment":[{"href":"https:\/\/geekvapor.com\/fr\/wp-json\/wp\/v2\/media?parent=3"}],"curies":[{"name":"wp","href":"https:\/\/api.w.org\/{rel}","templated":true}]}}