{"id":2965,"date":"2019-08-02T09:34:08","date_gmt":"2019-08-02T09:34:08","guid":{"rendered":"https:\/\/elessi.nasatheme.com\/?page_id=2965"},"modified":"2025-10-10T10:32:37","modified_gmt":"2025-10-10T10:32:37","slug":"order-tracking","status":"publish","type":"page","link":"https:\/\/geekvapor.com\/fr\/order-tracking\/","title":{"rendered":"Suivi des commandes"},"content":{"rendered":"<p><!--Tracking number input box.--> <input type=\"text\" placeholder=\"Saisissez votre num\u00e9ro de suivi\" id=\"YQNum\" maxlength=\"50\" style=\"width: 100%; height: 57px;\"> <!--The button is used to call script method.--> <input style=\"background: #000; border-radius: 0; width: 100%; height: 50px; margin-left: 0px; color: #fff;\" type=\"button\" value=\"PISTE\" onclick=\"doTrack()\"> <!--Container to display the tracking result.--><br \/>\n<!--Script code can be put in the bottom of the page, wait until the page is loaded then execute.-->  \t\t\t\t<\/p>\n<details id=\"e-n-accordion-item-2470\" open>\n<summary data-accordion-index=\"1\" tabindex=\"0\" aria-expanded=\"true\" aria-controls=\"e-n-accordion-item-2470\" >\n\t\t\t\t\t Pourquoi ne puis-je pas voir mes informations logistiques ?<br \/>\n\t\t\t<svg aria-hidden=\"true\" viewbox=\"0 0 448 512\" xmlns=\"https:\/\/www.w3.org\/2000\/svg\"><path d=\"M416 208H32c-17.67 0-32 14.33-32 32v32c0 17.67 14.33 32 32 32h384c17.67 0 32-14.33 32-32v-32c0-17.67-14.33-32-32-32z\"><\/path><\/svg><br \/>\n\t\t\t<svg aria-hidden=\"true\" viewbox=\"0 0 448 512\" xmlns=\"https:\/\/www.w3.org\/2000\/svg\"><path d=\"M416 208H272V64c0-17.67-14.33-32-32-32h-32c-17.67 0-32 14.33-32 32v144H32c-17.67 0-32 14.33-32 32v32c0 17.67 14.33 32 32 32h144v144c0 17.67 14.33 32 32 32h32c17.67 0 32-14.33 32-32V304h144c17.67 0 32-14.33 32-32v-32c0-17.67-14.33-32-32-32z\"><\/path><\/svg><br \/>\n\t\t\t\t\t\t<\/summary>\n<p>Cela peut se produire si le num\u00e9ro de suivi est incorrect ou si votre colis a \u00e9t\u00e9 exp\u00e9di\u00e9 r\u00e9cemment et que le transporteur n'a pas encore mis \u00e0 jour son syst\u00e8me.<\/p>\n<\/details>\n<details id=\"e-n-accordion-item-2471\" >\n<summary data-accordion-index=\"2\" tabindex=\"-1\" aria-expanded=\"false\" aria-controls=\"e-n-accordion-item-2471\" >\n\t\t\t\t\t Combien de temps dure l'exp\u00e9dition ?<br \/>\n\t\t\t<svg aria-hidden=\"true\" viewbox=\"0 0 448 512\" xmlns=\"https:\/\/www.w3.org\/2000\/svg\"><path d=\"M416 208H32c-17.67 0-32 14.33-32 32v32c0 17.67 14.33 32 32 32h384c17.67 0 32-14.33 32-32v-32c0-17.67-14.33-32-32-32z\"><\/path><\/svg><br \/>\n\t\t\t<svg aria-hidden=\"true\" viewbox=\"0 0 448 512\" xmlns=\"https:\/\/www.w3.org\/2000\/svg\"><path d=\"M416 208H272V64c0-17.67-14.33-32-32-32h-32c-17.67 0-32 14.33-32 32v144H32c-17.67 0-32 14.33-32 32v32c0 17.67 14.33 32 32 32h144v144c0 17.67 14.33 32 32 32h32c17.67 0 32-14.33 32-32V304h144c17.67 0 32-14.33 32-32v-32c0-17.67-14.33-32-32-32z\"><\/path><\/svg><br \/>\n\t\t\t\t\t\t<\/summary>\n<p>L'exp\u00e9dition prend g\u00e9n\u00e9ralement de 7 \u00e0 15 jours ouvrables\uff08La livraison depuis les entrep\u00f4ts europ\u00e9ens ne prend que 3 \u00e0 5 jours.\uff09. Pendant les vacances ou en cas de mauvais temps, cela peut prendre jusqu'\u00e0 20 jours. Nous vous tiendrons au courant \u00e0 chaque \u00e9tape du processus !<\/p>\n<\/details>\n<details id=\"e-n-accordion-item-2472\" >\n<summary data-accordion-index=\"3\" tabindex=\"-1\" aria-expanded=\"false\" aria-controls=\"e-n-accordion-item-2472\" >\n\t\t\t\t\t Pourquoi le statut de votre suivi n'a-t-il pas \u00e9t\u00e9 mis \u00e0 jour ?<br \/>\n\t\t\t<svg aria-hidden=\"true\" viewbox=\"0 0 448 512\" xmlns=\"https:\/\/www.w3.org\/2000\/svg\"><path d=\"M416 208H32c-17.67 0-32 14.33-32 32v32c0 17.67 14.33 32 32 32h384c17.67 0 32-14.33 32-32v-32c0-17.67-14.33-32-32-32z\"><\/path><\/svg><br \/>\n\t\t\t<svg aria-hidden=\"true\" viewbox=\"0 0 448 512\" xmlns=\"https:\/\/www.w3.org\/2000\/svg\"><path d=\"M416 208H272V64c0-17.67-14.33-32-32-32h-32c-17.67 0-32 14.33-32 32v144H32c-17.67 0-32 14.33-32 32v32c0 17.67 14.33 32 32 32h144v144c0 17.67 14.33 32 32 32h32c17.67 0 32-14.33 32-32V304h144c17.67 0 32-14.33 32-32v-32c0-17.67-14.33-32-32-32z\"><\/path><\/svg><br \/>\n\t\t\t\t\t\t<\/summary>\n<p>Ne vous inqui\u00e9tez pas, cela peut arriver en raison de vacances, de vols limit\u00e9s, d'une forte demande d'exp\u00e9dition ou de contr\u00f4les douaniers. Nous vous remercions de votre patience !<\/p>\n<\/details>\n<details id=\"e-n-accordion-item-2473\" >\n<summary data-accordion-index=\"4\" tabindex=\"-1\" aria-expanded=\"false\" aria-controls=\"e-n-accordion-item-2473\" >\n\t\t\t\t\t Votre suivi indique \u201cLivr\u00e9\u201d, mais vous n'avez pas votre colis ?<br \/>\n\t\t\t<svg aria-hidden=\"true\" viewbox=\"0 0 448 512\" xmlns=\"https:\/\/www.w3.org\/2000\/svg\"><path d=\"M416 208H32c-17.67 0-32 14.33-32 32v32c0 17.67 14.33 32 32 32h384c17.67 0 32-14.33 32-32v-32c0-17.67-14.33-32-32-32z\"><\/path><\/svg><br \/>\n\t\t\t<svg aria-hidden=\"true\" viewbox=\"0 0 448 512\" xmlns=\"https:\/\/www.w3.org\/2000\/svg\"><path d=\"M416 208H272V64c0-17.67-14.33-32-32-32h-32c-17.67 0-32 14.33-32 32v144H32c-17.67 0-32 14.33-32 32v32c0 17.67 14.33 32 32 32h144v144c0 17.67 14.33 32 32 32h32c17.67 0 32-14.33 32-32V304h144c17.67 0 32-14.33 32-32v-32c0-17.67-14.33-32-32-32z\"><\/path><\/svg><br \/>\n\t\t\t\t\t\t<\/summary>\n<article id=\"post-25522\">\n<p>Contactez notre service client\u00e8le - nous sommes l\u00e0 pour vous aider !<\/p>\n<\/article>\n<\/details>\n<p>Cela peut se produire si le num\u00e9ro de suivi est incorrect ou si votre colis a \u00e9t\u00e9 exp\u00e9di\u00e9 r\u00e9cemment et que le transporteur n'a pas encore mis \u00e0 jour son syst\u00e8me.<\/p>\n<p>L'exp\u00e9dition prend g\u00e9n\u00e9ralement de 7 \u00e0 15 jours ouvrables\uff08La livraison depuis les entrep\u00f4ts europ\u00e9ens ne prend que 3 \u00e0 5 jours.\uff09. Pendant les vacances ou en cas de mauvais temps, cela peut prendre jusqu'\u00e0 20 jours. Nous vous tiendrons au courant \u00e0 chaque \u00e9tape du processus !<\/p>\n<p>Ne vous inqui\u00e9tez pas, cela peut arriver en raison de vacances, de vols limit\u00e9s, d'une forte demande d'exp\u00e9dition ou de contr\u00f4les douaniers. Nous vous remercions de votre patience !<\/p>\n<article id=\"post-25522\">\n<p>Contactez notre service client\u00e8le - nous sommes l\u00e0 pour vous aider !<\/p>\n<\/article>","protected":false},"excerpt":{"rendered":"<p>Why can&#8217;t I see my logistics info? This might happen if the tracking number is incorrect, or if your package was recently shipped and the courier hasn\u2019t updated their system yet. How long does shipping take? Shipping usually takes 7\u201315 business days\uff08Delivery from European warehouses takes only 3-5 days.\uff09. During holidays or bad weather, it [&hellip;]<\/p>\n","protected":false},"author":1,"featured_media":0,"parent":0,"menu_order":0,"comment_status":"closed","ping_status":"closed","template":"page-visual-composer.php","meta":{"footnotes":""},"class_list":["post-2965","page","type-page","status-publish","hentry"],"yoast_head":"<!-- This site is optimized with the Yoast SEO Premium plugin v24.0 (Yoast SEO v26.0) - https:\/\/yoast.com\/wordpress\/plugins\/seo\/ -->\n<title>Order Tracking | geekvapor<\/title>\n<meta name=\"robots\" content=\"index, follow, max-snippet:-1, max-image-preview:large, max-video-preview:-1\" \/>\n<link rel=\"canonical\" href=\"https:\/\/geekvapor.com\/fr\/order-tracking\/\" \/>\n<meta property=\"og:locale\" content=\"fr_FR\" \/>\n<meta property=\"og:type\" content=\"article\" \/>\n<meta property=\"og:title\" content=\"Order Tracking\" \/>\n<meta property=\"og:description\" content=\"Why can&#8217;t I see my logistics info? This might happen if the tracking number is incorrect, or if your package was recently shipped and the courier hasn\u2019t updated their system yet. How long does shipping take? Shipping usually takes 7\u201315 business days\uff08Delivery from European warehouses takes only 3-5 days.\uff09. During holidays or bad weather, it [&hellip;]\" \/>\n<meta property=\"og:url\" content=\"https:\/\/geekvapor.com\/fr\/order-tracking\/\" \/>\n<meta property=\"og:site_name\" content=\"geekvapor\" \/>\n<meta property=\"article:modified_time\" content=\"2025-10-10T10:32:37+00:00\" \/>\n<meta name=\"twitter:card\" content=\"summary_large_image\" \/>\n<meta name=\"twitter:label1\" content=\"Dur\u00e9e de lecture estim\u00e9e\" \/>\n\t<meta name=\"twitter:data1\" content=\"1 minute\" \/>\n<script type=\"application\/ld+json\" class=\"yoast-schema-graph\">{\"@context\":\"https:\/\/schema.org\",\"@graph\":[{\"@type\":\"WebPage\",\"@id\":\"https:\/\/geekvapor.com\/order-tracking\/\",\"url\":\"https:\/\/geekvapor.com\/order-tracking\/\",\"name\":\"Order Tracking | geekvapor\",\"isPartOf\":{\"@id\":\"https:\/\/geekvapor.com\/#website\"},\"datePublished\":\"2019-08-02T09:34:08+00:00\",\"dateModified\":\"2025-10-10T10:32:37+00:00\",\"breadcrumb\":{\"@id\":\"https:\/\/geekvapor.com\/order-tracking\/#breadcrumb\"},\"inLanguage\":\"fr-FR\",\"potentialAction\":[{\"@type\":\"ReadAction\",\"target\":[\"https:\/\/geekvapor.com\/order-tracking\/\"]}]},{\"@type\":\"BreadcrumbList\",\"@id\":\"https:\/\/geekvapor.com\/order-tracking\/#breadcrumb\",\"itemListElement\":[{\"@type\":\"ListItem\",\"position\":1,\"name\":\"\u9996\u9875\",\"item\":\"https:\/\/geekvapor.com\/\"},{\"@type\":\"ListItem\",\"position\":2,\"name\":\"Order Tracking\"}]},{\"@type\":\"WebSite\",\"@id\":\"https:\/\/geekvapor.com\/#website\",\"url\":\"https:\/\/geekvapor.com\/\",\"name\":\"geekvapor\",\"description\":\"\",\"potentialAction\":[{\"@type\":\"SearchAction\",\"target\":{\"@type\":\"EntryPoint\",\"urlTemplate\":\"https:\/\/geekvapor.com\/?s={search_term_string}\"},\"query-input\":{\"@type\":\"PropertyValueSpecification\",\"valueRequired\":true,\"valueName\":\"search_term_string\"}}],\"inLanguage\":\"fr-FR\"}]}<\/script>\n<!-- \/ Yoast SEO Premium plugin. -->","yoast_head_json":{"title":"Suivi de commande | geekvapor","robots":{"index":"index","follow":"follow","max-snippet":"max-snippet:-1","max-image-preview":"max-image-preview:large","max-video-preview":"max-video-preview:-1"},"canonical":"https:\/\/geekvapor.com\/fr\/order-tracking\/","og_locale":"fr_FR","og_type":"article","og_title":"Order Tracking","og_description":"Why can&#8217;t I see my logistics info? This might happen if the tracking number is incorrect, or if your package was recently shipped and the courier hasn\u2019t updated their system yet. How long does shipping take? Shipping usually takes 7\u201315 business days\uff08Delivery from European warehouses takes only 3-5 days.\uff09. During holidays or bad weather, it [&hellip;]","og_url":"https:\/\/geekvapor.com\/fr\/order-tracking\/","og_site_name":"geekvapor","article_modified_time":"2025-10-10T10:32:37+00:00","twitter_card":"summary_large_image","twitter_misc":{"Dur\u00e9e de lecture estim\u00e9e":"1 minute"},"schema":{"@context":"https:\/\/schema.org","@graph":[{"@type":"WebPage","@id":"https:\/\/geekvapor.com\/order-tracking\/","url":"https:\/\/geekvapor.com\/order-tracking\/","name":"Suivi de commande | geekvapor","isPartOf":{"@id":"https:\/\/geekvapor.com\/#website"},"datePublished":"2019-08-02T09:34:08+00:00","dateModified":"2025-10-10T10:32:37+00:00","breadcrumb":{"@id":"https:\/\/geekvapor.com\/order-tracking\/#breadcrumb"},"inLanguage":"fr-FR","potentialAction":[{"@type":"ReadAction","target":["https:\/\/geekvapor.com\/order-tracking\/"]}]},{"@type":"BreadcrumbList","@id":"https:\/\/geekvapor.com\/order-tracking\/#breadcrumb","itemListElement":[{"@type":"ListItem","position":1,"name":"\u9996\u9875","item":"https:\/\/geekvapor.com\/"},{"@type":"ListItem","position":2,"name":"Order Tracking"}]},{"@type":"WebSite","@id":"https:\/\/geekvapor.com\/#website","url":"https:\/\/geekvapor.com\/","name":"geekvapor","description":"","potentialAction":[{"@type":"SearchAction","target":{"@type":"EntryPoint","urlTemplate":"https:\/\/geekvapor.com\/?s={search_term_string}"},"query-input":{"@type":"PropertyValueSpecification","valueRequired":true,"valueName":"search_term_string"}}],"inLanguage":"fr-FR"}]}},"_links":{"self":[{"href":"https:\/\/geekvapor.com\/fr\/wp-json\/wp\/v2\/pages\/2965","targetHints":{"allow":["GET"]}}],"collection":[{"href":"https:\/\/geekvapor.com\/fr\/wp-json\/wp\/v2\/pages"}],"about":[{"href":"https:\/\/geekvapor.com\/fr\/wp-json\/wp\/v2\/types\/page"}],"author":[{"embeddable":true,"href":"https:\/\/geekvapor.com\/fr\/wp-json\/wp\/v2\/users\/1"}],"replies":[{"embeddable":true,"href":"https:\/\/geekvapor.com\/fr\/wp-json\/wp\/v2\/comments?post=2965"}],"version-history":[{"count":2,"href":"https:\/\/geekvapor.com\/fr\/wp-json\/wp\/v2\/pages\/2965\/revisions"}],"predecessor-version":[{"id":29797,"href":"https:\/\/geekvapor.com\/fr\/wp-json\/wp\/v2\/pages\/2965\/revisions\/29797"}],"wp:attachment":[{"href":"https:\/\/geekvapor.com\/fr\/wp-json\/wp\/v2\/media?parent=2965"}],"curies":[{"name":"wp","href":"https:\/\/api.w.org\/{rel}","templated":true}]}}