{"id":28212,"date":"2024-12-20T07:20:52","date_gmt":"2024-12-20T07:20:52","guid":{"rendered":"https:\/\/geekvapor.com\/?page_id=28212"},"modified":"2024-12-20T10:19:23","modified_gmt":"2024-12-20T10:19:23","slug":"terms-and-conditions","status":"publish","type":"page","link":"https:\/\/geekvapor.com\/fr\/terms-and-conditions\/","title":{"rendered":"Conditions g\u00e9n\u00e9rales d'utilisation"},"content":{"rendered":"<div data-elementor-type=\"wp-page\" data-elementor-id=\"28212\" class=\"elementor elementor-28212\">\n\t\t\t\t<div class=\"elementor-element elementor-element-4c5732a e-flex e-con-boxed e-con e-parent\" data-id=\"4c5732a\" data-element_type=\"container\">\n\t\t\t\t\t<div class=\"e-con-inner\">\n\t\t\t\t<div class=\"elementor-element elementor-element-cab5651 elementor-widget elementor-widget-heading\" data-id=\"cab5651\" data-element_type=\"widget\" data-widget_type=\"heading.default\">\n\t\t\t\t<div class=\"elementor-widget-container\">\n\t\t\t\t\t<h2 class=\"elementor-heading-title elementor-size-default\">CONDITIONS G\u00c9N\u00c9RALES<\/h2>\t\t\t\t<\/div>\n\t\t\t\t<\/div>\n\t\t\t\t\t<\/div>\n\t\t\t\t<\/div>\n\t\t<div class=\"elementor-element elementor-element-2faa7f6 e-flex e-con-boxed e-con e-parent\" data-id=\"2faa7f6\" data-element_type=\"container\">\n\t\t\t\t\t<div class=\"e-con-inner\">\n\t\t\t\t<div class=\"elementor-element elementor-element-a2b39db elementor-widget elementor-widget-text-editor\" data-id=\"a2b39db\" data-element_type=\"widget\" data-widget_type=\"text-editor.default\">\n\t\t\t\t<div class=\"elementor-widget-container\">\n\t\t\t\t\t\t\t\t\t<p>Les pr\u00e9sentes conditions g\u00e9n\u00e9rales (les \"conditions g\u00e9n\u00e9rales\") r\u00e9gissent l'utilisation du site geekvapor.com (le \"site\"). Ce site est d\u00e9tenu et exploit\u00e9 par geekvapor. Ce site est un site de commerce \u00e9lectronique.<\/p><p>En utilisant ce site, vous indiquez que vous avez lu et compris les pr\u00e9sentes conditions et que vous acceptez de les respecter \u00e0 tout moment.<\/p><div><h3>Propri\u00e9t\u00e9 intellectuelle<\/h3><p>Tout le contenu publi\u00e9 et mis \u00e0 disposition sur notre Site est la propri\u00e9t\u00e9 de geekvapor et des cr\u00e9ateurs du Site. Il s'agit notamment des images, des textes, des logos, des documents, des fichiers t\u00e9l\u00e9chargeables et de tout ce qui contribue \u00e0 la composition de notre Site.<\/p><\/div><div><h3>Restrictions d'\u00e2ge<\/h3><p>L'\u00e2ge minimum pour utiliser notre site est de 21 ans. En utilisant ce site, les utilisateurs acceptent d'avoir plus de 21 ans. Nous n'assumons aucune responsabilit\u00e9 juridique en cas de fausse d\u00e9claration concernant l'\u00e2ge.<\/p><\/div><div><h3>Utilisation acceptable<\/h3><p>En tant qu'utilisateur de notre site, vous acceptez d'utiliser notre site l\u00e9galement, de ne pas l'utiliser \u00e0 des fins ill\u00e9gales et de ne pas le faire :<\/p><ul><li value=\"1\">Harceler ou maltraiter d'autres utilisateurs de notre site ;<\/li><li value=\"2\">violer les droits des autres utilisateurs de notre site ;<\/li><li value=\"3\">violer les droits de propri\u00e9t\u00e9 intellectuelle des propri\u00e9taires du site ou de tout tiers au site ;<\/li><li value=\"4\">S'introduire dans le compte d'un autre utilisateur du site ;<\/li><li value=\"5\">agir d'une mani\u00e8re qui pourrait \u00eatre consid\u00e9r\u00e9e comme frauduleuse ; ou<\/li><li value=\"6\">Publier tout mat\u00e9riel pouvant \u00eatre consid\u00e9r\u00e9 comme inappropri\u00e9 ou offensant.<\/li><\/ul><p>Si nous pensons que vous utilisez notre site ill\u00e9galement ou d'une mani\u00e8re qui viole les pr\u00e9sentes conditions g\u00e9n\u00e9rales, nous nous r\u00e9servons le droit de limiter, de suspendre ou de r\u00e9silier votre acc\u00e8s \u00e0 notre site. Nous nous r\u00e9servons \u00e9galement le droit de prendre toutes les mesures juridiques n\u00e9cessaires pour vous emp\u00eacher d'acc\u00e9der \u00e0 notre site.<\/p><\/div><div><h3>Contributions des utilisateurs<\/h3><p>Les utilisateurs peuvent publier les informations suivantes sur notre site :<\/p><ul><li value=\"1\">Photos ; et<\/li><li value=\"2\">Commentaires du public.<\/li><\/ul><p>En publiant sur notre site, vous acceptez de ne pas agir ill\u00e9galement ou de ne pas violer les pr\u00e9sentes conditions g\u00e9n\u00e9rales.<\/p><\/div><div><h3>Comptes<\/h3><p>Lorsque vous cr\u00e9ez un compte sur notre site, vous acceptez ce qui suit :<\/p><ol start=\"1\"><li value=\"1\">Vous \u00eates seul responsable de votre compte, de sa s\u00e9curit\u00e9 et de sa confidentialit\u00e9, y compris des mots de passe ou des informations sensibles li\u00e9es \u00e0 ce compte ; et<\/li><li value=\"2\">Toutes les informations personnelles que vous nous fournissez par l'interm\u00e9diaire de votre compte sont \u00e0 jour, exactes et v\u00e9ridiques et vous mettrez \u00e0 jour vos informations personnelles en cas de changement.<\/li><\/ol><p>Nous nous r\u00e9servons le droit de suspendre ou de r\u00e9silier votre compte si vous utilisez notre site de mani\u00e8re ill\u00e9gale ou si vous enfreignez les pr\u00e9sentes conditions g\u00e9n\u00e9rales.<\/p><\/div><div><h3>Vente de marchandises<\/h3><p>Les pr\u00e9sentes conditions g\u00e9n\u00e9rales r\u00e9gissent la vente des biens disponibles sur notre site.<\/p><p>Les produits suivants sont disponibles sur notre site :<\/p><ul><li value=\"1\">Vape \u00e0 usage unique ; et<\/li><li value=\"2\">Kit de vaporisation.<\/li><\/ul><p>Les pr\u00e9sentes conditions g\u00e9n\u00e9rales s'appliquent \u00e0 toutes les marchandises affich\u00e9es sur notre site au moment o\u00f9 vous y acc\u00e9dez. Ceci inclut tous les produits list\u00e9s comme \u00e9tant en rupture de stock. Toutes les informations, descriptions ou images que nous fournissons sur nos produits sont aussi pr\u00e9cises que possible. Toutefois, nous ne sommes pas l\u00e9galement li\u00e9s par ces informations, descriptions ou images, car nous ne pouvons pas garantir l'exactitude de tous les produits que nous fournissons. Vous acceptez d'acheter des produits sur notre site \u00e0 vos propres risques.<\/p><p>Nous nous r\u00e9servons le droit de modifier, de refuser ou d'annuler votre commande chaque fois que cela s'av\u00e8re n\u00e9cessaire. Si nous annulons votre commande et que nous avons d\u00e9j\u00e0 trait\u00e9 votre paiement, nous vous rembourserons le montant que vous avez pay\u00e9. Vous acceptez qu'il est de votre responsabilit\u00e9 de surveiller votre instrument de paiement pour v\u00e9rifier la r\u00e9ception de tout remboursement.<\/p><\/div><div><p>Biens et services de tiers<br \/>Notre site peut proposer des biens et des services provenant de tiers. Nous ne pouvons pas garantir la qualit\u00e9 ou l'exactitude des biens et services mis \u00e0 disposition par des tiers sur notre site.<\/p><\/div><div><h3>Paiements<\/h3><p>Nous acceptons les modes de paiement suivants sur notre site :<\/p><ul><li value=\"1\">Carte de cr\u00e9dit ;<\/li><li value=\"2\">PayPal ; et<\/li><li value=\"3\">D\u00e9bit.<\/li><\/ul><p>Lorsque vous nous fournissez vos informations de paiement, vous nous autorisez \u00e0 utiliser l'instrument de paiement que vous avez choisi et \u00e0 y acc\u00e9der. En nous fournissant vos informations de paiement, vous nous autorisez \u00e0 d\u00e9biter le montant d\u00fb sur cet instrument de paiement.<\/p><p>Si nous pensons que votre paiement a enfreint une loi ou les pr\u00e9sentes conditions g\u00e9n\u00e9rales, nous nous r\u00e9servons le droit d'annuler ou de contrepasser votre transaction.<\/p><\/div><div><h3>Exp\u00e9dition et livraison<\/h3><p>Lorsque vous achetez des marchandises sur notre site, celles-ci sont livr\u00e9es selon l'une des m\u00e9thodes suivantes :<\/p><ul><li value=\"2\">DHL ; et<\/li><li value=\"3\">UPS.<\/li><\/ul><p>La livraison aura lieu d\u00e8s que possible, en fonction de la m\u00e9thode de livraison choisie. Les d\u00e9lais de livraison peuvent varier en raison de circonstances impr\u00e9vues. Veuillez noter que les d\u00e9lais de livraison ne comprennent pas les week-ends et les jours f\u00e9ri\u00e9s.<\/p><p>La livraison des marchandises que vous achetez sur notre site ne vous sera pas factur\u00e9e.<\/p><p>Vous \u00eates tenu de nous fournir une adresse de livraison compl\u00e8te et exacte, y compris le nom du destinataire. Nous ne sommes pas responsables de la livraison de vos marchandises \u00e0 la mauvaise adresse ou \u00e0 la mauvaise personne parce que vous nous avez fourni des informations inexactes ou incompl\u00e8tes.<\/p><\/div><div><div><h3>Remboursements<\/h3><p>Remboursements pour les marchandises<br \/>Les demandes de remboursement doivent \u00eatre effectu\u00e9es dans les 30 jours suivant la r\u00e9ception des marchandises.<\/p><p>Nous acceptons les demandes de remboursement des marchandises vendues sur notre site pour l'une des raisons suivantes :<\/p><ul><li value=\"1\">Le bien est cass\u00e9.<\/li><\/ul><\/div><\/div><div><h3>Retours<\/h3><p>Les retours peuvent \u00eatre effectu\u00e9s par courrier. Pour retourner un produit par la poste, suivez la proc\u00e9dure suivante :<br \/>Emballez vos marchandises et collez l'\u00e9tiquette de retour incluse dans votre colis. Rendez-vous au bureau de poste le plus proche et payez les frais de port n\u00e9cessaires.<\/p><\/div><div><h3>Droit de la protection des consommateurs<\/h3><p>Si la l\u00e9gislation sur la protection des consommateurs en vigueur dans votre juridiction s'applique et ne peut \u00eatre exclue, les pr\u00e9sentes conditions g\u00e9n\u00e9rales ne limiteront pas vos droits et recours l\u00e9gaux en vertu de cette l\u00e9gislation. Les pr\u00e9sentes conditions g\u00e9n\u00e9rales seront lues sous r\u00e9serve des dispositions obligatoires de cette l\u00e9gislation. En cas de conflit entre les pr\u00e9sentes conditions g\u00e9n\u00e9rales et cette l\u00e9gislation, les dispositions obligatoires de la l\u00e9gislation s'appliqueront.<\/p><\/div><div><h3>Limitation de la responsabilit\u00e9<\/h3><p>geekvapor et nos administrateurs, dirigeants, agents, employ\u00e9s, filiales et affili\u00e9s ne seront pas responsables des actions, r\u00e9clamations, pertes, dommages, responsabilit\u00e9s et d\u00e9penses, y compris les frais de justice, r\u00e9sultant de votre utilisation du Site.<\/p><\/div><div><h3>Indemnit\u00e9<\/h3><p>Sauf si la loi l'interdit, en utilisant ce Site, vous indemnisez et d\u00e9gagez de toute responsabilit\u00e9 geekvapor et nos administrateurs, dirigeants, agents, employ\u00e9s, filiales et affili\u00e9s de toute action, r\u00e9clamation, perte, dommage, responsabilit\u00e9 et d\u00e9pense, y compris les frais de justice, r\u00e9sultant de votre utilisation de notre Site ou de votre violation des pr\u00e9sentes Conditions G\u00e9n\u00e9rales d'Utilisation.<\/p><\/div><div><h3>S\u00e9v\u00e9rit\u00e9<\/h3><p>Si, \u00e0 un moment quelconque, l'une des dispositions \u00e9nonc\u00e9es dans les pr\u00e9sentes conditions g\u00e9n\u00e9rales s'av\u00e8re incompatible ou invalide au regard des lois applicables, cette disposition sera consid\u00e9r\u00e9e comme nulle et sera supprim\u00e9e des pr\u00e9sentes conditions g\u00e9n\u00e9rales. Toutes les autres dispositions ne seront pas affect\u00e9es par cette suppression et le reste des pr\u00e9sentes conditions g\u00e9n\u00e9rales sera toujours consid\u00e9r\u00e9 comme valide.<\/p><\/div><div><h3>Changements<\/h3><p>Les pr\u00e9sentes conditions g\u00e9n\u00e9rales peuvent \u00eatre modifi\u00e9es de temps \u00e0 autre afin de rester conformes \u00e0 la loi et de refl\u00e9ter tout changement dans la mani\u00e8re dont nous exploitons notre site et dans la mani\u00e8re dont nous attendons des utilisateurs qu'ils se comportent sur notre site. Nous informerons les utilisateurs par courrier \u00e9lectronique des modifications apport\u00e9es aux pr\u00e9sentes conditions g\u00e9n\u00e9rales ou publierons un avis sur notre site.<\/p><\/div><div><h3>Coordonn\u00e9es<\/h3><p>N'h\u00e9sitez pas \u00e0 nous contacter si vous avez des questions ou des pr\u00e9occupations. Nos coordonn\u00e9es sont les suivantes :<br \/>______________________________________<br \/>info@GeekVapor.com<br \/>______________________________________<\/p><p>Vous pouvez \u00e9galement nous contacter par le biais du formulaire de retour d'information disponible sur notre site.<\/p><\/div><p>Date d'entr\u00e9e en vigueur : 20e jour de d\u00e9cembre 2023<\/p>\t\t\t\t\t\t\t\t<\/div>\n\t\t\t\t<\/div>\n\t\t\t\t\t<\/div>\n\t\t\t\t<\/div>\n\t\t\t\t<\/div>","protected":false},"excerpt":{"rendered":"<p>TERMS AND CONDITIONS These terms and conditions (the &#8220;Terms and Conditions&#8221;) govern the use of\u00a0geekvapor.com\u00a0(the &#8220;Site&#8221;). This Site is owned and operated by geekvapor. This Site is an ecommerce website. By using this Site, you indicate that you have read and understand these Terms and Conditions and agree to abide by them at all times. [&hellip;]<\/p>\n","protected":false},"author":1,"featured_media":0,"parent":0,"menu_order":0,"comment_status":"closed","ping_status":"closed","template":"","meta":{"footnotes":""},"class_list":["post-28212","page","type-page","status-publish","hentry"],"yoast_head":"<!-- This site is optimized with the Yoast SEO Premium plugin v24.0 (Yoast SEO v26.0) - https:\/\/yoast.com\/wordpress\/plugins\/seo\/ -->\n<title>Terms And Conditions | geekvapor<\/title>\n<meta name=\"robots\" content=\"index, follow, max-snippet:-1, max-image-preview:large, max-video-preview:-1\" \/>\n<link rel=\"canonical\" href=\"https:\/\/geekvapor.com\/fr\/terms-and-conditions\/\" \/>\n<meta property=\"og:locale\" content=\"fr_FR\" \/>\n<meta property=\"og:type\" content=\"article\" \/>\n<meta property=\"og:title\" content=\"Terms And Conditions\" \/>\n<meta property=\"og:description\" content=\"TERMS AND CONDITIONS These terms and conditions (the &#8220;Terms and Conditions&#8221;) govern the use of\u00a0geekvapor.com\u00a0(the &#8220;Site&#8221;). This Site is owned and operated by geekvapor. This Site is an ecommerce website. By using this Site, you indicate that you have read and understand these Terms and Conditions and agree to abide by them at all times. [&hellip;]\" \/>\n<meta property=\"og:url\" content=\"https:\/\/geekvapor.com\/fr\/terms-and-conditions\/\" \/>\n<meta property=\"og:site_name\" content=\"geekvapor\" \/>\n<meta property=\"article:modified_time\" content=\"2024-12-20T10:19:23+00:00\" \/>\n<meta name=\"twitter:card\" content=\"summary_large_image\" \/>\n<meta name=\"twitter:label1\" content=\"Dur\u00e9e de lecture estim\u00e9e\" \/>\n\t<meta name=\"twitter:data1\" content=\"6 minutes\" \/>\n<script type=\"application\/ld+json\" class=\"yoast-schema-graph\">{\"@context\":\"https:\/\/schema.org\",\"@graph\":[{\"@type\":\"WebPage\",\"@id\":\"https:\/\/geekvapor.com\/terms-and-conditions\/\",\"url\":\"https:\/\/geekvapor.com\/terms-and-conditions\/\",\"name\":\"Terms And Conditions | geekvapor\",\"isPartOf\":{\"@id\":\"https:\/\/geekvapor.com\/#website\"},\"datePublished\":\"2024-12-20T07:20:52+00:00\",\"dateModified\":\"2024-12-20T10:19:23+00:00\",\"breadcrumb\":{\"@id\":\"https:\/\/geekvapor.com\/terms-and-conditions\/#breadcrumb\"},\"inLanguage\":\"fr-FR\",\"potentialAction\":[{\"@type\":\"ReadAction\",\"target\":[\"https:\/\/geekvapor.com\/terms-and-conditions\/\"]}]},{\"@type\":\"BreadcrumbList\",\"@id\":\"https:\/\/geekvapor.com\/terms-and-conditions\/#breadcrumb\",\"itemListElement\":[{\"@type\":\"ListItem\",\"position\":1,\"name\":\"\u9996\u9875\",\"item\":\"https:\/\/geekvapor.com\/\"},{\"@type\":\"ListItem\",\"position\":2,\"name\":\"Terms And Conditions\"}]},{\"@type\":\"WebSite\",\"@id\":\"https:\/\/geekvapor.com\/#website\",\"url\":\"https:\/\/geekvapor.com\/\",\"name\":\"geekvapor\",\"description\":\"\",\"potentialAction\":[{\"@type\":\"SearchAction\",\"target\":{\"@type\":\"EntryPoint\",\"urlTemplate\":\"https:\/\/geekvapor.com\/?s={search_term_string}\"},\"query-input\":{\"@type\":\"PropertyValueSpecification\",\"valueRequired\":true,\"valueName\":\"search_term_string\"}}],\"inLanguage\":\"fr-FR\"}]}<\/script>\n<!-- \/ Yoast SEO Premium plugin. -->","yoast_head_json":{"title":"Conditions g\u00e9n\u00e9rales de vente | geekvapor","robots":{"index":"index","follow":"follow","max-snippet":"max-snippet:-1","max-image-preview":"max-image-preview:large","max-video-preview":"max-video-preview:-1"},"canonical":"https:\/\/geekvapor.com\/fr\/terms-and-conditions\/","og_locale":"fr_FR","og_type":"article","og_title":"Terms And Conditions","og_description":"TERMS AND CONDITIONS These terms and conditions (the &#8220;Terms and Conditions&#8221;) govern the use of\u00a0geekvapor.com\u00a0(the &#8220;Site&#8221;). This Site is owned and operated by geekvapor. This Site is an ecommerce website. By using this Site, you indicate that you have read and understand these Terms and Conditions and agree to abide by them at all times. [&hellip;]","og_url":"https:\/\/geekvapor.com\/fr\/terms-and-conditions\/","og_site_name":"geekvapor","article_modified_time":"2024-12-20T10:19:23+00:00","twitter_card":"summary_large_image","twitter_misc":{"Dur\u00e9e de lecture estim\u00e9e":"6 minutes"},"schema":{"@context":"https:\/\/schema.org","@graph":[{"@type":"WebPage","@id":"https:\/\/geekvapor.com\/terms-and-conditions\/","url":"https:\/\/geekvapor.com\/terms-and-conditions\/","name":"Conditions g\u00e9n\u00e9rales de vente | geekvapor","isPartOf":{"@id":"https:\/\/geekvapor.com\/#website"},"datePublished":"2024-12-20T07:20:52+00:00","dateModified":"2024-12-20T10:19:23+00:00","breadcrumb":{"@id":"https:\/\/geekvapor.com\/terms-and-conditions\/#breadcrumb"},"inLanguage":"fr-FR","potentialAction":[{"@type":"ReadAction","target":["https:\/\/geekvapor.com\/terms-and-conditions\/"]}]},{"@type":"BreadcrumbList","@id":"https:\/\/geekvapor.com\/terms-and-conditions\/#breadcrumb","itemListElement":[{"@type":"ListItem","position":1,"name":"\u9996\u9875","item":"https:\/\/geekvapor.com\/"},{"@type":"ListItem","position":2,"name":"Terms And Conditions"}]},{"@type":"WebSite","@id":"https:\/\/geekvapor.com\/#website","url":"https:\/\/geekvapor.com\/","name":"geekvapor","description":"","potentialAction":[{"@type":"SearchAction","target":{"@type":"EntryPoint","urlTemplate":"https:\/\/geekvapor.com\/?s={search_term_string}"},"query-input":{"@type":"PropertyValueSpecification","valueRequired":true,"valueName":"search_term_string"}}],"inLanguage":"fr-FR"}]}},"_links":{"self":[{"href":"https:\/\/geekvapor.com\/fr\/wp-json\/wp\/v2\/pages\/28212","targetHints":{"allow":["GET"]}}],"collection":[{"href":"https:\/\/geekvapor.com\/fr\/wp-json\/wp\/v2\/pages"}],"about":[{"href":"https:\/\/geekvapor.com\/fr\/wp-json\/wp\/v2\/types\/page"}],"author":[{"embeddable":true,"href":"https:\/\/geekvapor.com\/fr\/wp-json\/wp\/v2\/users\/1"}],"replies":[{"embeddable":true,"href":"https:\/\/geekvapor.com\/fr\/wp-json\/wp\/v2\/comments?post=28212"}],"version-history":[{"count":0,"href":"https:\/\/geekvapor.com\/fr\/wp-json\/wp\/v2\/pages\/28212\/revisions"}],"wp:attachment":[{"href":"https:\/\/geekvapor.com\/fr\/wp-json\/wp\/v2\/media?parent=28212"}],"curies":[{"name":"wp","href":"https:\/\/api.w.org\/{rel}","templated":true}]}}