{"id":30364,"date":"2025-11-20T10:47:52","date_gmt":"2025-11-20T10:47:52","guid":{"rendered":"https:\/\/geekvapor.com\/?post_type=product&#038;p=30364"},"modified":"2025-11-20T10:47:54","modified_gmt":"2025-11-20T10:47:54","slug":"jnr-shisha-hookah-max-22000-22k-puffs-disposable-vape-adjustable-airflow","status":"publish","type":"product","link":"https:\/\/geekvapor.com\/es\/product\/jnr-shisha-hookah-max-22000-22k-puffs-disposable-vape-adjustable-airflow\/","title":{"rendered":"JNR Shisha hookah max 22000 22K Puffs Desechable Vape Flujo de aire ajustable"},"content":{"rendered":"<h1 class=\"font-bold text-h3 leading-[40px] pt-[21px] pb-[2px] [&amp;_a]:underline-offset-[6px] [&amp;_.underline]:underline-offset-[6px]\" dir=\"ltr\" style=\"text-align: center;\"><span style=\"color: #83b828;\">JNR Shisha hookah max 22000 Disposable Vape<\/span><\/h1>\n<p>The <strong data-start=\"98\" data-end=\"129\">JNR Shisha Hookah Max 22000<\/strong> is a premium disposable vape designed for extended sessions, delivering up to <strong data-start=\"208\" data-end=\"224\">22,000 puffs<\/strong> with consistent flavor and smooth vapor. Featuring a <strong data-start=\"278\" data-end=\"317\">1100mAh Type-C rechargeable battery<\/strong>, <strong data-start=\"319\" data-end=\"346\">29mL prefilled e-liquid<\/strong>, and <strong data-start=\"352\" data-end=\"374\">adjustable airflow<\/strong> with visible e-liquid levels, this device ensures a customizable vaping experience. Perfect for fruit flavor lovers, the <strong data-start=\"496\" data-end=\"517\">jnr shisha hookah<\/strong>, <strong data-start=\"519\" data-end=\"533\">jnr shisha<\/strong>, <strong data-start=\"535\" data-end=\"553\">jnr puff 22000<\/strong>, <strong data-start=\"555\" data-end=\"566\">jnr 22k<\/strong>, and <strong data-start=\"572\" data-end=\"597\">JNR Shisha Hookah Max<\/strong> series combines performance, convenience, and long-lasting satisfaction.<\/p>\n<h2 data-start=\"679\" data-end=\"716\"><strong data-start=\"681\" data-end=\"714\">Product Specifications<\/strong><\/h2>\n<ul>\n<li data-start=\"719\" data-end=\"735\"><a href=\"https:\/\/geekvapor.com\/product-category\/vape-brands\/jnr\/\"><strong data-start=\"719\" data-end=\"729\">Brand:<\/strong> JNR<\/a><\/li>\n<li data-start=\"738\" data-end=\"778\"><strong data-start=\"738\" data-end=\"748\">Model:<\/strong> JNR Shisha Hookah Max 22000<\/li>\n<li data-start=\"781\" data-end=\"812\"><strong data-start=\"781\" data-end=\"791\">Puffs:<\/strong> Up to 22,000 puffs<\/li>\n<li data-start=\"815\" data-end=\"857\"><strong data-start=\"815\" data-end=\"828\">Nicotine:<\/strong> 2% (20mg\/mL), 5% (50mg\/mL)<\/li>\n<li data-start=\"860\" data-end=\"882\"><strong data-start=\"860\" data-end=\"872\">Battery:<\/strong> 1100mAh<\/li>\n<li data-start=\"885\" data-end=\"911\"><strong data-start=\"885\" data-end=\"902\">Rechargeable:<\/strong> Type-C<\/li>\n<li data-start=\"914\" data-end=\"944\"><strong data-start=\"914\" data-end=\"937\">Prefilled E-liquid:<\/strong> 29mL<\/li>\n<li data-start=\"947\" data-end=\"973\"><strong data-start=\"947\" data-end=\"961\">Coil Type:<\/strong> Mesh Coil<\/li>\n<li data-start=\"976\" data-end=\"997\"><strong data-start=\"976\" data-end=\"989\">Charging:<\/strong> Cable<\/li>\n<li data-start=\"1000\" data-end=\"1036\"><strong data-start=\"1000\" data-end=\"1023\">Fully Charged Time:<\/strong> 20 minutes<\/li>\n<li data-start=\"1039\" data-end=\"1057\"><strong data-start=\"1039\" data-end=\"1050\">Weight:<\/strong> 130g<\/li>\n<li data-start=\"1060\" data-end=\"1094\"><strong data-start=\"1060\" data-end=\"1075\">Dimensions:<\/strong> 40 \u00d7 40 \u00d7 128 mm<\/li>\n<li data-start=\"1097\" data-end=\"1156\"><strong data-start=\"1097\" data-end=\"1110\">Features:<\/strong> Visible E-liquid Levels, Adjustable Airflow<\/li>\n<li data-start=\"1159\" data-end=\"1180\"><strong data-start=\"1159\" data-end=\"1174\">Disposable:<\/strong> Yes<\/li>\n<li data-start=\"1183\" data-end=\"1217\"><strong data-start=\"1183\" data-end=\"1201\">Flavor Series:<\/strong> Fruits Series<\/li>\n<li data-start=\"1220\" data-end=\"1245\"><strong data-start=\"1220\" data-end=\"1234\">Packaging:<\/strong> 5PCS\/Box<\/li>\n<li data-start=\"1248\" data-end=\"1285\"><strong data-start=\"1248\" data-end=\"1270\">Dispatch Location:<\/strong> EU Warehouse<\/li>\n<li data-start=\"1288\" data-end=\"1311\"><strong data-start=\"1288\" data-end=\"1305\">Suitable for:<\/strong> 18+<\/li>\n<\/ul>\n<h2 data-start=\"1318\" data-end=\"1340\"><strong data-start=\"1320\" data-end=\"1338\"> Flavors<\/strong><\/h2>\n<ol>\n<li data-start=\"1344\" data-end=\"1354\">Lush Ice<\/li>\n<li data-start=\"1358\" data-end=\"1369\">Peach Ice<\/li>\n<li data-start=\"1373\" data-end=\"1382\">Love 66<\/li>\n<li data-start=\"1386\" data-end=\"1397\">Two Apple<\/li>\n<li data-start=\"1401\" data-end=\"1413\">Grape Mint<\/li>\n<li data-start=\"1417\" data-end=\"1428\">Mango Ice<\/li>\n<li data-start=\"1432\" data-end=\"1445\">Simply Mint<\/li>\n<li data-start=\"1449\" data-end=\"1460\">Berry Ice<\/li>\n<li data-start=\"1464\" data-end=\"1479\">Blueberry Ice<\/li>\n<li data-start=\"1484\" data-end=\"1502\">Blue Razz Cherry<\/li>\n<li data-start=\"1507\" data-end=\"1519\">Lady Killa<\/li>\n<li data-start=\"1524\" data-end=\"1550\">Cherry Watermelon Freeze<\/li>\n<li data-start=\"1555\" data-end=\"1588\">Watermelon Strawberry Bubblegum<\/li>\n<li data-start=\"1593\" data-end=\"1610\">Strawberry Kiwi<\/li>\n<li data-start=\"1615\" data-end=\"1670\">Strawberry Punch<br data-start=\"1631\" data-end=\"1634\" \/><strong data-start=\"1634\" data-end=\"1668\">Random Flavors (Fast Delivery)<\/strong><\/li>\n<\/ol>\n","protected":false},"excerpt":{"rendered":"<ul>\n<li>22000 puffs<\/li>\n<li>15 sabores<\/li>\n<li>1100mAh<\/li>\n<li>Flujo de aire ajustable<\/li>\n<li>Niveles visibles de e-l\u00edquido<\/li>\n<li>Bater\u00eda y pantalla l\u00edquida<\/li>\n<li>2%\/5% Nivel de nicotina<\/li>\n<li>L\u00edquido de llenado 29ML<\/li>\n<\/ul>","protected":false},"featured_media":30407,"comment_status":"open","ping_status":"closed","template":"","meta":[],"product_brand":[],"product_cat":[282,197,205,211,201,215,266],"product_tag":[],"class_list":{"0":"post-30364","1":"product","2":"type-product","3":"status-publish","4":"has-post-thumbnail","6":"product_cat-all-vape","7":"product_cat-best-disposable-vape","8":"product_cat-hookah-vape","9":"product_cat-crystal-vape","10":"product_cat-rechargeable-vapes","11":"product_cat-22000-puffs","12":"product_cat-jnr","14":"first","15":"instock","16":"shipping-taxable","17":"purchasable","18":"product-type-variable"},"yoast_head":"<!-- This site is optimized with the Yoast SEO Premium plugin v24.0 (Yoast SEO v26.0) - https:\/\/yoast.com\/wordpress\/plugins\/seo\/ -->\n<title>JNR Shisha Hookah Max 22000 \u2013 JNR 22K Disposable Vape | geekvapor<\/title>\n<meta name=\"description\" content=\"Experience the JNR Shisha Hookah Max 22000, a high-capacity disposable with 29mL e-liquid, 1100mAh Type-C rechargeable battery, adjustable airflow, and visible e-liquid levels. Enjoy up to 22,000 puffs with rich fruit flavors. Shop jnr shisha hookah, jnr 22k, and jnr puff 22000 today.\" \/>\n<meta name=\"robots\" content=\"index, follow, max-snippet:-1, max-image-preview:large, max-video-preview:-1\" \/>\n<link rel=\"canonical\" href=\"https:\/\/geekvapor.com\/es\/product\/jnr-shisha-hookah-max-22000-22k-puffs-disposable-vape-adjustable-airflow\/\" \/>\n<meta property=\"og:locale\" content=\"es_ES\" \/>\n<meta property=\"og:type\" content=\"article\" \/>\n<meta property=\"og:title\" content=\"JNR Shisha hookah max 22000 22K Puffs Disposable Vape Adjustable Airflow\" \/>\n<meta property=\"og:description\" content=\"Experience the JNR Shisha Hookah Max 22000, a high-capacity disposable with 29mL e-liquid, 1100mAh Type-C rechargeable battery, adjustable airflow, and visible e-liquid levels. Enjoy up to 22,000 puffs with rich fruit flavors. Shop jnr shisha hookah, jnr 22k, and jnr puff 22000 today.\" \/>\n<meta property=\"og:url\" content=\"https:\/\/geekvapor.com\/es\/product\/jnr-shisha-hookah-max-22000-22k-puffs-disposable-vape-adjustable-airflow\/\" \/>\n<meta property=\"og:site_name\" content=\"geekvapor\" \/>\n<meta property=\"article:modified_time\" content=\"2025-11-20T10:47:54+00:00\" \/>\n<meta property=\"og:image\" content=\"https:\/\/geekvapor.com\/wp-content\/uploads\/2025\/11\/SM14-Simply-Mint-JNR-Shisha-hookah-max-22000-22K-Puffs-Disposable-Vape-Adjustable-Airflow.webp\" \/>\n\t<meta property=\"og:image:width\" content=\"1920\" \/>\n\t<meta property=\"og:image:height\" content=\"1920\" \/>\n\t<meta property=\"og:image:type\" content=\"image\/webp\" \/>\n<meta name=\"twitter:card\" content=\"summary_large_image\" \/>\n<meta name=\"twitter:label1\" content=\"Tiempo de lectura\" \/>\n\t<meta name=\"twitter:data1\" content=\"2 minutos\" \/>\n<script type=\"application\/ld+json\" class=\"yoast-schema-graph\">{\"@context\":\"https:\/\/schema.org\",\"@graph\":[{\"@type\":\"WebPage\",\"@id\":\"https:\/\/geekvapor.com\/product\/jnr-shisha-hookah-max-22000-22k-puffs-disposable-vape-adjustable-airflow\/\",\"url\":\"https:\/\/geekvapor.com\/product\/jnr-shisha-hookah-max-22000-22k-puffs-disposable-vape-adjustable-airflow\/\",\"name\":\"JNR Shisha Hookah Max 22000 \u2013 JNR 22K Disposable Vape | geekvapor\",\"isPartOf\":{\"@id\":\"https:\/\/geekvapor.com\/#website\"},\"primaryImageOfPage\":{\"@id\":\"https:\/\/geekvapor.com\/product\/jnr-shisha-hookah-max-22000-22k-puffs-disposable-vape-adjustable-airflow\/#primaryimage\"},\"image\":{\"@id\":\"https:\/\/geekvapor.com\/product\/jnr-shisha-hookah-max-22000-22k-puffs-disposable-vape-adjustable-airflow\/#primaryimage\"},\"thumbnailUrl\":\"https:\/\/geekvapor.com\/wp-content\/uploads\/2025\/11\/SM14-Simply-Mint-JNR-Shisha-hookah-max-22000-22K-Puffs-Disposable-Vape-Adjustable-Airflow.webp\",\"datePublished\":\"2025-11-20T10:47:52+00:00\",\"dateModified\":\"2025-11-20T10:47:54+00:00\",\"description\":\"Experience the JNR Shisha Hookah Max 22000, a high-capacity disposable with 29mL e-liquid, 1100mAh Type-C rechargeable battery, adjustable airflow, and visible e-liquid levels. Enjoy up to 22,000 puffs with rich fruit flavors. Shop jnr shisha hookah, jnr 22k, and jnr puff 22000 today.\",\"breadcrumb\":{\"@id\":\"https:\/\/geekvapor.com\/product\/jnr-shisha-hookah-max-22000-22k-puffs-disposable-vape-adjustable-airflow\/#breadcrumb\"},\"inLanguage\":\"es\",\"potentialAction\":[{\"@type\":\"ReadAction\",\"target\":[\"https:\/\/geekvapor.com\/product\/jnr-shisha-hookah-max-22000-22k-puffs-disposable-vape-adjustable-airflow\/\"]}]},{\"@type\":\"ImageObject\",\"inLanguage\":\"es\",\"@id\":\"https:\/\/geekvapor.com\/product\/jnr-shisha-hookah-max-22000-22k-puffs-disposable-vape-adjustable-airflow\/#primaryimage\",\"url\":\"https:\/\/geekvapor.com\/wp-content\/uploads\/2025\/11\/SM14-Simply-Mint-JNR-Shisha-hookah-max-22000-22K-Puffs-Disposable-Vape-Adjustable-Airflow.webp\",\"contentUrl\":\"https:\/\/geekvapor.com\/wp-content\/uploads\/2025\/11\/SM14-Simply-Mint-JNR-Shisha-hookah-max-22000-22K-Puffs-Disposable-Vape-Adjustable-Airflow.webp\",\"width\":1920,\"height\":1920,\"caption\":\"SM14 Simply Mint JNR Shisha hookah max 22000 22K Puffs Disposable Vape Adjustable Airflow\"},{\"@type\":\"BreadcrumbList\",\"@id\":\"https:\/\/geekvapor.com\/product\/jnr-shisha-hookah-max-22000-22k-puffs-disposable-vape-adjustable-airflow\/#breadcrumb\",\"itemListElement\":[{\"@type\":\"ListItem\",\"position\":1,\"name\":\"\u9996\u9875\",\"item\":\"https:\/\/geekvapor.com\/\"},{\"@type\":\"ListItem\",\"position\":2,\"name\":\"Shop\",\"item\":\"https:\/\/geekvapor.com\/shop\/\"},{\"@type\":\"ListItem\",\"position\":3,\"name\":\"JNR Shisha hookah max 22000 22K Puffs Disposable Vape Adjustable Airflow\"}]},{\"@type\":\"WebSite\",\"@id\":\"https:\/\/geekvapor.com\/#website\",\"url\":\"https:\/\/geekvapor.com\/\",\"name\":\"geekvapor\",\"description\":\"\",\"potentialAction\":[{\"@type\":\"SearchAction\",\"target\":{\"@type\":\"EntryPoint\",\"urlTemplate\":\"https:\/\/geekvapor.com\/?s={search_term_string}\"},\"query-input\":{\"@type\":\"PropertyValueSpecification\",\"valueRequired\":true,\"valueName\":\"search_term_string\"}}],\"inLanguage\":\"es\"}]}<\/script>\n<!-- \/ Yoast SEO Premium plugin. -->","yoast_head_json":{"title":"JNR Shisha Hookah Max 22000 - JNR 22K Vape desechable | geekvapor","description":"Experimenta el JNR Shisha Hookah Max 22000, un desechable de gran capacidad con 29mL de e-l\u00edquido, bater\u00eda recargable Tipo-C de 1100mAh, flujo de aire ajustable y niveles de e-l\u00edquido visibles. Disfrute de hasta 22.000 puffs con ricos sabores frutales. Compre jnr shisha hookah, jnr 22k, y jnr puff 22000 hoy.","robots":{"index":"index","follow":"follow","max-snippet":"max-snippet:-1","max-image-preview":"max-image-preview:large","max-video-preview":"max-video-preview:-1"},"canonical":"https:\/\/geekvapor.com\/es\/product\/jnr-shisha-hookah-max-22000-22k-puffs-disposable-vape-adjustable-airflow\/","og_locale":"es_ES","og_type":"article","og_title":"JNR Shisha hookah max 22000 22K Puffs Disposable Vape Adjustable Airflow","og_description":"Experience the JNR Shisha Hookah Max 22000, a high-capacity disposable with 29mL e-liquid, 1100mAh Type-C rechargeable battery, adjustable airflow, and visible e-liquid levels. Enjoy up to 22,000 puffs with rich fruit flavors. Shop jnr shisha hookah, jnr 22k, and jnr puff 22000 today.","og_url":"https:\/\/geekvapor.com\/es\/product\/jnr-shisha-hookah-max-22000-22k-puffs-disposable-vape-adjustable-airflow\/","og_site_name":"geekvapor","article_modified_time":"2025-11-20T10:47:54+00:00","og_image":[{"width":1920,"height":1920,"url":"https:\/\/geekvapor.com\/wp-content\/uploads\/2025\/11\/SM14-Simply-Mint-JNR-Shisha-hookah-max-22000-22K-Puffs-Disposable-Vape-Adjustable-Airflow.webp","type":"image\/webp"}],"twitter_card":"summary_large_image","twitter_misc":{"Tiempo de lectura":"2 minutos"},"schema":{"@context":"https:\/\/schema.org","@graph":[{"@type":"WebPage","@id":"https:\/\/geekvapor.com\/product\/jnr-shisha-hookah-max-22000-22k-puffs-disposable-vape-adjustable-airflow\/","url":"https:\/\/geekvapor.com\/product\/jnr-shisha-hookah-max-22000-22k-puffs-disposable-vape-adjustable-airflow\/","name":"JNR Shisha Hookah Max 22000 - JNR 22K Vape desechable | geekvapor","isPartOf":{"@id":"https:\/\/geekvapor.com\/#website"},"primaryImageOfPage":{"@id":"https:\/\/geekvapor.com\/product\/jnr-shisha-hookah-max-22000-22k-puffs-disposable-vape-adjustable-airflow\/#primaryimage"},"image":{"@id":"https:\/\/geekvapor.com\/product\/jnr-shisha-hookah-max-22000-22k-puffs-disposable-vape-adjustable-airflow\/#primaryimage"},"thumbnailUrl":"https:\/\/geekvapor.com\/wp-content\/uploads\/2025\/11\/SM14-Simply-Mint-JNR-Shisha-hookah-max-22000-22K-Puffs-Disposable-Vape-Adjustable-Airflow.webp","datePublished":"2025-11-20T10:47:52+00:00","dateModified":"2025-11-20T10:47:54+00:00","description":"Experimenta el JNR Shisha Hookah Max 22000, un desechable de gran capacidad con 29mL de e-l\u00edquido, bater\u00eda recargable Tipo-C de 1100mAh, flujo de aire ajustable y niveles de e-l\u00edquido visibles. Disfrute de hasta 22.000 puffs con ricos sabores frutales. Compre jnr shisha hookah, jnr 22k, y jnr puff 22000 hoy.","breadcrumb":{"@id":"https:\/\/geekvapor.com\/product\/jnr-shisha-hookah-max-22000-22k-puffs-disposable-vape-adjustable-airflow\/#breadcrumb"},"inLanguage":"es","potentialAction":[{"@type":"ReadAction","target":["https:\/\/geekvapor.com\/product\/jnr-shisha-hookah-max-22000-22k-puffs-disposable-vape-adjustable-airflow\/"]}]},{"@type":"ImageObject","inLanguage":"es","@id":"https:\/\/geekvapor.com\/product\/jnr-shisha-hookah-max-22000-22k-puffs-disposable-vape-adjustable-airflow\/#primaryimage","url":"https:\/\/geekvapor.com\/wp-content\/uploads\/2025\/11\/SM14-Simply-Mint-JNR-Shisha-hookah-max-22000-22K-Puffs-Disposable-Vape-Adjustable-Airflow.webp","contentUrl":"https:\/\/geekvapor.com\/wp-content\/uploads\/2025\/11\/SM14-Simply-Mint-JNR-Shisha-hookah-max-22000-22K-Puffs-Disposable-Vape-Adjustable-Airflow.webp","width":1920,"height":1920,"caption":"SM14 Simply Mint JNR Shisha hookah max 22000 22K Puffs Disposable Vape Adjustable Airflow"},{"@type":"BreadcrumbList","@id":"https:\/\/geekvapor.com\/product\/jnr-shisha-hookah-max-22000-22k-puffs-disposable-vape-adjustable-airflow\/#breadcrumb","itemListElement":[{"@type":"ListItem","position":1,"name":"\u9996\u9875","item":"https:\/\/geekvapor.com\/"},{"@type":"ListItem","position":2,"name":"Shop","item":"https:\/\/geekvapor.com\/shop\/"},{"@type":"ListItem","position":3,"name":"JNR Shisha hookah max 22000 22K Puffs Disposable Vape Adjustable Airflow"}]},{"@type":"WebSite","@id":"https:\/\/geekvapor.com\/#website","url":"https:\/\/geekvapor.com\/","name":"geekvapor","description":"","potentialAction":[{"@type":"SearchAction","target":{"@type":"EntryPoint","urlTemplate":"https:\/\/geekvapor.com\/?s={search_term_string}"},"query-input":{"@type":"PropertyValueSpecification","valueRequired":true,"valueName":"search_term_string"}}],"inLanguage":"es"}]}},"tiered_pricing_type":"fixed","tiered_pricing_fixed_rules":{"30":"12","50":"11.5","100":"10","200":"9.8"},"tiered_pricing_percentage_rules":[],"tiered_pricing_minimum":10,"tiered_pricing_roles_data":[],"_links":{"self":[{"href":"https:\/\/geekvapor.com\/es\/wp-json\/wp\/v2\/product\/30364","targetHints":{"allow":["GET"]}}],"collection":[{"href":"https:\/\/geekvapor.com\/es\/wp-json\/wp\/v2\/product"}],"about":[{"href":"https:\/\/geekvapor.com\/es\/wp-json\/wp\/v2\/types\/product"}],"replies":[{"embeddable":true,"href":"https:\/\/geekvapor.com\/es\/wp-json\/wp\/v2\/comments?post=30364"}],"wp:featuredmedia":[{"embeddable":true,"href":"https:\/\/geekvapor.com\/es\/wp-json\/wp\/v2\/media\/30407"}],"wp:attachment":[{"href":"https:\/\/geekvapor.com\/es\/wp-json\/wp\/v2\/media?parent=30364"}],"wp:term":[{"taxonomy":"product_brand","embeddable":true,"href":"https:\/\/geekvapor.com\/es\/wp-json\/wp\/v2\/product_brand?post=30364"},{"taxonomy":"product_cat","embeddable":true,"href":"https:\/\/geekvapor.com\/es\/wp-json\/wp\/v2\/product_cat?post=30364"},{"taxonomy":"product_tag","embeddable":true,"href":"https:\/\/geekvapor.com\/es\/wp-json\/wp\/v2\/product_tag?post=30364"}],"curies":[{"name":"wp","href":"https:\/\/api.w.org\/{rel}","templated":true}]}}