{"id":24909,"date":"2024-12-13T13:36:43","date_gmt":"2024-12-13T13:36:43","guid":{"rendered":"https:\/\/geekvapor.com\/?post_type=product&#038;p=24909"},"modified":"2025-01-14T07:24:46","modified_gmt":"2025-01-14T07:24:46","slug":"jnr-plus-x-26000-disposable-vape-26k-puffs-18ml","status":"publish","type":"product","link":"https:\/\/geekvapor.com\/es\/product\/jnr-plus-x-26000-disposable-vape-26k-puffs-18ml\/","title":{"rendered":"JNR Plus X 26000 Vape desechable 26K Puffs 18ML"},"content":{"rendered":"<h2 class=\"font-bold text-h3 leading-[40px] pt-[21px] pb-[2px] [&amp;_a]:underline-offset-[6px] [&amp;_.underline]:underline-offset-[6px]\" dir=\"ltr\" style=\"text-align: center;\"><span style=\"color: #83b828;\">JNR Plus X 26k Disposable Vape<\/span><\/h2>\n<p>Unleash 26k puffs of pure vaping pleasure with the <a href=\"https:\/\/geekvapor.com\/product-category\/vape-brands\/jnr\/\">JNR<\/a> Plus X 26000 Disposable Vape! Choose from 15 bold flavors, powered by an 850mAh rechargeable battery. Smart AI tech optimizes every hit for smooth, flavorful vapor. Sleek star pattern design with a 3D curved display\u2014style meets performance.<\/p>\n<h3 class=\"font-bold text-h3 leading-[40px] pt-[21px] pb-[2px] [&amp;_a]:underline-offset-[6px] [&amp;_.underline]:underline-offset-[6px]\" dir=\"ltr\">JNR Plus X 26000 Disposable Vape <a href=\"https:\/\/geekvapor.com\/product-category\/puff-vape\/25000-puffs\/\">26K Puffs<\/a> Features<\/h3>\n<ul>\n<li class=\"text-body font-regular leading-[24px] pt-[9px] pb-[2px]\" dir=\"ltr\"><b><strong class=\"font-bold\">Up to 26,000 Puffs: <\/strong><\/b>The JNR Plus X 26000 is built for unmatched longevity, letting you enjoy seamless vaping with fewer interruptions.<\/li>\n<li class=\"text-body font-regular leading-[24px] pt-[9px] pb-[2px]\" dir=\"ltr\"><b><strong class=\"font-bold\">15 Flavors to Try: <\/strong><\/b>Choose from 15 irresistible flavors crafted to satisfy every palate\u2014smooth, bold, and flavorful in every puff.<\/li>\n<li class=\"text-body font-regular leading-[24px] pt-[9px] pb-[2px]\" dir=\"ltr\"><b><strong class=\"font-bold\">Rechargeable and Long-lasting: <\/strong><\/b>Equipped with an 850mAh rechargeable battery and 18ML pre-filled pod, this device delivers consistent performance and extended use with fewer refills.<\/li>\n<li class=\"text-body font-regular leading-[24px] pt-[9px] pb-[2px]\" dir=\"ltr\"><b><strong class=\"font-bold\">Smart Vaping Technology: <\/strong><\/b>Powered by AI, this vape optimizes flavor, performance, and battery life based on your usage habits for the perfect puff every time.<\/li>\n<li class=\"text-body font-regular leading-[24px] pt-[9px] pb-[2px]\" dir=\"ltr\"><b><strong class=\"font-bold\">Sleek &amp; Modern Design: <\/strong><\/b>Featuring a compact digital box design and stylish 3D curved display, you\u2019ll get all the insights\u2014real-time puff count, battery life, and more\u2014on a futuristic screen.<\/li>\n<li class=\"text-body font-regular leading-[24px] pt-[9px] pb-[2px]\" dir=\"ltr\"><b><strong class=\"font-bold\">Smooth Vapor, Every Time: <\/strong><\/b>The precision-engineered 0.6\u03a9 advanced coil ensures consistently smooth vapor and enhanced flavor delivery with every hit.<\/li>\n<li class=\"text-body font-regular leading-[24px] pt-[9px] pb-[2px]\" dir=\"ltr\"><b><strong class=\"font-bold\">Durable, Premium Build: <\/strong><\/b>Backed by JNR\u2019s reputation for quality, the Plus X 26000 combines lasting durability, cutting-edge tech, and vibrant flavors.<\/li>\n<\/ul>\n<h3 class=\"drawer-header mb-200 text-style-body-lg-500 text-info\">What&#8217;s Included<\/h3>\n<p>1 * JNR Plus X 26000<\/p>\n<h3>Flavor List<\/h3>\n<p>1.Blue Razz Ice<br \/>\n2.Strawberry Ice<br \/>\n3.Watermelon Ice<br \/>\n4.Strawberry Kiwi<br \/>\n5.Cherry Berry<br \/>\n6.Fizzy Cherry Cola<br \/>\n7.Mixed Berries<br \/>\n8.Frozen Apple<br \/>\n9.White Peach Razz<br \/>\n10.Peach Blueberry Candy<br \/>\n11.Raspberry Watermelon ice<br \/>\n12.Cherry Strawberry Raspberry<br \/>\n13.Strawberry Banana<br \/>\n14.Blue Razz Cherry<br \/>\n15.Cherry Watermelon Freeze<\/p>\n","protected":false},"excerpt":{"rendered":"<ul>\n<li>26000 bocanadas<\/li>\n<li>15 sabores a elegir<\/li>\n<li>850mAh<\/li>\n<li>2%Nivel de nicotina<\/li>\n<li>L\u00edquido de relleno 18ML<\/li>\n<li>Pantalla curva 3D<\/li>\n<li>Modo ajustable inteligente AI<\/li>\n<li>1 caja de 10 unidades<\/li>\n<\/ul>","protected":false},"featured_media":28972,"comment_status":"open","ping_status":"closed","template":"","meta":[],"product_brand":[],"product_cat":[198,203,205,201,210,266],"product_tag":[],"class_list":{"0":"post-24909","1":"product","2":"type-product","3":"status-publish","4":"has-post-thumbnail","6":"product_cat-big-vape","7":"product_cat-vape-with-screen","8":"product_cat-hookah-vape","9":"product_cat-rechargeable-vapes","10":"product_cat-25000-puffs","11":"product_cat-jnr","13":"first","14":"instock","15":"shipping-taxable","16":"purchasable","17":"product-type-variable"},"yoast_head":"<!-- This site is optimized with the Yoast SEO Premium plugin v24.0 (Yoast SEO v26.0) - https:\/\/yoast.com\/wordpress\/plugins\/seo\/ -->\n<title>JNR Plus X 26000 Disposable Vape 26K Puffs 18ML | geekvapor<\/title>\n<meta name=\"description\" content=\"Experience JNR Plus X 26000 disposable vape\u201426k puffs, 15 bold flavors, AI-optimized hits. Sleek design, rechargeable battery, &amp; premium build.\" \/>\n<meta name=\"robots\" content=\"index, follow, max-snippet:-1, max-image-preview:large, max-video-preview:-1\" \/>\n<link rel=\"canonical\" href=\"https:\/\/geekvapor.com\/es\/product\/jnr-plus-x-26000-disposable-vape-26k-puffs-18ml\/\" \/>\n<meta property=\"og:locale\" content=\"es_ES\" \/>\n<meta property=\"og:type\" content=\"article\" \/>\n<meta property=\"og:title\" content=\"JNR Plus X 26000 Disposable Vape 26K Puffs 18ML\" \/>\n<meta property=\"og:description\" content=\"Experience JNR Plus X 26000 disposable vape\u201426k puffs, 15 bold flavors, AI-optimized hits. Sleek design, rechargeable battery, &amp; premium build.\" \/>\n<meta property=\"og:url\" content=\"https:\/\/geekvapor.com\/es\/product\/jnr-plus-x-26000-disposable-vape-26k-puffs-18ml\/\" \/>\n<meta property=\"og:site_name\" content=\"geekvapor\" \/>\n<meta property=\"article:modified_time\" content=\"2025-01-14T07:24:46+00:00\" \/>\n<meta property=\"og:image\" content=\"https:\/\/geekvapor.com\/wp-content\/uploads\/2024\/12\/JNR-Plus-X-26000-Disposable-Vape-26K-Puffs-18ML.webp\" \/>\n\t<meta property=\"og:image:width\" content=\"1000\" \/>\n\t<meta property=\"og:image:height\" content=\"1000\" \/>\n\t<meta property=\"og:image:type\" content=\"image\/webp\" \/>\n<meta name=\"twitter:card\" content=\"summary_large_image\" \/>\n<meta name=\"twitter:label1\" content=\"Tiempo de lectura\" \/>\n\t<meta name=\"twitter:data1\" content=\"2 minutos\" \/>\n<script type=\"application\/ld+json\" class=\"yoast-schema-graph\">{\"@context\":\"https:\/\/schema.org\",\"@graph\":[{\"@type\":\"WebPage\",\"@id\":\"https:\/\/geekvapor.com\/product\/jnr-plus-x-26000-disposable-vape-26k-puffs-18ml\/\",\"url\":\"https:\/\/geekvapor.com\/product\/jnr-plus-x-26000-disposable-vape-26k-puffs-18ml\/\",\"name\":\"JNR Plus X 26000 Disposable Vape 26K Puffs 18ML | geekvapor\",\"isPartOf\":{\"@id\":\"https:\/\/geekvapor.com\/#website\"},\"primaryImageOfPage\":{\"@id\":\"https:\/\/geekvapor.com\/product\/jnr-plus-x-26000-disposable-vape-26k-puffs-18ml\/#primaryimage\"},\"image\":{\"@id\":\"https:\/\/geekvapor.com\/product\/jnr-plus-x-26000-disposable-vape-26k-puffs-18ml\/#primaryimage\"},\"thumbnailUrl\":\"https:\/\/geekvapor.com\/wp-content\/uploads\/2024\/12\/JNR-Plus-X-26000-Disposable-Vape-26K-Puffs-18ML.webp\",\"datePublished\":\"2024-12-13T13:36:43+00:00\",\"dateModified\":\"2025-01-14T07:24:46+00:00\",\"description\":\"Experience JNR Plus X 26000 disposable vape\u201426k puffs, 15 bold flavors, AI-optimized hits. Sleek design, rechargeable battery, & premium build.\",\"breadcrumb\":{\"@id\":\"https:\/\/geekvapor.com\/product\/jnr-plus-x-26000-disposable-vape-26k-puffs-18ml\/#breadcrumb\"},\"inLanguage\":\"es\",\"potentialAction\":[{\"@type\":\"ReadAction\",\"target\":[\"https:\/\/geekvapor.com\/product\/jnr-plus-x-26000-disposable-vape-26k-puffs-18ml\/\"]}]},{\"@type\":\"ImageObject\",\"inLanguage\":\"es\",\"@id\":\"https:\/\/geekvapor.com\/product\/jnr-plus-x-26000-disposable-vape-26k-puffs-18ml\/#primaryimage\",\"url\":\"https:\/\/geekvapor.com\/wp-content\/uploads\/2024\/12\/JNR-Plus-X-26000-Disposable-Vape-26K-Puffs-18ML.webp\",\"contentUrl\":\"https:\/\/geekvapor.com\/wp-content\/uploads\/2024\/12\/JNR-Plus-X-26000-Disposable-Vape-26K-Puffs-18ML.webp\",\"width\":1000,\"height\":1000,\"caption\":\"JNR Plus X 26000 Disposable Vape 26K Puffs 18ML\"},{\"@type\":\"BreadcrumbList\",\"@id\":\"https:\/\/geekvapor.com\/product\/jnr-plus-x-26000-disposable-vape-26k-puffs-18ml\/#breadcrumb\",\"itemListElement\":[{\"@type\":\"ListItem\",\"position\":1,\"name\":\"\u9996\u9875\",\"item\":\"https:\/\/geekvapor.com\/\"},{\"@type\":\"ListItem\",\"position\":2,\"name\":\"Shop\",\"item\":\"https:\/\/geekvapor.com\/shop\/\"},{\"@type\":\"ListItem\",\"position\":3,\"name\":\"JNR Plus X 26000 Disposable Vape 26K Puffs 18ML\"}]},{\"@type\":\"WebSite\",\"@id\":\"https:\/\/geekvapor.com\/#website\",\"url\":\"https:\/\/geekvapor.com\/\",\"name\":\"geekvapor\",\"description\":\"\",\"potentialAction\":[{\"@type\":\"SearchAction\",\"target\":{\"@type\":\"EntryPoint\",\"urlTemplate\":\"https:\/\/geekvapor.com\/?s={search_term_string}\"},\"query-input\":{\"@type\":\"PropertyValueSpecification\",\"valueRequired\":true,\"valueName\":\"search_term_string\"}}],\"inLanguage\":\"es\"}]}<\/script>\n<!-- \/ Yoast SEO Premium plugin. -->","yoast_head_json":{"title":"JNR Plus X 26000 Vape Desechable 26K Puffs 18ML | geekvapor","description":"Experimenta el vapeo desechable JNR Plus X 26000-26k caladas, 15 sabores atrevidos, caladas optimizadas con IA. Dise\u00f1o elegante, bater\u00eda recargable y construcci\u00f3n premium.","robots":{"index":"index","follow":"follow","max-snippet":"max-snippet:-1","max-image-preview":"max-image-preview:large","max-video-preview":"max-video-preview:-1"},"canonical":"https:\/\/geekvapor.com\/es\/product\/jnr-plus-x-26000-disposable-vape-26k-puffs-18ml\/","og_locale":"es_ES","og_type":"article","og_title":"JNR Plus X 26000 Disposable Vape 26K Puffs 18ML","og_description":"Experience JNR Plus X 26000 disposable vape\u201426k puffs, 15 bold flavors, AI-optimized hits. Sleek design, rechargeable battery, & premium build.","og_url":"https:\/\/geekvapor.com\/es\/product\/jnr-plus-x-26000-disposable-vape-26k-puffs-18ml\/","og_site_name":"geekvapor","article_modified_time":"2025-01-14T07:24:46+00:00","og_image":[{"width":1000,"height":1000,"url":"https:\/\/geekvapor.com\/wp-content\/uploads\/2024\/12\/JNR-Plus-X-26000-Disposable-Vape-26K-Puffs-18ML.webp","type":"image\/webp"}],"twitter_card":"summary_large_image","twitter_misc":{"Tiempo de lectura":"2 minutos"},"schema":{"@context":"https:\/\/schema.org","@graph":[{"@type":"WebPage","@id":"https:\/\/geekvapor.com\/product\/jnr-plus-x-26000-disposable-vape-26k-puffs-18ml\/","url":"https:\/\/geekvapor.com\/product\/jnr-plus-x-26000-disposable-vape-26k-puffs-18ml\/","name":"JNR Plus X 26000 Vape Desechable 26K Puffs 18ML | geekvapor","isPartOf":{"@id":"https:\/\/geekvapor.com\/#website"},"primaryImageOfPage":{"@id":"https:\/\/geekvapor.com\/product\/jnr-plus-x-26000-disposable-vape-26k-puffs-18ml\/#primaryimage"},"image":{"@id":"https:\/\/geekvapor.com\/product\/jnr-plus-x-26000-disposable-vape-26k-puffs-18ml\/#primaryimage"},"thumbnailUrl":"https:\/\/geekvapor.com\/wp-content\/uploads\/2024\/12\/JNR-Plus-X-26000-Disposable-Vape-26K-Puffs-18ML.webp","datePublished":"2024-12-13T13:36:43+00:00","dateModified":"2025-01-14T07:24:46+00:00","description":"Experimenta el vapeo desechable JNR Plus X 26000-26k caladas, 15 sabores atrevidos, caladas optimizadas con IA. Dise\u00f1o elegante, bater\u00eda recargable y construcci\u00f3n premium.","breadcrumb":{"@id":"https:\/\/geekvapor.com\/product\/jnr-plus-x-26000-disposable-vape-26k-puffs-18ml\/#breadcrumb"},"inLanguage":"es","potentialAction":[{"@type":"ReadAction","target":["https:\/\/geekvapor.com\/product\/jnr-plus-x-26000-disposable-vape-26k-puffs-18ml\/"]}]},{"@type":"ImageObject","inLanguage":"es","@id":"https:\/\/geekvapor.com\/product\/jnr-plus-x-26000-disposable-vape-26k-puffs-18ml\/#primaryimage","url":"https:\/\/geekvapor.com\/wp-content\/uploads\/2024\/12\/JNR-Plus-X-26000-Disposable-Vape-26K-Puffs-18ML.webp","contentUrl":"https:\/\/geekvapor.com\/wp-content\/uploads\/2024\/12\/JNR-Plus-X-26000-Disposable-Vape-26K-Puffs-18ML.webp","width":1000,"height":1000,"caption":"JNR Plus X 26000 Disposable Vape 26K Puffs 18ML"},{"@type":"BreadcrumbList","@id":"https:\/\/geekvapor.com\/product\/jnr-plus-x-26000-disposable-vape-26k-puffs-18ml\/#breadcrumb","itemListElement":[{"@type":"ListItem","position":1,"name":"\u9996\u9875","item":"https:\/\/geekvapor.com\/"},{"@type":"ListItem","position":2,"name":"Shop","item":"https:\/\/geekvapor.com\/shop\/"},{"@type":"ListItem","position":3,"name":"JNR Plus X 26000 Disposable Vape 26K Puffs 18ML"}]},{"@type":"WebSite","@id":"https:\/\/geekvapor.com\/#website","url":"https:\/\/geekvapor.com\/","name":"geekvapor","description":"","potentialAction":[{"@type":"SearchAction","target":{"@type":"EntryPoint","urlTemplate":"https:\/\/geekvapor.com\/?s={search_term_string}"},"query-input":{"@type":"PropertyValueSpecification","valueRequired":true,"valueName":"search_term_string"}}],"inLanguage":"es"}]}},"tiered_pricing_type":"fixed","tiered_pricing_fixed_rules":{"100":"8.7","200":"8.5","400":"8.2"},"tiered_pricing_percentage_rules":[],"tiered_pricing_minimum":50,"tiered_pricing_roles_data":[],"_links":{"self":[{"href":"https:\/\/geekvapor.com\/es\/wp-json\/wp\/v2\/product\/24909","targetHints":{"allow":["GET"]}}],"collection":[{"href":"https:\/\/geekvapor.com\/es\/wp-json\/wp\/v2\/product"}],"about":[{"href":"https:\/\/geekvapor.com\/es\/wp-json\/wp\/v2\/types\/product"}],"replies":[{"embeddable":true,"href":"https:\/\/geekvapor.com\/es\/wp-json\/wp\/v2\/comments?post=24909"}],"wp:featuredmedia":[{"embeddable":true,"href":"https:\/\/geekvapor.com\/es\/wp-json\/wp\/v2\/media\/28972"}],"wp:attachment":[{"href":"https:\/\/geekvapor.com\/es\/wp-json\/wp\/v2\/media?parent=24909"}],"wp:term":[{"taxonomy":"product_brand","embeddable":true,"href":"https:\/\/geekvapor.com\/es\/wp-json\/wp\/v2\/product_brand?post=24909"},{"taxonomy":"product_cat","embeddable":true,"href":"https:\/\/geekvapor.com\/es\/wp-json\/wp\/v2\/product_cat?post=24909"},{"taxonomy":"product_tag","embeddable":true,"href":"https:\/\/geekvapor.com\/es\/wp-json\/wp\/v2\/product_tag?post=24909"}],"curies":[{"name":"wp","href":"https:\/\/api.w.org\/{rel}","templated":true}]}}