{"id":21832,"date":"2024-12-13T13:27:57","date_gmt":"2024-12-13T13:27:57","guid":{"rendered":"https:\/\/geekvapor.com\/?post_type=product&#038;p=21832"},"modified":"2025-01-14T07:20:14","modified_gmt":"2025-01-14T07:20:14","slug":"fizzy-great-10000-disposable-vape-10k-puffs-18ml-eu-warehouse","status":"publish","type":"product","link":"https:\/\/geekvapor.com\/es\/product\/fizzy-great-10000-disposable-vape-10k-puffs-18ml-eu-warehouse\/","title":{"rendered":"Fizzy Great 10000 Vape desechable 10k Puffs 18ML EU Warehouse"},"content":{"rendered":"<h2 class=\"font-bold text-h3 leading-[40px] pt-[21px] pb-[2px] [&amp;_a]:underline-offset-[6px] [&amp;_.underline]:underline-offset-[6px]\" dir=\"ltr\" style=\"text-align: center;\"><span style=\"color: #83b828;\">Fizzy Great 10000 Disposable Vape<\/span><\/h2>\n<p>Packed with 10k epic puffs and an 18mL pod, the<a href=\"https:\/\/geekvapor.com\/product-category\/vape-brands\/fizzy\/\"> Fizzy<\/a> Great 10000 Disposable Vape offers long-lasting flavor in 10 crave-worthy options. Choose your nicotine level (0%-5%) and enjoy smooth hits with dual mesh coils. Compact, rechargeable (650mAh), with a sleek LED display\u2014and just 2-5 day EU delivery!<\/p>\n<h3 class=\"font-bold text-h3 leading-[40px] pt-[21px] pb-[2px] [&amp;_a]:underline-offset-[6px] [&amp;_.underline]:underline-offset-[6px]\" dir=\"ltr\">Fizzy Great 10000 Disposable Vape <a href=\"https:\/\/geekvapor.com\/product-category\/puff-vape\/10000-puffs\/\">10K Puffs<\/a> Features<\/h3>\n<ul>\n<li class=\"text-body font-regular leading-[24px] pt-[9px] pb-[2px]\" dir=\"ltr\"><strong>Say goodbye to interruptions<\/strong>\u2014our device delivers an epic 10,000 puffs for the ultimate long-lasting vape experience.<\/li>\n<li class=\"text-body font-regular leading-[24px] pt-[9px] pb-[2px]\" dir=\"ltr\"><b><strong class=\"font-bold\">Flavors You\u2019ll Crave\u2014<\/strong><\/b>With 10 mouthwatering flavors to choose from, there\u2019s something for every taste.<\/li>\n<li class=\"text-body font-regular leading-[24px] pt-[9px] pb-[2px]\" dir=\"ltr\"><b><strong class=\"font-bold\">Mega 18mL Pod\u2014<\/strong><\/b>Enjoy extended vape sessions with a massive 18mL pod\u2014so you\u2019re always good to go.<\/li>\n<li class=\"text-body font-regular leading-[24px] pt-[9px] pb-[2px]\" dir=\"ltr\"><b><strong class=\"font-bold\">Tailor Your Nicotine\u2014<\/strong><\/b>Pick your vibe with nicotine options at 0%, 2%, 3%, or 5%. It\u2019s vaping, your way.<\/li>\n<li class=\"text-body font-regular leading-[24px] pt-[9px] pb-[2px]\" dir=\"ltr\"><b><strong class=\"font-bold\">Smooth Hits Every Time\u2014<\/strong><\/b>Thanks to dual mesh coils, you\u2019ll get consistently flavorful and smooth hits.<\/li>\n<li class=\"text-body font-regular leading-[24px] pt-[9px] pb-[2px]\" dir=\"ltr\"><b><strong class=\"font-bold\">Stay in the Know\u2014<\/strong><\/b>Battery life? Puff count? The sleek LED display keeps you updated at a glance.<\/li>\n<li class=\"text-body font-regular leading-[24px] pt-[9px] pb-[2px]\" dir=\"ltr\"><b><strong class=\"font-bold\">Power-Packed Battery\u2014<\/strong><\/b>Recharge quickly with a reliable 650mAh battery and Type-C port.<\/li>\n<li class=\"text-body font-regular leading-[24px] pt-[9px] pb-[2px]\" dir=\"ltr\"><b><strong class=\"font-bold\">Grab-and-Go Design\u2014<\/strong><\/b>Lightweight and compact, the Fizzy Great 10000 is built for on-the-move vaping.<\/li>\n<li class=\"text-body font-regular leading-[24px] pt-[9px] pb-[2px]\" dir=\"ltr\"><b><strong class=\"font-bold\">Speedy EU Delivery\u2014<\/strong><\/b>Forget long waits\u2014your device ships fast from our German warehouse, arriving in just 2-5 days.<\/li>\n<li class=\"text-body font-regular leading-[24px] pt-[9px] pb-[2px]\" dir=\"ltr\"><b><strong class=\"font-bold\">Stock Up, Save More\u2014<\/strong><\/b>Buying for yourself or in bulk? Each box of 10 makes it easy and oh-so-convenient.<\/li>\n<\/ul>\n<p class=\"text-body font-regular leading-[24px] pt-[9px] pb-[2px]\" dir=\"ltr\">Take your vaping game to the next level with Fizzy Great 10000! \ud83d\ude80<\/p>\n<h3 class=\"drawer-header mb-200 text-style-body-lg-500 text-info\">What&#8217;s Included<\/h3>\n<p>1 * Fizzy Great 10000<\/p>\n<h3><span style=\"color: #000000;\">Flavor List<\/span><\/h3>\n<ol>\n<li><strong><span style=\"color: #000000;\">Watermelon<\/span><\/strong><\/li>\n<li><strong><span style=\"color: #000000;\">Blueberry Ice<\/span><\/strong><\/li>\n<li><strong><span style=\"color: #000000;\">Grape Ice<\/span><\/strong><\/li>\n<li><strong><span style=\"color: #000000;\">Lychee Lemon<\/span><\/strong><\/li>\n<li><strong><span style=\"color: #000000;\">Pineapple Peach Passion Fruit<\/span><\/strong><\/li>\n<li><strong><span style=\"color: #000000;\">Raspberry Grape<\/span><\/strong><\/li>\n<li><strong><span style=\"color: #000000;\">Peach<\/span><\/strong><\/li>\n<li><strong><span style=\"color: #000000;\">Mango Peach<\/span><\/strong><\/li>\n<li><strong><span style=\"color: #000000;\">Mixed Berry<\/span><\/strong><\/li>\n<li><strong><span style=\"color: #000000;\">Watermelon Strawberry Lemonade<\/span><\/strong><\/li>\n<\/ol>\n","protected":false},"excerpt":{"rendered":"<div class=\"woocommerce-product-details__short-description\">\n<ul>\n<li>10000 puffs<\/li>\n<li>10 flavors<\/li>\n<li>650 mAh<\/li>\n<li>0%\/2%\/3%\/5% Nicotine<\/li>\n<li>L\u00edquido relleno de 18 ml<\/li>\n<li>Almac\u00e9n de la UE<\/li>\n<\/ul>\n<\/div>","protected":false},"featured_media":27641,"comment_status":"open","ping_status":"closed","template":"","meta":[],"product_brand":[],"product_cat":[232,203,201,220,239],"product_tag":[],"class_list":{"0":"post-21832","1":"product","2":"type-product","3":"status-publish","4":"has-post-thumbnail","6":"product_cat-european-warehouse-stock","7":"product_cat-vape-with-screen","8":"product_cat-rechargeable-vapes","9":"product_cat-10000-puffs","10":"product_cat-fizzy","12":"first","13":"instock","14":"shipping-taxable","15":"purchasable","16":"product-type-variable"},"yoast_head":"<!-- This site is optimized with the Yoast SEO Premium plugin v24.0 (Yoast SEO v26.0) - https:\/\/yoast.com\/wordpress\/plugins\/seo\/ -->\n<title>Fizzy Great 10000 Disposable Vape 10k Puffs EU Warehouse | geekvapor<\/title>\n<meta name=\"description\" content=\"Enjoy 10k puffs with Fizzy Great 10000 Disposable Vape! Choose nicotine levels, 10 crave-worthy flavors, and get fast 2-5 day EU delivery.\" \/>\n<meta name=\"robots\" content=\"index, follow, max-snippet:-1, max-image-preview:large, max-video-preview:-1\" \/>\n<link rel=\"canonical\" href=\"https:\/\/geekvapor.com\/es\/product\/fizzy-great-10000-disposable-vape-10k-puffs-18ml-eu-warehouse\/\" \/>\n<meta property=\"og:locale\" content=\"es_ES\" \/>\n<meta property=\"og:type\" content=\"article\" \/>\n<meta property=\"og:title\" content=\"Fizzy Great 10000 Disposable Vape 10k Puffs 18ML EU Warehouse\" \/>\n<meta property=\"og:description\" content=\"Enjoy 10k puffs with Fizzy Great 10000 Disposable Vape! Choose nicotine levels, 10 crave-worthy flavors, and get fast 2-5 day EU delivery.\" \/>\n<meta property=\"og:url\" content=\"https:\/\/geekvapor.com\/es\/product\/fizzy-great-10000-disposable-vape-10k-puffs-18ml-eu-warehouse\/\" \/>\n<meta property=\"og:site_name\" content=\"geekvapor\" \/>\n<meta property=\"article:modified_time\" content=\"2025-01-14T07:20:14+00:00\" \/>\n<meta property=\"og:image\" content=\"https:\/\/geekvapor.com\/wp-content\/uploads\/2024\/12\/12-23.webp\" \/>\n\t<meta property=\"og:image:width\" content=\"1000\" \/>\n\t<meta property=\"og:image:height\" content=\"1000\" \/>\n\t<meta property=\"og:image:type\" content=\"image\/webp\" \/>\n<meta name=\"twitter:card\" content=\"summary_large_image\" \/>\n<meta name=\"twitter:label1\" content=\"Tiempo de lectura\" \/>\n\t<meta name=\"twitter:data1\" content=\"2 minutos\" \/>\n<script type=\"application\/ld+json\" class=\"yoast-schema-graph\">{\"@context\":\"https:\/\/schema.org\",\"@graph\":[{\"@type\":\"WebPage\",\"@id\":\"https:\/\/geekvapor.com\/product\/fizzy-great-10000-disposable-vape-10k-puffs-18ml-eu-warehouse\/\",\"url\":\"https:\/\/geekvapor.com\/product\/fizzy-great-10000-disposable-vape-10k-puffs-18ml-eu-warehouse\/\",\"name\":\"Fizzy Great 10000 Disposable Vape 10k Puffs EU Warehouse | geekvapor\",\"isPartOf\":{\"@id\":\"https:\/\/geekvapor.com\/#website\"},\"primaryImageOfPage\":{\"@id\":\"https:\/\/geekvapor.com\/product\/fizzy-great-10000-disposable-vape-10k-puffs-18ml-eu-warehouse\/#primaryimage\"},\"image\":{\"@id\":\"https:\/\/geekvapor.com\/product\/fizzy-great-10000-disposable-vape-10k-puffs-18ml-eu-warehouse\/#primaryimage\"},\"thumbnailUrl\":\"https:\/\/geekvapor.com\/wp-content\/uploads\/2024\/12\/12-23.webp\",\"datePublished\":\"2024-12-13T13:27:57+00:00\",\"dateModified\":\"2025-01-14T07:20:14+00:00\",\"description\":\"Enjoy 10k puffs with Fizzy Great 10000 Disposable Vape! Choose nicotine levels, 10 crave-worthy flavors, and get fast 2-5 day EU delivery.\",\"breadcrumb\":{\"@id\":\"https:\/\/geekvapor.com\/product\/fizzy-great-10000-disposable-vape-10k-puffs-18ml-eu-warehouse\/#breadcrumb\"},\"inLanguage\":\"es\",\"potentialAction\":[{\"@type\":\"ReadAction\",\"target\":[\"https:\/\/geekvapor.com\/product\/fizzy-great-10000-disposable-vape-10k-puffs-18ml-eu-warehouse\/\"]}]},{\"@type\":\"ImageObject\",\"inLanguage\":\"es\",\"@id\":\"https:\/\/geekvapor.com\/product\/fizzy-great-10000-disposable-vape-10k-puffs-18ml-eu-warehouse\/#primaryimage\",\"url\":\"https:\/\/geekvapor.com\/wp-content\/uploads\/2024\/12\/12-23.webp\",\"contentUrl\":\"https:\/\/geekvapor.com\/wp-content\/uploads\/2024\/12\/12-23.webp\",\"width\":1000,\"height\":1000,\"caption\":\"WATERMELON Fizzy Great 10000 Disposable Vape 10k Puffs 18ML EU Warehouse\"},{\"@type\":\"BreadcrumbList\",\"@id\":\"https:\/\/geekvapor.com\/product\/fizzy-great-10000-disposable-vape-10k-puffs-18ml-eu-warehouse\/#breadcrumb\",\"itemListElement\":[{\"@type\":\"ListItem\",\"position\":1,\"name\":\"\u9996\u9875\",\"item\":\"https:\/\/geekvapor.com\/\"},{\"@type\":\"ListItem\",\"position\":2,\"name\":\"Shop\",\"item\":\"https:\/\/geekvapor.com\/shop\/\"},{\"@type\":\"ListItem\",\"position\":3,\"name\":\"Fizzy Great 10000 Disposable Vape 10k Puffs 18ML EU Warehouse\"}]},{\"@type\":\"WebSite\",\"@id\":\"https:\/\/geekvapor.com\/#website\",\"url\":\"https:\/\/geekvapor.com\/\",\"name\":\"geekvapor\",\"description\":\"\",\"potentialAction\":[{\"@type\":\"SearchAction\",\"target\":{\"@type\":\"EntryPoint\",\"urlTemplate\":\"https:\/\/geekvapor.com\/?s={search_term_string}\"},\"query-input\":{\"@type\":\"PropertyValueSpecification\",\"valueRequired\":true,\"valueName\":\"search_term_string\"}}],\"inLanguage\":\"es\"}]}<\/script>\n<!-- \/ Yoast SEO Premium plugin. -->","yoast_head_json":{"title":"Fizzy Great 10000 Vape Desechable 10k Puffs EU Warehouse | geekvapor","description":"\u00a1Disfruta de 10k caladas con el Fizzy Great 10000 Disposable Vape! Elige los niveles de nicotina, 10 sabores deliciosos y obt\u00e9n una entrega r\u00e1pida de 2 a 5 d\u00edas en la UE.","robots":{"index":"index","follow":"follow","max-snippet":"max-snippet:-1","max-image-preview":"max-image-preview:large","max-video-preview":"max-video-preview:-1"},"canonical":"https:\/\/geekvapor.com\/es\/product\/fizzy-great-10000-disposable-vape-10k-puffs-18ml-eu-warehouse\/","og_locale":"es_ES","og_type":"article","og_title":"Fizzy Great 10000 Disposable Vape 10k Puffs 18ML EU Warehouse","og_description":"Enjoy 10k puffs with Fizzy Great 10000 Disposable Vape! Choose nicotine levels, 10 crave-worthy flavors, and get fast 2-5 day EU delivery.","og_url":"https:\/\/geekvapor.com\/es\/product\/fizzy-great-10000-disposable-vape-10k-puffs-18ml-eu-warehouse\/","og_site_name":"geekvapor","article_modified_time":"2025-01-14T07:20:14+00:00","og_image":[{"width":1000,"height":1000,"url":"https:\/\/geekvapor.com\/wp-content\/uploads\/2024\/12\/12-23.webp","type":"image\/webp"}],"twitter_card":"summary_large_image","twitter_misc":{"Tiempo de lectura":"2 minutos"},"schema":{"@context":"https:\/\/schema.org","@graph":[{"@type":"WebPage","@id":"https:\/\/geekvapor.com\/product\/fizzy-great-10000-disposable-vape-10k-puffs-18ml-eu-warehouse\/","url":"https:\/\/geekvapor.com\/product\/fizzy-great-10000-disposable-vape-10k-puffs-18ml-eu-warehouse\/","name":"Fizzy Great 10000 Vape Desechable 10k Puffs EU Warehouse | geekvapor","isPartOf":{"@id":"https:\/\/geekvapor.com\/#website"},"primaryImageOfPage":{"@id":"https:\/\/geekvapor.com\/product\/fizzy-great-10000-disposable-vape-10k-puffs-18ml-eu-warehouse\/#primaryimage"},"image":{"@id":"https:\/\/geekvapor.com\/product\/fizzy-great-10000-disposable-vape-10k-puffs-18ml-eu-warehouse\/#primaryimage"},"thumbnailUrl":"https:\/\/geekvapor.com\/wp-content\/uploads\/2024\/12\/12-23.webp","datePublished":"2024-12-13T13:27:57+00:00","dateModified":"2025-01-14T07:20:14+00:00","description":"\u00a1Disfruta de 10k caladas con el Fizzy Great 10000 Disposable Vape! Elige los niveles de nicotina, 10 sabores deliciosos y obt\u00e9n una entrega r\u00e1pida de 2 a 5 d\u00edas en la UE.","breadcrumb":{"@id":"https:\/\/geekvapor.com\/product\/fizzy-great-10000-disposable-vape-10k-puffs-18ml-eu-warehouse\/#breadcrumb"},"inLanguage":"es","potentialAction":[{"@type":"ReadAction","target":["https:\/\/geekvapor.com\/product\/fizzy-great-10000-disposable-vape-10k-puffs-18ml-eu-warehouse\/"]}]},{"@type":"ImageObject","inLanguage":"es","@id":"https:\/\/geekvapor.com\/product\/fizzy-great-10000-disposable-vape-10k-puffs-18ml-eu-warehouse\/#primaryimage","url":"https:\/\/geekvapor.com\/wp-content\/uploads\/2024\/12\/12-23.webp","contentUrl":"https:\/\/geekvapor.com\/wp-content\/uploads\/2024\/12\/12-23.webp","width":1000,"height":1000,"caption":"WATERMELON Fizzy Great 10000 Disposable Vape 10k Puffs 18ML EU Warehouse"},{"@type":"BreadcrumbList","@id":"https:\/\/geekvapor.com\/product\/fizzy-great-10000-disposable-vape-10k-puffs-18ml-eu-warehouse\/#breadcrumb","itemListElement":[{"@type":"ListItem","position":1,"name":"\u9996\u9875","item":"https:\/\/geekvapor.com\/"},{"@type":"ListItem","position":2,"name":"Shop","item":"https:\/\/geekvapor.com\/shop\/"},{"@type":"ListItem","position":3,"name":"Fizzy Great 10000 Disposable Vape 10k Puffs 18ML EU Warehouse"}]},{"@type":"WebSite","@id":"https:\/\/geekvapor.com\/#website","url":"https:\/\/geekvapor.com\/","name":"geekvapor","description":"","potentialAction":[{"@type":"SearchAction","target":{"@type":"EntryPoint","urlTemplate":"https:\/\/geekvapor.com\/?s={search_term_string}"},"query-input":{"@type":"PropertyValueSpecification","valueRequired":true,"valueName":"search_term_string"}}],"inLanguage":"es"}]}},"tiered_pricing_type":"fixed","tiered_pricing_fixed_rules":{"30":"8.9","50":"7.9","100":"7.5","200":"6.9","400":"6.6"},"tiered_pricing_percentage_rules":[],"tiered_pricing_minimum":10,"tiered_pricing_roles_data":[],"_links":{"self":[{"href":"https:\/\/geekvapor.com\/es\/wp-json\/wp\/v2\/product\/21832","targetHints":{"allow":["GET"]}}],"collection":[{"href":"https:\/\/geekvapor.com\/es\/wp-json\/wp\/v2\/product"}],"about":[{"href":"https:\/\/geekvapor.com\/es\/wp-json\/wp\/v2\/types\/product"}],"replies":[{"embeddable":true,"href":"https:\/\/geekvapor.com\/es\/wp-json\/wp\/v2\/comments?post=21832"}],"wp:featuredmedia":[{"embeddable":true,"href":"https:\/\/geekvapor.com\/es\/wp-json\/wp\/v2\/media\/27641"}],"wp:attachment":[{"href":"https:\/\/geekvapor.com\/es\/wp-json\/wp\/v2\/media?parent=21832"}],"wp:term":[{"taxonomy":"product_brand","embeddable":true,"href":"https:\/\/geekvapor.com\/es\/wp-json\/wp\/v2\/product_brand?post=21832"},{"taxonomy":"product_cat","embeddable":true,"href":"https:\/\/geekvapor.com\/es\/wp-json\/wp\/v2\/product_cat?post=21832"},{"taxonomy":"product_tag","embeddable":true,"href":"https:\/\/geekvapor.com\/es\/wp-json\/wp\/v2\/product_tag?post=21832"}],"curies":[{"name":"wp","href":"https:\/\/api.w.org\/{rel}","templated":true}]}}