{"id":3,"date":"2024-12-13T08:23:57","date_gmt":"2024-12-13T08:23:57","guid":{"rendered":"https:\/\/geekvapor.com\/?page_id=3"},"modified":"2024-12-20T10:19:47","modified_gmt":"2024-12-20T10:19:47","slug":"privacy-policy","status":"publish","type":"page","link":"https:\/\/geekvapor.com\/es\/privacy-policy\/","title":{"rendered":"Pol\u00edtica de privacidad"},"content":{"rendered":"<div data-elementor-type=\"wp-page\" data-elementor-id=\"3\" class=\"elementor elementor-3\">\n\t\t\t\t<div class=\"elementor-element elementor-element-023e491 e-flex e-con-boxed e-con e-parent\" data-id=\"023e491\" data-element_type=\"container\">\n\t\t\t\t\t<div class=\"e-con-inner\">\n\t\t\t\t<div class=\"elementor-element elementor-element-5fa6f53 elementor-widget elementor-widget-heading\" data-id=\"5fa6f53\" data-element_type=\"widget\" data-widget_type=\"heading.default\">\n\t\t\t\t<div class=\"elementor-widget-container\">\n\t\t\t\t\t<h2 class=\"elementor-heading-title elementor-size-default\">www.geekvapor.com Pol\u00edtica de privacidad\n\n<\/h2>\t\t\t\t<\/div>\n\t\t\t\t<\/div>\n\t\t\t\t\t<\/div>\n\t\t\t\t<\/div>\n\t\t<div class=\"elementor-element elementor-element-12a07c4 e-flex e-con-boxed e-con e-parent\" data-id=\"12a07c4\" data-element_type=\"container\">\n\t\t\t\t\t<div class=\"e-con-inner\">\n\t\t\t\t<div class=\"elementor-element elementor-element-601131d elementor-widget elementor-widget-text-editor\" data-id=\"601131d\" data-element_type=\"widget\" data-widget_type=\"text-editor.default\">\n\t\t\t\t<div class=\"elementor-widget-container\">\n\t\t\t\t\t\t\t\t\t<p>Tipo de sitio web: Comercio electr\u00f3nico<br \/>Fecha de entrada en vigor: 20 de diciembre de 2023<\/p><p>www.geekvapor.com (el \"Sitio\") es propiedad y est\u00e1 gestionado por geekvapor. geekvapor es el responsable del tratamiento de datos y puede ponerse en contacto con \u00e9l en:<\/p><p>info@GeekVapor.com<\/p><h3>Prop\u00f3sito<\/h3><p>El objetivo de esta pol\u00edtica de privacidad (la \"Pol\u00edtica de privacidad\") es informar a los usuarios de nuestro Sitio de lo siguiente:<\/p><ol start=\"1\"><li value=\"1\">Los datos personales que recopilaremos;<\/li><li value=\"2\">Utilizaci\u00f3n de los datos recogidos;<\/li><li value=\"3\">Qui\u00e9n tiene acceso a los datos recogidos;<\/li><li value=\"4\">Los derechos de los usuarios del Sitio; y<\/li><li value=\"5\">La pol\u00edtica de cookies del Sitio.<\/li><\/ol><p>Esta Pol\u00edtica de Privacidad se aplica adem\u00e1s de los t\u00e9rminos y condiciones de nuestro Sitio.<\/p><div><h3>GDPR<\/h3><p>Para los usuarios de la Uni\u00f3n Europea, nos adherimos al Reglamento (UE) 2016\/679 del Parlamento Europeo y del Consejo de 27 de abril de 2016, conocido como el Reglamento General de Protecci\u00f3n de Datos (el \"GDPR\"). Para los usuarios del Reino Unido, nos adherimos al GDPR consagrado en la Ley de Protecci\u00f3n de Datos de 2018.<\/p><\/div><div><h3>Consentimiento<\/h3><p>Al utilizar nuestro Sitio, los usuarios aceptan:<\/p><ol start=\"1\"><li value=\"1\">Las condiciones establecidas en la presente Pol\u00edtica de Privacidad.<\/li><\/ol><p>Cuando la base jur\u00eddica para el tratamiento de sus datos personales sea que usted ha dado su consentimiento a dicho tratamiento, podr\u00e1 retirar su consentimiento en cualquier momento. Si retira su consentimiento, el tratamiento que hayamos realizado antes de que lo retirara no ser\u00e1 ilegal.<\/p><p>Puede retirar su consentimiento Poni\u00e9ndose en contacto con el responsable de la protecci\u00f3n de datos.<\/p><\/div><div><h3>Base jur\u00eddica del tratamiento<\/h3><p>Recopilamos y procesamos datos personales de usuarios de la UE solo cuando tenemos una base legal para hacerlo en virtud del art\u00edculo 6 del GDPR.<\/p><p>Nos basamos en las siguientes bases jur\u00eddicas para recoger y tratar los datos personales de los usuarios de la UE:<\/p><ol start=\"1\"><li value=\"1\">los usuarios han dado su consentimiento al tratamiento de sus datos para uno o varios fines espec\u00edficos; y<\/li><li value=\"2\">El tratamiento de los datos personales del usuario es necesario para una tarea realizada en inter\u00e9s p\u00fablico o en el ejercicio de nuestra autoridad oficial.<\/li><\/ol><\/div><h3>Datos personales que recopilamos<\/h3><p>S\u00f3lo recopilamos datos que nos ayudan a lograr el prop\u00f3sito establecido en esta Pol\u00edtica de Privacidad. No recopilaremos ning\u00fan dato adicional m\u00e1s all\u00e1 de los datos enumerados a continuaci\u00f3n sin notific\u00e1rselo previamente.<\/p><p><u>Datos recogidos autom\u00e1ticamente<\/u><br \/>Cuando visita y utiliza nuestro Sitio, podemos recopilar y almacenar autom\u00e1ticamente la siguiente informaci\u00f3n:<\/p><ol start=\"1\"><li value=\"1\">Direcci\u00f3n IP;<\/li><li value=\"2\">Ubicaci\u00f3n;<\/li><li value=\"3\">Enlaces pulsados; y<\/li><li value=\"4\">Contenido visto.<\/li><\/ol><p><u>Datos recogidos de forma no autom\u00e1tica<\/u><br \/>Tambi\u00e9n podemos recopilar los siguientes datos cuando usted realiza determinadas funciones en nuestro Sitio:<\/p><ol start=\"1\"><li value=\"1\">Nombre y apellidos;<\/li><li value=\"2\">N\u00famero de tel\u00e9fono;<\/li><li value=\"3\">Direcci\u00f3n<\/li><li value=\"4\">Informaci\u00f3n sobre el pago.<\/li><\/ol><p>Estos datos pueden recopilarse utilizando los siguientes m\u00e9todos:<\/p><ol start=\"1\"><li value=\"1\">Crear una cuenta.<\/li><\/ol><h3>C\u00f3mo utilizamos los datos personales<\/h3><p>Los datos recogidos en nuestro Sitio s\u00f3lo se utilizar\u00e1n para los fines especificados en esta Pol\u00edtica de Privacidad o indicados en las p\u00e1ginas correspondientes de nuestro Sitio. No utilizaremos sus datos m\u00e1s all\u00e1 de lo indicado en la presente Pol\u00edtica de Privacidad.<\/p><p>Los datos que recopilamos autom\u00e1ticamente se utilizan para los siguientes fines:<\/p><ol start=\"1\"><li value=\"1\">Estad\u00edsticas.<\/li><\/ol><p>Los datos que recopilamos cuando el usuario realiza determinadas funciones pueden utilizarse para los siguientes fines:<\/p><ol start=\"1\"><li value=\"1\">Comunicaci\u00f3n.<\/li><\/ol><h3>Con qui\u00e9n compartimos datos personales<\/h3><p><u>Empleados<\/u><br \/>Podemos revelar los datos del usuario a cualquier miembro de nuestra organizaci\u00f3n que razonablemente necesite acceder a los datos del usuario para lograr los fines establecidos en esta Pol\u00edtica de Privacidad.<\/p><div><p><u>Otras divulgaciones<\/u><br \/>No venderemos ni compartiremos sus datos con terceros, salvo en los siguientes casos:<\/p><ol start=\"1\"><li value=\"1\">Si la ley lo exige;<\/li><li value=\"2\">Si es necesario para cualquier procedimiento judicial;<\/li><li value=\"3\">Para probar o proteger nuestros derechos legales; y<\/li><li value=\"4\">A compradores o posibles compradores de esta empresa en caso de que pretendamos venderla.<\/li><\/ol><p>Si sigue los hiperv\u00ednculos de nuestro Sitio a otro Sitio, tenga en cuenta que no somos responsables ni tenemos control sobre sus pol\u00edticas y pr\u00e1cticas de privacidad.<\/p><\/div><h3>Cu\u00e1nto tiempo almacenamos los datos personales<\/h3><p>Los datos de los usuarios se almacenar\u00e1n hasta que se cumpla el fin para el que fueron recogidos.<\/p><p>Se le notificar\u00e1 si sus datos se conservan durante m\u00e1s tiempo.<\/p><h3>C\u00f3mo protegemos sus datos personales<\/h3><p>Para proteger su seguridad, utilizamos la encriptaci\u00f3n de navegador m\u00e1s potente disponible y almacenamos todos nuestros datos en servidores situados en instalaciones seguras. S\u00f3lo nuestros empleados tienen acceso a todos los datos. Nuestros empleados est\u00e1n sujetos a estrictos acuerdos de confidencialidad y el incumplimiento de este acuerdo supondr\u00eda el despido del empleado.<\/p><p>Aunque tomamos todas las precauciones razonables para garantizar la seguridad de los datos de los usuarios y su protecci\u00f3n, siempre existe el riesgo de sufrir da\u00f1os. Internet en su conjunto puede ser inseguro en ocasiones y, por tanto, no podemos garantizar la seguridad de los datos de los usuarios m\u00e1s all\u00e1 de lo razonablemente pr\u00e1ctico.<\/p><h3>Sus derechos como usuario<\/h3><p>En virtud del GDPR, usted tiene los siguientes derechos:<\/p><ol start=\"1\"><li value=\"1\">Derecho a ser informado;<\/li><li value=\"2\">Derecho de acceso;<\/li><li value=\"3\">Derecho de rectificaci\u00f3n;<\/li><li value=\"4\">Derecho de supresi\u00f3n;<\/li><li value=\"5\">Derecho a restringir el tratamiento;<\/li><li value=\"6\">Derecho a la portabilidad de los datos; y<\/li><li value=\"7\">Derecho de oposici\u00f3n.<\/li><\/ol><div><h3>Ni\u00f1os<\/h3><p>La edad m\u00ednima para utilizar nuestro sitio web es de 21 a\u00f1os. No recopilamos ni utilizamos conscientemente datos personales de menores de 16 a\u00f1os. Si nos enteramos de que hemos recogido datos personales de un menor de 16 a\u00f1os, dichos datos se eliminar\u00e1n lo antes posible. Si un menor de 16 a\u00f1os nos ha proporcionado datos personales, sus padres o tutores pueden ponerse en contacto con nuestro responsable de protecci\u00f3n de datos.<\/p><\/div><div><h3>C\u00f3mo oponerse a la recogida, uso o divulgaci\u00f3n de datos<\/h3><p>Adem\u00e1s del m\u00e9todo o m\u00e9todos descritos en el <em>C\u00f3mo acceder, modificar, suprimir o impugnar los datos recogidos<\/em>\u00a0proporcionamos los siguientes m\u00e9todos espec\u00edficos de exclusi\u00f3n voluntaria para las formas de recopilaci\u00f3n, uso o divulgaci\u00f3n de sus datos personales que se especifican a continuaci\u00f3n:<\/p><ol start=\"1\"><li value=\"1\">Puede darse de baja del uso de sus datos personales para correos electr\u00f3nicos de marketing. Para ello, haga clic en \"Cancelar suscripci\u00f3n\" en la parte inferior de cualquier correo electr\u00f3nico comercial o actualice sus preferencias de correo electr\u00f3nico en \"Su cuenta\".<\/li><\/ol><\/div><div><h3>Pol\u00edtica de cookies<\/h3><p>Una cookie es un peque\u00f1o archivo que un sitio web almacena en el disco duro del usuario. Su finalidad es recoger datos relativos a los h\u00e1bitos de navegaci\u00f3n del usuario. Puede elegir que se le notifique cada vez que se transmita una cookie. Tambi\u00e9n puede optar por desactivar por completo las cookies en su navegador de Internet, pero esto puede disminuir la calidad de su experiencia de usuario.<\/p><p>En nuestro Sitio utilizamos los siguientes tipos de cookies:<\/p><ol start=\"1\"><li value=\"1\"><u>Cookies funcionales<\/u><br \/>Las cookies funcionales se utilizan para recordar las selecciones que realiza en nuestro Sitio, de modo que sus selecciones se guarden para sus pr\u00f3ximas visitas; y<\/li><li value=\"2\"><u>Cookies anal\u00edticas<\/u><br \/>Las cookies anal\u00edticas nos permiten mejorar el dise\u00f1o y la funcionalidad de nuestro Sitio mediante la recopilaci\u00f3n de datos sobre c\u00f3mo accede a nuestro Sitio, por ejemplo, datos sobre el contenido al que accede, cu\u00e1nto tiempo permanece en nuestro Sitio, etc.<\/li><\/ol><\/div><h3>Modificaciones<\/h3><p>Esta Pol\u00edtica de Privacidad puede ser modificada de vez en cuando para mantener el cumplimiento de la ley y para reflejar cualquier cambio en nuestro proceso de recogida de datos. Cuando modifiquemos esta Pol\u00edtica de Privacidad, actualizaremos la \"Fecha de entrada en vigor\" en la parte superior de esta Pol\u00edtica de Privacidad. Recomendamos a nuestros usuarios que revisen peri\u00f3dicamente nuestra Pol\u00edtica de Privacidad para asegurarse de que se les notifica cualquier actualizaci\u00f3n. Si es necesario, podemos notificar a los usuarios por correo electr\u00f3nico los cambios en esta Pol\u00edtica de Privacidad.<\/p><h3>Quejas<\/h3><p>Si tiene alguna queja sobre la forma en que tratamos sus datos personales, p\u00f3ngase en contacto con nosotros a trav\u00e9s de los m\u00e9todos de contacto indicados en el <em>Informaci\u00f3n de contacto<\/em> para que podamos, en la medida de lo posible, resolver el problema. Si considera que no hemos resuelto su problema de manera satisfactoria, puede ponerse en contacto con una autoridad de control. Tambi\u00e9n tiene derecho a presentar directamente una reclamaci\u00f3n ante una autoridad de control.\u00a0<\/p>\t\t\t\t\t\t\t\t<\/div>\n\t\t\t\t<\/div>\n\t\t\t\t\t<\/div>\n\t\t\t\t<\/div>\n\t\t\t\t<\/div>","protected":false},"excerpt":{"rendered":"<p>www.geekvapor.com Privacy Policy Type of website: EcommerceEffective date: 20th day of December, 2023 www.geekvapor.com (the &#8220;Site&#8221;) is owned and operated by geekvapor. geekvapor is the data controller and can be contacted at: info@GeekVapor.com Purpose The purpose of this privacy policy (this &#8220;Privacy Policy&#8221;) is to inform users of our Site of the following: The personal [&hellip;]<\/p>\n","protected":false},"author":1,"featured_media":0,"parent":0,"menu_order":0,"comment_status":"closed","ping_status":"open","template":"","meta":{"footnotes":""},"class_list":["post-3","page","type-page","status-publish","hentry"],"yoast_head":"<!-- This site is optimized with the Yoast SEO Premium plugin v24.0 (Yoast SEO v26.0) - https:\/\/yoast.com\/wordpress\/plugins\/seo\/ -->\n<title>Privacy Policy | geekvapor<\/title>\n<meta name=\"robots\" content=\"index, follow, max-snippet:-1, max-image-preview:large, max-video-preview:-1\" \/>\n<link rel=\"canonical\" href=\"https:\/\/geekvapor.com\/es\/privacy-policy\/\" \/>\n<meta property=\"og:locale\" content=\"es_ES\" \/>\n<meta property=\"og:type\" content=\"article\" \/>\n<meta property=\"og:title\" content=\"Privacy Policy\" \/>\n<meta property=\"og:description\" content=\"www.geekvapor.com Privacy Policy Type of website: EcommerceEffective date: 20th day of December, 2023 www.geekvapor.com (the &#8220;Site&#8221;) is owned and operated by geekvapor. geekvapor is the data controller and can be contacted at: info@GeekVapor.com Purpose The purpose of this privacy policy (this &#8220;Privacy Policy&#8221;) is to inform users of our Site of the following: The personal [&hellip;]\" \/>\n<meta property=\"og:url\" content=\"https:\/\/geekvapor.com\/es\/privacy-policy\/\" \/>\n<meta property=\"og:site_name\" content=\"geekvapor\" \/>\n<meta property=\"article:modified_time\" content=\"2024-12-20T10:19:47+00:00\" \/>\n<meta name=\"twitter:card\" content=\"summary_large_image\" \/>\n<meta name=\"twitter:label1\" content=\"Tiempo de lectura\" \/>\n\t<meta name=\"twitter:data1\" content=\"6 minutos\" \/>\n<script type=\"application\/ld+json\" class=\"yoast-schema-graph\">{\"@context\":\"https:\/\/schema.org\",\"@graph\":[{\"@type\":\"WebPage\",\"@id\":\"https:\/\/geekvapor.com\/privacy-policy\/\",\"url\":\"https:\/\/geekvapor.com\/privacy-policy\/\",\"name\":\"Privacy Policy | geekvapor\",\"isPartOf\":{\"@id\":\"https:\/\/geekvapor.com\/#website\"},\"datePublished\":\"2024-12-13T08:23:57+00:00\",\"dateModified\":\"2024-12-20T10:19:47+00:00\",\"breadcrumb\":{\"@id\":\"https:\/\/geekvapor.com\/privacy-policy\/#breadcrumb\"},\"inLanguage\":\"es\",\"potentialAction\":[{\"@type\":\"ReadAction\",\"target\":[\"https:\/\/geekvapor.com\/privacy-policy\/\"]}]},{\"@type\":\"BreadcrumbList\",\"@id\":\"https:\/\/geekvapor.com\/privacy-policy\/#breadcrumb\",\"itemListElement\":[{\"@type\":\"ListItem\",\"position\":1,\"name\":\"\u9996\u9875\",\"item\":\"https:\/\/geekvapor.com\/\"},{\"@type\":\"ListItem\",\"position\":2,\"name\":\"Privacy Policy\"}]},{\"@type\":\"WebSite\",\"@id\":\"https:\/\/geekvapor.com\/#website\",\"url\":\"https:\/\/geekvapor.com\/\",\"name\":\"geekvapor\",\"description\":\"\",\"potentialAction\":[{\"@type\":\"SearchAction\",\"target\":{\"@type\":\"EntryPoint\",\"urlTemplate\":\"https:\/\/geekvapor.com\/?s={search_term_string}\"},\"query-input\":{\"@type\":\"PropertyValueSpecification\",\"valueRequired\":true,\"valueName\":\"search_term_string\"}}],\"inLanguage\":\"es\"}]}<\/script>\n<!-- \/ Yoast SEO Premium plugin. -->","yoast_head_json":{"title":"Pol\u00edtica de privacidad | geekvapor","robots":{"index":"index","follow":"follow","max-snippet":"max-snippet:-1","max-image-preview":"max-image-preview:large","max-video-preview":"max-video-preview:-1"},"canonical":"https:\/\/geekvapor.com\/es\/privacy-policy\/","og_locale":"es_ES","og_type":"article","og_title":"Privacy Policy","og_description":"www.geekvapor.com Privacy Policy Type of website: EcommerceEffective date: 20th day of December, 2023 www.geekvapor.com (the &#8220;Site&#8221;) is owned and operated by geekvapor. geekvapor is the data controller and can be contacted at: info@GeekVapor.com Purpose The purpose of this privacy policy (this &#8220;Privacy Policy&#8221;) is to inform users of our Site of the following: The personal [&hellip;]","og_url":"https:\/\/geekvapor.com\/es\/privacy-policy\/","og_site_name":"geekvapor","article_modified_time":"2024-12-20T10:19:47+00:00","twitter_card":"summary_large_image","twitter_misc":{"Tiempo de lectura":"6 minutos"},"schema":{"@context":"https:\/\/schema.org","@graph":[{"@type":"WebPage","@id":"https:\/\/geekvapor.com\/privacy-policy\/","url":"https:\/\/geekvapor.com\/privacy-policy\/","name":"Pol\u00edtica de privacidad | geekvapor","isPartOf":{"@id":"https:\/\/geekvapor.com\/#website"},"datePublished":"2024-12-13T08:23:57+00:00","dateModified":"2024-12-20T10:19:47+00:00","breadcrumb":{"@id":"https:\/\/geekvapor.com\/privacy-policy\/#breadcrumb"},"inLanguage":"es","potentialAction":[{"@type":"ReadAction","target":["https:\/\/geekvapor.com\/privacy-policy\/"]}]},{"@type":"BreadcrumbList","@id":"https:\/\/geekvapor.com\/privacy-policy\/#breadcrumb","itemListElement":[{"@type":"ListItem","position":1,"name":"\u9996\u9875","item":"https:\/\/geekvapor.com\/"},{"@type":"ListItem","position":2,"name":"Privacy Policy"}]},{"@type":"WebSite","@id":"https:\/\/geekvapor.com\/#website","url":"https:\/\/geekvapor.com\/","name":"geekvapor","description":"","potentialAction":[{"@type":"SearchAction","target":{"@type":"EntryPoint","urlTemplate":"https:\/\/geekvapor.com\/?s={search_term_string}"},"query-input":{"@type":"PropertyValueSpecification","valueRequired":true,"valueName":"search_term_string"}}],"inLanguage":"es"}]}},"_links":{"self":[{"href":"https:\/\/geekvapor.com\/es\/wp-json\/wp\/v2\/pages\/3","targetHints":{"allow":["GET"]}}],"collection":[{"href":"https:\/\/geekvapor.com\/es\/wp-json\/wp\/v2\/pages"}],"about":[{"href":"https:\/\/geekvapor.com\/es\/wp-json\/wp\/v2\/types\/page"}],"author":[{"embeddable":true,"href":"https:\/\/geekvapor.com\/es\/wp-json\/wp\/v2\/users\/1"}],"replies":[{"embeddable":true,"href":"https:\/\/geekvapor.com\/es\/wp-json\/wp\/v2\/comments?post=3"}],"version-history":[{"count":0,"href":"https:\/\/geekvapor.com\/es\/wp-json\/wp\/v2\/pages\/3\/revisions"}],"wp:attachment":[{"href":"https:\/\/geekvapor.com\/es\/wp-json\/wp\/v2\/media?parent=3"}],"curies":[{"name":"wp","href":"https:\/\/api.w.org\/{rel}","templated":true}]}}