{"id":2965,"date":"2019-08-02T09:34:08","date_gmt":"2019-08-02T09:34:08","guid":{"rendered":"https:\/\/elessi.nasatheme.com\/?page_id=2965"},"modified":"2025-10-10T10:32:37","modified_gmt":"2025-10-10T10:32:37","slug":"order-tracking","status":"publish","type":"page","link":"https:\/\/geekvapor.com\/es\/order-tracking\/","title":{"rendered":"Seguimiento de pedidos"},"content":{"rendered":"<p><!--Tracking number input box.--> <input type=\"text\" placeholder=\"Introduzca su n\u00famero de seguimiento\" id=\"YQNum\" maxlength=\"50\" style=\"width: 100%; height: 57px;\"> <!--The button is used to call script method.--> <input style=\"background: #000; border-radius: 0; width: 100%; height: 50px; margin-left: 0px; color: #fff;\" type=\"button\" value=\"PISTA\" onclick=\"doTrack()\"> <!--Container to display the tracking result.--><br \/>\n<!--Script code can be put in the bottom of the page, wait until the page is loaded then execute.-->  \t\t\t\t<\/p>\n<details id=\"e-n-accordion-item-2470\" open>\n<summary data-accordion-index=\"1\" tabindex=\"0\" aria-expanded=\"true\" aria-controls=\"e-n-accordion-item-2470\" >\n\t\t\t\t\t \u00bfPor qu\u00e9 no puedo ver mis datos log\u00edsticos?<br \/>\n\t\t\t<svg aria-hidden=\"true\" viewbox=\"0 0 448 512\" xmlns=\"https:\/\/www.w3.org\/2000\/svg\"><path d=\"M416 208H32c-17.67 0-32 14.33-32 32v32c0 17.67 14.33 32 32 32h384c17.67 0 32-14.33 32-32v-32c0-17.67-14.33-32-32-32z\"><\/path><\/svg><br \/>\n\t\t\t<svg aria-hidden=\"true\" viewbox=\"0 0 448 512\" xmlns=\"https:\/\/www.w3.org\/2000\/svg\"><path d=\"M416 208H272V64c0-17.67-14.33-32-32-32h-32c-17.67 0-32 14.33-32 32v144H32c-17.67 0-32 14.33-32 32v32c0 17.67 14.33 32 32 32h144v144c0 17.67 14.33 32 32 32h32c17.67 0 32-14.33 32-32V304h144c17.67 0 32-14.33 32-32v-32c0-17.67-14.33-32-32-32z\"><\/path><\/svg><br \/>\n\t\t\t\t\t\t<\/summary>\n<p>Esto puede ocurrir si el n\u00famero de seguimiento es incorrecto o si el paquete se ha enviado recientemente y el servicio de mensajer\u00eda a\u00fan no ha actualizado su sistema.<\/p>\n<\/details>\n<details id=\"e-n-accordion-item-2471\" >\n<summary data-accordion-index=\"2\" tabindex=\"-1\" aria-expanded=\"false\" aria-controls=\"e-n-accordion-item-2471\" >\n\t\t\t\t\t \u00bfCu\u00e1nto tarda el env\u00edo?<br \/>\n\t\t\t<svg aria-hidden=\"true\" viewbox=\"0 0 448 512\" xmlns=\"https:\/\/www.w3.org\/2000\/svg\"><path d=\"M416 208H32c-17.67 0-32 14.33-32 32v32c0 17.67 14.33 32 32 32h384c17.67 0 32-14.33 32-32v-32c0-17.67-14.33-32-32-32z\"><\/path><\/svg><br \/>\n\t\t\t<svg aria-hidden=\"true\" viewbox=\"0 0 448 512\" xmlns=\"https:\/\/www.w3.org\/2000\/svg\"><path d=\"M416 208H272V64c0-17.67-14.33-32-32-32h-32c-17.67 0-32 14.33-32 32v144H32c-17.67 0-32 14.33-32 32v32c0 17.67 14.33 32 32 32h144v144c0 17.67 14.33 32 32 32h32c17.67 0 32-14.33 32-32V304h144c17.67 0 32-14.33 32-32v-32c0-17.67-14.33-32-32-32z\"><\/path><\/svg><br \/>\n\t\t\t\t\t\t<\/summary>\n<p>El env\u00edo suele tardar entre 7 y 15 d\u00edas laborables\uff08La entrega desde los almacenes europeos tarda s\u00f3lo entre 3 y 5 d\u00edas\uff09. Durante las vacaciones o el mal tiempo, puede tardar hasta 20 d\u00edas. Le mantendremos informado en todo momento.<\/p>\n<\/details>\n<details id=\"e-n-accordion-item-2472\" >\n<summary data-accordion-index=\"3\" tabindex=\"-1\" aria-expanded=\"false\" aria-controls=\"e-n-accordion-item-2472\" >\n\t\t\t\t\t \u00bfPor qu\u00e9 no se ha actualizado el estado de su seguimiento?<br \/>\n\t\t\t<svg aria-hidden=\"true\" viewbox=\"0 0 448 512\" xmlns=\"https:\/\/www.w3.org\/2000\/svg\"><path d=\"M416 208H32c-17.67 0-32 14.33-32 32v32c0 17.67 14.33 32 32 32h384c17.67 0 32-14.33 32-32v-32c0-17.67-14.33-32-32-32z\"><\/path><\/svg><br \/>\n\t\t\t<svg aria-hidden=\"true\" viewbox=\"0 0 448 512\" xmlns=\"https:\/\/www.w3.org\/2000\/svg\"><path d=\"M416 208H272V64c0-17.67-14.33-32-32-32h-32c-17.67 0-32 14.33-32 32v144H32c-17.67 0-32 14.33-32 32v32c0 17.67 14.33 32 32 32h144v144c0 17.67 14.33 32 32 32h32c17.67 0 32-14.33 32-32V304h144c17.67 0 32-14.33 32-32v-32c0-17.67-14.33-32-32-32z\"><\/path><\/svg><br \/>\n\t\t\t\t\t\t<\/summary>\n<p>No se preocupe: esto puede ocurrir debido a vacaciones, vuelos limitados, gran demanda de env\u00edos o controles aduaneros. Gracias por su paciencia.<\/p>\n<\/details>\n<details id=\"e-n-accordion-item-2473\" >\n<summary data-accordion-index=\"4\" tabindex=\"-1\" aria-expanded=\"false\" aria-controls=\"e-n-accordion-item-2473\" >\n\t\t\t\t\t \u00bfSu seguimiento indica \u201cEntregado\u201d, pero no tiene su paquete?<br \/>\n\t\t\t<svg aria-hidden=\"true\" viewbox=\"0 0 448 512\" xmlns=\"https:\/\/www.w3.org\/2000\/svg\"><path d=\"M416 208H32c-17.67 0-32 14.33-32 32v32c0 17.67 14.33 32 32 32h384c17.67 0 32-14.33 32-32v-32c0-17.67-14.33-32-32-32z\"><\/path><\/svg><br \/>\n\t\t\t<svg aria-hidden=\"true\" viewbox=\"0 0 448 512\" xmlns=\"https:\/\/www.w3.org\/2000\/svg\"><path d=\"M416 208H272V64c0-17.67-14.33-32-32-32h-32c-17.67 0-32 14.33-32 32v144H32c-17.67 0-32 14.33-32 32v32c0 17.67 14.33 32 32 32h144v144c0 17.67 14.33 32 32 32h32c17.67 0 32-14.33 32-32V304h144c17.67 0 32-14.33 32-32v-32c0-17.67-14.33-32-32-32z\"><\/path><\/svg><br \/>\n\t\t\t\t\t\t<\/summary>\n<article id=\"post-25522\">\n<p>P\u00f3ngase en contacto con nuestro equipo de atenci\u00f3n al cliente: estamos aqu\u00ed para ayudarle.<\/p>\n<\/article>\n<\/details>\n<p>Esto puede ocurrir si el n\u00famero de seguimiento es incorrecto o si el paquete se ha enviado recientemente y el servicio de mensajer\u00eda a\u00fan no ha actualizado su sistema.<\/p>\n<p>El env\u00edo suele tardar entre 7 y 15 d\u00edas laborables\uff08La entrega desde los almacenes europeos tarda s\u00f3lo entre 3 y 5 d\u00edas\uff09. Durante las vacaciones o el mal tiempo, puede tardar hasta 20 d\u00edas. Le mantendremos informado en todo momento.<\/p>\n<p>No se preocupe: esto puede ocurrir debido a vacaciones, vuelos limitados, gran demanda de env\u00edos o controles aduaneros. Gracias por su paciencia.<\/p>\n<article id=\"post-25522\">\n<p>P\u00f3ngase en contacto con nuestro equipo de atenci\u00f3n al cliente: estamos aqu\u00ed para ayudarle.<\/p>\n<\/article>","protected":false},"excerpt":{"rendered":"<p>Why can&#8217;t I see my logistics info? This might happen if the tracking number is incorrect, or if your package was recently shipped and the courier hasn\u2019t updated their system yet. How long does shipping take? Shipping usually takes 7\u201315 business days\uff08Delivery from European warehouses takes only 3-5 days.\uff09. During holidays or bad weather, it [&hellip;]<\/p>\n","protected":false},"author":1,"featured_media":0,"parent":0,"menu_order":0,"comment_status":"closed","ping_status":"closed","template":"page-visual-composer.php","meta":{"footnotes":""},"class_list":["post-2965","page","type-page","status-publish","hentry"],"yoast_head":"<!-- This site is optimized with the Yoast SEO Premium plugin v24.0 (Yoast SEO v26.0) - https:\/\/yoast.com\/wordpress\/plugins\/seo\/ -->\n<title>Order Tracking | geekvapor<\/title>\n<meta name=\"robots\" content=\"index, follow, max-snippet:-1, max-image-preview:large, max-video-preview:-1\" \/>\n<link rel=\"canonical\" href=\"https:\/\/geekvapor.com\/es\/order-tracking\/\" \/>\n<meta property=\"og:locale\" content=\"es_ES\" \/>\n<meta property=\"og:type\" content=\"article\" \/>\n<meta property=\"og:title\" content=\"Order Tracking\" \/>\n<meta property=\"og:description\" content=\"Why can&#8217;t I see my logistics info? This might happen if the tracking number is incorrect, or if your package was recently shipped and the courier hasn\u2019t updated their system yet. How long does shipping take? Shipping usually takes 7\u201315 business days\uff08Delivery from European warehouses takes only 3-5 days.\uff09. During holidays or bad weather, it [&hellip;]\" \/>\n<meta property=\"og:url\" content=\"https:\/\/geekvapor.com\/es\/order-tracking\/\" \/>\n<meta property=\"og:site_name\" content=\"geekvapor\" \/>\n<meta property=\"article:modified_time\" content=\"2025-10-10T10:32:37+00:00\" \/>\n<meta name=\"twitter:card\" content=\"summary_large_image\" \/>\n<meta name=\"twitter:label1\" content=\"Tiempo de lectura\" \/>\n\t<meta name=\"twitter:data1\" content=\"1 minuto\" \/>\n<script type=\"application\/ld+json\" class=\"yoast-schema-graph\">{\"@context\":\"https:\/\/schema.org\",\"@graph\":[{\"@type\":\"WebPage\",\"@id\":\"https:\/\/geekvapor.com\/order-tracking\/\",\"url\":\"https:\/\/geekvapor.com\/order-tracking\/\",\"name\":\"Order Tracking | geekvapor\",\"isPartOf\":{\"@id\":\"https:\/\/geekvapor.com\/#website\"},\"datePublished\":\"2019-08-02T09:34:08+00:00\",\"dateModified\":\"2025-10-10T10:32:37+00:00\",\"breadcrumb\":{\"@id\":\"https:\/\/geekvapor.com\/order-tracking\/#breadcrumb\"},\"inLanguage\":\"es\",\"potentialAction\":[{\"@type\":\"ReadAction\",\"target\":[\"https:\/\/geekvapor.com\/order-tracking\/\"]}]},{\"@type\":\"BreadcrumbList\",\"@id\":\"https:\/\/geekvapor.com\/order-tracking\/#breadcrumb\",\"itemListElement\":[{\"@type\":\"ListItem\",\"position\":1,\"name\":\"\u9996\u9875\",\"item\":\"https:\/\/geekvapor.com\/\"},{\"@type\":\"ListItem\",\"position\":2,\"name\":\"Order Tracking\"}]},{\"@type\":\"WebSite\",\"@id\":\"https:\/\/geekvapor.com\/#website\",\"url\":\"https:\/\/geekvapor.com\/\",\"name\":\"geekvapor\",\"description\":\"\",\"potentialAction\":[{\"@type\":\"SearchAction\",\"target\":{\"@type\":\"EntryPoint\",\"urlTemplate\":\"https:\/\/geekvapor.com\/?s={search_term_string}\"},\"query-input\":{\"@type\":\"PropertyValueSpecification\",\"valueRequired\":true,\"valueName\":\"search_term_string\"}}],\"inLanguage\":\"es\"}]}<\/script>\n<!-- \/ Yoast SEO Premium plugin. -->","yoast_head_json":{"title":"Seguimiento de pedidos | geekvapor","robots":{"index":"index","follow":"follow","max-snippet":"max-snippet:-1","max-image-preview":"max-image-preview:large","max-video-preview":"max-video-preview:-1"},"canonical":"https:\/\/geekvapor.com\/es\/order-tracking\/","og_locale":"es_ES","og_type":"article","og_title":"Order Tracking","og_description":"Why can&#8217;t I see my logistics info? This might happen if the tracking number is incorrect, or if your package was recently shipped and the courier hasn\u2019t updated their system yet. How long does shipping take? Shipping usually takes 7\u201315 business days\uff08Delivery from European warehouses takes only 3-5 days.\uff09. During holidays or bad weather, it [&hellip;]","og_url":"https:\/\/geekvapor.com\/es\/order-tracking\/","og_site_name":"geekvapor","article_modified_time":"2025-10-10T10:32:37+00:00","twitter_card":"summary_large_image","twitter_misc":{"Tiempo de lectura":"1 minuto"},"schema":{"@context":"https:\/\/schema.org","@graph":[{"@type":"WebPage","@id":"https:\/\/geekvapor.com\/order-tracking\/","url":"https:\/\/geekvapor.com\/order-tracking\/","name":"Seguimiento de pedidos | geekvapor","isPartOf":{"@id":"https:\/\/geekvapor.com\/#website"},"datePublished":"2019-08-02T09:34:08+00:00","dateModified":"2025-10-10T10:32:37+00:00","breadcrumb":{"@id":"https:\/\/geekvapor.com\/order-tracking\/#breadcrumb"},"inLanguage":"es","potentialAction":[{"@type":"ReadAction","target":["https:\/\/geekvapor.com\/order-tracking\/"]}]},{"@type":"BreadcrumbList","@id":"https:\/\/geekvapor.com\/order-tracking\/#breadcrumb","itemListElement":[{"@type":"ListItem","position":1,"name":"\u9996\u9875","item":"https:\/\/geekvapor.com\/"},{"@type":"ListItem","position":2,"name":"Order Tracking"}]},{"@type":"WebSite","@id":"https:\/\/geekvapor.com\/#website","url":"https:\/\/geekvapor.com\/","name":"geekvapor","description":"","potentialAction":[{"@type":"SearchAction","target":{"@type":"EntryPoint","urlTemplate":"https:\/\/geekvapor.com\/?s={search_term_string}"},"query-input":{"@type":"PropertyValueSpecification","valueRequired":true,"valueName":"search_term_string"}}],"inLanguage":"es"}]}},"_links":{"self":[{"href":"https:\/\/geekvapor.com\/es\/wp-json\/wp\/v2\/pages\/2965","targetHints":{"allow":["GET"]}}],"collection":[{"href":"https:\/\/geekvapor.com\/es\/wp-json\/wp\/v2\/pages"}],"about":[{"href":"https:\/\/geekvapor.com\/es\/wp-json\/wp\/v2\/types\/page"}],"author":[{"embeddable":true,"href":"https:\/\/geekvapor.com\/es\/wp-json\/wp\/v2\/users\/1"}],"replies":[{"embeddable":true,"href":"https:\/\/geekvapor.com\/es\/wp-json\/wp\/v2\/comments?post=2965"}],"version-history":[{"count":2,"href":"https:\/\/geekvapor.com\/es\/wp-json\/wp\/v2\/pages\/2965\/revisions"}],"predecessor-version":[{"id":29797,"href":"https:\/\/geekvapor.com\/es\/wp-json\/wp\/v2\/pages\/2965\/revisions\/29797"}],"wp:attachment":[{"href":"https:\/\/geekvapor.com\/es\/wp-json\/wp\/v2\/media?parent=2965"}],"curies":[{"name":"wp","href":"https:\/\/api.w.org\/{rel}","templated":true}]}}