{"id":28212,"date":"2024-12-20T07:20:52","date_gmt":"2024-12-20T07:20:52","guid":{"rendered":"https:\/\/geekvapor.com\/?page_id=28212"},"modified":"2024-12-20T10:19:23","modified_gmt":"2024-12-20T10:19:23","slug":"terms-and-conditions","status":"publish","type":"page","link":"https:\/\/geekvapor.com\/es\/terms-and-conditions\/","title":{"rendered":"Condiciones generales"},"content":{"rendered":"<div data-elementor-type=\"wp-page\" data-elementor-id=\"28212\" class=\"elementor elementor-28212\">\n\t\t\t\t<div class=\"elementor-element elementor-element-4c5732a e-flex e-con-boxed e-con e-parent\" data-id=\"4c5732a\" data-element_type=\"container\">\n\t\t\t\t\t<div class=\"e-con-inner\">\n\t\t\t\t<div class=\"elementor-element elementor-element-cab5651 elementor-widget elementor-widget-heading\" data-id=\"cab5651\" data-element_type=\"widget\" data-widget_type=\"heading.default\">\n\t\t\t\t<div class=\"elementor-widget-container\">\n\t\t\t\t\t<h2 class=\"elementor-heading-title elementor-size-default\">CONDICIONES GENERALES<\/h2>\t\t\t\t<\/div>\n\t\t\t\t<\/div>\n\t\t\t\t\t<\/div>\n\t\t\t\t<\/div>\n\t\t<div class=\"elementor-element elementor-element-2faa7f6 e-flex e-con-boxed e-con e-parent\" data-id=\"2faa7f6\" data-element_type=\"container\">\n\t\t\t\t\t<div class=\"e-con-inner\">\n\t\t\t\t<div class=\"elementor-element elementor-element-a2b39db elementor-widget elementor-widget-text-editor\" data-id=\"a2b39db\" data-element_type=\"widget\" data-widget_type=\"text-editor.default\">\n\t\t\t\t<div class=\"elementor-widget-container\">\n\t\t\t\t\t\t\t\t\t<p>Estos t\u00e9rminos y condiciones (los \"T\u00e9rminos y Condiciones\") rigen el uso de geekvapor.com (el \"Sitio\"). Este Sitio es propiedad y est\u00e1 operado por geekvapor. Este Sitio es un sitio web de comercio electr\u00f3nico.<\/p><p>Al utilizar este Sitio, usted indica que ha le\u00eddo y comprendido las presentes Condiciones Generales y se compromete a respetarlas en todo momento.<\/p><div><h3>Propiedad intelectual<\/h3><p>Todo el contenido publicado y puesto a disposici\u00f3n en nuestro Sitio es propiedad de geekvapor y de los creadores del Sitio. Esto incluye, pero no se limita a las im\u00e1genes, textos, logotipos, documentos, archivos descargables y todo lo que contribuye a la composici\u00f3n de nuestro Sitio.<\/p><\/div><div><h3>Restricciones de edad<\/h3><p>La edad m\u00ednima para utilizar nuestro Sitio es de 21 a\u00f1os. Al utilizar este Sitio, los usuarios aceptan que son mayores de 21 a\u00f1os. No asumimos ninguna responsabilidad legal por declaraciones falsas sobre la edad.<\/p><\/div><div><h3>Uso aceptable<\/h3><p>Como usuario de nuestro Sitio, usted se compromete a utilizarlo legalmente, a no utilizarlo con fines ilegales y a no:<\/p><ul><li value=\"1\">Acosar o maltratar a otros usuarios de nuestro Sitio;<\/li><li value=\"2\">Violar los derechos de otros usuarios de nuestro Sitio;<\/li><li value=\"3\">Violar los derechos de propiedad intelectual de los propietarios del Sitio o de terceros;<\/li><li value=\"4\">Hackear la cuenta de otro usuario del Sitio;<\/li><li value=\"5\">Actuar de forma que pueda considerarse fraudulenta; o<\/li><li value=\"6\">Publicar cualquier material que pueda considerarse inapropiado u ofensivo.<\/li><\/ul><p>Si creemos que est\u00e1 utilizando nuestro Sitio de forma ilegal o que infringe estas Condiciones, nos reservamos el derecho a limitar, suspender o cancelar su acceso a nuestro Sitio. Tambi\u00e9n nos reservamos el derecho a tomar las medidas legales necesarias para impedirle el acceso a nuestro Sitio.<\/p><\/div><div><h3>Contribuciones de los usuarios<\/h3><p>Los usuarios pueden publicar la siguiente informaci\u00f3n en nuestro Sitio:<\/p><ul><li value=\"1\">Fotos; y<\/li><li value=\"2\">Comentarios del p\u00fablico.<\/li><\/ul><p>Al publicar en nuestro Sitio, usted se compromete a no actuar ilegalmente ni a infringir las presentes Condiciones.<\/p><\/div><div><h3>Cuentas<\/h3><p>Al crear una cuenta en nuestro Sitio, usted acepta lo siguiente:<\/p><ol start=\"1\"><li value=\"1\">Usted es el \u00fanico responsable de su cuenta y de la seguridad y privacidad de la misma, incluidas las contrase\u00f1as o la informaci\u00f3n confidencial asociada a dicha cuenta; y<\/li><li value=\"2\">Toda la informaci\u00f3n personal que nos facilite a trav\u00e9s de su cuenta est\u00e1 actualizada y es exacta y veraz, y que actualizar\u00e1 sus datos personales si cambian.<\/li><\/ol><p>Nos reservamos el derecho a suspender o cancelar su cuenta si utiliza nuestro Sitio de forma ilegal o si infringe estas Condiciones.<\/p><\/div><div><h3>Venta de bienes<\/h3><p>Las presentes Condiciones Generales regulan la venta de productos disponibles en nuestro Sitio.<\/p><p>Los siguientes productos est\u00e1n disponibles en nuestro Sitio:<\/p><ul><li value=\"1\">Vape desechable; y<\/li><li value=\"2\">Kit de Vape.<\/li><\/ul><p>Estas Condiciones Generales se aplican a todos los productos que aparecen en nuestro Sitio en el momento en que usted accede a \u00e9l. Esto incluye todos los productos que figuran como agotados. Toda la informaci\u00f3n, descripciones o im\u00e1genes que proporcionamos sobre nuestros productos son lo m\u00e1s precisas posible. Sin embargo, no estamos legalmente obligados por dicha informaci\u00f3n, descripciones o im\u00e1genes, ya que no podemos garantizar la exactitud de todos los productos que proporcionamos. Usted se compromete a adquirir productos de nuestro Sitio por su cuenta y riesgo.<\/p><p>Nos reservamos el derecho a modificar, rechazar o cancelar su pedido siempre que sea necesario. Si cancelamos su pedido y ya hemos procesado su pago, le reembolsaremos un importe igual al que pag\u00f3. Usted acepta que es su responsabilidad supervisar su instrumento de pago para verificar la recepci\u00f3n de cualquier reembolso.<\/p><\/div><div><p>Bienes y servicios de terceros<br \/>Nuestro Sitio puede ofrecer bienes y servicios de terceros. No podemos garantizar la calidad o exactitud de los bienes y servicios puestos a disposici\u00f3n por terceros en nuestro Sitio.<\/p><\/div><div><h3>Pagos<\/h3><p>Aceptamos los siguientes m\u00e9todos de pago en nuestro Sitio:<\/p><ul><li value=\"1\">Tarjeta de cr\u00e9dito;<\/li><li value=\"2\">PayPal; y<\/li><li value=\"3\">D\u00e9bito.<\/li><\/ul><p>Cuando nos facilita sus datos de pago, nos autoriza a utilizar el instrumento de pago que ha elegido y a acceder a \u00e9l. Al facilitarnos sus datos de pago, nos autoriza a cargar el importe adeudado a dicho instrumento de pago.<\/p><p>Si creemos que su pago ha infringido alguna ley o estas Condiciones, nos reservamos el derecho a cancelar o anular su transacci\u00f3n.<\/p><\/div><div><h3>Env\u00edo y entrega<\/h3><p>Cuando adquiera productos en nuestro Sitio, los productos se entregar\u00e1n a trav\u00e9s de uno de los m\u00e9todos siguientes:<\/p><ul><li value=\"2\">DHL; y<\/li><li value=\"3\">UPS.<\/li><\/ul><p>La entrega se realizar\u00e1 tan pronto como sea razonablemente posible, en funci\u00f3n del m\u00e9todo de entrega seleccionado. Los plazos de entrega pueden variar debido a circunstancias imprevistas. Tenga en cuenta que los plazos de entrega no incluyen fines de semana ni festivos.<\/p><p>No se le cobrar\u00e1 por la entrega de los productos que compre en nuestro Sitio.<\/p><p>Debe facilitarnos una direcci\u00f3n de entrega completa y exacta, incluido el nombre del destinatario. No seremos responsables de la entrega de sus productos a una direcci\u00f3n o persona equivocada como consecuencia de que nos haya facilitado informaci\u00f3n inexacta o incompleta.<\/p><\/div><div><div><h3>Reembolsos<\/h3><p>Reembolso de mercanc\u00edas<br \/>Las solicitudes de reembolso deben realizarse en un plazo de 30 d\u00edas a partir de la recepci\u00f3n de la mercanc\u00eda.<\/p><p>Aceptamos solicitudes de reembolso de productos vendidos en nuestro Sitio por cualquiera de los siguientes motivos:<\/p><ul><li value=\"1\">Lo bueno est\u00e1 roto.<\/li><\/ul><\/div><\/div><div><h3>Devuelve<\/h3><p>Las devoluciones pueden hacerse por correo. Para devolver una mercanc\u00eda por correo, siga el siguiente procedimiento:<br \/>Empaquete la mercanc\u00eda y pegue la etiqueta de devoluci\u00f3n que se inclu\u00eda en el paquete. Dir\u00edgete a la oficina de correos m\u00e1s cercana y paga los gastos de env\u00edo.<\/p><\/div><div><h3>Ley de protecci\u00f3n de los consumidores<\/h3><p>En caso de que sea de aplicaci\u00f3n alguna legislaci\u00f3n de protecci\u00f3n del consumidor en su jurisdicci\u00f3n y no pueda excluirse, las presentes Condiciones Generales no limitar\u00e1n sus derechos y recursos legales en virtud de dicha legislaci\u00f3n. Las presentes Condiciones Generales se interpretar\u00e1n con sujeci\u00f3n a las disposiciones imperativas de dicha legislaci\u00f3n. En caso de conflicto entre estas Condiciones Generales y dicha legislaci\u00f3n, se aplicar\u00e1n las disposiciones imperativas de la legislaci\u00f3n.<\/p><\/div><div><h3>Limitaci\u00f3n de responsabilidad<\/h3><p>geekvapor y nuestros directores, funcionarios, agentes, empleados, subsidiarias y filiales no ser\u00e1n responsables de ninguna acci\u00f3n, reclamaci\u00f3n, p\u00e9rdida, da\u00f1o, responsabilidad y gastos, incluidos los honorarios legales, derivados de su uso del Sitio.<\/p><\/div><div><h3>Indemnizaci\u00f3n<\/h3><p>Excepto donde lo proh\u00edba la ley, al usar este Sitio usted indemniza y exime a geekvapor y a nuestros directores, funcionarios, agentes, empleados, subsidiarias y afiliadas de cualquier acci\u00f3n, reclamo, p\u00e9rdida, da\u00f1o, responsabilidad y gasto, incluyendo honorarios legales que surjan del uso de nuestro Sitio o de su violaci\u00f3n de estos T\u00e9rminos y Condiciones.<\/p><\/div><div><h3>Divisibilidad<\/h3><p>Si en alg\u00fan momento alguna de las disposiciones establecidas en las presentes Condiciones Generales resultara incoherente o inv\u00e1lida en virtud de la legislaci\u00f3n aplicable, dicha disposici\u00f3n se considerar\u00e1 nula y se eliminar\u00e1 de las presentes Condiciones Generales. Todas las dem\u00e1s disposiciones no se ver\u00e1n afectadas por la eliminaci\u00f3n y el resto de estos T\u00e9rminos y Condiciones seguir\u00e1n consider\u00e1ndose v\u00e1lidos.<\/p><\/div><div><h3>Cambios<\/h3><p>Estos T\u00e9rminos y Condiciones pueden ser modificados de vez en cuando con el fin de mantener el cumplimiento de la ley y para reflejar cualquier cambio en la forma en que operamos nuestro Sitio y la forma en que esperamos que los usuarios se comporten en nuestro Sitio. Notificaremos a los usuarios por correo electr\u00f3nico los cambios en estas Condiciones o publicaremos un aviso en nuestro Sitio.<\/p><\/div><div><h3>Datos de contacto<\/h3><p>P\u00f3ngase en contacto con nosotros si tiene alguna duda o pregunta. Nuestros datos de contacto son los siguientes:<br \/>______________________________________<br \/>info@GeekVapor.com<br \/>______________________________________<\/p><p>Tambi\u00e9n puede ponerse en contacto con nosotros a trav\u00e9s del formulario de comentarios disponible en nuestro Sitio.<\/p><\/div><p>Fecha de entrada en vigor: 20 de diciembre de 2023<\/p>\t\t\t\t\t\t\t\t<\/div>\n\t\t\t\t<\/div>\n\t\t\t\t\t<\/div>\n\t\t\t\t<\/div>\n\t\t\t\t<\/div>","protected":false},"excerpt":{"rendered":"<p>TERMS AND CONDITIONS These terms and conditions (the &#8220;Terms and Conditions&#8221;) govern the use of\u00a0geekvapor.com\u00a0(the &#8220;Site&#8221;). This Site is owned and operated by geekvapor. This Site is an ecommerce website. By using this Site, you indicate that you have read and understand these Terms and Conditions and agree to abide by them at all times. [&hellip;]<\/p>\n","protected":false},"author":1,"featured_media":0,"parent":0,"menu_order":0,"comment_status":"closed","ping_status":"closed","template":"","meta":{"footnotes":""},"class_list":["post-28212","page","type-page","status-publish","hentry"],"yoast_head":"<!-- This site is optimized with the Yoast SEO Premium plugin v24.0 (Yoast SEO v26.0) - https:\/\/yoast.com\/wordpress\/plugins\/seo\/ -->\n<title>Terms And Conditions | geekvapor<\/title>\n<meta name=\"robots\" content=\"index, follow, max-snippet:-1, max-image-preview:large, max-video-preview:-1\" \/>\n<link rel=\"canonical\" href=\"https:\/\/geekvapor.com\/es\/terms-and-conditions\/\" \/>\n<meta property=\"og:locale\" content=\"es_ES\" \/>\n<meta property=\"og:type\" content=\"article\" \/>\n<meta property=\"og:title\" content=\"Terms And Conditions\" \/>\n<meta property=\"og:description\" content=\"TERMS AND CONDITIONS These terms and conditions (the &#8220;Terms and Conditions&#8221;) govern the use of\u00a0geekvapor.com\u00a0(the &#8220;Site&#8221;). This Site is owned and operated by geekvapor. This Site is an ecommerce website. By using this Site, you indicate that you have read and understand these Terms and Conditions and agree to abide by them at all times. [&hellip;]\" \/>\n<meta property=\"og:url\" content=\"https:\/\/geekvapor.com\/es\/terms-and-conditions\/\" \/>\n<meta property=\"og:site_name\" content=\"geekvapor\" \/>\n<meta property=\"article:modified_time\" content=\"2024-12-20T10:19:23+00:00\" \/>\n<meta name=\"twitter:card\" content=\"summary_large_image\" \/>\n<meta name=\"twitter:label1\" content=\"Tiempo de lectura\" \/>\n\t<meta name=\"twitter:data1\" content=\"6 minutos\" \/>\n<script type=\"application\/ld+json\" class=\"yoast-schema-graph\">{\"@context\":\"https:\/\/schema.org\",\"@graph\":[{\"@type\":\"WebPage\",\"@id\":\"https:\/\/geekvapor.com\/terms-and-conditions\/\",\"url\":\"https:\/\/geekvapor.com\/terms-and-conditions\/\",\"name\":\"Terms And Conditions | geekvapor\",\"isPartOf\":{\"@id\":\"https:\/\/geekvapor.com\/#website\"},\"datePublished\":\"2024-12-20T07:20:52+00:00\",\"dateModified\":\"2024-12-20T10:19:23+00:00\",\"breadcrumb\":{\"@id\":\"https:\/\/geekvapor.com\/terms-and-conditions\/#breadcrumb\"},\"inLanguage\":\"es\",\"potentialAction\":[{\"@type\":\"ReadAction\",\"target\":[\"https:\/\/geekvapor.com\/terms-and-conditions\/\"]}]},{\"@type\":\"BreadcrumbList\",\"@id\":\"https:\/\/geekvapor.com\/terms-and-conditions\/#breadcrumb\",\"itemListElement\":[{\"@type\":\"ListItem\",\"position\":1,\"name\":\"\u9996\u9875\",\"item\":\"https:\/\/geekvapor.com\/\"},{\"@type\":\"ListItem\",\"position\":2,\"name\":\"Terms And Conditions\"}]},{\"@type\":\"WebSite\",\"@id\":\"https:\/\/geekvapor.com\/#website\",\"url\":\"https:\/\/geekvapor.com\/\",\"name\":\"geekvapor\",\"description\":\"\",\"potentialAction\":[{\"@type\":\"SearchAction\",\"target\":{\"@type\":\"EntryPoint\",\"urlTemplate\":\"https:\/\/geekvapor.com\/?s={search_term_string}\"},\"query-input\":{\"@type\":\"PropertyValueSpecification\",\"valueRequired\":true,\"valueName\":\"search_term_string\"}}],\"inLanguage\":\"es\"}]}<\/script>\n<!-- \/ Yoast SEO Premium plugin. -->","yoast_head_json":{"title":"T\u00e9rminos y condiciones | geekvapor","robots":{"index":"index","follow":"follow","max-snippet":"max-snippet:-1","max-image-preview":"max-image-preview:large","max-video-preview":"max-video-preview:-1"},"canonical":"https:\/\/geekvapor.com\/es\/terms-and-conditions\/","og_locale":"es_ES","og_type":"article","og_title":"Terms And Conditions","og_description":"TERMS AND CONDITIONS These terms and conditions (the &#8220;Terms and Conditions&#8221;) govern the use of\u00a0geekvapor.com\u00a0(the &#8220;Site&#8221;). This Site is owned and operated by geekvapor. This Site is an ecommerce website. By using this Site, you indicate that you have read and understand these Terms and Conditions and agree to abide by them at all times. [&hellip;]","og_url":"https:\/\/geekvapor.com\/es\/terms-and-conditions\/","og_site_name":"geekvapor","article_modified_time":"2024-12-20T10:19:23+00:00","twitter_card":"summary_large_image","twitter_misc":{"Tiempo de lectura":"6 minutos"},"schema":{"@context":"https:\/\/schema.org","@graph":[{"@type":"WebPage","@id":"https:\/\/geekvapor.com\/terms-and-conditions\/","url":"https:\/\/geekvapor.com\/terms-and-conditions\/","name":"T\u00e9rminos y condiciones | geekvapor","isPartOf":{"@id":"https:\/\/geekvapor.com\/#website"},"datePublished":"2024-12-20T07:20:52+00:00","dateModified":"2024-12-20T10:19:23+00:00","breadcrumb":{"@id":"https:\/\/geekvapor.com\/terms-and-conditions\/#breadcrumb"},"inLanguage":"es","potentialAction":[{"@type":"ReadAction","target":["https:\/\/geekvapor.com\/terms-and-conditions\/"]}]},{"@type":"BreadcrumbList","@id":"https:\/\/geekvapor.com\/terms-and-conditions\/#breadcrumb","itemListElement":[{"@type":"ListItem","position":1,"name":"\u9996\u9875","item":"https:\/\/geekvapor.com\/"},{"@type":"ListItem","position":2,"name":"Terms And Conditions"}]},{"@type":"WebSite","@id":"https:\/\/geekvapor.com\/#website","url":"https:\/\/geekvapor.com\/","name":"geekvapor","description":"","potentialAction":[{"@type":"SearchAction","target":{"@type":"EntryPoint","urlTemplate":"https:\/\/geekvapor.com\/?s={search_term_string}"},"query-input":{"@type":"PropertyValueSpecification","valueRequired":true,"valueName":"search_term_string"}}],"inLanguage":"es"}]}},"_links":{"self":[{"href":"https:\/\/geekvapor.com\/es\/wp-json\/wp\/v2\/pages\/28212","targetHints":{"allow":["GET"]}}],"collection":[{"href":"https:\/\/geekvapor.com\/es\/wp-json\/wp\/v2\/pages"}],"about":[{"href":"https:\/\/geekvapor.com\/es\/wp-json\/wp\/v2\/types\/page"}],"author":[{"embeddable":true,"href":"https:\/\/geekvapor.com\/es\/wp-json\/wp\/v2\/users\/1"}],"replies":[{"embeddable":true,"href":"https:\/\/geekvapor.com\/es\/wp-json\/wp\/v2\/comments?post=28212"}],"version-history":[{"count":0,"href":"https:\/\/geekvapor.com\/es\/wp-json\/wp\/v2\/pages\/28212\/revisions"}],"wp:attachment":[{"href":"https:\/\/geekvapor.com\/es\/wp-json\/wp\/v2\/media?parent=28212"}],"curies":[{"name":"wp","href":"https:\/\/api.w.org\/{rel}","templated":true}]}}