{"id":30132,"date":"2025-11-17T10:13:16","date_gmt":"2025-11-17T10:13:16","guid":{"rendered":"https:\/\/geekvapor.com\/?post_type=product&#038;p=30132"},"modified":"2025-11-17T10:13:19","modified_gmt":"2025-11-17T10:13:19","slug":"jnr-mediamax-40000-40k-puffs-disposable-vape-call-feature-eu-warehouse","status":"publish","type":"product","link":"https:\/\/geekvapor.com\/de\/produkt\/jnr-mediamax-40000-40k-puffs-disposable-vape-call-feature-eu-warehouse\/","title":{"rendered":"JNR MediaMax 40000 40K Puffs Einweg Vape Call Funktion EU-Lager"},"content":{"rendered":"<h1 class=\"font-bold text-h3 leading-[40px] pt-[21px] pb-[2px] [&amp;_a]:underline-offset-[6px] [&amp;_.underline]:underline-offset-[6px]\" dir=\"ltr\" style=\"text-align: center;\"><span style=\"color: #83b828;\">JNR Media Max 40000 Disposable Vape<\/span><\/h1>\n<p data-start=\"127\" data-end=\"767\">The <strong data-start=\"131\" data-end=\"153\">JNR MediaMax 40000<\/strong> is a high-performance disposable vape delivering up to <strong data-start=\"209\" data-end=\"225\">40,000 puffs<\/strong>, combining cutting-edge features with long-lasting enjoyment. This <strong data-start=\"293\" data-end=\"310\">mediamax vape<\/strong> boasts a <strong data-start=\"320\" data-end=\"352\">1000mAh rechargeable battery<\/strong>, <strong data-start=\"354\" data-end=\"381\">21mL prefilled e-liquid<\/strong>, and a vibrant 2.4\u2033 HD display, supporting call, text, remote camera, and \u201cFind Your Phone\/Vape\u201d functions. With a smooth <strong data-start=\"504\" data-end=\"517\">mesh coil<\/strong>, adjustable airflow, and Type-C quick charge, the <strong data-start=\"568\" data-end=\"584\">puff jnr 40k<\/strong> ensures rich flavors and consistent vapor. Ideal for enthusiasts seeking convenience and innovation, the <strong data-start=\"690\" data-end=\"714\">jnr vape 40000 puffs<\/strong> or <strong data-start=\"718\" data-end=\"736\">jnr puff 40000<\/strong> redefines disposable vaping.<\/p>\n<h2 data-start=\"105\" data-end=\"152\">Product Specifications \u2013 JNR MediaMax 40000<\/h2>\n<ul>\n<li data-start=\"155\" data-end=\"171\"><a href=\"https:\/\/geekvapor.com\/product-category\/vape-brands\/jnr\/\"><strong data-start=\"155\" data-end=\"165\">Brand:<\/strong> JNR<\/a><\/li>\n<li data-start=\"174\" data-end=\"201\"><strong data-start=\"174\" data-end=\"184\">Model:<\/strong> MediaMax 40000<\/li>\n<li data-start=\"204\" data-end=\"235\"><strong data-start=\"204\" data-end=\"214\">Puffs:<\/strong><a href=\"https:\/\/geekvapor.com\/product-category\/puff-vape\/40000-puffs\/\"> Up to 40,000 puffs<\/a><\/li>\n<li data-start=\"238\" data-end=\"281\"><strong data-start=\"238\" data-end=\"251\">Nicotine:<\/strong> 2% (20mg\/mL) \/ 5% (50mg\/mL)<\/li>\n<li data-start=\"284\" data-end=\"328\"><strong data-start=\"284\" data-end=\"296\">Battery:<\/strong> 1000mAh, Rechargeable, Type-C<\/li>\n<li data-start=\"331\" data-end=\"372\"><strong data-start=\"331\" data-end=\"353\">E-Liquid Capacity:<\/strong> 21mL (Prefilled)<\/li>\n<li data-start=\"375\" data-end=\"396\"><strong data-start=\"375\" data-end=\"390\">Disposable:<\/strong> Yes<\/li>\n<li data-start=\"399\" data-end=\"426\"><strong data-start=\"399\" data-end=\"417\">Flavor Series:<\/strong> Fruits<\/li>\n<li data-start=\"429\" data-end=\"447\"><strong data-start=\"429\" data-end=\"440\">Weight:<\/strong> 136g<\/li>\n<li data-start=\"450\" data-end=\"483\"><strong data-start=\"450\" data-end=\"465\">Dimensions:<\/strong> 69 \u00d7 32 \u00d7 116mm<\/li>\n<li data-start=\"486\" data-end=\"517\"><strong data-start=\"486\" data-end=\"504\">Charging Time:<\/strong> 40 minutes<\/li>\n<li data-start=\"520\" data-end=\"541\"><strong data-start=\"520\" data-end=\"529\">Core:<\/strong> Mesh Coil<\/li>\n<li data-start=\"544\" data-end=\"559\"><strong data-start=\"544\" data-end=\"557\">Features:<\/strong><\/li>\n<li data-start=\"564\" data-end=\"578\">Call Feature<\/li>\n<li data-start=\"583\" data-end=\"597\">Text Message<\/li>\n<li data-start=\"602\" data-end=\"617\">Remote Camera<\/li>\n<li data-start=\"622\" data-end=\"646\">Find Your Phone \/ Vape<\/li>\n<li data-start=\"651\" data-end=\"678\">Oversized 2.4\u2033 HD Display<\/li>\n<li data-start=\"683\" data-end=\"703\">Adjustable Airflow<\/li>\n<li data-start=\"708\" data-end=\"729\">Type-C Quick Charge<\/li>\n<li data-start=\"732\" data-end=\"757\"><strong data-start=\"732\" data-end=\"746\">Packaging:<\/strong> 5PCS\/Box<\/li>\n<li data-start=\"760\" data-end=\"804\"><strong data-start=\"760\" data-end=\"789\">Variable Wattage\/Voltage:<\/strong> Non-Variable<\/li>\n<li data-start=\"807\" data-end=\"843\"><strong data-start=\"807\" data-end=\"826\">Mechanical Mod:<\/strong> Non-Mechanical<\/li>\n<li data-start=\"846\" data-end=\"883\"><strong data-start=\"846\" data-end=\"868\">Dispatch Location:<\/strong> EU Warehouse<\/li>\n<li data-start=\"886\" data-end=\"913\"><strong data-start=\"886\" data-end=\"903\">Suitable for:<\/strong> All &gt;18<\/li>\n<\/ul>\n<hr data-start=\"915\" data-end=\"918\" \/>\n<h2 data-start=\"920\" data-end=\"952\">Flavors \u2013 JNR MediaMax 40000<\/h2>\n<ol>\n<li data-start=\"956\" data-end=\"971\">Blue Razz Ice<\/li>\n<li data-start=\"975\" data-end=\"991\">Strawberry Ice<\/li>\n<li data-start=\"995\" data-end=\"1011\">Watermelon Ice<\/li>\n<li data-start=\"1015\" data-end=\"1027\">Miami Mint<\/li>\n<li data-start=\"1031\" data-end=\"1047\">Sour Apple Ice<\/li>\n<li data-start=\"1051\" data-end=\"1073\">Blueberry Watermelon<\/li>\n<li data-start=\"1077\" data-end=\"1090\">Fcuking Fab<\/li>\n<li data-start=\"1094\" data-end=\"1123\">Cherry Strawberry Raspberry<\/li>\n<li data-start=\"1127\" data-end=\"1151\">Peach Mango Watermelon<\/li>\n<li data-start=\"1156\" data-end=\"1175\">Strawberry Banana<\/li>\n<li data-start=\"1180\" data-end=\"1193\">Mixed Berry<\/li>\n<li data-start=\"1198\" data-end=\"1219\">Blueberry Raspberry<\/li>\n<li data-start=\"1224\" data-end=\"1243\">Fizzy Cherry Cola<\/li>\n<li data-start=\"1248\" data-end=\"1266\">Blue Razz Cherry<\/li>\n<li data-start=\"1271\" data-end=\"1288\">Strawberry Kiwi<\/li>\n<li data-start=\"1290\" data-end=\"1336\">(Random flavors available for fast delivery)<\/li>\n<\/ol>\n<h2 class=\"drawer-header mb-200 text-style-body-lg-500 text-info\">What&#8217;s Included<\/h2>\n<p>1 *JNR MediaMax 40000\uff085pcs=1box\uff09<\/p>\n","protected":false},"excerpt":{"rendered":"<ul>\n<li>40000 puffs<\/li>\n<li>12 Geschmacksrichtungen<\/li>\n<li>Funktion anrufen<\/li>\n<li>Textnachricht<\/li>\n<li>Ferngesteuerte Kamera<\/li>\n<li>Finden Sie Ihr Telefon \/ Vape<\/li>\n<li>\u00dcbergro\u00dfes 2,4\u201d-HD-Display<\/li>\n<li>Einstellbarer Luftstrom<\/li>\n<li>1000mAh<\/li>\n<li>2%\/5% Nikotinspiegel<\/li>\n<li>21ML gef\u00fcllt mit Fl\u00fcssigkeit<\/li>\n<li>EU-Lagerhaus<\/li>\n<\/ul>","protected":false},"featured_media":30172,"comment_status":"open","ping_status":"closed","template":"","meta":[],"product_brand":[],"product_cat":[282,232,197,198,203,201,260,266],"product_tag":[],"class_list":{"0":"post-30132","1":"product","2":"type-product","3":"status-publish","4":"has-post-thumbnail","6":"product_cat-all-vape","7":"product_cat-european-warehouse-stock","8":"product_cat-best-disposable-vape","9":"product_cat-big-vape","10":"product_cat-vape-with-screen","11":"product_cat-rechargeable-vapes","12":"product_cat-40000-puffs","13":"product_cat-jnr","15":"first","16":"instock","17":"shipping-taxable","18":"purchasable","19":"product-type-variable"},"yoast_head":"<!-- This site is optimized with the Yoast SEO Premium plugin v24.0 (Yoast SEO v26.0) - https:\/\/yoast.com\/wordpress\/plugins\/seo\/ -->\n<title>JNR MediaMax 40000 Disposable Vape \u2013 40K Puffs | geekvapor<\/title>\n<meta name=\"description\" content=\"Experience long-lasting vaping with the JNR MediaMax 40000. Up to 40,000 puffs, 21mL prefilled e-liquid, 1000mAh Type-C rechargeable battery, and delicious fruit flavors. Features call, text, remote camera, and 2.4\u2033 HD display for ultimate convenience.\" \/>\n<meta name=\"robots\" content=\"index, follow, max-snippet:-1, max-image-preview:large, max-video-preview:-1\" \/>\n<link rel=\"canonical\" href=\"https:\/\/geekvapor.com\/de\/produkt\/jnr-mediamax-40000-40k-puffs-disposable-vape-call-feature-eu-warehouse\/\" \/>\n<meta property=\"og:locale\" content=\"de_DE\" \/>\n<meta property=\"og:type\" content=\"article\" \/>\n<meta property=\"og:title\" content=\"JNR MediaMax 40000 40K Puffs Disposable Vape Call Feature EU Warehouse\" \/>\n<meta property=\"og:description\" content=\"Experience long-lasting vaping with the JNR MediaMax 40000. Up to 40,000 puffs, 21mL prefilled e-liquid, 1000mAh Type-C rechargeable battery, and delicious fruit flavors. Features call, text, remote camera, and 2.4\u2033 HD display for ultimate convenience.\" \/>\n<meta property=\"og:url\" content=\"https:\/\/geekvapor.com\/de\/produkt\/jnr-mediamax-40000-40k-puffs-disposable-vape-call-feature-eu-warehouse\/\" \/>\n<meta property=\"og:site_name\" content=\"geekvapor\" \/>\n<meta property=\"article:modified_time\" content=\"2025-11-17T10:13:19+00:00\" \/>\n<meta property=\"og:image\" content=\"https:\/\/geekvapor.com\/wp-content\/uploads\/2025\/11\/2Strawberry-Ice-JNR-Media-Max-40000-40K-Puffs-Disposable-Vape-Call-Feature-EU-Warehouse.webp\" \/>\n\t<meta property=\"og:image:width\" content=\"800\" \/>\n\t<meta property=\"og:image:height\" content=\"800\" \/>\n\t<meta property=\"og:image:type\" content=\"image\/webp\" \/>\n<meta name=\"twitter:card\" content=\"summary_large_image\" \/>\n<meta name=\"twitter:label1\" content=\"Gesch\u00e4tzte Lesezeit\" \/>\n\t<meta name=\"twitter:data1\" content=\"2\u00a0Minuten\" \/>\n<script type=\"application\/ld+json\" class=\"yoast-schema-graph\">{\"@context\":\"https:\/\/schema.org\",\"@graph\":[{\"@type\":\"WebPage\",\"@id\":\"https:\/\/geekvapor.com\/product\/jnr-mediamax-40000-40k-puffs-disposable-vape-call-feature-eu-warehouse\/\",\"url\":\"https:\/\/geekvapor.com\/product\/jnr-mediamax-40000-40k-puffs-disposable-vape-call-feature-eu-warehouse\/\",\"name\":\"JNR MediaMax 40000 Disposable Vape \u2013 40K Puffs | geekvapor\",\"isPartOf\":{\"@id\":\"https:\/\/geekvapor.com\/#website\"},\"primaryImageOfPage\":{\"@id\":\"https:\/\/geekvapor.com\/product\/jnr-mediamax-40000-40k-puffs-disposable-vape-call-feature-eu-warehouse\/#primaryimage\"},\"image\":{\"@id\":\"https:\/\/geekvapor.com\/product\/jnr-mediamax-40000-40k-puffs-disposable-vape-call-feature-eu-warehouse\/#primaryimage\"},\"thumbnailUrl\":\"https:\/\/geekvapor.com\/wp-content\/uploads\/2025\/11\/2Strawberry-Ice-JNR-Media-Max-40000-40K-Puffs-Disposable-Vape-Call-Feature-EU-Warehouse.webp\",\"datePublished\":\"2025-11-17T10:13:16+00:00\",\"dateModified\":\"2025-11-17T10:13:19+00:00\",\"description\":\"Experience long-lasting vaping with the JNR MediaMax 40000. Up to 40,000 puffs, 21mL prefilled e-liquid, 1000mAh Type-C rechargeable battery, and delicious fruit flavors. Features call, text, remote camera, and 2.4\u2033 HD display for ultimate convenience.\",\"breadcrumb\":{\"@id\":\"https:\/\/geekvapor.com\/product\/jnr-mediamax-40000-40k-puffs-disposable-vape-call-feature-eu-warehouse\/#breadcrumb\"},\"inLanguage\":\"de\",\"potentialAction\":[{\"@type\":\"ReadAction\",\"target\":[\"https:\/\/geekvapor.com\/product\/jnr-mediamax-40000-40k-puffs-disposable-vape-call-feature-eu-warehouse\/\"]}]},{\"@type\":\"ImageObject\",\"inLanguage\":\"de\",\"@id\":\"https:\/\/geekvapor.com\/product\/jnr-mediamax-40000-40k-puffs-disposable-vape-call-feature-eu-warehouse\/#primaryimage\",\"url\":\"https:\/\/geekvapor.com\/wp-content\/uploads\/2025\/11\/2Strawberry-Ice-JNR-Media-Max-40000-40K-Puffs-Disposable-Vape-Call-Feature-EU-Warehouse.webp\",\"contentUrl\":\"https:\/\/geekvapor.com\/wp-content\/uploads\/2025\/11\/2Strawberry-Ice-JNR-Media-Max-40000-40K-Puffs-Disposable-Vape-Call-Feature-EU-Warehouse.webp\",\"width\":800,\"height\":800,\"caption\":\"2Strawberry Ice JNR Media Max 40000 40K Puffs Disposable Vape Call Feature EU Warehouse\"},{\"@type\":\"BreadcrumbList\",\"@id\":\"https:\/\/geekvapor.com\/product\/jnr-mediamax-40000-40k-puffs-disposable-vape-call-feature-eu-warehouse\/#breadcrumb\",\"itemListElement\":[{\"@type\":\"ListItem\",\"position\":1,\"name\":\"\u9996\u9875\",\"item\":\"https:\/\/geekvapor.com\/\"},{\"@type\":\"ListItem\",\"position\":2,\"name\":\"Shop\",\"item\":\"https:\/\/geekvapor.com\/shop\/\"},{\"@type\":\"ListItem\",\"position\":3,\"name\":\"JNR MediaMax 40000 40K Puffs Disposable Vape Call Feature EU Warehouse\"}]},{\"@type\":\"WebSite\",\"@id\":\"https:\/\/geekvapor.com\/#website\",\"url\":\"https:\/\/geekvapor.com\/\",\"name\":\"geekvapor\",\"description\":\"\",\"potentialAction\":[{\"@type\":\"SearchAction\",\"target\":{\"@type\":\"EntryPoint\",\"urlTemplate\":\"https:\/\/geekvapor.com\/?s={search_term_string}\"},\"query-input\":{\"@type\":\"PropertyValueSpecification\",\"valueRequired\":true,\"valueName\":\"search_term_string\"}}],\"inLanguage\":\"de\"}]}<\/script>\n<!-- \/ Yoast SEO Premium plugin. -->","yoast_head_json":{"title":"JNR MediaMax 40000 Einweg Vape - 40K Puffs | geekvapor","description":"Erleben Sie lang anhaltendes Dampfen mit dem JNR MediaMax 40000. Bis zu 40.000 Z\u00fcge, 21 ml vorgef\u00fclltes E-Liquid, 1000 mAh Typ-C-Akku und k\u00f6stliche Fruchtaromen. Funktionen Anruf, Text, Remote-Kamera und 2,4\u2033 HD-Display f\u00fcr ultimativen Komfort.","robots":{"index":"index","follow":"follow","max-snippet":"max-snippet:-1","max-image-preview":"max-image-preview:large","max-video-preview":"max-video-preview:-1"},"canonical":"https:\/\/geekvapor.com\/de\/produkt\/jnr-mediamax-40000-40k-puffs-disposable-vape-call-feature-eu-warehouse\/","og_locale":"de_DE","og_type":"article","og_title":"JNR MediaMax 40000 40K Puffs Disposable Vape Call Feature EU Warehouse","og_description":"Experience long-lasting vaping with the JNR MediaMax 40000. Up to 40,000 puffs, 21mL prefilled e-liquid, 1000mAh Type-C rechargeable battery, and delicious fruit flavors. Features call, text, remote camera, and 2.4\u2033 HD display for ultimate convenience.","og_url":"https:\/\/geekvapor.com\/de\/produkt\/jnr-mediamax-40000-40k-puffs-disposable-vape-call-feature-eu-warehouse\/","og_site_name":"geekvapor","article_modified_time":"2025-11-17T10:13:19+00:00","og_image":[{"width":800,"height":800,"url":"https:\/\/geekvapor.com\/wp-content\/uploads\/2025\/11\/2Strawberry-Ice-JNR-Media-Max-40000-40K-Puffs-Disposable-Vape-Call-Feature-EU-Warehouse.webp","type":"image\/webp"}],"twitter_card":"summary_large_image","twitter_misc":{"Gesch\u00e4tzte Lesezeit":"2\u00a0Minuten"},"schema":{"@context":"https:\/\/schema.org","@graph":[{"@type":"WebPage","@id":"https:\/\/geekvapor.com\/product\/jnr-mediamax-40000-40k-puffs-disposable-vape-call-feature-eu-warehouse\/","url":"https:\/\/geekvapor.com\/product\/jnr-mediamax-40000-40k-puffs-disposable-vape-call-feature-eu-warehouse\/","name":"JNR MediaMax 40000 Einweg Vape - 40K Puffs | geekvapor","isPartOf":{"@id":"https:\/\/geekvapor.com\/#website"},"primaryImageOfPage":{"@id":"https:\/\/geekvapor.com\/product\/jnr-mediamax-40000-40k-puffs-disposable-vape-call-feature-eu-warehouse\/#primaryimage"},"image":{"@id":"https:\/\/geekvapor.com\/product\/jnr-mediamax-40000-40k-puffs-disposable-vape-call-feature-eu-warehouse\/#primaryimage"},"thumbnailUrl":"https:\/\/geekvapor.com\/wp-content\/uploads\/2025\/11\/2Strawberry-Ice-JNR-Media-Max-40000-40K-Puffs-Disposable-Vape-Call-Feature-EU-Warehouse.webp","datePublished":"2025-11-17T10:13:16+00:00","dateModified":"2025-11-17T10:13:19+00:00","description":"Erleben Sie lang anhaltendes Dampfen mit dem JNR MediaMax 40000. Bis zu 40.000 Z\u00fcge, 21 ml vorgef\u00fclltes E-Liquid, 1000 mAh Typ-C-Akku und k\u00f6stliche Fruchtaromen. Funktionen Anruf, Text, Remote-Kamera und 2,4\u2033 HD-Display f\u00fcr ultimativen Komfort.","breadcrumb":{"@id":"https:\/\/geekvapor.com\/product\/jnr-mediamax-40000-40k-puffs-disposable-vape-call-feature-eu-warehouse\/#breadcrumb"},"inLanguage":"de","potentialAction":[{"@type":"ReadAction","target":["https:\/\/geekvapor.com\/product\/jnr-mediamax-40000-40k-puffs-disposable-vape-call-feature-eu-warehouse\/"]}]},{"@type":"ImageObject","inLanguage":"de","@id":"https:\/\/geekvapor.com\/product\/jnr-mediamax-40000-40k-puffs-disposable-vape-call-feature-eu-warehouse\/#primaryimage","url":"https:\/\/geekvapor.com\/wp-content\/uploads\/2025\/11\/2Strawberry-Ice-JNR-Media-Max-40000-40K-Puffs-Disposable-Vape-Call-Feature-EU-Warehouse.webp","contentUrl":"https:\/\/geekvapor.com\/wp-content\/uploads\/2025\/11\/2Strawberry-Ice-JNR-Media-Max-40000-40K-Puffs-Disposable-Vape-Call-Feature-EU-Warehouse.webp","width":800,"height":800,"caption":"2Strawberry Ice JNR Media Max 40000 40K Puffs Disposable Vape Call Feature EU Warehouse"},{"@type":"BreadcrumbList","@id":"https:\/\/geekvapor.com\/product\/jnr-mediamax-40000-40k-puffs-disposable-vape-call-feature-eu-warehouse\/#breadcrumb","itemListElement":[{"@type":"ListItem","position":1,"name":"\u9996\u9875","item":"https:\/\/geekvapor.com\/"},{"@type":"ListItem","position":2,"name":"Shop","item":"https:\/\/geekvapor.com\/shop\/"},{"@type":"ListItem","position":3,"name":"JNR MediaMax 40000 40K Puffs Disposable Vape Call Feature EU Warehouse"}]},{"@type":"WebSite","@id":"https:\/\/geekvapor.com\/#website","url":"https:\/\/geekvapor.com\/","name":"geekvapor","description":"","potentialAction":[{"@type":"SearchAction","target":{"@type":"EntryPoint","urlTemplate":"https:\/\/geekvapor.com\/?s={search_term_string}"},"query-input":{"@type":"PropertyValueSpecification","valueRequired":true,"valueName":"search_term_string"}}],"inLanguage":"de"}]}},"tiered_pricing_type":"fixed","tiered_pricing_fixed_rules":{"30":"14.5","50":"14","100":"12.5","200":"12"},"tiered_pricing_percentage_rules":[],"tiered_pricing_minimum":10,"tiered_pricing_roles_data":[],"_links":{"self":[{"href":"https:\/\/geekvapor.com\/de\/wp-json\/wp\/v2\/product\/30132","targetHints":{"allow":["GET"]}}],"collection":[{"href":"https:\/\/geekvapor.com\/de\/wp-json\/wp\/v2\/product"}],"about":[{"href":"https:\/\/geekvapor.com\/de\/wp-json\/wp\/v2\/types\/product"}],"replies":[{"embeddable":true,"href":"https:\/\/geekvapor.com\/de\/wp-json\/wp\/v2\/comments?post=30132"}],"wp:featuredmedia":[{"embeddable":true,"href":"https:\/\/geekvapor.com\/de\/wp-json\/wp\/v2\/media\/30172"}],"wp:attachment":[{"href":"https:\/\/geekvapor.com\/de\/wp-json\/wp\/v2\/media?parent=30132"}],"wp:term":[{"taxonomy":"product_brand","embeddable":true,"href":"https:\/\/geekvapor.com\/de\/wp-json\/wp\/v2\/product_brand?post=30132"},{"taxonomy":"product_cat","embeddable":true,"href":"https:\/\/geekvapor.com\/de\/wp-json\/wp\/v2\/product_cat?post=30132"},{"taxonomy":"product_tag","embeddable":true,"href":"https:\/\/geekvapor.com\/de\/wp-json\/wp\/v2\/product_tag?post=30132"}],"curies":[{"name":"wp","href":"https:\/\/api.w.org\/{rel}","templated":true}]}}