{"id":26547,"date":"2024-12-13T13:42:35","date_gmt":"2024-12-13T13:42:35","guid":{"rendered":"https:\/\/geekvapor.com\/?post_type=product&#038;p=26547"},"modified":"2025-01-14T07:13:09","modified_gmt":"2025-01-14T07:13:09","slug":"bang-tornado-12000-disposable-vape-12k-puffs-20ml","status":"publish","type":"product","link":"https:\/\/geekvapor.com\/de\/produkt\/bang-tornado-12000-disposable-vape-12k-puffs-20ml\/","title":{"rendered":"Bang Tornado 12000 Einweg Vape 12k Puffs 20mL"},"content":{"rendered":"<h2 class=\"font-bold text-h3 leading-[40px] pt-[21px] pb-[2px] [&amp;_a]:underline-offset-[6px] [&amp;_.underline]:underline-offset-[6px]\" dir=\"ltr\" style=\"text-align: center;\"><span style=\"color: #83b828;\">Bang Tornado 12k Disposable Vape<\/span><\/h2>\n<p><a href=\"https:\/\/geekvapor.com\/product-category\/vape-brands\/bang\/\">Bang<\/a> Tornado 12000 Disposable Vape delivers 12k puffs from a 20mL pod in 20 bold flavors. Choose your nicotine level (0%-5%) and enjoy flawless flavor with its mesh coil. Powered by a 600mAh battery and fast-charging Type-C USB, it&#8217;s sleek, portable, and hassle-free for on-the-go vaping.<\/p>\n<h3 class=\"font-bold text-h3 leading-[40px] pt-[21px] pb-[2px] [&amp;_a]:underline-offset-[6px] [&amp;_.underline]:underline-offset-[6px]\" dir=\"ltr\">Bang Tornado 12000 Disposable Vape <a href=\"https:\/\/geekvapor.com\/product-category\/puff-vape\/12000-puffs\/\">12K Puffs<\/a> Features<\/h3>\n<ul class=\"pt-[9px] pb-[2px] pl-[24px] list-disc [&amp;_ul]:pt-[5px] pt-[5px]\">\n<li class=\"text-body font-regular leading-[24px] my-[5px] [&amp;&gt;ol]:!pt-0 [&amp;&gt;ol]:!pb-0 [&amp;&gt;ul]:!pt-0 [&amp;&gt;ul]:!pb-0\" value=\"1\"><strong><span class=\"text-black dark:text-gray-200\">12,000 Puffs of Pure Enjoyment<b><strong class=\"font-bold\">: <\/strong><\/b><\/span><\/strong>Optimise your vaping experience with the Bang Tornado 12000 and get a 12,000-peat tank for endless vaping.<\/li>\n<li class=\"text-body font-regular leading-[24px] my-[5px] [&amp;&gt;ol]:!pt-0 [&amp;&gt;ol]:!pb-0 [&amp;&gt;ul]:!pt-0 [&amp;&gt;ul]:!pb-0\" value=\"1\"><strong><span class=\"hover:bg-blue-100 dark:hover:bg-blue-400\/30 hover:cursor-pointer text-black dark:text-gray-200\" aria-expanded=\"false\">Big for a 20mL Pod Go Big.<b><strong class=\"font-bold\"><span class=\"text-black dark:text-gray-200\">: <\/span><\/strong><\/b><\/span><\/strong>With a large 20mL prefilled pod, you can experience consistently consistent clouds and intense flavors without refilling.<\/li>\n<li class=\"text-body font-regular leading-[24px] my-[5px] [&amp;&gt;ol]:!pt-0 [&amp;&gt;ol]:!pb-0 [&amp;&gt;ul]:!pt-0 [&amp;&gt;ul]:!pb-0\" value=\"1\"><strong><span class=\"text-black dark:text-gray-200\">Nicotine Your Way<b><strong class=\"font-bold\">: <\/strong><\/b><\/span><\/strong>Choose from 4 nicotine levels (0%, 2%, 3%, or 5%) depending on your needs.<\/li>\n<li class=\"text-body font-regular leading-[24px] my-[5px] [&amp;&gt;ol]:!pt-0 [&amp;&gt;ol]:!pb-0 [&amp;&gt;ul]:!pt-0 [&amp;&gt;ul]:!pb-0\" value=\"1\"><strong><span class=\"text-black dark:text-gray-200\">Fast Charging, Always Ready<b><strong class=\"font-bold\">: <\/strong><\/b><\/span><\/strong>Thanks to a Type-C USB port, your Tornado 12000 kicks on fast and never goes out of charge.<\/li>\n<li class=\"text-body font-regular leading-[24px] my-[5px] [&amp;&gt;ol]:!pt-0 [&amp;&gt;ol]:!pb-0 [&amp;&gt;ul]:!pt-0 [&amp;&gt;ul]:!pb-0\" value=\"1\"><strong><span class=\"text-black dark:text-gray-200\">Power-Packed Battery<b><strong class=\"font-bold\">: <\/strong><\/b><\/span><\/strong>Experience long-term, durable performances from a durable 600mAh battery.<\/li>\n<li class=\"text-body font-regular leading-[24px] my-[5px] [&amp;&gt;ol]:!pt-0 [&amp;&gt;ol]:!pb-0 [&amp;&gt;ul]:!pt-0 [&amp;&gt;ul]:!pb-0\" value=\"1\"><strong><span class=\"hover:bg-blue-100 dark:hover:bg-blue-400\/30 hover:cursor-pointer text-black dark:text-gray-200\" aria-expanded=\"false\">20 Flavors for Every Feeling.<b><strong class=\"font-bold\"><span class=\"text-black dark:text-gray-200\">: <\/span><\/strong><\/b><\/span><\/strong>Whether you want fruit, menthol, or something special, there are 20 delicious flavours carefully selected to ensure maximum enjoyment.<\/li>\n<li class=\"text-body font-regular leading-[24px] my-[5px] [&amp;&gt;ol]:!pt-0 [&amp;&gt;ol]:!pb-0 [&amp;&gt;ul]:!pt-0 [&amp;&gt;ul]:!pb-0\" value=\"1\"><strong><span class=\"text-black dark:text-gray-200\">Mesh Coil for Flawless Flavor<b><strong class=\"font-bold\">: <\/strong><\/b><\/span><\/strong>Feel fuller flavors and denser clouds thanks to the 0 mesh coil design.<\/li>\n<li class=\"text-body font-regular leading-[24px] my-[5px] [&amp;&gt;ol]:!pt-0 [&amp;&gt;ol]:!pb-0 [&amp;&gt;ul]:!pt-0 [&amp;&gt;ul]:!pb-0\" value=\"1\"><strong><span class=\"text-black dark:text-gray-200\">Hassle-Free, On-the-Go Vaping<b><strong class=\"font-bold\">: <\/strong><\/b><\/span><\/strong>No repairing, no headaches, take your Tornado 12k with you and enjoy total mobility everywhere you go.<\/li>\n<li class=\"text-body font-regular leading-[24px] my-[5px] [&amp;&gt;ol]:!pt-0 [&amp;&gt;ol]:!pb-0 [&amp;&gt;ul]:!pt-0 [&amp;&gt;ul]:!pb-0\" value=\"1\"><strong><span class=\"text-black dark:text-gray-200\">Sleek, Pocket-Friendly Design<b><strong class=\"font-bold\">: <\/strong><\/b><\/span><\/strong>Elegant, small and lightweight \u2014 the Bang Tornado 12k is as comfortable to use as it is stylish.<\/li>\n<li class=\"text-body font-regular leading-[24px] my-[5px] [&amp;&gt;ol]:!pt-0 [&amp;&gt;ol]:!pb-0 [&amp;&gt;ul]:!pt-0 [&amp;&gt;ul]:!pb-0\" value=\"1\"><strong><span class=\"text-black dark:text-gray-200\">Bang\u2019s Trusted Quality<b><strong class=\"font-bold\">: <\/strong><\/b><\/span><\/strong>Expect the best performance and flavor from a manufacturer you can trust \u2014 Bang Tornado 12000 has it all.<\/li>\n<\/ul>\n<h3 class=\"drawer-header mb-200 text-style-body-lg-500 text-info\">What&#8217;s Included<\/h3>\n<p>1 * Bang Tornado 12000<\/p>\n<h3>Flavor List<\/h3>\n<ol>\n<li>Blueberry Ice<\/li>\n<li>Watermelon Bubblegum<\/li>\n<li>Blue Razz Ice<\/li>\n<li>Royal Grape<\/li>\n<li>Watermelon Ice<\/li>\n<li>Sour Apple Raspberry<\/li>\n<li>Peach Mango Watermelon<\/li>\n<li>Strawberry Kiwi<\/li>\n<li>Kiwi Passion Fruit Guava<\/li>\n<li>Strawberry Watermelon<\/li>\n<li>Strawberry Juice<\/li>\n<li>Black Dragon Ice<\/li>\n<li>Raspberry Watermelon<\/li>\n<li>Strawberry Watermelon Melon<\/li>\n<li>Peach Ice<\/li>\n<li>Mixed Fruit<\/li>\n<li>Strawberry Raspberry<\/li>\n<li>Blueberry Cherry Cranberry<\/li>\n<li>Strawberry Mango<\/li>\n<li>Cherry Peach Lemonade<\/li>\n<\/ol>\n","protected":false},"excerpt":{"rendered":"<ul>\n<li>12000 Z\u00fcge<\/li>\n<li>20 Geschmacksrichtungen<\/li>\n<li>600mAh<\/li>\n<li>0%\/2%\/3%\/5%Nicotine<\/li>\n<li>20mL<\/li>\n<\/ul>","protected":false},"featured_media":28473,"comment_status":"open","ping_status":"closed","template":"","meta":[],"product_brand":[],"product_cat":[200,201,216,218,196],"product_tag":[],"class_list":{"0":"post-26547","1":"product","2":"type-product","3":"status-publish","4":"has-post-thumbnail","6":"product_cat-low-nicotine-vape","7":"product_cat-rechargeable-vapes","8":"product_cat-tornado-vape","9":"product_cat-12000-puffs","10":"product_cat-bang","12":"first","13":"instock","14":"shipping-taxable","15":"purchasable","16":"product-type-variable"},"yoast_head":"<!-- This site is optimized with the Yoast SEO Premium plugin v24.0 (Yoast SEO v26.0) - https:\/\/yoast.com\/wordpress\/plugins\/seo\/ -->\n<title>Bang Tornado 12000 Disposable Vape 12k Puffs 20mL | geekvapor<\/title>\n<meta name=\"description\" content=\"Enjoy 12000 puffs with the Bang Tornado 12K Disposable Vape. Choose nicotine levels, explore 20 bold flavors, and experience flawless flavor on the go!\" \/>\n<meta name=\"robots\" content=\"index, follow, max-snippet:-1, max-image-preview:large, max-video-preview:-1\" \/>\n<link rel=\"canonical\" href=\"https:\/\/geekvapor.com\/de\/produkt\/bang-tornado-12000-disposable-vape-12k-puffs-20ml\/\" \/>\n<meta property=\"og:locale\" content=\"de_DE\" \/>\n<meta property=\"og:type\" content=\"article\" \/>\n<meta property=\"og:title\" content=\"Bang Tornado 12000 Disposable Vape 12k Puffs 20mL\" \/>\n<meta property=\"og:description\" content=\"Enjoy 12000 puffs with the Bang Tornado 12K Disposable Vape. Choose nicotine levels, explore 20 bold flavors, and experience flawless flavor on the go!\" \/>\n<meta property=\"og:url\" content=\"https:\/\/geekvapor.com\/de\/produkt\/bang-tornado-12000-disposable-vape-12k-puffs-20ml\/\" \/>\n<meta property=\"og:site_name\" content=\"geekvapor\" \/>\n<meta property=\"article:modified_time\" content=\"2025-01-14T07:13:09+00:00\" \/>\n<meta property=\"og:image\" content=\"https:\/\/geekvapor.com\/wp-content\/uploads\/2024\/12\/Bang-Tornado-12000-Disposable-Vape-12k-Puffs-20mL.webp\" \/>\n\t<meta property=\"og:image:width\" content=\"1000\" \/>\n\t<meta property=\"og:image:height\" content=\"1000\" \/>\n\t<meta property=\"og:image:type\" content=\"image\/webp\" \/>\n<meta name=\"twitter:card\" content=\"summary_large_image\" \/>\n<meta name=\"twitter:label1\" content=\"Gesch\u00e4tzte Lesezeit\" \/>\n\t<meta name=\"twitter:data1\" content=\"2\u00a0Minuten\" \/>\n<script type=\"application\/ld+json\" class=\"yoast-schema-graph\">{\"@context\":\"https:\/\/schema.org\",\"@graph\":[{\"@type\":\"WebPage\",\"@id\":\"https:\/\/geekvapor.com\/product\/bang-tornado-12000-disposable-vape-12k-puffs-20ml\/\",\"url\":\"https:\/\/geekvapor.com\/product\/bang-tornado-12000-disposable-vape-12k-puffs-20ml\/\",\"name\":\"Bang Tornado 12000 Disposable Vape 12k Puffs 20mL | geekvapor\",\"isPartOf\":{\"@id\":\"https:\/\/geekvapor.com\/#website\"},\"primaryImageOfPage\":{\"@id\":\"https:\/\/geekvapor.com\/product\/bang-tornado-12000-disposable-vape-12k-puffs-20ml\/#primaryimage\"},\"image\":{\"@id\":\"https:\/\/geekvapor.com\/product\/bang-tornado-12000-disposable-vape-12k-puffs-20ml\/#primaryimage\"},\"thumbnailUrl\":\"https:\/\/geekvapor.com\/wp-content\/uploads\/2024\/12\/Bang-Tornado-12000-Disposable-Vape-12k-Puffs-20mL.webp\",\"datePublished\":\"2024-12-13T13:42:35+00:00\",\"dateModified\":\"2025-01-14T07:13:09+00:00\",\"description\":\"Enjoy 12000 puffs with the Bang Tornado 12K Disposable Vape. Choose nicotine levels, explore 20 bold flavors, and experience flawless flavor on the go!\",\"breadcrumb\":{\"@id\":\"https:\/\/geekvapor.com\/product\/bang-tornado-12000-disposable-vape-12k-puffs-20ml\/#breadcrumb\"},\"inLanguage\":\"de\",\"potentialAction\":[{\"@type\":\"ReadAction\",\"target\":[\"https:\/\/geekvapor.com\/product\/bang-tornado-12000-disposable-vape-12k-puffs-20ml\/\"]}]},{\"@type\":\"ImageObject\",\"inLanguage\":\"de\",\"@id\":\"https:\/\/geekvapor.com\/product\/bang-tornado-12000-disposable-vape-12k-puffs-20ml\/#primaryimage\",\"url\":\"https:\/\/geekvapor.com\/wp-content\/uploads\/2024\/12\/Bang-Tornado-12000-Disposable-Vape-12k-Puffs-20mL.webp\",\"contentUrl\":\"https:\/\/geekvapor.com\/wp-content\/uploads\/2024\/12\/Bang-Tornado-12000-Disposable-Vape-12k-Puffs-20mL.webp\",\"width\":1000,\"height\":1000,\"caption\":\"Bang Tornado 12000 Disposable Vape 12k Puffs 20mL\"},{\"@type\":\"BreadcrumbList\",\"@id\":\"https:\/\/geekvapor.com\/product\/bang-tornado-12000-disposable-vape-12k-puffs-20ml\/#breadcrumb\",\"itemListElement\":[{\"@type\":\"ListItem\",\"position\":1,\"name\":\"\u9996\u9875\",\"item\":\"https:\/\/geekvapor.com\/\"},{\"@type\":\"ListItem\",\"position\":2,\"name\":\"Shop\",\"item\":\"https:\/\/geekvapor.com\/shop\/\"},{\"@type\":\"ListItem\",\"position\":3,\"name\":\"Bang Tornado 12000 Disposable Vape 12k Puffs 20mL\"}]},{\"@type\":\"WebSite\",\"@id\":\"https:\/\/geekvapor.com\/#website\",\"url\":\"https:\/\/geekvapor.com\/\",\"name\":\"geekvapor\",\"description\":\"\",\"potentialAction\":[{\"@type\":\"SearchAction\",\"target\":{\"@type\":\"EntryPoint\",\"urlTemplate\":\"https:\/\/geekvapor.com\/?s={search_term_string}\"},\"query-input\":{\"@type\":\"PropertyValueSpecification\",\"valueRequired\":true,\"valueName\":\"search_term_string\"}}],\"inLanguage\":\"de\"}]}<\/script>\n<!-- \/ Yoast SEO Premium plugin. -->","yoast_head_json":{"title":"Bang Tornado 12000 Einweg Vape 12k Puffs 20mL | geekvapor","description":"Genie\u00dfen Sie 12000 Z\u00fcge mit dem Bang Tornado 12K Disposable Vape. W\u00e4hle die Nikotinst\u00e4rke, entdecke 20 k\u00fchne Geschmacksrichtungen und erlebe den makellosen Geschmack unterwegs!","robots":{"index":"index","follow":"follow","max-snippet":"max-snippet:-1","max-image-preview":"max-image-preview:large","max-video-preview":"max-video-preview:-1"},"canonical":"https:\/\/geekvapor.com\/de\/produkt\/bang-tornado-12000-disposable-vape-12k-puffs-20ml\/","og_locale":"de_DE","og_type":"article","og_title":"Bang Tornado 12000 Disposable Vape 12k Puffs 20mL","og_description":"Enjoy 12000 puffs with the Bang Tornado 12K Disposable Vape. Choose nicotine levels, explore 20 bold flavors, and experience flawless flavor on the go!","og_url":"https:\/\/geekvapor.com\/de\/produkt\/bang-tornado-12000-disposable-vape-12k-puffs-20ml\/","og_site_name":"geekvapor","article_modified_time":"2025-01-14T07:13:09+00:00","og_image":[{"width":1000,"height":1000,"url":"https:\/\/geekvapor.com\/wp-content\/uploads\/2024\/12\/Bang-Tornado-12000-Disposable-Vape-12k-Puffs-20mL.webp","type":"image\/webp"}],"twitter_card":"summary_large_image","twitter_misc":{"Gesch\u00e4tzte Lesezeit":"2\u00a0Minuten"},"schema":{"@context":"https:\/\/schema.org","@graph":[{"@type":"WebPage","@id":"https:\/\/geekvapor.com\/product\/bang-tornado-12000-disposable-vape-12k-puffs-20ml\/","url":"https:\/\/geekvapor.com\/product\/bang-tornado-12000-disposable-vape-12k-puffs-20ml\/","name":"Bang Tornado 12000 Einweg Vape 12k Puffs 20mL | geekvapor","isPartOf":{"@id":"https:\/\/geekvapor.com\/#website"},"primaryImageOfPage":{"@id":"https:\/\/geekvapor.com\/product\/bang-tornado-12000-disposable-vape-12k-puffs-20ml\/#primaryimage"},"image":{"@id":"https:\/\/geekvapor.com\/product\/bang-tornado-12000-disposable-vape-12k-puffs-20ml\/#primaryimage"},"thumbnailUrl":"https:\/\/geekvapor.com\/wp-content\/uploads\/2024\/12\/Bang-Tornado-12000-Disposable-Vape-12k-Puffs-20mL.webp","datePublished":"2024-12-13T13:42:35+00:00","dateModified":"2025-01-14T07:13:09+00:00","description":"Genie\u00dfen Sie 12000 Z\u00fcge mit dem Bang Tornado 12K Disposable Vape. W\u00e4hle die Nikotinst\u00e4rke, entdecke 20 k\u00fchne Geschmacksrichtungen und erlebe den makellosen Geschmack unterwegs!","breadcrumb":{"@id":"https:\/\/geekvapor.com\/product\/bang-tornado-12000-disposable-vape-12k-puffs-20ml\/#breadcrumb"},"inLanguage":"de","potentialAction":[{"@type":"ReadAction","target":["https:\/\/geekvapor.com\/product\/bang-tornado-12000-disposable-vape-12k-puffs-20ml\/"]}]},{"@type":"ImageObject","inLanguage":"de","@id":"https:\/\/geekvapor.com\/product\/bang-tornado-12000-disposable-vape-12k-puffs-20ml\/#primaryimage","url":"https:\/\/geekvapor.com\/wp-content\/uploads\/2024\/12\/Bang-Tornado-12000-Disposable-Vape-12k-Puffs-20mL.webp","contentUrl":"https:\/\/geekvapor.com\/wp-content\/uploads\/2024\/12\/Bang-Tornado-12000-Disposable-Vape-12k-Puffs-20mL.webp","width":1000,"height":1000,"caption":"Bang Tornado 12000 Disposable Vape 12k Puffs 20mL"},{"@type":"BreadcrumbList","@id":"https:\/\/geekvapor.com\/product\/bang-tornado-12000-disposable-vape-12k-puffs-20ml\/#breadcrumb","itemListElement":[{"@type":"ListItem","position":1,"name":"\u9996\u9875","item":"https:\/\/geekvapor.com\/"},{"@type":"ListItem","position":2,"name":"Shop","item":"https:\/\/geekvapor.com\/shop\/"},{"@type":"ListItem","position":3,"name":"Bang Tornado 12000 Disposable Vape 12k Puffs 20mL"}]},{"@type":"WebSite","@id":"https:\/\/geekvapor.com\/#website","url":"https:\/\/geekvapor.com\/","name":"geekvapor","description":"","potentialAction":[{"@type":"SearchAction","target":{"@type":"EntryPoint","urlTemplate":"https:\/\/geekvapor.com\/?s={search_term_string}"},"query-input":{"@type":"PropertyValueSpecification","valueRequired":true,"valueName":"search_term_string"}}],"inLanguage":"de"}]}},"tiered_pricing_type":"fixed","tiered_pricing_fixed_rules":{"30":"8.9","50":"7.9","100":"7.5","200":"6.8","400":"6.3"},"tiered_pricing_percentage_rules":[],"tiered_pricing_minimum":10,"tiered_pricing_roles_data":[],"_links":{"self":[{"href":"https:\/\/geekvapor.com\/de\/wp-json\/wp\/v2\/product\/26547","targetHints":{"allow":["GET"]}}],"collection":[{"href":"https:\/\/geekvapor.com\/de\/wp-json\/wp\/v2\/product"}],"about":[{"href":"https:\/\/geekvapor.com\/de\/wp-json\/wp\/v2\/types\/product"}],"replies":[{"embeddable":true,"href":"https:\/\/geekvapor.com\/de\/wp-json\/wp\/v2\/comments?post=26547"}],"wp:featuredmedia":[{"embeddable":true,"href":"https:\/\/geekvapor.com\/de\/wp-json\/wp\/v2\/media\/28473"}],"wp:attachment":[{"href":"https:\/\/geekvapor.com\/de\/wp-json\/wp\/v2\/media?parent=26547"}],"wp:term":[{"taxonomy":"product_brand","embeddable":true,"href":"https:\/\/geekvapor.com\/de\/wp-json\/wp\/v2\/product_brand?post=26547"},{"taxonomy":"product_cat","embeddable":true,"href":"https:\/\/geekvapor.com\/de\/wp-json\/wp\/v2\/product_cat?post=26547"},{"taxonomy":"product_tag","embeddable":true,"href":"https:\/\/geekvapor.com\/de\/wp-json\/wp\/v2\/product_tag?post=26547"}],"curies":[{"name":"wp","href":"https:\/\/api.w.org\/{rel}","templated":true}]}}