{"id":23115,"date":"2024-12-13T13:31:13","date_gmt":"2024-12-13T13:31:13","guid":{"rendered":"https:\/\/geekvapor.com\/?post_type=product&#038;p=23115"},"modified":"2025-01-14T07:35:17","modified_gmt":"2025-01-14T07:35:17","slug":"waspe-25000-disposable-vape-25k-puffs-18ml","status":"publish","type":"product","link":"https:\/\/geekvapor.com\/de\/produkt\/waspe-25000-disposable-vape-25k-puffs-18ml\/","title":{"rendered":"WASPE 25000 Einweg Vape 25k Puffs 18ml"},"content":{"rendered":"<h2 class=\"font-bold text-h3 leading-[40px] pt-[21px] pb-[2px] [&amp;_a]:underline-offset-[6px] [&amp;_.underline]:underline-offset-[6px]\" dir=\"ltr\" style=\"text-align: center;\"><span style=\"color: #83b828;\">WASPE 25k Disposable Vape<\/span><\/h2>\n<p>Experience the <a href=\"https:\/\/geekvapor.com\/product-category\/vape-brands\/waspe\/\">WASPE<\/a> 25000 Disposable Vape\u2014unmatched with 25k puffs for long-lasting enjoyment! Featuring an 18ml pre-filled pod, 650mAh rechargeable battery, and 10 flavor options, it\u2019s all about smooth hits, bold vapor, and ultimate control with adjustable airflow &amp; a digital display.<\/p>\n<h3 class=\"font-bold text-h3 leading-[40px] pt-[21px] pb-[2px] [&amp;_a]:underline-offset-[6px] [&amp;_.underline]:underline-offset-[6px]\" dir=\"ltr\">WASPE 25000 Disposable Vape <a href=\"https:\/\/geekvapor.com\/product-category\/puff-vape\/25000-puffs\/\">25K Puffs<\/a> Features<\/h3>\n<ul class=\"pt-[9px] pb-[2px] pl-[24px] list-disc [&amp;_ul]:pt-[5px] pt-[5px]\">\n<li class=\"text-body font-regular leading-[24px] my-[5px] [&amp;&gt;ol]:!pt-0 [&amp;&gt;ol]:!pb-0 [&amp;&gt;ul]:!pt-0 [&amp;&gt;ul]:!pb-0\" value=\"1\"><b><strong class=\"font-bold\">25,000 Puffs of Enjoyment<\/strong><\/b> \u2013 Say hello to the WASPE 25k Disposable Vape for an ultra-long-lasting vape experience.<\/li>\n<li class=\"text-body font-regular leading-[24px] my-[5px] [&amp;&gt;ol]:!pt-0 [&amp;&gt;ol]:!pb-0 [&amp;&gt;ul]:!pt-0 [&amp;&gt;ul]:!pb-0\" value=\"2\"><b><strong class=\"font-bold\">18ml Pre-Filled Pod<\/strong><\/b> \u2013 More liquid, fewer refills. Keep puffing without breaks.<\/li>\n<li class=\"text-body font-regular leading-[24px] my-[5px] [&amp;&gt;ol]:!pt-0 [&amp;&gt;ol]:!pb-0 [&amp;&gt;ul]:!pt-0 [&amp;&gt;ul]:!pb-0\" value=\"3\"><b><strong class=\"font-bold\">Recharge &amp; Go<\/strong><\/b> \u2013 The 650mAh rechargeable battery ensures you never miss a puff.<\/li>\n<li class=\"text-body font-regular leading-[24px] my-[5px] [&amp;&gt;ol]:!pt-0 [&amp;&gt;ol]:!pb-0 [&amp;&gt;ul]:!pt-0 [&amp;&gt;ul]:!pb-0\" value=\"4\"><b><strong class=\"font-bold\">Smoother Hits<\/strong><\/b> \u2013 Thanks to advanced mesh coil tech, every draw is flavorful and smooth.<\/li>\n<li class=\"text-body font-regular leading-[24px] my-[5px] [&amp;&gt;ol]:!pt-0 [&amp;&gt;ol]:!pb-0 [&amp;&gt;ul]:!pt-0 [&amp;&gt;ul]:!pb-0\" value=\"5\"><b><strong class=\"font-bold\">Your Nicotine, Your Choice<\/strong><\/b> \u2013 Pick your perfect strength\u20140%, 2%, or 5%.<\/li>\n<li class=\"text-body font-regular leading-[24px] my-[5px] [&amp;&gt;ol]:!pt-0 [&amp;&gt;ol]:!pb-0 [&amp;&gt;ul]:!pt-0 [&amp;&gt;ul]:!pb-0\" value=\"6\"><b><strong class=\"font-bold\">Flavors for Days<\/strong><\/b> \u2013 Switch it up with 10 tasty flavor options!<\/li>\n<li class=\"text-body font-regular leading-[24px] my-[5px] [&amp;&gt;ol]:!pt-0 [&amp;&gt;ol]:!pb-0 [&amp;&gt;ul]:!pt-0 [&amp;&gt;ul]:!pb-0\" value=\"7\"><b><strong class=\"font-bold\">Stay in Control<\/strong><\/b> \u2013 Check your battery life at a glance with the digital display.<\/li>\n<li class=\"text-body font-regular leading-[24px] my-[5px] [&amp;&gt;ol]:!pt-0 [&amp;&gt;ol]:!pb-0 [&amp;&gt;ul]:!pt-0 [&amp;&gt;ul]:!pb-0\" value=\"8\"><b><strong class=\"font-bold\">Customize Your Experience<\/strong><\/b> \u2013 Adjustable airflow for the draw that feels just right.<\/li>\n<li class=\"text-body font-regular leading-[24px] my-[5px] [&amp;&gt;ol]:!pt-0 [&amp;&gt;ol]:!pb-0 [&amp;&gt;ul]:!pt-0 [&amp;&gt;ul]:!pb-0\" value=\"9\"><b><strong class=\"font-bold\">Big Clouds, Big Satisfaction<\/strong><\/b> \u2013 Feel the WASPE difference with bold vapor output.<\/li>\n<li class=\"text-body font-regular leading-[24px] my-[5px] [&amp;&gt;ol]:!pt-0 [&amp;&gt;ol]:!pb-0 [&amp;&gt;ul]:!pt-0 [&amp;&gt;ul]:!pb-0\" value=\"10\"><b><strong class=\"font-bold\">Freshness Guaranteed<\/strong><\/b> \u2013 Each box of 5 vapes is securely packed for ultimate freshness.<\/li>\n<\/ul>\n<h3 class=\"drawer-header mb-200 text-style-body-lg-500 text-info\">What&#8217;s Included<\/h3>\n<p>1 * WASPE 25000<\/p>\n<h3><span style=\"color: #000000;\">Flavor List<\/span><\/h3>\n<ol>\n<li><span style=\"color: #000000;\"><strong>Watermelon Ice<\/strong><\/span><\/li>\n<li><span style=\"color: #000000;\"><strong>Blueberry On Ice<\/strong><\/span><\/li>\n<li><span style=\"color: #000000;\"><strong>Strawberry Watermelon<\/strong><\/span><\/li>\n<li><span style=\"color: #000000;\"><strong>Blueberry Raspberry Lemonade<\/strong><\/span><\/li>\n<li><span style=\"color: #000000;\"><strong>Cherry Ice<\/strong><\/span><\/li>\n<li><span style=\"color: #000000;\"><strong>Peach Mango Watermelon<\/strong><\/span><\/li>\n<li><span style=\"color: #000000;\"><strong>Mixed Berries<\/strong><\/span><\/li>\n<li><span style=\"color: #000000;\"><strong>Peach Ice<\/strong><\/span><\/li>\n<li><span style=\"color: #000000;\"><strong>Strawberry Kiwi<\/strong><\/span><\/li>\n<li><span style=\"color: #000000;\"><strong>Grape Ice<\/strong><\/span><\/li>\n<\/ol>\n","protected":false},"excerpt":{"rendered":"<div class=\"woocommerce-product-details__short-description\">\n<ul>\n<li>25000 Z\u00fcge<\/li>\n<li>10 Geschmacksrichtungen<\/li>\n<li>650mAh<\/li>\n<li>0%\/ 2%\/5% Nikotinst\u00e4rke<\/li>\n<li>18ML gef\u00fcllt mit Fl\u00fcssigkeit<\/li>\n<li>1 Schachtel mit 5 St\u00fcck<\/li>\n<\/ul>\n<\/div>","protected":false},"featured_media":29484,"comment_status":"open","ping_status":"closed","template":"","meta":[],"product_brand":[],"product_cat":[198,203,201,210,253],"product_tag":[],"class_list":{"0":"post-23115","1":"product","2":"type-product","3":"status-publish","4":"has-post-thumbnail","6":"product_cat-big-vape","7":"product_cat-vape-with-screen","8":"product_cat-rechargeable-vapes","9":"product_cat-25000-puffs","10":"product_cat-waspe","12":"first","13":"instock","14":"shipping-taxable","15":"purchasable","16":"product-type-variable"},"yoast_head":"<!-- This site is optimized with the Yoast SEO Premium plugin v24.0 (Yoast SEO v26.0) - https:\/\/yoast.com\/wordpress\/plugins\/seo\/ -->\n<title>WASPE 25000 Disposable Vape 25k Puffs 18ml | geekvapor<\/title>\n<meta name=\"description\" content=\"Enjoy 25k puffs with the WASPE 25000 Disposable Vape! Featuring 10 flavors, adjustable airflow, digital display for ultimate control.\" \/>\n<meta name=\"robots\" content=\"index, follow, max-snippet:-1, max-image-preview:large, max-video-preview:-1\" \/>\n<link rel=\"canonical\" href=\"https:\/\/geekvapor.com\/de\/produkt\/waspe-25000-disposable-vape-25k-puffs-18ml\/\" \/>\n<meta property=\"og:locale\" content=\"de_DE\" \/>\n<meta property=\"og:type\" content=\"article\" \/>\n<meta property=\"og:title\" content=\"WASPE 25000 Disposable Vape 25k Puffs 18ml\" \/>\n<meta property=\"og:description\" content=\"Enjoy 25k puffs with the WASPE 25000 Disposable Vape! Featuring 10 flavors, adjustable airflow, digital display for ultimate control.\" \/>\n<meta property=\"og:url\" content=\"https:\/\/geekvapor.com\/de\/produkt\/waspe-25000-disposable-vape-25k-puffs-18ml\/\" \/>\n<meta property=\"og:site_name\" content=\"geekvapor\" \/>\n<meta property=\"article:modified_time\" content=\"2025-01-14T07:35:17+00:00\" \/>\n<meta property=\"og:image\" content=\"https:\/\/geekvapor.com\/wp-content\/uploads\/2024\/12\/WASPE-25000-Disposable-Vape-25k-Puffs-18ml.webp\" \/>\n\t<meta property=\"og:image:width\" content=\"1000\" \/>\n\t<meta property=\"og:image:height\" content=\"1000\" \/>\n\t<meta property=\"og:image:type\" content=\"image\/webp\" \/>\n<meta name=\"twitter:card\" content=\"summary_large_image\" \/>\n<meta name=\"twitter:label1\" content=\"Gesch\u00e4tzte Lesezeit\" \/>\n\t<meta name=\"twitter:data1\" content=\"2\u00a0Minuten\" \/>\n<script type=\"application\/ld+json\" class=\"yoast-schema-graph\">{\"@context\":\"https:\/\/schema.org\",\"@graph\":[{\"@type\":\"WebPage\",\"@id\":\"https:\/\/geekvapor.com\/product\/waspe-25000-disposable-vape-25k-puffs-18ml\/\",\"url\":\"https:\/\/geekvapor.com\/product\/waspe-25000-disposable-vape-25k-puffs-18ml\/\",\"name\":\"WASPE 25000 Disposable Vape 25k Puffs 18ml | geekvapor\",\"isPartOf\":{\"@id\":\"https:\/\/geekvapor.com\/#website\"},\"primaryImageOfPage\":{\"@id\":\"https:\/\/geekvapor.com\/product\/waspe-25000-disposable-vape-25k-puffs-18ml\/#primaryimage\"},\"image\":{\"@id\":\"https:\/\/geekvapor.com\/product\/waspe-25000-disposable-vape-25k-puffs-18ml\/#primaryimage\"},\"thumbnailUrl\":\"https:\/\/geekvapor.com\/wp-content\/uploads\/2024\/12\/WASPE-25000-Disposable-Vape-25k-Puffs-18ml.webp\",\"datePublished\":\"2024-12-13T13:31:13+00:00\",\"dateModified\":\"2025-01-14T07:35:17+00:00\",\"description\":\"Enjoy 25k puffs with the WASPE 25000 Disposable Vape! Featuring 10 flavors, adjustable airflow, digital display for ultimate control.\",\"breadcrumb\":{\"@id\":\"https:\/\/geekvapor.com\/product\/waspe-25000-disposable-vape-25k-puffs-18ml\/#breadcrumb\"},\"inLanguage\":\"de\",\"potentialAction\":[{\"@type\":\"ReadAction\",\"target\":[\"https:\/\/geekvapor.com\/product\/waspe-25000-disposable-vape-25k-puffs-18ml\/\"]}]},{\"@type\":\"ImageObject\",\"inLanguage\":\"de\",\"@id\":\"https:\/\/geekvapor.com\/product\/waspe-25000-disposable-vape-25k-puffs-18ml\/#primaryimage\",\"url\":\"https:\/\/geekvapor.com\/wp-content\/uploads\/2024\/12\/WASPE-25000-Disposable-Vape-25k-Puffs-18ml.webp\",\"contentUrl\":\"https:\/\/geekvapor.com\/wp-content\/uploads\/2024\/12\/WASPE-25000-Disposable-Vape-25k-Puffs-18ml.webp\",\"width\":1000,\"height\":1000,\"caption\":\"WASPE 25000 Disposable Vape 25k Puffs 18ml\"},{\"@type\":\"BreadcrumbList\",\"@id\":\"https:\/\/geekvapor.com\/product\/waspe-25000-disposable-vape-25k-puffs-18ml\/#breadcrumb\",\"itemListElement\":[{\"@type\":\"ListItem\",\"position\":1,\"name\":\"\u9996\u9875\",\"item\":\"https:\/\/geekvapor.com\/\"},{\"@type\":\"ListItem\",\"position\":2,\"name\":\"Shop\",\"item\":\"https:\/\/geekvapor.com\/shop\/\"},{\"@type\":\"ListItem\",\"position\":3,\"name\":\"WASPE 25000 Disposable Vape 25k Puffs 18ml\"}]},{\"@type\":\"WebSite\",\"@id\":\"https:\/\/geekvapor.com\/#website\",\"url\":\"https:\/\/geekvapor.com\/\",\"name\":\"geekvapor\",\"description\":\"\",\"potentialAction\":[{\"@type\":\"SearchAction\",\"target\":{\"@type\":\"EntryPoint\",\"urlTemplate\":\"https:\/\/geekvapor.com\/?s={search_term_string}\"},\"query-input\":{\"@type\":\"PropertyValueSpecification\",\"valueRequired\":true,\"valueName\":\"search_term_string\"}}],\"inLanguage\":\"de\"}]}<\/script>\n<!-- \/ Yoast SEO Premium plugin. -->","yoast_head_json":{"title":"WASPE 25000 Einweg Vape 25k Puffs 18ml | geekvapor","description":"Genie\u00dfe 25k Z\u00fcge mit dem WASPE 25000 Disposable Vape! Mit 10 Geschmacksrichtungen, einstellbarem Luftstrom, digitaler Anzeige f\u00fcr ultimative Kontrolle.","robots":{"index":"index","follow":"follow","max-snippet":"max-snippet:-1","max-image-preview":"max-image-preview:large","max-video-preview":"max-video-preview:-1"},"canonical":"https:\/\/geekvapor.com\/de\/produkt\/waspe-25000-disposable-vape-25k-puffs-18ml\/","og_locale":"de_DE","og_type":"article","og_title":"WASPE 25000 Disposable Vape 25k Puffs 18ml","og_description":"Enjoy 25k puffs with the WASPE 25000 Disposable Vape! Featuring 10 flavors, adjustable airflow, digital display for ultimate control.","og_url":"https:\/\/geekvapor.com\/de\/produkt\/waspe-25000-disposable-vape-25k-puffs-18ml\/","og_site_name":"geekvapor","article_modified_time":"2025-01-14T07:35:17+00:00","og_image":[{"width":1000,"height":1000,"url":"https:\/\/geekvapor.com\/wp-content\/uploads\/2024\/12\/WASPE-25000-Disposable-Vape-25k-Puffs-18ml.webp","type":"image\/webp"}],"twitter_card":"summary_large_image","twitter_misc":{"Gesch\u00e4tzte Lesezeit":"2\u00a0Minuten"},"schema":{"@context":"https:\/\/schema.org","@graph":[{"@type":"WebPage","@id":"https:\/\/geekvapor.com\/product\/waspe-25000-disposable-vape-25k-puffs-18ml\/","url":"https:\/\/geekvapor.com\/product\/waspe-25000-disposable-vape-25k-puffs-18ml\/","name":"WASPE 25000 Einweg Vape 25k Puffs 18ml | geekvapor","isPartOf":{"@id":"https:\/\/geekvapor.com\/#website"},"primaryImageOfPage":{"@id":"https:\/\/geekvapor.com\/product\/waspe-25000-disposable-vape-25k-puffs-18ml\/#primaryimage"},"image":{"@id":"https:\/\/geekvapor.com\/product\/waspe-25000-disposable-vape-25k-puffs-18ml\/#primaryimage"},"thumbnailUrl":"https:\/\/geekvapor.com\/wp-content\/uploads\/2024\/12\/WASPE-25000-Disposable-Vape-25k-Puffs-18ml.webp","datePublished":"2024-12-13T13:31:13+00:00","dateModified":"2025-01-14T07:35:17+00:00","description":"Genie\u00dfe 25k Z\u00fcge mit dem WASPE 25000 Disposable Vape! Mit 10 Geschmacksrichtungen, einstellbarem Luftstrom, digitaler Anzeige f\u00fcr ultimative Kontrolle.","breadcrumb":{"@id":"https:\/\/geekvapor.com\/product\/waspe-25000-disposable-vape-25k-puffs-18ml\/#breadcrumb"},"inLanguage":"de","potentialAction":[{"@type":"ReadAction","target":["https:\/\/geekvapor.com\/product\/waspe-25000-disposable-vape-25k-puffs-18ml\/"]}]},{"@type":"ImageObject","inLanguage":"de","@id":"https:\/\/geekvapor.com\/product\/waspe-25000-disposable-vape-25k-puffs-18ml\/#primaryimage","url":"https:\/\/geekvapor.com\/wp-content\/uploads\/2024\/12\/WASPE-25000-Disposable-Vape-25k-Puffs-18ml.webp","contentUrl":"https:\/\/geekvapor.com\/wp-content\/uploads\/2024\/12\/WASPE-25000-Disposable-Vape-25k-Puffs-18ml.webp","width":1000,"height":1000,"caption":"WASPE 25000 Disposable Vape 25k Puffs 18ml"},{"@type":"BreadcrumbList","@id":"https:\/\/geekvapor.com\/product\/waspe-25000-disposable-vape-25k-puffs-18ml\/#breadcrumb","itemListElement":[{"@type":"ListItem","position":1,"name":"\u9996\u9875","item":"https:\/\/geekvapor.com\/"},{"@type":"ListItem","position":2,"name":"Shop","item":"https:\/\/geekvapor.com\/shop\/"},{"@type":"ListItem","position":3,"name":"WASPE 25000 Disposable Vape 25k Puffs 18ml"}]},{"@type":"WebSite","@id":"https:\/\/geekvapor.com\/#website","url":"https:\/\/geekvapor.com\/","name":"geekvapor","description":"","potentialAction":[{"@type":"SearchAction","target":{"@type":"EntryPoint","urlTemplate":"https:\/\/geekvapor.com\/?s={search_term_string}"},"query-input":{"@type":"PropertyValueSpecification","valueRequired":true,"valueName":"search_term_string"}}],"inLanguage":"de"}]}},"tiered_pricing_type":"fixed","tiered_pricing_fixed_rules":{"30":"8.7","50":"8.5","100":"8.2","200":"7.7"},"tiered_pricing_percentage_rules":[],"tiered_pricing_minimum":10,"tiered_pricing_roles_data":[],"_links":{"self":[{"href":"https:\/\/geekvapor.com\/de\/wp-json\/wp\/v2\/product\/23115","targetHints":{"allow":["GET"]}}],"collection":[{"href":"https:\/\/geekvapor.com\/de\/wp-json\/wp\/v2\/product"}],"about":[{"href":"https:\/\/geekvapor.com\/de\/wp-json\/wp\/v2\/types\/product"}],"replies":[{"embeddable":true,"href":"https:\/\/geekvapor.com\/de\/wp-json\/wp\/v2\/comments?post=23115"}],"wp:featuredmedia":[{"embeddable":true,"href":"https:\/\/geekvapor.com\/de\/wp-json\/wp\/v2\/media\/29484"}],"wp:attachment":[{"href":"https:\/\/geekvapor.com\/de\/wp-json\/wp\/v2\/media?parent=23115"}],"wp:term":[{"taxonomy":"product_brand","embeddable":true,"href":"https:\/\/geekvapor.com\/de\/wp-json\/wp\/v2\/product_brand?post=23115"},{"taxonomy":"product_cat","embeddable":true,"href":"https:\/\/geekvapor.com\/de\/wp-json\/wp\/v2\/product_cat?post=23115"},{"taxonomy":"product_tag","embeddable":true,"href":"https:\/\/geekvapor.com\/de\/wp-json\/wp\/v2\/product_tag?post=23115"}],"curies":[{"name":"wp","href":"https:\/\/api.w.org\/{rel}","templated":true}]}}