{"id":19888,"date":"2024-12-13T13:23:12","date_gmt":"2024-12-13T13:23:12","guid":{"rendered":"https:\/\/geekvapor.com\/?post_type=product&#038;p=19888"},"modified":"2025-01-14T07:15:26","modified_gmt":"2025-01-14T07:15:26","slug":"bang-25000-disposable-vape-25k-puffs-30ml","status":"publish","type":"product","link":"https:\/\/geekvapor.com\/de\/produkt\/bang-25000-disposable-vape-25k-puffs-30ml\/","title":{"rendered":"Bang 25000 Einweg-Vape 25k Puffs 30ML"},"content":{"rendered":"<h2 class=\"font-bold text-h3 leading-[40px] pt-[21px] pb-[2px] [&amp;_a]:underline-offset-[6px] [&amp;_.underline]:underline-offset-[6px]\" dir=\"ltr\" style=\"text-align: center;\"><span style=\"color: #83b828;\">Bang 25000 Disposable Vape<\/span><\/h2>\n<p>The <a href=\"https:\/\/geekvapor.com\/product-category\/vape-brands\/bang\/\">Bang<\/a> 25000 Disposable Vape delivers <i><em class=\"italic\">25k puffs<\/em><\/i> of bold satisfaction! Choose from <i><em class=\"italic\">12 flavors<\/em><\/i>, enjoy a <i><em class=\"italic\">30mL capacity<\/em><\/i>, <i><em class=\"italic\">rechargeable 650mAh battery<\/em><\/i>, and <i><em class=\"italic\">custom nicotine options<\/em><\/i>. Powered by <i><em class=\"italic\">Crystal Vape Tech<\/em><\/i> for smooth hits. <i><em class=\"italic\">Sleek, portable<\/em><\/i>, and <i><em class=\"italic\">hassle-free<\/em><\/i>\u2014vape your way!<\/p>\n<h3 class=\"font-bold text-h3 leading-[40px] pt-[21px] pb-[2px] [&amp;_a]:underline-offset-[6px] [&amp;_.underline]:underline-offset-[6px]\" dir=\"ltr\">Bang 25000 Disposable Vape <a href=\"https:\/\/geekvapor.com\/product-category\/puff-vape\/25000-puffs\/\">25K Puffs<\/a> Features<\/h3>\n<ul class=\"pt-[9px] pb-[2px] pl-[24px] list-disc [&amp;_ul]:pt-[5px] pt-[5px]\">\n<li class=\"text-body font-regular leading-[24px] my-[5px] [&amp;&gt;ol]:!pt-0 [&amp;&gt;ol]:!pb-0 [&amp;&gt;ul]:!pt-0 [&amp;&gt;ul]:!pb-0\" value=\"1\">\ud83d\udca8 <b><strong class=\"font-bold\">25,000 Puffs<\/strong><\/b> for endless satisfaction\u2014vape longer without constant replacements!<\/li>\n<li class=\"text-body font-regular leading-[24px] my-[5px] [&amp;&gt;ol]:!pt-0 [&amp;&gt;ol]:!pb-0 [&amp;&gt;ul]:!pt-0 [&amp;&gt;ul]:!pb-0\" value=\"2\">\ud83c\udf08 <b><strong class=\"font-bold\">12 Bold Flavors<\/strong><\/b> to choose from\u2014find your perfect match and elevate your experience.<\/li>\n<li class=\"text-body font-regular leading-[24px] my-[5px] [&amp;&gt;ol]:!pt-0 [&amp;&gt;ol]:!pb-0 [&amp;&gt;ul]:!pt-0 [&amp;&gt;ul]:!pb-0\" value=\"3\">\ud83d\ude80 <b><strong class=\"font-bold\">Crystal Vape Tech<\/strong><\/b> + <b><strong class=\"font-bold\">Mesh Coil (1.0 \u03a9)<\/strong><\/b> delivers smooth, consistent hits every time.<\/li>\n<li class=\"text-body font-regular leading-[24px] my-[5px] [&amp;&gt;ol]:!pt-0 [&amp;&gt;ol]:!pb-0 [&amp;&gt;ul]:!pt-0 [&amp;&gt;ul]:!pb-0\" value=\"4\">\ud83d\udee2\ufe0f <b><strong class=\"font-bold\">30mL E-Liquid<\/strong><\/b> capacity keeps the flavor fresh and flowing for nonstop enjoyment.<\/li>\n<li class=\"text-body font-regular leading-[24px] my-[5px] [&amp;&gt;ol]:!pt-0 [&amp;&gt;ol]:!pb-0 [&amp;&gt;ul]:!pt-0 [&amp;&gt;ul]:!pb-0\" value=\"5\">\u26a1 <b><strong class=\"font-bold\">Custom Nicotine Options<\/strong><\/b> (0%, 2%, 3%, 5%)\u2014tailor it your way!<\/li>\n<li class=\"text-body font-regular leading-[24px] my-[5px] [&amp;&gt;ol]:!pt-0 [&amp;&gt;ol]:!pb-0 [&amp;&gt;ul]:!pt-0 [&amp;&gt;ul]:!pb-0\" value=\"6\">\ud83d\udd0b <b><strong class=\"font-bold\">Rechargeable Battery<\/strong><\/b> with 650mAh + Type-C charging for convenience that lasts.<\/li>\n<li class=\"text-body font-regular leading-[24px] my-[5px] [&amp;&gt;ol]:!pt-0 [&amp;&gt;ol]:!pb-0 [&amp;&gt;ul]:!pt-0 [&amp;&gt;ul]:!pb-0\" value=\"7\">\u2728 <b><strong class=\"font-bold\">Compact, Sleek, and Portable<\/strong><\/b>\u2014vape in style, wherever life takes you.<\/li>\n<li class=\"text-body font-regular leading-[24px] my-[5px] [&amp;&gt;ol]:!pt-0 [&amp;&gt;ol]:!pb-0 [&amp;&gt;ul]:!pt-0 [&amp;&gt;ul]:!pb-0\" value=\"8\">\ud83d\udd27 <b><strong class=\"font-bold\">Built to Last<\/strong><\/b>\u2014premium materials for flawless performance every time you puff.<\/li>\n<li class=\"text-body font-regular leading-[24px] my-[5px] [&amp;&gt;ol]:!pt-0 [&amp;&gt;ol]:!pb-0 [&amp;&gt;ul]:!pt-0 [&amp;&gt;ul]:!pb-0\" value=\"9\">\ud83d\udd90\ufe0f <b><strong class=\"font-bold\">Hassle-Free &amp; Disposable<\/strong><\/b>\u2014made for vapers on the move, no mess, no stress.<\/li>\n<li class=\"text-body font-regular leading-[24px] my-[5px] [&amp;&gt;ol]:!pt-0 [&amp;&gt;ol]:!pb-0 [&amp;&gt;ul]:!pt-0 [&amp;&gt;ul]:!pb-0\" value=\"10\">\ud83d\udce6 <b><strong class=\"font-bold\">Wholesale-Perfect<\/strong><\/b>\u201410 vapes per box, ideal for businesses or stock-up savings.<\/li>\n<\/ul>\n<p class=\"text-body font-regular leading-[24px] pt-[9px] pb-[2px]\" dir=\"ltr\">Why settle for less when you can vape like a pro every day? \ud83d\udca5 Get the Bang 25000 now!<\/p>\n<h3 class=\"drawer-header mb-200 text-style-body-lg-500 text-info\">What&#8217;s Included<\/h3>\n<p>1 * Bang 25000<\/p>\n<h3><span style=\"color: #000000;\"><strong><b>Flavor List<\/b><\/strong><\/span><\/h3>\n<p><span style=\"color: #000000;\">Indulge in a world of flavor with 12 tantalizing options to choose from:<\/span><\/p>\n<ol>\n<li><span style=\"color: #000000;\">Blueberry Ice<\/span><\/li>\n<li><span style=\"color: #000000;\">Strawberry Kiwi<\/span><\/li>\n<li><span style=\"color: #000000;\">Strawberry Watermelon<\/span><\/li>\n<li><span style=\"color: #000000;\">Mixed Fruit<\/span><\/li>\n<li><span style=\"color: #000000;\">Blueberry Mint<\/span><\/li>\n<li><span style=\"color: #000000;\">Tiger Blood<\/span><\/li>\n<li><span style=\"color: #000000;\">Mango Peach<\/span><\/li>\n<li><span style=\"color: #000000;\">Grape Ice<\/span><\/li>\n<li><span style=\"color: #000000;\">Blueberry Raspberry<\/span><\/li>\n<li><span style=\"color: #000000;\">Watermelon Ice<\/span><\/li>\n<li><span style=\"color: #000000;\">Watermelon Bubble Gum<\/span><\/li>\n<li><span style=\"color: #000000;\">Strawberry Ice<\/span><\/li>\n<\/ol>\n","protected":false},"excerpt":{"rendered":"<div class=\"woocommerce-product-details__short-description\">\n<ul>\n<li>25000 Z\u00fcge<\/li>\n<li>12 Geschmacksrichtungen<\/li>\n<li>650mAh<\/li>\n<li>0%2%3%5% Nicotine<\/li>\n<li>30mL gef\u00fcllte Fl\u00fcssigkeit<\/li>\n<li>1 Schachtel mit 10 St\u00fcck<\/li>\n<\/ul>\n<\/div>","protected":false},"featured_media":28690,"comment_status":"open","ping_status":"closed","template":"","meta":[],"product_brand":[],"product_cat":[198,200,211,201,210,196],"product_tag":[],"class_list":{"0":"post-19888","1":"product","2":"type-product","3":"status-publish","4":"has-post-thumbnail","6":"product_cat-big-vape","7":"product_cat-low-nicotine-vape","8":"product_cat-crystal-vape","9":"product_cat-rechargeable-vapes","10":"product_cat-25000-puffs","11":"product_cat-bang","13":"first","14":"instock","15":"shipping-taxable","16":"purchasable","17":"product-type-variable"},"yoast_head":"<!-- This site is optimized with the Yoast SEO Premium plugin v24.0 (Yoast SEO v26.0) - https:\/\/yoast.com\/wordpress\/plugins\/seo\/ -->\n<title>Bang 25000 Puffs 25k Disposable Vapes Crystal Vapes | geekvapor<\/title>\n<meta name=\"description\" content=\"Experience 25k puffs with the Bang 25000 Disposable Vape. Enjoy 12 bold flavors, 30mL capacity, rechargeable battery &amp; custom nicotine options. Buy now!\" \/>\n<meta name=\"robots\" content=\"index, follow, max-snippet:-1, max-image-preview:large, max-video-preview:-1\" \/>\n<link rel=\"canonical\" href=\"https:\/\/geekvapor.com\/de\/produkt\/bang-25000-disposable-vape-25k-puffs-30ml\/\" \/>\n<meta property=\"og:locale\" content=\"de_DE\" \/>\n<meta property=\"og:type\" content=\"article\" \/>\n<meta property=\"og:title\" content=\"Bang 25000 Disposable Vape 25k Puffs 30ML\" \/>\n<meta property=\"og:description\" content=\"Experience 25k puffs with the Bang 25000 Disposable Vape. Enjoy 12 bold flavors, 30mL capacity, rechargeable battery &amp; custom nicotine options. Buy now!\" \/>\n<meta property=\"og:url\" content=\"https:\/\/geekvapor.com\/de\/produkt\/bang-25000-disposable-vape-25k-puffs-30ml\/\" \/>\n<meta property=\"og:site_name\" content=\"geekvapor\" \/>\n<meta property=\"article:modified_time\" content=\"2025-01-14T07:15:26+00:00\" \/>\n<meta property=\"og:image\" content=\"https:\/\/geekvapor.com\/wp-content\/uploads\/2024\/12\/Bang-25000-Disposable-Vape-25k-Puffs-30ML.webp\" \/>\n\t<meta property=\"og:image:width\" content=\"1000\" \/>\n\t<meta property=\"og:image:height\" content=\"1000\" \/>\n\t<meta property=\"og:image:type\" content=\"image\/webp\" \/>\n<meta name=\"twitter:card\" content=\"summary_large_image\" \/>\n<meta name=\"twitter:label1\" content=\"Gesch\u00e4tzte Lesezeit\" \/>\n\t<meta name=\"twitter:data1\" content=\"2\u00a0Minuten\" \/>\n<script type=\"application\/ld+json\" class=\"yoast-schema-graph\">{\"@context\":\"https:\/\/schema.org\",\"@graph\":[{\"@type\":\"WebPage\",\"@id\":\"https:\/\/geekvapor.com\/product\/bang-25000-disposable-vape-25k-puffs-30ml\/\",\"url\":\"https:\/\/geekvapor.com\/product\/bang-25000-disposable-vape-25k-puffs-30ml\/\",\"name\":\"Bang 25000 Puffs 25k Disposable Vapes Crystal Vapes | geekvapor\",\"isPartOf\":{\"@id\":\"https:\/\/geekvapor.com\/#website\"},\"primaryImageOfPage\":{\"@id\":\"https:\/\/geekvapor.com\/product\/bang-25000-disposable-vape-25k-puffs-30ml\/#primaryimage\"},\"image\":{\"@id\":\"https:\/\/geekvapor.com\/product\/bang-25000-disposable-vape-25k-puffs-30ml\/#primaryimage\"},\"thumbnailUrl\":\"https:\/\/geekvapor.com\/wp-content\/uploads\/2024\/12\/Bang-25000-Disposable-Vape-25k-Puffs-30ML.webp\",\"datePublished\":\"2024-12-13T13:23:12+00:00\",\"dateModified\":\"2025-01-14T07:15:26+00:00\",\"description\":\"Experience 25k puffs with the Bang 25000 Disposable Vape. Enjoy 12 bold flavors, 30mL capacity, rechargeable battery & custom nicotine options. Buy now!\",\"breadcrumb\":{\"@id\":\"https:\/\/geekvapor.com\/product\/bang-25000-disposable-vape-25k-puffs-30ml\/#breadcrumb\"},\"inLanguage\":\"de\",\"potentialAction\":[{\"@type\":\"ReadAction\",\"target\":[\"https:\/\/geekvapor.com\/product\/bang-25000-disposable-vape-25k-puffs-30ml\/\"]}]},{\"@type\":\"ImageObject\",\"inLanguage\":\"de\",\"@id\":\"https:\/\/geekvapor.com\/product\/bang-25000-disposable-vape-25k-puffs-30ml\/#primaryimage\",\"url\":\"https:\/\/geekvapor.com\/wp-content\/uploads\/2024\/12\/Bang-25000-Disposable-Vape-25k-Puffs-30ML.webp\",\"contentUrl\":\"https:\/\/geekvapor.com\/wp-content\/uploads\/2024\/12\/Bang-25000-Disposable-Vape-25k-Puffs-30ML.webp\",\"width\":1000,\"height\":1000,\"caption\":\"Bang 25000 Disposable Vape 25k Puffs 30ML\"},{\"@type\":\"BreadcrumbList\",\"@id\":\"https:\/\/geekvapor.com\/product\/bang-25000-disposable-vape-25k-puffs-30ml\/#breadcrumb\",\"itemListElement\":[{\"@type\":\"ListItem\",\"position\":1,\"name\":\"\u9996\u9875\",\"item\":\"https:\/\/geekvapor.com\/\"},{\"@type\":\"ListItem\",\"position\":2,\"name\":\"Shop\",\"item\":\"https:\/\/geekvapor.com\/shop\/\"},{\"@type\":\"ListItem\",\"position\":3,\"name\":\"Bang 25000 Disposable Vape 25k Puffs 30ML\"}]},{\"@type\":\"WebSite\",\"@id\":\"https:\/\/geekvapor.com\/#website\",\"url\":\"https:\/\/geekvapor.com\/\",\"name\":\"geekvapor\",\"description\":\"\",\"potentialAction\":[{\"@type\":\"SearchAction\",\"target\":{\"@type\":\"EntryPoint\",\"urlTemplate\":\"https:\/\/geekvapor.com\/?s={search_term_string}\"},\"query-input\":{\"@type\":\"PropertyValueSpecification\",\"valueRequired\":true,\"valueName\":\"search_term_string\"}}],\"inLanguage\":\"de\"}]}<\/script>\n<!-- \/ Yoast SEO Premium plugin. -->","yoast_head_json":{"title":"Bang 25000 Puffs 25k Einweg Vapes Crystal Vapes | geekvapor","description":"Erlebe 25k Z\u00fcge mit dem Bang 25000 Disposable Vape. Genie\u00dfen Sie 12 k\u00fchne Geschmacksrichtungen, 30mL Fassungsverm\u00f6gen, wiederaufladbare Batterie und individuelle Nikotinoptionen. Jetzt kaufen!","robots":{"index":"index","follow":"follow","max-snippet":"max-snippet:-1","max-image-preview":"max-image-preview:large","max-video-preview":"max-video-preview:-1"},"canonical":"https:\/\/geekvapor.com\/de\/produkt\/bang-25000-disposable-vape-25k-puffs-30ml\/","og_locale":"de_DE","og_type":"article","og_title":"Bang 25000 Disposable Vape 25k Puffs 30ML","og_description":"Experience 25k puffs with the Bang 25000 Disposable Vape. Enjoy 12 bold flavors, 30mL capacity, rechargeable battery & custom nicotine options. Buy now!","og_url":"https:\/\/geekvapor.com\/de\/produkt\/bang-25000-disposable-vape-25k-puffs-30ml\/","og_site_name":"geekvapor","article_modified_time":"2025-01-14T07:15:26+00:00","og_image":[{"width":1000,"height":1000,"url":"https:\/\/geekvapor.com\/wp-content\/uploads\/2024\/12\/Bang-25000-Disposable-Vape-25k-Puffs-30ML.webp","type":"image\/webp"}],"twitter_card":"summary_large_image","twitter_misc":{"Gesch\u00e4tzte Lesezeit":"2\u00a0Minuten"},"schema":{"@context":"https:\/\/schema.org","@graph":[{"@type":"WebPage","@id":"https:\/\/geekvapor.com\/product\/bang-25000-disposable-vape-25k-puffs-30ml\/","url":"https:\/\/geekvapor.com\/product\/bang-25000-disposable-vape-25k-puffs-30ml\/","name":"Bang 25000 Puffs 25k Einweg Vapes Crystal Vapes | geekvapor","isPartOf":{"@id":"https:\/\/geekvapor.com\/#website"},"primaryImageOfPage":{"@id":"https:\/\/geekvapor.com\/product\/bang-25000-disposable-vape-25k-puffs-30ml\/#primaryimage"},"image":{"@id":"https:\/\/geekvapor.com\/product\/bang-25000-disposable-vape-25k-puffs-30ml\/#primaryimage"},"thumbnailUrl":"https:\/\/geekvapor.com\/wp-content\/uploads\/2024\/12\/Bang-25000-Disposable-Vape-25k-Puffs-30ML.webp","datePublished":"2024-12-13T13:23:12+00:00","dateModified":"2025-01-14T07:15:26+00:00","description":"Erlebe 25k Z\u00fcge mit dem Bang 25000 Disposable Vape. Genie\u00dfen Sie 12 k\u00fchne Geschmacksrichtungen, 30mL Fassungsverm\u00f6gen, wiederaufladbare Batterie und individuelle Nikotinoptionen. Jetzt kaufen!","breadcrumb":{"@id":"https:\/\/geekvapor.com\/product\/bang-25000-disposable-vape-25k-puffs-30ml\/#breadcrumb"},"inLanguage":"de","potentialAction":[{"@type":"ReadAction","target":["https:\/\/geekvapor.com\/product\/bang-25000-disposable-vape-25k-puffs-30ml\/"]}]},{"@type":"ImageObject","inLanguage":"de","@id":"https:\/\/geekvapor.com\/product\/bang-25000-disposable-vape-25k-puffs-30ml\/#primaryimage","url":"https:\/\/geekvapor.com\/wp-content\/uploads\/2024\/12\/Bang-25000-Disposable-Vape-25k-Puffs-30ML.webp","contentUrl":"https:\/\/geekvapor.com\/wp-content\/uploads\/2024\/12\/Bang-25000-Disposable-Vape-25k-Puffs-30ML.webp","width":1000,"height":1000,"caption":"Bang 25000 Disposable Vape 25k Puffs 30ML"},{"@type":"BreadcrumbList","@id":"https:\/\/geekvapor.com\/product\/bang-25000-disposable-vape-25k-puffs-30ml\/#breadcrumb","itemListElement":[{"@type":"ListItem","position":1,"name":"\u9996\u9875","item":"https:\/\/geekvapor.com\/"},{"@type":"ListItem","position":2,"name":"Shop","item":"https:\/\/geekvapor.com\/shop\/"},{"@type":"ListItem","position":3,"name":"Bang 25000 Disposable Vape 25k Puffs 30ML"}]},{"@type":"WebSite","@id":"https:\/\/geekvapor.com\/#website","url":"https:\/\/geekvapor.com\/","name":"geekvapor","description":"","potentialAction":[{"@type":"SearchAction","target":{"@type":"EntryPoint","urlTemplate":"https:\/\/geekvapor.com\/?s={search_term_string}"},"query-input":{"@type":"PropertyValueSpecification","valueRequired":true,"valueName":"search_term_string"}}],"inLanguage":"de"}]}},"tiered_pricing_type":"fixed","tiered_pricing_fixed_rules":{"30":"9.2","50":"7.9","100":"6.9","200":"6.5","400":"6.2"},"tiered_pricing_percentage_rules":[],"tiered_pricing_minimum":10,"tiered_pricing_roles_data":[],"_links":{"self":[{"href":"https:\/\/geekvapor.com\/de\/wp-json\/wp\/v2\/product\/19888","targetHints":{"allow":["GET"]}}],"collection":[{"href":"https:\/\/geekvapor.com\/de\/wp-json\/wp\/v2\/product"}],"about":[{"href":"https:\/\/geekvapor.com\/de\/wp-json\/wp\/v2\/types\/product"}],"replies":[{"embeddable":true,"href":"https:\/\/geekvapor.com\/de\/wp-json\/wp\/v2\/comments?post=19888"}],"wp:featuredmedia":[{"embeddable":true,"href":"https:\/\/geekvapor.com\/de\/wp-json\/wp\/v2\/media\/28690"}],"wp:attachment":[{"href":"https:\/\/geekvapor.com\/de\/wp-json\/wp\/v2\/media?parent=19888"}],"wp:term":[{"taxonomy":"product_brand","embeddable":true,"href":"https:\/\/geekvapor.com\/de\/wp-json\/wp\/v2\/product_brand?post=19888"},{"taxonomy":"product_cat","embeddable":true,"href":"https:\/\/geekvapor.com\/de\/wp-json\/wp\/v2\/product_cat?post=19888"},{"taxonomy":"product_tag","embeddable":true,"href":"https:\/\/geekvapor.com\/de\/wp-json\/wp\/v2\/product_tag?post=19888"}],"curies":[{"name":"wp","href":"https:\/\/api.w.org\/{rel}","templated":true}]}}