{"id":3727,"date":"2024-12-13T09:21:53","date_gmt":"2024-12-13T09:21:53","guid":{"rendered":""},"modified":"2024-12-20T10:13:51","modified_gmt":"2024-12-20T10:13:51","slug":"contact-us","status":"publish","type":"page","link":"https:\/\/geekvapor.com\/de\/contact-us\/","title":{"rendered":"Kontakt"},"content":{"rendered":"<div data-elementor-type=\"wp-page\" data-elementor-id=\"3727\" class=\"elementor elementor-3727\">\n\t\t\t\t\t\t<section class=\"elementor-section elementor-top-section elementor-element elementor-element-3910f5d8 elementor-section-boxed elementor-section-height-default elementor-section-height-default\" data-id=\"3910f5d8\" data-element_type=\"section\">\n\t\t\t\t\t\t<div class=\"elementor-container elementor-column-gap-default\">\n\t\t\t\t\t<div class=\"elementor-column elementor-col-33 elementor-top-column elementor-element elementor-element-702cb635\" data-id=\"702cb635\" data-element_type=\"column\">\n\t\t\t<div class=\"elementor-widget-wrap elementor-element-populated\">\n\t\t\t\t\t\t<div class=\"elementor-element elementor-element-984626a elementor-widget elementor-widget-image\" data-id=\"984626a\" data-element_type=\"widget\" data-widget_type=\"image.default\">\n\t\t\t\t<div class=\"elementor-widget-container\">\n\t\t\t\t\t\t\t\t\t\t\t\t\t\t\t<img fetchpriority=\"high\" decoding=\"async\" width=\"595\" height=\"594\" src=\"https:\/\/geekvapor.com\/wp-content\/uploads\/2024\/12\/Contact-Us-1-595x594.webp\" class=\"attachment-large size-large wp-image-28267\" alt=\"\" srcset=\"https:\/\/geekvapor.com\/wp-content\/uploads\/2024\/12\/Contact-Us-1-595x594.webp 595w, https:\/\/geekvapor.com\/wp-content\/uploads\/2024\/12\/Contact-Us-1-300x300.webp 300w, https:\/\/geekvapor.com\/wp-content\/uploads\/2024\/12\/Contact-Us-1-150x150.webp 150w, https:\/\/geekvapor.com\/wp-content\/uploads\/2024\/12\/Contact-Us-1-380x380.webp 380w, https:\/\/geekvapor.com\/wp-content\/uploads\/2024\/12\/Contact-Us-1-450x449.webp 450w, https:\/\/geekvapor.com\/wp-content\/uploads\/2024\/12\/Contact-Us-1-350x350.webp 350w, https:\/\/geekvapor.com\/wp-content\/uploads\/2024\/12\/Contact-Us-1-100x100.webp 100w, https:\/\/geekvapor.com\/wp-content\/uploads\/2024\/12\/Contact-Us-1.webp 736w\" sizes=\"(max-width: 595px) 100vw, 595px\" \/>\t\t\t\t\t\t\t\t\t\t\t\t\t\t\t<\/div>\n\t\t\t\t<\/div>\n\t\t\t\t\t<\/div>\n\t\t<\/div>\n\t\t\t\t<div class=\"elementor-column elementor-col-66 elementor-top-column elementor-element elementor-element-61c17b71\" data-id=\"61c17b71\" data-element_type=\"column\">\n\t\t\t<div class=\"elementor-widget-wrap elementor-element-populated\">\n\t\t\t\t\t\t<section class=\"elementor-section elementor-inner-section elementor-element elementor-element-44ef4767 elementor-section-boxed elementor-section-height-default elementor-section-height-default\" data-id=\"44ef4767\" data-element_type=\"section\">\n\t\t\t\t\t\t<div class=\"elementor-container elementor-column-gap-default\">\n\t\t\t\t\t<div class=\"elementor-column elementor-col-100 elementor-inner-column elementor-element elementor-element-18e715d8\" data-id=\"18e715d8\" data-element_type=\"column\">\n\t\t\t<div class=\"elementor-widget-wrap elementor-element-populated\">\n\t\t\t\t\t\t<div class=\"elementor-element elementor-element-c2d47ba elementor-widget elementor-widget-text-editor\" data-id=\"c2d47ba\" data-element_type=\"widget\" data-widget_type=\"text-editor.default\">\n\t\t\t\t<div class=\"elementor-widget-container\">\n\t\t\t\t\t\t\t\t\t<p>GeekVapor ist Ihr globaler Vape-Store, der au\u00dfergew\u00f6hnliche Produkte und einen F\u00fcnf-Sterne-Service f\u00fcr Kunden in der EU und dar\u00fcber hinaus bietet. Wir haben uns der Kundenzufriedenheit verschrieben und sind hier, um sicherzustellen, dass Ihr Vaping-Erlebnis einfach perfekt ist.<br \/>Sie haben Fragen? Brauchen Sie Hilfe? Unser Support-Team ist bereit zu helfen. Kontaktieren Sie uns \u00fcber Live Chat, E-Mail oder f\u00fcllen Sie einfach das untenstehende Formular aus, um eine schnelle Antwort zu erhalten. GeekVapor ist immer f\u00fcr Sie da - wo auch immer Sie sind.<\/p>\t\t\t\t\t\t\t\t<\/div>\n\t\t\t\t<\/div>\n\t\t\t\t\t<\/div>\n\t\t<\/div>\n\t\t\t\t\t<\/div>\n\t\t<\/section>\n\t\t\t\t<section class=\"elementor-section elementor-inner-section elementor-element elementor-element-1cf258c2 elementor-section-boxed elementor-section-height-default elementor-section-height-default\" data-id=\"1cf258c2\" data-element_type=\"section\">\n\t\t\t\t\t\t<div class=\"elementor-container elementor-column-gap-default\">\n\t\t\t\t\t<div class=\"elementor-column elementor-col-50 elementor-inner-column elementor-element elementor-element-303f6f1e\" data-id=\"303f6f1e\" data-element_type=\"column\">\n\t\t\t<div class=\"elementor-widget-wrap elementor-element-populated\">\n\t\t\t\t\t\t<div class=\"elementor-element elementor-element-641e159a elementor-widget elementor-widget-heading\" data-id=\"641e159a\" data-element_type=\"widget\" data-widget_type=\"heading.default\">\n\t\t\t\t<div class=\"elementor-widget-container\">\n\t\t\t\t\t<h3 class=\"elementor-heading-title elementor-size-default\">E-Mail\n<\/h3>\t\t\t\t<\/div>\n\t\t\t\t<\/div>\n\t\t\t\t<div class=\"elementor-element elementor-element-7f26dce9 elementor-widget elementor-widget-text-editor\" data-id=\"7f26dce9\" data-element_type=\"widget\" data-widget_type=\"text-editor.default\">\n\t\t\t\t<div class=\"elementor-widget-container\">\n\t\t\t\t\t\t\t\t\t<p>zz8228077@gmail.com<br \/>info@GeekVapor.com<\/p>\t\t\t\t\t\t\t\t<\/div>\n\t\t\t\t<\/div>\n\t\t\t\t\t<\/div>\n\t\t<\/div>\n\t\t\t\t<div class=\"elementor-column elementor-col-50 elementor-inner-column elementor-element elementor-element-6f05ddab\" data-id=\"6f05ddab\" data-element_type=\"column\">\n\t\t\t<div class=\"elementor-widget-wrap elementor-element-populated\">\n\t\t\t\t\t\t<div class=\"elementor-element elementor-element-723bd519 elementor-widget elementor-widget-heading\" data-id=\"723bd519\" data-element_type=\"widget\" data-widget_type=\"heading.default\">\n\t\t\t\t<div class=\"elementor-widget-container\">\n\t\t\t\t\t<h3 class=\"elementor-heading-title elementor-size-default\">Live-Chat<\/h3>\t\t\t\t<\/div>\n\t\t\t\t<\/div>\n\t\t\t\t<div class=\"elementor-element elementor-element-e024ff0 elementor-widget elementor-widget-text-editor\" data-id=\"e024ff0\" data-element_type=\"widget\" data-widget_type=\"text-editor.default\">\n\t\t\t\t<div class=\"elementor-widget-container\">\n\t\t\t\t\t\t\t\t\t<p>Klicken Sie auf die Schaltfl\u00e4che in der unteren rechten Ecke f\u00fcr eine sofortige Antwort<\/p>\t\t\t\t\t\t\t\t<\/div>\n\t\t\t\t<\/div>\n\t\t\t\t\t<\/div>\n\t\t<\/div>\n\t\t\t\t\t<\/div>\n\t\t<\/section>\n\t\t\t\t<section class=\"elementor-section elementor-inner-section elementor-element elementor-element-48d446c5 elementor-section-boxed elementor-section-height-default elementor-section-height-default\" data-id=\"48d446c5\" data-element_type=\"section\">\n\t\t\t\t\t\t<div class=\"elementor-container elementor-column-gap-default\">\n\t\t\t\t\t<div class=\"elementor-column elementor-col-100 elementor-inner-column elementor-element elementor-element-7e4377a\" data-id=\"7e4377a\" data-element_type=\"column\">\n\t\t\t<div class=\"elementor-widget-wrap elementor-element-populated\">\n\t\t\t\t\t\t<div class=\"elementor-element elementor-element-3b971088 elementor-widget elementor-widget-text-editor\" data-id=\"3b971088\" data-element_type=\"widget\" data-widget_type=\"text-editor.default\">\n\t\t\t\t<div class=\"elementor-widget-container\">\n\t\t\t\t\t\t\t\t\t<p>Wenn Sie Fragen haben, k\u00f6nnen Sie sich gerne mit uns in Verbindung setzen, wir werden Ihnen so schnell wie m\u00f6glich antworten. Wir danken Ihnen!<\/p>\t\t\t\t\t\t\t\t<\/div>\n\t\t\t\t<\/div>\n\t\t\t\t\t<\/div>\n\t\t<\/div>\n\t\t\t\t\t<\/div>\n\t\t<\/section>\n\t\t\t\t<section class=\"elementor-section elementor-inner-section elementor-element elementor-element-5c6d942b elementor-section-boxed elementor-section-height-default elementor-section-height-default\" data-id=\"5c6d942b\" data-element_type=\"section\">\n\t\t\t\t\t\t<div class=\"elementor-container elementor-column-gap-default\">\n\t\t\t\t\t<div class=\"elementor-column elementor-col-100 elementor-inner-column elementor-element elementor-element-191ef37d\" data-id=\"191ef37d\" data-element_type=\"column\">\n\t\t\t<div class=\"elementor-widget-wrap elementor-element-populated\">\n\t\t\t\t\t\t<div class=\"elementor-element elementor-element-3ea490f1 elementor-widget elementor-widget-heading\" data-id=\"3ea490f1\" data-element_type=\"widget\" data-widget_type=\"heading.default\">\n\t\t\t\t<div class=\"elementor-widget-container\">\n\t\t\t\t\t<h3 class=\"elementor-heading-title elementor-size-default\">Kunden-Support-Center\n<\/h3>\t\t\t\t<\/div>\n\t\t\t\t<\/div>\n\t\t\t\t<div class=\"elementor-element elementor-element-6ababf5b elementor-widget elementor-widget-shortcode\" data-id=\"6ababf5b\" data-element_type=\"widget\" data-widget_type=\"shortcode.default\">\n\t\t\t\t<div class=\"elementor-widget-container\">\n\t\t\t\t\t\t\t<div class=\"elementor-shortcode\"><div role=\"form\" class=\"wpcf7\" id=\"wpcf7-f2151-o1\" lang=\"en-US\" dir=\"ltr\">\n<div class=\"screen-reader-response\"><p role=\"status\" aria-live=\"polite\" aria-atomic=\"true\"><\/p> <ul><\/ul><\/div>\n<form action=\"\/de\/wp-json\/wp\/v2\/pages\/3727#wpcf7-f2151-o1\" method=\"post\" class=\"wpcf7-form init\" novalidate=\"novalidate\" data-status=\"init\" data-trp-original-action=\"\/de\/wp-json\/wp\/v2\/pages\/3727#wpcf7-f2151-o1\">\n<div style=\"display: none;\">\n<input type=\"hidden\" name=\"_wpcf7\" value=\"2151\" \/>\n<input type=\"hidden\" name=\"_wpcf7_version\" value=\"6.6.4\" \/>\n<input type=\"hidden\" name=\"_wpcf7_locale\" value=\"en_US\" \/>\n<input type=\"hidden\" name=\"_wpcf7_unit_tag\" value=\"wpcf7-f2151-o1\" \/>\n<input type=\"hidden\" name=\"_wpcf7_container_post\" value=\"0\" \/>\n<input type=\"hidden\" name=\"_wpcf7_posted_data_hash\" value=\"\" \/>\n<\/div>\n<div class=\"contact-form-footer\">\n<div class=\"row\">\n<div class=\"lt-col large-6 columns\">\n       <label> Ihr Name (erforderlich)<br \/>\n           <span class=\"wpcf7-form-control-wrap\" data-name=\"your-name\"><input type=\"text\" name=\"your-name\" value=\"\" size=\"40\" class=\"wpcf7-form-control wpcf7-text wpcf7-validates-as-required\" aria-required=\"true\" aria-invalid=\"false\" placeholder=\"Ihr Name\" \/><\/span> <\/label>\n    <\/div>\n<div class=\"lt-col large-6 columns\">\n       <label> Ihre E-Mail (erforderlich)<br \/>\n          <span class=\"wpcf7-form-control-wrap\" data-name=\"your-email\"><input type=\"email\" name=\"your-email\" value=\"\" size=\"40\" class=\"wpcf7-form-control wpcf7-text wpcf7-email wpcf7-validates-as-required wpcf7-validates-as-email\" aria-required=\"true\" aria-invalid=\"false\" placeholder=\"Deine E-Mail\" \/><\/span> <\/label>\n    <\/div>\n<\/div>\n<div class=\"row\">\n<div class=\"large-12 columns\">\n         <label> Ihre Nachricht<br \/>\n         <span class=\"wpcf7-form-control-wrap\" data-name=\"your-message\"><textarea name=\"your-message\" cols=\"100\" rows=\"10\" class=\"wpcf7-form-control wpcf7-textarea\" aria-invalid=\"false\" placeholder=\"Ihre Nachricht\"><\/textarea><\/span>\n    <\/div>\n<\/div>\n<p><input type=\"submit\" value=\"Einreichen\" class=\"wpcf7-form-control has-spinner wpcf7-submit button\" id=\"form-submit\" \/><\/p>\n<\/div>\n<div class=\"wpcf7-response-output\" aria-hidden=\"true\"><\/div><input type=\"hidden\" name=\"trp-form-language\" value=\"de\"\/><\/form><\/div><\/div>\n\t\t\t\t\t\t<\/div>\n\t\t\t\t<\/div>\n\t\t\t\t\t<\/div>\n\t\t<\/div>\n\t\t\t\t\t<\/div>\n\t\t<\/section>\n\t\t\t\t\t<\/div>\n\t\t<\/div>\n\t\t\t\t\t<\/div>\n\t\t<\/section>\n\t\t\t\t<\/div>","protected":false},"excerpt":{"rendered":"<p>GeekVapor is your go-to global vape store, delivering exceptional products and five-star service to customers across the EU and beyond. Dedicated to customer satisfaction, we\u2019re here to ensure your vaping experience is nothing short of perfect.Have questions? Need assistance? Our support team is ready to help. Connect with us through Live Chat, Email, or simply [&hellip;]<\/p>\n","protected":false},"author":1,"featured_media":0,"parent":0,"menu_order":0,"comment_status":"closed","ping_status":"closed","template":"","meta":{"footnotes":""},"class_list":["post-3727","page","type-page","status-publish","hentry"],"yoast_head":"<!-- This site is optimized with the Yoast SEO Premium plugin v24.0 (Yoast SEO v26.0) - https:\/\/yoast.com\/wordpress\/plugins\/seo\/ -->\n<title>Contact Us | geekvapor<\/title>\n<meta name=\"robots\" content=\"index, follow, max-snippet:-1, max-image-preview:large, max-video-preview:-1\" \/>\n<link rel=\"canonical\" href=\"https:\/\/geekvapor.com\/de\/contact-us\/\" \/>\n<meta property=\"og:locale\" content=\"de_DE\" \/>\n<meta property=\"og:type\" content=\"article\" \/>\n<meta property=\"og:title\" content=\"Contact Us\" \/>\n<meta property=\"og:description\" content=\"GeekVapor is your go-to global vape store, delivering exceptional products and five-star service to customers across the EU and beyond. Dedicated to customer satisfaction, we\u2019re here to ensure your vaping experience is nothing short of perfect.Have questions? Need assistance? Our support team is ready to help. Connect with us through Live Chat, Email, or simply [&hellip;]\" \/>\n<meta property=\"og:url\" content=\"https:\/\/geekvapor.com\/de\/contact-us\/\" \/>\n<meta property=\"og:site_name\" content=\"geekvapor\" \/>\n<meta property=\"article:modified_time\" content=\"2024-12-20T10:13:51+00:00\" \/>\n<meta property=\"og:image\" content=\"https:\/\/geekvapor.com\/wp-content\/uploads\/2024\/12\/Contact-Us-1-595x594.webp\" \/>\n<meta name=\"twitter:card\" content=\"summary_large_image\" \/>\n<meta name=\"twitter:label1\" content=\"Gesch\u00e4tzte Lesezeit\" \/>\n\t<meta name=\"twitter:data1\" content=\"1\u00a0Minute\" \/>\n<script type=\"application\/ld+json\" class=\"yoast-schema-graph\">{\"@context\":\"https:\/\/schema.org\",\"@graph\":[{\"@type\":\"WebPage\",\"@id\":\"https:\/\/geekvapor.com\/contact-us\/\",\"url\":\"https:\/\/geekvapor.com\/contact-us\/\",\"name\":\"Contact Us | geekvapor\",\"isPartOf\":{\"@id\":\"https:\/\/geekvapor.com\/#website\"},\"primaryImageOfPage\":{\"@id\":\"https:\/\/geekvapor.com\/contact-us\/#primaryimage\"},\"image\":{\"@id\":\"https:\/\/geekvapor.com\/contact-us\/#primaryimage\"},\"thumbnailUrl\":\"https:\/\/geekvapor.com\/wp-content\/uploads\/2024\/12\/Contact-Us-1-595x594.webp\",\"datePublished\":\"2024-12-13T09:21:53+00:00\",\"dateModified\":\"2024-12-20T10:13:51+00:00\",\"breadcrumb\":{\"@id\":\"https:\/\/geekvapor.com\/contact-us\/#breadcrumb\"},\"inLanguage\":\"de\",\"potentialAction\":[{\"@type\":\"ReadAction\",\"target\":[\"https:\/\/geekvapor.com\/contact-us\/\"]}]},{\"@type\":\"ImageObject\",\"inLanguage\":\"de\",\"@id\":\"https:\/\/geekvapor.com\/contact-us\/#primaryimage\",\"url\":\"https:\/\/geekvapor.com\/wp-content\/uploads\/2024\/12\/Contact-Us-1-595x594.webp\",\"contentUrl\":\"https:\/\/geekvapor.com\/wp-content\/uploads\/2024\/12\/Contact-Us-1-595x594.webp\"},{\"@type\":\"BreadcrumbList\",\"@id\":\"https:\/\/geekvapor.com\/contact-us\/#breadcrumb\",\"itemListElement\":[{\"@type\":\"ListItem\",\"position\":1,\"name\":\"\u9996\u9875\",\"item\":\"https:\/\/geekvapor.com\/\"},{\"@type\":\"ListItem\",\"position\":2,\"name\":\"Contact Us\"}]},{\"@type\":\"WebSite\",\"@id\":\"https:\/\/geekvapor.com\/#website\",\"url\":\"https:\/\/geekvapor.com\/\",\"name\":\"geekvapor\",\"description\":\"\",\"potentialAction\":[{\"@type\":\"SearchAction\",\"target\":{\"@type\":\"EntryPoint\",\"urlTemplate\":\"https:\/\/geekvapor.com\/?s={search_term_string}\"},\"query-input\":{\"@type\":\"PropertyValueSpecification\",\"valueRequired\":true,\"valueName\":\"search_term_string\"}}],\"inLanguage\":\"de\"}]}<\/script>\n<!-- \/ Yoast SEO Premium plugin. -->","yoast_head_json":{"title":"Kontakt | geekvapor","robots":{"index":"index","follow":"follow","max-snippet":"max-snippet:-1","max-image-preview":"max-image-preview:large","max-video-preview":"max-video-preview:-1"},"canonical":"https:\/\/geekvapor.com\/de\/contact-us\/","og_locale":"de_DE","og_type":"article","og_title":"Contact Us","og_description":"GeekVapor is your go-to global vape store, delivering exceptional products and five-star service to customers across the EU and beyond. Dedicated to customer satisfaction, we\u2019re here to ensure your vaping experience is nothing short of perfect.Have questions? Need assistance? Our support team is ready to help. Connect with us through Live Chat, Email, or simply [&hellip;]","og_url":"https:\/\/geekvapor.com\/de\/contact-us\/","og_site_name":"geekvapor","article_modified_time":"2024-12-20T10:13:51+00:00","og_image":[{"url":"https:\/\/geekvapor.com\/wp-content\/uploads\/2024\/12\/Contact-Us-1-595x594.webp","type":"","width":"","height":""}],"twitter_card":"summary_large_image","twitter_misc":{"Gesch\u00e4tzte Lesezeit":"1\u00a0Minute"},"schema":{"@context":"https:\/\/schema.org","@graph":[{"@type":"WebPage","@id":"https:\/\/geekvapor.com\/contact-us\/","url":"https:\/\/geekvapor.com\/contact-us\/","name":"Kontakt | geekvapor","isPartOf":{"@id":"https:\/\/geekvapor.com\/#website"},"primaryImageOfPage":{"@id":"https:\/\/geekvapor.com\/contact-us\/#primaryimage"},"image":{"@id":"https:\/\/geekvapor.com\/contact-us\/#primaryimage"},"thumbnailUrl":"https:\/\/geekvapor.com\/wp-content\/uploads\/2024\/12\/Contact-Us-1-595x594.webp","datePublished":"2024-12-13T09:21:53+00:00","dateModified":"2024-12-20T10:13:51+00:00","breadcrumb":{"@id":"https:\/\/geekvapor.com\/contact-us\/#breadcrumb"},"inLanguage":"de","potentialAction":[{"@type":"ReadAction","target":["https:\/\/geekvapor.com\/contact-us\/"]}]},{"@type":"ImageObject","inLanguage":"de","@id":"https:\/\/geekvapor.com\/contact-us\/#primaryimage","url":"https:\/\/geekvapor.com\/wp-content\/uploads\/2024\/12\/Contact-Us-1-595x594.webp","contentUrl":"https:\/\/geekvapor.com\/wp-content\/uploads\/2024\/12\/Contact-Us-1-595x594.webp"},{"@type":"BreadcrumbList","@id":"https:\/\/geekvapor.com\/contact-us\/#breadcrumb","itemListElement":[{"@type":"ListItem","position":1,"name":"\u9996\u9875","item":"https:\/\/geekvapor.com\/"},{"@type":"ListItem","position":2,"name":"Contact Us"}]},{"@type":"WebSite","@id":"https:\/\/geekvapor.com\/#website","url":"https:\/\/geekvapor.com\/","name":"geekvapor","description":"","potentialAction":[{"@type":"SearchAction","target":{"@type":"EntryPoint","urlTemplate":"https:\/\/geekvapor.com\/?s={search_term_string}"},"query-input":{"@type":"PropertyValueSpecification","valueRequired":true,"valueName":"search_term_string"}}],"inLanguage":"de"}]}},"_links":{"self":[{"href":"https:\/\/geekvapor.com\/de\/wp-json\/wp\/v2\/pages\/3727","targetHints":{"allow":["GET"]}}],"collection":[{"href":"https:\/\/geekvapor.com\/de\/wp-json\/wp\/v2\/pages"}],"about":[{"href":"https:\/\/geekvapor.com\/de\/wp-json\/wp\/v2\/types\/page"}],"author":[{"embeddable":true,"href":"https:\/\/geekvapor.com\/de\/wp-json\/wp\/v2\/users\/1"}],"replies":[{"embeddable":true,"href":"https:\/\/geekvapor.com\/de\/wp-json\/wp\/v2\/comments?post=3727"}],"version-history":[{"count":0,"href":"https:\/\/geekvapor.com\/de\/wp-json\/wp\/v2\/pages\/3727\/revisions"}],"wp:attachment":[{"href":"https:\/\/geekvapor.com\/de\/wp-json\/wp\/v2\/media?parent=3727"}],"curies":[{"name":"wp","href":"https:\/\/api.w.org\/{rel}","templated":true}]}}