{"id":3,"date":"2024-12-13T08:23:57","date_gmt":"2024-12-13T08:23:57","guid":{"rendered":"https:\/\/geekvapor.com\/?page_id=3"},"modified":"2024-12-20T10:19:47","modified_gmt":"2024-12-20T10:19:47","slug":"privacy-policy","status":"publish","type":"page","link":"https:\/\/geekvapor.com\/de\/privacy-policy\/","title":{"rendered":"Datenschutzbestimmungen"},"content":{"rendered":"<div data-elementor-type=\"wp-page\" data-elementor-id=\"3\" class=\"elementor elementor-3\">\n\t\t\t\t<div class=\"elementor-element elementor-element-023e491 e-flex e-con-boxed e-con e-parent\" data-id=\"023e491\" data-element_type=\"container\">\n\t\t\t\t\t<div class=\"e-con-inner\">\n\t\t\t\t<div class=\"elementor-element elementor-element-5fa6f53 elementor-widget elementor-widget-heading\" data-id=\"5fa6f53\" data-element_type=\"widget\" data-widget_type=\"heading.default\">\n\t\t\t\t<div class=\"elementor-widget-container\">\n\t\t\t\t\t<h2 class=\"elementor-heading-title elementor-size-default\">www.geekvapor.com Datenschutzbestimmungen\n\n<\/h2>\t\t\t\t<\/div>\n\t\t\t\t<\/div>\n\t\t\t\t\t<\/div>\n\t\t\t\t<\/div>\n\t\t<div class=\"elementor-element elementor-element-12a07c4 e-flex e-con-boxed e-con e-parent\" data-id=\"12a07c4\" data-element_type=\"container\">\n\t\t\t\t\t<div class=\"e-con-inner\">\n\t\t\t\t<div class=\"elementor-element elementor-element-601131d elementor-widget elementor-widget-text-editor\" data-id=\"601131d\" data-element_type=\"widget\" data-widget_type=\"text-editor.default\">\n\t\t\t\t<div class=\"elementor-widget-container\">\n\t\t\t\t\t\t\t\t\t<p>Art der Website: Elektronischer Handel<br \/>Tag des Inkrafttretens: 20. Dezember 2023<\/p><p>www.geekvapor.com (die \"Site\") ist Eigentum von geekvapor und wird von ihr betrieben. geekvapor ist der Datenverantwortliche und kann unter folgender Adresse kontaktiert werden:<\/p><p>info@GeekVapor.com<\/p><h3>Zweck<\/h3><p>Der Zweck dieser Datenschutzrichtlinie (diese \"Datenschutzrichtlinie\") besteht darin, die Nutzer unserer Website \u00fcber Folgendes zu informieren:<\/p><ol start=\"1\"><li value=\"1\">Die pers\u00f6nlichen Daten, die wir sammeln werden;<\/li><li value=\"2\">Verwendung der gesammelten Daten;<\/li><li value=\"3\">Wer hat Zugang zu den gesammelten Daten?<\/li><li value=\"4\">die Rechte der Nutzer der Website; und<\/li><li value=\"5\">Die Cookie-Richtlinie der Website.<\/li><\/ol><p>Diese Datenschutzrichtlinie gilt zus\u00e4tzlich zu den allgemeinen Gesch\u00e4ftsbedingungen unserer Website.<\/p><div><h3>GDPR<\/h3><p>F\u00fcr Nutzer in der Europ\u00e4ischen Union halten wir uns an die Verordnung (EU) 2016\/679 des Europ\u00e4ischen Parlaments und des Rates vom 27. April 2016, bekannt als die Allgemeine Datenschutzverordnung (\"GDPR\"). F\u00fcr Nutzer im Vereinigten K\u00f6nigreich halten wir uns an die GDPR, wie sie im Data Protection Act 2018 verankert ist.<\/p><\/div><div><h3>Zustimmung<\/h3><p>Durch die Nutzung unserer Website erkl\u00e4ren sich die Benutzer damit einverstanden:<\/p><ol start=\"1\"><li value=\"1\">Die in dieser Datenschutzrichtlinie festgelegten Bedingungen.<\/li><\/ol><p>Wenn die Rechtsgrundlage f\u00fcr die Verarbeitung Ihrer personenbezogenen Daten darin besteht, dass Sie in die Verarbeitung eingewilligt haben, k\u00f6nnen Sie diese Einwilligung jederzeit widerrufen. Wenn Sie Ihre Einwilligung widerrufen, wird die Verarbeitung, die wir vor dem Widerruf Ihrer Einwilligung durchgef\u00fchrt haben, dadurch nicht rechtswidrig.<\/p><p>Sie k\u00f6nnen Ihre Einwilligung widerrufen, indem Sie: sich an den Datenschutzbeauftragten wenden.<\/p><\/div><div><h3>Rechtsgrundlage f\u00fcr die Verarbeitung<\/h3><p>Wir erheben und verarbeiten personenbezogene Daten von Nutzern in der EU nur dann, wenn wir daf\u00fcr eine rechtliche Grundlage gem\u00e4\u00df Artikel 6 der DSGVO haben.<\/p><p>Wir st\u00fctzen uns auf die folgenden Rechtsgrundlagen, um die personenbezogenen Daten von Nutzern in der EU zu erfassen und zu verarbeiten:<\/p><ol start=\"1\"><li value=\"1\">Die Nutzer haben der Verarbeitung ihrer Daten f\u00fcr einen oder mehrere bestimmte Zwecke zugestimmt; und<\/li><li value=\"2\">Die Verarbeitung der personenbezogenen Daten des Nutzers ist f\u00fcr eine Aufgabe erforderlich, die im \u00f6ffentlichen Interesse oder in Aus\u00fcbung \u00f6ffentlicher Gewalt erfolgt.<\/li><\/ol><\/div><h3>Gesammelte pers\u00f6nliche Daten<\/h3><p>Wir erheben nur Daten, die uns helfen, den in dieser Datenschutzerkl\u00e4rung dargelegten Zweck zu erf\u00fcllen. \u00dcber die unten aufgef\u00fchrten Daten hinaus erheben wir keine weiteren Daten, ohne Sie vorher zu benachrichtigen.<\/p><p><u>Automatisch erfasste Daten<\/u><br \/>Wenn Sie unsere Website besuchen und nutzen, k\u00f6nnen wir die folgenden Informationen automatisch erfassen und speichern:<\/p><ol start=\"1\"><li value=\"1\">IP-Adresse;<\/li><li value=\"2\">Standort;<\/li><li value=\"3\">Angeklickte Links; und<\/li><li value=\"4\">Gesehener Inhalt.<\/li><\/ol><p><u>Nicht-automatisch erfasste Daten<\/u><br \/>Wir k\u00f6nnen auch die folgenden Daten erfassen, wenn Sie bestimmte Funktionen auf unserer Website ausf\u00fchren:<\/p><ol start=\"1\"><li value=\"1\">Vor- und Nachname;<\/li><li value=\"2\">Rufnummer;<\/li><li value=\"3\">Adresse; und<\/li><li value=\"4\">Informationen zur Bezahlung.<\/li><\/ol><p>Diese Daten k\u00f6nnen mit den folgenden Methoden erhoben werden:<\/p><ol start=\"1\"><li value=\"1\">Ein Konto erstellen.<\/li><\/ol><h3>Wie wir pers\u00f6nliche Daten verwenden<\/h3><p>Die auf unserer Website gesammelten Daten werden nur f\u00fcr die in dieser Datenschutzrichtlinie genannten oder auf den entsprechenden Seiten unserer Website angegebenen Zwecke verwendet. Wir werden Ihre Daten nicht \u00fcber das hinaus verwenden, was wir in dieser Datenschutzrichtlinie offenlegen.<\/p><p>Die von uns automatisch erhobenen Daten werden f\u00fcr folgende Zwecke verwendet:<\/p><ol start=\"1\"><li value=\"1\">Statistik.<\/li><\/ol><p>Die Daten, die wir sammeln, wenn der Nutzer bestimmte Funktionen ausf\u00fchrt, k\u00f6nnen f\u00fcr die folgenden Zwecke verwendet werden:<\/p><ol start=\"1\"><li value=\"1\">Kommunikation.<\/li><\/ol><h3>Mit wem wir pers\u00f6nliche Daten teilen<\/h3><p><u>Mitarbeiter<\/u><br \/>Wir k\u00f6nnen Benutzerdaten an jedes Mitglied unserer Organisation weitergeben, das vern\u00fcnftigerweise Zugang zu den Benutzerdaten ben\u00f6tigt, um die in dieser Datenschutzrichtlinie dargelegten Zwecke zu erreichen.<\/p><div><p><u>Andere Offenlegungen<\/u><br \/>Wir werden Ihre Daten weder verkaufen noch an Dritte weitergeben, au\u00dfer in den folgenden F\u00e4llen:<\/p><ol start=\"1\"><li value=\"1\">Wenn das Gesetz es verlangt;<\/li><li value=\"2\">Wenn es f\u00fcr ein Gerichtsverfahren erforderlich ist;<\/li><li value=\"3\">Zum Nachweis oder Schutz unserer gesetzlichen Rechte; und<\/li><li value=\"4\">An K\u00e4ufer oder potenzielle K\u00e4ufer dieses Unternehmens f\u00fcr den Fall, dass wir das Unternehmen verkaufen wollen.<\/li><\/ol><p>Wenn Sie Hyperlinks von unserer Website zu einer anderen Website folgen, beachten Sie bitte, dass wir nicht f\u00fcr deren Datenschutzrichtlinien und -praktiken verantwortlich sind und keine Kontrolle dar\u00fcber haben.<\/p><\/div><h3>Wie lange wir pers\u00f6nliche Daten speichern<\/h3><p>Die Nutzerdaten werden so lange gespeichert, bis der Zweck, f\u00fcr den sie erhoben wurden, erf\u00fcllt ist.<\/p><p>Sie werden benachrichtigt, wenn Ihre Daten l\u00e4nger als diese Frist aufbewahrt werden.<\/p><h3>Wie wir Ihre pers\u00f6nlichen Daten sch\u00fctzen<\/h3><p>Um Ihre Sicherheit zu gew\u00e4hrleisten, verwenden wir die st\u00e4rkste verf\u00fcgbare Browser-Verschl\u00fcsselung und speichern alle unsere Daten auf Servern in sicheren Einrichtungen. Alle Daten sind nur f\u00fcr unsere Mitarbeiter zug\u00e4nglich. Unsere Mitarbeiter sind an strenge Vertraulichkeitsvereinbarungen gebunden und ein Versto\u00df gegen diese Vereinbarung w\u00fcrde zur K\u00fcndigung des Mitarbeiters f\u00fchren.<\/p><p>Obwohl wir alle angemessenen Vorsichtsma\u00dfnahmen ergreifen, um die Sicherheit der Nutzerdaten und den Schutz der Nutzer zu gew\u00e4hrleisten, besteht immer das Risiko eines Schadens. Das Internet als Ganzes kann zuweilen unsicher sein, und daher k\u00f6nnen wir die Sicherheit der Nutzerdaten nicht \u00fcber das Ma\u00df hinaus garantieren, das vern\u00fcnftigerweise praktikabel ist.<\/p><h3>Ihre Rechte als Nutzer<\/h3><p>Nach der DSGVO haben Sie die folgenden Rechte:<\/p><ol start=\"1\"><li value=\"1\">Recht auf Information;<\/li><li value=\"2\">Recht auf Zugang;<\/li><li value=\"3\">Recht auf Berichtigung;<\/li><li value=\"4\">Recht auf L\u00f6schung;<\/li><li value=\"5\">Recht auf Einschr\u00e4nkung der Verarbeitung;<\/li><li value=\"6\">Recht auf Daten\u00fcbertragbarkeit; und<\/li><li value=\"7\">Recht auf Widerspruch.<\/li><\/ol><div><h3>Kinder<\/h3><p>Das Mindestalter f\u00fcr die Nutzung unserer Website betr\u00e4gt 21 Jahre. Wir erheben und verwenden wissentlich keine personenbezogenen Daten von Kindern unter 16 Jahren. Wenn wir erfahren, dass wir personenbezogene Daten von einem Kind unter 16 Jahren gesammelt haben, werden diese Daten so schnell wie m\u00f6glich gel\u00f6scht. Wenn ein Kind unter 16 Jahren uns personenbezogene Daten zur Verf\u00fcgung gestellt hat, k\u00f6nnen sich seine Eltern oder Erziehungsberechtigten an unseren Datenschutzbeauftragten wenden.<\/p><\/div><div><h3>Abmeldung von der Datenerhebung, -nutzung oder -weitergabe<\/h3><p>Zus\u00e4tzlich zu der\/den in den folgenden Abschnitten beschriebenen Methode(n) <em>Wie Sie auf die gesammelten Daten zugreifen, sie \u00e4ndern, l\u00f6schen oder anfechten k\u00f6nnen<\/em>\u00a0In diesem Abschnitt bieten wir Ihnen die folgenden spezifischen Opt-out-Methoden f\u00fcr die unten aufgef\u00fchrten Formen der Erfassung, Verwendung oder Weitergabe Ihrer personenbezogenen Daten an:<\/p><ol start=\"1\"><li value=\"1\">Sie k\u00f6nnen die Verwendung Ihrer pers\u00f6nlichen Daten f\u00fcr Marketing-E-Mails ablehnen. Sie k\u00f6nnen dies tun, indem Sie unten in jeder Marketing-E-Mail auf \"Abmelden\" klicken oder Ihre E-Mail-Einstellungen unter \"Ihr Konto\" aktualisieren.<\/li><\/ol><\/div><div><h3>Cookie-Richtlinie<\/h3><p>Ein Cookie ist eine kleine Datei, die von einer Website auf der Festplatte eines Nutzers gespeichert wird. Ihr Zweck ist es, Daten \u00fcber die Surfgewohnheiten des Nutzers zu sammeln. Sie k\u00f6nnen w\u00e4hlen, ob Sie jedes Mal, wenn ein Cookie \u00fcbertragen wird, benachrichtigt werden m\u00f6chten. Sie haben auch die M\u00f6glichkeit, Cookies in Ihrem Internet-Browser vollst\u00e4ndig zu deaktivieren, doch kann dies die Qualit\u00e4t Ihrer Benutzererfahrung beeintr\u00e4chtigen.<\/p><p>Wir verwenden die folgenden Arten von Cookies auf unserer Website:<\/p><ol start=\"1\"><li value=\"1\"><u>Funktionale Cookies<\/u><br \/>Funktionale Cookies werden verwendet, um sich an die von Ihnen auf unserer Website getroffene Auswahl zu erinnern, so dass Ihre Auswahl f\u00fcr Ihre n\u00e4chsten Besuche gespeichert wird; und<\/li><li value=\"2\"><u>Analytische Cookies<\/u><br \/>Analytische Cookies erm\u00f6glichen es uns, das Design und die Funktionalit\u00e4t unserer Website zu verbessern, indem wir Daten dar\u00fcber sammeln, wie Sie auf unsere Website zugreifen, z. B. Daten \u00fcber die Inhalte, auf die Sie zugreifen, wie lange Sie auf unserer Website bleiben usw.<\/li><\/ol><\/div><h3>\u00c4nderungen<\/h3><p>Diese Datenschutzrichtlinie kann von Zeit zu Zeit ge\u00e4ndert werden, um die Einhaltung der gesetzlichen Bestimmungen zu gew\u00e4hrleisten und um \u00c4nderungen an unserem Datenerfassungsverfahren zu ber\u00fccksichtigen. Wenn wir diese Datenschutzrichtlinie \u00e4ndern, aktualisieren wir das \"Datum des Inkrafttretens\" am Anfang dieser Datenschutzrichtlinie. Wir empfehlen unseren Nutzern, unsere Datenschutzrichtlinie regelm\u00e4\u00dfig zu \u00fcberpr\u00fcfen, um sicherzustellen, dass sie \u00fcber alle Aktualisierungen informiert sind. Falls erforderlich, k\u00f6nnen wir die Benutzer per E-Mail \u00fcber \u00c4nderungen dieser Datenschutzrichtlinie informieren.<\/p><h3>Beanstandungen<\/h3><p>Wenn Sie Beschwerden \u00fcber die Verarbeitung Ihrer personenbezogenen Daten haben, wenden Sie sich bitte an uns \u00fcber die in der <em>Kontaktinformationen<\/em> damit wir die Angelegenheit nach M\u00f6glichkeit kl\u00e4ren k\u00f6nnen. Wenn Sie der Meinung sind, dass wir Ihr Anliegen nicht in zufriedenstellender Weise behandelt haben, k\u00f6nnen Sie sich an eine Aufsichtsbeh\u00f6rde wenden. Sie haben auch das Recht, direkt eine Beschwerde bei einer Aufsichtsbeh\u00f6rde einzureichen.\u00a0<\/p>\t\t\t\t\t\t\t\t<\/div>\n\t\t\t\t<\/div>\n\t\t\t\t\t<\/div>\n\t\t\t\t<\/div>\n\t\t\t\t<\/div>","protected":false},"excerpt":{"rendered":"<p>www.geekvapor.com Privacy Policy Type of website: EcommerceEffective date: 20th day of December, 2023 www.geekvapor.com (the &#8220;Site&#8221;) is owned and operated by geekvapor. geekvapor is the data controller and can be contacted at: info@GeekVapor.com Purpose The purpose of this privacy policy (this &#8220;Privacy Policy&#8221;) is to inform users of our Site of the following: The personal [&hellip;]<\/p>\n","protected":false},"author":1,"featured_media":0,"parent":0,"menu_order":0,"comment_status":"closed","ping_status":"open","template":"","meta":{"footnotes":""},"class_list":["post-3","page","type-page","status-publish","hentry"],"yoast_head":"<!-- This site is optimized with the Yoast SEO Premium plugin v24.0 (Yoast SEO v26.0) - https:\/\/yoast.com\/wordpress\/plugins\/seo\/ -->\n<title>Privacy Policy | geekvapor<\/title>\n<meta name=\"robots\" content=\"index, follow, max-snippet:-1, max-image-preview:large, max-video-preview:-1\" \/>\n<link rel=\"canonical\" href=\"https:\/\/geekvapor.com\/de\/privacy-policy\/\" \/>\n<meta property=\"og:locale\" content=\"de_DE\" \/>\n<meta property=\"og:type\" content=\"article\" \/>\n<meta property=\"og:title\" content=\"Privacy Policy\" \/>\n<meta property=\"og:description\" content=\"www.geekvapor.com Privacy Policy Type of website: EcommerceEffective date: 20th day of December, 2023 www.geekvapor.com (the &#8220;Site&#8221;) is owned and operated by geekvapor. geekvapor is the data controller and can be contacted at: info@GeekVapor.com Purpose The purpose of this privacy policy (this &#8220;Privacy Policy&#8221;) is to inform users of our Site of the following: The personal [&hellip;]\" \/>\n<meta property=\"og:url\" content=\"https:\/\/geekvapor.com\/de\/privacy-policy\/\" \/>\n<meta property=\"og:site_name\" content=\"geekvapor\" \/>\n<meta property=\"article:modified_time\" content=\"2024-12-20T10:19:47+00:00\" \/>\n<meta name=\"twitter:card\" content=\"summary_large_image\" \/>\n<meta name=\"twitter:label1\" content=\"Gesch\u00e4tzte Lesezeit\" \/>\n\t<meta name=\"twitter:data1\" content=\"6\u00a0Minuten\" \/>\n<script type=\"application\/ld+json\" class=\"yoast-schema-graph\">{\"@context\":\"https:\/\/schema.org\",\"@graph\":[{\"@type\":\"WebPage\",\"@id\":\"https:\/\/geekvapor.com\/privacy-policy\/\",\"url\":\"https:\/\/geekvapor.com\/privacy-policy\/\",\"name\":\"Privacy Policy | geekvapor\",\"isPartOf\":{\"@id\":\"https:\/\/geekvapor.com\/#website\"},\"datePublished\":\"2024-12-13T08:23:57+00:00\",\"dateModified\":\"2024-12-20T10:19:47+00:00\",\"breadcrumb\":{\"@id\":\"https:\/\/geekvapor.com\/privacy-policy\/#breadcrumb\"},\"inLanguage\":\"de\",\"potentialAction\":[{\"@type\":\"ReadAction\",\"target\":[\"https:\/\/geekvapor.com\/privacy-policy\/\"]}]},{\"@type\":\"BreadcrumbList\",\"@id\":\"https:\/\/geekvapor.com\/privacy-policy\/#breadcrumb\",\"itemListElement\":[{\"@type\":\"ListItem\",\"position\":1,\"name\":\"\u9996\u9875\",\"item\":\"https:\/\/geekvapor.com\/\"},{\"@type\":\"ListItem\",\"position\":2,\"name\":\"Privacy Policy\"}]},{\"@type\":\"WebSite\",\"@id\":\"https:\/\/geekvapor.com\/#website\",\"url\":\"https:\/\/geekvapor.com\/\",\"name\":\"geekvapor\",\"description\":\"\",\"potentialAction\":[{\"@type\":\"SearchAction\",\"target\":{\"@type\":\"EntryPoint\",\"urlTemplate\":\"https:\/\/geekvapor.com\/?s={search_term_string}\"},\"query-input\":{\"@type\":\"PropertyValueSpecification\",\"valueRequired\":true,\"valueName\":\"search_term_string\"}}],\"inLanguage\":\"de\"}]}<\/script>\n<!-- \/ Yoast SEO Premium plugin. -->","yoast_head_json":{"title":"Datenschutzrichtlinie | geekvapor","robots":{"index":"index","follow":"follow","max-snippet":"max-snippet:-1","max-image-preview":"max-image-preview:large","max-video-preview":"max-video-preview:-1"},"canonical":"https:\/\/geekvapor.com\/de\/privacy-policy\/","og_locale":"de_DE","og_type":"article","og_title":"Privacy Policy","og_description":"www.geekvapor.com Privacy Policy Type of website: EcommerceEffective date: 20th day of December, 2023 www.geekvapor.com (the &#8220;Site&#8221;) is owned and operated by geekvapor. geekvapor is the data controller and can be contacted at: info@GeekVapor.com Purpose The purpose of this privacy policy (this &#8220;Privacy Policy&#8221;) is to inform users of our Site of the following: The personal [&hellip;]","og_url":"https:\/\/geekvapor.com\/de\/privacy-policy\/","og_site_name":"geekvapor","article_modified_time":"2024-12-20T10:19:47+00:00","twitter_card":"summary_large_image","twitter_misc":{"Gesch\u00e4tzte Lesezeit":"6\u00a0Minuten"},"schema":{"@context":"https:\/\/schema.org","@graph":[{"@type":"WebPage","@id":"https:\/\/geekvapor.com\/privacy-policy\/","url":"https:\/\/geekvapor.com\/privacy-policy\/","name":"Datenschutzrichtlinie | geekvapor","isPartOf":{"@id":"https:\/\/geekvapor.com\/#website"},"datePublished":"2024-12-13T08:23:57+00:00","dateModified":"2024-12-20T10:19:47+00:00","breadcrumb":{"@id":"https:\/\/geekvapor.com\/privacy-policy\/#breadcrumb"},"inLanguage":"de","potentialAction":[{"@type":"ReadAction","target":["https:\/\/geekvapor.com\/privacy-policy\/"]}]},{"@type":"BreadcrumbList","@id":"https:\/\/geekvapor.com\/privacy-policy\/#breadcrumb","itemListElement":[{"@type":"ListItem","position":1,"name":"\u9996\u9875","item":"https:\/\/geekvapor.com\/"},{"@type":"ListItem","position":2,"name":"Privacy Policy"}]},{"@type":"WebSite","@id":"https:\/\/geekvapor.com\/#website","url":"https:\/\/geekvapor.com\/","name":"geekvapor","description":"","potentialAction":[{"@type":"SearchAction","target":{"@type":"EntryPoint","urlTemplate":"https:\/\/geekvapor.com\/?s={search_term_string}"},"query-input":{"@type":"PropertyValueSpecification","valueRequired":true,"valueName":"search_term_string"}}],"inLanguage":"de"}]}},"_links":{"self":[{"href":"https:\/\/geekvapor.com\/de\/wp-json\/wp\/v2\/pages\/3","targetHints":{"allow":["GET"]}}],"collection":[{"href":"https:\/\/geekvapor.com\/de\/wp-json\/wp\/v2\/pages"}],"about":[{"href":"https:\/\/geekvapor.com\/de\/wp-json\/wp\/v2\/types\/page"}],"author":[{"embeddable":true,"href":"https:\/\/geekvapor.com\/de\/wp-json\/wp\/v2\/users\/1"}],"replies":[{"embeddable":true,"href":"https:\/\/geekvapor.com\/de\/wp-json\/wp\/v2\/comments?post=3"}],"version-history":[{"count":0,"href":"https:\/\/geekvapor.com\/de\/wp-json\/wp\/v2\/pages\/3\/revisions"}],"wp:attachment":[{"href":"https:\/\/geekvapor.com\/de\/wp-json\/wp\/v2\/media?parent=3"}],"curies":[{"name":"wp","href":"https:\/\/api.w.org\/{rel}","templated":true}]}}