{"id":28212,"date":"2024-12-20T07:20:52","date_gmt":"2024-12-20T07:20:52","guid":{"rendered":"https:\/\/geekvapor.com\/?page_id=28212"},"modified":"2024-12-20T10:19:23","modified_gmt":"2024-12-20T10:19:23","slug":"terms-and-conditions","status":"publish","type":"page","link":"https:\/\/geekvapor.com\/de\/terms-and-conditions\/","title":{"rendered":"Bedingungen und Konditionen"},"content":{"rendered":"<div data-elementor-type=\"wp-page\" data-elementor-id=\"28212\" class=\"elementor elementor-28212\">\n\t\t\t\t<div class=\"elementor-element elementor-element-4c5732a e-flex e-con-boxed e-con e-parent\" data-id=\"4c5732a\" data-element_type=\"container\">\n\t\t\t\t\t<div class=\"e-con-inner\">\n\t\t\t\t<div class=\"elementor-element elementor-element-cab5651 elementor-widget elementor-widget-heading\" data-id=\"cab5651\" data-element_type=\"widget\" data-widget_type=\"heading.default\">\n\t\t\t\t<div class=\"elementor-widget-container\">\n\t\t\t\t\t<h2 class=\"elementor-heading-title elementor-size-default\">BEDINGUNGEN UND KONDITIONEN<\/h2>\t\t\t\t<\/div>\n\t\t\t\t<\/div>\n\t\t\t\t\t<\/div>\n\t\t\t\t<\/div>\n\t\t<div class=\"elementor-element elementor-element-2faa7f6 e-flex e-con-boxed e-con e-parent\" data-id=\"2faa7f6\" data-element_type=\"container\">\n\t\t\t\t\t<div class=\"e-con-inner\">\n\t\t\t\t<div class=\"elementor-element elementor-element-a2b39db elementor-widget elementor-widget-text-editor\" data-id=\"a2b39db\" data-element_type=\"widget\" data-widget_type=\"text-editor.default\">\n\t\t\t\t<div class=\"elementor-widget-container\">\n\t\t\t\t\t\t\t\t\t<p>Diese Bedingungen (die \"Bedingungen\") regeln die Nutzung von geekvapor.com (die \"Seite\"). Diese Seite ist Eigentum von geekvapor und wird von ihr betrieben. Diese Seite ist eine E-Commerce-Website.<\/p><p>Durch die Nutzung dieser Website erkl\u00e4ren Sie, dass Sie diese Bedingungen gelesen und verstanden haben und sich verpflichten, sie jederzeit einzuhalten.<\/p><div><h3>Geistiges Eigentum<\/h3><p>Alle Inhalte, die auf unserer Seite ver\u00f6ffentlicht und zur Verf\u00fcgung gestellt werden, sind Eigentum von geekvapor und den Machern der Seite. Dies beinhaltet, ist aber nicht beschr\u00e4nkt auf Bilder, Texte, Logos, Dokumente, herunterladbare Dateien und alles, was zur Zusammensetzung unserer Site beitr\u00e4gt.<\/p><\/div><div><h3>Altersbeschr\u00e4nkungen<\/h3><p>Das Mindestalter f\u00fcr die Nutzung unserer Website betr\u00e4gt 21 Jahre. Durch die Nutzung dieser Website erkl\u00e4ren die Benutzer, dass sie \u00fcber 21 Jahre alt sind. Wir \u00fcbernehmen keine rechtliche Verantwortung f\u00fcr falsche Angaben zum Alter.<\/p><\/div><div><h3>Akzeptable Nutzung<\/h3><p>Als Nutzer unserer Website erkl\u00e4ren Sie sich damit einverstanden, unsere Website rechtm\u00e4\u00dfig zu nutzen, unsere Website nicht f\u00fcr illegale Zwecke zu verwenden und es zu unterlassen:<\/p><ul><li value=\"1\">andere Benutzer unserer Website zu bel\u00e4stigen oder zu misshandeln;<\/li><li value=\"2\">die Rechte anderer Nutzer unserer Website zu verletzen;<\/li><li value=\"3\">die geistigen Eigentumsrechte der Eigent\u00fcmer der Website oder von Dritten auf der Website zu verletzen;<\/li><li value=\"4\">sich in das Konto eines anderen Nutzers der Website zu hacken;<\/li><li value=\"5\">in einer Weise handeln, die als betr\u00fcgerisch angesehen werden k\u00f6nnte; oder<\/li><li value=\"6\">Material zu ver\u00f6ffentlichen, das als unangemessen oder beleidigend angesehen werden k\u00f6nnte.<\/li><\/ul><p>Wenn wir der Meinung sind, dass Sie unsere Website illegal oder in einer Weise nutzen, die gegen diese Allgemeinen Gesch\u00e4ftsbedingungen verst\u00f6\u00dft, behalten wir uns das Recht vor, Ihren Zugang zu unserer Website zu beschr\u00e4nken, auszusetzen oder zu beenden. Wir behalten uns auch das Recht vor, alle notwendigen rechtlichen Schritte zu unternehmen, um Sie am Zugriff auf unsere Website zu hindern.<\/p><\/div><div><h3>Benutzerbeitr\u00e4ge<\/h3><p>Die Nutzer k\u00f6nnen die folgenden Informationen auf unserer Website ver\u00f6ffentlichen:<\/p><ul><li value=\"1\">Fotos; und<\/li><li value=\"2\">\u00d6ffentliche Kommentare.<\/li><\/ul><p>Indem Sie \u00f6ffentlich auf unserer Website posten, verpflichten Sie sich, nicht rechtswidrig zu handeln oder diese Bedingungen zu verletzen.<\/p><\/div><div><h3>Konten<\/h3><p>Wenn Sie ein Konto auf unserer Website erstellen, erkl\u00e4ren Sie sich mit den folgenden Bestimmungen einverstanden:<\/p><ol start=\"1\"><li value=\"1\">Sie sind allein verantwortlich f\u00fcr Ihr Konto und die Sicherheit und den Datenschutz Ihres Kontos, einschlie\u00dflich der Passw\u00f6rter oder sensiblen Informationen, die mit diesem Konto verbunden sind; und<\/li><li value=\"2\">dass alle pers\u00f6nlichen Daten, die Sie uns \u00fcber Ihr Konto zur Verf\u00fcgung stellen, aktuell, korrekt und wahrheitsgem\u00e4\u00df sind und dass Sie Ihre pers\u00f6nlichen Daten aktualisieren werden, wenn sie sich \u00e4ndern.<\/li><\/ol><p>Wir behalten uns das Recht vor, Ihr Konto zu sperren oder zu k\u00fcndigen, wenn Sie unsere Website unrechtm\u00e4\u00dfig nutzen oder gegen diese Nutzungsbedingungen versto\u00dfen.<\/p><\/div><div><h3>Verkauf von Waren<\/h3><p>Diese Allgemeinen Gesch\u00e4ftsbedingungen regeln den Verkauf von Waren, die auf unserer Website angeboten werden.<\/p><p>Die folgenden Waren sind auf unserer Website erh\u00e4ltlich:<\/p><ul><li value=\"1\">Einweg-Vape; und<\/li><li value=\"2\">Vape-Kit.<\/li><\/ul><p>Diese Allgemeinen Gesch\u00e4ftsbedingungen gelten f\u00fcr alle Waren, die zum Zeitpunkt Ihres Zugriffs auf unsere Website angezeigt werden. Dies gilt auch f\u00fcr alle Produkte, die als nicht auf Lager sind. Alle Informationen, Beschreibungen oder Bilder, die wir \u00fcber unsere Waren bereitstellen, sind so genau wie m\u00f6glich. Wir sind jedoch rechtlich nicht an solche Informationen, Beschreibungen oder Bilder gebunden, da wir die Richtigkeit aller von uns angebotenen Waren nicht garantieren k\u00f6nnen. Sie erkl\u00e4ren sich damit einverstanden, Waren von unserer Website auf Ihr eigenes Risiko zu kaufen.<\/p><p>Wir behalten uns das Recht vor, Ihre Bestellung zu \u00e4ndern, abzulehnen oder zu stornieren, wann immer dies notwendig wird. Wenn wir Ihre Bestellung stornieren und Ihre Zahlung bereits abgewickelt haben, erhalten Sie eine R\u00fcckerstattung in H\u00f6he des von Ihnen gezahlten Betrags. Sie erkl\u00e4ren sich damit einverstanden, dass es in Ihrer Verantwortung liegt, Ihr Zahlungsinstrument zu \u00fcberwachen, um den Erhalt einer R\u00fcckerstattung zu \u00fcberpr\u00fcfen.<\/p><\/div><div><p>Waren und Dienstleistungen von Dritten<br \/>Unsere Website kann Waren und Dienstleistungen von Dritten anbieten. Wir k\u00f6nnen nicht f\u00fcr die Qualit\u00e4t oder Richtigkeit der Waren und Dienstleistungen garantieren, die von Dritten auf unserer Website angeboten werden.<\/p><\/div><div><h3>Zahlungen<\/h3><p>Wir akzeptieren die folgenden Zahlungsarten auf unserer Website:<\/p><ul><li value=\"1\">Kreditkarte;<\/li><li value=\"2\">PayPal; und<\/li><li value=\"3\">Lastschrift.<\/li><\/ul><p>Wenn Sie uns Ihre Zahlungsinformationen zur Verf\u00fcgung stellen, erm\u00e4chtigen Sie uns zur Verwendung des von Ihnen gew\u00e4hlten Zahlungsinstruments und zum Zugriff darauf. Indem Sie uns Ihre Zahlungsinformationen zur Verf\u00fcgung stellen, erm\u00e4chtigen Sie uns, den f\u00e4lligen Betrag von diesem Zahlungsmittel abzubuchen.<\/p><p>Wenn wir der Meinung sind, dass Ihre Zahlung gegen ein Gesetz oder diese Allgemeinen Gesch\u00e4ftsbedingungen versto\u00dfen hat, behalten wir uns das Recht vor, Ihre Transaktion zu stornieren oder r\u00fcckg\u00e4ngig zu machen.<\/p><\/div><div><h3>Versand und Lieferung<\/h3><p>Wenn Sie Waren auf unserer Website kaufen, werden die Waren auf eine der folgenden Arten geliefert:<\/p><ul><li value=\"2\">DHL; und<\/li><li value=\"3\">UPS.<\/li><\/ul><p>Die Lieferung erfolgt so schnell wie m\u00f6glich, je nach gew\u00e4hlter Versandart. Die Lieferzeiten k\u00f6nnen aufgrund unvorhergesehener Umst\u00e4nde variieren. Bitte beachten Sie, dass die Lieferzeiten Wochenenden und gesetzliche Feiertage nicht einschlie\u00dfen.<\/p><p>Die Lieferung von Waren, die Sie auf unserer Website kaufen, wird Ihnen nicht in Rechnung gestellt.<\/p><p>Sie sind verpflichtet, uns eine vollst\u00e4ndige und korrekte Lieferadresse, einschlie\u00dflich des Namens des Empf\u00e4ngers, anzugeben. Wir haften nicht f\u00fcr die Lieferung Ihrer Waren an eine falsche Adresse oder eine falsche Person, wenn Sie uns ungenaue oder unvollst\u00e4ndige Angaben gemacht haben.<\/p><\/div><div><div><h3>Erstattungen<\/h3><p>Erstattungen f\u00fcr Waren<br \/>Erstattungsantr\u00e4ge m\u00fcssen innerhalb von 30 Tagen nach Erhalt der Ware gestellt werden.<\/p><p>Wir akzeptieren R\u00fcckerstattungsantr\u00e4ge f\u00fcr auf unserer Website verkaufte Waren aus einem der folgenden Gr\u00fcnde:<\/p><ul><li value=\"1\">Das Gute ist kaputt.<\/li><\/ul><\/div><\/div><div><h3>R\u00fcckgabe<\/h3><p>Die R\u00fcckgabe kann per Post erfolgen. Um eine Ware per Post zur\u00fcckzusenden, gehen Sie wie folgt vor:<br \/>Verpacken Sie Ihre Waren und bringen Sie den R\u00fccksendeaufkleber an, der Ihrem Paket beilag. Gehen Sie zum n\u00e4chstgelegenen Postamt und bezahlen Sie das notwendige Porto.<\/p><\/div><div><h3>Verbraucherschutzgesetz<\/h3><p>Wenn in Ihrem Land Verbraucherschutzgesetze gelten und nicht ausgeschlossen werden k\u00f6nnen, schr\u00e4nken diese Allgemeinen Gesch\u00e4ftsbedingungen Ihre Rechte und Rechtsmittel nach diesen Gesetzen nicht ein. Diese Allgemeinen Gesch\u00e4ftsbedingungen sind vorbehaltlich der zwingenden Bestimmungen dieser Gesetzgebung zu lesen. Im Falle eines Widerspruchs zwischen diesen Bedingungen und den Rechtsvorschriften gelten die zwingenden Bestimmungen der Rechtsvorschriften.<\/p><\/div><div><h3>Beschr\u00e4nkung der Haftung<\/h3><p>geekvapor und unsere gesch\u00e4ftsf\u00fchrer, leitenden angestellten, vertreter, angestellten, tochtergesellschaften und partner sind nicht haftbar f\u00fcr jegliche handlungen, anspr\u00fcche, verluste, sch\u00e4den, haftungen und ausgaben, einschliesslich rechtskosten, die sich aus ihrer nutzung der website ergeben.<\/p><\/div><div><h3>Entsch\u00e4digung<\/h3><p>Ausser wo es gesetzlich verboten ist, h\u00e4ltst du geekvapor und unsere Direktoren, leitenden Angestellten, Agenten, Angestellten, Tochtergesellschaften und Partner schadlos von allen Klagen, Anspr\u00fcchen, Verlusten, Sch\u00e4den, Verbindlichkeiten und Ausgaben, einschliesslich Anwaltskosten, die aus deiner Nutzung unserer Seite oder deiner Verletzung dieser Gesch\u00e4ftsbedingungen entstehen.<\/p><\/div><div><h3>Trennbarkeit<\/h3><p>Sollte sich zu irgendeinem Zeitpunkt herausstellen, dass eine der in diesen Allgemeinen Gesch\u00e4ftsbedingungen enthaltenen Bestimmungen nach geltendem Recht widerspr\u00fcchlich oder ung\u00fcltig ist, werden diese Bestimmungen als ung\u00fcltig betrachtet und aus diesen Allgemeinen Gesch\u00e4ftsbedingungen entfernt. Alle anderen Bestimmungen bleiben von der Streichung unber\u00fchrt, und der Rest dieser Allgemeinen Gesch\u00e4ftsbedingungen wird weiterhin als g\u00fcltig angesehen.<\/p><\/div><div><h3>\u00c4nderungen<\/h3><p>Diese Allgemeinen Gesch\u00e4ftsbedingungen k\u00f6nnen von Zeit zu Zeit ge\u00e4ndert werden, um die Einhaltung von Gesetzen zu gew\u00e4hrleisten und um \u00c4nderungen in der Art und Weise widerzuspiegeln, wie wir unsere Website betreiben und wie wir das Verhalten der Nutzer auf unserer Website erwarten. Wir werden die Nutzer per E-Mail \u00fcber \u00c4nderungen dieser Gesch\u00e4ftsbedingungen informieren oder einen Hinweis auf unserer Website ver\u00f6ffentlichen.<\/p><\/div><div><h3>Kontakt Details<\/h3><p>Bitte kontaktieren Sie uns, wenn Sie Fragen oder Bedenken haben. Unsere Kontaktdaten lauten wie folgt:<br \/>______________________________________<br \/>info@GeekVapor.com<br \/>______________________________________<\/p><p>Sie k\u00f6nnen uns auch \u00fcber das auf unserer Website verf\u00fcgbare Feedback-Formular kontaktieren.<\/p><\/div><p>Tag des Inkrafttretens: 20. Dezember 2023<\/p>\t\t\t\t\t\t\t\t<\/div>\n\t\t\t\t<\/div>\n\t\t\t\t\t<\/div>\n\t\t\t\t<\/div>\n\t\t\t\t<\/div>","protected":false},"excerpt":{"rendered":"<p>TERMS AND CONDITIONS These terms and conditions (the &#8220;Terms and Conditions&#8221;) govern the use of\u00a0geekvapor.com\u00a0(the &#8220;Site&#8221;). This Site is owned and operated by geekvapor. This Site is an ecommerce website. By using this Site, you indicate that you have read and understand these Terms and Conditions and agree to abide by them at all times. [&hellip;]<\/p>\n","protected":false},"author":1,"featured_media":0,"parent":0,"menu_order":0,"comment_status":"closed","ping_status":"closed","template":"","meta":{"footnotes":""},"class_list":["post-28212","page","type-page","status-publish","hentry"],"yoast_head":"<!-- This site is optimized with the Yoast SEO Premium plugin v24.0 (Yoast SEO v26.0) - https:\/\/yoast.com\/wordpress\/plugins\/seo\/ -->\n<title>Terms And Conditions | geekvapor<\/title>\n<meta name=\"robots\" content=\"index, follow, max-snippet:-1, max-image-preview:large, max-video-preview:-1\" \/>\n<link rel=\"canonical\" href=\"https:\/\/geekvapor.com\/de\/terms-and-conditions\/\" \/>\n<meta property=\"og:locale\" content=\"de_DE\" \/>\n<meta property=\"og:type\" content=\"article\" \/>\n<meta property=\"og:title\" content=\"Terms And Conditions\" \/>\n<meta property=\"og:description\" content=\"TERMS AND CONDITIONS These terms and conditions (the &#8220;Terms and Conditions&#8221;) govern the use of\u00a0geekvapor.com\u00a0(the &#8220;Site&#8221;). This Site is owned and operated by geekvapor. This Site is an ecommerce website. By using this Site, you indicate that you have read and understand these Terms and Conditions and agree to abide by them at all times. [&hellip;]\" \/>\n<meta property=\"og:url\" content=\"https:\/\/geekvapor.com\/de\/terms-and-conditions\/\" \/>\n<meta property=\"og:site_name\" content=\"geekvapor\" \/>\n<meta property=\"article:modified_time\" content=\"2024-12-20T10:19:23+00:00\" \/>\n<meta name=\"twitter:card\" content=\"summary_large_image\" \/>\n<meta name=\"twitter:label1\" content=\"Gesch\u00e4tzte Lesezeit\" \/>\n\t<meta name=\"twitter:data1\" content=\"6\u00a0Minuten\" \/>\n<script type=\"application\/ld+json\" class=\"yoast-schema-graph\">{\"@context\":\"https:\/\/schema.org\",\"@graph\":[{\"@type\":\"WebPage\",\"@id\":\"https:\/\/geekvapor.com\/terms-and-conditions\/\",\"url\":\"https:\/\/geekvapor.com\/terms-and-conditions\/\",\"name\":\"Terms And Conditions | geekvapor\",\"isPartOf\":{\"@id\":\"https:\/\/geekvapor.com\/#website\"},\"datePublished\":\"2024-12-20T07:20:52+00:00\",\"dateModified\":\"2024-12-20T10:19:23+00:00\",\"breadcrumb\":{\"@id\":\"https:\/\/geekvapor.com\/terms-and-conditions\/#breadcrumb\"},\"inLanguage\":\"de\",\"potentialAction\":[{\"@type\":\"ReadAction\",\"target\":[\"https:\/\/geekvapor.com\/terms-and-conditions\/\"]}]},{\"@type\":\"BreadcrumbList\",\"@id\":\"https:\/\/geekvapor.com\/terms-and-conditions\/#breadcrumb\",\"itemListElement\":[{\"@type\":\"ListItem\",\"position\":1,\"name\":\"\u9996\u9875\",\"item\":\"https:\/\/geekvapor.com\/\"},{\"@type\":\"ListItem\",\"position\":2,\"name\":\"Terms And Conditions\"}]},{\"@type\":\"WebSite\",\"@id\":\"https:\/\/geekvapor.com\/#website\",\"url\":\"https:\/\/geekvapor.com\/\",\"name\":\"geekvapor\",\"description\":\"\",\"potentialAction\":[{\"@type\":\"SearchAction\",\"target\":{\"@type\":\"EntryPoint\",\"urlTemplate\":\"https:\/\/geekvapor.com\/?s={search_term_string}\"},\"query-input\":{\"@type\":\"PropertyValueSpecification\",\"valueRequired\":true,\"valueName\":\"search_term_string\"}}],\"inLanguage\":\"de\"}]}<\/script>\n<!-- \/ Yoast SEO Premium plugin. -->","yoast_head_json":{"title":"Bedingungen und Konditionen | geekvapor","robots":{"index":"index","follow":"follow","max-snippet":"max-snippet:-1","max-image-preview":"max-image-preview:large","max-video-preview":"max-video-preview:-1"},"canonical":"https:\/\/geekvapor.com\/de\/terms-and-conditions\/","og_locale":"de_DE","og_type":"article","og_title":"Terms And Conditions","og_description":"TERMS AND CONDITIONS These terms and conditions (the &#8220;Terms and Conditions&#8221;) govern the use of\u00a0geekvapor.com\u00a0(the &#8220;Site&#8221;). This Site is owned and operated by geekvapor. This Site is an ecommerce website. By using this Site, you indicate that you have read and understand these Terms and Conditions and agree to abide by them at all times. [&hellip;]","og_url":"https:\/\/geekvapor.com\/de\/terms-and-conditions\/","og_site_name":"geekvapor","article_modified_time":"2024-12-20T10:19:23+00:00","twitter_card":"summary_large_image","twitter_misc":{"Gesch\u00e4tzte Lesezeit":"6\u00a0Minuten"},"schema":{"@context":"https:\/\/schema.org","@graph":[{"@type":"WebPage","@id":"https:\/\/geekvapor.com\/terms-and-conditions\/","url":"https:\/\/geekvapor.com\/terms-and-conditions\/","name":"Bedingungen und Konditionen | geekvapor","isPartOf":{"@id":"https:\/\/geekvapor.com\/#website"},"datePublished":"2024-12-20T07:20:52+00:00","dateModified":"2024-12-20T10:19:23+00:00","breadcrumb":{"@id":"https:\/\/geekvapor.com\/terms-and-conditions\/#breadcrumb"},"inLanguage":"de","potentialAction":[{"@type":"ReadAction","target":["https:\/\/geekvapor.com\/terms-and-conditions\/"]}]},{"@type":"BreadcrumbList","@id":"https:\/\/geekvapor.com\/terms-and-conditions\/#breadcrumb","itemListElement":[{"@type":"ListItem","position":1,"name":"\u9996\u9875","item":"https:\/\/geekvapor.com\/"},{"@type":"ListItem","position":2,"name":"Terms And Conditions"}]},{"@type":"WebSite","@id":"https:\/\/geekvapor.com\/#website","url":"https:\/\/geekvapor.com\/","name":"geekvapor","description":"","potentialAction":[{"@type":"SearchAction","target":{"@type":"EntryPoint","urlTemplate":"https:\/\/geekvapor.com\/?s={search_term_string}"},"query-input":{"@type":"PropertyValueSpecification","valueRequired":true,"valueName":"search_term_string"}}],"inLanguage":"de"}]}},"_links":{"self":[{"href":"https:\/\/geekvapor.com\/de\/wp-json\/wp\/v2\/pages\/28212","targetHints":{"allow":["GET"]}}],"collection":[{"href":"https:\/\/geekvapor.com\/de\/wp-json\/wp\/v2\/pages"}],"about":[{"href":"https:\/\/geekvapor.com\/de\/wp-json\/wp\/v2\/types\/page"}],"author":[{"embeddable":true,"href":"https:\/\/geekvapor.com\/de\/wp-json\/wp\/v2\/users\/1"}],"replies":[{"embeddable":true,"href":"https:\/\/geekvapor.com\/de\/wp-json\/wp\/v2\/comments?post=28212"}],"version-history":[{"count":0,"href":"https:\/\/geekvapor.com\/de\/wp-json\/wp\/v2\/pages\/28212\/revisions"}],"wp:attachment":[{"href":"https:\/\/geekvapor.com\/de\/wp-json\/wp\/v2\/media?parent=28212"}],"curies":[{"name":"wp","href":"https:\/\/api.w.org\/{rel}","templated":true}]}}