{"id":3,"date":"2024-12-13T08:23:57","date_gmt":"2024-12-13T08:23:57","guid":{"rendered":"https:\/\/geekvapor.com\/?page_id=3"},"modified":"2024-12-20T10:19:47","modified_gmt":"2024-12-20T10:19:47","slug":"privacy-policy","status":"publish","type":"page","link":"http:\/\/geekvapor.com\/it\/privacy-policy\/","title":{"rendered":"Informativa sulla privacy"},"content":{"rendered":"<div data-elementor-type=\"wp-page\" data-elementor-id=\"3\" class=\"elementor elementor-3\">\n\t\t\t\t<div class=\"elementor-element elementor-element-023e491 e-flex e-con-boxed e-con e-parent\" data-id=\"023e491\" data-element_type=\"container\">\n\t\t\t\t\t<div class=\"e-con-inner\">\n\t\t\t\t<div class=\"elementor-element elementor-element-5fa6f53 elementor-widget elementor-widget-heading\" data-id=\"5fa6f53\" data-element_type=\"widget\" data-widget_type=\"heading.default\">\n\t\t\t\t<div class=\"elementor-widget-container\">\n\t\t\t\t\t<h2 class=\"elementor-heading-title elementor-size-default\">www.geekvapor.com Informativa sulla privacy\n\n<\/h2>\t\t\t\t<\/div>\n\t\t\t\t<\/div>\n\t\t\t\t\t<\/div>\n\t\t\t\t<\/div>\n\t\t<div class=\"elementor-element elementor-element-12a07c4 e-flex e-con-boxed e-con e-parent\" data-id=\"12a07c4\" data-element_type=\"container\">\n\t\t\t\t\t<div class=\"e-con-inner\">\n\t\t\t\t<div class=\"elementor-element elementor-element-601131d elementor-widget elementor-widget-text-editor\" data-id=\"601131d\" data-element_type=\"widget\" data-widget_type=\"text-editor.default\">\n\t\t\t\t<div class=\"elementor-widget-container\">\n\t\t\t\t\t\t\t\t\t<p>Tipo di sito web: Ecommerce<br \/>Data di entrata in vigore: 20 dicembre 2023.<\/p><p>www.geekvapor.com (il \"Sito\") \u00e8 di propriet\u00e0 e gestito da geekvapor. geekvapor \u00e8 il titolare del trattamento e pu\u00f2 essere contattato all'indirizzo:<\/p><p>info@GeekVapor.com<\/p><h3>Scopo<\/h3><p>Lo scopo della presente informativa sulla privacy (la presente \"Informativa sulla privacy\") \u00e8 quello di informare gli utenti del nostro Sito di quanto segue:<\/p><ol start=\"1\"><li value=\"1\">I dati personali che raccoglieremo;<\/li><li value=\"2\">Utilizzo dei dati raccolti;<\/li><li value=\"3\">Chi ha accesso ai dati raccolti;<\/li><li value=\"4\">I diritti degli utenti del Sito; e<\/li><li value=\"5\">La politica dei cookie del Sito.<\/li><\/ol><p>La presente Informativa sulla privacy si applica in aggiunta ai termini e alle condizioni del nostro Sito.<\/p><div><h3>GDPR<\/h3><p>Per gli utenti dell'Unione Europea, aderiamo al Regolamento (UE) 2016\/679 del Parlamento europeo e del Consiglio del 27 aprile 2016, noto come Regolamento generale sulla protezione dei dati (il \"GDPR\"). Per gli utenti del Regno Unito, aderiamo al GDPR come sancito dal Data Protection Act 2018.<\/p><\/div><div><h3>Consenso<\/h3><p>Utilizzando il nostro Sito gli utenti accettano di acconsentire a:<\/p><ol start=\"1\"><li value=\"1\">Le condizioni stabilite nella presente Informativa sulla privacy.<\/li><\/ol><p>Se la base giuridica per il trattamento dei vostri dati personali \u00e8 che avete fornito il vostro consenso a tale trattamento, potete revocare il vostro consenso in qualsiasi momento. La revoca del consenso non render\u00e0 illegale il trattamento da noi effettuato prima della revoca del consenso.<\/p><p>\u00c8 possibile revocare il proprio consenso Contattando il Responsabile della protezione dei dati.<\/p><\/div><div><h3>Base giuridica del trattamento<\/h3><p>Raccogliamo ed elaboriamo i dati personali degli utenti nell'UE solo quando abbiamo una base legale per farlo ai sensi dell'articolo 6 del GDPR.<\/p><p>Per la raccolta e il trattamento dei dati personali degli utenti dell'UE ci basiamo sulle seguenti basi giuridiche:<\/p><ol start=\"1\"><li value=\"1\">Gli utenti hanno fornito il loro consenso al trattamento dei loro dati per una o pi\u00f9 finalit\u00e0 specifiche; e<\/li><li value=\"2\">L'elaborazione dei dati personali dell'utente \u00e8 necessaria per un compito svolto nell'interesse pubblico o nell'esercizio della nostra autorit\u00e0 ufficiale.<\/li><\/ol><\/div><h3>Dati personali raccolti<\/h3><p>Raccogliamo solo i dati che ci aiutano a raggiungere lo scopo indicato nella presente Informativa sulla privacy. Non raccoglieremo altri dati oltre a quelli elencati di seguito senza prima informare l'utente.<\/p><p><u>Dati raccolti automaticamente<\/u><br \/>Quando visitate e utilizzate il nostro sito, possiamo raccogliere e memorizzare automaticamente le seguenti informazioni:<\/p><ol start=\"1\"><li value=\"1\">Indirizzo IP;<\/li><li value=\"2\">Posizione;<\/li><li value=\"3\">Link cliccati; e<\/li><li value=\"4\">Contenuto visualizzato.<\/li><\/ol><p><u>Dati raccolti in modo non automatico<\/u><br \/>Possiamo anche raccogliere i seguenti dati quando l'utente esegue determinate funzioni sul nostro Sito:<\/p><ol start=\"1\"><li value=\"1\">Nome e cognome;<\/li><li value=\"2\">Numero di telefono;<\/li><li value=\"3\">Indirizzo; e<\/li><li value=\"4\">Informazioni sul pagamento.<\/li><\/ol><p>Questi dati possono essere raccolti con i seguenti metodi:<\/p><ol start=\"1\"><li value=\"1\">Creare un account.<\/li><\/ol><h3>Come utilizziamo i dati personali<\/h3><p>I dati raccolti sul nostro Sito saranno utilizzati esclusivamente per gli scopi specificati nella presente Informativa sulla privacy o indicati nelle relative pagine del nostro Sito. Non utilizzeremo i vostri dati al di l\u00e0 di quanto indicato nella presente Informativa sulla privacy.<\/p><p>I dati raccolti automaticamente vengono utilizzati per i seguenti scopi:<\/p><ol start=\"1\"><li value=\"1\">Statistiche.<\/li><\/ol><p>I dati che raccogliamo quando l'utente esegue determinate funzioni possono essere utilizzati per i seguenti scopi:<\/p><ol start=\"1\"><li value=\"1\">Comunicazione.<\/li><\/ol><h3>Con chi condividiamo i dati personali<\/h3><p><u>I dipendenti<\/u><br \/>Possiamo divulgare i dati dell'utente a qualsiasi membro della nostra organizzazione che abbia ragionevolmente bisogno di accedere ai dati dell'utente per raggiungere gli scopi indicati nella presente Informativa sulla privacy.<\/p><div><p><u>Altre informazioni<\/u><br \/>Non venderemo o condivideremo i vostri dati con terzi, tranne nei seguenti casi:<\/p><ol start=\"1\"><li value=\"1\">Se la legge lo richiede;<\/li><li value=\"2\">Se \u00e8 necessario per qualsiasi procedimento legale;<\/li><li value=\"3\">Per dimostrare o proteggere i nostri diritti legali; e<\/li><li value=\"4\">Agli acquirenti o ai potenziali acquirenti di questa societ\u00e0 nel caso in cui si voglia vendere la societ\u00e0.<\/li><\/ol><p>Se si seguono collegamenti ipertestuali dal nostro Sito a un altro Sito, si prega di notare che non siamo responsabili e non abbiamo alcun controllo sulle loro politiche e pratiche in materia di privacy.<\/p><\/div><h3>Per quanto tempo conserviamo i dati personali<\/h3><p>I dati dell'utente saranno conservati fino al raggiungimento dello scopo per cui sono stati raccolti.<\/p><p>L'utente sar\u00e0 informato se i suoi dati saranno conservati per un periodo pi\u00f9 lungo.<\/p><h3>Come proteggiamo i vostri dati personali<\/h3><p>Per proteggere la vostra sicurezza, utilizziamo la pi\u00f9 potente crittografia disponibile per i browser e memorizziamo tutti i nostri dati su server in strutture sicure. Tutti i dati sono accessibili solo ai nostri dipendenti. I nostri dipendenti sono vincolati da rigorosi accordi di riservatezza e la violazione di tale accordo comporterebbe il licenziamento del dipendente.<\/p><p>Pur adottando tutte le precauzioni ragionevoli per garantire la sicurezza dei dati degli utenti e la loro protezione, rimane sempre il rischio di danni. Internet nel suo complesso pu\u00f2 essere a volte insicuro e pertanto non siamo in grado di garantire la sicurezza dei dati degli utenti oltre a quanto ragionevolmente possibile.<\/p><h3>Diritti dell'utente<\/h3><p>Ai sensi del GDPR, avete i seguenti diritti:<\/p><ol start=\"1\"><li value=\"1\">Diritto di essere informati;<\/li><li value=\"2\">Diritto di accesso;<\/li><li value=\"3\">Diritto di rettifica;<\/li><li value=\"4\">Diritto alla cancellazione;<\/li><li value=\"5\">Diritto di limitare il trattamento;<\/li><li value=\"6\">Diritto alla portabilit\u00e0 dei dati; e<\/li><li value=\"7\">Diritto di opposizione.<\/li><\/ol><div><h3>I bambini<\/h3><p>L'et\u00e0 minima per utilizzare il nostro sito web \u00e8 di 21 anni. Non raccogliamo n\u00e9 utilizziamo consapevolmente dati personali di minori di 16 anni. Se veniamo a sapere di aver raccolto dati personali da un bambino di et\u00e0 inferiore ai 16 anni, i dati personali saranno cancellati il prima possibile. Se un minore di 16 anni ci ha fornito dati personali, il suo genitore o tutore pu\u00f2 contattare il nostro responsabile della protezione dei dati.<\/p><\/div><div><h3>Come rinunciare alla raccolta, all'uso o alla divulgazione dei dati<\/h3><p>Oltre al metodo o ai metodi descritti nel documento <em>Come accedere, modificare, cancellare o contestare i dati raccolti<\/em>\u00a0Per quanto riguarda le forme di raccolta, utilizzo o divulgazione dei vostri dati personali specificate di seguito, vi forniamo i seguenti metodi specifici di opt-out:<\/p><ol start=\"1\"><li value=\"1\">\u00c8 possibile rinunciare all'utilizzo dei propri dati personali per le e-mail di marketing. Potete rinunciare cliccando su \"unsubscribe\" in fondo a qualsiasi e-mail di marketing o aggiornando le vostre preferenze e-mail alla voce \"Il vostro account\".<\/li><\/ol><\/div><div><h3>Informativa sui cookie<\/h3><p>Un cookie \u00e8 un piccolo file memorizzato sul disco rigido dell'utente da un sito web. Il suo scopo \u00e8 quello di raccogliere dati relativi alle abitudini di navigazione dell'utente. \u00c8 possibile scegliere di essere avvisati ogni volta che viene trasmesso un cookie. \u00c8 anche possibile scegliere di disabilitare completamente i cookie nel proprio browser Internet, ma ci\u00f2 potrebbe ridurre la qualit\u00e0 della propria esperienza utente.<\/p><p>Sul nostro sito utilizziamo i seguenti tipi di cookie:<\/p><ol start=\"1\"><li value=\"1\"><u>Cookie funzionali<\/u><br \/>I cookie funzionali sono utilizzati per ricordare le selezioni effettuate dall'utente sul nostro sito, in modo che le selezioni vengano salvate per le visite successive; e<\/li><li value=\"2\"><u>Cookie analitici<\/u><br \/>I cookie analitici ci consentono di migliorare il design e la funzionalit\u00e0 del nostro Sito raccogliendo dati sulle modalit\u00e0 di accesso al nostro Sito, ad esempio dati sui contenuti a cui si accede, sulla durata della permanenza sul Sito, ecc.<\/li><\/ol><\/div><h3>Modifiche<\/h3><p>La presente Informativa sulla privacy pu\u00f2 essere modificata di tanto in tanto per mantenere la conformit\u00e0 alla legge e per riflettere eventuali modifiche al nostro processo di raccolta dei dati. Quando modificheremo la presente Informativa sulla privacy, aggiorneremo la \"Data di entrata in vigore\" all'inizio dell'Informativa sulla privacy. Raccomandiamo ai nostri utenti di rivedere periodicamente la nostra Informativa sulla privacy per assicurarsi di essere informati di eventuali aggiornamenti. Se necessario, possiamo notificare agli utenti via e-mail le modifiche alla presente Informativa sulla privacy.<\/p><h3>Reclami<\/h3><p>In caso di reclami sul modo in cui trattiamo i vostri dati personali, vi invitiamo a contattarci attraverso i metodi di contatto elencati nella sezione \"Informazioni\". <em>Informazioni di contatto<\/em> in modo da poter risolvere, ove possibile, il problema. Se ritenete che non abbiamo affrontato il vostro problema in modo soddisfacente, potete contattare un'autorit\u00e0 di vigilanza. L'utente ha inoltre il diritto di presentare direttamente un reclamo a un'autorit\u00e0 di vigilanza.\u00a0<\/p>\t\t\t\t\t\t\t\t<\/div>\n\t\t\t\t<\/div>\n\t\t\t\t\t<\/div>\n\t\t\t\t<\/div>\n\t\t\t\t<\/div>","protected":false},"excerpt":{"rendered":"<p>www.geekvapor.com Privacy Policy Type of website: EcommerceEffective date: 20th day of December, 2023 www.geekvapor.com (the &#8220;Site&#8221;) is owned and operated by geekvapor. geekvapor is the data controller and can be contacted at: info@GeekVapor.com Purpose The purpose of this privacy policy (this &#8220;Privacy Policy&#8221;) is to inform users of our Site of the following: The personal [&hellip;]<\/p>\n","protected":false},"author":1,"featured_media":0,"parent":0,"menu_order":0,"comment_status":"closed","ping_status":"open","template":"","meta":{"footnotes":""},"class_list":["post-3","page","type-page","status-publish","hentry"],"yoast_head":"<!-- This site is optimized with the Yoast SEO Premium plugin v24.0 (Yoast SEO v26.0) - https:\/\/yoast.com\/wordpress\/plugins\/seo\/ -->\n<title>Privacy Policy | geekvapor<\/title>\n<meta name=\"robots\" content=\"index, follow, max-snippet:-1, max-image-preview:large, max-video-preview:-1\" \/>\n<link rel=\"canonical\" href=\"https:\/\/geekvapor.com\/it\/privacy-policy\/\" \/>\n<meta property=\"og:locale\" content=\"it_IT\" \/>\n<meta property=\"og:type\" content=\"article\" \/>\n<meta property=\"og:title\" content=\"Privacy Policy\" \/>\n<meta property=\"og:description\" content=\"www.geekvapor.com Privacy Policy Type of website: EcommerceEffective date: 20th day of December, 2023 www.geekvapor.com (the &#8220;Site&#8221;) is owned and operated by geekvapor. geekvapor is the data controller and can be contacted at: info@GeekVapor.com Purpose The purpose of this privacy policy (this &#8220;Privacy Policy&#8221;) is to inform users of our Site of the following: The personal [&hellip;]\" \/>\n<meta property=\"og:url\" content=\"https:\/\/geekvapor.com\/it\/privacy-policy\/\" \/>\n<meta property=\"og:site_name\" content=\"geekvapor\" \/>\n<meta property=\"article:modified_time\" content=\"2024-12-20T10:19:47+00:00\" \/>\n<meta name=\"twitter:card\" content=\"summary_large_image\" \/>\n<meta name=\"twitter:label1\" content=\"Tempo di lettura stimato\" \/>\n\t<meta name=\"twitter:data1\" content=\"6 minuti\" \/>\n<script type=\"application\/ld+json\" class=\"yoast-schema-graph\">{\"@context\":\"https:\/\/schema.org\",\"@graph\":[{\"@type\":\"WebPage\",\"@id\":\"https:\/\/geekvapor.com\/privacy-policy\/\",\"url\":\"https:\/\/geekvapor.com\/privacy-policy\/\",\"name\":\"Privacy Policy | geekvapor\",\"isPartOf\":{\"@id\":\"https:\/\/geekvapor.com\/#website\"},\"datePublished\":\"2024-12-13T08:23:57+00:00\",\"dateModified\":\"2024-12-20T10:19:47+00:00\",\"breadcrumb\":{\"@id\":\"https:\/\/geekvapor.com\/privacy-policy\/#breadcrumb\"},\"inLanguage\":\"it-IT\",\"potentialAction\":[{\"@type\":\"ReadAction\",\"target\":[\"https:\/\/geekvapor.com\/privacy-policy\/\"]}]},{\"@type\":\"BreadcrumbList\",\"@id\":\"https:\/\/geekvapor.com\/privacy-policy\/#breadcrumb\",\"itemListElement\":[{\"@type\":\"ListItem\",\"position\":1,\"name\":\"\u9996\u9875\",\"item\":\"https:\/\/geekvapor.com\/\"},{\"@type\":\"ListItem\",\"position\":2,\"name\":\"Privacy Policy\"}]},{\"@type\":\"WebSite\",\"@id\":\"https:\/\/geekvapor.com\/#website\",\"url\":\"https:\/\/geekvapor.com\/\",\"name\":\"geekvapor\",\"description\":\"\",\"potentialAction\":[{\"@type\":\"SearchAction\",\"target\":{\"@type\":\"EntryPoint\",\"urlTemplate\":\"https:\/\/geekvapor.com\/?s={search_term_string}\"},\"query-input\":{\"@type\":\"PropertyValueSpecification\",\"valueRequired\":true,\"valueName\":\"search_term_string\"}}],\"inLanguage\":\"it-IT\"}]}<\/script>\n<!-- \/ Yoast SEO Premium plugin. -->","yoast_head_json":{"title":"Informativa sulla privacy | geekvapor","robots":{"index":"index","follow":"follow","max-snippet":"max-snippet:-1","max-image-preview":"max-image-preview:large","max-video-preview":"max-video-preview:-1"},"canonical":"https:\/\/geekvapor.com\/it\/privacy-policy\/","og_locale":"it_IT","og_type":"article","og_title":"Privacy Policy","og_description":"www.geekvapor.com Privacy Policy Type of website: EcommerceEffective date: 20th day of December, 2023 www.geekvapor.com (the &#8220;Site&#8221;) is owned and operated by geekvapor. geekvapor is the data controller and can be contacted at: info@GeekVapor.com Purpose The purpose of this privacy policy (this &#8220;Privacy Policy&#8221;) is to inform users of our Site of the following: The personal [&hellip;]","og_url":"https:\/\/geekvapor.com\/it\/privacy-policy\/","og_site_name":"geekvapor","article_modified_time":"2024-12-20T10:19:47+00:00","twitter_card":"summary_large_image","twitter_misc":{"Tempo di lettura stimato":"6 minuti"},"schema":{"@context":"https:\/\/schema.org","@graph":[{"@type":"WebPage","@id":"https:\/\/geekvapor.com\/privacy-policy\/","url":"https:\/\/geekvapor.com\/privacy-policy\/","name":"Informativa sulla privacy | geekvapor","isPartOf":{"@id":"https:\/\/geekvapor.com\/#website"},"datePublished":"2024-12-13T08:23:57+00:00","dateModified":"2024-12-20T10:19:47+00:00","breadcrumb":{"@id":"https:\/\/geekvapor.com\/privacy-policy\/#breadcrumb"},"inLanguage":"it-IT","potentialAction":[{"@type":"ReadAction","target":["https:\/\/geekvapor.com\/privacy-policy\/"]}]},{"@type":"BreadcrumbList","@id":"https:\/\/geekvapor.com\/privacy-policy\/#breadcrumb","itemListElement":[{"@type":"ListItem","position":1,"name":"\u9996\u9875","item":"https:\/\/geekvapor.com\/"},{"@type":"ListItem","position":2,"name":"Privacy Policy"}]},{"@type":"WebSite","@id":"https:\/\/geekvapor.com\/#website","url":"https:\/\/geekvapor.com\/","name":"geekvapor","description":"","potentialAction":[{"@type":"SearchAction","target":{"@type":"EntryPoint","urlTemplate":"https:\/\/geekvapor.com\/?s={search_term_string}"},"query-input":{"@type":"PropertyValueSpecification","valueRequired":true,"valueName":"search_term_string"}}],"inLanguage":"it-IT"}]}},"_links":{"self":[{"href":"http:\/\/geekvapor.com\/it\/wp-json\/wp\/v2\/pages\/3","targetHints":{"allow":["GET"]}}],"collection":[{"href":"http:\/\/geekvapor.com\/it\/wp-json\/wp\/v2\/pages"}],"about":[{"href":"http:\/\/geekvapor.com\/it\/wp-json\/wp\/v2\/types\/page"}],"author":[{"embeddable":true,"href":"http:\/\/geekvapor.com\/it\/wp-json\/wp\/v2\/users\/1"}],"replies":[{"embeddable":true,"href":"http:\/\/geekvapor.com\/it\/wp-json\/wp\/v2\/comments?post=3"}],"version-history":[{"count":0,"href":"http:\/\/geekvapor.com\/it\/wp-json\/wp\/v2\/pages\/3\/revisions"}],"wp:attachment":[{"href":"http:\/\/geekvapor.com\/it\/wp-json\/wp\/v2\/media?parent=3"}],"curies":[{"name":"wp","href":"https:\/\/api.w.org\/{rel}","templated":true}]}}